{"id":12181,"date":"2020-09-17T12:22:44","date_gmt":"2020-09-17T10:22:44","guid":{"rendered":"https:\/\/www.clean-air.cz\/uber-cleanair\/normen\/"},"modified":"2020-09-17T13:51:14","modified_gmt":"2020-09-17T11:51:14","slug":"normen","status":"publish","type":"page","link":"https:\/\/www.clean-air.cz\/de\/uber-cleanair\/normen\/","title":{"rendered":"Normen"},"content":{"rendered":"<p>[vc_row][vc_column][vc_column_text]<strong>EN 12941\/A2<\/strong>\u00a0Diese europ\u00e4ische Norm enth\u00e4lt die Mindestanforderungen f\u00fcr Gebl\u00e4sefilterger\u00e4te als Atemschutz, die eine Vollmaske, Halbmaske oder Viertelmaske zusammen mit (einem) Gas-, Partikel- oder Kombinationsfilter(n) enthalten. Sie gilt nicht f\u00fcr die Verwendung in sauerstoffarmen Umgebungen (Sauerstoff unter 17 % des Volumens). Au\u00dferdem gilt sie nicht f\u00fcr Atemschutzger\u00e4te, die f\u00fcr Fluchtzwecke bestimmt sind.<\/p>\n<p><img loading=\"lazy\" decoding=\"async\" class=\"alignnone wp-image-1144\" src=\"https:\/\/www.clean-air.cz\/wp-content\/uploads\/2018\/08\/tabulka6.jpg\" alt=\"\" width=\"600\" height=\"90\" srcset=\"https:\/\/www.clean-air.cz\/wp-content\/uploads\/2018\/08\/tabulka6.jpg 2495w, https:\/\/www.clean-air.cz\/wp-content\/uploads\/2018\/08\/tabulka6-300x45.jpg 300w, https:\/\/www.clean-air.cz\/wp-content\/uploads\/2018\/08\/tabulka6-768x115.jpg 768w, https:\/\/www.clean-air.cz\/wp-content\/uploads\/2018\/08\/tabulka6-1024x154.jpg 1024w, https:\/\/www.clean-air.cz\/wp-content\/uploads\/2018\/08\/tabulka6-800x120.jpg 800w\" sizes=\"(max-width: 600px) 100vw, 600px\" \/><\/p>\n<p><strong>E<\/strong><strong>N 12942\/A2<\/strong>\u00a0Diese europ\u00e4ische Norm enth\u00e4lt die Mindestanforderungen f\u00fcr Filterger\u00e4te als Atemschutz mit Gebl\u00e4se, die eine Vollmaske, Halbmaske oder Viertelmaske zusammen mit (einem) Gas-, Partikel- oder Kombinationsfilter(n) enthalten. Sie gilt nicht f\u00fcr die Verwendung in sauerstoffarmen Umgebungen (Sauerstoff unter 17 % des Volumens). Au\u00dferdem gilt sie nicht f\u00fcr Atemschutzger\u00e4te, die f\u00fcr Fluchtzwecke bestimmt sind. Der Benutzerschutz muss auch bei ausgeschalteter PAPR gew\u00e4hrleistet sein.<\/p>\n<p><strong><img loading=\"lazy\" decoding=\"async\" class=\"alignnone wp-image-1142\" src=\"https:\/\/www.clean-air.cz\/wp-content\/uploads\/2018\/08\/tabulka5.jpg\" alt=\"\" width=\"600\" height=\"98\" srcset=\"https:\/\/www.clean-air.cz\/wp-content\/uploads\/2018\/08\/tabulka5.jpg 2495w, https:\/\/www.clean-air.cz\/wp-content\/uploads\/2018\/08\/tabulka5-300x49.jpg 300w, https:\/\/www.clean-air.cz\/wp-content\/uploads\/2018\/08\/tabulka5-768x126.jpg 768w, https:\/\/www.clean-air.cz\/wp-content\/uploads\/2018\/08\/tabulka5-1024x168.jpg 1024w, https:\/\/www.clean-air.cz\/wp-content\/uploads\/2018\/08\/tabulka5-800x131.jpg 800w\" sizes=\"(max-width: 600px) 100vw, 600px\" \/><\/strong><\/p>\n<p><strong>EN 14594:2005<\/strong>\u00a0Diese europ\u00e4ische Norm legt die Mindestanforderungen f\u00fcr Atemschutz-Druckluft-Schlauchger\u00e4te mit kontinuierlichem Luftstrom und einer Haube oder Maske fest.<\/p>\n<p><strong><img loading=\"lazy\" decoding=\"async\" class=\"alignnone wp-image-2535\" src=\"https:\/\/www.clean-air.cz\/wp-content\/uploads\/2018\/09\/tabulka4-768x245-edit-1.jpg\" alt=\"\" width=\"600\" height=\"191\" srcset=\"https:\/\/www.clean-air.cz\/wp-content\/uploads\/2018\/09\/tabulka4-768x245-edit-1.jpg 768w, https:\/\/www.clean-air.cz\/wp-content\/uploads\/2018\/09\/tabulka4-768x245-edit-1-300x96.jpg 300w\" sizes=\"(max-width: 600px) 100vw, 600px\" \/><\/strong><\/p>\n<p><strong>Workplace Exposure Limits (WELs<\/strong>) \u2013 Die Konzentrationsgrenzwerte am Arbeitsplatz (WELs) sind berufsspezifische Durchschnittswerte (Konzentrationen) eines Schadstoffs in der Luft in einem Referenzzeitraum ohne erhebliche negative Auswirkungen auf die Gesundheit der Arbeiter, die dem Stoff ausgesetzt sind. Die Grenzwerte k\u00f6nnen f\u00fcr zwei Referenzzeitr\u00e4ume festgelegt werden: <strong><br \/>\nZeitlich gewichteter Durchschnitt (TWA) \u2013 8 Stunden (langfristig)<\/strong><br \/>\nDie TWA-Grenzwerte werden festgelegt, um Auswirkungen langfristiger oder kumulativer Expositionen auf die Gesundheit zu vermeiden. <strong><br \/>\nSTEL-Grenzwerte \u2013 15 Minuten (kurzfristig)<\/strong><br \/>\nDie STEL-Grenzwerte (Kurzzeitgrenzwerte) dienen dazu, Auswirkungen auf die Gesundheit durch\u00a0kurzzeitige Expositionen (z. B. Augenreizungen, die nach wenigen Minuten auftreten) zu vermeiden.<\/p>\n<p><strong>Nennschutzfaktor <\/strong>\u2013 Der Nennschutzfaktor ist ein Richtwert f\u00fcr die Atemschutzausr\u00fcstung, der anhand von Messdaten im Labor berechnet wurde. Er gibt das mathematisch berechnete Maximum der Schutzleistung an. Zur Berechnung wird 100 durch den Gesamtwert der maximalen, nach innen gerichteten Leckage geteilt, wie in der relevanten Norm angegeben.<\/p>\n<p>[\/vc_column_text][\/vc_column][\/vc_row]<\/p>\n","protected":false},"excerpt":{"rendered":"<p>[vc_row][vc_column][vc_column_text]EN 12941\/A2\u00a0Diese europ\u00e4ische Norm enth\u00e4lt die Mindestanforderungen f\u00fcr Gebl\u00e4sefilterger\u00e4te als Atemschutz, die eine Vollmaske, Halbmaske oder Viertelmaske zusammen mit (einem) Gas-, Partikel- oder Kombinationsfilter(n) enthalten. Sie gilt nicht f\u00fcr die Verwendung in sauerstoffarmen Umgebungen (Sauerstoff unter 17 % des Volumens). Au\u00dferdem gilt sie nicht f\u00fcr Atemschutzger\u00e4te, die f\u00fcr Fluchtzwecke bestimmt sind. EN 12942\/A2\u00a0Diese europ\u00e4ische Norm enth\u00e4lt die Mindestanforderungen f\u00fcr Filterger\u00e4te als Atemschutz mit Gebl\u00e4se, die eine Vollmaske, Halbmaske oder Viertelmaske<\/p>\n<p><a class=\"more-link\" href=\"https:\/\/www.clean-air.cz\/de\/uber-cleanair\/normen\/\">Weiterlesen<\/a><\/p>\n","protected":false},"author":11,"featured_media":0,"parent":6129,"menu_order":0,"comment_status":"closed","ping_status":"closed","template":"","meta":{"footnotes":""},"_links":{"self":[{"href":"https:\/\/www.clean-air.cz\/de\/wp-json\/wp\/v2\/pages\/12181"}],"collection":[{"href":"https:\/\/www.clean-air.cz\/de\/wp-json\/wp\/v2\/pages"}],"about":[{"href":"https:\/\/www.clean-air.cz\/de\/wp-json\/wp\/v2\/types\/page"}],"author":[{"embeddable":true,"href":"https:\/\/www.clean-air.cz\/de\/wp-json\/wp\/v2\/users\/11"}],"replies":[{"embeddable":true,"href":"https:\/\/www.clean-air.cz\/de\/wp-json\/wp\/v2\/comments?post=12181"}],"version-history":[{"count":0,"href":"https:\/\/www.clean-air.cz\/de\/wp-json\/wp\/v2\/pages\/12181\/revisions"}],"up":[{"embeddable":true,"href":"https:\/\/www.clean-air.cz\/de\/wp-json\/wp\/v2\/pages\/6129"}],"wp:attachment":[{"href":"https:\/\/www.clean-air.cz\/de\/wp-json\/wp\/v2\/media?parent=12181"}],"curies":[{"name":"wp","href":"https:\/\/api.w.org\/{rel}","templated":true}]}}