{"id":12179,"date":"2020-09-17T12:22:43","date_gmt":"2020-09-17T10:22:43","guid":{"rendered":"https:\/\/www.clean-air.cz\/uber-cleanair\/garantiebedingungen\/"},"modified":"2020-09-17T13:45:57","modified_gmt":"2020-09-17T11:45:57","slug":"garantiebedingungen","status":"publish","type":"page","link":"https:\/\/www.clean-air.cz\/de\/uber-cleanair\/garantiebedingungen\/","title":{"rendered":"Garantiebedingungen"},"content":{"rendered":"<p>[vc_row][vc_column][vc_column_text]<!-- wpml:html_fragment <\/p>\n\n --><\/p>\n<h2><strong>Garantieerkl\u00e4rung von MALINA \u2013 Safety<\/strong><\/h2>\n<p>MALINA \u2013 Safety garantiert, dass die Produkte bei normalem Gebrauch und Service f\u00fcr die nachstehend angegebene Garantiezeit frei von Material- und Verarbeitungsm\u00e4ngeln sind.<\/p>\n<p>Die Garantie gilt nicht f\u00fcr normalen Verschlei\u00df oder Sch\u00e4den, die sich aus unsachgem\u00e4\u00dfer Verwendung, Missbrauch, Fahrl\u00e4ssigkeit oder Unf\u00e4llen, Naturkatastrophen oder aus unbefugter Demontage, Reparatur oder \u00c4nderung ergeben.<\/p>\n<p>MALINA \u2013 Safety haftet nicht f\u00fcr indirekte Sch\u00e4den wie entgangener Gewinn, Produktionsausfall usw.<\/p>\n<p>Die Produkte sind gem\u00e4\u00df den entsprechenden Anweisungen des Herstellers zu verwenden. Die Gew\u00e4hrleistung kann nur unter der Bedingung geltend gemacht werden, dass die Bedienungsanleitung f\u00fcr das Produkt befolgt und das Produkt ordnungsgem\u00e4\u00df gewartet wurde.<\/p>\n<h2><strong>Garantiedauer<\/strong><\/h2>\n<p>ALLE Produkte von MALINA \u2013 Safety (au\u00dfer Batterien) sind f\u00fcr einen Zeitraum von zw\u00f6lf (12) Monaten ab Datum des Versands aus dem Lager von MALINA \u2013 Safety bis zur R\u00fccksendung an MALINA \u2013 Safety von der Garantie abgedeckt.<\/p>\n<p>F\u00fcr die Batterien gilt eine Garantiedauer von sechs (6) Monaten ab Datum des Versands aus dem Lager von MALINA \u2013 Safety bis zur R\u00fccksendung an MALINA \u2013 Safety.<\/p>\n<h2><strong>Garantieanspruch<\/strong><\/h2>\n<p>Um den Anspruch geltend zu machen, ist das Produkt mit R\u00fccksendeschein, einschlie\u00dflich M\u00e4ngelbeschreibung, an den Hersteller zu senden.<\/p>\n<h3><strong>Verfahren und Anforderungen<\/strong><\/h3>\n<p>Der R\u00fccksendeschein ist nach der M\u00e4ngelfeststellung ohne Zeitverzug auszuf\u00fcllen. Das Datum des Eingangs der mangelhaften Produkte bei MALINA \u2013 Safety wird zum Zweck der Garantiedauer als R\u00fcckgabedatum registriert.<\/p>\n<p>Der Garantieanspruch wird nach Ankunft des mangelhaften Produkts bei MALINA \u2013 Safety \u00fcberpr\u00fcft.<\/p>\n<p>Zur Vermeidung von Transportsch\u00e4den auf dem Weg zum Werk muss das Produkt ordnungsgem\u00e4\u00df verpackt werden, und die Fracht ist vom Kunden im Voraus zu bezahlen.<\/p>\n<p>Die Verpacken MUSS den vollst\u00e4ndigen R\u00fccksendeschein mit einer detaillierten Beschreibung des Mangels enthalten.<\/p>\n<p>MALINA \u2013 Safety repariert oder ersetzt nach eigenem Ermessen mangelhafte Garantieprodukte innerhalb von 30 Tagen nach Eingang des Produkts in unserem Werk in Jablonec.<\/p>\n<p>Ist der R\u00fccksendeschein nicht beigef\u00fcgt, gilt der Anspruch nicht als offiziell und kann an den Kunden zur\u00fcckgegeben werden.<\/p>\n<p>&nbsp;<\/p>\n<p><a href=\"https:\/\/www.clean-air.cz\/wp-content\/uploads\/2020\/06\/return_note.pdf\" target=\"_blank\" rel=\"noopener noreferrer\"><strong>PDF herunterladen<\/strong><\/a><\/p>\n<p>[\/vc_column_text][\/vc_column][\/vc_row]<\/p>\n","protected":false},"excerpt":{"rendered":"<p>[vc_row][vc_column][vc_column_text] Garantieerkl\u00e4rung von MALINA \u2013 Safety MALINA \u2013 Safety garantiert, dass die Produkte bei normalem Gebrauch und Service f\u00fcr die nachstehend angegebene Garantiezeit frei von Material- und Verarbeitungsm\u00e4ngeln sind. Die Garantie gilt nicht f\u00fcr normalen Verschlei\u00df oder Sch\u00e4den, die sich aus unsachgem\u00e4\u00dfer Verwendung, Missbrauch, Fahrl\u00e4ssigkeit oder Unf\u00e4llen, Naturkatastrophen oder aus unbefugter Demontage, Reparatur oder \u00c4nderung ergeben. MALINA \u2013 Safety haftet nicht f\u00fcr indirekte Sch\u00e4den wie entgangener Gewinn, Produktionsausfall usw. Die<\/p>\n<p><a class=\"more-link\" href=\"https:\/\/www.clean-air.cz\/de\/uber-cleanair\/garantiebedingungen\/\">Weiterlesen<\/a><\/p>\n","protected":false},"author":11,"featured_media":0,"parent":6129,"menu_order":0,"comment_status":"closed","ping_status":"closed","template":"","meta":{"footnotes":""},"_links":{"self":[{"href":"https:\/\/www.clean-air.cz\/de\/wp-json\/wp\/v2\/pages\/12179"}],"collection":[{"href":"https:\/\/www.clean-air.cz\/de\/wp-json\/wp\/v2\/pages"}],"about":[{"href":"https:\/\/www.clean-air.cz\/de\/wp-json\/wp\/v2\/types\/page"}],"author":[{"embeddable":true,"href":"https:\/\/www.clean-air.cz\/de\/wp-json\/wp\/v2\/users\/11"}],"replies":[{"embeddable":true,"href":"https:\/\/www.clean-air.cz\/de\/wp-json\/wp\/v2\/comments?post=12179"}],"version-history":[{"count":0,"href":"https:\/\/www.clean-air.cz\/de\/wp-json\/wp\/v2\/pages\/12179\/revisions"}],"up":[{"embeddable":true,"href":"https:\/\/www.clean-air.cz\/de\/wp-json\/wp\/v2\/pages\/6129"}],"wp:attachment":[{"href":"https:\/\/www.clean-air.cz\/de\/wp-json\/wp\/v2\/media?parent=12179"}],"curies":[{"name":"wp","href":"https:\/\/api.w.org\/{rel}","templated":true}]}}