{"id":12175,"date":"2020-09-17T12:22:40","date_gmt":"2020-09-17T10:22:40","guid":{"rendered":"https:\/\/www.clean-air.cz\/uber-cleanair\/sicherheit-beim-schweisen\/"},"modified":"2020-09-17T13:34:41","modified_gmt":"2020-09-17T11:34:41","slug":"sicherheit-beim-schweisen","status":"publish","type":"page","link":"https:\/\/www.clean-air.cz\/de\/uber-cleanair\/sicherheit-beim-schweisen\/","title":{"rendered":"Sicherheit beim Schwei\u00dfen"},"content":{"rendered":"<p>[vc_row][vc_column][vc_column_text]Das Schwei\u00dfen ist heute in der Industrie die gebr\u00e4uchlichste Methode zum Verbinden von Metallen. Beim Schwei\u00dfen werden die Teile \u00e4hnlicher Metalle verschmolzen. Nach dem Schwei\u00dfen ist die geschwei\u00dfte Verbindung so stark wie oder st\u00e4rker als die St\u00fccke, aus denen die Verbindung geformt wurde. Geschwei\u00dft wird in einem Temperaturbereich von 800 bis 1\u00a0635\u00a0\u00b0C. Das Schwei\u00dfen birgt eine Reihe von Gefahren wie Schl\u00e4ge, Eindringen, sch\u00e4dlicher Staub, Rauch, D\u00e4mpfe, intensive W\u00e4rme- und Lichtstrahlung. Die richtige pers\u00f6nliche Schutzausr\u00fcstung kann Sie vor diesen Gefahren sch\u00fctzen!<\/p>\n<h2><strong>Gefahren f\u00fcr die Gesundheit beim Schwei\u00dfen \u2013 chemische Mittel<\/strong><\/h2>\n<p>Schwei\u00dfrauch und Gase stammen im Allgemeinen vom Grundmaterial oder Schwei\u00dfmetall, von Lacken und Beschichtungen auf dem Metall und der Elektrode, von Schutzgasen und von chemischen Reaktionen, die durch das UV-Licht und die W\u00e4rme des Lichtbogens ausgel\u00f6st werden. Sie werden durch den Prozess und das Verbrauchsmaterial sowie Verunreinigungen in der Luft wie z. B. D\u00e4mpfe von Reinigern und Entfettern verursacht.<\/p>\n<p>Die Exposition von Schwei\u00dfrauch am Arbeitsplatz ist ein ernstes Berufsrisiko und kann viele gesundheitliche Probleme verursachen (siehe weitere Informationen im Kapitel \u201eGefahren f\u00fcr die Gesundheit\u201c). Die gr\u00f6\u00dften Risikofaktoren sind unter anderem Ozon, Chrom, insbesondere im\u00a0sechswertigen Zustand (Cr 6+), Nickel (potenzielle Karzinogene), Cadmium und Blei. Cadmium im Schwei\u00dfrauch kann sogar in kurzer Zeit zum Tode f\u00fchren. Die beim Schwei\u00dfen freigegebene ultraviolette Strahlung reagiert mit Sauerstoff und Stickstoff in der Luft, wodurch Ozon und Stickstoffoxide gebildet werden, die in hohen Dosen t\u00f6dlich sind, zu Reizungen in Nase und Rachen f\u00fchren und schwere Lungenkrankheiten verursachen.<\/p>\n<p>Ultraviolette Strahlung kann mit chlorierten Kohlenwasserstoffl\u00f6sungsmitteln wie Trichlorethylen, 1,1,1,-Trichlorethan, Methylenchlorid und Perchlorethylen zu Phosgengas reagieren, ein Stoff, der bereits in kleinen Mengen t\u00f6dlich ist. Die Symptome einer Vergiftung wie Schwindel, Sch\u00fcttelfrost und Husten treten gew\u00f6hnlich f\u00fcnf bis sechs Stunden nach der Exposition auf. Ein einziges Schwei\u00dfger\u00e4t produziert 20 bis 40 g Rauch pro Stunde. Das entspricht 35 bis 70 kg Schwei\u00dfrauch pro Jahr. (Der Arbeitsplatzgrenzwert f\u00fcr allgemeinen Schwei\u00dfrauch betr\u00e4gt 5 mg\/m3).<\/p>\n<h2><b>Gefahren f\u00fcr die Gesundheit beim Schwei\u00dfen \u2013 physikalische Mittel<\/b><\/h2>\n<p>Der Lichtbogen und das Laserschwei\u00dfen emittieren ultraviolettes Licht (UV), sichtbares Licht und Infrarotlicht (IR). Beim Gasschwei\u00dfen und Gasschneiden wird sichtbares Licht und IR-Strahlung emittiert. Die potenziellen Auswirkungen auf den K\u00f6rper sind abh\u00e4ngig von der Art und Intensit\u00e4t der Strahlung, vom Abstand zur Quelle und von der Dauer der Exposition.<\/p>\n<h3><b>Ultraviolette Strahlung<\/b><\/h3>\n<p>W\u00e4hrend des Schwei\u00dfprozesses erzeugt der Lichtbogen ultraviolette Strahlung (UV). Die Folge einer UV-Exposition der Haut sind schwere Verbrennungen, zu denen es in vielen F\u00e4llen v\u00f6llig ohne Vorwarnung kommt. UV-Strahlung kann auch die Augenlinsen sch\u00e4digen. Viele Lichtbogenschwei\u00dfer kennen die \u201eLichtbogenaugen\u201c, eine Reizung, die sich wie Sand in den Augen anf\u00fchlt.<\/p>\n<h3><strong>Infrarotstrahlung<\/strong><\/h3>\n<p>Bei einer UV-Exposition des K\u00f6rpers durch Lichtbogen oder Brennschneidger\u00e4te k\u00f6nnen sich die Hautoberfl\u00e4che und das direkt darunter liegende Gewebe erw\u00e4rmen. Abgesehen von diesem Effekt, der fortschreiten und zu W\u00e4rmeverbrennungen f\u00fchren\u00a0kann\u00a0, ist Infrarotstrahlung f\u00fcr den Schwei\u00dfer ungef\u00e4hrlich. Die meisten Schwei\u00dfer tragen einen Schwei\u00dferhelm (oder eine Schwei\u00dferbrille) und Schutzkleidung, um sich vor Infrarotstrahlung (und UV-Strahlung) zu sch\u00fctzen.<\/p>\n<h3><strong>Intensives sichtbares Licht<\/strong><\/h3>\n<p>Wird das menschliche Auge intensivem Licht ausgesetzt, kann sich das Auge adaptieren, der Pupillenreflex wird beeintr\u00e4chtigt und die Sicht wird durch Schatten verengt. Diese Reaktionen des Auges sch\u00fctzen die Retina vor \u00fcberm\u00e4\u00dfiger Lichtfokussierung. Beim Lichtbogenschwei\u00dfen wird die Lichtexposition meistens durch einen Schwei\u00dferhelm verhindert. Es kann jedoch auch zu anhaltender Netzhautsch\u00e4digung kommen, wenn der Schwei\u00dfer aufgrund einer Nachl\u00e4ssigkeit in den Lichtbogen sieht. Nie ohne Augenschutz in den Lichtbogen sehen.<\/p>\n<p><img loading=\"lazy\" decoding=\"async\" class=\"alignnone size-full wp-image-1138\" src=\"https:\/\/www.clean-air.cz\/wp-content\/uploads\/2018\/08\/tabulka3.jpg\" alt=\"\" width=\"1994\" height=\"469\" srcset=\"https:\/\/www.clean-air.cz\/wp-content\/uploads\/2018\/08\/tabulka3.jpg 1994w, https:\/\/www.clean-air.cz\/wp-content\/uploads\/2018\/08\/tabulka3-300x71.jpg 300w, https:\/\/www.clean-air.cz\/wp-content\/uploads\/2018\/08\/tabulka3-768x181.jpg 768w, https:\/\/www.clean-air.cz\/wp-content\/uploads\/2018\/08\/tabulka3-1024x241.jpg 1024w, https:\/\/www.clean-air.cz\/wp-content\/uploads\/2018\/08\/tabulka3-800x188.jpg 800w\" sizes=\"(max-width: 1994px) 100vw, 1994px\" \/>[\/vc_column_text][\/vc_column][\/vc_row]<\/p>\n","protected":false},"excerpt":{"rendered":"<p>[vc_row][vc_column][vc_column_text]Das Schwei\u00dfen ist heute in der Industrie die gebr\u00e4uchlichste Methode zum Verbinden von Metallen. Beim Schwei\u00dfen werden die Teile \u00e4hnlicher Metalle verschmolzen. Nach dem Schwei\u00dfen ist die geschwei\u00dfte Verbindung so stark wie oder st\u00e4rker als die St\u00fccke, aus denen die Verbindung geformt wurde. Geschwei\u00dft wird in einem Temperaturbereich von 800 bis 1\u00a0635\u00a0\u00b0C. Das Schwei\u00dfen birgt eine Reihe von Gefahren wie Schl\u00e4ge, Eindringen, sch\u00e4dlicher Staub, Rauch, D\u00e4mpfe, intensive W\u00e4rme- und Lichtstrahlung.<\/p>\n<p><a class=\"more-link\" href=\"https:\/\/www.clean-air.cz\/de\/uber-cleanair\/sicherheit-beim-schweisen\/\">Weiterlesen<\/a><\/p>\n","protected":false},"author":11,"featured_media":0,"parent":6129,"menu_order":0,"comment_status":"closed","ping_status":"closed","template":"","meta":{"footnotes":""},"_links":{"self":[{"href":"https:\/\/www.clean-air.cz\/de\/wp-json\/wp\/v2\/pages\/12175"}],"collection":[{"href":"https:\/\/www.clean-air.cz\/de\/wp-json\/wp\/v2\/pages"}],"about":[{"href":"https:\/\/www.clean-air.cz\/de\/wp-json\/wp\/v2\/types\/page"}],"author":[{"embeddable":true,"href":"https:\/\/www.clean-air.cz\/de\/wp-json\/wp\/v2\/users\/11"}],"replies":[{"embeddable":true,"href":"https:\/\/www.clean-air.cz\/de\/wp-json\/wp\/v2\/comments?post=12175"}],"version-history":[{"count":0,"href":"https:\/\/www.clean-air.cz\/de\/wp-json\/wp\/v2\/pages\/12175\/revisions"}],"up":[{"embeddable":true,"href":"https:\/\/www.clean-air.cz\/de\/wp-json\/wp\/v2\/pages\/6129"}],"wp:attachment":[{"href":"https:\/\/www.clean-air.cz\/de\/wp-json\/wp\/v2\/media?parent=12175"}],"curies":[{"name":"wp","href":"https:\/\/api.w.org\/{rel}","templated":true}]}}