{"id":9941,"date":"2020-06-15T13:54:23","date_gmt":"2020-06-15T11:54:23","guid":{"rendered":"https:\/\/www.clean-air.cz\/?page_id=9941"},"modified":"2020-06-16T12:18:07","modified_gmt":"2020-06-16T10:18:07","slug":"ready-2-weld-set-rangemax-basic","status":"publish","type":"page","link":"https:\/\/www.clean-air.cz\/cs\/sety\/ready-2-weld-set-rangemax-basic\/","title":{"rendered":"Ready 2 Weld set AerTEC\u2122 RangeMax + Basic"},"content":{"rendered":"<p>[vc_row][vc_column width=&#8220;1\/2&#8243;][vc_gallery interval=&#8220;0&#8243; images=&#8220;9946&#8243; img_size=&#8220;large&#8220;][\/vc_column][vc_column width=&#8220;1\/2&#8243;][vc_column_text]<strong><span style=\"font-size: 14pt; color: #be0300;\">Roz\u0161i\u0159te svou perspektivu<\/span><\/strong><\/p>\n<p>Inovativn\u00ed a ergonomick\u00e1 sv\u00e1\u0159e\u010dsk\u00e1 kukla, kter\u00e1 roz\u0161i\u0159uje zorn\u00e9 pole sv\u00e1\u0159e\u010de bez kompromis\u016f v pohodl\u00ed. Unik\u00e1tn\u00ed v\u00fd\u0159ez nad nosem umis\u0165uje samostm\u00edvac\u00ed kazetu bl\u00ed\u017ee k o\u010d\u00edm.[\/vc_column_text][\/vc_column][\/vc_row][vc_row][vc_column css=&#8220;.vc_custom_1591949389570{margin-top: -100px !important;}&#8220;][vc_column_text]<span style=\"font-size: 18pt;\">Obsah balen\u00ed<\/span>[\/vc_column_text][\/vc_column][\/vc_row][vc_row][vc_column width=&#8220;1\/3&#8243;][vc_column_text]<strong><span style=\"font-size: 14pt; color: #be0300;\">AerTEC\u2122 RangeMAX Air\u00a0<\/span><\/strong><\/p>\n<p>Sv\u00e1\u0159e\u010dsk\u00e1 kukla v\u010detn\u011b samostm\u00edvac\u00ed kazety a rozvodu vzduchu.<\/p>\n<p><img loading=\"lazy\" decoding=\"async\" class=\"size-medium wp-image-7840 aligncenter\" src=\"https:\/\/www.clean-air.cz\/wp-content\/uploads\/2019\/11\/RangeMAX-iso-copy-219x300.jpg\" alt=\"\" width=\"219\" height=\"300\" \/>[\/vc_column_text][vc_btn title=&#8220;Zobrazit produkt&#8220; shape=&#8220;square&#8220; color=&#8220;danger&#8220; align=&#8220;left&#8220; link=&#8220;url:https%3A%2F%2Fwww.clean-air.cz%2Fcs%2Fhlavove-dily%2Fsvareci-kukly%2Faertec-rangemax%2F|title:Zobrazit|&#8220;][\/vc_column][vc_column width=&#8220;1\/3&#8243;][vc_column_text]<strong><span style=\"font-size: 14pt; color: #be0300;\">CleanAIR<sup>\u00ae<\/sup> Basic\u00a0<\/span><\/strong><\/p>\n<p>Filtra\u010dn\u011b-ventila\u010dn\u00ed jednotka s \u010d\u00e1sticov\u00fdm filtrem a Li-ion akumul\u00e1torem.<\/p>\n<p><img loading=\"lazy\" decoding=\"async\" class=\"size-medium wp-image-358 aligncenter\" src=\"https:\/\/www.clean-air.cz\/wp-content\/uploads\/2018\/06\/EVO_shadow-iso-copy-300x300.jpg\" alt=\"\" width=\"300\" height=\"300\" srcset=\"https:\/\/www.clean-air.cz\/wp-content\/uploads\/2018\/06\/EVO_shadow-iso-copy-300x300.jpg 300w, https:\/\/www.clean-air.cz\/wp-content\/uploads\/2018\/06\/EVO_shadow-iso-copy-150x150.jpg 150w, https:\/\/www.clean-air.cz\/wp-content\/uploads\/2018\/06\/EVO_shadow-iso-copy-768x768.jpg 768w, https:\/\/www.clean-air.cz\/wp-content\/uploads\/2018\/06\/EVO_shadow-iso-copy.jpg 800w, https:\/\/www.clean-air.cz\/wp-content\/uploads\/2018\/06\/EVO_shadow-iso-copy-250x250.jpg 250w\" sizes=\"(max-width: 300px) 100vw, 300px\" \/>[\/vc_column_text][vc_btn title=&#8220;Zobrazit produkt&#8220; shape=&#8220;square&#8220; color=&#8220;danger&#8220; align=&#8220;left&#8220; link=&#8220;url:https%3A%2F%2Fwww.clean-air.cz%2Fcs%2Fsystem-osobni-ochrany-dychacich-cest%2Fcleanair-basic%2F|title:Zobrazit|&#8220;][\/vc_column][vc_column width=&#8220;1\/3&#8243;][vc_column_text]<strong><span style=\"font-size: 14pt; color: #be0300;\">P\u0159\u00edslu\u0161enstv\u00ed<\/span><\/strong><\/p>\n<p>Hadice QuickLOCK\u2122, p\u0159epravn\u00ed ta\u0161ka, nab\u00edje\u010dka, komfortn\u00ed opasek, rukavice.<\/p>\n<p><img loading=\"lazy\" decoding=\"async\" class=\"size-medium wp-image-9913 aligncenter\" src=\"https:\/\/www.clean-air.cz\/wp-content\/uploads\/2020\/06\/CleanAIR_duffel_bag_and_gloves-1-300x300.jpg\" alt=\"\" width=\"300\" height=\"300\" srcset=\"https:\/\/www.clean-air.cz\/wp-content\/uploads\/2020\/06\/CleanAIR_duffel_bag_and_gloves-1-300x300.jpg 300w, https:\/\/www.clean-air.cz\/wp-content\/uploads\/2020\/06\/CleanAIR_duffel_bag_and_gloves-1-150x150.jpg 150w, https:\/\/www.clean-air.cz\/wp-content\/uploads\/2020\/06\/CleanAIR_duffel_bag_and_gloves-1-768x768.jpg 768w, https:\/\/www.clean-air.cz\/wp-content\/uploads\/2020\/06\/CleanAIR_duffel_bag_and_gloves-1-250x250.jpg 250w, https:\/\/www.clean-air.cz\/wp-content\/uploads\/2020\/06\/CleanAIR_duffel_bag_and_gloves-1.jpg 800w\" sizes=\"(max-width: 300px) 100vw, 300px\" \/>[\/vc_column_text][\/vc_column][\/vc_row]<\/p>\n","protected":false},"excerpt":{"rendered":"<p>[vc_row][vc_column width=&#8220;1\/2&#8243;][vc_gallery interval=&#8220;0&#8243; images=&#8220;9946&#8243; img_size=&#8220;large&#8220;][\/vc_column][vc_column width=&#8220;1\/2&#8243;][vc_column_text]Roz\u0161i\u0159te svou perspektivu Inovativn\u00ed a ergonomick\u00e1 sv\u00e1\u0159e\u010dsk\u00e1 kukla, kter\u00e1 roz\u0161i\u0159uje zorn\u00e9 pole sv\u00e1\u0159e\u010de bez kompromis\u016f v pohodl\u00ed. Unik\u00e1tn\u00ed v\u00fd\u0159ez nad nosem umis\u0165uje samostm\u00edvac\u00ed kazetu bl\u00ed\u017ee k o\u010d\u00edm.[\/vc_column_text][\/vc_column][\/vc_row][vc_row][vc_column css=&#8220;.vc_custom_1591949389570{margin-top: -100px !important;}&#8220;][vc_column_text]Obsah balen\u00ed[\/vc_column_text][\/vc_column][\/vc_row][vc_row][vc_column width=&#8220;1\/3&#8243;][vc_column_text]AerTEC\u2122 RangeMAX Air\u00a0 Sv\u00e1\u0159e\u010dsk\u00e1 kukla v\u010detn\u011b samostm\u00edvac\u00ed kazety a rozvodu vzduchu. [\/vc_column_text][vc_btn title=&#8220;Zobrazit produkt&#8220; shape=&#8220;square&#8220; color=&#8220;danger&#8220; align=&#8220;left&#8220; link=&#8220;url:https%3A%2F%2Fwww.clean-air.cz%2Fcs%2Fhlavove-dily%2Fsvareci-kukly%2Faertec-rangemax%2F|title:Zobrazit|&#8220;][\/vc_column][vc_column width=&#8220;1\/3&#8243;][vc_column_text]CleanAIR\u00ae Basic\u00a0 Filtra\u010dn\u011b-ventila\u010dn\u00ed jednotka s \u010d\u00e1sticov\u00fdm filtrem a Li-ion akumul\u00e1torem. [\/vc_column_text][vc_btn title=&#8220;Zobrazit produkt&#8220; shape=&#8220;square&#8220; color=&#8220;danger&#8220; align=&#8220;left&#8220;<\/p>\n<p><a class=\"more-link\" href=\"https:\/\/www.clean-air.cz\/cs\/sety\/ready-2-weld-set-rangemax-basic\/\">Read More<\/a><\/p>\n","protected":false},"author":11,"featured_media":0,"parent":10122,"menu_order":0,"comment_status":"closed","ping_status":"closed","template":"","meta":{"footnotes":""},"_links":{"self":[{"href":"https:\/\/www.clean-air.cz\/cs\/wp-json\/wp\/v2\/pages\/9941"}],"collection":[{"href":"https:\/\/www.clean-air.cz\/cs\/wp-json\/wp\/v2\/pages"}],"about":[{"href":"https:\/\/www.clean-air.cz\/cs\/wp-json\/wp\/v2\/types\/page"}],"author":[{"embeddable":true,"href":"https:\/\/www.clean-air.cz\/cs\/wp-json\/wp\/v2\/users\/11"}],"replies":[{"embeddable":true,"href":"https:\/\/www.clean-air.cz\/cs\/wp-json\/wp\/v2\/comments?post=9941"}],"version-history":[{"count":0,"href":"https:\/\/www.clean-air.cz\/cs\/wp-json\/wp\/v2\/pages\/9941\/revisions"}],"up":[{"embeddable":true,"href":"https:\/\/www.clean-air.cz\/cs\/wp-json\/wp\/v2\/pages\/10122"}],"wp:attachment":[{"href":"https:\/\/www.clean-air.cz\/cs\/wp-json\/wp\/v2\/media?parent=9941"}],"curies":[{"name":"wp","href":"https:\/\/api.w.org\/{rel}","templated":true}]}}