{"id":9936,"date":"2020-06-15T14:19:23","date_gmt":"2020-06-15T12:19:23","guid":{"rendered":"https:\/\/www.clean-air.cz\/?page_id=9936"},"modified":"2020-06-16T12:17:19","modified_gmt":"2020-06-16T10:17:19","slug":"ready-2-weld-set-optomax-aergo","status":"publish","type":"page","link":"https:\/\/www.clean-air.cz\/cs\/sety\/ready-2-weld-set-optomax-aergo\/","title":{"rendered":"Ready 2 Weld set AerTEC\u2122 OptoMax + AerGo"},"content":{"rendered":"<p>[vc_row][vc_column width=&#8220;1\/2&#8243;][vc_gallery interval=&#8220;3&#8243; images=&#8220;9922&#8243; img_size=&#8220;large&#8220;][\/vc_column][vc_column width=&#8220;1\/2&#8243;][vc_column_text]<strong><span style=\"font-size: 14pt; color: #be0300;\">Perfektn\u00ed vid\u011bn\u00ed p\u0159i sva\u0159ov\u00e1n\u00ed<\/span><\/strong><\/p>\n<p>\u0160pi\u010dkov\u00e1 technologie samostm\u00edvac\u00edch kazet Optrel s\u00a0funkc\u00ed Autopilot s\u00a0pln\u011b automatizovan\u00fdm nastaven\u00edm stupn\u011b tmavosti pro libovolnou sv\u00e1\u0159e\u010dskou aplikaci v rozsahu 5-13. P\u0159irozen\u00e9 barvy v cel\u00e9m rozsahu a ultra-HD kvalit\u011b v optick\u00e9 t\u0159\u00edd\u011b 1\/1\/1\/1. Integrovan\u00fd rozvod p\u0159iv\u00e1d\u00ed vzduch p\u0159\u00edmo do d\u00fdchac\u00ed z\u00f3ny.[\/vc_column_text][\/vc_column][\/vc_row][vc_row][vc_column css=&#8220;.vc_custom_1591949507266{margin-top: -100px !important;}&#8220;][vc_column_text]<span style=\"font-size: 18pt;\">Obsah balen\u00ed<\/span>[\/vc_column_text][\/vc_column][\/vc_row][vc_row][vc_column width=&#8220;1\/3&#8243;][vc_column_text]<strong><span style=\"font-size: 14pt; color: #be0300;\">AerTEC\u2122 OptoMAX Air<\/span><\/strong><\/p>\n<p>Sv\u00e1\u0159e\u010dsk\u00e1 kukla v\u010detn\u011b samostm\u00edvac\u00ed kazety a rozvodu vzduchu.<\/p>\n<p><img loading=\"lazy\" decoding=\"async\" class=\"size-medium wp-image-7810 aligncenter\" src=\"https:\/\/www.clean-air.cz\/wp-content\/uploads\/2019\/11\/OptoMAX-iso-copy-237x300.jpg\" alt=\"\" width=\"237\" height=\"300\" \/>[\/vc_column_text][vc_btn title=&#8220;Zobrazit produkt&#8220; shape=&#8220;square&#8220; color=&#8220;danger&#8220; align=&#8220;left&#8220; link=&#8220;url:https%3A%2F%2Fwww.clean-air.cz%2Fcs%2Fhlavove-dily%2Fsvareci-kukly%2Faertec-optomax%2F|title:Zobrazit%20produkt|&#8220;][\/vc_column][vc_column width=&#8220;1\/3&#8243;][vc_column_text]<strong><span style=\"font-size: 14pt; color: #be0300;\">CleanAIR<sup>\u00ae<\/sup> AerGo <\/span><\/strong><\/p>\n<p>Filtra\u010dn\u011b-ventila\u010dn\u00ed jednotka s \u010d\u00e1sticov\u00fdm filtrem a Li-ion akumul\u00e1torem.<\/p>\n<p><img loading=\"lazy\" decoding=\"async\" class=\"size-medium wp-image-9927 aligncenter\" src=\"https:\/\/www.clean-air.cz\/wp-content\/uploads\/2020\/06\/CleanAIR_AerGO_PAPR_unit-300x300.jpg\" alt=\"CleanAIR AerGo respirator\" width=\"300\" height=\"300\" srcset=\"https:\/\/www.clean-air.cz\/wp-content\/uploads\/2020\/06\/CleanAIR_AerGO_PAPR_unit-300x300.jpg 300w, https:\/\/www.clean-air.cz\/wp-content\/uploads\/2020\/06\/CleanAIR_AerGO_PAPR_unit-150x150.jpg 150w, https:\/\/www.clean-air.cz\/wp-content\/uploads\/2020\/06\/CleanAIR_AerGO_PAPR_unit-768x768.jpg 768w, https:\/\/www.clean-air.cz\/wp-content\/uploads\/2020\/06\/CleanAIR_AerGO_PAPR_unit-250x250.jpg 250w, https:\/\/www.clean-air.cz\/wp-content\/uploads\/2020\/06\/CleanAIR_AerGO_PAPR_unit.jpg 800w\" sizes=\"(max-width: 300px) 100vw, 300px\" \/>[\/vc_column_text][vc_btn title=&#8220;Zobrazit produkt&#8220; shape=&#8220;square&#8220; color=&#8220;danger&#8220; align=&#8220;left&#8220; link=&#8220;url:https%3A%2F%2Fwww.clean-air.cz%2Fcs%2Fsystem-osobni-ochrany-dychacich-cest%2Fcleanair-aergo%2F|title:Zobrazit%20produkt|&#8220;][\/vc_column][vc_column width=&#8220;1\/3&#8243;][vc_column_text]<strong><span style=\"font-size: 14pt; color: #be0300;\">P\u0159\u00edslu\u0161enstv\u00ed<\/span><\/strong><\/p>\n<p>Hadice QuickLOCK\u2122, p\u0159epravn\u00ed ta\u0161ka, nab\u00edje\u010dka, komfortn\u00ed opasek, rukavice.<\/p>\n<p><img loading=\"lazy\" decoding=\"async\" class=\"size-medium wp-image-9913 aligncenter\" src=\"https:\/\/www.clean-air.cz\/wp-content\/uploads\/2020\/06\/CleanAIR_duffel_bag_and_gloves-1-300x300.jpg\" alt=\"\" width=\"300\" height=\"300\" srcset=\"https:\/\/www.clean-air.cz\/wp-content\/uploads\/2020\/06\/CleanAIR_duffel_bag_and_gloves-1-300x300.jpg 300w, https:\/\/www.clean-air.cz\/wp-content\/uploads\/2020\/06\/CleanAIR_duffel_bag_and_gloves-1-150x150.jpg 150w, https:\/\/www.clean-air.cz\/wp-content\/uploads\/2020\/06\/CleanAIR_duffel_bag_and_gloves-1-768x768.jpg 768w, https:\/\/www.clean-air.cz\/wp-content\/uploads\/2020\/06\/CleanAIR_duffel_bag_and_gloves-1-250x250.jpg 250w, https:\/\/www.clean-air.cz\/wp-content\/uploads\/2020\/06\/CleanAIR_duffel_bag_and_gloves-1.jpg 800w\" sizes=\"(max-width: 300px) 100vw, 300px\" \/>[\/vc_column_text][\/vc_column][\/vc_row]<\/p>\n","protected":false},"excerpt":{"rendered":"<p>[vc_row][vc_column width=&#8220;1\/2&#8243;][vc_gallery interval=&#8220;3&#8243; images=&#8220;9922&#8243; img_size=&#8220;large&#8220;][\/vc_column][vc_column width=&#8220;1\/2&#8243;][vc_column_text]Perfektn\u00ed vid\u011bn\u00ed p\u0159i sva\u0159ov\u00e1n\u00ed \u0160pi\u010dkov\u00e1 technologie samostm\u00edvac\u00edch kazet Optrel s\u00a0funkc\u00ed Autopilot s\u00a0pln\u011b automatizovan\u00fdm nastaven\u00edm stupn\u011b tmavosti pro libovolnou sv\u00e1\u0159e\u010dskou aplikaci v rozsahu 5-13. P\u0159irozen\u00e9 barvy v cel\u00e9m rozsahu a ultra-HD kvalit\u011b v optick\u00e9 t\u0159\u00edd\u011b 1\/1\/1\/1. Integrovan\u00fd rozvod p\u0159iv\u00e1d\u00ed vzduch p\u0159\u00edmo do d\u00fdchac\u00ed z\u00f3ny.[\/vc_column_text][\/vc_column][\/vc_row][vc_row][vc_column css=&#8220;.vc_custom_1591949507266{margin-top: -100px !important;}&#8220;][vc_column_text]Obsah balen\u00ed[\/vc_column_text][\/vc_column][\/vc_row][vc_row][vc_column width=&#8220;1\/3&#8243;][vc_column_text]AerTEC\u2122 OptoMAX Air Sv\u00e1\u0159e\u010dsk\u00e1 kukla v\u010detn\u011b samostm\u00edvac\u00ed kazety a rozvodu vzduchu. [\/vc_column_text][vc_btn title=&#8220;Zobrazit produkt&#8220; shape=&#8220;square&#8220; color=&#8220;danger&#8220; align=&#8220;left&#8220; link=&#8220;url:https%3A%2F%2Fwww.clean-air.cz%2Fcs%2Fhlavove-dily%2Fsvareci-kukly%2Faertec-optomax%2F|title:Zobrazit%20produkt|&#8220;][\/vc_column][vc_column<\/p>\n<p><a class=\"more-link\" href=\"https:\/\/www.clean-air.cz\/cs\/sety\/ready-2-weld-set-optomax-aergo\/\">Read More<\/a><\/p>\n","protected":false},"author":11,"featured_media":0,"parent":10122,"menu_order":0,"comment_status":"closed","ping_status":"closed","template":"","meta":{"footnotes":""},"_links":{"self":[{"href":"https:\/\/www.clean-air.cz\/cs\/wp-json\/wp\/v2\/pages\/9936"}],"collection":[{"href":"https:\/\/www.clean-air.cz\/cs\/wp-json\/wp\/v2\/pages"}],"about":[{"href":"https:\/\/www.clean-air.cz\/cs\/wp-json\/wp\/v2\/types\/page"}],"author":[{"embeddable":true,"href":"https:\/\/www.clean-air.cz\/cs\/wp-json\/wp\/v2\/users\/11"}],"replies":[{"embeddable":true,"href":"https:\/\/www.clean-air.cz\/cs\/wp-json\/wp\/v2\/comments?post=9936"}],"version-history":[{"count":0,"href":"https:\/\/www.clean-air.cz\/cs\/wp-json\/wp\/v2\/pages\/9936\/revisions"}],"up":[{"embeddable":true,"href":"https:\/\/www.clean-air.cz\/cs\/wp-json\/wp\/v2\/pages\/10122"}],"wp:attachment":[{"href":"https:\/\/www.clean-air.cz\/cs\/wp-json\/wp\/v2\/media?parent=9936"}],"curies":[{"name":"wp","href":"https:\/\/api.w.org\/{rel}","templated":true}]}}