{"id":9893,"date":"2020-06-15T12:35:39","date_gmt":"2020-06-15T10:35:39","guid":{"rendered":"https:\/\/www.clean-air.cz\/?page_id=9893"},"modified":"2020-06-15T16:01:18","modified_gmt":"2020-06-15T14:01:18","slug":"akce","status":"publish","type":"page","link":"https:\/\/www.clean-air.cz\/cs\/akce\/","title":{"rendered":"Ak\u010dn\u00ed sety Ready 2 Weld a Ready to Work"},"content":{"rendered":"<p>[vc_row css=&#8220;.vc_custom_1591879007523{margin-top: -40px !important;}&#8220;][vc_column][vc_column_text][\/vc_column_text][vc_column_text css=&#8220;.vc_custom_1591878970035{margin-bottom: -10px !important;}&#8220;]V\u0161e, co pot\u0159ebujte k pr\u00e1ci v jednom balen\u00ed. Vyberte si jeden z na\u0161ich set\u016f za zv\u00fdhodn\u011bnou cenu. Uveden\u00e9 ak\u010dn\u00ed maloobchodn\u00ed ceny jsou uvedeny bez DPH. Akce plat\u00ed do 1.10.2020.[\/vc_column_text][\/vc_column][\/vc_row][vc_row][vc_column][vc_single_image image=&#8220;9981&#8243; img_size=&#8220;full&#8220; css=&#8220;.vc_custom_1591877722451{margin-bottom: -20px !important;}&#8220;][\/vc_column][\/vc_row][vc_row][vc_column][vc_column_text css=&#8220;.vc_custom_1592218842266{margin-bottom: -10px !important;}&#8220;]<\/p>\n<h2 style=\"text-align: left;\"><span style=\"font-size: 20pt; color: #be0300;\">AerTEC\u2122 OptoMax<\/span><\/h2>\n<p>Perfektn\u00ed vid\u011bn\u00ed p\u0159i sva\u0159ov\u00e1n\u00ed\u00a0 d\u00edky \u0161pi\u010dkov\u00e9 technologii samostm\u00edvac\u00edch kazet Optrel s funkc\u00ed Autopilot s pln\u011b automatizovan\u00fdm nastaven\u00edm stupn\u011b tmavosti pro libovolnou sv\u00e1\u0159e\u010dskou aplikaci v rozsahu 5-13. P\u0159irozen\u00e9 barvy v cel\u00e9m rozsahu a ultra-HD kvalit\u011b v optick\u00e9 t\u0159\u00edd\u011b 1\/1\/1\/1. Integrovan\u00fd rozvod p\u0159iv\u00e1d\u00ed vzduch p\u0159\u00edmo do d\u00fdchac\u00ed z\u00f3ny.[\/vc_column_text][\/vc_column][\/vc_row][vc_row][vc_column width=&#8220;1\/2&#8243;][vc_column_text]<\/p>\n<h2 style=\"text-align: left;\"><span style=\"font-size: 14pt; color: #be0300;\">Ready 2 Weld set AerTEC\u2122 OptoMax + Basic<\/span><\/h2>\n<p>[\/vc_column_text][vc_single_image image=&#8220;9993&#8243; img_size=&#8220;medium&#8220; alignment=&#8220;center&#8220;][vc_column_text]<\/p>\n<h3 style=\"text-align: left;\"><span style=\"font-size: 12pt; color: #be0300;\">Obsah balen\u00ed<\/span><\/h3>\n<ul>\n<li><a href=\"https:\/\/www.clean-air.cz\/headtops\/welding-helmets\/aertec-optomax\/\"><strong>AerTEC\u2122 OptoMax Air<\/strong><\/a>: Sv\u00e1\u0159e\u010dsk\u00e1 kukla v\u010detn\u011b samostm\u00edvac\u00ed kazety a rozvodu vzduchu.<\/li>\n<li><a href=\"https:\/\/www.clean-air.cz\/cs\/papr\/basic\/\"><strong>CleanAIR<sup>\u00ae <\/sup>Basic<\/strong><\/a>: Filtra\u010dn\u011b-ventila\u010dn\u00ed jednotka s \u010d\u00e1sticov\u00fdm filtrem a Li-ion akumul\u00e1torem.<\/li>\n<li><strong>P\u0159\u00edslu\u0161enstv\u00ed<\/strong>: Hadice QuickLOCK\u2122, p\u0159epravn\u00ed ta\u0161ka, nab\u00edje\u010dka, komfortn\u00ed opasek, rukavice<\/li>\n<\/ul>\n<p>[\/vc_column_text][vc_column_text]<span style=\"color: #36b229;\">Sleva 1700 K\u010d<\/span> z <del>26 200 K\u010d<\/del><br \/>\n<span style=\"font-size: 14pt;\"><strong>Ak\u010dn\u00ed cena:<\/strong> 24 500 K\u010d<\/span><br \/>\n(bez DPH)[\/vc_column_text][vc_btn title=&#8220;Zobrazit produkt&#8220; shape=&#8220;square&#8220; color=&#8220;danger&#8220; align=&#8220;left&#8220; link=&#8220;url:https%3A%2F%2Fwww.clean-air.cz%2Fcs%2Fready-2-weld-set-optomax-basic|title:Zobrazit||&#8220;][\/vc_column][vc_column width=&#8220;1\/2&#8243;][vc_column_text]<\/p>\n<h2 style=\"text-align: left;\"><span style=\"font-size: 14pt; color: #be0300;\">Ready 2 Weld set AerTEC\u2122 OptoMax + AerGo<\/span><\/h2>\n<p>[\/vc_column_text][vc_single_image image=&#8220;9988&#8243; img_size=&#8220;medium&#8220; alignment=&#8220;center&#8220;][vc_column_text]<\/p>\n<h3 style=\"text-align: left;\"><span style=\"font-size: 12pt; color: #be0300;\">Obsah balen\u00ed<\/span><\/h3>\n<ul>\n<li><a href=\"https:\/\/www.clean-air.cz\/cs\/headtops\/welding-helmets\/aertec-optomax\/\"><strong>AerTEC\u2122 OptoMax Air<\/strong><\/a>: Sv\u00e1\u0159e\u010dsk\u00e1 kukla v\u010detn\u011b samostm\u00edvac\u00ed kazety a rozvodu vzduchu.<\/li>\n<li><a href=\"https:\/\/www.clean-air.cz\/cs\/system-osobni-ochrany-dychacich-cest\/cleanair-aergo\/\"><strong>CleanAIR<sup>\u00ae <\/sup>AerGo<\/strong><\/a>: Filtra\u010dn\u011b-ventila\u010dn\u00ed jednotka s \u010d\u00e1sticov\u00fdm filtrem a Li-ion akumul\u00e1torem.<\/li>\n<li><strong>P\u0159\u00edslu\u0161enstv\u00ed<\/strong>: Hadice QuickLOCK\u2122, p\u0159epravn\u00ed ta\u0161ka, nab\u00edje\u010dka, komfortn\u00ed opasek, rukavice.<\/li>\n<\/ul>\n<p>[\/vc_column_text][vc_column_text]<span style=\"color: #36b229;\">Sleva 1700 K\u010d<\/span> z <del>29 900 K\u010d<\/del><br \/>\n<span style=\"font-size: 14pt;\"><strong>Ak\u010dn\u00ed cena:<\/strong> 27 700 K\u010d<\/span><br \/>\n(bez DPH)[\/vc_column_text][vc_btn title=&#8220;Zobrazit produkt&#8220; shape=&#8220;square&#8220; color=&#8220;danger&#8220; align=&#8220;left&#8220; link=&#8220;url:https%3A%2F%2Fwww.clean-air.cz%2Fcs%2Fsets%2Fready-2-weld-set-optomax-aergo%2F|title:Zobrazit||&#8220;][\/vc_column][\/vc_row][vc_row][vc_column][vc_separator][vc_column_text css=&#8220;.vc_custom_1592218856807{margin-bottom: -10px !important;}&#8220;]<\/p>\n<h2 style=\"text-align: left;\"><span style=\"font-size: 20pt; color: #be0300;\">AerTEC\u2122 RangeMax<\/span><\/h2>\n<p>Roz\u0161i\u0159te svou perspektivu d\u00edky inovativn\u00ed a ergonomick\u00e9 sv\u00e1\u0159e\u010dsk\u00e9 kukle, kter\u00e1 roz\u0161i\u0159uje zorn\u00e9 pole sv\u00e1\u0159e\u010de bez kompromis\u016f v pohodl\u00ed. Unik\u00e1tn\u00ed v\u00fd\u0159ez nad nosem umis\u0165uje samostm\u00edvac\u00ed kazetu bl\u00ed\u017ee k o\u010d\u00edm.[\/vc_column_text][\/vc_column][\/vc_row][vc_row][vc_column width=&#8220;1\/2&#8243;][vc_column_text]<\/p>\n<h2 style=\"text-align: left;\"><span style=\"font-size: 14pt; color: #be0300;\">Ready 2 Weld set AerTEC\u2122 RangeMax + Basic<\/span><\/h2>\n<p>[\/vc_column_text][vc_single_image image=&#8220;9998&#8243; img_size=&#8220;medium&#8220; alignment=&#8220;center&#8220;][vc_column_text]<\/p>\n<h3 style=\"text-align: left;\"><span style=\"font-size: 12pt; color: #be0300;\">Obsah balen\u00ed<\/span><\/h3>\n<ul>\n<li><a href=\"https:\/\/www.clean-air.cz\/cs\/hlavove-dily\/svareci-kukly\/aertec-rangemax\/\"><strong>AerTEC\u2122 RangeMax Air<\/strong><\/a>: Sv\u00e1\u0159e\u010dsk\u00e1 kukla v\u010detn\u011b samostm\u00edvac\u00ed kazety a rozvodu vzduchu.<\/li>\n<li><a href=\"https:\/\/www.clean-air.cz\/cs\/system-osobni-ochrany-dychacich-cest\/cleanair-basic\/\"><strong>CleanAIR<sup>\u00ae <\/sup>Basic<\/strong><\/a>: Filtra\u010dn\u011b-ventila\u010dn\u00ed jednotka s \u010d\u00e1sticov\u00fdm filtrem a Li-ion akumul\u00e1torem.<\/li>\n<li><strong>P\u0159\u00edslu\u0161enstv\u00ed<\/strong>: Hadice QuickLOCK\u2122, p\u0159epravn\u00ed ta\u0161ka, nab\u00edje\u010dka, komfortn\u00ed opasek, rukavice<\/li>\n<\/ul>\n<p>[\/vc_column_text][vc_column_text]<span style=\"color: #36b229;\">Sleva 2200 K\u010d<\/span> z <del>28 000 K\u010d<\/del><br \/>\n<span style=\"font-size: 14pt;\"><strong>Ak\u010dn\u00ed cena:<\/strong> 25 800 K\u010d<\/span><br \/>\n(bez DPH)[\/vc_column_text][vc_btn title=&#8220;Zobrazit produkt&#8220; shape=&#8220;square&#8220; color=&#8220;danger&#8220; align=&#8220;left&#8220; link=&#8220;url:https%3A%2F%2Fwww.clean-air.cz%2Fcs%2Fsety%2Fready-2-weld-set-rangemax-basic%2F|title:Zobrazit||&#8220;][\/vc_column][vc_column width=&#8220;1\/2&#8243;][vc_column_text]<\/p>\n<h2 style=\"text-align: left;\"><span style=\"font-size: 14pt; color: #be0300;\">Ready 2 Weld set AerTEC\u2122 RangeMax + AerGo<\/span><\/h2>\n<p>[\/vc_column_text][vc_single_image image=&#8220;10003&#8243; img_size=&#8220;medium&#8220; alignment=&#8220;center&#8220;][vc_column_text]<\/p>\n<h3 style=\"text-align: left;\"><span style=\"font-size: 12pt; color: #be0300;\">Obsah balen\u00ed<\/span><\/h3>\n<ul>\n<li><a href=\"https:\/\/www.clean-air.cz\/cs\/hlavove-dily\/svareci-kukly\/aertec-rangemax\/\"><strong>AerTEC\u2122 RangeMax Air<\/strong><\/a>: Sv\u00e1\u0159e\u010dsk\u00e1 kukla v\u010detn\u011b samostm\u00edvac\u00ed kazety a rozvodu vzduchu.<\/li>\n<li><a href=\"https:\/\/www.clean-air.cz\/cs\/system-osobni-ochrany-dychacich-cest\/cleanair-aergo\/\"><strong>CleanAIR<sup>\u00ae <\/sup>AerGo<\/strong><\/a>: Filtra\u010dn\u011b-ventila\u010dn\u00ed jednotka s \u010d\u00e1sticov\u00fdm filtrem a Li-ion akumul\u00e1torem.<\/li>\n<li><strong>P\u0159\u00edslu\u0161enstv\u00ed<\/strong>: Hadice QuickLOCK\u2122, p\u0159epravn\u00ed ta\u0161ka, nab\u00edje\u010dka, komfortn\u00ed opasek, rukavice.<\/li>\n<\/ul>\n<p>[\/vc_column_text][vc_column_text]<span style=\"color: #36b229;\">Sleva 2600 K\u010d<\/span> z <del>31 700 K\u010d<\/del><br \/>\n<span style=\"font-size: 14pt;\"><strong>Ak\u010dn\u00ed cena:<\/strong> 29 100 K\u010d<\/span><br \/>\n(bez DPH)[\/vc_column_text][vc_btn title=&#8220;Zobrazit produkt&#8220; shape=&#8220;square&#8220; color=&#8220;danger&#8220; align=&#8220;left&#8220; link=&#8220;url:https%3A%2F%2Fwww.clean-air.cz%2Fcs%2Fsety%2Fready-2-weld-set-rangemax-aergo%2F|title:Zobrazit||&#8220;][\/vc_column][\/vc_row][vc_row][vc_column][vc_separator][vc_column_text css=&#8220;.vc_custom_1592218869312{margin-bottom: -10px !important;}&#8220;]<\/p>\n<h2 style=\"text-align: left;\"><span style=\"font-size: 20pt; color: #be0300;\">AerTEC\u2122 SeeMax<\/span><\/h2>\n<p>Brusn\u00fd \u0161t\u00edt poskytuje neomezen\u00fd v\u00fdhled do va\u0161eho pracovn\u00edho prostoru, filtrovan\u00fd a \u010dist\u00fd vzduch s nastavitelnou distribuc\u00ed vzduchu \u010din\u00ed z SeeMAX jedine\u010dn\u00fd syst\u00e9m ochrany obli\u010deje a d\u00fdchac\u00edc cest s nejvy\u0161\u0161\u00ed \u00farovn\u00ed bezpe\u010dnosti.[\/vc_column_text][\/vc_column][\/vc_row][vc_row][vc_column width=&#8220;1\/2&#8243;][vc_column_text]<\/p>\n<h2 style=\"text-align: left;\"><span style=\"font-size: 14pt; color: #be0300;\">Ready 2 Weld set AerTEC\u2122 SeeMax + Basic<\/span><\/h2>\n<p>[\/vc_column_text][vc_single_image image=&#8220;10008&#8243; img_size=&#8220;medium&#8220; alignment=&#8220;center&#8220;][vc_column_text]<\/p>\n<h3 style=\"text-align: left;\"><span style=\"font-size: 12pt; color: #be0300;\">Obsah balen\u00ed<\/span><\/h3>\n<ul>\n<li><a href=\"https:\/\/www.clean-air.cz\/cs\/hlavove-dily\/brusne-stity\/aertec-seemax\/\"><strong>AerTEC\u2122 SeeMax Air<\/strong><\/a>: Brusn\u00fd \u0161t\u00edt s rozvodem vzduchu.<\/li>\n<li><a href=\"https:\/\/www.clean-air.cz\/cs\/system-osobni-ochrany-dychacich-cest\/cleanair-basic\/\"><strong>CleanAIR<sup>\u00ae <\/sup>Basic<\/strong><\/a>: Filtra\u010dn\u011b-ventila\u010dn\u00ed jednotka s \u010d\u00e1sticov\u00fdm filtrem a Li-ion akumul\u00e1torem.<\/li>\n<li><strong>P\u0159\u00edslu\u0161enstv\u00ed<\/strong>: Hadice QuickLOCK\u2122, p\u0159epravn\u00ed ta\u0161ka, nab\u00edje\u010dka, komfortn\u00ed opasek, rukavice<\/li>\n<\/ul>\n<p>[\/vc_column_text][vc_column_text]<span style=\"color: #36b229;\">Sleva 1300 K\u010d<\/span> z <del>15 800 K\u010d<\/del><br \/>\n<span style=\"font-size: 14pt;\"><strong>Ak\u010dn\u00ed cena:<\/strong> 14 500 K\u010d<\/span><br \/>\n(bez DPH)[\/vc_column_text][vc_btn title=&#8220;Zobrazit produkt&#8220; shape=&#8220;square&#8220; color=&#8220;danger&#8220; align=&#8220;left&#8220; link=&#8220;url:https%3A%2F%2Fwww.clean-air.cz%2Fcs%2Fsety%2Fready-2-work-set-seemax-basic%2F|title:Zobrazit||&#8220;][\/vc_column][vc_column width=&#8220;1\/2&#8243;][vc_column_text]<\/p>\n<h2 style=\"text-align: left;\"><span style=\"font-size: 14pt; color: #be0300;\">Ready 2 Weld set AerTEC\u2122 SeeMax + AerGo<\/span><\/h2>\n<p>[\/vc_column_text][vc_single_image image=&#8220;10013&#8243; img_size=&#8220;medium&#8220; alignment=&#8220;center&#8220;][vc_column_text]<\/p>\n<h3 style=\"text-align: left;\"><span style=\"font-size: 12pt; color: #be0300;\">Obsah balen\u00ed<\/span><\/h3>\n<ul>\n<li><a href=\"https:\/\/www.clean-air.cz\/cs\/hlavove-dily\/brusne-stity\/aertec-seemax\/\"><strong>AerTEC\u2122 SeeMax Air<\/strong><\/a>: Brusn\u00fd \u0161t\u00edt s rozvodem vzduchu.<\/li>\n<li><a href=\"https:\/\/www.clean-air.cz\/cs\/system-osobni-ochrany-dychacich-cest\/cleanair-aergo\/\"><strong>CleanAIR<sup>\u00ae <\/sup>AerGo<\/strong><\/a>: Filtra\u010dn\u011b-ventila\u010dn\u00ed jednotka s \u010d\u00e1sticov\u00fdm filtrem a Li-ion akumul\u00e1torem.<\/li>\n<li><strong>P\u0159\u00edslu\u0161enstv\u00ed<\/strong>: Hadice QuickLOCK\u2122, p\u0159epravn\u00ed ta\u0161ka, nab\u00edje\u010dka, komfortn\u00ed opasek, rukavice.<\/li>\n<\/ul>\n<p>[\/vc_column_text][vc_column_text]<span style=\"color: #36b229;\">Sleva 2000 K\u010d<\/span> z <del>20 400 K\u010d<\/del><br \/>\n<span style=\"font-size: 14pt;\"><strong>Ak\u010dn\u00ed cena:<\/strong> 18 400 K\u010d<\/span><br \/>\n(bez DPH)[\/vc_column_text][vc_btn title=&#8220;Zobrazit produkt&#8220; shape=&#8220;square&#8220; color=&#8220;danger&#8220; align=&#8220;left&#8220; link=&#8220;url:https%3A%2F%2Fwww.clean-air.cz%2Fcs%2Fsety%2Fready-2-work-set-seemax-basic%2F|title:Zobrazit||&#8220;][\/vc_column][\/vc_row]<\/p>\n","protected":false},"excerpt":{"rendered":"<p>[vc_row css=&#8220;.vc_custom_1591879007523{margin-top: -40px !important;}&#8220;][vc_column][vc_column_text][\/vc_column_text][vc_column_text css=&#8220;.vc_custom_1591878970035{margin-bottom: -10px !important;}&#8220;]V\u0161e, co pot\u0159ebujte k pr\u00e1ci v jednom balen\u00ed. Vyberte si jeden z na\u0161ich set\u016f za zv\u00fdhodn\u011bnou cenu. Uveden\u00e9 ak\u010dn\u00ed maloobchodn\u00ed ceny jsou uvedeny bez DPH. Akce plat\u00ed do 1.10.2020.[\/vc_column_text][\/vc_column][\/vc_row][vc_row][vc_column][vc_single_image image=&#8220;9981&#8243; img_size=&#8220;full&#8220; css=&#8220;.vc_custom_1591877722451{margin-bottom: -20px !important;}&#8220;][\/vc_column][\/vc_row][vc_row][vc_column][vc_column_text css=&#8220;.vc_custom_1592218842266{margin-bottom: -10px !important;}&#8220;] AerTEC\u2122 OptoMax Perfektn\u00ed vid\u011bn\u00ed p\u0159i sva\u0159ov\u00e1n\u00ed\u00a0 d\u00edky \u0161pi\u010dkov\u00e9 technologii samostm\u00edvac\u00edch kazet Optrel s funkc\u00ed Autopilot s pln\u011b automatizovan\u00fdm nastaven\u00edm stupn\u011b tmavosti pro libovolnou sv\u00e1\u0159e\u010dskou aplikaci v rozsahu<\/p>\n<p><a class=\"more-link\" href=\"https:\/\/www.clean-air.cz\/cs\/akce\/\">Read More<\/a><\/p>\n","protected":false},"author":11,"featured_media":0,"parent":0,"menu_order":0,"comment_status":"closed","ping_status":"closed","template":"","meta":{"footnotes":""},"_links":{"self":[{"href":"https:\/\/www.clean-air.cz\/cs\/wp-json\/wp\/v2\/pages\/9893"}],"collection":[{"href":"https:\/\/www.clean-air.cz\/cs\/wp-json\/wp\/v2\/pages"}],"about":[{"href":"https:\/\/www.clean-air.cz\/cs\/wp-json\/wp\/v2\/types\/page"}],"author":[{"embeddable":true,"href":"https:\/\/www.clean-air.cz\/cs\/wp-json\/wp\/v2\/users\/11"}],"replies":[{"embeddable":true,"href":"https:\/\/www.clean-air.cz\/cs\/wp-json\/wp\/v2\/comments?post=9893"}],"version-history":[{"count":0,"href":"https:\/\/www.clean-air.cz\/cs\/wp-json\/wp\/v2\/pages\/9893\/revisions"}],"wp:attachment":[{"href":"https:\/\/www.clean-air.cz\/cs\/wp-json\/wp\/v2\/media?parent=9893"}],"curies":[{"name":"wp","href":"https:\/\/api.w.org\/{rel}","templated":true}]}}