{"id":9019,"date":"2020-04-01T13:05:32","date_gmt":"2020-04-01T11:05:32","guid":{"rendered":"https:\/\/www.clean-air.cz\/hlavove-dily\/svareci-kukly\/aertec-optomax\/"},"modified":"2025-08-14T11:28:13","modified_gmt":"2025-08-14T09:28:13","slug":"aertec-optomax","status":"publish","type":"page","link":"https:\/\/www.clean-air.cz\/cs\/hlavove-dily\/svareci-kukly\/aertec-optomax\/","title":{"rendered":"AerTEC\u2122 OptoMAX"},"content":{"rendered":"<p>[vc_row][vc_column width=&#8220;1\/2&#8243;][vc_gallery interval=&#8220;3&#8243; images=&#8220;10495,10500,10505&#8243; img_size=&#8220;large&#8220;][\/vc_column][vc_column width=&#8220;1\/2&#8243;][vc_column_text]<strong><span style=\"font-size: 14pt; color: #be0300;\">Perfektn\u00ed vid\u011bn\u00ed p\u0159i sva\u0159ov\u00e1n\u00ed d\u00edky \u0161pi\u010dkov\u00e9 technologii samostm\u00edvac\u00edch kazet zna\u010dky Optrel<br \/>\n<\/span><\/strong><\/p>\n<p>Funkce Autopilot &#8211; pln\u011b automatizovan\u00e9 nastaven\u00ed stupn\u011b tmavosti pro libovolnou sv\u00e1\u0159e\u010dskou aplikaci v\u00a0rozsahu 5-13. P\u0159irozen\u00e9 barvy v\u00a0cel\u00e9m rozsahu a\u00a0ultra-HD kvalit\u011b v\u00a0optick\u00e9 t\u0159\u00edd\u011b 1\/1\/1\/1. Integrovan\u00fd rozvod p\u0159iv\u00e1d\u00ed vzduch p\u0159\u00edmo do d\u00fdchac\u00ed z\u00f3ny.[\/vc_column_text][\/vc_column][\/vc_row][vc_row][vc_column width=&#8220;1\/3&#8243;][vc_column_text]<strong><span style=\"font-size: 14pt; color: #be0300;\">Automatick\u00e9 stm\u00edv\u00e1n\u00ed<\/span><\/strong><\/p>\n<p>Technologie Adaptive Shade Autopilot automaticky nastavuje ztmaven\u00ed podle toho, jak sva\u0159ujete. Senzor jasu okam\u017eit\u011b detekuje zm\u011bny v intenzit\u011b sva\u0159ovac\u00edho oblouku a podle toho upravuje stm\u00edv\u00e1n\u00ed. Nehled\u011b na intenzitu a zp\u016fsob sva\u0159ov\u00e1n\u00ed z\u016fst\u00e1v\u00e1te st\u00e1le chr\u00e1n\u011bni. Manu\u00e1ln\u00ed nastavov\u00e1n\u00ed u\u017e nen\u00ed pot\u0159eba. Pokud ale p\u0159esto pot\u0159ebujete kazetu nastavit manu\u00e1ln\u011b. Sta\u010d\u00ed stisknout tla\u010d\u00edtko.<\/p>\n<p><img loading=\"lazy\" decoding=\"async\" class=\"size-medium wp-image-9463 aligncenter\" src=\"https:\/\/www.clean-air.cz\/wp-content\/uploads\/2020\/06\/adaptive-autopilot-297x300.jpg\" alt=\"\" width=\"297\" height=\"300\" srcset=\"https:\/\/www.clean-air.cz\/wp-content\/uploads\/2020\/06\/adaptive-autopilot-297x300.jpg 297w, https:\/\/www.clean-air.cz\/wp-content\/uploads\/2020\/06\/adaptive-autopilot-50x52.jpg 50w, https:\/\/www.clean-air.cz\/wp-content\/uploads\/2020\/06\/adaptive-autopilot.jpg 526w\" sizes=\"(max-width: 297px) 100vw, 297px\" \/>[\/vc_column_text][\/vc_column][vc_column width=&#8220;1\/3&#8243;][vc_column_text]<strong><span style=\"font-size: 14pt; color: #be0300;\">Nejvy\u0161\u0161\u00ed kvalita zobrazen\u00ed<\/span><\/strong><\/p>\n<p>Samostm\u00edvac\u00ed kazeta Optrel dosahuje nejvy\u0161\u0161\u00ed kvality zobrazen\u00ed dle EN 379 ve v\u0161ech \u010dtyrech klasifi kac\u00edch:<\/p>\n<table style=\"border-collapse: collapse; width: 101.423%; height: 88px;\">\n<tbody>\n<tr style=\"height: 22px;\">\n<td style=\"width: 57.7365%; height: 22px;\">Optick\u00e1 kvalita:<\/td>\n<td style=\"width: 130.871%; height: 22px; text-align: center;\">T\u0158\u00cdDA 1<\/td>\n<\/tr>\n<tr style=\"height: 22px;\">\n<td style=\"width: 57.7365%; height: 22px;\">Rozptyl sv\u011btla:<\/td>\n<td style=\"width: 130.871%; height: 22px; text-align: center;\">T\u0158\u00cdDA 1<\/td>\n<\/tr>\n<tr style=\"height: 22px;\">\n<td style=\"width: 57.7365%; height: 22px;\">HomogeneitA:<\/td>\n<td style=\"width: 130.871%; height: 22px; text-align: center;\">T\u0158\u00cdDA 1<\/td>\n<\/tr>\n<tr style=\"height: 22px;\">\n<td style=\"width: 57.7365%; height: 22px;\">\u00dahlov\u00e1 z\u00e1vislost:<\/td>\n<td style=\"width: 130.871%; height: 22px; text-align: center;\">T\u0158\u00cdDA 1<\/td>\n<\/tr>\n<\/tbody>\n<\/table>\n<p><img loading=\"lazy\" decoding=\"async\" class=\"size-medium wp-image-9503 aligncenter\" src=\"https:\/\/www.clean-air.cz\/wp-content\/uploads\/2020\/06\/ultra-hs-adf-quality-297x300.jpg\" alt=\"\" width=\"297\" height=\"300\" srcset=\"https:\/\/www.clean-air.cz\/wp-content\/uploads\/2020\/06\/ultra-hs-adf-quality-297x300.jpg 297w, https:\/\/www.clean-air.cz\/wp-content\/uploads\/2020\/06\/ultra-hs-adf-quality-50x52.jpg 50w, https:\/\/www.clean-air.cz\/wp-content\/uploads\/2020\/06\/ultra-hs-adf-quality.jpg 526w\" sizes=\"(max-width: 297px) 100vw, 297px\" \/>[\/vc_column_text][\/vc_column][vc_column width=&#8220;1\/3&#8243;][vc_column_text]<strong><span style=\"font-size: 14pt; color: #be0300;\">Posuvn\u00e1 clona senzoru <\/span><\/strong><\/p>\n<p>Standardn\u00ed sv\u00e1\u0159e\u010dsk\u00e1 kazeta m\u016f\u017ee \u010dasto reagovat na elektrick\u00fd oblouk sv\u00e1\u0159e\u010de, kter\u00fd se nach\u00e1z\u00ed pobl\u00ed\u017e. Pou\u017eit\u00edm patentovan\u00e9 technologie \u201cSensor slide\u201d m\u016f\u017ee b\u00fdt \u00fahel, kter\u00fd senzor sn\u00edm\u00e1, sn\u00ed\u017een ze 80\u00b0 na 60\u00b0. Takto lze zamezit zatmaven\u00ed kazety v reakci na sva\u0159ovac\u00ed oblouky v nep\u0159\u00edm\u00e9m okol\u00ed sv\u00e1\u0159e\u010de.<\/p>\n<p><img loading=\"lazy\" decoding=\"async\" class=\"size-medium wp-image-9483 aligncenter\" src=\"https:\/\/www.clean-air.cz\/wp-content\/uploads\/2020\/06\/sensor_slide-60_80-297x300.jpg\" alt=\"\" width=\"297\" height=\"300\" srcset=\"https:\/\/www.clean-air.cz\/wp-content\/uploads\/2020\/06\/sensor_slide-60_80-297x300.jpg 297w, https:\/\/www.clean-air.cz\/wp-content\/uploads\/2020\/06\/sensor_slide-60_80-50x52.jpg 50w, https:\/\/www.clean-air.cz\/wp-content\/uploads\/2020\/06\/sensor_slide-60_80.jpg 526w\" sizes=\"(max-width: 297px) 100vw, 297px\" \/>[\/vc_column_text][\/vc_column][\/vc_row][vc_row][vc_column width=&#8220;1\/3&#8243;][vc_column_text]<strong><span style=\"font-size: 14pt; color: #be0300;\">Re\u00e1ln\u00e9 vn\u00edm\u00e1n\u00ed barev<\/span><\/strong><\/p>\n<p>Speci\u00e1ln\u011b vyvinut\u00fd UV \/ IR filtr True colour umo\u017e\u0148uje re\u00e1ln\u00e9 vn\u00edm\u00e1n\u00ed barev a p\u0159in\u00e1\u0161\u00ed barvu do sv\u011bta sv\u00e1\u0159e\u010de.<\/p>\n<p><img loading=\"lazy\" decoding=\"async\" class=\"size-medium wp-image-9488 aligncenter\" src=\"https:\/\/www.clean-air.cz\/wp-content\/uploads\/2020\/06\/true-colour-view-300x295.jpg\" alt=\"\" width=\"300\" height=\"295\" srcset=\"https:\/\/www.clean-air.cz\/wp-content\/uploads\/2020\/06\/true-colour-view-300x295.jpg 300w, https:\/\/www.clean-air.cz\/wp-content\/uploads\/2020\/06\/true-colour-view.jpg 636w\" sizes=\"(max-width: 300px) 100vw, 300px\" \/>[\/vc_column_text][\/vc_column][vc_column width=&#8220;1\/3&#8243;][vc_column_text]<strong><span style=\"font-size: 14pt; color: #be0300;\">V\u0161echny funkce na dosah ruky<\/span><\/strong><\/p>\n<p>Vn\u011bj\u0161\u00ed ovl\u00e1d\u00e1n\u00ed stupn\u011b ztmaven\u00ed, p\u0159ep\u00edn\u00e1n\u00ed sv\u00e1\u0159e\u010dsk\u00e9ho a brusn\u00e9ho re\u017eimu, nastaven\u00ed citlivosti \u010di p\u0159ep\u00edn\u00e1n\u00ed m\u00f3du AUTO\/MANUAL ani\u017e by sv\u00e1\u0159e\u010d musel sund\u00e1vat kuklu. Ovl\u00e1dac\u00ed prvek je um\u00edst\u011bn na lev\u00e9 stran\u011b kukly v p\u0159\u00edm\u00e9m dosahu sv\u00e1\u0159e\u010de.<\/p>\n<p><img loading=\"lazy\" decoding=\"async\" class=\"size-medium wp-image-9468 aligncenter\" src=\"https:\/\/www.clean-air.cz\/wp-content\/uploads\/2020\/06\/external-adjustment-300x138.jpg\" alt=\"\" width=\"300\" height=\"138\" srcset=\"https:\/\/www.clean-air.cz\/wp-content\/uploads\/2020\/06\/external-adjustment-300x138.jpg 300w, https:\/\/www.clean-air.cz\/wp-content\/uploads\/2020\/06\/external-adjustment.jpg 526w\" sizes=\"(max-width: 300px) 100vw, 300px\" \/>[\/vc_column_text][\/vc_column][vc_column width=&#8220;1\/3&#8243;][vc_column_text]<strong><span style=\"font-size: 14pt; color: #be0300;\">Vn\u011bj\u0161\u00ed ochrann\u00e1 f\u00f3lie<\/span><\/strong><\/p>\n<p>Kryc\u00ed zorn\u00edk bezpe\u010dn\u011b chr\u00e1n\u00ed samostm\u00edvac\u00ed kazetu a d\u00edky integrovan\u00e9mu t\u011bsn\u011bn\u00ed zaji\u0161tuje perfektn\u00ed ut\u011bsn\u011bn\u00ed za ka\u017ed\u00fdch podm\u00ednek.<\/p>\n<p><img loading=\"lazy\" decoding=\"async\" class=\"size-medium wp-image-9473 aligncenter\" src=\"https:\/\/www.clean-air.cz\/wp-content\/uploads\/2020\/06\/front-cover-lens-300x256.jpg\" alt=\"\" width=\"300\" height=\"256\" srcset=\"https:\/\/www.clean-air.cz\/wp-content\/uploads\/2020\/06\/front-cover-lens-300x256.jpg 300w, https:\/\/www.clean-air.cz\/wp-content\/uploads\/2020\/06\/front-cover-lens.jpg 352w\" sizes=\"(max-width: 300px) 100vw, 300px\" \/>[\/vc_column_text][\/vc_column][\/vc_row][vc_row][vc_column width=&#8220;1\/3&#8243;][vc_column_text]<strong><span style=\"font-size: 14pt; color: #be0300;\">Dioptrick\u00e9 vlo\u017eky<\/span><\/strong><\/p>\n<p>Snadn\u00e1 instalace dioptrick\u00e9 vlo\u017eky bez pot\u0159eby p\u0159\u00eddavn\u00e9ho dr\u017e\u00e1ku.<\/p>\n<table style=\"border-collapse: collapse; width: 95.9077%; height: 87px;\">\n<tbody>\n<tr style=\"height: 22px;\">\n<td style=\"width: 57.1269%; height: 22px;\">Dioptrick\u00e1 vlo\u017eka, 1.0<\/td>\n<td style=\"width: 78.6097%; height: 22px; text-align: center;\">40.5000.050<\/td>\n<\/tr>\n<tr style=\"height: 22px;\">\n<td style=\"width: 57.1269%; height: 21px;\">Dioptrick\u00e1 vlo\u017eka, 1.5<\/td>\n<td style=\"width: 78.6097%; height: 21px; text-align: center;\">40.5000.051<\/td>\n<\/tr>\n<tr style=\"height: 22px;\">\n<td style=\"width: 57.1269%; height: 22px;\">Dioptrick\u00e1 vlo\u017eka, 2.0<\/td>\n<td style=\"width: 78.6097%; height: 22px; text-align: center;\">40.5000.052<\/td>\n<\/tr>\n<tr style=\"height: 22px;\">\n<td style=\"width: 57.1269%; height: 22px;\">Dioptrick\u00e1 vlo\u017eka, 2.5<\/td>\n<td style=\"width: 78.6097%; height: 22px; text-align: center;\">40.5000.053<\/td>\n<\/tr>\n<\/tbody>\n<\/table>\n<p><img loading=\"lazy\" decoding=\"async\" class=\"size-medium wp-image-9478 aligncenter\" src=\"https:\/\/www.clean-air.cz\/wp-content\/uploads\/2020\/06\/magnifying-lenses-300x187.jpg\" alt=\"\" width=\"300\" height=\"187\" srcset=\"https:\/\/www.clean-air.cz\/wp-content\/uploads\/2020\/06\/magnifying-lenses-300x187.jpg 300w, https:\/\/www.clean-air.cz\/wp-content\/uploads\/2020\/06\/magnifying-lenses.jpg 526w\" sizes=\"(max-width: 300px) 100vw, 300px\" \/>[\/vc_column_text][\/vc_column][\/vc_row][vc_row][vc_column][vc_tta_tabs style=&#8220;modern&#8220; shape=&#8220;square&#8220; active_section=&#8220;1&#8243; no_fill_content_area=&#8220;true&#8220; title=&#8220;Detaily&#8220;][vc_tta_section i_icon_fontawesome=&#8220;fa fa-industry&#8220; add_icon=&#8220;true&#8220; title=&#8220;Oblast pou\u017eit\u00ed&#8220; tab_id=&#8220;1513150336358-68add988-e9ea&#8220;][vc_column_text]<span style=\"color: #be0300;\"><strong>Oblast pou\u017eit\u00ed<\/strong><\/span><\/p>\n<p>Jak\u00fdkoli proces sva\u0159ov\u00e1n\u00ed elektrick\u00fdm obloukem. Sva\u0159ov\u00e1n\u00ed elektrodami (Stick Welding, SMAW) \/ MIG \/ MAG (GMAW) \/ GMAW Proces s\u00a0vysokou rychlost\u00ed taven\u00ed \/ TIG sva\u0159ov\u00e1n\u00ed (GTAW) \/ Plazmov\u00e9 obloukov\u00e9 sva\u0159ov\u00e1n\u00ed \/ Plazmov\u00e9 \u0159ez\u00e1n\u00ed a\u00a0sva\u0159ov\u00e1n\u00ed kysl\u00edkem \/ brou\u0161en\u00ed v\u00a0re\u017eimu brou\u0161en\u00ed.[\/vc_column_text][\/vc_tta_section][vc_tta_section i_icon_fontawesome=&#8220;fa fa-thumbs-o-up&#8220; add_icon=&#8220;true&#8220; title=&#8220;V\u00fdhody&#8220; tab_id=&#8220;1513150336359-b7b65468-8021&#8243;][vc_column_text]<span style=\"color: #be0300;\"><strong>V\u00fdhody<\/strong><\/span><\/p>\n<ul>\n<li>AUTOPILOT &#8211; pln\u011b automatick\u00e9 nastaven\u00ed \u00farovn\u011b tmavosti v rozsahu 5-13<\/li>\n<li>Manu\u00e1ln\u00ed re\u017eim m\u00e1 roz\u0161\u00ed\u0159en\u00fd rozsah tmavost\u00ed<br \/>\n5-9 pro plamenov\u00e9 sva\u0159ov\u00e1n\u00ed, \u0159ez\u00e1n\u00ed a\u00a0plasmu<br \/>\n9-13 pro sva\u0159ov\u00e1n\u00ed elektrick\u00fdm obloukem<\/li>\n<li>Ultra-HD kvalita s p\u0159irozen\u00fdmi barvami a klasifikac\u00ed 1\/1\/1\/1<\/li>\n<li>Funkce postupn\u00e9ho roztemn\u011bn\u00ed TWILIGHT<\/li>\n<li>Zv\u011bt\u0161en\u00e9 zorn\u00e9 pole 50&#215;100 mm<\/li>\n<li>Funkce brusn\u00fd m\u00f3d<\/li>\n<li>Integrovan\u00fd rozvod vzduchu<\/li>\n<li>Nejvy\u0161\u0161\u00ed t\u0159\u00edda ochrany d\u00fdchac\u00edch cest &#8211; TH3<\/li>\n<\/ul>\n<p>[\/vc_column_text][\/vc_tta_section][vc_tta_section i_icon_fontawesome=&#8220;fa fa-cog&#8220; add_icon=&#8220;true&#8220; title=&#8220;Komplety, p\u0159\u00edslu\u0161enstv\u00ed, filtry&#8220; tab_id=&#8220;1513153137048-5f8c31c5-30ea&#8220;][vc_column_text]<\/p>\n<table style=\"width: 70.08%; height: 166px;\">\n<tbody>\n<tr style=\"height: 24px;\">\n<td style=\"text-align: left; height: 24px; width: 87.0693%;\" colspan=\"2\"><span style=\"color: #be0300;\"><strong>Kompletn\u00ed kukly<\/strong><\/span><\/td>\n<\/tr>\n<tr style=\"height: 24px;\">\n<td style=\"text-align: left; height: 24px; width: 85.12%;\">Sv\u00e1\u0159e\u010dsk\u00e1 kukla AerTEC\u2122 OptoMAX Air s\u00a0kazetou a\u00a0rozvodem vzduchu, st\u0159\u00edbrn\u00e1<\/td>\n<td style=\"text-align: center; height: 24px; width: 1.94932%;\">70.4441.600<\/td>\n<\/tr>\n<tr style=\"height: 24px;\">\n<td style=\"text-align: left; height: 24px; width: 85.12%;\">Sv\u00e1\u0159e\u010dsk\u00e1 kukla AerTEC\u2122 OptoMAX Air s\u00a0kazetou a\u00a0rozvodem vzduchu, \u010dern\u00e1<\/td>\n<td style=\"text-align: center; height: 24px; width: 1.94932%;\">70.4441.601<\/td>\n<\/tr>\n<tr style=\"height: 24px;\">\n<td style=\"text-align: left; height: 24px; width: 85.12%;\">Sv\u00e1\u0159e\u010dsk\u00e1 kukla AerTEC\u2122 OptoMAX s\u00a0kazetou (bez rozv. vzduchu), st\u0159\u00edbrn\u00e1<\/td>\n<td style=\"text-align: center; height: 24px; width: 1.94932%;\">40.1006.500<\/td>\n<\/tr>\n<tr style=\"height: 22px;\">\n<td style=\"text-align: left; height: 22px; width: 85.12%;\">Sv\u00e1\u0159e\u010dsk\u00e1 kukla AerTEC\u2122 OptoMAX s\u00a0kazetou (bez rozv. vzduchu), \u010dern\u00e1<\/td>\n<td style=\"text-align: center; height: 22px; width: 1.94932%;\">40.1006.501<\/td>\n<\/tr>\n<tr style=\"height: 24px;\">\n<td style=\"text-align: left; height: 24px; width: 85.12%;\">Ready 2 Weld set &#8211; CA AerGO\u00ae&amp;OptoMAX v p\u0159epravn\u00ed ta\u0161ce<\/td>\n<td style=\"text-align: center; height: 24px; width: 1.94932%;\">30.4441.601<\/td>\n<\/tr>\n<tr style=\"height: 24px;\">\n<td style=\"text-align: left; height: 24px; width: 85.12%;\">Ready 2 Weld set &#8211; CA BASIC&amp;OptoMAX v p\u0159epravn\u00ed ta\u0161ce<\/td>\n<td style=\"text-align: center; height: 24px; width: 1.94932%;\">81.4441.601<\/td>\n<\/tr>\n<\/tbody>\n<\/table>\n<p>&nbsp;[\/vc_column_text][\/vc_tta_section][vc_tta_section i_icon_fontawesome=&#8220;fa fa-wrench&#8220; add_icon=&#8220;true&#8220; title=&#8220;Technick\u00e1 data&#8220; tab_id=&#8220;1513153797992-792040b0-82c9&#8243;][vc_column_text]<\/p>\n<table>\n<tbody>\n<tr>\n<td style=\"text-align: left;\" colspan=\"2\"><span style=\"color: #be0300;\"><strong>Technick\u00e1 data<\/strong><\/span><\/td>\n<\/tr>\n<tr>\n<td style=\"text-align: left;\">Hmotnost<\/td>\n<td style=\"text-align: center;\">505g (695g s rozvodem vzduchu)<\/td>\n<\/tr>\n<tr>\n<td style=\"text-align: left;\">Rozm\u011br kazety<\/td>\n<td style=\"text-align: center;\">110x90x7 mm<\/td>\n<\/tr>\n<tr>\n<td style=\"text-align: left;\">Stupn\u011b zatmaven\u00ed<\/td>\n<td style=\"text-align: center;\">DIN 5-13<br \/>\nSv\u011btl\u00fd stav DIN 4<\/td>\n<\/tr>\n<tr>\n<td style=\"text-align: left;\">Zorn\u00e9 pole (ADF)<\/td>\n<td style=\"text-align: center;\">50&#215;100 mm<\/td>\n<\/tr>\n<tr>\n<td style=\"text-align: left;\">P\u0159ipojen\u00ed hadice<\/td>\n<td style=\"text-align: center;\">QuickLOCK\u2122<\/td>\n<\/tr>\n<tr>\n<td style=\"text-align: left;\">Certifikace<\/td>\n<td style=\"text-align: center;\">EN 379 1\/1\/1\/1, EN 175 B, EN 12941 TH3, EN 14594 3B<\/td>\n<\/tr>\n<tr>\n<td style=\"text-align: left;\">Ochrann\u00fd faktor (NPF)<\/td>\n<td style=\"text-align: center;\">500<\/td>\n<\/tr>\n<\/tbody>\n<\/table>\n<p>[\/vc_column_text][\/vc_tta_section][vc_tta_section i_icon_fontawesome=&#8220;fa fa-download&#8220; add_icon=&#8220;true&#8220; title=&#8220;Ke sta\u017een\u00ed&#8220; tab_id=&#8220;1513154098935-95c74e4f-fa1e&#8220;][vc_column_text]<a href=\"https:\/\/www.clean-air.cz\/wp-content\/uploads\/2020\/01\/PS-704441600-1-R0-OptoMAX-air.pdf\" target=\"_blank\" rel=\"noopener noreferrer\">PS-704441600-1-R0 OptoMAX air<\/a><\/p>\n<p><a href=\"https:\/\/www.clean-air.cz\/wp-content\/uploads\/2020\/05\/CNA-092-R01-UM-AerTEC-OptoMAX_RangeMAX_SeeMAX-DIGI.pdf\" target=\"_blank\" rel=\"noopener noreferrer\">User manual &#8211; AerTEC OptoMAX_RangeMAX_SeeMAX<\/a><\/p>\n<p><a href=\"https:\/\/www.clean-air.cz\/wp-content\/uploads\/2020\/09\/DA-088_-_40-1006-501_-_OptoMAXwoairdistribution_-_EN.pdf\">DA-088_-_40-1006-501_-_OptoMAXwoairdistribution_-_EN<\/a>[\/vc_column_text][\/vc_tta_section][vc_tta_section i_icon_fontawesome=&#8220;fa fa-picture-o&#8220; add_icon=&#8220;true&#8220; title=&#8220;Galerie&#8220; tab_id=&#8220;1515415801460-0c2258c9-4574&#8243;][vc_gallery type=&#8220;image_grid&#8220; images=&#8220;7810,7816,7821&#8243; img_size=&#8220;medium&#8220; css_animation=&#8220;fadeIn&#8220; css=&#8220;.vc_custom_1574775642728{padding-left: 280px !important;}&#8220; el_class=&#8220;optomax_gallery&#8220;][\/vc_tta_section][\/vc_tta_tabs][\/vc_column][\/vc_row][vc_row][vc_column][vc_separator][\/vc_column][\/vc_row]<\/p>\n","protected":false},"excerpt":{"rendered":"<p>[vc_row][vc_column width=&#8220;1\/2&#8243;][vc_gallery interval=&#8220;3&#8243; images=&#8220;10495,10500,10505&#8243; img_size=&#8220;large&#8220;][\/vc_column][vc_column width=&#8220;1\/2&#8243;][vc_column_text]Perfektn\u00ed vid\u011bn\u00ed p\u0159i sva\u0159ov\u00e1n\u00ed d\u00edky \u0161pi\u010dkov\u00e9 technologii samostm\u00edvac\u00edch kazet zna\u010dky Optrel Funkce Autopilot &#8211; pln\u011b automatizovan\u00e9 nastaven\u00ed stupn\u011b tmavosti pro libovolnou sv\u00e1\u0159e\u010dskou aplikaci v\u00a0rozsahu 5-13. P\u0159irozen\u00e9 barvy v\u00a0cel\u00e9m rozsahu a\u00a0ultra-HD kvalit\u011b v\u00a0optick\u00e9 t\u0159\u00edd\u011b 1\/1\/1\/1. Integrovan\u00fd rozvod p\u0159iv\u00e1d\u00ed vzduch p\u0159\u00edmo do d\u00fdchac\u00ed z\u00f3ny.[\/vc_column_text][\/vc_column][\/vc_row][vc_row][vc_column width=&#8220;1\/3&#8243;][vc_column_text]Automatick\u00e9 stm\u00edv\u00e1n\u00ed Technologie Adaptive Shade Autopilot automaticky nastavuje ztmaven\u00ed podle toho, jak sva\u0159ujete. Senzor jasu okam\u017eit\u011b detekuje zm\u011bny v intenzit\u011b sva\u0159ovac\u00edho oblouku a<\/p>\n<p><a class=\"more-link\" href=\"https:\/\/www.clean-air.cz\/cs\/hlavove-dily\/svareci-kukly\/aertec-optomax\/\">Read More<\/a><\/p>\n","protected":false},"author":11,"featured_media":0,"parent":3369,"menu_order":0,"comment_status":"closed","ping_status":"closed","template":"","meta":{"footnotes":""},"_links":{"self":[{"href":"https:\/\/www.clean-air.cz\/cs\/wp-json\/wp\/v2\/pages\/9019"}],"collection":[{"href":"https:\/\/www.clean-air.cz\/cs\/wp-json\/wp\/v2\/pages"}],"about":[{"href":"https:\/\/www.clean-air.cz\/cs\/wp-json\/wp\/v2\/types\/page"}],"author":[{"embeddable":true,"href":"https:\/\/www.clean-air.cz\/cs\/wp-json\/wp\/v2\/users\/11"}],"replies":[{"embeddable":true,"href":"https:\/\/www.clean-air.cz\/cs\/wp-json\/wp\/v2\/comments?post=9019"}],"version-history":[{"count":0,"href":"https:\/\/www.clean-air.cz\/cs\/wp-json\/wp\/v2\/pages\/9019\/revisions"}],"up":[{"embeddable":true,"href":"https:\/\/www.clean-air.cz\/cs\/wp-json\/wp\/v2\/pages\/3369"}],"wp:attachment":[{"href":"https:\/\/www.clean-air.cz\/cs\/wp-json\/wp\/v2\/media?parent=9019"}],"curies":[{"name":"wp","href":"https:\/\/api.w.org\/{rel}","templated":true}]}}