{"id":8145,"date":"2019-12-06T09:31:05","date_gmt":"2019-12-06T08:31:05","guid":{"rendered":"https:\/\/www.clean-air.cz\/hlavove-dily\/brusne-stity\/aertec-seemax\/"},"modified":"2021-11-29T12:59:12","modified_gmt":"2021-11-29T11:59:12","slug":"aertec-seemax","status":"publish","type":"page","link":"https:\/\/www.clean-air.cz\/cs\/hlavove-dily\/brusne-stity\/aertec-seemax\/","title":{"rendered":"AerTEC\u2122 SeeMAX"},"content":{"rendered":"<p>[vc_row][vc_column width=&#8220;1\/2&#8243;][vc_gallery interval=&#8220;3&#8243; images=&#8220;10665,10655,10660,10670&#8243; img_size=&#8220;large&#8220; el_class=&#8220;seemax_gallery&#8220;][\/vc_column][vc_column width=&#8220;1\/2&#8243;][vc_column_text]<strong><span style=\"font-size: 14pt; color: #be0300;\">P\u0159i ochran\u011b obli\u010deje je v\u017edy nutn\u00e9 m\u00edt neomezen\u00fd ostr\u00fd v\u00fdhled a perfektn\u00ed podm\u00ednky k d\u00fdch\u00e1n\u00ed.<\/span><\/strong><\/p>\n<p>Kombinace prakticky neomezen\u00e9ho zorn\u00e9ho pole spolecne s\u00a0integrovan\u00fdm rozvodem vzduchu a\u00a0jeho nastavitelnou distribuc\u00ed, cin\u00ed ze SeeMAX ide\u00e1ln\u00ed prostredek ochrany obliceje a\u00a0d\u00fdchac\u00edch cest s nejvy\u0161\u0161\u00ed \u00farovn\u00ed ochrany. Snadn\u00e1 vymena predn\u00edho zorn\u00edku za variantu DIN3 nebo DIN5 roz\u0161iruje syst\u00e9m na perfektn\u00ed prostredek pro plamenov\u00e9 metody svarov\u00e1n\u00ed a rez\u00e1n\u00ed.[\/vc_column_text][\/vc_column][\/vc_row][vc_row][vc_column][vc_tta_tabs style=&#8220;modern&#8220; shape=&#8220;square&#8220; active_section=&#8220;1&#8243; no_fill_content_area=&#8220;true&#8220; title=&#8220;Details&#8220;][vc_tta_section i_icon_fontawesome=&#8220;fa fa-industry&#8220; add_icon=&#8220;true&#8220; title=&#8220;Oblasti pou\u017eit\u00ed&#8220; tab_id=&#8220;1513150336358-68add988-e9ea&#8220;][vc_column_text]<span style=\"color: #be0300;\"><strong>Oblasti pou\u017eit\u00ed<\/strong><\/span><\/p>\n<p>Brou\u0161en\u00ed, automobilov\u00fd prumysl, lak\u00fdrnictv\u00ed, stavebn\u00ed prumysl, chemick\u00fd prumysl, potravin\u00e1rsk\u00fd prumysl, te\u017ek\u00fd prumysl, prumyslov\u00e9 ci\u0161ten\u00ed, zemedelstv\u00ed.<br \/>\n[\/vc_column_text][\/vc_tta_section][vc_tta_section i_icon_fontawesome=&#8220;fa fa-thumbs-o-up&#8220; add_icon=&#8220;true&#8220; title=&#8220;Funkce a benefity&#8220; tab_id=&#8220;1513150336359-b7b65468-8021&#8243;][vc_column_text]<span style=\"color: #be0300;\"><strong>Funkce a benefity<br \/>\n<\/strong><\/span><\/p>\n<ul>\n<li>Lehk\u00fd a komfortn\u00ed &#8211; d\u00edky minimalizovan\u00e9 hmotnosti pouh\u00fdch 495 g a ergonomick\u00e9mu p\u0159izpusoben\u00ed<\/li>\n<li>SeeMAX vytv\u00e1\u0159\u00ed nov\u00fd standard pro pohodln\u00e9 no\u0161en\u00ed<\/li>\n<li>\u0160irok\u00fd zorn\u00edk zaji\u0161\u0165uje t\u00e9m\u011b\u0159 neomezen\u00fd p\u0159ehled o va\u0161em pracovn\u00edm prostoru<\/li>\n<li>Regulovateln\u00fd rozvod vzduchu &#8211; oto\u010dn\u00fd sp\u00edna\u010d lze pou\u017e\u00edt k p\u0159iv\u00e1d\u011bn\u00ed 20 % studen\u00e9ho vzduchu na \u010delo.<\/li>\n<li>Snadno vym\u011bniteln\u00fd p\u0159edn\u00ed zorn\u00edk s tmavost\u00ed DIN5 roz\u0161i\u0159uje syst\u00e9m na dokonalou ochranu pro efektivn\u00ed \u0159ez\u00e1n\u00ed plasmou.<\/li>\n<li>Predn\u00ed zorn\u00edk DIN 3 &#8211; vhodn\u00fd pro plamenov\u00e9 metody<\/li>\n<\/ul>\n<p>[\/vc_column_text][\/vc_tta_section][vc_tta_section i_icon_fontawesome=&#8220;fa fa-cog&#8220; add_icon=&#8220;true&#8220; title=&#8220;Sety, p\u0159\u00edslu\u0161enstv\u00ed, filtry&#8220; tab_id=&#8220;1513153137048-5f8c31c5-30ea&#8220;][vc_column_text]<\/p>\n<table>\n<tbody>\n<tr>\n<td style=\"text-align: left;\" colspan=\"2\"><span style=\"color: #be0300;\"><strong>Complete hoods<\/strong><\/span><\/td>\n<\/tr>\n<tr>\n<td style=\"text-align: left;\">Brusn\u00fd \u0161t\u00edt AerTEC\u2122 SeeMAX vcetne hlavov\u00e9ho kr\u00ed\u017ee a rozvodu vzduchu<\/td>\n<td style=\"text-align: center;\">70.4900.020<\/td>\n<\/tr>\n<tr>\n<td style=\"text-align: left;\">Ready 2 Work set CA BASIC SeeMAX in duffel bag<\/td>\n<td style=\"text-align: center;\">81.4900.020<\/td>\n<\/tr>\n<\/tbody>\n<\/table>\n<table style=\"width: 100%; height: 240px;\">\n<tbody>\n<tr style=\"height: 24px;\">\n<td style=\"text-align: left; height: 24px; width: 99.8243%;\" colspan=\"2\"><span style=\"color: #be0300;\"><strong>Spare parts, accessories<\/strong><\/span><\/td>\n<\/tr>\n<tr style=\"height: 24px;\">\n<td style=\"text-align: left; height: 24px; width: 85.5888%;\">Brusn\u00fd \u0161t\u00edt AerTEC\u2122 SeeMAX Air vcetne rozvodu vzduchu<\/td>\n<td style=\"text-align: center; height: 24px; width: 14.2355%;\">70.4900.020<\/td>\n<\/tr>\n<tr style=\"height: 24px;\">\n<td style=\"text-align: left; height: 24px; width: 85.5888%;\">Polykarbon\u00e1tov\u00fd brusn\u00fd zorn\u00edk (balen\u00ed 10 ks)<\/td>\n<td style=\"text-align: center; height: 24px; width: 14.2355%;\">40.5000.038<\/td>\n<\/tr>\n<tr style=\"height: 24px;\">\n<td style=\"text-align: left; height: 24px; width: 85.5888%;\">Ochrann\u00e1 f\u00f3lie na zorn\u00edk (balen\u00ed 10 ks)<\/td>\n<td style=\"text-align: center; height: 24px; width: 14.2355%;\">40.5000.039<\/td>\n<\/tr>\n<tr style=\"height: 24px;\">\n<td style=\"text-align: left; height: 24px; width: 85.5888%;\">N\u00e1hradn\u00ed zorn\u00edk DIN 5 (balen\u00ed 2 ks)<\/td>\n<td style=\"text-align: center; height: 24px; width: 14.2355%;\">40.5000.048<\/td>\n<\/tr>\n<tr style=\"height: 24px;\">\n<td style=\"text-align: left; height: 24px; width: 85.5888%;\">N\u00e1hradn\u00ed zorn\u00edk DIN 3 (balen\u00ed 2 ks)<\/td>\n<td style=\"text-align: center; height: 24px; width: 14.2355%;\">40.5000.049<\/td>\n<\/tr>\n<tr style=\"height: 24px;\">\n<td style=\"text-align: left; height: 24px; width: 85.5888%;\">Spare visor (DIN 3) AerTEC\u2122 SeeMAX 2 pc<\/td>\n<td style=\"text-align: center; height: 24px; width: 14.2355%;\">40.5000.049<\/td>\n<\/tr>\n<tr style=\"height: 24px;\">\n<td style=\"text-align: left; height: 24px; width: 85.5888%;\">Predn\u00ed celov\u00e1 p\u00e1ska pro AerTEC\u2122 RangeMAX\/SeeMAX\/OptoMAX (balen\u00ed 2 ks)<\/td>\n<td style=\"text-align: center; height: 24px; width: 14.2355%;\">40.5004.073<\/td>\n<\/tr>\n<tr style=\"height: 24px;\">\n<td style=\"text-align: left; height: 24px; width: 85.5888%;\">Zadn\u00ed n\u00e1hlavn\u00ed p\u00e1ska pro AerTEC\u2122 RangeMAX\/SeeMAX\/OptoMAX (balen\u00ed 2 ks)<\/td>\n<td style=\"text-align: center; height: 24px; width: 14.2355%;\">40.5004.020<\/td>\n<\/tr>\n<tr style=\"height: 24px;\">\n<td style=\"text-align: left; height: 24px; width: 85.5888%;\">N\u00e1hlavn\u00ed kr\u00ed\u017e &#8211; cern\u00fd, AerTEC\u2122 RangeMAX\/OptoMAX\/SeeMAX<\/td>\n<td style=\"text-align: center; height: 24px; width: 14.2355%;\">40.5003.250<\/td>\n<\/tr>\n<tr>\n<td style=\"text-align: left; width: 85.5888%;\">Rou\u0161ka AerTEC\u2122 SeeMAX<\/td>\n<td style=\"text-align: center; width: 14.2355%;\">40.4156.010<\/td>\n<\/tr>\n<\/tbody>\n<\/table>\n<p>[\/vc_column_text][\/vc_tta_section][vc_tta_section i_icon_fontawesome=&#8220;fa fa-wrench&#8220; add_icon=&#8220;true&#8220; title=&#8220;Technick\u00e1 data&#8220; tab_id=&#8220;1513153797992-792040b0-82c9&#8243;][vc_column_text]<br \/>\n&nbsp;<\/p>\n<table>\n<tbody>\n<tr>\n<td style=\"text-align: left;\">Hmotnost<\/td>\n<td style=\"text-align: center;\">495 g<\/td>\n<\/tr>\n<tr>\n<td style=\"text-align: left;\">Konektor hadice<\/td>\n<td style=\"text-align: center;\">QuickLOCK\u2122<\/td>\n<\/tr>\n<tr>\n<td style=\"text-align: left;\">Zorn\u00edk<\/td>\n<td style=\"text-align: center;\">\u010dir\u00fd, odst\u00edn DIN 3 a 5<\/td>\n<\/tr>\n<tr>\n<td style=\"text-align: left;\">Certifikace<\/td>\n<td style=\"text-align: center;\">EN 166, EN 175 B,<br \/>\nEN 12941 TH3, EN 14594 3B<\/td>\n<\/tr>\n<tr>\n<td style=\"text-align: left;\">Ochrann\u00fd faktor (NPF)<\/td>\n<td style=\"text-align: center;\">500<\/td>\n<\/tr>\n<\/tbody>\n<\/table>\n<p>[\/vc_column_text][\/vc_tta_section][vc_tta_section i_icon_fontawesome=&#8220;fa fa-download&#8220; add_icon=&#8220;true&#8220; title=&#8220;Downloads&#8220; tab_id=&#8220;1513154098935-95c74e4f-fa1e&#8220;][vc_column_text]<a href=\"https:\/\/www.clean-air.cz\/wp-content\/uploads\/2020\/01\/PS-704900020-1-R0-SeemMAX-air.pdf\" target=\"_blank\" rel=\"noopener noreferrer\">PS-704900020-1-R0 SeemMAX air<\/a><\/p>\n<p><a href=\"https:\/\/www.clean-air.cz\/wp-content\/uploads\/2020\/09\/DA-089_-_70-4900-020_-_SeeMAX_-_EN.pdf\">DA-089_-_70-4900-020_-_SeeMAX_-_EN<\/a><\/p>\n<p><a href=\"https:\/\/www.clean-air.cz\/wp-content\/uploads\/2020\/05\/CNA-092-R01-UM-AerTEC-OptoMAX_RangeMAX_SeeMAX-DIGI.pdf\" target=\"_blank\" rel=\"noopener\">User manual \u2013 AerTEC OptoMAX_RangeMAX_SeeMAX<\/a>[\/vc_column_text][\/vc_tta_section][vc_tta_section i_icon_fontawesome=&#8220;fa fa-picture-o&#8220; add_icon=&#8220;true&#8220; title=&#8220;Gallery&#8220; tab_id=&#8220;1515415801460-0c2258c9-4574&#8243;][vc_gallery type=&#8220;image_grid&#8220; images=&#8220;8126,8135,8140&#8243; img_size=&#8220;medium&#8220; css_animation=&#8220;fadeIn&#8220; css=&#8220;.vc_custom_1575621055714{padding-left: 280px !important;}&#8220; el_class=&#8220;ca-3_gallery&#8220;][\/vc_tta_section][\/vc_tta_tabs][\/vc_column][\/vc_row]<\/p>\n","protected":false},"excerpt":{"rendered":"<p>[vc_row][vc_column width=&#8220;1\/2&#8243;][vc_gallery interval=&#8220;3&#8243; images=&#8220;10665,10655,10660,10670&#8243; img_size=&#8220;large&#8220; el_class=&#8220;seemax_gallery&#8220;][\/vc_column][vc_column width=&#8220;1\/2&#8243;][vc_column_text]P\u0159i ochran\u011b obli\u010deje je v\u017edy nutn\u00e9 m\u00edt neomezen\u00fd ostr\u00fd v\u00fdhled a perfektn\u00ed podm\u00ednky k d\u00fdch\u00e1n\u00ed. Kombinace prakticky neomezen\u00e9ho zorn\u00e9ho pole spolecne s\u00a0integrovan\u00fdm rozvodem vzduchu a\u00a0jeho nastavitelnou distribuc\u00ed, cin\u00ed ze SeeMAX ide\u00e1ln\u00ed prostredek ochrany obliceje a\u00a0d\u00fdchac\u00edch cest s nejvy\u0161\u0161\u00ed \u00farovn\u00ed ochrany. Snadn\u00e1 vymena predn\u00edho zorn\u00edku za variantu DIN3 nebo DIN5 roz\u0161iruje syst\u00e9m na perfektn\u00ed prostredek pro plamenov\u00e9 metody svarov\u00e1n\u00ed a rez\u00e1n\u00ed.[\/vc_column_text][\/vc_column][\/vc_row][vc_row][vc_column][vc_tta_tabs style=&#8220;modern&#8220; shape=&#8220;square&#8220; active_section=&#8220;1&#8243; no_fill_content_area=&#8220;true&#8220;<\/p>\n<p><a class=\"more-link\" href=\"https:\/\/www.clean-air.cz\/cs\/hlavove-dily\/brusne-stity\/aertec-seemax\/\">Read More<\/a><\/p>\n","protected":false},"author":11,"featured_media":0,"parent":3257,"menu_order":0,"comment_status":"closed","ping_status":"closed","template":"","meta":{"footnotes":""},"_links":{"self":[{"href":"https:\/\/www.clean-air.cz\/cs\/wp-json\/wp\/v2\/pages\/8145"}],"collection":[{"href":"https:\/\/www.clean-air.cz\/cs\/wp-json\/wp\/v2\/pages"}],"about":[{"href":"https:\/\/www.clean-air.cz\/cs\/wp-json\/wp\/v2\/types\/page"}],"author":[{"embeddable":true,"href":"https:\/\/www.clean-air.cz\/cs\/wp-json\/wp\/v2\/users\/11"}],"replies":[{"embeddable":true,"href":"https:\/\/www.clean-air.cz\/cs\/wp-json\/wp\/v2\/comments?post=8145"}],"version-history":[{"count":0,"href":"https:\/\/www.clean-air.cz\/cs\/wp-json\/wp\/v2\/pages\/8145\/revisions"}],"up":[{"embeddable":true,"href":"https:\/\/www.clean-air.cz\/cs\/wp-json\/wp\/v2\/pages\/3257"}],"wp:attachment":[{"href":"https:\/\/www.clean-air.cz\/cs\/wp-json\/wp\/v2\/media?parent=8145"}],"curies":[{"name":"wp","href":"https:\/\/api.w.org\/{rel}","templated":true}]}}