{"id":7791,"date":"2019-11-19T13:24:57","date_gmt":"2019-11-19T12:24:57","guid":{"rendered":"https:\/\/www.clean-air.cz\/system-osobni-ochrany-dychacich-cest\/cleanair-chemical-2f-ex\/"},"modified":"2026-03-12T15:08:33","modified_gmt":"2026-03-12T14:08:33","slug":"cleanair-chemical-2f-ex","status":"publish","type":"page","link":"https:\/\/www.clean-air.cz\/cs\/system-osobni-ochrany-dychacich-cest\/cleanair-chemical-2f-ex\/","title":{"rendered":"CleanAIR\u00ae Chemical 2F EX"},"content":{"rendered":"<p>[vc_row][vc_column width=&#8220;1\/2&#8243;][vc_gallery interval=&#8220;0&#8243; images=&#8220;11124,11114,11119,11129,11134&#8243; img_size=&#8220;large&#8220;][\/vc_column][vc_column width=&#8220;1\/2&#8243;][vc_column_text]<strong><span style=\"font-size: 14pt; color: #be0300;\"><sup>V\u0161estrann\u00e1 odoln\u00e1 jednotka nov\u011b dostupn\u00e1 ve verzi ATEX, kter\u00e1 m\u016f\u017ee b\u00fdt vyu\u017e\u00edv\u00e1na ve v\u00fdbu\u0161n\u00fdch atmosf\u00e9r\u00e1ch.<\/sup><\/span><\/strong><\/p>\n<p>Jednotka Chemical 2F je navzdory sv\u00e9mu kompaktn\u00edmu designu a n\u00edzk\u00e9 hmotnosti nab\u00edz\u00ed v\u00fdjime\u010dnou odolnost\u00ed a chemickou odolnost\u00ed a zv\u00fd\u0161enou ochranou proti pr\u016fniku. Unik\u00e1tn\u00ed syst\u00e9m automatick\u00e9ho zav\u00edr\u00e1n\u00ed zabra\u0148uje necht\u011bn\u00e9 kontaminaci p\u0159i v\u00fdm\u011bn\u011b filtru. Syst\u00e9m Flow Control udr\u017euje stabiln\u00ed pr\u016ftok vzduchu nez\u00e1visle na zanesen\u00ed filtru a nabit\u00ed baterie. Zvukov\u00fd a sv\u011bteln\u00fd alarm indikuje n\u00edzk\u00e9 nabit\u00ed baterie \u010di pot\u0159ebu v\u00fdm\u011bny filtru. Pr\u016ftok vzduchu je mo\u017en\u00e9 nastavit od 120 l\/m do 235 l\/m.<\/p>\n<p>.[\/vc_column_text][\/vc_column][\/vc_row][vc_row][vc_column][vc_tta_tabs style=&#8220;modern&#8220; shape=&#8220;square&#8220; active_section=&#8220;1&#8243; no_fill_content_area=&#8220;true&#8220; title=&#8220;Details&#8220;][vc_tta_section i_icon_fontawesome=&#8220;fa fa-industry&#8220; add_icon=&#8220;true&#8220; title=&#8220;Oblasti pou\u017eit\u00ed&#8220; tab_id=&#8220;1513150336358-68add988-e9ea&#8220;][vc_column_text]<span style=\"color: #be0300;\"><strong>Oblasti pou\u017eit\u00ed <\/strong><\/span><\/p>\n<ul>\n<li>Potenci\u00e1ln\u011b v\u00fdbu\u0161n\u00e9 atmosf\u00e9ry \u2013 schv\u00e1leno do z\u00f3ny 2<\/li>\n<li>T\u011b\u017ek\u00e9 pr\u016fmyslov\u00e9 prost\u0159ed\u00ed v\u010detn\u011b chemick\u00e9ho a farmaceutick\u00e9ho pr\u016fmyslu<\/li>\n<li>Sana\u010dn\u00ed pr\u00e1ce, laborato\u0159e<\/li>\n<li>Z\u00e1chran\u00e1\u0159sk\u00e9 t\u00fdmy<\/li>\n<li>Biologick\u00e1 ochrana<\/li>\n<\/ul>\n<p>[\/vc_column_text][\/vc_tta_section][vc_tta_section i_icon_fontawesome=&#8220;fa fa-thumbs-o-up&#8220; add_icon=&#8220;true&#8220; title=&#8220;Funkce a  v\u00fdhody&#8220; tab_id=&#8220;1513150336359-b7b65468-8021&#8243;][vc_column_text]<span style=\"color: #be0300;\"><strong>Funkce a v\u00fdhody<\/strong><\/span><\/p>\n<ul>\n<li>Kompaktn\u00ed design a n\u00edzk\u00e1 hmotnost<\/li>\n<li>Potenci\u00e1ln\u011b v\u00fdbu\u0161n\u00e9 atmosf\u00e9ry \u2013 schv\u00e1leno do z\u00f3ny<\/li>\n<li>Kompatibiln\u00ed s kuklou, maskou nebo ochrann\u00fdm p\u0159etlakov\u00fdm oblekem<\/li>\n<li>Vysok\u00e1 mechanick\u00e1 a chemick\u00e1 ochrana<\/li>\n<li>Zv\u00fd\u0161en\u00e1 ochrana proti pr\u016fniku umo\u017e\u0148uje dekontaminaci sprchou \u010di \u00fapln\u00fdm pono\u0159en\u00edmI (IP64\/IP65\/IP68)<\/li>\n<li>Barevn\u00fd displej \u010dist\u011b ukazuje v\u0161e pot\u0159ebn\u00e9 &#8211; zanesen\u00ed filtru, stav baterie a pr\u016ftok vzduchu<\/li>\n<li>Syst\u00e9m Flow Control udr\u017euje stabiln\u00ed pr\u016ftok vzduchu nehled\u011b na zanesen\u00ed filtru \u010di nabit\u00ed baterie<\/li>\n<li>Kr\u00e1tk\u00fd \u010das nab\u00edjen\u00ed baterie &lt; 3 hodiny<\/li>\n<li>Zvukov\u00fd a vizu\u00e1ln\u00ed alarm<\/li>\n<li>V\u00edcejazy\u010dn\u00e9 u\u017eivatelsk\u00e9 prost\u0159ed\u00ed<\/li>\n<\/ul>\n<p>[\/vc_column_text][\/vc_tta_section][vc_tta_section i_icon_fontawesome=&#8220;fa fa-cog&#8220; add_icon=&#8220;true&#8220; title=&#8220;Complete sets, accessories, filters&#8220; tab_id=&#8220;1513153137048-5f8c31c5-30ea&#8220;][vc_column_text]<\/p>\n<table style=\"width: 100%; height: 576px;\">\n<tbody>\n<tr style=\"height: 24px;\">\n<td style=\"text-align: left; width: 99.84%; height: 24px;\" colspan=\"2\"><span style=\"color: #be0300;\"><strong>Complete sets<\/strong><\/span><\/td>\n<\/tr>\n<tr style=\"height: 24px;\">\n<td style=\"text-align: left; width: 82.88%; height: 24px;\">CleanAIR\u00ae Chemical 2F Ex &#8211; incl. flexi hose QuickLOCK\u2122, comfort belt Ex, UK charger<\/td>\n<td style=\"text-align: center; width: 16.96%; height: 24px;\">51 E0 00FCU<\/td>\n<\/tr>\n<tr style=\"height: 48px;\">\n<td style=\"text-align: left; width: 82.88%; height: 48px;\">CleanAIR\u00ae Chemical 2F Ex \u2013 incl. PVC belt, Li-Ion battery, charger, light flexi hose QuickLOCK\u2122, flow indicator<\/td>\n<td style=\"text-align: center; width: 16.96%; height: 48px;\">51 E0 00FD<\/td>\n<\/tr>\n<tr style=\"height: 24px;\">\n<td style=\"text-align: left; width: 82.88%; height: 24px;\">Short hood CA-1, orange<\/td>\n<td style=\"text-align: center; width: 16.96%; height: 24px;\">72 01 02<\/td>\n<\/tr>\n<tr style=\"height: 24px;\">\n<td style=\"text-align: left; width: 82.88%; height: 24px;\">Short hood CA-1, blue<\/td>\n<td style=\"text-align: center; width: 16.96%; height: 24px;\">72 01 02B<\/td>\n<\/tr>\n<tr style=\"height: 24px;\">\n<td style=\"text-align: left; width: 82.88%; height: 24px;\">Long hood CA-2, orange<\/td>\n<td style=\"text-align: center; width: 16.96%; height: 24px;\">72 02 02<\/td>\n<\/tr>\n<tr style=\"height: 24px;\">\n<td style=\"text-align: left; width: 82.88%; height: 24px;\">Long hood CA-2, blue<\/td>\n<td style=\"text-align: center; width: 16.96%; height: 24px;\">72 02 02B<\/td>\n<\/tr>\n<tr style=\"height: 24px;\">\n<td style=\"text-align: left; width: 82.88%; height: 24px;\">Long protective hood CA-10, chemically resistant<\/td>\n<td style=\"text-align: center; width: 16.96%; height: 24px;\">72 10 02<\/td>\n<\/tr>\n<tr style=\"height: 24px;\">\n<td style=\"text-align: left; width: 82.88%; height: 24px;\">Protective face shield UniMask, grey<\/td>\n<td style=\"text-align: center; width: 16.96%; height: 24px;\">72 03 00.01<\/td>\n<\/tr>\n<tr style=\"height: 24px;\">\n<td style=\"text-align: left; width: 99.84%; height: 24px;\" colspan=\"2\"><span style=\"color: #be0300;\"><strong>Spare parts, accessories<\/strong><\/span><\/td>\n<\/tr>\n<tr style=\"height: 24px;\">\n<td style=\"text-align: left; width: 82.88%; height: 24px;\">Standard battery, Li-Ion (14,4 V \/ 2,6 Ah)<\/td>\n<td style=\"text-align: center; width: 16.96%; height: 24px;\">51 00 10<\/td>\n<\/tr>\n<tr style=\"height: 24px;\">\n<td style=\"text-align: left; width: 82.88%; height: 24px;\">Power adaptor 230 V for the main socket<\/td>\n<td style=\"text-align: center; width: 16.96%; height: 24px;\">51 00 15.1<\/td>\n<\/tr>\n<tr style=\"height: 24px;\">\n<td style=\"text-align: left; width: 82.88%; height: 24px;\">Power adaptor 12 &#8211; 24 V &#8211; car power socket<\/td>\n<td style=\"text-align: center; width: 16.96%; height: 24px;\">51 00 15.2<\/td>\n<\/tr>\n<tr style=\"height: 24px;\">\n<td style=\"text-align: left; width: 82.88%; height: 24px;\">Charger Li-Ion 14,4 V &#8211; EURO plug<\/td>\n<td style=\"text-align: center; width: 16.96%; height: 24px;\">51 00 30EUR<\/td>\n<\/tr>\n<tr style=\"height: 24px;\">\n<td style=\"text-align: left; width: 82.88%; height: 24px;\">Charger Li-Ion 14,4 V &#8211; UK plug<\/td>\n<td style=\"text-align: center; width: 16.96%; height: 24px;\">51 00 30UK<\/td>\n<\/tr>\n<tr style=\"height: 24px;\">\n<td style=\"text-align: left; width: 82.88%; height: 24px;\">Battery charger AUS plug<\/td>\n<td style=\"text-align: center; width: 16.96%; height: 24px;\">51 00 30AUS<\/td>\n<\/tr>\n<tr style=\"height: 24px;\">\n<td style=\"text-align: left; width: 82.88%; height: 24px;\">Set of decontamination plugs &#8211; 2F<\/td>\n<td style=\"text-align: center; width: 16.96%; height: 24px;\">51 00 46<\/td>\n<\/tr>\n<tr style=\"height: 24px;\">\n<td style=\"text-align: left; width: 82.88%; height: 24px;\">Light flexi hose QuickLOCK\u2122 &#8211; CA40x1\/7\u201d<\/td>\n<td style=\"text-align: center; width: 16.96%; height: 24px;\">71 00 60<\/td>\n<\/tr>\n<tr style=\"height: 24px;\">\n<td style=\"text-align: left; width: 82.88%; height: 24px;\">Rubber hose QuickLOCK\u2122 &#8211; CA40x1\/7\u201d<\/td>\n<td style=\"text-align: center; width: 16.96%; height: 24px;\">71 00 86<\/td>\n<\/tr>\n<tr style=\"height: 24px;\">\n<td style=\"text-align: left; width: 99.84%; height: 24px;\" colspan=\"2\"><span style=\"color: #be0300;\"><strong>CleanAIR\u00ae Chemical 2F Ex &#8211; compatible filters<\/strong><\/span><\/td>\n<\/tr>\n<tr style=\"height: 24px;\">\n<td style=\"text-align: left; width: 99.84%; height: 24px;\" colspan=\"2\">Compatible with all the CleanAIR\u00ae particle and combined filters with RD40\u00d71\/7\u201c thread<\/td>\n<\/tr>\n<\/tbody>\n<\/table>\n<p>[\/vc_column_text][\/vc_tta_section][vc_tta_section i_icon_fontawesome=&#8220;fa fa-wrench&#8220; add_icon=&#8220;true&#8220; title=&#8220;Technick\u00e1 data&#8220; tab_id=&#8220;1513153797992-792040b0-82c9&#8243;][vc_column_text]<\/p>\n<table>\n<tbody>\n<tr>\n<td style=\"text-align: left;\">Hmotnost<\/td>\n<td style=\"text-align: center;\">960 g (v\u010detn\u011b baterie)<\/td>\n<\/tr>\n<tr>\n<td style=\"text-align: left;\">Rozm\u011bry<\/td>\n<td style=\"text-align: center;\">240 mm \/ 110 mm \/ 120 mm<\/td>\n<\/tr>\n<tr>\n<td style=\"text-align: left;\">Pr\u016ftok vzduchu<\/td>\n<td style=\"text-align: center;\">nastaviteln\u00fd od 120 do 235 l\/m<\/td>\n<\/tr>\n<tr>\n<td style=\"text-align: left;\">Alarm<\/td>\n<td style=\"text-align: center;\">zvukov\u00fd, vizu\u00e1ln\u00ed<\/td>\n<\/tr>\n<tr>\n<td style=\"text-align: left;\">Doba provozu* \/ nab\u00edjen\u00ed<\/td>\n<td style=\"text-align: center;\">&lt; 10 \/ &lt; 3 h<\/td>\n<\/tr>\n<tr>\n<td style=\"text-align: left;\">Akumul\u00e1tor<\/td>\n<td style=\"text-align: center;\">Li-Ion 14,4 V \/ 2,6 Ah (standard)<\/td>\n<\/tr>\n<tr>\n<td style=\"text-align: left;\">P\u0159ipojen\u00ed hadice<\/td>\n<td style=\"text-align: center;\">CA40x1\/7\u201c<\/td>\n<\/tr>\n<tr>\n<td style=\"text-align: left;\">Certifikace<\/td>\n<td style=\"text-align: center;\">EN 12941 TH3<br \/>\nEN 12942 TM3<\/td>\n<\/tr>\n<tr>\n<td style=\"text-align: left;\">Ochrana proti proniknut\u00ed<\/td>\n<td style=\"text-align: center;\">IP64 \/ IP65 \/ IP68<\/td>\n<\/tr>\n<tr>\n<td style=\"text-align: left;\">ATEX klasifikace<\/td>\n<td style=\"text-align: center;\">\u00a0II 3 G IIB T4 Gc<br \/>\nII 3 D IIIC 135\u00b0C Dc<\/td>\n<\/tr>\n<tr>\n<td style=\"text-align: left;\" colspan=\"2\"><em>* at 160 lpm with brand new P R SL filters and fully charged battery<\/em><\/td>\n<\/tr>\n<\/tbody>\n<\/table>\n<p>[\/vc_column_text][\/vc_tta_section][vc_tta_section i_icon_fontawesome=&#8220;fa fa-download&#8220; add_icon=&#8220;true&#8220; title=&#8220;Downloads&#8220; tab_id=&#8220;1513154098935-95c74e4f-fa1e&#8220;][vc_column_text]<a href=\"https:\/\/www.clean-air.cz\/wp-content\/uploads\/2025\/06\/GR-CNA051-R10-Navod-2F-DIGI.pdf\">Chemical 2F &#8211; user manual<\/a><\/p>\n<p><a href=\"https:\/\/www.clean-air.cz\/wp-content\/uploads\/2025\/07\/PS-51E000-1-R4-Chemical-2F-EX.pdf\">Declaration of confornity &#8211; Chemical 2F EX<\/a><\/p>\n<p><a href=\"https:\/\/www.clean-air.cz\/wp-content\/uploads\/2026\/03\/DA-079_-_51E000_-_Chemical_2F_Ex_-_EN.pdf\">DA-079_-_51E000_-_Chemical_2F_Ex_-_EN<\/a>[\/vc_column_text][\/vc_tta_section][vc_tta_section i_icon_fontawesome=&#8220;fa fa-picture-o&#8220; add_icon=&#8220;true&#8220; title=&#8220;Gallery&#8220; tab_id=&#8220;1515415801460-0c2258c9-4574&#8243;][vc_gallery type=&#8220;image_grid&#8220; images=&#8220;7475,7505,7490,7495,7500,7510&#8243; img_size=&#8220;medium&#8220; css_animation=&#8220;fadeIn&#8220; css=&#8220;.vc_custom_1574166270960{padding-left: 280px !important;}&#8220;][\/vc_tta_section][\/vc_tta_tabs][\/vc_column][\/vc_row]<\/p>\n","protected":false},"excerpt":{"rendered":"<p>[vc_row][vc_column width=&#8220;1\/2&#8243;][vc_gallery interval=&#8220;0&#8243; images=&#8220;11124,11114,11119,11129,11134&#8243; img_size=&#8220;large&#8220;][\/vc_column][vc_column width=&#8220;1\/2&#8243;][vc_column_text]V\u0161estrann\u00e1 odoln\u00e1 jednotka nov\u011b dostupn\u00e1 ve verzi ATEX, kter\u00e1 m\u016f\u017ee b\u00fdt vyu\u017e\u00edv\u00e1na ve v\u00fdbu\u0161n\u00fdch atmosf\u00e9r\u00e1ch. Jednotka Chemical 2F je navzdory sv\u00e9mu kompaktn\u00edmu designu a n\u00edzk\u00e9 hmotnosti nab\u00edz\u00ed v\u00fdjime\u010dnou odolnost\u00ed a chemickou odolnost\u00ed a zv\u00fd\u0161enou ochranou proti pr\u016fniku. Unik\u00e1tn\u00ed syst\u00e9m automatick\u00e9ho zav\u00edr\u00e1n\u00ed zabra\u0148uje necht\u011bn\u00e9 kontaminaci p\u0159i v\u00fdm\u011bn\u011b filtru. Syst\u00e9m Flow Control udr\u017euje stabiln\u00ed pr\u016ftok vzduchu nez\u00e1visle na zanesen\u00ed filtru a nabit\u00ed baterie. Zvukov\u00fd a sv\u011bteln\u00fd alarm<\/p>\n<p><a class=\"more-link\" href=\"https:\/\/www.clean-air.cz\/cs\/system-osobni-ochrany-dychacich-cest\/cleanair-chemical-2f-ex\/\">Read More<\/a><\/p>\n","protected":false},"author":11,"featured_media":0,"parent":3385,"menu_order":0,"comment_status":"closed","ping_status":"closed","template":"","meta":{"footnotes":""},"_links":{"self":[{"href":"https:\/\/www.clean-air.cz\/cs\/wp-json\/wp\/v2\/pages\/7791"}],"collection":[{"href":"https:\/\/www.clean-air.cz\/cs\/wp-json\/wp\/v2\/pages"}],"about":[{"href":"https:\/\/www.clean-air.cz\/cs\/wp-json\/wp\/v2\/types\/page"}],"author":[{"embeddable":true,"href":"https:\/\/www.clean-air.cz\/cs\/wp-json\/wp\/v2\/users\/11"}],"replies":[{"embeddable":true,"href":"https:\/\/www.clean-air.cz\/cs\/wp-json\/wp\/v2\/comments?post=7791"}],"version-history":[{"count":0,"href":"https:\/\/www.clean-air.cz\/cs\/wp-json\/wp\/v2\/pages\/7791\/revisions"}],"up":[{"embeddable":true,"href":"https:\/\/www.clean-air.cz\/cs\/wp-json\/wp\/v2\/pages\/3385"}],"wp:attachment":[{"href":"https:\/\/www.clean-air.cz\/cs\/wp-json\/wp\/v2\/media?parent=7791"}],"curies":[{"name":"wp","href":"https:\/\/api.w.org\/{rel}","templated":true}]}}