{"id":7544,"date":"2019-11-25T08:16:57","date_gmt":"2019-11-25T07:16:57","guid":{"rendered":"https:\/\/www.clean-air.cz\/d-bug\/"},"modified":"2020-08-31T14:11:55","modified_gmt":"2020-08-31T12:11:55","slug":"d-bug","status":"publish","type":"page","link":"https:\/\/www.clean-air.cz\/cs\/system-osobni-ochrany-dychacich-cest\/d-bug\/","title":{"rendered":"D-Bug"},"content":{"rendered":"<p>[vc_row][vc_column width=&#8220;1\/2&#8243;][vc_gallery interval=&#8220;3&#8243; images=&#8220;7523&#8243; img_size=&#8220;large&#8220;][\/vc_column][vc_column width=&#8220;1\/2&#8243;][vc_column_text]<strong><span style=\"font-size: 14pt; color: #be0300;\">V\u00fdjime\u010dn\u011b lehk\u00e1 jednotka s \u0161irok\u00fdmi mo\u017enostmi pou\u017eit\u00ed.<\/span><\/strong><\/p>\n<p>CleanAIR<sup>\u00ae<\/sup> D-BUG nab\u00edz\u00ed pou\u017eit\u00ed \u010d\u00e1sticov\u00e9ho nebo kombinovan\u00e9ho filtru na lehk\u00e9 jednotce, kterou lze napojit p\u0159\u00edmo na celoobli\u010dejovou masku. Toto \u0159e\u0161en\u00ed nab\u00edz\u00ed ochranu proti \u0161kodliv\u00fdm \u010d\u00e1stic\u00edm, plyn\u016fm \u010di v\u00fdpar\u016fm.<\/p>\n<p>Jednotku je mo\u017en\u00e9 nosit bu\u010f p\u0159\u00edmo na masce nebo na opasku. Vysoce efektivn\u00ed filtr nab\u00edz\u00ed vysok\u00fd ochrann\u00fd faktor (NPF 2000) a dostate\u010dn\u00fd proud vzduchu. Jednotka je vybavena nov\u00fdm motorem, kter\u00fd nab\u00eddne konstantn\u00ed rychlost a bateriov\u00fd indik\u00e1tor. Jednotka m\u016f\u017ee b\u00fdt dekontaminov\u00e1na pomoc\u00ed sprchy.<\/p>\n<p>&nbsp;[\/vc_column_text][vc_btn title=&#8220;See our full range of PAPR&#8220; shape=&#8220;square&#8220; color=&#8220;juicy-pink&#8220; size=&#8220;lg&#8220; align=&#8220;left&#8220; i_icon_fontawesome=&#8220;fa fa-info-circle&#8220; css_animation=&#8220;none&#8220; add_icon=&#8220;true&#8220; link=&#8220;url:https%3A%2F%2Fwww.clean-air.cz%2Fcs%2Fsystem-osobni-ochrany-dychacich-cest%2F|title:See%20our%20full%20range%20of%20PAPR%21|&#8220;][\/vc_column][\/vc_row][vc_row][vc_column][vc_tta_tabs style=&#8220;modern&#8220; shape=&#8220;square&#8220; active_section=&#8220;1&#8243; no_fill_content_area=&#8220;true&#8220; title=&#8220;Detaily&#8220;][vc_tta_section i_icon_fontawesome=&#8220;fa fa-industry&#8220; add_icon=&#8220;true&#8220; title=&#8220;Oblasti pou\u017eit\u00ed&#8220; tab_id=&#8220;1513150336358-68add988-e9ea&#8220;][vc_column_text]<span style=\"color: #be0300;\"><strong>Oblasti pou\u017eit\u00ed<\/strong><\/span><\/p>\n<p>Syst\u00e9m je vhodn\u00fd pro pou\u017eit\u00ed v r\u016fzn\u00fdch prost\u0159ed\u00edch s \u010d\u00e1sticovou a chemickou kontaminac\u00ed, jako jsou nap\u0159\u00edklad stavebn\u00ed pr\u016fmysl, zem\u011bd\u011blstv\u00ed, ve\u0159ejn\u00e1 spr\u00e1va, sanace, odstra\u0148ov\u00e1n\u00ed sk\u016fdc\u016f.[\/vc_column_text][\/vc_tta_section][vc_tta_section i_icon_fontawesome=&#8220;fa fa-thumbs-o-up&#8220; add_icon=&#8220;true&#8220; title=&#8220;Funkce a benefity&#8220; tab_id=&#8220;1513150336359-b7b65468-8021&#8243;][vc_column_text]<span style=\"color: #be0300;\"><strong>Funkce a benefity<\/strong><\/span><\/p>\n<ul>\n<li>M\u016f\u017ee b\u00fdt pou\u017eit\u00fd s \u010d\u00e1sticov\u00fdm nebo kombinovan\u00fdm filtrem<\/li>\n<li>Kompaktn\u00ed design a n\u00edzk\u00e1 hmotnost<\/li>\n<li>Jednoduch\u00e9 ovl\u00e1d\u00e1n\u00ed<\/li>\n<li>Indik\u00e1tor n\u00edzk\u00e9ho nabit\u00ed baterie<\/li>\n<li>Mo\u017en\u00e9 p\u0159ipevnit p\u0159\u00edmo na masku nebo na opasek<\/li>\n<li>Dekontaminovateln\u00fd pomoc\u00ed sprchy<\/li>\n<li>Doba provozu a\u017e 7 h z\u00e1vis\u00ed na pr\u016ftoku vzduchu a pou\u017eit\u00e9m filtru<\/li>\n<li>Kompatibiln\u00ed s celoobli\u010dejov\u00fdmi maskami Shigematsu GX02 \u010di CF02<\/li>\n<li>Vysok\u00fd nomin\u00e1ln\u00ed ochrann\u00fd faktor NPF 2000<\/li>\n<\/ul>\n<p>[\/vc_column_text][\/vc_tta_section][vc_tta_section i_icon_fontawesome=&#8220;fa fa-cog&#8220; add_icon=&#8220;true&#8220; title=&#8220;Kompletn\u00ed sery, p\u0159\u00edslu\u0161enstv\u00ed, filtery&#8220; tab_id=&#8220;1513153137048-5f8c31c5-30ea&#8220;][vc_column_text]<br \/>\n&nbsp;<\/p>\n<table style=\"width: 113.12%;\">\n<tbody>\n<tr>\n<td style=\"text-align: left; width: 86.9382%;\"><span style=\"color: #be0300;\"><strong>Kompletn\u00ed filtry<\/strong><\/span><\/td>\n<td style=\"text-align: center; width: 25.7582%;\"><\/td>\n<\/tr>\n<tr>\n<td style=\"text-align: left; width: 86.9382%;\">CleanAIR\u00ae D-Bug v\u010detn\u011b p\u0159\u00edslu\u0161enstv\u00ed (baterie, 2x filtr ABEP, hadice 350mm, nab\u00edje\u010dka, opasek and findik\u00e1tor pr\u016ftoku \u2013 bez masky!)<\/td>\n<td style=\"text-align: center; width: 25.7582%;\">49 00 02<\/td>\n<\/tr>\n<tr>\n<td style=\"text-align: left; width: 86.9382%;\">CleanAIR\u00ae Asbest v\u010detn\u011b dvou bateri\u00ed, filtr, hadice s dr\u017e\u00e1kem, nab\u00edje\u010dka \u2013 bez masky<\/td>\n<td style=\"text-align: center; width: 25.7582%;\">59 00 02T<\/td>\n<\/tr>\n<\/tbody>\n<\/table>\n<table style=\"width: 113.44%; height: 216px;\">\n<tbody>\n<tr style=\"height: 24px;\">\n<td style=\"text-align: left; width: 126.136%; height: 24px;\" colspan=\"2\"><span style=\"color: #be0300;\"><strong>N\u00e1hradn\u00ed d\u00edly \/ p\u0159\u00edslu\u0161enstv\u00ed<\/strong><\/span><\/td>\n<\/tr>\n<tr style=\"height: 24px;\">\n<td style=\"text-align: left; width: 86.5151%; height: 24px;\">Gumov\u00e1 hadice v\u010detn\u011b dr\u017e\u00e1ku<\/td>\n<td style=\"text-align: center; width: 39.6213%; height: 24px;\">56 00 20<\/td>\n<\/tr>\n<tr style=\"height: 24px;\">\n<td style=\"text-align: left; width: 86.5151%; height: 24px;\">Vym\u011bniteln\u00e1 baterie Li-Ion CA Asbest\/D-bug 7,2 V \/ 2,6 Ah<\/td>\n<td style=\"text-align: center; width: 39.6213%; height: 24px;\">59 00 13<\/td>\n<\/tr>\n<tr style=\"height: 24px;\">\n<td style=\"text-align: left; width: 86.5151%; height: 24px;\">CleanAIR Asbest\/D-bug Li-Ion nab\u00edje\u010dk, multiplug<\/td>\n<td style=\"text-align: center; width: 39.6213%; height: 24px;\">59 00 30<\/td>\n<\/tr>\n<tr style=\"height: 24px;\">\n<td style=\"text-align: left; width: 86.5151%; height: 24px;\">CleanAIR\u00ae Asbest bez baterie a filtru<\/td>\n<td style=\"text-align: center; width: 39.6213%; height: 24px;\">59 00 00<\/td>\n<\/tr>\n<tr style=\"height: 24px;\">\n<td style=\"text-align: left; width: 86.5151%; height: 24px;\">Lehk\u00e1 hadice flexi pro CleanAIR\u00ae Asbest\/D-Bug<\/td>\n<td style=\"text-align: center; width: 39.6213%; height: 24px;\">70 00 87CA<\/td>\n<\/tr>\n<tr style=\"height: 24px;\">\n<td style=\"text-align: left; width: 86.5151%; height: 24px;\">Gumov\u00e1 hadice pro CA Asbest\/D-bug<\/td>\n<td style=\"text-align: center; width: 39.6213%; height: 24px;\">70 00 97<\/td>\n<\/tr>\n<tr style=\"height: 24px;\">\n<td style=\"text-align: left; width: 126.136%; height: 24px;\" colspan=\"2\"><span style=\"color: #be0300;\"><strong>Kompatibiln\u00ed filtry<\/strong><\/span><\/td>\n<\/tr>\n<tr style=\"height: 24px;\">\n<td style=\"text-align: left; width: 86.5151%; height: 24px;\">Filtr P R SL for CleanAIR\u00ae Asbest<span style=\"color: #be0300;\"><strong><br \/>\n<\/strong><\/span><\/td>\n<td style=\"width: 39.6213%; height: 24px; text-align: center;\">\u00a070 00 97<\/td>\n<\/tr>\n<\/tbody>\n<\/table>\n<p>[\/vc_column_text][\/vc_tta_section][vc_tta_section i_icon_fontawesome=&#8220;fa fa-wrench&#8220; add_icon=&#8220;true&#8220; title=&#8220;Technick\u00e1 data&#8220; tab_id=&#8220;1513153797992-792040b0-82c9&#8243;][vc_column_text]<\/p>\n<table style=\"border-collapse: collapse; width: 100%; height: 168px;\">\n<tbody>\n<tr style=\"height: 24px;\">\n<td style=\"width: 50%; height: 24px;\">Hmotnost<\/td>\n<td style=\"width: 50%; height: 24px; text-align: center;\">210 g (bez filtru a baterie)<\/td>\n<\/tr>\n<tr style=\"height: 24px;\">\n<td style=\"width: 50%; height: 24px; text-align: left;\">Pr\u016ftok vzduchu<\/td>\n<td style=\"width: 50%; height: 24px; text-align: center;\">200 l\/min s P R SL \u010d\u00e1sticov\u00fd filtr<br \/>\n100 l\/min s A1B1E1P R SL kombinovan\u00fd filtr<\/td>\n<\/tr>\n<tr style=\"height: 24px;\">\n<td style=\"width: 50%; height: 24px;\">Typ filtru<\/td>\n<td style=\"width: 50%; height: 24px; text-align: center;\">\u010c\u00e1sticov\u00fd P R SL<br \/>\nKombinovan\u00fd A1B1E1P R SL<\/td>\n<\/tr>\n<tr style=\"height: 24px;\">\n<td style=\"width: 50%; height: 24px;\">Baterie<\/td>\n<td style=\"text-align: center; width: 50%; height: 24px;\">Li-Ion 7,2 V \/ 2,6 Ah<\/td>\n<\/tr>\n<tr style=\"height: 24px;\">\n<td style=\"width: 50%; height: 24px;\">Doba provozu<\/td>\n<td style=\"width: 50%; text-align: center; height: 24px;\">460 min s P R SL filtrem<br \/>\n510 min s kombinovan\u00fdm A1B1E1P R SL filtr<\/td>\n<\/tr>\n<tr style=\"height: 24px;\">\n<td style=\"width: 50%; height: 24px;\">Ochrann\u00fd faktor (NPF)<\/td>\n<td style=\"width: 50%; height: 24px; text-align: center;\">2000<\/td>\n<\/tr>\n<tr style=\"height: 24px;\">\n<td style=\"width: 50%; height: 24px;\">Certifikace<\/td>\n<td style=\"text-align: center; width: 50%;\">EN 12942 TM3<\/td>\n<\/tr>\n<\/tbody>\n<\/table>\n<p>[\/vc_column_text][\/vc_tta_section][vc_tta_section i_icon_fontawesome=&#8220;fa fa-download&#8220; add_icon=&#8220;true&#8220; title=&#8220;Ke sta\u017een\u00ed&#8220; tab_id=&#8220;1513154098935-95c74e4f-fa1e&#8220;][vc_column_text][\/vc_column_text][\/vc_tta_section][vc_tta_section i_icon_fontawesome=&#8220;fa fa-picture-o&#8220; add_icon=&#8220;true&#8220; title=&#8220;Galerie&#8220; tab_id=&#8220;1515415801460-0c2258c9-4574&#8243;][vc_gallery type=&#8220;image_grid&#8220; images=&#8220;7523,7528,7533&#8243; img_size=&#8220;medium&#8220; css_animation=&#8220;fadeIn&#8220; css=&#8220;.vc_custom_1574666218266{padding-left: 280px !important;}&#8220;][\/vc_tta_section][\/vc_tta_tabs][\/vc_column][\/vc_row]<\/p>\n","protected":false},"excerpt":{"rendered":"<p>[vc_row][vc_column width=&#8220;1\/2&#8243;][vc_gallery interval=&#8220;3&#8243; images=&#8220;7523&#8243; img_size=&#8220;large&#8220;][\/vc_column][vc_column width=&#8220;1\/2&#8243;][vc_column_text]V\u00fdjime\u010dn\u011b lehk\u00e1 jednotka s \u0161irok\u00fdmi mo\u017enostmi pou\u017eit\u00ed. CleanAIR\u00ae D-BUG nab\u00edz\u00ed pou\u017eit\u00ed \u010d\u00e1sticov\u00e9ho nebo kombinovan\u00e9ho filtru na lehk\u00e9 jednotce, kterou lze napojit p\u0159\u00edmo na celoobli\u010dejovou masku. Toto \u0159e\u0161en\u00ed nab\u00edz\u00ed ochranu proti \u0161kodliv\u00fdm \u010d\u00e1stic\u00edm, plyn\u016fm \u010di v\u00fdpar\u016fm. Jednotku je mo\u017en\u00e9 nosit bu\u010f p\u0159\u00edmo na masce nebo na opasku. Vysoce efektivn\u00ed filtr nab\u00edz\u00ed vysok\u00fd ochrann\u00fd faktor (NPF 2000) a dostate\u010dn\u00fd proud vzduchu. Jednotka je vybavena nov\u00fdm motorem, kter\u00fd<\/p>\n<p><a class=\"more-link\" href=\"https:\/\/www.clean-air.cz\/cs\/system-osobni-ochrany-dychacich-cest\/d-bug\/\">Read More<\/a><\/p>\n","protected":false},"author":11,"featured_media":0,"parent":3385,"menu_order":0,"comment_status":"closed","ping_status":"closed","template":"","meta":{"footnotes":""},"_links":{"self":[{"href":"https:\/\/www.clean-air.cz\/cs\/wp-json\/wp\/v2\/pages\/7544"}],"collection":[{"href":"https:\/\/www.clean-air.cz\/cs\/wp-json\/wp\/v2\/pages"}],"about":[{"href":"https:\/\/www.clean-air.cz\/cs\/wp-json\/wp\/v2\/types\/page"}],"author":[{"embeddable":true,"href":"https:\/\/www.clean-air.cz\/cs\/wp-json\/wp\/v2\/users\/11"}],"replies":[{"embeddable":true,"href":"https:\/\/www.clean-air.cz\/cs\/wp-json\/wp\/v2\/comments?post=7544"}],"version-history":[{"count":0,"href":"https:\/\/www.clean-air.cz\/cs\/wp-json\/wp\/v2\/pages\/7544\/revisions"}],"up":[{"embeddable":true,"href":"https:\/\/www.clean-air.cz\/cs\/wp-json\/wp\/v2\/pages\/3385"}],"wp:attachment":[{"href":"https:\/\/www.clean-air.cz\/cs\/wp-json\/wp\/v2\/media?parent=7544"}],"curies":[{"name":"wp","href":"https:\/\/api.w.org\/{rel}","templated":true}]}}