{"id":3385,"date":"2018-11-27T10:35:54","date_gmt":"2018-11-27T09:35:54","guid":{"rendered":"https:\/\/www.clean-air.cz\/system-osobni-ochrany-dychacich-cest\/"},"modified":"2026-01-23T15:05:13","modified_gmt":"2026-01-23T14:05:13","slug":"system-osobni-ochrany-dychacich-cest","status":"publish","type":"page","link":"https:\/\/www.clean-air.cz\/cs\/system-osobni-ochrany-dychacich-cest\/","title":{"rendered":"Filtra\u010dn\u011b-ventila\u010dn\u00ed jednotky"},"content":{"rendered":"<p>[vc_row css=&#8220;.vc_custom_1515063137650{background-color: #ffffff !important;}&#8220;][vc_column][vc_column_text]<strong>CleanAIR\u00ae je syst\u00e9m osobn\u00ed ochrany d\u00fdchac\u00edch cest<\/strong>, zalo\u017een\u00fd na principu p\u0159etlaku filtrovan\u00e9ho vzduchu v d\u00fdchac\u00ed z\u00f3n\u011b. Filtra\u010dn\u00ed jednotka um\u00edst\u011bn\u00e1 na opasku u\u017eivatele filtruje vzduch nas\u00e1van\u00fd z okoln\u00edho prost\u0159ed\u00ed, kter\u00fd je pak vzduchovou hadic\u00ed dod\u00e1v\u00e1n do ochrann\u00e9 kukly nebo masky. Vznikl\u00fd p\u0159etlak zabra\u0148uje vniknut\u00ed \u0161kodlivin do d\u00fdchac\u00ed z\u00f3ny. Tento m\u00edrn\u00fd p\u0159etlak z\u00e1rove\u0148 zaji\u0161\u0165uje vysok\u00fd u\u017eivatelsk\u00fd komfort i p\u0159i dlouhodob\u00e9m no\u0161en\u00ed bez nutnosti p\u0159ekon\u00e1vat d\u00fdchac\u00ed odpor filtru.[\/vc_column_text][vc_tta_tour style=&#8220;modern&#8220; shape=&#8220;square&#8220; gap=&#8220;1&#8243; active_section=&#8220;1&#8243; no_fill_content_area=&#8220;true&#8220;][vc_tta_section title=&#8220;AerGO\u00ae&#8220; tab_id=&#8220;1515061200914-4dd3150e-98ab&#8220;][vc_column_text]<img loading=\"lazy\" decoding=\"async\" class=\"size-medium wp-image-355 alignnone\" src=\"https:\/\/www.clean-air.cz\/wp-content\/uploads\/2018\/06\/AerGO_particle_standard-iso-copy-300x160.jpg\" alt=\"\" width=\"300\" height=\"160\" \/><\/p>\n<h3>CleanAIR<sup>\u00ae<\/sup>\u00a0AerGO<sup>\u00ae<\/sup><\/h3>\n<p>CleanAIR\u00ae AerGO\u00ae je univerz\u00e1ln\u00ed filtra\u010dn\u011b-ventila\u010dn\u00ed jednotka ur\u010den\u00e1 k osobn\u00ed ochran\u011b d\u00fdchac\u00edch cest v pra\u0161n\u00fdch pr\u016fmyslov\u00fdch provozech, v\u010detn\u011b aplikac\u00ed s v\u00fdskytem \u0161kodlivin ve form\u011b plyn\u016f a par.<br \/>\nJednotka je vybavena \u0159\u00edzen\u00edm konstantn\u00edho pr\u016ftoku vzduchu a vysp\u011bl\u00fdm elektronick\u00fdm syst\u00e9mem varov\u00e1n\u00ed u\u017eivatele v p\u0159\u00edpad\u011b n\u00e1hl\u00e9ho poklesu pr\u016ftoku, \u010di n\u00edzk\u00e9ho stavu nabit\u00ed akumul\u00e1toru. Ergonomick\u00fd tvar, n\u00edzk\u00e1 hmotnost a n\u00edzk\u00fd profil jednotky zaru\u010duj\u00ed vysok\u00fd komfort pou\u017e\u00edv\u00e1n\u00ed i v prostorech s omezenou mo\u017enost\u00ed pohybu. Kompatibiln\u00ed s \u0161irokou nab\u00eddkou hlavov\u00fdch d\u00edl\u016f CleanAIR\u00ae pro r\u016fzn\u00e9 pr\u016fmyslov\u00e9 aplikace.<\/p>\n<p><strong>Oblast pou\u017eit\u00ed<\/strong><br \/>\nPra\u0161n\u00e1 pr\u016fmyslov\u00e1 prost\u0159ed\u00ed v\u010detn\u011b aplikac\u00ed s v\u00fdskytem \u0161kodlivin ve form\u011b plyn\u016f a par sva\u0159ov\u00e1n\u00ed, brou\u0161en\u00ed, \u00fapravy povrch\u016f.<br \/>\n[\/vc_column_text][vc_btn title=&#8220;V\u00edce informac\u00ed o produktu&#8220; shape=&#8220;square&#8220; color=&#8220;juicy-pink&#8220; i_icon_fontawesome=&#8220;fa fa-arrow-right&#8220; add_icon=&#8220;true&#8220; link=&#8220;url:https%3A%2F%2Fwww.clean-air.cz%2Fcs%2Fsystem-osobni-ochrany-dychacich-cest%2Fcleanair-aergo%2F|title:CleanAIR%C2%AE%20AerGO%C2%AE|&#8220;][\/vc_tta_section][vc_tta_section title=&#8220;Basic&#8220; tab_id=&#8220;1530276190645-38128f59-6835&#8243;][vc_column_text]<img loading=\"lazy\" decoding=\"async\" class=\"wp-image-358 size-medium alignnone\" src=\"https:\/\/www.clean-air.cz\/wp-content\/uploads\/2018\/06\/EVO_shadow-iso-copy-300x300.jpg\" alt=\"\" width=\"300\" height=\"300\" srcset=\"https:\/\/www.clean-air.cz\/wp-content\/uploads\/2018\/06\/EVO_shadow-iso-copy-300x300.jpg 300w, https:\/\/www.clean-air.cz\/wp-content\/uploads\/2018\/06\/EVO_shadow-iso-copy-150x150.jpg 150w, https:\/\/www.clean-air.cz\/wp-content\/uploads\/2018\/06\/EVO_shadow-iso-copy-768x768.jpg 768w, https:\/\/www.clean-air.cz\/wp-content\/uploads\/2018\/06\/EVO_shadow-iso-copy.jpg 800w, https:\/\/www.clean-air.cz\/wp-content\/uploads\/2018\/06\/EVO_shadow-iso-copy-250x250.jpg 250w\" sizes=\"(max-width: 300px) 100vw, 300px\" \/><\/p>\n<h3>CleanAIR<sup>\u00ae<\/sup> Basic<\/h3>\n<p>CleanAIR\u00ae BASIC 2000 pro\u0161el evoluc\u00ed \u2026\u010casem prov\u011b\u0159en\u00e1 konstrukce z\u00edskala nov\u00fd design a obsahuje nejnov\u011bj\u0161\u00ed technologie. To v\u0161e za velmi p\u0159\u00edznivou cenu. Nov\u00fd Basic &#8211; lehk\u00fd, kompaktn\u00ed a vylep\u0161en\u00fd.<br \/>\nBasic poskytuje efektivn\u00ed ochranu v prost\u0159ed\u00edch obsahuj\u00edc\u00edch \u0161kodliv\u00e9 \u010d\u00e1stice ve form\u011b pevn\u00fdch a kapaln\u00fdch aerosol\u016f jako je prach, kou\u0159, v\u00fdpary a vl\u00e1kna. Jednotka je vybavena Li-ion akumul\u00e1torem, elektronikou zaji\u0161\u0165uj\u00edc\u00ed konstantn\u00ed pr\u016ftok vzduchu a vysp\u011bl\u00fdm syst\u00e9mem pro varov\u00e1n\u00ed u\u017eivatele v p\u0159\u00edpad\u011b n\u00edzk\u00e9ho pr\u016ftoku vzduchu, nebo p\u0159i poklesu nap\u011bt\u00ed akumul\u00e1toru. Pr\u016ftok vzduchu lze pomoc\u00ed jedin\u00e9ho tla\u010d\u00edtka regulovat v p\u011bti kroc\u00edch v rozmez\u00ed 170 &#8211; 240 l\/min. V\u0161echny d\u016fle\u017eit\u00e9 informace jsou snadno viditeln\u00e9 d\u00edky nov\u00e9mu LED displeji.<\/p>\n<p><strong>Oblast pou\u017eit\u00ed<\/strong><br \/>\nSva\u0159ov\u00e1n\u00ed, brou\u0161en\u00ed, \u00fapravy povrch\u016f. pra\u0161n\u00e1 pr\u016fmyslov\u00e1 prost\u0159ed\u00ed, automobilov\u00fd a lodn\u00ed pr\u016fmysl, stavebnictv\u00ed a potravin\u00e1\u0159sk\u00fd pr\u016fmysl.[\/vc_column_text][vc_btn title=&#8220;V\u00edce informac\u00ed o produktu&#8220; shape=&#8220;square&#8220; color=&#8220;juicy-pink&#8220; i_icon_fontawesome=&#8220;fa fa-arrow-right&#8220; add_icon=&#8220;true&#8220; link=&#8220;url:https%3A%2F%2Fwww.clean-air.cz%2Fcs%2Fsystem-osobni-ochrany-dychacich-cest%2Fcleanair-basic%2F|title:CleanAIR%C2%AE%20Basic|&#8220;][\/vc_tta_section][vc_tta_section title=&#8220;Chemical 2F&#8220; tab_id=&#8220;1530276639151-8a5aee0e-3ef5&#8243;][vc_column_text]<img loading=\"lazy\" decoding=\"async\" class=\"wp-image-369 size-medium alignnone\" src=\"https:\/\/www.clean-air.cz\/wp-content\/uploads\/2018\/06\/2F-iso-copy-300x208.jpg\" alt=\"\" width=\"300\" height=\"208\" srcset=\"https:\/\/www.clean-air.cz\/wp-content\/uploads\/2018\/06\/2F-iso-copy-300x208.jpg 300w, https:\/\/www.clean-air.cz\/wp-content\/uploads\/2018\/06\/2F-iso-copy-768x531.jpg 768w, https:\/\/www.clean-air.cz\/wp-content\/uploads\/2018\/06\/2F-iso-copy-1024x709.jpg 1024w, https:\/\/www.clean-air.cz\/wp-content\/uploads\/2018\/06\/2F-iso-copy-800x554.jpg 800w, https:\/\/www.clean-air.cz\/wp-content\/uploads\/2018\/06\/2F-iso-copy.jpg 1156w\" sizes=\"(max-width: 300px) 100vw, 300px\" \/><\/p>\n<h3>Chemical 2F<\/h3>\n<p>Nov\u00e1 generace filtra\u010dn\u011b-ventila\u010dn\u00ed jednotky ur\u010den\u00e1 k filtraci \u0161kodlivin ve form\u011b plyn\u016f, par, \u010d\u00e1stic a jejich kombinac\u00ed.<br \/>\nKonstrukce jednotky umo\u017e\u0148uje snadnou dekontaminaci kapaln\u00fdmi dekontamina\u010dn\u00edmi prost\u0159edky d\u00edky ochran\u011b IP65. Unik\u00e1tn\u00ed automatick\u00fd uzav\u00edrac\u00ed syst\u00e9m dovoluje v p\u0159\u00edpad\u011b nutnosti v\u00fdm\u011bnu filtr\u016f i v kontaminovan\u00e9m prost\u0159ed\u00ed. Barevn\u00fd displej p\u0159ehledn\u011b zobrazuje v\u0161echny pot\u0159ebn\u00e9 informace<\/p>\n<p><strong>Oblast pou\u017eit\u00ed<\/strong><br \/>\nChemick\u00fd pr\u016fmysl, laborato\u0159e, farmaceutick\u00fd pr\u016fmysl[\/vc_column_text][vc_btn title=&#8220;V\u00edce informac\u00ed o produktu&#8220; shape=&#8220;square&#8220; color=&#8220;juicy-pink&#8220; i_icon_fontawesome=&#8220;fa fa-arrow-right&#8220; add_icon=&#8220;true&#8220; link=&#8220;url:https%3A%2F%2Fwww.clean-air.cz%2Fcs%2Fsystem-osobni-ochrany-dychacich-cest%2Fcleanair-chemical-2f%2F|title:CleanAIR%C2%AE%20Chemical%202F|&#8220;][\/vc_tta_section][vc_tta_section title=&#8220;Chemical 2F Ex&#8220; tab_id=&#8220;1574166504512-b25b76a4-3453&#8243;][vc_column_text]<img loading=\"lazy\" decoding=\"async\" class=\"alignnone wp-image-7474 size-medium\" src=\"https:\/\/www.clean-air.cz\/wp-content\/uploads\/2019\/11\/2F_Ex-iso-copy-300x197.jpg\" alt=\"\" width=\"300\" height=\"197\" srcset=\"https:\/\/www.clean-air.cz\/wp-content\/uploads\/2019\/11\/2F_Ex-iso-copy-300x197.jpg 300w, https:\/\/www.clean-air.cz\/wp-content\/uploads\/2019\/11\/2F_Ex-iso-copy-1024x672.jpg 1024w, https:\/\/www.clean-air.cz\/wp-content\/uploads\/2019\/11\/2F_Ex-iso-copy-768x504.jpg 768w, https:\/\/www.clean-air.cz\/wp-content\/uploads\/2019\/11\/2F_Ex-iso-copy-1536x1008.jpg 1536w, https:\/\/www.clean-air.cz\/wp-content\/uploads\/2019\/11\/2F_Ex-iso-copy-800x525.jpg 800w, https:\/\/www.clean-air.cz\/wp-content\/uploads\/2019\/11\/2F_Ex-iso-copy.jpg 1628w\" sizes=\"(max-width: 300px) 100vw, 300px\" \/><\/p>\n<h3>Chemical 2F Ex<\/h3>\n<p>Univerz\u00e1ln\u00ed odoln\u00e1\u00a0<strong>filtra\u010dn\u011b-ventila\u010dn\u00ed jednotka<\/strong>\u00a0dostupn\u00e1 ve verzi ATEX is, kter\u00e1 m\u016f\u017ee b\u00fdt vyu\u017e\u00edv\u00e1na v potenci\u00e1ln\u011b v\u00fdbu\u0161n\u00e9m prost\u0159ed\u00ed.<\/p>\n<p><strong>Oblasti pou\u017eit\u00ed<\/strong><\/p>\n<ul>\n<li>Potenci\u00e1ln\u011b v\u00fdbu\u0161n\u00e9 prost\u0159ed\u00ed\u00a0 \u2013 schv\u00e1len\u00e9 do Z\u00f3ny 2<\/li>\n<li>T\u011b\u017ek\u00fd pr\u016fmysl v\u010detn\u011b chemick\u00e9ho a farmaceutick\u00e9ho pr\u016fmyslu<\/li>\n<li>Sana\u010dn\u00ed pr\u00e1ce, laborato\u0159e<\/li>\n<li>Z\u00e1chran\u00e1\u0159i, hasi\u010di<\/li>\n<li>Biologick\u00e1 ochrana<\/li>\n<\/ul>\n<p>[\/vc_column_text][vc_btn title=&#8220;V\u00edce informac\u00ed o produktu&#8220; shape=&#8220;square&#8220; color=&#8220;juicy-pink&#8220; i_icon_fontawesome=&#8220;fa fa-arrow-right&#8220; add_icon=&#8220;true&#8220; link=&#8220;url:https%3A%2F%2Fwww.clean-air.cz%2Fcs%2Fsystem-osobni-ochrany-dychacich-cest%2Fcleanair-chemical-2f-ex%2F|title:CleanAIR%C2%AE%20Chemical%202F|&#8220;][\/vc_tta_section][vc_tta_section title=&#8220;Chemical 3F&#8220; tab_id=&#8220;1530276736801-eac49e6a-fd68&#8243;][vc_column_text]<img loading=\"lazy\" decoding=\"async\" class=\"wp-image-386 size-medium alignnone\" src=\"https:\/\/www.clean-air.cz\/wp-content\/uploads\/2018\/06\/3F_filters-iso-copy-300x227.jpg\" alt=\"\" width=\"300\" height=\"227\" srcset=\"https:\/\/www.clean-air.cz\/wp-content\/uploads\/2018\/06\/3F_filters-iso-copy-300x227.jpg 300w, https:\/\/www.clean-air.cz\/wp-content\/uploads\/2018\/06\/3F_filters-iso-copy-768x582.jpg 768w, https:\/\/www.clean-air.cz\/wp-content\/uploads\/2018\/06\/3F_filters-iso-copy-1024x776.jpg 1024w, https:\/\/www.clean-air.cz\/wp-content\/uploads\/2018\/06\/3F_filters-iso-copy-800x606.jpg 800w, https:\/\/www.clean-air.cz\/wp-content\/uploads\/2018\/06\/3F_filters-iso-copy.jpg 1056w\" sizes=\"(max-width: 300px) 100vw, 300px\" \/><\/p>\n<h3>Chemical 3F<\/h3>\n<p>Maxim\u00e1ln\u00ed v\u00fdkon, mechanick\u00e1 a chemick\u00e1 odolnost,\u00a0odolnost v\u016f\u010di UV z\u00e1\u0159en\u00ed a ochrana proti pr\u016fniku\u00a0IP65 zaji\u0161\u0165uj\u00ed dostate\u010dnou ochranu u\u017eivatele i ve\u00a0velmi t\u011b\u017ek\u00fdch pr\u016fmyslov\u00fdch provozech, chemick\u00e9m\u00a0pr\u016fmyslu, laborato\u0159\u00edch a farmacii. Barevn\u00fd displej\u00a0p\u0159ehledn\u011b zobrazuje v\u0161echny pot\u0159ebn\u00e9 informace.<\/p>\n<p><strong>Oblast pou\u017eit\u00ed<\/strong><br \/>\nChemick\u00fd pr\u016fmysl, laborato\u0159e, farmaceutick\u00fd pr\u016fmysl.[\/vc_column_text][vc_btn title=&#8220;V\u00edce informac\u00ed o produktu&#8220; shape=&#8220;square&#8220; color=&#8220;juicy-pink&#8220; i_icon_fontawesome=&#8220;fa fa-arrow-right&#8220; add_icon=&#8220;true&#8220; link=&#8220;url:https%3A%2F%2Fwww.clean-air.cz%2Fcs%2Fsystem-osobni-ochrany-dychacich-cest%2Fcleanair-chemical-3f%2F|title:CleanAIR%C2%AE%20Chemical%203F|&#8220;][\/vc_tta_section][vc_tta_section title=&#8220;Asbest&#8220; tab_id=&#8220;1530276814908-b565dc22-47f8&#8243;][vc_column_text]<img loading=\"lazy\" decoding=\"async\" class=\"wp-image-390 size-medium alignnone\" src=\"https:\/\/www.clean-air.cz\/wp-content\/uploads\/2018\/06\/ca-asbest-264x300.jpg\" alt=\"\" width=\"264\" height=\"300\" \/><\/p>\n<h3>CleanAIR<sup>\u00ae<\/sup>\u00a0Asbest<\/h3>\n<p>CleanAIR<strong><sup>\u00ae<\/sup><\/strong>\u00a0Asbest je extr\u00e9mn\u011b lehk\u00e1 a kompaktn\u00ed FVJ, kter\u00e1 je vyvinuta pro aktivn\u00ed ochranu d\u00fdchac\u00edch cest a obli\u010deje b\u011bhem sanace azbestu.<\/p>\n<p>Syst\u00e9m je k dispozici s dv\u011bma r\u016fzn\u00fdmi maskami \u2013\u00a0 Shigematsu GX02 a CF02.<\/p>\n<p><strong>Oblast, pou\u017eit\u00ed<\/strong><br \/>\nStavebnictv\u00ed, sanace azbestu.[\/vc_column_text][vc_btn title=&#8220;V\u00edce informac\u00ed o produktu&#8220; shape=&#8220;square&#8220; color=&#8220;juicy-pink&#8220; i_icon_fontawesome=&#8220;fa fa-arrow-right&#8220; add_icon=&#8220;true&#8220; link=&#8220;url:https%3A%2F%2Fwww.clean-air.cz%2Fcs%2Fsystem-osobni-ochrany-dychacich-cest%2Fcleanair-asbest%2F|title:CleanAIR%C2%AE%20Asbest|&#8220;][\/vc_tta_section][vc_tta_section title=&#8220;MedicAER&#8220; tab_id=&#8220;1689328489620-7e37d529-c7de&#8220;][vc_column_text]<img loading=\"lazy\" decoding=\"async\" class=\"alignnone size-medium wp-image-16040\" src=\"https:\/\/www.clean-air.cz\/wp-content\/uploads\/2022\/04\/MedicAER-iso-1-300x202.jpg\" alt=\"\" width=\"300\" height=\"202\" srcset=\"https:\/\/www.clean-air.cz\/wp-content\/uploads\/2022\/04\/MedicAER-iso-1-300x202.jpg 300w, https:\/\/www.clean-air.cz\/wp-content\/uploads\/2022\/04\/MedicAER-iso-1-1024x690.jpg 1024w, https:\/\/www.clean-air.cz\/wp-content\/uploads\/2022\/04\/MedicAER-iso-1-768x517.jpg 768w, https:\/\/www.clean-air.cz\/wp-content\/uploads\/2022\/04\/MedicAER-iso-1-1536x1035.jpg 1536w, https:\/\/www.clean-air.cz\/wp-content\/uploads\/2022\/04\/MedicAER-iso-1-800x539.jpg 800w, https:\/\/www.clean-air.cz\/wp-content\/uploads\/2022\/04\/MedicAER-iso-1.jpg 1686w\" sizes=\"(max-width: 300px) 100vw, 300px\" \/><\/p>\n<p><span style=\"color: #000000; font-size: 12pt;\"><strong>CleanAIR MedicAER<\/strong><\/span><\/p>\n<p><span style=\"font-family: arial, helvetica, sans-serif; font-size: 14pt;\"><sup>Filtra\u010dn\u011b-ventila\u010dn\u00ed jednotka speci\u00e1ln\u011b navr\u017een\u00e1 pro ochranu zdravotnick\u00fdch pracovn\u00edk\u016f, z\u00e1chrann\u00fdch t\u00fdm\u016f nebo jin\u00fdch profesion\u00e1l\u016f \u010del\u00edc\u00edch biologick\u00e9 a virov\u00e9 kontaminaci.<\/sup><\/span><\/p>\n<p><strong>Oblasti pou\u017eit\u00ed<\/strong><\/p>\n<p>Zdravotn\u00ed p\u00e9\u010de a prvosledov\u00e9 z\u00e1chrann\u00e9 t\u00fdmy, laborato\u0159e a farmaceutick\u00fd pr\u016fmysl[\/vc_column_text][vc_btn title=&#8220;V\u00edce informac\u00ed o produktu&#8220; color=&#8220;juicy-pink&#8220; link=&#8220;url:https%3A%2F%2Fwww.clean-air.cz%2Fpapr%2Fcleanair-medicaer%2F|&#8220;][\/vc_tta_section][\/vc_tta_tour][\/vc_column][\/vc_row][vc_row][vc_column][\/vc_column][\/vc_row]<\/p>\n","protected":false},"excerpt":{"rendered":"<p>[vc_row css=&#8220;.vc_custom_1515063137650{background-color: #ffffff !important;}&#8220;][vc_column][vc_column_text]CleanAIR\u00ae je syst\u00e9m osobn\u00ed ochrany d\u00fdchac\u00edch cest, zalo\u017een\u00fd na principu p\u0159etlaku filtrovan\u00e9ho vzduchu v d\u00fdchac\u00ed z\u00f3n\u011b. Filtra\u010dn\u00ed jednotka um\u00edst\u011bn\u00e1 na opasku u\u017eivatele filtruje vzduch nas\u00e1van\u00fd z okoln\u00edho prost\u0159ed\u00ed, kter\u00fd je pak vzduchovou hadic\u00ed dod\u00e1v\u00e1n do ochrann\u00e9 kukly nebo masky. Vznikl\u00fd p\u0159etlak zabra\u0148uje vniknut\u00ed \u0161kodlivin do d\u00fdchac\u00ed z\u00f3ny. Tento m\u00edrn\u00fd p\u0159etlak z\u00e1rove\u0148 zaji\u0161\u0165uje vysok\u00fd u\u017eivatelsk\u00fd komfort i p\u0159i dlouhodob\u00e9m no\u0161en\u00ed bez nutnosti p\u0159ekon\u00e1vat d\u00fdchac\u00ed odpor filtru.[\/vc_column_text][vc_tta_tour style=&#8220;modern&#8220; shape=&#8220;square&#8220;<\/p>\n<p><a class=\"more-link\" href=\"https:\/\/www.clean-air.cz\/cs\/system-osobni-ochrany-dychacich-cest\/\">Read More<\/a><\/p>\n","protected":false},"author":11,"featured_media":0,"parent":0,"menu_order":0,"comment_status":"closed","ping_status":"closed","template":"","meta":{"footnotes":""},"_links":{"self":[{"href":"https:\/\/www.clean-air.cz\/cs\/wp-json\/wp\/v2\/pages\/3385"}],"collection":[{"href":"https:\/\/www.clean-air.cz\/cs\/wp-json\/wp\/v2\/pages"}],"about":[{"href":"https:\/\/www.clean-air.cz\/cs\/wp-json\/wp\/v2\/types\/page"}],"author":[{"embeddable":true,"href":"https:\/\/www.clean-air.cz\/cs\/wp-json\/wp\/v2\/users\/11"}],"replies":[{"embeddable":true,"href":"https:\/\/www.clean-air.cz\/cs\/wp-json\/wp\/v2\/comments?post=3385"}],"version-history":[{"count":0,"href":"https:\/\/www.clean-air.cz\/cs\/wp-json\/wp\/v2\/pages\/3385\/revisions"}],"wp:attachment":[{"href":"https:\/\/www.clean-air.cz\/cs\/wp-json\/wp\/v2\/media?parent=3385"}],"curies":[{"name":"wp","href":"https:\/\/api.w.org\/{rel}","templated":true}]}}