{"id":3383,"date":"2018-11-26T16:50:36","date_gmt":"2018-11-26T15:50:36","guid":{"rendered":"https:\/\/www.clean-air.cz\/cleanair-chemical-3f\/"},"modified":"2026-02-12T10:09:34","modified_gmt":"2026-02-12T09:09:34","slug":"cleanair-chemical-3f","status":"publish","type":"page","link":"https:\/\/www.clean-air.cz\/cs\/system-osobni-ochrany-dychacich-cest\/cleanair-chemical-3f\/","title":{"rendered":"CleanAIR\u00ae Chemical 3F"},"content":{"rendered":"<p>[vc_row][vc_column width=&#8220;1\/2&#8243;][vc_gallery interval=&#8220;0&#8243; images=&#8220;10785,10790,10795&#8243; img_size=&#8220;large&#8220;][\/vc_column][vc_column width=&#8220;1\/2&#8243;][vc_column_text]<\/p>\n<p><strong><span style=\"font-size: 14pt; color: #be0300;\"><sup>V\u00fdkonn\u00e1 a odoln\u00e1 filtra\u010dn\u011b-ventila\u010dn\u00ed jednotka pro nejn\u00e1ro\u010dn\u011bj\u0161\u00ed pr\u016fmyslov\u00e9 pou\u017eit\u00ed<\/sup><\/span><\/strong><\/p>\n<p>Vysok\u00fd v\u00fdkon, mechanick\u00e1 a chemick\u00e1 odolnost, odolnost proti UV z\u00e1\u0159en\u00ed a ochrana proti vniknut\u00ed IP64 nab\u00edz\u00ed dostate\u010dnou ochranu pro u\u017eivatele v t\u011b\u017ek\u00e9m pr\u016fmyslov\u00e9m prost\u0159ed\u00ed, chemick\u00e9m pr\u016fmyslu v laborato\u0159\u00edch \u010di ve farmaceutick\u00e9m pr\u016fmyslu. Pr\u016ftok lze individu\u00e1ln\u011b nastavit podle pot\u0159eb u\u017eivatele.<\/p>\n<p>[\/vc_column_text][vc_btn title=&#8220;Pod\u00edvejte se na celou \u0159adu PAPR!&#8220; shape=&#8220;square&#8220; color=&#8220;danger&#8220; size=&#8220;lg&#8220; align=&#8220;left&#8220; i_icon_fontawesome=&#8220;fa fa-info-circle&#8220; css_animation=&#8220;none&#8220; add_icon=&#8220;true&#8220; link=&#8220;url:https%3A%2F%2Fwww.clean-air.cz%2Fcs%2Fsystem-osobni-ochrany-dychacich-cest%2F|title:Pod%C3%ADvejte%20se%20na%20celou%20%C5%99adu%20lehk%C3%BDch%20kukel%21|&#8220;][\/vc_column][\/vc_row][vc_row][vc_column][vc_tta_tabs style=&#8220;modern&#8220; shape=&#8220;square&#8220; active_section=&#8220;1&#8243; no_fill_content_area=&#8220;true&#8220; title=&#8220;Detaily&#8220;][vc_tta_section i_icon_fontawesome=&#8220;fa fa-industry&#8220; add_icon=&#8220;true&#8220; title=&#8220;Oblast pou\u017eit\u00ed&#8220; tab_id=&#8220;1513150336358-68add988-e9ea&#8220;][vc_column_text]<\/p>\n<p><span style=\"color: #be0300;\"><strong>Oblast pou\u017eit\u00ed<\/strong><\/span><\/p>\n<ul>\n<li>T\u011b\u017ek\u00fd pr\u016fmysl, chemick\u00fd pr\u016fmysl, farmaceutick\u00fd pr\u016fmysl<\/li>\n<li>Sana\u010dn\u00ed pr\u00e1ce, laborato\u0159e<\/li>\n<li>Z\u00e1chran\u00e1\u0159i, pohotovostn\u00ed t\u00fdmy<\/li>\n<\/ul>\n<p>[\/vc_column_text][\/vc_tta_section][vc_tta_section i_icon_fontawesome=&#8220;fa fa-thumbs-o-up&#8220; add_icon=&#8220;true&#8220; title=&#8220;V\u00fdhody&#8220; tab_id=&#8220;1513150336359-b7b65468-8021&#8243;][vc_column_text]<\/p>\n<p><span style=\"color: #be0300;\"><strong>Funkce &amp; Benefity<\/strong><\/span><\/p>\n<ul>\n<li>Vysok\u00e1 mechanick\u00e1 a chemick\u00e1 odolnost<\/li>\n<li>Nastaviteln\u00fd pr\u016ftok vzduchu od 120 do 235 litr\u016f za minutu<\/li>\n<li>Dekontaminovateln\u00fd pomoc\u00ed sprchy (certifikace IP64)<\/li>\n<li>Barevn\u00fd displej zobrazuj\u00edc\u00ed v\u0161echny pot\u0159ebn\u00e9 informace &#8211; zanesen\u00ed filtru, nabit\u00ed baterie, pr\u016ftok vzduchu<\/li>\n<li>Syst\u00e9m kontroly vzduchu udr\u017euje plynul\u00fd pr\u016ftok vzduchu bez ohledu na zanesen\u00ed filtru \u010di nabit\u00ed baterie<\/li>\n<li>Li-Ion akumul\u00e1tor and rychlonab\u00edje\u010dka (charging time &lt; 3 h)<\/li>\n<li>Zvukov\u00fd a vizu\u00e1ln\u00ed alarm<\/li>\n<li>U\u017eivatelsk\u00e9 rozhran\u00ed v r\u016fzn\u00fdch jazyc\u00edch<\/li>\n<li>Dostupn\u00fd z\u00e1dov\u00fd postroj pro zv\u00fd\u0161en\u00ed komfortu<\/li>\n<\/ul>\n<p>[\/vc_column_text][\/vc_tta_section][vc_tta_section i_icon_fontawesome=&#8220;fa fa-cog&#8220; add_icon=&#8220;true&#8220; title=&#8220;Komplety, p\u0159\u00edslu\u0161enstv\u00ed, filtry&#8220; tab_id=&#8220;1513153137048-5f8c31c5-30ea&#8220;][vc_column_text]<\/p>\n<table style=\"width: 100%;\">\n<tbody>\n<tr>\n<td style=\"text-align: left; width: 99.84%;\" colspan=\"2\"><span style=\"color: #be0300;\"><strong>Complete sets<\/strong><\/span><\/td>\n<\/tr>\n<tr>\n<td style=\"text-align: left; width: 83.2%;\">CleanAIR\u00ae Chemical 3F incl. comfort belt, Li-Ion battery, charger, flow indicator (w\/o hose)<\/td>\n<td style=\"text-align: center; width: 16.64%;\">52 00 00FCA*<\/td>\n<\/tr>\n<tr>\n<td style=\"text-align: left; width: 83.2%;\">CleanAIR\u00ae Chemical 3F incl. decontaminable belt, Li-Ion battery, charger, flow indicator (w\/o hose)<\/td>\n<td style=\"text-align: center; width: 16.64%;\">52 00 00FDA*<\/td>\n<\/tr>\n<tr>\n<td style=\"text-align: left; width: 99.84%;\" colspan=\"2\"><em><span style=\"font-size: 8pt;\">For ordering set with UK charger, please, add \u201cU\u201d to the end of the product <\/span><\/em>code<\/td>\n<\/tr>\n<tr>\n<td style=\"text-align: left; width: 99.84%;\" colspan=\"2\"><span style=\"color: #be0300;\"><strong>Spare parts, accessories<\/strong><\/span><\/td>\n<\/tr>\n<tr>\n<td style=\"text-align: left; width: 83.2%;\">Decontaminable belt<\/td>\n<td style=\"text-align: center; width: 16.64%;\">51 00 41<\/td>\n<\/tr>\n<tr>\n<td style=\"text-align: left; width: 83.2%;\">Decontaminable harness<\/td>\n<td style=\"text-align: center; width: 16.64%;\">51 00 42<\/td>\n<\/tr>\n<tr>\n<td style=\"text-align: left; width: 83.2%;\">Battery charger<\/td>\n<td style=\"text-align: center; width: 16.64%;\">51 00 30EUR<\/td>\n<\/tr>\n<tr>\n<td style=\"text-align: left; width: 83.2%;\">Battery charger UK plug<\/td>\n<td style=\"text-align: center; width: 16.64%;\">51 00 30UK<\/td>\n<\/tr>\n<tr>\n<td style=\"text-align: left; width: 83.2%;\">Battery charger AUS plug<\/td>\n<td style=\"text-align: center; width: 16.64%;\">51 00 30AUS<\/td>\n<\/tr>\n<tr>\n<td style=\"text-align: left; width: 83.2%;\">Battery Li-Ion 14,4 V \/ 2,6 Ah<\/td>\n<td style=\"text-align: center; width: 16.64%;\">52 00 10<\/td>\n<\/tr>\n<tr>\n<td style=\"text-align: left; width: 83.2%;\">Comfort padded belt 3F<\/td>\n<td style=\"text-align: center; width: 16.64%;\">52 00 43.1<\/td>\n<\/tr>\n<tr>\n<td style=\"text-align: left; width: 83.2%;\">Comfort padded harness<\/td>\n<td style=\"text-align: center; width: 16.64%;\">52 00 44.1<\/td>\n<\/tr>\n<tr>\n<td style=\"text-align: left; width: 83.2%;\">Set of decontamination plugs &#8211; 3F<\/td>\n<td style=\"text-align: center; width: 16.64%;\">52 00 46<\/td>\n<\/tr>\n<tr>\n<td style=\"text-align: left; width: 83.2%;\">Light flexi hose QuickLOCK\u2122 &#8211; CA40x1\/7\u201c<\/td>\n<td style=\"text-align: center; width: 16.64%;\">71 00 60<\/td>\n<\/tr>\n<tr>\n<td style=\"text-align: left; width: 83.2%;\">Rubber hose QuickLOCK\u2122 \u2013 CA40\u00d71\/7\u201c<\/td>\n<td style=\"text-align: center; width: 16.64%;\">71 00 86<\/td>\n<\/tr>\n<tr>\n<td style=\"text-align: left; width: 83.2%;\">Light flexi hose CA40x1\/7\u201c- CA40x1\/7\u201c<\/td>\n<td style=\"text-align: center; width: 16.64%;\">70 00 60<\/td>\n<\/tr>\n<tr>\n<td style=\"text-align: left; width: 83.2%;\">Rubber hose CA40x1\/7\u201c- CA40x1\/7\u201c<\/td>\n<td style=\"text-align: center; width: 16.64%;\">70 00 86CA<\/td>\n<\/tr>\n<tr>\n<td style=\"text-align: left; width: 99.84%;\" colspan=\"2\"><span style=\"color: #be0300;\"><strong>Filters<\/strong><\/span><\/td>\n<\/tr>\n<tr>\n<td style=\"text-align: left; width: 83.2%;\">Particle filter P3<\/td>\n<td style=\"text-align: center; width: 16.64%;\">50 00 48<\/td>\n<\/tr>\n<tr>\n<td style=\"text-align: left; width: 83.2%;\">Combined filter A2P3<\/td>\n<td style=\"text-align: center; width: 16.64%;\">50 01 57<\/td>\n<\/tr>\n<tr>\n<td style=\"text-align: left; width: 83.2%;\">Combined filter A2B2P3<\/td>\n<td style=\"text-align: center; width: 16.64%;\">50 01 67<\/td>\n<\/tr>\n<tr>\n<td style=\"text-align: left; width: 83.2%;\">Combined filter A2B2E2K2P3<\/td>\n<td style=\"text-align: center; width: 16.64%;\">50 01 68<\/td>\n<\/tr>\n<tr>\n<td style=\"text-align: left; width: 83.2%;\">Combined filter A2B2E2K2HgP3<\/td>\n<td style=\"text-align: center; width: 16.64%;\">50 01 66<\/td>\n<\/tr>\n<tr>\n<td style=\"text-align: left; width: 83.2%;\" colspan=\"2\"><em>Compatible with all the CleanAIR\u00ae particle and combined filters with RD40\u00d71\/7\u201c thread &#8211; <a href=\"https:\/\/www.clean-air.cz\/cs\/filtry\/\">clean-air.cz\/filters<\/a><\/em><\/td>\n<\/tr>\n<\/tbody>\n<\/table>\n<p>[\/vc_column_text][\/vc_tta_section][vc_tta_section i_icon_fontawesome=&#8220;fa fa-wrench&#8220; add_icon=&#8220;true&#8220; title=&#8220;Technick\u00e1 data&#8220; tab_id=&#8220;1513153797992-792040b0-82c9&#8243;][vc_column_text]<\/p>\n<table>\n<tbody>\n<tr>\n<td style=\"text-align: left;\">Hmotnost<\/td>\n<td style=\"text-align: center;\">100 g (v\u010detn\u011b standardn\u00edho akumul\u00e1toru)<\/td>\n<\/tr>\n<tr>\n<td style=\"text-align: left;\">Rozm\u011bry<\/td>\n<td style=\"text-align: center;\">320 mm \/ 200 mm \/ 150 mm<\/td>\n<\/tr>\n<tr>\n<td style=\"text-align: left;\">Pr\u016ftok vzduchu<\/td>\n<td style=\"text-align: center;\">nastaviteln\u00fd120 \u2013 235 lpm<\/td>\n<\/tr>\n<tr>\n<td style=\"text-align: left;\">Alarm<\/td>\n<td style=\"text-align: center;\">Zvukov\u00fd a viu\u00e1ln\u00ed<\/td>\n<\/tr>\n<tr>\n<td style=\"text-align: left;\">Doba provozu* \/ nab\u00edjen\u00ed<\/td>\n<td style=\"text-align: center;\">&lt; 10 \/ &lt; 3 h<\/td>\n<\/tr>\n<tr>\n<td style=\"text-align: left;\">Akumul\u00e1tor<\/td>\n<td style=\"text-align: center;\">Li-Ion 14,4 V \/ 2,6 Ah<\/td>\n<\/tr>\n<tr>\n<td style=\"text-align: left;\">P\u0159ipojen\u00ed hadice<\/td>\n<td style=\"text-align: center;\">CA40x1\/7\u201c<\/td>\n<\/tr>\n<tr>\n<td style=\"text-align: left;\">Certifikace<\/td>\n<td style=\"text-align: center;\">EN 12941 TH3<br \/>\nEN 12942 TM3<br \/>\nVnit\u0159n\u00ed pr\u016fnik IP64<\/td>\n<\/tr>\n<tr>\n<td style=\"text-align: left;\" colspan=\"2\"><em>* p\u0159i 160 lzm s nov\u00fdmi P R SL filtry a pln\u011b nabitou bateri\u00ed<\/em><\/td>\n<\/tr>\n<\/tbody>\n<\/table>\n<p>[\/vc_column_text][\/vc_tta_section][vc_tta_section i_icon_fontawesome=&#8220;fa fa-download&#8220; add_icon=&#8220;true&#8220; title=&#8220;Ke sta\u017een\u00ed&#8220; tab_id=&#8220;1513154098935-95c74e4f-fa1e&#8220;][vc_column_text]<strong><a href=\"https:\/\/www.clean-air.cz\/wp-content\/uploads\/2026\/02\/GR-CNA011-R09-User-Manual-3F-DIGI.pdf\">User Manual &#8211; 3F DIGI<\/a><\/strong><\/p>\n<p><strong><a href=\"https:\/\/www.clean-air.cz\/wp-content\/uploads\/2025\/08\/DA-003_-_520000FCA_-_Chemical_3F_Plus_-_EN.pdf\">Datasheet DA-003_-_520000FCA_-_Chemical_3F_Plus_-_EN<\/a><\/strong><\/p>\n<p><strong><a href=\"https:\/\/www.clean-air.cz\/wp-content\/uploads\/2025\/07\/PS-520000-1-R3-Chemical-3F-Plus.pdf\">Declaration of Confornity Chemical 3F Plus<\/a><\/strong>[\/vc_column_text][\/vc_tta_section][vc_tta_section i_icon_fontawesome=&#8220;fa fa-picture-o&#8220; add_icon=&#8220;true&#8220; title=&#8220;Galerie&#8220; tab_id=&#8220;1515415801460-0c2258c9-4574&#8243;][vc_gallery type=&#8220;image_grid&#8220; images=&#8220;384,385,588&#8243; img_size=&#8220;medium&#8220; css_animation=&#8220;fadeIn&#8220; css=&#8220;.vc_custom_1530273583266{padding-left: 280px !important;}&#8220;][\/vc_tta_section][\/vc_tta_tabs][\/vc_column][\/vc_row]<\/p>\n","protected":false},"excerpt":{"rendered":"<p>[vc_row][vc_column width=&#8220;1\/2&#8243;][vc_gallery interval=&#8220;0&#8243; images=&#8220;10785,10790,10795&#8243; img_size=&#8220;large&#8220;][\/vc_column][vc_column width=&#8220;1\/2&#8243;][vc_column_text] V\u00fdkonn\u00e1 a odoln\u00e1 filtra\u010dn\u011b-ventila\u010dn\u00ed jednotka pro nejn\u00e1ro\u010dn\u011bj\u0161\u00ed pr\u016fmyslov\u00e9 pou\u017eit\u00ed Vysok\u00fd v\u00fdkon, mechanick\u00e1 a chemick\u00e1 odolnost, odolnost proti UV z\u00e1\u0159en\u00ed a ochrana proti vniknut\u00ed IP64 nab\u00edz\u00ed dostate\u010dnou ochranu pro u\u017eivatele v t\u011b\u017ek\u00e9m pr\u016fmyslov\u00e9m prost\u0159ed\u00ed, chemick\u00e9m pr\u016fmyslu v laborato\u0159\u00edch \u010di ve farmaceutick\u00e9m pr\u016fmyslu. Pr\u016ftok lze individu\u00e1ln\u011b nastavit podle pot\u0159eb u\u017eivatele. [\/vc_column_text][vc_btn title=&#8220;Pod\u00edvejte se na celou \u0159adu PAPR!&#8220; shape=&#8220;square&#8220; color=&#8220;danger&#8220; size=&#8220;lg&#8220; align=&#8220;left&#8220; i_icon_fontawesome=&#8220;fa fa-info-circle&#8220; css_animation=&#8220;none&#8220; add_icon=&#8220;true&#8220; link=&#8220;url:https%3A%2F%2Fwww.clean-air.cz%2Fcs%2Fsystem-osobni-ochrany-dychacich-cest%2F|title:Pod%C3%ADvejte%20se%20na%20celou%20%C5%99adu%20lehk%C3%BDch%20kukel%21|&#8220;][\/vc_column][\/vc_row][vc_row][vc_column][vc_tta_tabs<\/p>\n<p><a class=\"more-link\" href=\"https:\/\/www.clean-air.cz\/cs\/system-osobni-ochrany-dychacich-cest\/cleanair-chemical-3f\/\">Read More<\/a><\/p>\n","protected":false},"author":11,"featured_media":0,"parent":3385,"menu_order":0,"comment_status":"closed","ping_status":"closed","template":"","meta":{"footnotes":""},"_links":{"self":[{"href":"https:\/\/www.clean-air.cz\/cs\/wp-json\/wp\/v2\/pages\/3383"}],"collection":[{"href":"https:\/\/www.clean-air.cz\/cs\/wp-json\/wp\/v2\/pages"}],"about":[{"href":"https:\/\/www.clean-air.cz\/cs\/wp-json\/wp\/v2\/types\/page"}],"author":[{"embeddable":true,"href":"https:\/\/www.clean-air.cz\/cs\/wp-json\/wp\/v2\/users\/11"}],"replies":[{"embeddable":true,"href":"https:\/\/www.clean-air.cz\/cs\/wp-json\/wp\/v2\/comments?post=3383"}],"version-history":[{"count":0,"href":"https:\/\/www.clean-air.cz\/cs\/wp-json\/wp\/v2\/pages\/3383\/revisions"}],"up":[{"embeddable":true,"href":"https:\/\/www.clean-air.cz\/cs\/wp-json\/wp\/v2\/pages\/3385"}],"wp:attachment":[{"href":"https:\/\/www.clean-air.cz\/cs\/wp-json\/wp\/v2\/media?parent=3383"}],"curies":[{"name":"wp","href":"https:\/\/api.w.org\/{rel}","templated":true}]}}