{"id":3372,"date":"2018-11-21T16:10:05","date_gmt":"2018-11-21T15:10:05","guid":{"rendered":"https:\/\/www.clean-air.cz\/cleanair-chemical-2f-asbest\/"},"modified":"2019-01-08T10:52:36","modified_gmt":"2019-01-08T09:52:36","slug":"cleanair-chemical-2f-asbest","status":"publish","type":"page","link":"https:\/\/www.clean-air.cz\/cs\/system-osobni-ochrany-dychacich-cest\/cleanair-chemical-2f-asbest\/","title":{"rendered":"CleanAIR\u00ae Chemical 2F Asbest"},"content":{"rendered":"<p>[vc_row][vc_column width=&#8220;1\/2&#8243;][vc_gallery interval=&#8220;3&#8243; images=&#8220;369&#8243; img_size=&#8220;large&#8220;][\/vc_column][vc_column width=&#8220;1\/2&#8243;][vc_column_text]<strong><span style=\"font-size: 14pt; color: #be0300;\"><sup>FVJ Chemical 2F Asbest je ur\u010den pro spolehlivou ochranu d\u00fdchac\u00edch cest v prost\u0159ed\u00edch kontaminovan\u00fdch azbestov\u00fdmi vl\u00e1kny.<\/sup><\/span><\/strong><\/p>\n<p>Konstrukce jednotky umo\u017e\u0148uje snadnou dekontaminaci kapaln\u00fdmi dekontamina\u010dn\u00edmi prost\u0159edky d\u00edky ochran\u011b IP65. Unik\u00e1tn\u00ed automatick\u00fd uzav\u00edrac\u00ed syst\u00e9m umo\u017e\u0148uje v p\u0159\u00edpad\u011b nutnosti za dodr\u017een\u00ed vhodn\u00fdch opat\u0159en\u00ed v\u00fdm\u011bnu filtr\u016f i v ostr\u00e9m prost\u0159ed\u00ed. Plnobarevn\u00fd displej p\u0159ehledn\u011b zobrazuje v\u0161echny pot\u0159ebn\u00e9 informace.\u00a0P\u0159es sv\u016fj kompaktn\u00ed design a n\u00edzkou hmotnost zaji\u0161\u0165uje Chemical 2F konstantn\u00ed pr\u016ftok vzduchu v rozmez\u00ed od 160 do 235 l \/ min.[\/vc_column_text][vc_btn title=&#8220;Pod\u00edvejte se na celou \u0159adu PAPR!&#8220; shape=&#8220;square&#8220; color=&#8220;danger&#8220; size=&#8220;lg&#8220; align=&#8220;left&#8220; i_icon_fontawesome=&#8220;fa fa-info-circle&#8220; css_animation=&#8220;none&#8220; add_icon=&#8220;true&#8220; link=&#8220;url:https%3A%2F%2Fwww.clean-air.cz%2Fcs%2Fsystem-osobni-ochrany-dychacich-cest%2F|title:Pod%C3%ADvejte%20se%20na%20celou%20%C5%99adu%20lehk%C3%BDch%20kukel%21|&#8220;][\/vc_column][\/vc_row][vc_row][vc_column][vc_tta_tabs style=&#8220;modern&#8220; shape=&#8220;square&#8220; active_section=&#8220;1&#8243; no_fill_content_area=&#8220;true&#8220; title=&#8220;Detaily&#8220;][vc_tta_section i_icon_fontawesome=&#8220;fa fa-industry&#8220; add_icon=&#8220;true&#8220; title=&#8220;Oblast pou\u017eit\u00ed&#8220; tab_id=&#8220;1513150336358-68add988-e9ea&#8220;][vc_column_text]<span style=\"color: #be0300;\"><strong>Oblast pou\u017eit\u00ed<\/strong><\/span><\/p>\n<ul>\n<li>Sanace azbestu<\/li>\n<\/ul>\n<p>[\/vc_column_text][\/vc_tta_section][vc_tta_section i_icon_fontawesome=&#8220;fa fa-thumbs-o-up&#8220; add_icon=&#8220;true&#8220; title=&#8220;V\u00fdhody&#8220; tab_id=&#8220;1513150336359-b7b65468-8021&#8243;][vc_column_text]<span style=\"color: #be0300;\"><strong>Features &amp; Benefits<\/strong><\/span><\/p>\n<ul>\n<li>Kompaktn\u00ed tvar a n\u00edzk\u00e1 hmotnost<\/li>\n<li>Vysok\u00e1 mechanick\u00e1 a chemick\u00e1 odolnost<\/li>\n<li>Odolnost v\u016f\u010di vnik\u00e1n\u00ed kapalin a pevn\u00fdch \u010d\u00e1stic \u2013 IP65<\/li>\n<li>Vysp\u011bl\u00fd elektronick\u00fd syst\u00e9m varov\u00e1n\u00ed u\u017eivatele<\/li>\n<li>Plnobarevn\u00fd TFT displej p\u0159ehledn\u011b zobrazuje pot\u0159ebn\u00e9 informace<\/li>\n<li>Pr\u016ftok vzduchu 120\u2013235 l\/min<\/li>\n<li>Li-Ion akumul\u00e1tor a nab\u00edje\u010dka s rychl\u00fdm \u010dasem nab\u00edjen\u00ed &lt; 3 h<\/li>\n<\/ul>\n<p>[\/vc_column_text][\/vc_tta_section][vc_tta_section i_icon_fontawesome=&#8220;fa fa-cog&#8220; add_icon=&#8220;true&#8220; title=&#8220;Komplety, p\u0159\u00edslu\u0161enstv\u00ed, filtry&#8220; tab_id=&#8220;1513153137048-5f8c31c5-30ea&#8220;][vc_column_text]<\/p>\n<table style=\"height: 698px;\" width=\"538\">\n<tbody>\n<tr style=\"height: 24px;\">\n<td style=\"text-align: left; height: 24px; width: 526.364px;\" colspan=\"2\"><span style=\"color: #be0300;\"><strong>Kompletn\u00ed sady<\/strong><\/span><\/td>\n<\/tr>\n<tr style=\"height: 24px;\">\n<td style=\"text-align: left; height: 24px; width: 412.727px;\">CleanAIR Chemical 2F\u00a0s aktivovan\u00fdm profilem &#8222;azbest&#8220; \u00a0s opaskem,indik\u00e1t.,nab\u00edje\u010dkou<\/td>\n<td style=\"text-align: center; height: 24px; width: 102.727px;\">51\u00a000\u00a000FCA<\/td>\n<\/tr>\n<tr style=\"height: 24px;\">\n<td style=\"text-align: left; height: 24px; width: 412.727px;\">CleanAIR Chemical 2F\u00a0 s aktivovan\u00fdm profilem &#8222;azbest&#8220; s dekont. opaskem,indik\u00e1t.,nab\u00edje\u010dkou<\/td>\n<td style=\"text-align: center; height: 24px; width: 102.727px;\">51 00 00FDA<\/td>\n<\/tr>\n<tr style=\"height: 24px;\">\n<td style=\"text-align: left; height: 24px; width: 526.364px;\" colspan=\"2\"><\/td>\n<\/tr>\n<tr style=\"height: 24px;\">\n<td style=\"text-align: left; height: 24px; width: 526.364px;\" colspan=\"2\"><span style=\"color: #be0300;\"><strong>Spot\u0159ebn\u00ed d\u00edly, p\u0159\u00edslu\u0161enstv\u00ed<\/strong><\/span><\/td>\n<\/tr>\n<tr style=\"height: 24px;\">\n<td style=\"text-align: left; height: 24px; width: 412.727px;\">Lehk\u00e1 flexi hadice QuickLOCK\u2122 &#8211; CA40x1\/7\u201c<\/td>\n<td style=\"text-align: center; height: 24px; width: 102.727px;\">71 00 60<\/td>\n<\/tr>\n<tr style=\"height: 24px;\">\n<td style=\"text-align: left; height: 24px; width: 412.727px;\">Hadice pry\u017eov\u00e1 QuickLOCK\u2122 \u2013 CA40\u00d71\/7\u201c<\/td>\n<td style=\"text-align: center; height: 24px; width: 102.727px;\">71 00 86<\/td>\n<\/tr>\n<tr style=\"height: 24px;\">\n<td style=\"text-align: left; height: 24px; width: 412.727px;\">Komfortn\u00ed polstrovan\u00fd opasek 2F<\/td>\n<td style=\"text-align: center; height: 24px; width: 102.727px;\">71 00 92<\/td>\n<\/tr>\n<tr style=\"height: 24px;\">\n<td style=\"text-align: left; height: 24px; width: 412.727px;\">Dekontaminovateln\u00fd opasek<\/td>\n<td style=\"text-align: center; height: 24px; width: 102.727px;\">51 00 41<\/td>\n<\/tr>\n<tr style=\"height: 24px;\">\n<td style=\"text-align: left; height: 24px; width: 412.727px;\">Dekontaminovateln\u00fd z\u00e1dov\u00fd postroj<\/td>\n<td style=\"text-align: center; height: 24px; width: 102.727px;\">51 00 42<\/td>\n<\/tr>\n<tr style=\"height: 24px;\">\n<td style=\"text-align: left; height: 24px; width: 412.727px;\">Komfortn\u00ed polstrovan\u00fd z\u00e1dov\u00fd postroj<\/td>\n<td style=\"text-align: center; height: 24px; width: 102.727px;\">52 00 44.1<\/td>\n<\/tr>\n<tr style=\"height: 24px;\">\n<td style=\"text-align: left; height: 24px; width: 412.727px;\">Aku. Li-Ion Standard 14,4 V \/ 2,6 Ah<\/td>\n<td style=\"text-align: center; height: 24px; width: 102.727px;\">51 00 10<\/td>\n<\/tr>\n<tr style=\"height: 24px;\">\n<td style=\"text-align: left; height: 24px; width: 412.727px;\">Aku. Li-Ion Heavy Duty 14,4 V \/ 5,2 Ah<\/td>\n<td style=\"text-align: center; height: 24px; width: 102.727px;\">51 00 20<\/td>\n<\/tr>\n<tr style=\"height: 24px;\">\n<td style=\"text-align: left; height: 24px; width: 412.727px;\">Nab\u00edje\u010dka<\/td>\n<td style=\"text-align: center; height: 24px; width: 102.727px;\">51 00 30EUR<\/td>\n<\/tr>\n<tr style=\"height: 24px;\">\n<td style=\"text-align: left; height: 24px; width: 412.727px;\">Nab\u00edje\u010dka UK plug<\/td>\n<td style=\"text-align: center; height: 24px; width: 102.727px;\">51 00 30UK<\/td>\n<\/tr>\n<tr style=\"height: 24px;\">\n<td style=\"text-align: left; height: 24px; width: 526.364px;\" colspan=\"2\"><span style=\"color: #be0300;\"><strong>Filtry<\/strong><\/span><\/td>\n<\/tr>\n<tr style=\"height: 24px;\">\n<td style=\"text-align: left; height: 24px; width: 412.727px;\">\u010c\u00e1sticov\u00e9 filtry P3<\/td>\n<td style=\"text-align: center; height: 24px; width: 102.727px;\">50 00 48<\/td>\n<\/tr>\n<tr style=\"height: 24px;\">\n<td style=\"text-align: left; height: 24px; width: 412.727px;\"><\/td>\n<td style=\"text-align: center; height: 24px; width: 102.727px;\"><\/td>\n<\/tr>\n<tr style=\"height: 24px;\">\n<td style=\"text-align: left; height: 24px; width: 412.727px;\"><\/td>\n<td style=\"text-align: center; height: 24px; width: 102.727px;\"><\/td>\n<\/tr>\n<\/tbody>\n<\/table>\n<p>[\/vc_column_text][\/vc_tta_section][vc_tta_section i_icon_fontawesome=&#8220;fa fa-wrench&#8220; add_icon=&#8220;true&#8220; title=&#8220;Technick\u00e1 data&#8220; tab_id=&#8220;1513153797992-792040b0-82c9&#8243;][vc_column_text]<\/p>\n<table>\n<tbody>\n<tr>\n<td style=\"text-align: left;\">Pr\u016ftok vzduchu<\/td>\n<td style=\"text-align: center;\">120\u2013235 l\/min<\/td>\n<\/tr>\n<tr>\n<td style=\"text-align: left;\">Doba provozu<\/td>\n<td style=\"text-align: center;\">do 10 hodin se Standardn\u00edm akumul\u00e1torem<br \/>\ndo 16 hodin s Heavy Duty akumul\u00e1torem<\/td>\n<\/tr>\n<tr>\n<td style=\"text-align: left;\">Hmotnost<\/td>\n<td style=\"text-align: center;\">960 g (v\u010detn\u011b Standardn\u00ed aku.)<\/td>\n<\/tr>\n<tr>\n<td style=\"text-align: left;\">Hlu\u010dnost<\/td>\n<td style=\"text-align: center;\">max. 62 dB<\/td>\n<\/tr>\n<tr>\n<td style=\"text-align: left;\">Rozm\u011bry<\/td>\n<td style=\"text-align: center;\">240 mm \/ 110 mm \/ 120 mm<\/td>\n<\/tr>\n<tr>\n<td style=\"text-align: left;\">Aku. Standard<\/td>\n<td style=\"text-align: center;\">Li-Ion 14,4 V \/ 2,6 Ah<\/td>\n<\/tr>\n<tr>\n<td style=\"text-align: left;\">Aku.\u00a0 Heavy Duty<\/td>\n<td style=\"text-align: center;\">Li-Ion 14,4 V \/ 5,2 Ah<\/td>\n<\/tr>\n<tr>\n<td style=\"text-align: left;\">Certifikace<\/td>\n<td style=\"text-align: center;\">EN 12941 TH3, EN 12942 TM3<\/td>\n<\/tr>\n<\/tbody>\n<\/table>\n<p>[\/vc_column_text][\/vc_tta_section][vc_tta_section i_icon_fontawesome=&#8220;fa fa-download&#8220; add_icon=&#8220;true&#8220; title=&#8220;Ke sta\u017een\u00ed&#8220; tab_id=&#8220;1513154098935-95c74e4f-fa1e&#8220;][vc_column_text]<strong><a href=\"https:\/\/www.clean-air.cz\/wp-content\/uploads\/2018\/09\/User-manual-NA-064-R02-CleanAIR-Chemical-2F.pdf\" target=\"_blank\" rel=\"noopener\">User manual &#8211; NA-064-R02 &#8211; CleanAIR Chemical 2F<\/a><\/strong><\/p>\n<p><strong><a href=\"https:\/\/www.clean-air.cz\/wp-content\/uploads\/2018\/09\/Datasheet-DA-002-R03-51-00-00FCA-CA-Chemical-2F-plus-EN.pdf\" target=\"_blank\" rel=\"noopener\">Datasheet &#8211; DA-002-R03 &#8211; 51 00 00FCA &#8211; CA Chemical 2F plus &#8211; EN<\/a><\/strong><\/p>\n<p><strong><a href=\"https:\/\/www.clean-air.cz\/wp-content\/uploads\/2018\/06\/Datasheet-DA-010-R02-51-00-00ASD-CA-Chemical-2F-Asbest-EN.pdf\" target=\"_blank\" rel=\"noopener\">Datasheet &#8211; DA-010-R02 &#8211; 51 00 00ASD &#8211; CA Chemical 2F Asbest &#8211; EN<\/a><\/strong><\/p>\n<p><strong><a href=\"https:\/\/www.clean-air.cz\/wp-content\/uploads\/2018\/06\/Datasheet-DA-047-R00-MIC51-00-00FC-CA-Chemical-2F-with-activated-Garment-EN.pdf\" target=\"_blank\" rel=\"noopener\">Datasheet &#8211; DA-047-R00 &#8211; MIC51 00 00FC &#8211; CA Chemical 2F with activated Garment &#8211; EN<\/a><\/strong><\/p>\n<p><strong><a href=\"https:\/\/www.clean-air.cz\/wp-content\/uploads\/2018\/09\/PS-510000-1-R0-Chemical-2F-Plus.pdf\" target=\"_blank\" rel=\"noopener\">PS-510000-1-R0 Chemical 2F Plus<\/a><\/strong>[\/vc_column_text][\/vc_tta_section][vc_tta_section i_icon_fontawesome=&#8220;fa fa-picture-o&#8220; add_icon=&#8220;true&#8220; title=&#8220;Galerie&#8220; tab_id=&#8220;1515415801460-0c2258c9-4574&#8243;][vc_gallery type=&#8220;image_grid&#8220; images=&#8220;369,3296&#8243; img_size=&#8220;medium&#8220; css_animation=&#8220;fadeIn&#8220; css=&#8220;.vc_custom_1542352403317{padding-left: 280px !important;}&#8220;][\/vc_tta_section][\/vc_tta_tabs][\/vc_column][\/vc_row][vc_row][vc_column][vc_separator][vc_images_carousel images=&#8220;322,327&#8243; img_size=&#8220;large&#8220; onclick=&#8220;custom_link&#8220; slides_per_view=&#8220;4&#8243; autoplay=&#8220;yes&#8220; wrap=&#8220;yes&#8220; title=&#8220;Range of compatible masks &#8220; custom_links=&#8220;#E-8_JUI2JThBbCVGRWYlQUMlOTIlQ0YlREYlQkFZX2klQzclQTZqJUM5JTIwJUM3TSVCRiVGRSUxNyU5QXYlREElMjklQjMlRjklOUElQjJLJTNGfiVFOWUlN0QlQTclMUUlOTklQUIlMjRxJUZENg==&#8220; css=&#8220;.vc_custom_1542352708768{padding-left: 0px !important;}&#8220;][\/vc_column][\/vc_row][vc_row][vc_column][vc_separator color=&#8220;juicy_pink&#8220;][\/vc_column][\/vc_row]<\/p>\n","protected":false},"excerpt":{"rendered":"<p>[vc_row][vc_column width=&#8220;1\/2&#8243;][vc_gallery interval=&#8220;3&#8243; images=&#8220;369&#8243; img_size=&#8220;large&#8220;][\/vc_column][vc_column width=&#8220;1\/2&#8243;][vc_column_text]FVJ Chemical 2F Asbest je ur\u010den pro spolehlivou ochranu d\u00fdchac\u00edch cest v prost\u0159ed\u00edch kontaminovan\u00fdch azbestov\u00fdmi vl\u00e1kny. Konstrukce jednotky umo\u017e\u0148uje snadnou dekontaminaci kapaln\u00fdmi dekontamina\u010dn\u00edmi prost\u0159edky d\u00edky ochran\u011b IP65. Unik\u00e1tn\u00ed automatick\u00fd uzav\u00edrac\u00ed syst\u00e9m umo\u017e\u0148uje v p\u0159\u00edpad\u011b nutnosti za dodr\u017een\u00ed vhodn\u00fdch opat\u0159en\u00ed v\u00fdm\u011bnu filtr\u016f i v ostr\u00e9m prost\u0159ed\u00ed. Plnobarevn\u00fd displej p\u0159ehledn\u011b zobrazuje v\u0161echny pot\u0159ebn\u00e9 informace.\u00a0P\u0159es sv\u016fj kompaktn\u00ed design a n\u00edzkou hmotnost zaji\u0161\u0165uje Chemical 2F konstantn\u00ed pr\u016ftok vzduchu v<\/p>\n<p><a class=\"more-link\" href=\"https:\/\/www.clean-air.cz\/cs\/system-osobni-ochrany-dychacich-cest\/cleanair-chemical-2f-asbest\/\">Read More<\/a><\/p>\n","protected":false},"author":11,"featured_media":0,"parent":3385,"menu_order":0,"comment_status":"closed","ping_status":"closed","template":"","meta":{"footnotes":""},"_links":{"self":[{"href":"https:\/\/www.clean-air.cz\/cs\/wp-json\/wp\/v2\/pages\/3372"}],"collection":[{"href":"https:\/\/www.clean-air.cz\/cs\/wp-json\/wp\/v2\/pages"}],"about":[{"href":"https:\/\/www.clean-air.cz\/cs\/wp-json\/wp\/v2\/types\/page"}],"author":[{"embeddable":true,"href":"https:\/\/www.clean-air.cz\/cs\/wp-json\/wp\/v2\/users\/11"}],"replies":[{"embeddable":true,"href":"https:\/\/www.clean-air.cz\/cs\/wp-json\/wp\/v2\/comments?post=3372"}],"version-history":[{"count":0,"href":"https:\/\/www.clean-air.cz\/cs\/wp-json\/wp\/v2\/pages\/3372\/revisions"}],"up":[{"embeddable":true,"href":"https:\/\/www.clean-air.cz\/cs\/wp-json\/wp\/v2\/pages\/3385"}],"wp:attachment":[{"href":"https:\/\/www.clean-air.cz\/cs\/wp-json\/wp\/v2\/media?parent=3372"}],"curies":[{"name":"wp","href":"https:\/\/api.w.org\/{rel}","templated":true}]}}