{"id":3359,"date":"2018-11-21T14:27:34","date_gmt":"2018-11-21T13:27:34","guid":{"rendered":"https:\/\/www.clean-air.cz\/svarecska-kukla-ares-ii\/"},"modified":"2025-08-14T11:31:59","modified_gmt":"2025-08-14T09:31:59","slug":"svarecska-kukla-ares-ii","status":"publish","type":"page","link":"https:\/\/www.clean-air.cz\/cs\/hlavove-dily\/svareci-kukly\/svarecska-kukla-ares-ii\/","title":{"rendered":"Sv\u00e1\u0159e\u010dsk\u00e1 kukla ARES II"},"content":{"rendered":"<p>[vc_row][vc_column width=&#8220;1\/2&#8243;][vc_gallery interval=&#8220;0&#8243; images=&#8220;10585,10575,10580&#8243; img_size=&#8220;large&#8220;][\/vc_column][vc_column width=&#8220;1\/2&#8243;][vc_column_text]<strong><span style=\"font-size: 14pt; color: #be0300;\">Sv\u00e1\u0159e\u010dsk\u00e1 ko\u017een\u00e1 kukla pro n\u00e1ro\u010dn\u00e9 pr\u016fmyslov\u00e9 provozy<\/span><\/strong><\/p>\n<p>Tato robustn\u00ed ko\u017een\u00e1 sva\u0159e\u010dsk\u00e1 kukla se snadno odn\u00edmatelnou ochrannou p\u0159ilbou zaji\u0161\u0165uje nekompromisn\u00ed ochranu d\u00fdchac\u00edch cest a horn\u00ed \u010d\u00e1sti t\u011bla, kde je bezpe\u010dnost sv\u00e1\u0159e\u010de nejvy\u0161\u0161\u00ed prioritou. Ide\u00e1ln\u00ed pro pou\u017eit\u00ed ve st\u00edsn\u011bn\u00fdch prostorech &#8211; d\u00edky kompaktn\u00edmu designu a odn\u00edmateln\u00e9 ochrann\u00e9 p\u0159ilb\u011b v\u00e1m umo\u017e\u0148uje vtla\u010dit do prostor, kde nen\u00ed mo\u017en\u00fd p\u0159\u00edstup s konven\u010dn\u00ed kuklou. Je kompatibiln\u00ed pouze se syst\u00e9mem CleanAIR\u00ae Pressure ARES.[\/vc_column_text][vc_btn title=&#8220;Pod\u00edvejte se na celou \u0159adu sv\u00e1\u0159e\u010dsk\u00fdch kukel!&#8220; shape=&#8220;square&#8220; color=&#8220;danger&#8220; size=&#8220;lg&#8220; align=&#8220;left&#8220; i_icon_fontawesome=&#8220;fa fa-info-circle&#8220; css_animation=&#8220;none&#8220; add_icon=&#8220;true&#8220; link=&#8220;url:https%3A%2F%2Fwww.clean-air.cz%2Fcs%2Fhlavove-dily%2Fsvareci-kukly%2F|title:Pod%C3%ADvejte%20se%20na%20celou%20%C5%99adu%20lehk%C3%BDch%20kukel%21|&#8220;][\/vc_column][\/vc_row][vc_row][vc_column][vc_tta_tabs style=&#8220;modern&#8220; shape=&#8220;square&#8220; active_section=&#8220;1&#8243; no_fill_content_area=&#8220;true&#8220; title=&#8220;Detaily&#8220;][vc_tta_section i_icon_fontawesome=&#8220;fa fa-industry&#8220; add_icon=&#8220;true&#8220; title=&#8220;Oblast pou\u017eit\u00ed&#8220; tab_id=&#8220;1513150336358-68add988-e9ea&#8220;][vc_column_text]<span style=\"color: #be0300;\"><strong>Oblast pou\u017eit\u00ed<\/strong><\/span><\/p>\n<p>Profesion\u00e1ln\u00ed sva\u0159e\u010dsk\u00e1 kukla vhodn\u00e1 pro v\u0161echny metody sva\u0159ov\u00e1n\u00ed v\u010detn\u011b TIG, i p\u0159i velmi n\u00edzk\u00fdch sva\u0159ovac\u00edch proudech, vhodn\u00e1 pro pou\u017eit\u00ed ve st\u00edsn\u011bn\u00fdch prostorech.[\/vc_column_text][\/vc_tta_section][vc_tta_section i_icon_fontawesome=&#8220;fa fa-thumbs-o-up&#8220; add_icon=&#8220;true&#8220; title=&#8220;V\u00fdhody&#8220; tab_id=&#8220;1513150336359-b7b65468-8021&#8243;][vc_column_text]<span style=\"color: #be0300;\"><strong>V\u00fdhody<\/strong><\/span><span style=\"color: #be0300;\"><strong><br \/>\n<\/strong><\/span><\/p>\n<ul>\n<li>Kompletn\u00ed ochrana (hlavy, zraku, obli\u010deje, d\u00fdch\u00e1n\u00ed a sluchu)<\/li>\n<li>Inovativn\u00ed rozvod vzduchu zaji\u0161\u0165uj\u00edc\u00ed pohodl\u00ed u\u017eivatele<\/li>\n<li>Kompatibiln\u00ed s ADF i pasivn\u00edmi filtry, dostupn\u00e9 ve dvou variant\u00e1ch (110\u00d790 mm a 110\u00d760 mm)<\/li>\n<li>Vn\u011bj\u0161\u00ed v\u00fdklopn\u00fd zorn\u00edk pro sva\u0159ov\u00e1n\u00ed, vnit\u0159n\u00ed zorn\u00edk pro n\u00e1sledn\u00e9 brou\u0161en\u00ed nebo inspek\u010dn\u00ed kontrolu<\/li>\n<li>Odoln\u00e9 proti s\u00e1lav\u00e9mu teplu a svaru &#8211; t\u0159\u00edda 2 podle EN ISO 11611<\/li>\n<li>Individu\u00e1ln\u011b nastaviteln\u00fd pr\u016ftok vzduchu v \u0161irok\u00e9m rozsahu 160\u2013250 l\/min<\/li>\n<li>V\u00fdstra\u017en\u00fd zvukov\u00fd sign\u00e1l p\u0159i n\u00edzk\u00e9m vstupn\u00edm tlaku<\/li>\n<\/ul>\n<p>[\/vc_column_text][\/vc_tta_section][vc_tta_section i_icon_fontawesome=&#8220;fa fa-cog&#8220; add_icon=&#8220;true&#8220; title=&#8220;Komplety, p\u0159\u00edslu\u0161enstv\u00ed, filtry&#8220; tab_id=&#8220;1513153137048-5f8c31c5-30ea&#8220;][vc_column_text]<\/p>\n<table style=\"width: 100%; height: 432px;\">\n<tbody>\n<tr style=\"height: 24px;\">\n<td style=\"height: 24px;\" colspan=\"2\"><span style=\"color: #be0300;\"><strong>Kumpletn\u00ed kukly<\/strong><\/span><\/td>\n<\/tr>\n<tr style=\"height: 24px;\">\n<td style=\"height: 24px;\">CleanAIR\u00ae Pressure ARES &#8211; jednotka s opaskem a indik\u00e1torem pr\u016ftoku<\/td>\n<td style=\"text-align: center; height: 24px;\">66 00 00<\/td>\n<\/tr>\n<tr style=\"height: 24px;\">\n<td style=\"height: 24px;\">CleanAIR\u00ae Pressure ARES &#8211; pouze jednotka<\/td>\n<td style=\"text-align: center; height: 24px;\">66 00 00W<\/td>\n<\/tr>\n<tr style=\"height: 24px;\">\n<td style=\"height: 24px;\">CleanAIR\u00ae ARES II ko\u017een\u00e1 sv\u00e1\u0159e\u010dsk\u00e1 kukla, zorn\u00edk 110&#215;60, odj\u00edmateln\u00e1 bezpe\u010dnostn\u00ed p\u0159ilba<\/td>\n<td style=\"text-align: center; height: 24px;\">71 83 60<\/td>\n<\/tr>\n<tr style=\"height: 24px;\">\n<td style=\"height: 24px;\">CleanAIR\u00ae ARES II ko\u017een\u00e1 sv\u00e1\u0159e\u010dsk\u00e1 kukla, zorn\u00edk 110&#215;90, odj\u00edmateln\u00e1 bezpe\u010dnostn\u00ed p\u0159ilba<\/td>\n<td style=\"text-align: center; height: 24px;\">71 83 90<\/td>\n<\/tr>\n<tr style=\"height: 24px;\">\n<td style=\"height: 24px;\">Ready to Weld set &#8211; ARES II, zorn\u00edk 60 mm a jednotka Pressure ARES<\/td>\n<td style=\"text-align: center; height: 24px;\">66 83 60<\/td>\n<\/tr>\n<tr style=\"height: 24px;\">\n<td style=\"height: 24px;\">Ready to Weld set &#8211; ARES II, zorn\u00edk 90mm a jednotka Pressure ARES<\/td>\n<td style=\"text-align: center; height: 24px;\">66 83 90<\/td>\n<\/tr>\n<tr style=\"height: 24px;\">\n<td style=\"height: 24px;\" colspan=\"2\"><span style=\"color: #be0300;\"><strong>N\u00e1hradn\u00ed d\u00edly, p\u0159\u00edslu\u0161enstv\u00ed<\/strong><\/span><\/td>\n<\/tr>\n<tr style=\"height: 24px;\">\n<td style=\"height: 24px;\">Vn\u011bj\u0161\u00ed ochrann\u00e1 f\u00f3lie &#8211; 110 x 60 mm \/ 1,0 mm<\/td>\n<td style=\"text-align: center; height: 24px;\">*110\/60\/1,0<\/td>\n<\/tr>\n<tr style=\"height: 24px;\">\n<td style=\"height: 24px;\">Vn\u011bj\u0161\u00ed ochrann\u00e1 f\u00f3lie &#8211; 110 x 90 mm \/ 1,0 mm<\/td>\n<td style=\"text-align: center; height: 24px;\">*110\/90\/1,0<\/td>\n<\/tr>\n<tr style=\"height: 24px;\">\n<td style=\"height: 24px;\">Komfortn\u00ed polstrovan\u00fd opasek Standard<\/td>\n<td style=\"text-align: center; height: 24px;\">71 00 93<\/td>\n<\/tr>\n<tr style=\"height: 24px;\">\n<td style=\"height: 24px;\">Ochrann\u00e1 p\u0159ilba CleanAIR\u00ae ARES II<\/td>\n<td style=\"text-align: center; height: 24px;\">71 83 10<\/td>\n<\/tr>\n<tr style=\"height: 24px;\">\n<td style=\"height: 24px;\">\u010celov\u00e1 p\u00e1ska CleanAIR\u00ae &#8211; set 10 ks<\/td>\n<td style=\"text-align: center; height: 24px;\">71 83 16\/10<\/td>\n<\/tr>\n<tr style=\"height: 24px;\">\n<td style=\"height: 24px;\">Hlavov\u00fd k\u0159\u00ed\u017e CleanAIR\u00ae ARES II<\/td>\n<td style=\"text-align: center; height: 24px;\">71 83 41<\/td>\n<\/tr>\n<tr style=\"height: 24px;\">\n<td style=\"height: 24px;\">Sada pro upevn\u011bn\u00ed p\u0159ilby<\/td>\n<td style=\"text-align: center; height: 24px;\">71 83 11<\/td>\n<\/tr>\n<tr style=\"height: 24px;\">\n<td style=\"height: 24px;\">Spare adjustable strip<\/td>\n<td style=\"text-align: center; height: 24px;\">71 83 44<\/td>\n<\/tr>\n<tr style=\"height: 24px;\">\n<td style=\"height: 24px;\">Zorn\u00edk pro sv\u00e1\u0159en\u00edr 110&#215;60 (90) mm v\u010detn\u011b v\u00fdklopn\u00e9ho r\u00e1mu<\/td>\n<td style=\"text-align: center; height: 24px;\">71 83 67 (97)<\/td>\n<\/tr>\n<tr style=\"height: 24px;\">\n<td style=\"height: 24px;\">Ochrana sluchu &#8211; Peltor Optime lll<\/td>\n<td style=\"text-align: center; height: 24px;\">XH001650841<\/td>\n<\/tr>\n<\/tbody>\n<\/table>\n<p>[\/vc_column_text][\/vc_tta_section][vc_tta_section i_icon_fontawesome=&#8220;fa fa-wrench&#8220; add_icon=&#8220;true&#8220; title=&#8220;Technick\u00e1 data&#8220; tab_id=&#8220;1513153797992-792040b0-82c9&#8243;][vc_column_text]<\/p>\n<table>\n<tbody>\n<tr>\n<td style=\"text-align: left;\">Hmotnost<\/td>\n<td style=\"text-align: center;\" colspan=\"2\">1 440 g<\/td>\n<\/tr>\n<tr>\n<td style=\"text-align: left;\">Materi\u00e1l<\/td>\n<td style=\"text-align: center;\" colspan=\"2\">kukla \u2013 k\u016f\u017ee vysok\u00e9 kvality<br \/>\nr\u00e1me\u010dek \u2013 polyamid<\/td>\n<\/tr>\n<tr>\n<td style=\"text-align: left;\">Rozm\u011br samostm\u00edvac\u00edho filtru<\/td>\n<td style=\"text-align: center;\" colspan=\"2\">110\u00d760 \/ 110\u00d790 mm<\/td>\n<\/tr>\n<tr>\n<td style=\"text-align: left;\">P\u0159ipojen\u00ed hadice<\/td>\n<td style=\"text-align: center;\" colspan=\"2\">kompatibiln\u00ed s MINI DN 5 (CEJN 223)<\/td>\n<\/tr>\n<tr>\n<td style=\"text-align: left;\">Certifikace<\/td>\n<td style=\"text-align: center;\" colspan=\"2\">EN 14594 &#8211; t\u0159\u00edda 3B, EN 166 1B, EN 175, EN 170, EN ISO 11611 &#8211; t\u0159\u00edda 2<\/td>\n<\/tr>\n<\/tbody>\n<\/table>\n<p>[\/vc_column_text][\/vc_tta_section][vc_tta_section i_icon_fontawesome=&#8220;fa fa-download&#8220; add_icon=&#8220;true&#8220; title=&#8220;Ke sta\u017een\u00ed&#8220; tab_id=&#8220;1513154098935-95c74e4f-fa1e&#8220;][vc_column_text]<strong><a href=\"https:\/\/www.clean-air.cz\/wp-content\/uploads\/2018\/06\/User-manual-NA-065-R00-CA-83-ARES-II-blok.pdf\" target=\"_blank\" rel=\"noopener noreferrer\">User manual &#8211; NA-065-R00 &#8211; CA-83 ARES II blok<\/a><\/strong><\/p>\n<p><strong><a href=\"https:\/\/www.clean-air.cz\/wp-content\/uploads\/2021\/04\/DA-042_-_718360_718390_-_ARESII_-_EN.pdf\">Datasheet_-_718360_718390_-_ARESII_-_EN<\/a><\/strong><\/p>\n<p><strong><a href=\"https:\/\/www.clean-air.cz\/wp-content\/uploads\/2020\/11\/PS-720201-1-R0-CA-2-Lite.pdf\">Declaration of confornity<\/a><a href=\"https:\/\/www.clean-air.cz\/wp-content\/uploads\/2024\/09\/PS-718300-1-R2-Ares-II.pdf\"> -718300-1-R2 Ares II<\/a><\/strong>[\/vc_column_text][\/vc_tta_section][vc_tta_section i_icon_fontawesome=&#8220;fa fa-picture-o&#8220; add_icon=&#8220;true&#8220; title=&#8220;Galerie&#8220; tab_id=&#8220;1515415801460-0c2258c9-4574&#8243;][vc_gallery type=&#8220;image_grid&#8220; images=&#8220;776,205,204&#8243; img_size=&#8220;medium&#8220; css_animation=&#8220;fadeIn&#8220; css=&#8220;.vc_custom_1528878141408{padding-left: 280px !important;}&#8220;][\/vc_tta_section][\/vc_tta_tabs][\/vc_column][\/vc_row]<\/p>\n","protected":false},"excerpt":{"rendered":"<p>[vc_row][vc_column width=&#8220;1\/2&#8243;][vc_gallery interval=&#8220;0&#8243; images=&#8220;10585,10575,10580&#8243; img_size=&#8220;large&#8220;][\/vc_column][vc_column width=&#8220;1\/2&#8243;][vc_column_text]Sv\u00e1\u0159e\u010dsk\u00e1 ko\u017een\u00e1 kukla pro n\u00e1ro\u010dn\u00e9 pr\u016fmyslov\u00e9 provozy Tato robustn\u00ed ko\u017een\u00e1 sva\u0159e\u010dsk\u00e1 kukla se snadno odn\u00edmatelnou ochrannou p\u0159ilbou zaji\u0161\u0165uje nekompromisn\u00ed ochranu d\u00fdchac\u00edch cest a horn\u00ed \u010d\u00e1sti t\u011bla, kde je bezpe\u010dnost sv\u00e1\u0159e\u010de nejvy\u0161\u0161\u00ed prioritou. Ide\u00e1ln\u00ed pro pou\u017eit\u00ed ve st\u00edsn\u011bn\u00fdch prostorech &#8211; d\u00edky kompaktn\u00edmu designu a odn\u00edmateln\u00e9 ochrann\u00e9 p\u0159ilb\u011b v\u00e1m umo\u017e\u0148uje vtla\u010dit do prostor, kde nen\u00ed mo\u017en\u00fd p\u0159\u00edstup s konven\u010dn\u00ed kuklou. Je kompatibiln\u00ed pouze se syst\u00e9mem CleanAIR\u00ae Pressure<\/p>\n<p><a class=\"more-link\" href=\"https:\/\/www.clean-air.cz\/cs\/hlavove-dily\/svareci-kukly\/svarecska-kukla-ares-ii\/\">Read More<\/a><\/p>\n","protected":false},"author":11,"featured_media":0,"parent":3369,"menu_order":0,"comment_status":"closed","ping_status":"closed","template":"","meta":{"footnotes":""},"_links":{"self":[{"href":"https:\/\/www.clean-air.cz\/cs\/wp-json\/wp\/v2\/pages\/3359"}],"collection":[{"href":"https:\/\/www.clean-air.cz\/cs\/wp-json\/wp\/v2\/pages"}],"about":[{"href":"https:\/\/www.clean-air.cz\/cs\/wp-json\/wp\/v2\/types\/page"}],"author":[{"embeddable":true,"href":"https:\/\/www.clean-air.cz\/cs\/wp-json\/wp\/v2\/users\/11"}],"replies":[{"embeddable":true,"href":"https:\/\/www.clean-air.cz\/cs\/wp-json\/wp\/v2\/comments?post=3359"}],"version-history":[{"count":0,"href":"https:\/\/www.clean-air.cz\/cs\/wp-json\/wp\/v2\/pages\/3359\/revisions"}],"up":[{"embeddable":true,"href":"https:\/\/www.clean-air.cz\/cs\/wp-json\/wp\/v2\/pages\/3369"}],"wp:attachment":[{"href":"https:\/\/www.clean-air.cz\/cs\/wp-json\/wp\/v2\/media?parent=3359"}],"curies":[{"name":"wp","href":"https:\/\/api.w.org\/{rel}","templated":true}]}}