{"id":3350,"date":"2018-11-20T16:14:35","date_gmt":"2018-11-20T15:14:35","guid":{"rendered":"https:\/\/www.clean-air.cz\/svareci-kukla-ca-29-evolve\/"},"modified":"2026-03-27T14:36:08","modified_gmt":"2026-03-27T13:36:08","slug":"svareci-kukla-ca-29-evolve","status":"publish","type":"page","link":"https:\/\/www.clean-air.cz\/cs\/hlavove-dily\/svareci-kukly\/svareci-kukla-ca-29-evolve\/","title":{"rendered":"Sv\u00e1\u0159ec\u00ed kukla CA-29 Evolve"},"content":{"rendered":"<p>[vc_row][vc_column width=&#8220;1\/2&#8243;][vc_gallery interval=&#8220;0&#8243; images=&#8220;22363&#8243; img_size=&#8220;large&#8220;][\/vc_column][vc_column width=&#8220;1\/2&#8243;][vc_column_text]<\/p>\n<h4><span style=\"color: #be0300;\">Discontinued starting April 2026.<\/span><br \/>\nAll the consumables and spare parts remains available untill further notice.<\/h4>\n<p>[\/vc_column_text][vc_column_text]<\/p>\n<p><strong><span style=\"font-size: 14pt; color: #be0300;\">P\u0159edstavuje ergonomickou a lehkou kuklu s odkl\u00e1p\u011bc\u00edm sv\u00e1\u0159e\u010dsk\u00fdm zorn\u00edkem a pr\u016fhledn\u00fdm brusn\u00fdm zorn\u00edkem. Poskytuje vynikaj\u00edc\u00ed ochranu p\u0159i brou\u0161en\u00ed, sva\u0159ov\u00e1n\u00ed a n\u00e1sledn\u00fdch povrchov\u00fdch \u00faprav\u00e1ch.\u00a0<\/span><\/strong><\/p>\n<p>V\u00fdklopnou p\u0159edn\u00ed \u010d\u00e1st lze zvednout na vrchol p\u0159ilby kdykoli je pot\u0159eba. Unik\u00e1tn\u00ed mechanismus zvednut\u00ed optimalizuje t\u011b\u017ei\u0161t\u011b. Sklopn\u00fd sva\u0159ovac\u00ed \u0161t\u00edt umo\u017e\u0148uje pou\u017e\u00edt bu\u010f filtr pro automatick\u00e9 zatemn\u011bn\u00ed nebo filtr pro pasivn\u00ed sva\u0159ov\u00e1n\u00ed se standardn\u00edm rozm\u011brem 110 \u00d7 90 mm. \u0160irok\u00fd zak\u0159iven\u00fd ochrann\u00fd zorn\u00edk zaji\u0161\u0165uje neru\u0161en\u00fd v\u00fdhled ve v\u0161ech sm\u011brech a spl\u0148uje po\u017eadavky dle EN 166 B. CA-29 Evolve je navr\u017een pro pou\u017eit\u00ed s jednotkami CleanAIR\u00ae PAPR nebo CleanAIR\u00ae syst\u00e9my tlakov\u00e9ho vzduch a zaji\u0161\u0165uje tak\u00a0 ochranu d\u00fdchac\u00edch cest p\u0159ed r\u016fzn\u00fdmi druhy \u0161kodliv\u00fdch zne\u010di\u0161\u0165uj\u00edc\u00edch l\u00e1tek ve vzduchu.<\/p>\n<p>[\/vc_column_text][\/vc_column][\/vc_row][vc_row][vc_column][vc_tta_tabs style=&#8220;modern&#8220; shape=&#8220;square&#8220; active_section=&#8220;1&#8243; no_fill_content_area=&#8220;true&#8220; title=&#8220;Detaily&#8220;][vc_tta_section i_icon_fontawesome=&#8220;fa fa-industry&#8220; add_icon=&#8220;true&#8220; title=&#8220;Oblast pou\u017eit\u00ed&#8220; tab_id=&#8220;1513150336358-68add988-e9ea&#8220;][vc_column_text]<\/p>\n<p><span style=\"color: #be0300;\"><strong>Oblast pou\u017eit\u00ed<\/strong><\/span><\/p>\n<p>CA-29 nach\u00e1z\u00ed uplatn\u011bn\u00ed v mnoha odv\u011btv\u00edch, jako je stavebnictv\u00ed, automobilov\u00fd pr\u016fmysl, stavba lod\u00ed, t\u011b\u017ek\u00e1 pr\u016fmyslov\u00e1 prost\u0159ed\u00ed atd. Je vhodn\u00e1 pro v\u011bt\u0161inu metod sva\u0159ov\u00e1n\u00ed a n\u00e1sledn\u00e9 \u010di\u0161t\u011bn\u00ed a brou\u0161en\u00ed.<\/p>\n<p>[\/vc_column_text][\/vc_tta_section][vc_tta_section i_icon_fontawesome=&#8220;fa fa-thumbs-o-up&#8220; add_icon=&#8220;true&#8220; title=&#8220;V\u00fdhody&#8220; tab_id=&#8220;1513150336359-b7b65468-8021&#8243;][vc_column_text]<\/p>\n<p><span style=\"color: #be0300;\"><strong>V\u00fdhody<\/strong><\/span><\/p>\n<ul>\n<li>Kombinuje ochranu p\u0159i sv\u00e1\u0159en\u00ed a brou\u0161en\u00ed<\/li>\n<li>Kompaktn\u00ed a odoln\u00fd design<\/li>\n<li>Lehk\u00e1, velmi dob\u0159e vyv\u00e1\u017een\u00e1 a komfortn\u00ed<\/li>\n<li>Velk\u00fd zaoblen\u00fd zorn\u00edk 170\u00d795 mm<\/li>\n<li>Kompatibiln\u00ed se samostm\u00edvac\u00edmi kazetami, nebo sv\u00e1\u0159e\u010dsk\u00fdmi skly 110\u00d790 mm<\/li>\n<li>Komfortn\u00ed a jednodu\u0161e nastaviteln\u00fd hlavov\u00fd k\u0159\u00ed\u017e<\/li>\n<li>Jednodu\u0161e vym\u011bniteln\u00e9 spot\u0159ebn\u00ed d\u00edly<\/li>\n<li>Kompatibiln\u00ed s filtra\u010dn\u011b-ventila\u010dn\u00edmi jednotkami CleanAIR\u00ae a syst\u00e9my tlakov\u00e9ho vzduchu CleanAIR\u00ae Pressure<\/li>\n<\/ul>\n<p>[\/vc_column_text][\/vc_tta_section][vc_tta_section i_icon_fontawesome=&#8220;fa fa-cog&#8220; add_icon=&#8220;true&#8220; title=&#8220;Komplety, p\u0159\u00edslu\u0161enstv\u00ed, filtry&#8220; tab_id=&#8220;1513153137048-5f8c31c5-30ea&#8220;][vc_column_text]<\/p>\n<table>\n<tbody>\n<tr>\n<td style=\"text-align: left;\" colspan=\"2\"><span style=\"color: #be0300;\"><strong>Kompletn\u00ed kukly<\/strong><\/span><\/td>\n<\/tr>\n<tr>\n<td style=\"text-align: left;\">KuklaCA-29 Evolve, v\u010detn\u011b rozvodu vzduchu a ADF V9-13 DS ADC<\/td>\n<td style=\"text-align: center;\">70 29 01<\/td>\n<\/tr>\n<tr>\n<td style=\"text-align: left;\">Kukla CA-29, v\u010detn\u011b rozvodu vzduchu a ADF AerTEC\u2122 X100 V9-13<\/td>\n<td style=\"text-align: center;\">70 29 02<\/td>\n<\/tr>\n<tr>\n<td style=\"text-align: left;\">Kukla CA-29, v\u010detn\u011b rozvodu vzduchu a ADF AerTEC\u2122 X110 V9-13 True Colour<\/td>\n<td style=\"text-align: center;\">70 29 02TC<\/td>\n<\/tr>\n<tr>\n<td style=\"text-align: left;\">Kukla CA-29 Evolve, v\u010detn\u011b rozvodu vzduchu a pasivn\u00edho filtru(tmavost 10)<\/td>\n<td style=\"text-align: center;\">70 29 00<\/td>\n<\/tr>\n<tr>\n<td style=\"text-align: left;\" colspan=\"2\"><span style=\"color: #be0300;\"><strong>N\u00e1hradn\u00ed d\u00edly, p\u0159\u00edslu\u0161enstv\u00ed<\/strong><\/span><\/td>\n<\/tr>\n<tr>\n<td style=\"text-align: left;\">Front safety plate &#8211; 110&#215;90 mm \/ 1 mm<\/td>\n<td style=\"text-align: center;\">*110\/90\/1<\/td>\n<\/tr>\n<tr>\n<td style=\"text-align: left;\">Auto-darkening welding filter AerTEC\u2122 X100 4\/9\u201313<\/td>\n<td style=\"text-align: center;\">40 51 00<\/td>\n<\/tr>\n<tr>\n<td style=\"text-align: left;\">Auto-darkening welding filter AerTEC\u2122 X110 true colour<\/td>\n<td style=\"text-align: center;\">40 51 10<\/td>\n<\/tr>\n<tr>\n<td style=\"text-align: left;\">Sweatband CleanAIR\u00ae &#8211; pack of 10 pcs<\/td>\n<td style=\"text-align: center;\">16 70 01\/10<\/td>\n<\/tr>\n<tr>\n<td style=\"text-align: left;\">Auto darkening filter Balder V9-13 ADC<\/td>\n<td style=\"text-align: center;\">40 50 25<\/td>\n<\/tr>\n<tr>\n<td style=\"text-align: left;\">Grinding visor, polycarbonate<\/td>\n<td style=\"text-align: center;\">70 29 20<\/td>\n<\/tr>\n<tr>\n<td style=\"text-align: left;\">Faceseal for welding hoods &#8211; universal<\/td>\n<td style=\"text-align: center;\">70 21 53<\/td>\n<\/tr>\n<tr>\n<td style=\"text-align: left;\">Headband CA-29 Evolve, incl. set of sweatbands<\/td>\n<td style=\"text-align: center;\">70 29 41<\/td>\n<\/tr>\n<tr>\n<td style=\"text-align: left;\">Assembly kit for headband Evolve<\/td>\n<td style=\"text-align: center;\">70 29 42<\/td>\n<\/tr>\n<tr>\n<td style=\"text-align: left;\">Flip-up welding visor<\/td>\n<td style=\"text-align: center;\">70 29 45<\/td>\n<\/tr>\n<tr>\n<td style=\"text-align: left;\">Airduct QuickLOCK\u2122<\/td>\n<td style=\"text-align: center;\">71 04 50QL<\/td>\n<\/tr>\n<\/tbody>\n<\/table>\n<p>&nbsp;<br \/>\n[\/vc_column_text][\/vc_tta_section][vc_tta_section i_icon_fontawesome=&#8220;fa fa-wrench&#8220; add_icon=&#8220;true&#8220; title=&#8220;Technick\u00e1 data&#8220; tab_id=&#8220;1513153797992-792040b0-82c9&#8243;][vc_column_text]<\/p>\n<table>\n<tbody>\n<tr>\n<td style=\"text-align: left;\" colspan=\"2\"><span style=\"color: #be0300;\"><strong>Technical data<\/strong><\/span><\/td>\n<\/tr>\n<tr>\n<td style=\"text-align: left;\">V\u00e1ha<\/td>\n<td style=\"text-align: center;\">560 g<\/td>\n<\/tr>\n<tr>\n<td style=\"text-align: left;\">Rozm\u011br ADF<\/td>\n<td style=\"text-align: center;\">110\u00d790 mm<\/td>\n<\/tr>\n<tr>\n<td style=\"text-align: left;\">Zorn\u00e9 pole<\/td>\n<td style=\"text-align: center;\">95&#215;46,5 mm Balder V9-13DS<br \/>\n100\u00d753 mm AerTEC\u2122 X100\/X110 V9-13<\/td>\n<\/tr>\n<tr>\n<td style=\"text-align: left;\">Rozm\u011br brusn\u00e9ho \u0161t\u00edtu<\/td>\n<td style=\"text-align: center;\">165&#215;95 mm<\/td>\n<\/tr>\n<tr>\n<td style=\"text-align: left;\">P\u0159ipojen\u00ed hadice<\/td>\n<td style=\"text-align: center;\">QuickLOCK\u2122<\/td>\n<\/tr>\n<tr>\n<td style=\"text-align: left;\">Ochrann\u00fd faktor (NPF)<\/td>\n<td style=\"text-align: center;\">50<\/td>\n<\/tr>\n<tr>\n<td style=\"text-align: left;\">Certifikace<\/td>\n<td style=\"text-align: center;\">EN 12941 TH2, EN 14594 2A\/2B,<br \/>\nEN 175 B, EN 166 B, EN 379 1\/1\/1\/2<\/td>\n<\/tr>\n<\/tbody>\n<\/table>\n<p>&nbsp;<br \/>\n[\/vc_column_text][\/vc_tta_section][vc_tta_section i_icon_fontawesome=&#8220;fa fa-download&#8220; add_icon=&#8220;true&#8220; title=&#8220;Ke sta\u017een\u00ed&#8220; tab_id=&#8220;1513154098935-95c74e4f-fa1e&#8220;][vc_column_text]<strong><a href=\"https:\/\/www.clean-air.cz\/wp-content\/uploads\/2020\/01\/DA-036_-_702901_-_CA-29_Evolve_-_EN.pdf\">DA-036_-_702901_-_CA-29_Evolve_-_EN<\/a><\/strong><\/p>\n<p><strong><a href=\"https:\/\/www.clean-air.cz\/wp-content\/uploads\/2019\/11\/User-manual-CNA-044-R03-CA-29-Evolve-Evermatic-Evolve-70-29-00-ver-1.1.1-pro-tisk-ob\u00e1lka.pdf\" target=\"_blank\" rel=\"noopener noreferrer\">User manual &#8211; CNA-044-R03 &#8211; CA-29 Evolve + Evermatic Evolve &#8211; 70 29 00\u00a0<\/a><\/strong><\/p>\n<p><strong><a href=\"https:\/\/www.clean-air.cz\/wp-content\/uploads\/2018\/10\/PS-702900-1-R0-CA-29.pdf\" target=\"_blank\" rel=\"noopener noreferrer\">Declaration of confornity &#8211; 702900-1-R0 CA-29<\/a><\/strong>[\/vc_column_text][\/vc_tta_section][vc_tta_section i_icon_fontawesome=&#8220;fa fa-picture-o&#8220; add_icon=&#8220;true&#8220; title=&#8220;Galerie&#8220; tab_id=&#8220;1515415801460-0c2258c9-4574&#8243;][vc_gallery type=&#8220;image_grid&#8220; images=&#8220;7652,7667,7656,7662,7677,7672&#8243; img_size=&#8220;medium&#8220; css_animation=&#8220;fadeIn&#8220; css=&#8220;.vc_custom_1574677359751{padding-left: 280px !important;}&#8220; el_class=&#8220;ca-29_gallery&#8220;][\/vc_tta_section][\/vc_tta_tabs][\/vc_column][\/vc_row]<\/p>\n","protected":false},"excerpt":{"rendered":"<p>[vc_row][vc_column width=&#8220;1\/2&#8243;][vc_gallery interval=&#8220;0&#8243; images=&#8220;22363&#8243; img_size=&#8220;large&#8220;][\/vc_column][vc_column width=&#8220;1\/2&#8243;][vc_column_text] Discontinued starting April 2026. All the consumables and spare parts remains available untill further notice. [\/vc_column_text][vc_column_text] P\u0159edstavuje ergonomickou a lehkou kuklu s odkl\u00e1p\u011bc\u00edm sv\u00e1\u0159e\u010dsk\u00fdm zorn\u00edkem a pr\u016fhledn\u00fdm brusn\u00fdm zorn\u00edkem. Poskytuje vynikaj\u00edc\u00ed ochranu p\u0159i brou\u0161en\u00ed, sva\u0159ov\u00e1n\u00ed a n\u00e1sledn\u00fdch povrchov\u00fdch \u00faprav\u00e1ch.\u00a0 V\u00fdklopnou p\u0159edn\u00ed \u010d\u00e1st lze zvednout na vrchol p\u0159ilby kdykoli je pot\u0159eba. Unik\u00e1tn\u00ed mechanismus zvednut\u00ed optimalizuje t\u011b\u017ei\u0161t\u011b. Sklopn\u00fd sva\u0159ovac\u00ed \u0161t\u00edt umo\u017e\u0148uje pou\u017e\u00edt bu\u010f filtr pro automatick\u00e9<\/p>\n<p><a class=\"more-link\" href=\"https:\/\/www.clean-air.cz\/cs\/hlavove-dily\/svareci-kukly\/svareci-kukla-ca-29-evolve\/\">Read More<\/a><\/p>\n","protected":false},"author":11,"featured_media":0,"parent":3369,"menu_order":0,"comment_status":"closed","ping_status":"closed","template":"","meta":{"footnotes":""},"_links":{"self":[{"href":"https:\/\/www.clean-air.cz\/cs\/wp-json\/wp\/v2\/pages\/3350"}],"collection":[{"href":"https:\/\/www.clean-air.cz\/cs\/wp-json\/wp\/v2\/pages"}],"about":[{"href":"https:\/\/www.clean-air.cz\/cs\/wp-json\/wp\/v2\/types\/page"}],"author":[{"embeddable":true,"href":"https:\/\/www.clean-air.cz\/cs\/wp-json\/wp\/v2\/users\/11"}],"replies":[{"embeddable":true,"href":"https:\/\/www.clean-air.cz\/cs\/wp-json\/wp\/v2\/comments?post=3350"}],"version-history":[{"count":0,"href":"https:\/\/www.clean-air.cz\/cs\/wp-json\/wp\/v2\/pages\/3350\/revisions"}],"up":[{"embeddable":true,"href":"https:\/\/www.clean-air.cz\/cs\/wp-json\/wp\/v2\/pages\/3369"}],"wp:attachment":[{"href":"https:\/\/www.clean-air.cz\/cs\/wp-json\/wp\/v2\/media?parent=3350"}],"curies":[{"name":"wp","href":"https:\/\/api.w.org\/{rel}","templated":true}]}}