{"id":3346,"date":"2018-11-20T15:19:35","date_gmt":"2018-11-20T14:19:35","guid":{"rendered":"https:\/\/www.clean-air.cz\/ochranna-prilba-ca-40gw\/"},"modified":"2025-08-14T11:26:09","modified_gmt":"2025-08-14T09:26:09","slug":"ochranna-prilba-ca-40gw","status":"publish","type":"page","link":"https:\/\/www.clean-air.cz\/cs\/hlavove-dily\/svareci-kukly\/ochranna-prilba-ca-40gw\/","title":{"rendered":"Ochrann\u00e1 p\u0159ilba CA-40GW"},"content":{"rendered":"<p>[vc_row][vc_column width=&#8220;1\/2&#8243;][vc_gallery interval=&#8220;3&#8243; images=&#8220;14411,14453,14459,14465,14471,14477,14483,14489,14495,14501,14507&#8243; img_size=&#8220;large&#8220;][\/vc_column][vc_column width=&#8220;1\/2&#8243;][vc_column_text]<strong><span style=\"font-size: 14pt; color: #be0300;\">Ochrann\u00e1 p\u0159ilba CA-40GW se sva\u0159ovac\u00edm a brusn\u00fdm \u0161t\u00edtem<\/span><\/strong><\/p>\n<p>V\u00edce\u00fa\u010delov\u00e1 ochrann\u00e1 p\u0159ilba se sva\u0159ovac\u00edm a brusn\u00fdm \u0161t\u00edtem poskytuje 5 \u00farovn\u00ed ochrany z\u00e1rove\u0148: ochrana o\u010d\u00ed, obli\u010deje, hlavy, d\u00fdchac\u00edch cest a voliteln\u00e1 ochrana sluchu. Stabiln\u00ed skl\u00e1p\u011bc\u00ed zorn\u00edk je kompatibiln\u00ed s kazetami s automatick\u00fdm ztmavov\u00e1n\u00edm nebo pasivn\u00edmi kazetami o rozm\u011brech 110 \u00d7 90 mm. \u0160pi\u010dkov\u00fd kvalitn\u00ed zorn\u00edk s odolnost\u00ed proti zaml\u017een\u00ed a po\u0161kr\u00e1b\u00e1n\u00ed zaru\u010duje vynikaj\u00edc\u00ed zorn\u00e9 pole a zv\u00fd\u0161enou odolnost. Snadno vym\u011bniteln\u00fd zorn\u00edk DIN4 nebo DIN5 d\u011bl\u00e1 z p\u0159ilby CA-40 dokonal\u00fd chr\u00e1ni\u010d pro efektivn\u00ed \u0159ez\u00e1n\u00ed plazmou nebo kysl\u00edkem. Produkt je vhodn\u00fd pro nejn\u00e1ro\u010dn\u011bj\u0161\u00ed sva\u0159ovac\u00ed pr\u00e1ce, v\u010detn\u011b sva\u0159ovac\u00edch p\u0159\u00edprav (polohov\u00e1n\u00ed, up\u00edn\u00e1n\u00ed) a dal\u0161\u00edch povrchov\u00fdch operac\u00ed (brou\u0161en\u00ed, \u010di\u0161t\u011bn\u00ed, le\u0161t\u011bn\u00ed).[\/vc_column_text][\/vc_column][\/vc_row][vc_row][vc_column][vc_tta_tabs style=&#8220;modern&#8220; shape=&#8220;square&#8220; active_section=&#8220;1&#8243; no_fill_content_area=&#8220;true&#8220; title=&#8220;Detaily&#8220;][vc_tta_section i_icon_fontawesome=&#8220;fa fa-industry&#8220; add_icon=&#8220;true&#8220; title=&#8220;Oblast pou\u017eit\u00ed&#8220; tab_id=&#8220;1513150336358-68add988-e9ea&#8220;][vc_column_text]<span style=\"color: #be0300;\"><strong>Areas of application<\/strong><\/span><\/p>\n<ul>\n<li>Heavy duty maintenance<\/li>\n<li>Automotive industry<\/li>\n<li>Shipbuilding<\/li>\n<li>Building construction<\/li>\n<\/ul>\n<p>[\/vc_column_text][\/vc_tta_section][vc_tta_section i_icon_fontawesome=&#8220;fa fa-thumbs-o-up&#8220; add_icon=&#8220;true&#8220; title=&#8220;V\u00fdhody&#8220; tab_id=&#8220;1513150336359-b7b65468-8021&#8243;][vc_column_text]<span style=\"color: #be0300;\"><strong>Features &amp; Benefits<\/strong><\/span><\/p>\n<ul>\n<li>Multiple protection \u2013 5 levels of protection at once: eye, face, head, respiratory and optional<br \/>\nhearing protection<\/li>\n<li>Easy to wear, easy to use and easy to maintain system<\/li>\n<li>Comtaptible with ADFs or passive fi lters 110&#215;90 mm<\/li>\n<li>Superb quality spherical visor guarantees an excelent fi eld of vision<\/li>\n<li>Anti-fog coating prevents the visor from fogging<\/li>\n<li>Anti-scratch coating increases the mechanical durability of the visor<\/li>\n<li>Shade 4, shade 5 and yellow visors available<\/li>\n<li>Enhanced robustness &#8211; protection against high-speed particles with HIGH energy<\/li>\n<li>In-built air distribution system<\/li>\n<li>The highest standard in respiratory protection \u2013 TH3<\/li>\n<\/ul>\n<p>[\/vc_column_text][\/vc_tta_section][vc_tta_section i_icon_fontawesome=&#8220;fa fa-cog&#8220; add_icon=&#8220;true&#8220; title=&#8220;Komplety, p\u0159\u00edslu\u0161enstv\u00ed, filtry&#8220; tab_id=&#8220;1513153137048-5f8c31c5-30ea&#8220;][vc_column_text]<\/p>\n<table style=\"width: 100%; height: 600px;\">\n<tbody>\n<tr style=\"height: 24px;\">\n<td style=\"text-align: left; height: 24px;\" colspan=\"2\"><span style=\"color: #be0300;\"><strong>Complete hoods<\/strong><\/span><\/td>\n<\/tr>\n<tr style=\"height: 24px;\">\n<td style=\"text-align: left; height: 24px;\">Safety helmet CA-40GW with grinding and welding shield<\/td>\n<td style=\"text-align: center; height: 24px;\">70 42 00<\/td>\n<\/tr>\n<tr style=\"height: 48px;\">\n<td style=\"text-align: left; height: 48px;\">Safety helmet CA-40GW with grinding and welding shield<br \/>\n(including ADF AerTEC X110 )<\/td>\n<td style=\"text-align: center; height: 48px;\">70 42 03<\/td>\n<\/tr>\n<tr style=\"height: 24px;\">\n<td style=\"text-align: left; height: 24px;\" colspan=\"2\"><span style=\"color: #be0300;\"><strong>Spare parts, accessories<\/strong><\/span><\/td>\n<\/tr>\n<tr style=\"height: 24px;\">\n<td style=\"text-align: left; height: 24px;\">Spare welding shield CA-40GW (only for CA-40GW)<\/td>\n<td style=\"text-align: center; height: 24px;\">70 42 02<\/td>\n<\/tr>\n<tr style=\"height: 24px;\">\n<td style=\"text-align: left; height: 24px;\">Spare grinding shield CA-40G<\/td>\n<td style=\"text-align: center; height: 24px;\">70 41 02<\/td>\n<\/tr>\n<tr style=\"height: 24px;\">\n<td style=\"text-align: left; height: 24px;\">Protection film for grinding visor (pack of 10 pcs)<\/td>\n<td style=\"text-align: center; height: 24px;\">70 41 20<\/td>\n<\/tr>\n<tr style=\"height: 24px;\">\n<td style=\"text-align: left; height: 24px;\">Face seal<\/td>\n<td style=\"text-align: center; height: 24px;\">70 40 60<\/td>\n<\/tr>\n<tr style=\"height: 24px;\">\n<td style=\"text-align: left; height: 24px;\">Headband<\/td>\n<td style=\"text-align: center; height: 24px;\">70 40 41x<\/td>\n<\/tr>\n<tr style=\"height: 24px;\">\n<td style=\"text-align: left; height: 24px;\">Neck and throat protection<\/td>\n<td style=\"text-align: center; height: 24px;\">70 40 65<\/td>\n<\/tr>\n<tr style=\"height: 24px;\">\n<td style=\"text-align: left; height: 24px;\">Fixing screws<\/td>\n<td style=\"text-align: center; height: 24px;\">70 40 43<\/td>\n<\/tr>\n<tr style=\"height: 24px;\">\n<td style=\"text-align: left; height: 24px;\">Sweatband<\/td>\n<td style=\"text-align: center; height: 24px;\">70 40 44<\/td>\n<\/tr>\n<tr style=\"height: 24px;\">\n<td style=\"text-align: left; height: 24px;\">Earmuffs, No. 8<\/td>\n<td style=\"text-align: center; height: 24px;\">71 40 40<\/td>\n<\/tr>\n<tr style=\"height: 24px;\">\n<td style=\"text-align: left; height: 24px;\">Earmuffs, No. 10<\/td>\n<td style=\"text-align: center; height: 24px;\">71 40 41<\/td>\n<\/tr>\n<tr style=\"height: 24px;\">\n<td style=\"text-align: left; height: 24px;\">Earmuffs, No. 12<\/td>\n<td style=\"text-align: center; height: 24px;\">71 40 42<\/td>\n<\/tr>\n<tr style=\"height: 24px;\">\n<td style=\"text-align: left; height: 24px;\">Outer protection plate polycarbonate<\/td>\n<td style=\"text-align: center; height: 24px;\">70 40 80<\/td>\n<\/tr>\n<tr style=\"height: 24px;\">\n<td style=\"text-align: left; height: 24px;\">Inner protection plate, 107\u00d751 mm<\/td>\n<td style=\"text-align: center; height: 24px;\">*107\/51<\/td>\n<\/tr>\n<tr style=\"height: 24px;\">\n<td style=\"text-align: left; height: 24px;\">Passive welding filter, shade 9<\/td>\n<td style=\"text-align: center; height: 24px;\">110\/90-09<\/td>\n<\/tr>\n<tr style=\"height: 24px;\">\n<td style=\"text-align: left; height: 24px;\">Passive welding filter, shade 10<\/td>\n<td style=\"text-align: center; height: 24px;\">110\/90-10<\/td>\n<\/tr>\n<tr style=\"height: 24px;\">\n<td style=\"text-align: left; height: 24px;\">Passive welding filter, shade 11<\/td>\n<td style=\"text-align: center; height: 24px;\">110\/90-11<\/td>\n<\/tr>\n<tr style=\"height: 24px;\">\n<td style=\"text-align: left; height: 24px;\">Passive welding filter, shade 12<\/td>\n<td style=\"text-align: center; height: 24px;\">110\/90-12<\/td>\n<\/tr>\n<tr style=\"height: 24px;\">\n<td style=\"text-align: left; height: 24px;\">Passive welding filter, shade 13<\/td>\n<td style=\"text-align: center; height: 24px;\">110\/90-13<\/td>\n<\/tr>\n<tr style=\"height: 24px;\">\n<td style=\"text-align: left; height: 24px;\">Auto-darkening filter V9-13 ADC<\/td>\n<td style=\"text-align: center; height: 24px;\">40 50 25<\/td>\n<\/tr>\n<tr style=\"height: 24px;\">\n<td style=\"text-align: left; height: 24px;\">Light flexi hose (QuickLOCK\u2122 &#8211; CA40x1\/7\u201c)<\/td>\n<td style=\"text-align: center; height: 24px;\">71 00 60<\/td>\n<\/tr>\n<\/tbody>\n<\/table>\n<p>[\/vc_column_text][\/vc_tta_section][vc_tta_section i_icon_fontawesome=&#8220;fa fa-wrench&#8220; add_icon=&#8220;true&#8220; title=&#8220;Technick\u00e1 data&#8220; tab_id=&#8220;1513153797992-792040b0-82c9&#8243;][vc_column_text]<\/p>\n<table>\n<tbody>\n<tr>\n<td style=\"text-align: left;\">Hmotnost<\/td>\n<td style=\"text-align: center;\" colspan=\"2\">1 255 g<\/td>\n<\/tr>\n<tr>\n<td style=\"text-align: left;\">Rozm\u011bry<\/td>\n<td style=\"text-align: center;\" colspan=\"2\">300 mm \/ 240 mm \/ 320 mm<\/td>\n<\/tr>\n<tr>\n<td style=\"text-align: left;\">Rozm\u011br samostm\u00edvac\u00ed kazety<\/td>\n<td style=\"text-align: center;\" colspan=\"2\">110\u00d790 mm<\/td>\n<\/tr>\n<tr>\n<td style=\"text-align: left;\">Zorn\u00e9 pole (ADF)<\/td>\n<td style=\"text-align: center;\" colspan=\"2\">95\u00d746,5 mm<\/td>\n<\/tr>\n<tr>\n<td style=\"text-align: left;\">Brusn\u00fd \u0161t\u00edt<\/td>\n<td style=\"text-align: center;\" colspan=\"2\">polykarbon\u00e1t 280\u00d7150 mm<\/td>\n<\/tr>\n<tr>\n<td style=\"text-align: left;\">Barva<\/td>\n<td style=\"text-align: center;\" colspan=\"2\">modr\u00e1 metal\u00edza<\/td>\n<\/tr>\n<tr>\n<td style=\"text-align: left;\">Ochrann\u00fd faktor (NPF)<\/td>\n<td style=\"text-align: center;\" colspan=\"2\">50<\/td>\n<\/tr>\n<tr>\n<td style=\"text-align: left;\">Certifikace<\/td>\n<td style=\"text-align: center;\" colspan=\"2\">EN 12941 TH2, EN 14594 2B,<br \/>\nEN 397, EN 175 S, B, EN 166 A*<\/td>\n<\/tr>\n<\/tbody>\n<\/table>\n<p>[\/vc_column_text][\/vc_tta_section][vc_tta_section i_icon_fontawesome=&#8220;fa fa-download&#8220; add_icon=&#8220;true&#8220; title=&#8220;Ke sta\u017een\u00ed&#8220; tab_id=&#8220;1513154098935-95c74e4f-fa1e&#8220;][vc_column_text]<a href=\"https:\/\/www.clean-air.cz\/wp-content\/uploads\/2023\/02\/User-manual_CNA-030-R07_CA-40-Safety-helmet_DIGI.pdf\">User manual_CNA-030-R07_CA-40 Safety helmet<\/a><\/p>\n<p><a href=\"https:\/\/www.clean-air.cz\/wp-content\/uploads\/2023\/11\/DA-007_-_704201_-_CA-40GW_-_EN.pdf\">Datasheet DA-007_-_704201_-_CA-40GW_-_EN<\/a><\/p>\n<p><a href=\"https:\/\/www.clean-air.cz\/wp-content\/uploads\/2024\/09\/PS-704000-1-R6-CA-40.pdf\">Declaration of confonfornity<\/a><a href=\"https:\/\/www.clean-air.cz\/wp-content\/uploads\/2024\/09\/PS-704000-1-R6-CA-40.pdf\">-704000-1-R6 CA-40<\/a>[\/vc_column_text][\/vc_tta_section][vc_tta_section i_icon_fontawesome=&#8220;fa fa-picture-o&#8220; add_icon=&#8220;true&#8220; title=&#8220;Galerie&#8220; tab_id=&#8220;1515415801460-0c2258c9-4574&#8243;][vc_gallery type=&#8220;image_grid&#8220; images=&#8220;7903,7898,7878,7883,7873&#8243; img_size=&#8220;medium&#8220; css_animation=&#8220;fadeIn&#8220; css=&#8220;.vc_custom_1574943621251{padding-left: 280px !important;}&#8220; el_class=&#8220;ca-40_gallery&#8220;][\/vc_tta_section][\/vc_tta_tabs][\/vc_column][\/vc_row]<\/p>\n","protected":false},"excerpt":{"rendered":"<p>[vc_row][vc_column width=&#8220;1\/2&#8243;][vc_gallery interval=&#8220;3&#8243; images=&#8220;14411,14453,14459,14465,14471,14477,14483,14489,14495,14501,14507&#8243; img_size=&#8220;large&#8220;][\/vc_column][vc_column width=&#8220;1\/2&#8243;][vc_column_text]Ochrann\u00e1 p\u0159ilba CA-40GW se sva\u0159ovac\u00edm a brusn\u00fdm \u0161t\u00edtem V\u00edce\u00fa\u010delov\u00e1 ochrann\u00e1 p\u0159ilba se sva\u0159ovac\u00edm a brusn\u00fdm \u0161t\u00edtem poskytuje 5 \u00farovn\u00ed ochrany z\u00e1rove\u0148: ochrana o\u010d\u00ed, obli\u010deje, hlavy, d\u00fdchac\u00edch cest a voliteln\u00e1 ochrana sluchu. Stabiln\u00ed skl\u00e1p\u011bc\u00ed zorn\u00edk je kompatibiln\u00ed s kazetami s automatick\u00fdm ztmavov\u00e1n\u00edm nebo pasivn\u00edmi kazetami o rozm\u011brech 110 \u00d7 90 mm. \u0160pi\u010dkov\u00fd kvalitn\u00ed zorn\u00edk s odolnost\u00ed proti zaml\u017een\u00ed a po\u0161kr\u00e1b\u00e1n\u00ed zaru\u010duje vynikaj\u00edc\u00ed zorn\u00e9 pole a zv\u00fd\u0161enou<\/p>\n<p><a class=\"more-link\" href=\"https:\/\/www.clean-air.cz\/cs\/hlavove-dily\/svareci-kukly\/ochranna-prilba-ca-40gw\/\">Read More<\/a><\/p>\n","protected":false},"author":11,"featured_media":0,"parent":3369,"menu_order":0,"comment_status":"closed","ping_status":"closed","template":"","meta":{"footnotes":""},"_links":{"self":[{"href":"https:\/\/www.clean-air.cz\/cs\/wp-json\/wp\/v2\/pages\/3346"}],"collection":[{"href":"https:\/\/www.clean-air.cz\/cs\/wp-json\/wp\/v2\/pages"}],"about":[{"href":"https:\/\/www.clean-air.cz\/cs\/wp-json\/wp\/v2\/types\/page"}],"author":[{"embeddable":true,"href":"https:\/\/www.clean-air.cz\/cs\/wp-json\/wp\/v2\/users\/11"}],"replies":[{"embeddable":true,"href":"https:\/\/www.clean-air.cz\/cs\/wp-json\/wp\/v2\/comments?post=3346"}],"version-history":[{"count":0,"href":"https:\/\/www.clean-air.cz\/cs\/wp-json\/wp\/v2\/pages\/3346\/revisions"}],"up":[{"embeddable":true,"href":"https:\/\/www.clean-air.cz\/cs\/wp-json\/wp\/v2\/pages\/3369"}],"wp:attachment":[{"href":"https:\/\/www.clean-air.cz\/cs\/wp-json\/wp\/v2\/media?parent=3346"}],"curies":[{"name":"wp","href":"https:\/\/api.w.org\/{rel}","templated":true}]}}