{"id":3340,"date":"2018-11-20T11:55:51","date_gmt":"2018-11-20T10:55:51","guid":{"rendered":"https:\/\/www.clean-air.cz\/cleanair-basic-evo\/"},"modified":"2026-03-25T15:02:23","modified_gmt":"2026-03-25T14:02:23","slug":"cleanair-basic","status":"publish","type":"page","link":"https:\/\/www.clean-air.cz\/cs\/system-osobni-ochrany-dychacich-cest\/cleanair-basic\/","title":{"rendered":"CleanAIR\u00ae Basic"},"content":{"rendered":"<p>[vc_row][vc_column width=&#8220;1\/2&#8243;][vc_gallery interval=&#8220;3&#8243; images=&#8220;10774,10769,10779&#8243; img_size=&#8220;large&#8220;][\/vc_column][vc_column width=&#8220;1\/2&#8243;][vc_column_text]<\/p>\n<p><strong><span style=\"font-size: 14pt; color: #be0300;\"><sup>CleanAIR\u00ae BASIC pro\u0161el evoluc\u00ed \u2026\u010casem prov\u011b\u0159en\u00e1 konstrukce z\u00edskala nov\u00fd design a obsahuje nejnov\u011bj\u0161\u00ed technologie. To v\u0161e za velmi p\u0159\u00edznivou cenu. Nov\u00fd Basic &#8211; lehk\u00fd, kompaktn\u00ed a vylep\u0161en\u00fd.\u00a0<\/sup><\/span><\/strong><\/p>\n<p>Basic poskytuje efektivn\u00ed ochranu v prost\u0159ed\u00edch obsahuj\u00edc\u00edch \u0161kodliv\u00e9 \u010d\u00e1stice ve form\u011b pevn\u00fdch a kapaln\u00fdch aerosol\u016f jako je prach, kou\u0159, v\u00fdpary a vl\u00e1kna. Jednotka je vybavena Li-ion akumul\u00e1torem, elektronikou zaji\u0161\u0165uj\u00edc\u00ed konstantn\u00ed pr\u016ftok vzduchu a vysp\u011bl\u00fdm syst\u00e9mem pro varov\u00e1n\u00ed u\u017eivatele v p\u0159\u00edpad\u011b n\u00edzk\u00e9ho pr\u016ftoku vzduchu, nebo p\u0159i poklesu nap\u011bt\u00ed akumul\u00e1toru. Pr\u016ftok vzduchu lze pomoc\u00ed jedin\u00e9ho tla\u010d\u00edtka regulovat v p\u011bti kroc\u00edch v rozmez\u00ed 170 &#8211; 240 l\/min. V\u0161echny d\u016fle\u017eit\u00e9 informace jsou snadno viditeln\u00e9 d\u00edky nov\u00e9mu LED displeji.<\/p>\n<p>[\/vc_column_text][\/vc_column][\/vc_row][vc_row][vc_column][vc_tta_tabs style=&#8220;modern&#8220; shape=&#8220;square&#8220; active_section=&#8220;1&#8243; no_fill_content_area=&#8220;true&#8220; title=&#8220;Detaily&#8220;][vc_tta_section i_icon_fontawesome=&#8220;fa fa-industry&#8220; add_icon=&#8220;true&#8220; title=&#8220;Oblast pou\u017eit\u00ed&#8220; tab_id=&#8220;1513150336358-68add988-e9ea&#8220;][vc_column_text]<\/p>\n<p><span style=\"color: #be0300;\"><strong>Oblast pou\u017eit\u00ed<\/strong><\/span><\/p>\n<ul>\n<li>Pra\u0161n\u00e1 pr\u016fmyslov\u00e1 prost\u0159ed\u00ed \u2013 sva\u0159ov\u00e1n\u00ed, brou\u0161en\u00ed<\/li>\n<li>Automobilov\u00fd pr\u016fmysl<\/li>\n<li>Stavebnictv\u00ed<\/li>\n<li>Potravin\u00e1\u0159sk\u00fd pr\u016fmysl<\/li>\n<\/ul>\n<p>[\/vc_column_text][\/vc_tta_section][vc_tta_section i_icon_fontawesome=&#8220;fa fa-thumbs-o-up&#8220; add_icon=&#8220;true&#8220; title=&#8220;V\u00fdhody&#8220; tab_id=&#8220;1513150336359-b7b65468-8021&#8243;][vc_column_text]<\/p>\n<p><span style=\"color: #be0300;\"><strong>V\u00fdhody<\/strong><\/span><\/p>\n<ul>\n<li>Kompaktn\u00ed tvar<\/li>\n<li>Elektronick\u00fd syst\u00e9m \u0159\u00edzen\u00ed konstantn\u00edho pr\u016ftoku vzduchu<\/li>\n<li>Nastaviteln\u00e1 \u00farove\u0148 pr\u016ftoku vzduchu\u00a0v p\u011bti stupn\u00edch, rozsah 170 a\u017e 240 l\/min<\/li>\n<li>Vysp\u011bl\u00fd elektronick\u00fd syst\u00e9m varov\u00e1n\u00ed u\u017eivatele<\/li>\n<li>Ovl\u00e1dac\u00ed kl\u00e1vesnice s p\u0159ehledn\u00fdm LED panelem<\/li>\n<li>Inovovan\u00fd bezkart\u00e1\u010dov\u00fd motor se zv\u00fd\u0161enou \u00fa\u010dinnost\u00ed<\/li>\n<li>Doba chodu v\u00edce ne\u017e 10 hodin<\/li>\n<li>Jednoduch\u00e9 ovl\u00e1d\u00e1n\u00ed pomoc\u00ed jednoho tla\u010d\u00edtka<\/li>\n<li>N\u00edzk\u00e9 provozn\u00ed n\u00e1klady<\/li>\n<\/ul>\n<p>[\/vc_column_text][\/vc_tta_section][vc_tta_section i_icon_fontawesome=&#8220;fa fa-cog&#8220; add_icon=&#8220;true&#8220; title=&#8220;Komplety, p\u0159\u00edslu\u0161enstv\u00ed, filtry&#8220; tab_id=&#8220;1513153137048-5f8c31c5-30ea&#8220;][vc_column_text]<\/p>\n<table>\n<tbody>\n<tr>\n<td style=\"text-align: left;\" colspan=\"2\"><span style=\"color: #be0300;\"><strong>Kompletn\u00ed sety<\/strong><\/span><\/td>\n<\/tr>\n<tr>\n<td style=\"text-align: left;\">CleanAIR\u00ae Basic v\u010d. komfortn\u00edho opasku, Li-Ion akumul\u00e1toru, nab\u00edje\u010dky, QuickLOCK\u2122 hadice a P R SL filtru<\/td>\n<td style=\"text-align: center;\">81 00 00P<\/td>\n<\/tr>\n<tr>\n<td style=\"text-align: left;\">CleanAIR\u00ae Basic v\u010d. ko\u017een\u00e9ho opasku, Li-Ion akumul\u00e1toru, nab\u00edje\u010dky, QuickLOCK\u2122 hadice a P R SL filtru<\/td>\n<td style=\"text-align: center;\">81 00 00L<\/td>\n<\/tr>\n<tr>\n<td style=\"text-align: left;\" colspan=\"2\"><span style=\"color: #be0300;\"><strong>N\u00e1hradn\u00ed d\u00edly a p\u0159\u00edslu\u0161enstv\u00ed<\/strong><\/span><\/td>\n<\/tr>\n<tr>\n<td style=\"text-align: left;\">CleanAIR\u00ae Basic nab\u00edje\u010dka<\/td>\n<td style=\"text-align: center;\">71 00 30<\/td>\n<\/tr>\n<tr>\n<td style=\"text-align: left;\">Lehk\u00e1 flexi hadice QuickLOCK\u2122 &#8211; CA40x1\/7\u201c<\/td>\n<td style=\"text-align: center;\">71 00 60<\/td>\n<\/tr>\n<tr>\n<td style=\"text-align: left;\">Polstrovan\u00fd opasek Standard<\/td>\n<td style=\"text-align: center;\">71 00 93<\/td>\n<\/tr>\n<tr>\n<td style=\"text-align: left;\">Polstrovan\u00fd opasek Standard &#8211; prodlou\u017een\u00fd<\/td>\n<td style=\"text-align: center;\">71 00 93L<\/td>\n<\/tr>\n<tr>\n<td style=\"text-align: left;\">Ko\u017een\u00fd opasek<\/td>\n<td style=\"text-align: center;\">72 00 93<\/td>\n<\/tr>\n<tr>\n<td style=\"text-align: left;\">P\u0159edfiltr (set 10 ks)<\/td>\n<td style=\"text-align: center;\">80 00 15<\/td>\n<\/tr>\n<tr>\n<td style=\"text-align: left;\">Pachov\u00fd filtr (set 10 ks)<\/td>\n<td style=\"text-align: center;\">80 00 20<\/td>\n<\/tr>\n<tr>\n<td style=\"text-align: left;\">CleanAIR\u00ae Basic v\u00edko filtru<\/td>\n<td style=\"text-align: center;\">81 00 30<\/td>\n<\/tr>\n<tr>\n<td style=\"text-align: left;\">CleanAIR\u00ae Basic akumul\u00e1tor Li-Ion 7,2 V \/ 5,2 Ah<\/td>\n<td style=\"text-align: center;\">81 00 17<\/td>\n<\/tr>\n<tr>\n<td style=\"text-align: left;\">Filtr P R SL pro CleanAIR\u00ae Basic (set 2ks)<\/td>\n<td style=\"text-align: center;\">80 00 10\/2<\/td>\n<\/tr>\n<tr>\n<td style=\"text-align: left;\">Filtr P R SL pro CleanAIR\u00ae Basic (set 20ks)<\/td>\n<td style=\"text-align: center;\">80 00 10\/20<\/td>\n<\/tr>\n<\/tbody>\n<\/table>\n<p>&nbsp;<br \/>\n[\/vc_column_text][\/vc_tta_section][vc_tta_section i_icon_fontawesome=&#8220;fa fa-wrench&#8220; add_icon=&#8220;true&#8220; title=&#8220;Technick\u00e1 data&#8220; tab_id=&#8220;1513153797992-792040b0-82c9&#8243;][vc_column_text]<\/p>\n<table style=\"width: 100%; height: 216px;\">\n<tbody>\n<tr style=\"height: 24px;\">\n<td style=\"text-align: left; height: 24px;\">Weight<\/td>\n<td style=\"text-align: center; height: 24px;\">880 g (including battery)<\/td>\n<\/tr>\n<tr style=\"height: 24px;\">\n<td style=\"text-align: left; height: 24px;\">Dimensions<\/td>\n<td style=\"text-align: center; height: 24px;\">191x173x104 mm<\/td>\n<\/tr>\n<tr style=\"height: 24px;\">\n<td style=\"text-align: left; height: 24px;\">Airflow<\/td>\n<td style=\"text-align: center; height: 24px;\">170 &#8211; 240 lpm<\/td>\n<\/tr>\n<tr style=\"height: 24px;\">\n<td style=\"text-align: left; height: 24px;\">Alarm<\/td>\n<td style=\"text-align: center; height: 24px;\">audio and visual<\/td>\n<\/tr>\n<tr style=\"height: 24px;\">\n<td style=\"text-align: left; height: 24px;\">Operation* \/ charging time<\/td>\n<td style=\"text-align: center; height: 24px;\">&lt; 10 \/ &lt; 5 h<\/td>\n<\/tr>\n<tr style=\"height: 24px;\">\n<td style=\"text-align: left; height: 24px;\">Battery<\/td>\n<td style=\"text-align: center; height: 24px;\">Li-Ion 7,2 V \/ 3,2 Ah<\/td>\n<\/tr>\n<tr style=\"height: 24px;\">\n<td style=\"text-align: left; height: 24px;\">Hose connection<\/td>\n<td style=\"text-align: center; height: 24px;\">CA40x1\/7\u201c<\/td>\n<\/tr>\n<tr style=\"height: 24px;\">\n<td style=\"text-align: left; height: 24px;\">Certification<\/td>\n<td style=\"text-align: center; height: 24px;\">EN 12941 TH3<\/td>\n<\/tr>\n<tr style=\"height: 24px;\">\n<td style=\"text-align: left; height: 24px;\" colspan=\"2\">* at 170 lpm with brand new P R SL filters and fully charged battery<\/td>\n<\/tr>\n<\/tbody>\n<\/table>\n<p>[\/vc_column_text][\/vc_tta_section][vc_tta_section i_icon_fontawesome=&#8220;fa fa-download&#8220; add_icon=&#8220;true&#8220; title=&#8220;Ke sta\u017een\u00ed&#8220; tab_id=&#8220;1513154098935-95c74e4f-fa1e&#8220;][vc_column_text]<a href=\"https:\/\/www.clean-air.cz\/wp-content\/uploads\/2021\/08\/User-manual-CNA-067-R05-Basic-DIGI.pdf\" target=\"_blank\" rel=\"noopener\">User manual &#8211; CNA-067-R05 &#8211; Basic<\/a><\/p>\n<p><a href=\"https:\/\/www.clean-air.cz\/wp-content\/uploads\/2021\/07\/CNA-121-R00_User_Manual_-_Basic-filters-DIGI.pdf\" target=\"_blank\" rel=\"noopener\">User manual &#8211; Basic filters<\/a><\/p>\n<p><a href=\"https:\/\/www.clean-air.cz\/wp-content\/uploads\/2026\/03\/DA-054-810000PA-Basic-EN.pdf\">DA-054 &#8211; 810000PA &#8211; Basic\u00a0<\/a><\/p>\n<p><a href=\"https:\/\/www.clean-air.cz\/wp-content\/uploads\/2022\/02\/PS-810000-1-R3-Basic.pdf\" target=\"_blank\" rel=\"noopener\">Declaration of Conformity &#8211; 810000-1-R3 Basic<\/a><\/p>\n<p><a href=\"https:\/\/www.clean-air.cz\/wp-content\/uploads\/2022\/02\/PS-810000-1-R3-Basic-CZ.pdf\" target=\"_blank\" rel=\"noopener\">Declaration of Conformity &#8211; 810000-1-R3 Basic CZ<\/a><\/p>\n<p><a href=\"https:\/\/www.clean-air.cz\/wp-content\/uploads\/2022\/02\/PS-810000-1-R3-Basic-ES.pdf\" target=\"_blank\" rel=\"noopener\">Declaration of Conformity &#8211; 810000-1-R3 Basic ES<\/a><\/p>\n<p><a href=\"https:\/\/www.clean-air.cz\/wp-content\/uploads\/2024\/03\/PS-810000-1-R3-Basic-FR.pdf\">Declaration of Conformity &#8211; 810000-1-R3 Basic FR<\/a>[\/vc_column_text][\/vc_tta_section][vc_tta_section i_icon_fontawesome=&#8220;fa fa-picture-o&#8220; add_icon=&#8220;true&#8220; title=&#8220;Galerie&#8220; tab_id=&#8220;1515415801460-0c2258c9-4574&#8243;][vc_gallery type=&#8220;image_grid&#8220; images=&#8220;541,363,364,365,366&#8243; img_size=&#8220;medium&#8220; css_animation=&#8220;fadeIn&#8220; css=&#8220;.vc_custom_1530268354578{padding-left: 280px !important;}&#8220;][\/vc_tta_section][\/vc_tta_tabs][\/vc_column][\/vc_row]<\/p>\n","protected":false},"excerpt":{"rendered":"<p>[vc_row][vc_column width=&#8220;1\/2&#8243;][vc_gallery interval=&#8220;3&#8243; images=&#8220;10774,10769,10779&#8243; img_size=&#8220;large&#8220;][\/vc_column][vc_column width=&#8220;1\/2&#8243;][vc_column_text] CleanAIR\u00ae BASIC pro\u0161el evoluc\u00ed \u2026\u010casem prov\u011b\u0159en\u00e1 konstrukce z\u00edskala nov\u00fd design a obsahuje nejnov\u011bj\u0161\u00ed technologie. To v\u0161e za velmi p\u0159\u00edznivou cenu. Nov\u00fd Basic &#8211; lehk\u00fd, kompaktn\u00ed a vylep\u0161en\u00fd.\u00a0 Basic poskytuje efektivn\u00ed ochranu v prost\u0159ed\u00edch obsahuj\u00edc\u00edch \u0161kodliv\u00e9 \u010d\u00e1stice ve form\u011b pevn\u00fdch a kapaln\u00fdch aerosol\u016f jako je prach, kou\u0159, v\u00fdpary a vl\u00e1kna. Jednotka je vybavena Li-ion akumul\u00e1torem, elektronikou zaji\u0161\u0165uj\u00edc\u00ed konstantn\u00ed pr\u016ftok vzduchu a vysp\u011bl\u00fdm syst\u00e9mem pro varov\u00e1n\u00ed<\/p>\n<p><a class=\"more-link\" href=\"https:\/\/www.clean-air.cz\/cs\/system-osobni-ochrany-dychacich-cest\/cleanair-basic\/\">Read More<\/a><\/p>\n","protected":false},"author":11,"featured_media":0,"parent":3385,"menu_order":0,"comment_status":"closed","ping_status":"closed","template":"","meta":{"footnotes":""},"_links":{"self":[{"href":"https:\/\/www.clean-air.cz\/cs\/wp-json\/wp\/v2\/pages\/3340"}],"collection":[{"href":"https:\/\/www.clean-air.cz\/cs\/wp-json\/wp\/v2\/pages"}],"about":[{"href":"https:\/\/www.clean-air.cz\/cs\/wp-json\/wp\/v2\/types\/page"}],"author":[{"embeddable":true,"href":"https:\/\/www.clean-air.cz\/cs\/wp-json\/wp\/v2\/users\/11"}],"replies":[{"embeddable":true,"href":"https:\/\/www.clean-air.cz\/cs\/wp-json\/wp\/v2\/comments?post=3340"}],"version-history":[{"count":0,"href":"https:\/\/www.clean-air.cz\/cs\/wp-json\/wp\/v2\/pages\/3340\/revisions"}],"up":[{"embeddable":true,"href":"https:\/\/www.clean-air.cz\/cs\/wp-json\/wp\/v2\/pages\/3385"}],"wp:attachment":[{"href":"https:\/\/www.clean-air.cz\/cs\/wp-json\/wp\/v2\/media?parent=3340"}],"curies":[{"name":"wp","href":"https:\/\/api.w.org\/{rel}","templated":true}]}}