{"id":3310,"date":"2018-11-16T12:26:59","date_gmt":"2018-11-16T11:26:59","guid":{"rendered":"https:\/\/www.clean-air.cz\/pretlakovy-oblek-microgard\/"},"modified":"2026-01-27T09:29:54","modified_gmt":"2026-01-27T08:29:54","slug":"pretlakovy-oblek-microgard","status":"publish","type":"page","link":"https:\/\/www.clean-air.cz\/cs\/pretlakovy-oblek-microgard\/","title":{"rendered":"P\u0159etlakov\u00fd oblek Microgard"},"content":{"rendered":"<p>[vc_row][vc_column width=&#8220;1\/2&#8243;][vc_gallery interval=&#8220;3&#8243; images=&#8220;562&#8243; img_size=&#8220;large&#8220;][vc_gallery interval=&#8220;3&#8243; images=&#8220;646&#8243; img_size=&#8220;large&#8220;][\/vc_column][vc_column width=&#8220;1\/2&#8243;][vc_column_text]<\/p>\n<p data-start=\"16\" data-end=\"352\"><strong data-start=\"16\" data-end=\"70\">Ventilovan\u00e9 ochrann\u00e9 obleky s filtrovan\u00fdm vzduchem<\/strong>, poh\u00e1n\u011bn\u00e9 jednotkami <strong data-start=\"92\" data-end=\"117\">CleanAIR\u00ae Chemical 2F<\/strong> a technologi\u00ed <strong data-start=\"132\" data-end=\"145\">MICROGARD<\/strong>, poskytuj\u00ed ochranu d\u00fdchac\u00edch cest, obli\u010deje i cel\u00e9ho t\u011bla p\u0159ed nebezpe\u010dn\u00fdmi l\u00e1tkami, jako jsou chemik\u00e1lie ve form\u011b pevn\u00fdch a kapaln\u00fdch aerosol\u016f, azbest, barvy, oleje, maziva, viry a patogeny p\u0159en\u00e1\u0161en\u00e9 krv\u00ed.<\/p>\n<p data-start=\"354\" data-end=\"992\"><strong data-start=\"354\" data-end=\"379\">CleanAIR\u00ae Chemical 2F<\/strong> je pokro\u010dil\u00e9 \u0159e\u0161en\u00ed pro filtraci plyn\u016f, par a \u010d\u00e1stic. Konstrukce syst\u00e9mu umo\u017e\u0148uje snadnou dekontaminaci d\u00edky stupni kryt\u00ed <strong data-start=\"502\" data-end=\"510\">IP65<\/strong>. Plnobarevn\u00fd TFT displej p\u0159ehledn\u011b zobrazuje v\u0161echny d\u016fle\u017eit\u00e9 informace. Jednotka je vybavena pokro\u010dil\u00fdm elektronick\u00fdm syst\u00e9mem, kter\u00fd upozor\u0148uje u\u017eivatele na n\u00edzk\u00fd pr\u016ftok vzduchu nebo n\u00edzk\u00fd stav nabit\u00ed baterie. Navzdory kompaktn\u00edm rozm\u011br\u016fm a n\u00edzk\u00e9 hmotnosti zaji\u0161\u0165uje Chemical 2F konstantn\u00ed pr\u016ftok vzduchu v rozsahu <strong data-start=\"828\" data-end=\"848\">120 a\u017e 235 l\/min<\/strong>, a to jak s kombinovan\u00fdmi, tak s \u010d\u00e1sticov\u00fdmi filtry. Unik\u00e1tn\u00ed syst\u00e9m automatick\u00e9ho uzav\u00edr\u00e1n\u00ed zabra\u0148uje ne\u017e\u00e1douc\u00ed kontaminaci p\u0159i v\u00fdm\u011bn\u011b filtr\u016f.<\/p>\n<p data-start=\"994\" data-end=\"1215\"><strong data-start=\"994\" data-end=\"1024\">MICROGARD\u00ae\/MICROCHEM\u00ae PAPR<\/strong> pat\u0159\u00ed do \u0159ady oblek\u016f ur\u010den\u00fdch pro pou\u017eit\u00ed s p\u0159etlakov\u00fdmi filtra\u010dn\u00edmi jednotkami (PAPR), kter\u00e9 jsou certifikov\u00e1ny k poskytov\u00e1n\u00ed ochrany d\u00fdchac\u00edch cest i cel\u00e9ho t\u011bla p\u0159ed nebezpe\u010dn\u00fdmi l\u00e1tkami.<\/p>\n<p data-start=\"1217\" data-end=\"1533\"><strong data-start=\"1217\" data-end=\"1269\">Vzduchem z\u00e1sobovan\u00e9 obleky MICROGARD\u00ae\/MICROCHEM\u00ae<\/strong> nab\u00edzej\u00ed vynikaj\u00edc\u00ed rovnov\u00e1hu mezi ochranou a komfortem d\u00edky rovnom\u011brn\u00e9 distribuci vzduchu a odpov\u00eddaj\u00edc\u00edmu v\u011btr\u00e1n\u00ed. Materi\u00e1l je lehk\u00fd, flexibiln\u00ed a z\u00e1rove\u0148 velmi pevn\u00fd a odoln\u00fd. P\u0159ekra\u010duje minim\u00e1ln\u00ed po\u017eadavky na fyzik\u00e1ln\u00ed vlastnosti stanoven\u00e9 evropsk\u00fdmi normami.<\/p>\n<p>[\/vc_column_text][vc_btn title=&#8220;Pod\u00edvejte se na celou \u0159adu FVJ&#8220; shape=&#8220;square&#8220; color=&#8220;juicy-pink&#8220; size=&#8220;lg&#8220; align=&#8220;left&#8220; i_icon_fontawesome=&#8220;fa fa-info-circle&#8220; css_animation=&#8220;none&#8220; add_icon=&#8220;true&#8220; link=&#8220;url:https%3A%2F%2Fwww.clean-air.cz%2Fcs%2Fsystem-osobni-ochrany-dychacich-cest%2F|title:Pod%C3%ADvejte%20se%20na%20celou%20%C5%99adu%20lehk%C3%BDch%20kukel%21|&#8220;][\/vc_column][\/vc_row][vc_row][vc_column][vc_tta_tabs style=&#8220;modern&#8220; shape=&#8220;square&#8220; active_section=&#8220;1&#8243; no_fill_content_area=&#8220;true&#8220; title=&#8220;Detaily&#8220;][vc_tta_section i_icon_fontawesome=&#8220;fa fa-industry&#8220; add_icon=&#8220;true&#8220; title=&#8220;Oblast pou\u017eit\u00ed&#8220; tab_id=&#8220;1513150336358-68add988-e9ea&#8220;][vc_column_text]<span style=\"color: #be0300;\"><strong>Oblast pou\u017eit\u00ed<\/strong><\/span><\/p>\n<ul>\n<li>Prost\u0159ed\u00ed kontaminovan\u00e1 viry<\/li>\n<li>Ochrana proti biologick\u00fdm kontaminant\u016fm<\/li>\n<li>Pro \u00fa\u010dely z\u00e1chrann\u00e9 slu\u017eby<\/li>\n<li>L\u00e9ka\u0159sk\u00fd v\u00fdzkum<\/li>\n<li>Chemick\u00fd pr\u016fmysl<\/li>\n<li>Farmaceutick\u00fd pr\u016fmysl<\/li>\n<li>Lakovny<\/li>\n<li>Jadern\u00fd pr\u016fmysl<\/li>\n<\/ul>\n<p>[\/vc_column_text][\/vc_tta_section][vc_tta_section i_icon_fontawesome=&#8220;fa fa-thumbs-o-up&#8220; add_icon=&#8220;true&#8220; title=&#8220;V\u00fdhody&#8220; tab_id=&#8220;1513150336359-b7b65468-8021&#8243;][vc_column_text]<span style=\"color: #be0300;\"><strong>V\u00fdhody<\/strong><\/span><\/p>\n<ul>\n<li><strong>Panoramatick\u00fd zorn\u00edk<\/strong> &#8211; zaji\u0161\u0165uje \u0161irok\u00fd v\u00fdhled<\/li>\n<li><strong>Prody\u0161n\u00fd SMS l\u00edmec<\/strong> &#8211; zaji\u0161\u0165uje dostate\u010dn\u00e9 mno\u017estv\u00ed vzduchu v d\u00fdchac\u00ed z\u00f3n\u011b a proud\u011bn\u00ed vzduchu do obleku<\/li>\n<li><strong>\u0160\u0148\u016fra<\/strong> pro nouzov\u00e9 opu\u0161t\u011bn\u00ed obleku<\/li>\n<li><strong>V\u00fddechov\u00e9 ventily<\/strong> &#8211; pro unik\u00e1n\u00ed oxidu uhli\u010dit\u00e9ho z obleku a vyrovn\u00e1n\u00ed tlaku<\/li>\n<li><strong>Vestav\u011bn\u00fd pr\u016fhled na displej jednotky<\/strong>\u00a0umo\u017e\u0148uje okam\u017eit\u00fd p\u0159\u00edstup ke v\u0161em d\u016fle\u017eit\u00fdm informac\u00edm zobrazen\u00fdm na jednotce.<\/li>\n<\/ul>\n<p>[\/vc_column_text][\/vc_tta_section][vc_tta_section i_icon_fontawesome=&#8220;fa fa-cog&#8220; add_icon=&#8220;true&#8220; title=&#8220;Komplety, p\u0159\u00edslu\u0161enstv\u00ed, filtry&#8220; tab_id=&#8220;1513153137048-5f8c31c5-30ea&#8220;][vc_column_text]<\/p>\n<table>\n<tbody>\n<tr>\n<td style=\"text-align: left;\" colspan=\"2\"><span style=\"color: #be0300;\"><strong>Kompletn\u00ed sady<\/strong><\/span><\/td>\n<\/tr>\n<tr>\n<td style=\"text-align: left;\">CleanAIR\u00ae Chemical 2F s aktivovan\u00fdm re\u017eimem \u201cGarment\u201d ,v\u010detn\u011b p\u0159\u00edslu\u0161enstv\u00ed (akumul\u00e1tor, nab\u00edje\u010dka, komfortn\u00ed opasek, vzduchov\u00e1 hadice, uzamykac\u00ed matice a kontroln\u00ed pr\u016ftokom\u011br)<\/td>\n<td style=\"text-align: center;\">MIC51\u00a000\u00a000FC<\/td>\n<\/tr>\n<tr>\n<td style=\"text-align: left;\">CleanAIR\u00ae Chemical 2F s aktivovan\u00fdm re\u017eimem \u201cGarment\u201d ,v\u010detn\u011b p\u0159\u00edslu\u0161enstv\u00ed (akumul\u00e1tor, nab\u00edje\u010dka, komfortn\u00ed z\u00e1dov\u00fd postroj, vzduchov\u00e1 hadice, uzamykac\u00ed matice a kontroln\u00ed pr\u016ftokom\u011br)<\/td>\n<td style=\"text-align: center;\">MIC51 00 00FCH<\/td>\n<\/tr>\n<tr>\n<td style=\"text-align: left;\">CleanAIR\u00ae Chemical 2F s aktivovan\u00fdm re\u017eimem \u201cGarment\u201d ,v\u010detn\u011b p\u0159\u00edslu\u0161enstv\u00ed (akumul\u00e1tor, nab\u00edje\u010dka, komfortn\u00ed dekontaminovateln\u00fd opasek, vzduchov\u00e1 hadice, uzamykac\u00ed matice a kontroln\u00ed pr\u016ftokom\u011br)<\/td>\n<td style=\"text-align: center;\">MIC51 00 00FD<\/td>\n<\/tr>\n<tr>\n<td style=\"text-align: left;\">CleanAIR\u00ae Chemical 2F s aktivovan\u00fdm re\u017eimem \u201cGarment\u201d ,v\u010detn\u011b p\u0159\u00edslu\u0161enstv\u00ed (akumul\u00e1tor, nab\u00edje\u010dka, komfortn\u00ed dekontaminovateln\u00fd z\u00e1dov\u00fd postroj, vzduchov\u00e1 hadice, uzamykac\u00ed matice a kontroln\u00ed pr\u016ftokom\u011br)<\/td>\n<td style=\"text-align: center;\">MIC51 00 00FDH<\/td>\n<\/tr>\n<tr>\n<td style=\"text-align: left;\" colspan=\"2\"><span style=\"color: #be0300;\"><strong>Spot\u0159ebn\u00ed d\u00edly, p\u0159\u00edslu\u0161enstv\u00ed<\/strong><\/span><\/td>\n<\/tr>\n<tr>\n<td style=\"text-align: left;\">Lehk\u00e1 flexi hadice QuickLOCK\u2122 &#8211; CA40x1\/7\u201c<\/td>\n<td style=\"text-align: center;\">71 00 60<\/td>\n<\/tr>\n<tr>\n<td style=\"text-align: left;\">Komfortn\u00ed polstrovan\u00fd opasek 2F<\/td>\n<td style=\"text-align: center;\">71 00 92<\/td>\n<\/tr>\n<tr>\n<td style=\"text-align: left;\">Komfortn\u00ed polstrovan\u00fd postroj 2F<\/td>\n<td style=\"text-align: center;\">52 00 44.1<\/td>\n<\/tr>\n<tr>\n<td style=\"text-align: left;\">Dekontaminovateln\u00fd opasek Hypalon<\/td>\n<td style=\"text-align: center;\">51 00 41<\/td>\n<\/tr>\n<tr>\n<td style=\"text-align: left;\">dekontaminovateln\u00fd z\u00e1dov\u00fd postroj Hypalon<\/td>\n<td style=\"text-align: center;\">51 00 42<\/td>\n<\/tr>\n<tr>\n<td style=\"text-align: left;\">Akumul\u00e1tor Li-Ion Standardn\u00ed 14,4 V \/ 2,6 Ah<\/td>\n<td style=\"text-align: center;\">51 00 10<\/td>\n<\/tr>\n<tr>\n<td style=\"text-align: left;\">Akumul\u00e1tor Li-Ion Heavy Duty 14,4 V \/ 5,2 Ah<\/td>\n<td style=\"text-align: center;\">51 00 20<\/td>\n<\/tr>\n<tr>\n<td style=\"text-align: left;\">\u010c\u00e1sticov\u00fd filtr P3<\/td>\n<td style=\"text-align: center;\">50 00 48<\/td>\n<\/tr>\n<tr>\n<td style=\"text-align: left;\">Uzamykac\u00ed matice CA40\u00d71\/7\u201c<\/td>\n<td style=\"text-align: center;\">70 00 71<\/td>\n<\/tr>\n<\/tbody>\n<\/table>\n<p>[\/vc_column_text][\/vc_tta_section][vc_tta_section i_icon_fontawesome=&#8220;fa fa-wrench&#8220; add_icon=&#8220;true&#8220; title=&#8220;Technick\u00e1 data&#8220; tab_id=&#8220;1513153797992-792040b0-82c9&#8243;][vc_column_text]<\/p>\n<table>\n<tbody>\n<tr>\n<td style=\"text-align: left;\">Pr\u016ftok vzduchu<\/td>\n<td style=\"text-align: center;\">120\u2013235 l\/min, p\u0159izp\u016fsobiteln\u00fd<br \/>\n(rozsah pr\u016ftoku je z\u00e1visl\u00fd na pou\u017eit\u00e9m filtru)<br \/>\n\u010d\u00e1sticov\u00e9 filtry 120\u2013235 l\/min<br \/>\nLehk\u00e9 kombinovan\u00e9 filtry (t\u0159\u00edda 1) 120\u2013210 l\/min<br \/>\nT\u011b\u017ek\u00e9 kombinovan\u00e9 filtry (t\u0159\u00edda 2) 120\u2013140 l\/min<\/td>\n<\/tr>\n<tr>\n<td style=\"text-align: left;\">Doba provozu<\/td>\n<td style=\"text-align: center;\">do 10 hodin se Standardn\u00edm aku.<br \/>\ndo 16 hodin s Heavy Duty aku.<\/td>\n<\/tr>\n<tr>\n<td style=\"text-align: left;\">Hmotnost<\/td>\n<td style=\"text-align: center;\">960 g (v\u010detn\u011b aku.)<\/td>\n<\/tr>\n<tr>\n<td style=\"text-align: left;\">Hlu\u010dnost<\/td>\n<td style=\"text-align: center;\">max. 62 dB<\/td>\n<\/tr>\n<tr>\n<td style=\"text-align: left;\">Rozm\u011bry<\/td>\n<td style=\"text-align: center;\">240 mm \/ 110 mm \/ 120 mm<\/td>\n<\/tr>\n<tr>\n<td style=\"text-align: left;\">Akumul\u00e1tor<\/td>\n<td style=\"text-align: center;\">Li-Ion 14,4 V \/ 2,6 Ah<\/td>\n<\/tr>\n<tr>\n<td style=\"text-align: left;\">Certifikace<\/td>\n<td style=\"text-align: center;\">EN 12941 TH3 s p\u0159i\u0159azen\u00fdm ochrann\u00fdm faktorem\u00a0(APF) 40*<\/td>\n<\/tr>\n<tr>\n<td style=\"text-align: left;\" colspan=\"2\"><em><span style=\"font-size: 8pt;\">* UK APF podle p\u0159\u00edlohy C normy EN 529: 2005. APF znamen\u00e1 faktor, j\u00edm\u017e je nebezpe\u010d\u00ed sn\u00ed\u017eeno<\/span><\/em><\/td>\n<\/tr>\n<\/tbody>\n<\/table>\n<p>[\/vc_column_text][\/vc_tta_section][vc_tta_section i_icon_fontawesome=&#8220;fa fa-download&#8220; add_icon=&#8220;true&#8220; title=&#8220;Ke sta\u017een\u00ed&#8220; tab_id=&#8220;1513154098935-95c74e4f-fa1e&#8220;][vc_column_text][\/vc_column_text][\/vc_tta_section][vc_tta_section i_icon_fontawesome=&#8220;fa fa-picture-o&#8220; add_icon=&#8220;true&#8220; title=&#8220;Galerie&#8220; tab_id=&#8220;1515415801460-0c2258c9-4574&#8243;][vc_gallery type=&#8220;image_grid&#8220; images=&#8220;9694,884&#8243; img_size=&#8220;medium&#8220; css_animation=&#8220;fadeIn&#8220; css=&#8220;.vc_custom_1591610226741{padding-left: 280px !important;}&#8220;][\/vc_tta_section][\/vc_tta_tabs][\/vc_column][\/vc_row]<\/p>\n","protected":false},"excerpt":{"rendered":"<p>[vc_row][vc_column width=&#8220;1\/2&#8243;][vc_gallery interval=&#8220;3&#8243; images=&#8220;562&#8243; img_size=&#8220;large&#8220;][vc_gallery interval=&#8220;3&#8243; images=&#8220;646&#8243; img_size=&#8220;large&#8220;][\/vc_column][vc_column width=&#8220;1\/2&#8243;][vc_column_text] Ventilovan\u00e9 ochrann\u00e9 obleky s filtrovan\u00fdm vzduchem, poh\u00e1n\u011bn\u00e9 jednotkami CleanAIR\u00ae Chemical 2F a technologi\u00ed MICROGARD, poskytuj\u00ed ochranu d\u00fdchac\u00edch cest, obli\u010deje i cel\u00e9ho t\u011bla p\u0159ed nebezpe\u010dn\u00fdmi l\u00e1tkami, jako jsou chemik\u00e1lie ve form\u011b pevn\u00fdch a kapaln\u00fdch aerosol\u016f, azbest, barvy, oleje, maziva, viry a patogeny p\u0159en\u00e1\u0161en\u00e9 krv\u00ed. CleanAIR\u00ae Chemical 2F je pokro\u010dil\u00e9 \u0159e\u0161en\u00ed pro filtraci plyn\u016f, par a \u010d\u00e1stic. Konstrukce syst\u00e9mu umo\u017e\u0148uje snadnou dekontaminaci d\u00edky<\/p>\n<p><a class=\"more-link\" href=\"https:\/\/www.clean-air.cz\/cs\/pretlakovy-oblek-microgard\/\">Read More<\/a><\/p>\n","protected":false},"author":11,"featured_media":0,"parent":0,"menu_order":0,"comment_status":"closed","ping_status":"closed","template":"","meta":{"footnotes":""},"_links":{"self":[{"href":"https:\/\/www.clean-air.cz\/cs\/wp-json\/wp\/v2\/pages\/3310"}],"collection":[{"href":"https:\/\/www.clean-air.cz\/cs\/wp-json\/wp\/v2\/pages"}],"about":[{"href":"https:\/\/www.clean-air.cz\/cs\/wp-json\/wp\/v2\/types\/page"}],"author":[{"embeddable":true,"href":"https:\/\/www.clean-air.cz\/cs\/wp-json\/wp\/v2\/users\/11"}],"replies":[{"embeddable":true,"href":"https:\/\/www.clean-air.cz\/cs\/wp-json\/wp\/v2\/comments?post=3310"}],"version-history":[{"count":0,"href":"https:\/\/www.clean-air.cz\/cs\/wp-json\/wp\/v2\/pages\/3310\/revisions"}],"wp:attachment":[{"href":"https:\/\/www.clean-air.cz\/cs\/wp-json\/wp\/v2\/media?parent=3310"}],"curies":[{"name":"wp","href":"https:\/\/api.w.org\/{rel}","templated":true}]}}