{"id":3286,"date":"2018-11-15T17:06:44","date_gmt":"2018-11-15T16:06:44","guid":{"rendered":"https:\/\/www.clean-air.cz\/cleanair-asbest\/"},"modified":"2025-08-19T12:01:24","modified_gmt":"2025-08-19T10:01:24","slug":"cleanair-asbest","status":"publish","type":"page","link":"https:\/\/www.clean-air.cz\/cs\/system-osobni-ochrany-dychacich-cest\/cleanair-asbest\/","title":{"rendered":"CleanAIR\u00ae Asbest"},"content":{"rendered":"<p>[vc_row][vc_column width=&#8220;1\/2&#8243;][vc_gallery interval=&#8220;0&#8243; images=&#8220;25952,25948,25956,10821,10801&#8243; img_size=&#8220;large&#8220;][\/vc_column][vc_column width=&#8220;1\/2&#8243;][vc_column_text]<strong><span style=\"font-size: 14pt; color: #be0300;\"><sup>Mimo\u0159\u00e1dn\u011b lehk\u00fd a kompaktn\u00ed FVJ, kter\u00fd je navr\u017een pro aktivn\u00ed ochranu d\u00fdchac\u00edch cest a obli\u010deje p\u0159i sanaci materi\u00e1l\u016f obsahuj\u00edc\u00edch azbest&#8230;<\/sup><\/span><\/strong><\/p>\n<p>Kompletn\u00ed syst\u00e9m s maskou Shigematsu a vysoce \u00fa\u010dinn\u00fdm \u010dasticov\u00fdm filtrem zaru\u010duje vysok\u00fd\u00a0 ochrann\u00fd faktor (NPF 2000), dostate\u010dn\u00fd pr\u016ftok vzduchu a jednoduchou dekontaminaci.<\/p>\n<p><span style=\"font-size: 1rem;\">Zvl\u00e1\u0161tn\u00ed d\u016fraz byl kladen na n\u00edzkou hmotnost, jednoduch\u00fd provoz a dlouhou \u017eivotnost syst\u00e9mu. D\u00edky sv\u00e9 konstrukci lze filtr p\u0159ipojit p\u0159\u00edmo k cel\u00e9 masce nebo pomoc\u00ed adapt\u00e9ru, kter\u00fd je um\u00edst\u011bn na opasku a je spojen s hadic\u00ed.<\/span>[\/vc_column_text][vc_btn title=&#8220;Pod\u00edvejte se na celou \u0159adu masek a polomasek&#8220; shape=&#8220;square&#8220; color=&#8220;danger&#8220; size=&#8220;lg&#8220; align=&#8220;left&#8220; i_icon_fontawesome=&#8220;fa fa-info-circle&#8220; css_animation=&#8220;none&#8220; add_icon=&#8220;true&#8220; link=&#8220;url:https%3A%2F%2Fwww.clean-air.cz%2Fcs%2Fsystem-osobni-ochrany-dychacich-cest%2F|title:Pod%C3%ADvejte%20se%20na%20celou%20%C5%99adu%20lehk%C3%BDch%20kukel%21|&#8220;][\/vc_column][\/vc_row][vc_row][vc_column][vc_column_text]<strong><span style=\"font-size: 14pt; color: #be0300;\">Dv\u011b mo\u017enosti pou\u017eit\u00ed\u00a0<\/span><\/strong><\/p>\n<p>Jednotka m\u016f\u017ee b\u00fdt p\u0159ipojena p\u0159\u00edmo k masce, nebo m\u016f\u017ee b\u00fdt p\u0159ipevn\u011bna na opasku.[\/vc_column_text][\/vc_column][\/vc_row][vc_row][vc_column width=&#8220;1\/2&#8243;][vc_column_text]<img loading=\"lazy\" decoding=\"async\" class=\"size-medium wp-image-9739 alignleft\" src=\"https:\/\/www.clean-air.cz\/wp-content\/uploads\/2020\/06\/Shigamatsu_GX02_CleanAir_Asbest-300x218.jpg\" alt=\"Shigematsu GX02 CleanAIR Asbest\" width=\"300\" height=\"218\" \/><\/p>\n<p>&nbsp;<\/p>\n<p>&nbsp;<\/p>\n<p>&nbsp;<\/p>\n<p>&nbsp;<\/p>\n<p>&nbsp;<\/p>\n<p>&nbsp;<\/p>\n<p>&nbsp;<\/p>\n<p style=\"text-align: left;\">No\u0161en\u00edm jednotky na opasku ulev\u00edte hlav\u011b.<\/p>\n<p>[\/vc_column_text][\/vc_column][vc_column width=&#8220;1\/2&#8243;][vc_column_text]<img loading=\"lazy\" decoding=\"async\" class=\"size-medium wp-image-589 aligncenter\" src=\"https:\/\/www.clean-air.cz\/wp-content\/uploads\/2018\/06\/ca-asbest-264x300.jpg\" alt=\"\" width=\"264\" height=\"300\" srcset=\"https:\/\/www.clean-air.cz\/wp-content\/uploads\/2018\/06\/ca-asbest-264x300.jpg 264w, https:\/\/www.clean-air.cz\/wp-content\/uploads\/2018\/06\/ca-asbest.jpg 600w\" sizes=\"(max-width: 264px) 100vw, 264px\" \/>[\/vc_column_text][\/vc_column][\/vc_row][vc_row][vc_column width=&#8220;1\/3&#8243;][vc_column_text]<strong><span style=\"font-size: 14pt; color: #be0300;\">Exceptionally light and compact respirator<\/span><\/strong><\/p>\n<p>Special emphasis was placed on the low weight and simple operation. The exchangeable Li-Ion battery is seamlessly integrated into the unit body. When placed directly on the mask, there are no cables or hoses that would limit your movement.<\/p>\n<p><img loading=\"lazy\" decoding=\"async\" class=\"alignnone size-medium wp-image-25951\" src=\"https:\/\/www.clean-air.cz\/wp-content\/uploads\/2025\/07\/590000_Asbest_2-iso-300x300.jpg\" alt=\"\" width=\"300\" height=\"300\" srcset=\"https:\/\/www.clean-air.cz\/wp-content\/uploads\/2025\/07\/590000_Asbest_2-iso-300x300.jpg 300w, https:\/\/www.clean-air.cz\/wp-content\/uploads\/2025\/07\/590000_Asbest_2-iso-1024x1024.jpg 1024w, https:\/\/www.clean-air.cz\/wp-content\/uploads\/2025\/07\/590000_Asbest_2-iso-150x150.jpg 150w, https:\/\/www.clean-air.cz\/wp-content\/uploads\/2025\/07\/590000_Asbest_2-iso-768x768.jpg 768w, https:\/\/www.clean-air.cz\/wp-content\/uploads\/2025\/07\/590000_Asbest_2-iso-1536x1536.jpg 1536w, https:\/\/www.clean-air.cz\/wp-content\/uploads\/2025\/07\/590000_Asbest_2-iso-800x800.jpg 800w, https:\/\/www.clean-air.cz\/wp-content\/uploads\/2025\/07\/590000_Asbest_2-iso-250x250.jpg 250w, https:\/\/www.clean-air.cz\/wp-content\/uploads\/2025\/07\/590000_Asbest_2-iso.jpg 1600w\" sizes=\"(max-width: 300px) 100vw, 300px\" \/>[\/vc_column_text][\/vc_column][vc_column width=&#8220;1\/3&#8243;][vc_column_text]<strong><span style=\"font-size: 14pt; color: #be0300;\">Shigematsu GX02<\/span><\/strong><\/p>\n<p>Modern\u00ed maska s ergonomickou konstrukc\u00ed pro pohodln\u00e9 no\u0161en\u00ed.<\/p>\n<p><strong>Funkce a benefity\u00a0<\/strong><\/p>\n<ul>\n<li>Dvojit\u00e9 obli\u010dejov\u00e9 t\u011bsn\u011bn\u00ed pro lep\u0161\u00ed ochranu a komfort<\/li>\n<li>Vysok\u00e1 chemick\u00e1 ochrana<\/li>\n<li>Vym\u011bniteln\u00fd panoramatick\u00fd zorn\u00edk<\/li>\n<li>Ochrana proti po\u0161kr\u00e1b\u00e1n\u00ed<\/li>\n<li>\u0160estibodov\u00fd hlavov\u00fd postroj<\/li>\n<li>Dva v\u00fddechov\u00e9 ventily pro uleh\u010den\u00ed p\u0159i d\u00fdch\u00e1n\u00ed<\/li>\n<li>Dostupn\u00e1 ochrann\u00e1 f\u00f3lie zorn\u00edku<\/li>\n<\/ul>\n<p><img loading=\"lazy\" decoding=\"async\" class=\"size-medium wp-image-9734 aligncenter\" src=\"https:\/\/www.clean-air.cz\/wp-content\/uploads\/2020\/06\/Shigamatsu_GX02-300x292.jpg\" alt=\"Shigematsu GX02\" width=\"300\" height=\"292\" srcset=\"https:\/\/www.clean-air.cz\/wp-content\/uploads\/2020\/06\/Shigamatsu_GX02-300x292.jpg 300w, https:\/\/www.clean-air.cz\/wp-content\/uploads\/2020\/06\/Shigamatsu_GX02.jpg 526w\" sizes=\"(max-width: 300px) 100vw, 300px\" \/>[\/vc_column_text][\/vc_column][vc_column width=&#8220;1\/3&#8243;][vc_column_text]<strong><span style=\"font-size: 14pt; color: #be0300;\">Shigematsu CF02\u00a0<\/span><\/strong><\/p>\n<p>Lehk\u00e1 celoobli\u010dejov\u00e1 maska s \u0161irok\u00fdm zorn\u00edkem.<\/p>\n<p><strong>Funkce a v\u00fdhody<br \/>\n<\/strong><\/p>\n<ul>\n<li>N\u00edzk\u00e1 hmotnost \u2013 435 g<\/li>\n<li>Vysok\u00e1 chemick\u00e1 odolnost<\/li>\n<li>Zaoblen\u00fd zorn\u00edk<\/li>\n<li>Povrchov\u00e1 \u00faprava proti po\u0161kr\u00e1b\u00e1n\u00ed<\/li>\n<li>\u0160estibodiv\u00fd hlavov\u00fd postroj<\/li>\n<li>Lze pou\u017e\u00edt se \u0161irokou \u0161k\u00e1lou kanystrov\u00fdch filtr\u016f<\/li>\n<li>N\u00edzk\u00fd odpor p\u0159i d\u00fdch\u00e1n\u00ed d\u00edky dv\u011bma v\u00fddechov\u00fdm ventil\u016fm<\/li>\n<li>Dostupn\u00e1 ochrann\u00e1 f\u00f3lie<\/li>\n<\/ul>\n<p><img loading=\"lazy\" decoding=\"async\" class=\"size-medium wp-image-9744 aligncenter\" src=\"https:\/\/www.clean-air.cz\/wp-content\/uploads\/2020\/06\/Shigematsu_CF02_mask-256x300.jpg\" alt=\"Shigematsu CF02\" width=\"256\" height=\"300\" srcset=\"https:\/\/www.clean-air.cz\/wp-content\/uploads\/2020\/06\/Shigematsu_CF02_mask-256x300.jpg 256w, https:\/\/www.clean-air.cz\/wp-content\/uploads\/2020\/06\/Shigematsu_CF02_mask.jpg 526w\" sizes=\"(max-width: 256px) 100vw, 256px\" \/>[\/vc_column_text][\/vc_column][\/vc_row][vc_row][vc_column][vc_tta_tabs style=&#8220;modern&#8220; shape=&#8220;square&#8220; active_section=&#8220;1&#8243; no_fill_content_area=&#8220;true&#8220; title=&#8220;Detaily&#8220;][vc_tta_section i_icon_fontawesome=&#8220;fa fa-industry&#8220; add_icon=&#8220;true&#8220; title=&#8220;Oblast pou\u017eit\u00ed&#8220; tab_id=&#8220;1513150336358-68add988-e9ea&#8220;][vc_column_text]<span style=\"color: #be0300;\"><strong>Oblasti pou\u017eit\u00ed<\/strong><\/span><\/p>\n<p>Vhodn\u00e9 pro pou\u017eit\u00ed v prost\u0159ed\u00ed s vysokou koncentrac\u00ed \u010d\u00e1stic ve vzduchu, nap\u0159\u00edklad p\u0159i sanaci asbestu \u010di ve stavebnictv\u00ed.[\/vc_column_text][\/vc_tta_section][vc_tta_section i_icon_fontawesome=&#8220;fa fa-thumbs-o-up&#8220; add_icon=&#8220;true&#8220; title=&#8220;V\u00fdhody&#8220; tab_id=&#8220;1513150336359-b7b65468-8021&#8243;][vc_column_text]<span style=\"color: #be0300;\"><strong>V\u00fdhody<\/strong><\/span><\/p>\n<ul>\n<li>Kompaktn\u00ed tvar a n\u00edzk\u00e1 hmotnost \u2013 385 g<\/li>\n<li>Jednoduch\u00e9 ovl\u00e1d\u00e1n\u00ed<\/li>\n<li>Je mo\u017en\u00e9 p\u0159\u00edm\u00e9 spojen\u00ed s maskou<\/li>\n<li>Mo\u017enost dekontaminace &#8211; IP65<\/li>\n<li>Doba provozu a\u017e 5 hodin<\/li>\n<li>Vysok\u00fd nomin\u00e1ln\u00ed ochrann\u00fd faktor NPF 2000<\/li>\n<\/ul>\n<p>[\/vc_column_text][\/vc_tta_section][vc_tta_section i_icon_fontawesome=&#8220;fa fa-cog&#8220; add_icon=&#8220;true&#8220; title=&#8220;Komplety, p\u0159\u00edslu\u0161enstv\u00ed, filtry&#8220; tab_id=&#8220;1513153137048-5f8c31c5-30ea&#8220;][vc_column_text]<\/p>\n<table style=\"width: 100%; height: 480px;\">\n<tbody>\n<tr style=\"height: 24px;\">\n<td style=\"text-align: left; width: 99.8397%; height: 24px;\" colspan=\"2\"><span style=\"color: #be0300;\"><strong>Complete sady<\/strong><\/span><\/td>\n<\/tr>\n<tr style=\"height: 48px;\">\n<td style=\"text-align: left; width: 84.7756%; height: 48px;\">CleanAIR\u00ae Asbest v\u010detn\u011b p\u0159\u00edslu\u0161enstv\u00ed (baterie, filtr, hadice s dr\u017e\u00e1kem, nab\u00edje\u010dka, opasek a indik\u00e1tor pr\u016ftoku vzduchu \u2013 bez masky!)<\/td>\n<td style=\"text-align: center; width: 15.0641%; height: 48px;\">59 00 02<\/td>\n<\/tr>\n<tr style=\"height: 48px;\">\n<td style=\"text-align: left; width: 84.7756%; height: 48px;\">CleanAIR\u00ae Asbest v\u010detn\u011b p\u0159\u00edslu\u0161enstv\u00ed (dv\u011b baterie, filtr, hadice s dr\u017e\u00e1kem, nab\u00edje\u010dka, opasek a indik\u00e1tor pr\u016ftoku vzduchu \u2013 bez masky!)<\/td>\n<td style=\"text-align: center; width: 15.0641%; height: 48px;\">59 00 02T<\/td>\n<\/tr>\n<tr style=\"height: 24px;\">\n<td style=\"text-align: left; width: 84.7756%; height: 24px;\">Celoobli\u010dejov\u00e1 maska Shigematsu GX02, velikost S<\/td>\n<td style=\"text-align: center; width: 15.0641%; height: 24px;\">71 06 00S<\/td>\n<\/tr>\n<tr style=\"height: 24px;\">\n<td style=\"text-align: left; width: 84.7756%; height: 24px;\">Celoobli\u010dejov\u00e1 maska Shigematsu GX02, velikost M<\/td>\n<td style=\"text-align: center; width: 15.0641%; height: 24px;\">71 06 00M<\/td>\n<\/tr>\n<tr style=\"height: 24px;\">\n<td style=\"text-align: left; width: 84.7756%; height: 24px;\">Celoobli\u010dejov\u00e1 maska Shigematsu GX02, velikost L<\/td>\n<td style=\"text-align: center; width: 15.0641%; height: 24px;\">71 06 00L<\/td>\n<\/tr>\n<tr style=\"height: 24px;\">\n<td style=\"text-align: left; width: 84.7756%; height: 24px;\">Celoobli\u010dejov\u00e1 maska Shigematsu CF02, velikost M<\/td>\n<td style=\"text-align: center; width: 15.0641%; height: 24px;\">72 06 00M<\/td>\n<\/tr>\n<tr style=\"height: 24px;\">\n<td style=\"text-align: left; width: 84.7756%; height: 24px;\">Celoobli\u010dejov\u00e1 maska Shigematsu CF02, velikost L opasek a indik\u00e1tor pr\u016ftoku vzduchu \u2013 bez masky!)<\/td>\n<td style=\"text-align: center; width: 15.0641%; height: 24px;\">72 06 00L<\/td>\n<\/tr>\n<tr style=\"height: 24px;\">\n<td style=\"text-align: left; width: 99.8397%; height: 24px;\" colspan=\"2\"><\/td>\n<\/tr>\n<tr style=\"height: 24px;\">\n<td style=\"text-align: left; width: 99.8397%; height: 24px;\" colspan=\"2\"><span style=\"color: #be0300;\"><strong>N\u00e1hradn\u00ed d\u00edly, p\u0159\u00edslu\u0161enstv\u00ed<\/strong><\/span><\/td>\n<\/tr>\n<tr style=\"height: 24px;\">\n<td style=\"text-align: left; width: 84.7756%; height: 24px;\">Gumov\u00fd opasek v\u010detn\u011b hadice s dr\u017e\u00e1kem<\/td>\n<td style=\"text-align: center; width: 15.0641%; height: 24px;\">56 00 20<\/td>\n<\/tr>\n<tr style=\"height: 24px;\">\n<td style=\"text-align: left; width: 84.7756%; height: 24px;\">Vym\u011bniteln\u00e1 baterie Li-Ion CA Asbest\/D-bug 7,2 V \/ 2,6 Ah<\/td>\n<td style=\"text-align: center; width: 15.0641%; height: 24px;\">59 00 13<\/td>\n<\/tr>\n<tr style=\"height: 24px;\">\n<td style=\"text-align: left; width: 84.7756%; height: 24px;\">CleanAIR Asbest\/D-bug Li-Ion nab\u00edje\u010dka, multiplug<\/td>\n<td style=\"text-align: center; width: 15.0641%; height: 24px;\">59 00 30<\/td>\n<\/tr>\n<tr style=\"height: 24px;\">\n<td style=\"text-align: left; width: 84.7756%; height: 24px;\">CleanAIR\u00ae Asbest bez baterie a filtru<\/td>\n<td style=\"text-align: center; width: 15.0641%; height: 24px;\">59 00 00<\/td>\n<\/tr>\n<tr style=\"height: 24px;\">\n<td style=\"text-align: left; width: 84.7756%; height: 24px;\">Lehk\u00e1 hadice flexi pro CleanAIR\u00ae Asbest\/D-Bug<\/td>\n<td style=\"text-align: center; width: 15.0641%; height: 24px;\">70 00 87CA<\/td>\n<\/tr>\n<tr style=\"height: 24px;\">\n<td style=\"text-align: left; width: 84.7756%; height: 24px;\">Gumov\u00fd opasek pro CA Asbest\/D-bug<\/td>\n<td style=\"text-align: center; width: 15.0641%; height: 24px;\">70 00 97<\/td>\n<\/tr>\n<tr style=\"height: 24px;\">\n<td style=\"text-align: left; width: 99.8397%; height: 24px;\" colspan=\"2\"><span style=\"color: #be0300;\"><strong>Kompatibiln\u00ed filtry<\/strong><\/span><\/td>\n<\/tr>\n<tr style=\"height: 24px;\">\n<td style=\"text-align: left; width: 84.7756%; height: 24px;\">Filtr P R SL for CleanAIR\u00ae Asbest<\/td>\n<td style=\"text-align: center; width: 15.0641%; height: 24px;\">56 00 10<\/td>\n<\/tr>\n<\/tbody>\n<\/table>\n<p>[\/vc_column_text][\/vc_tta_section][vc_tta_section i_icon_fontawesome=&#8220;fa fa-wrench&#8220; add_icon=&#8220;true&#8220; title=&#8220;Technick\u00e1 data&#8220; tab_id=&#8220;1513153797992-792040b0-82c9&#8243;][vc_column_text]<\/p>\n<table>\n<tbody>\n<tr>\n<td style=\"text-align: left;\">Hmotnost<\/td>\n<td style=\"text-align: center;\">385 g (v\u010detn\u011b aku. a filtru)<\/td>\n<\/tr>\n<tr>\n<td style=\"text-align: left;\">Typ filtru<\/td>\n<td style=\"text-align: center;\">\u010c\u00e1sticov\u00fd P R SL<\/td>\n<\/tr>\n<tr>\n<td style=\"text-align: left;\">P\u0159ipojovac\u00ed z\u00e1vit<\/td>\n<td style=\"text-align: center;\">RD40\u00d71\/7\u201c<\/td>\n<\/tr>\n<tr>\n<td style=\"text-align: left;\">Akumul\u00e1tor<\/td>\n<td style=\"text-align: center;\">Li-Ion 7,2 V \/ 2,6 Ah<\/td>\n<\/tr>\n<tr>\n<td style=\"text-align: left;\">Doba provozu<\/td>\n<td style=\"text-align: center;\">5 h<\/td>\n<\/tr>\n<tr>\n<td style=\"text-align: left;\">Ochrann\u00fd faktor (NPF)<\/td>\n<td style=\"text-align: center;\">2 000<\/td>\n<\/tr>\n<tr>\n<td style=\"text-align: left;\">Certifikace<\/td>\n<td style=\"text-align: center;\">EN 12942 TM3<\/td>\n<\/tr>\n<\/tbody>\n<\/table>\n<p>[\/vc_column_text][\/vc_tta_section][vc_tta_section i_icon_fontawesome=&#8220;fa fa-download&#8220; add_icon=&#8220;true&#8220; title=&#8220;Ke sta\u017een\u00ed&#8220; tab_id=&#8220;1513154098935-95c74e4f-fa1e&#8220;][vc_column_text]<strong><a href=\"https:\/\/www.clean-air.cz\/wp-content\/uploads\/2025\/07\/GR-CNA134-R03-User-Manual-Asbest-2.0-DIGI.pdf\">User Manual &#8211; Asbest 2.0 DIGI<\/a><\/strong><\/p>\n<p><strong><a href=\"https:\/\/www.clean-air.cz\/wp-content\/uploads\/2025\/08\/DA-020_-_510000FCA_-_Chemical_2F_Plus_-_EN.pdf\">Datasheet<\/a><a href=\"https:\/\/www.clean-air.cz\/wp-content\/uploads\/2025\/08\/DA-009_-_590002_-_Asbest-2.0_-_EN.pdf\">DA-009_-_590002_-_Asbest 2.0_-_EN<\/a><\/strong><\/p>\n<p><strong><a href=\"https:\/\/www.clean-air.cz\/wp-content\/uploads\/2023\/07\/PS-590000-1-R2-Asbest-1.pdf\" target=\"_blank\" rel=\"noopener noreferrer\">Declaration of Conformity &#8211; Asbest &#8211; 59 00 00-1-R2 (EN)<\/a><\/strong><\/p>\n<p><strong><a href=\"https:\/\/www.clean-air.cz\/wp-content\/uploads\/2024\/10\/PS-590000-1-R2-Asbest-FR.pdf\">PS-590000-1-R2 Asbest FR<\/a><\/strong>[\/vc_column_text][\/vc_tta_section][vc_tta_section i_icon_fontawesome=&#8220;fa fa-picture-o&#8220; add_icon=&#8220;true&#8220; title=&#8220;Galerie&#8220; tab_id=&#8220;1515415801460-0c2258c9-4574&#8243;][vc_gallery type=&#8220;image_grid&#8220; images=&#8220;390&#8243; img_size=&#8220;medium&#8220; css_animation=&#8220;fadeIn&#8220; css=&#8220;.vc_custom_1530275702556{padding-left: 280px !important;}&#8220;][\/vc_tta_section][\/vc_tta_tabs][\/vc_column][\/vc_row][vc_row][vc_column][vc_separator][\/vc_column][\/vc_row][vc_row][vc_column][vc_separator color=&#8220;juicy_pink&#8220;][\/vc_column][\/vc_row]<\/p>\n","protected":false},"excerpt":{"rendered":"<p>[vc_row][vc_column width=&#8220;1\/2&#8243;][vc_gallery interval=&#8220;0&#8243; images=&#8220;25952,25948,25956,10821,10801&#8243; img_size=&#8220;large&#8220;][\/vc_column][vc_column width=&#8220;1\/2&#8243;][vc_column_text]Mimo\u0159\u00e1dn\u011b lehk\u00fd a kompaktn\u00ed FVJ, kter\u00fd je navr\u017een pro aktivn\u00ed ochranu d\u00fdchac\u00edch cest a obli\u010deje p\u0159i sanaci materi\u00e1l\u016f obsahuj\u00edc\u00edch azbest&#8230; Kompletn\u00ed syst\u00e9m s maskou Shigematsu a vysoce \u00fa\u010dinn\u00fdm \u010dasticov\u00fdm filtrem zaru\u010duje vysok\u00fd\u00a0 ochrann\u00fd faktor (NPF 2000), dostate\u010dn\u00fd pr\u016ftok vzduchu a jednoduchou dekontaminaci. Zvl\u00e1\u0161tn\u00ed d\u016fraz byl kladen na n\u00edzkou hmotnost, jednoduch\u00fd provoz a dlouhou \u017eivotnost syst\u00e9mu. D\u00edky sv\u00e9 konstrukci lze filtr p\u0159ipojit p\u0159\u00edmo k cel\u00e9 masce<\/p>\n<p><a class=\"more-link\" href=\"https:\/\/www.clean-air.cz\/cs\/system-osobni-ochrany-dychacich-cest\/cleanair-asbest\/\">Read More<\/a><\/p>\n","protected":false},"author":11,"featured_media":0,"parent":3385,"menu_order":0,"comment_status":"closed","ping_status":"closed","template":"","meta":{"footnotes":""},"_links":{"self":[{"href":"https:\/\/www.clean-air.cz\/cs\/wp-json\/wp\/v2\/pages\/3286"}],"collection":[{"href":"https:\/\/www.clean-air.cz\/cs\/wp-json\/wp\/v2\/pages"}],"about":[{"href":"https:\/\/www.clean-air.cz\/cs\/wp-json\/wp\/v2\/types\/page"}],"author":[{"embeddable":true,"href":"https:\/\/www.clean-air.cz\/cs\/wp-json\/wp\/v2\/users\/11"}],"replies":[{"embeddable":true,"href":"https:\/\/www.clean-air.cz\/cs\/wp-json\/wp\/v2\/comments?post=3286"}],"version-history":[{"count":0,"href":"https:\/\/www.clean-air.cz\/cs\/wp-json\/wp\/v2\/pages\/3286\/revisions"}],"up":[{"embeddable":true,"href":"https:\/\/www.clean-air.cz\/cs\/wp-json\/wp\/v2\/pages\/3385"}],"wp:attachment":[{"href":"https:\/\/www.clean-air.cz\/cs\/wp-json\/wp\/v2\/media?parent=3286"}],"curies":[{"name":"wp","href":"https:\/\/api.w.org\/{rel}","templated":true}]}}