{"id":3282,"date":"2018-11-15T12:22:04","date_gmt":"2018-11-15T11:22:04","guid":{"rendered":"https:\/\/www.clean-air.cz\/ca-28-euromaski\/"},"modified":"2025-08-14T11:30:20","modified_gmt":"2025-08-14T09:30:20","slug":"ca-28-euromaski","status":"publish","type":"page","link":"https:\/\/www.clean-air.cz\/cs\/hlavove-dily\/svareci-kukly\/ca-28-euromaski\/","title":{"rendered":"CA-28 Euromaski"},"content":{"rendered":"<p>[vc_row][vc_column width=&#8220;1\/2&#8243;][vc_gallery interval=&#8220;0&#8243; images=&#8220;10553,10558,10563,10568&#8243; img_size=&#8220;large&#8220;][\/vc_column][vc_column width=&#8220;1\/2&#8243;][vc_column_text]<\/p>\n<p><strong><span style=\"font-size: 14pt; color: #be0300;\">CA-28 Euromaski p\u0159edstavuje ergonomick\u00e9 a lehk\u00e9 \u0159e\u0161en\u00ed pro v\u011bt\u0161inu sva\u0159ovac\u00edch proces\u016f. D\u00edky stabiln\u00edmu sklopn\u00e9mu sv\u00e1\u0159e\u010dsk\u00e9mu \u0161t\u00edtu poskytuje vynikaj\u00edc\u00ed ochranu pro brou\u0161en\u00ed, sva\u0159ov\u00e1n\u00ed a n\u00e1sledn\u00e9 \u010di\u0161t\u011bn\u00ed..<\/span><\/strong><\/p>\n<p>\u0160irok\u00fd zak\u0159iven\u00fd ochrann\u00fd zorn\u00edk zaji\u0161\u0165uje neru\u0161en\u00fd v\u00fdhled ve v\u0161ech sm\u011brech a spl\u0148uje po\u017eadavky dle EN 166 B. CA-28 Euromaski je navr\u017een pro pou\u017eit\u00ed s filtra\u010dn\u011b-ventila\u010dn\u00edmi jednotkami CleanAIR\u00ae nebo CleanAIR\u00ae syst\u00e9m\u016f pro tlakov\u00fd vzduch zaji\u0161\u0165uj\u00edc\u00ed ochranu d\u00fdchac\u00edch cest, obli\u010deje a o\u010di proti \u0161kodliv\u00e9mu ultrafialov\u00e9mu \/ infra\u010derven\u00e9mu z\u00e1\u0159en\u00ed a sva\u0159ovac\u00edm rozst\u0159ik\u016fm.<\/p>\n<p>[\/vc_column_text][\/vc_column][\/vc_row][vc_row][vc_column][vc_tta_tabs style=&#8220;modern&#8220; shape=&#8220;square&#8220; active_section=&#8220;1&#8243; no_fill_content_area=&#8220;true&#8220; title=&#8220;Detaily&#8220;][vc_tta_section i_icon_fontawesome=&#8220;fa fa-industry&#8220; add_icon=&#8220;true&#8220; title=&#8220;Oblast pou\u017eit\u00ed&#8220; tab_id=&#8220;1513150336358-68add988-e9ea&#8220;][vc_column_text]<\/p>\n<p><span style=\"color: #be0300;\"><strong>Oblast pou\u017eit\u00ed<\/strong><\/span><\/p>\n<p>Vhodn\u00e1 pro v\u011bt\u0161inu sv\u00e1\u0159e\u010dsk\u00fdch aplikac\u00ed, brou\u0161en\u00ed a \u010di\u0161t\u011bn\u00ed.<\/p>\n<p>[\/vc_column_text][\/vc_tta_section][vc_tta_section i_icon_fontawesome=&#8220;fa fa-thumbs-o-up&#8220; add_icon=&#8220;true&#8220; title=&#8220;V\u00fdhody&#8220; tab_id=&#8220;1513150336359-b7b65468-8021&#8243;][vc_column_text]<\/p>\n<p><span style=\"color: #be0300;\"><strong>V\u00fdhody<\/strong><\/span><\/p>\n<ul>\n<li>Kompaktn\u00ed a odoln\u00fd design<\/li>\n<li>Lehk\u00e1, komfortn\u00ed<\/li>\n<li>Kombinuje ochranu pro sv\u00e1\u0159en\u00ed a brou\u0161en\u00ed<\/li>\n<li>Velk\u00fd zaoblen\u00fd zorn\u00edk pro neru\u0161en\u00fd v\u00fdhled<\/li>\n<li>Jednodu\u0161e vym\u011bniteln\u00e9 spot\u0159ebn\u00ed d\u00edly<\/li>\n<li>Komfortn\u00ed a jednodu\u0161e nastaviteln\u00fd k\u0159\u00ed\u017e<\/li>\n<li>Velk\u00fd v\u00fdb\u011br tmavost\u00ed zorn\u00edk\u016f (transparentn\u00ed, zatmaven\u00fd odst\u00edn 1,7; 3,0 a 5,0)<\/li>\n<\/ul>\n<p>[\/vc_column_text][\/vc_tta_section][vc_tta_section i_icon_fontawesome=&#8220;fa fa-cog&#8220; add_icon=&#8220;true&#8220; title=&#8220;Komplety, p\u0159\u00edslu\u0161enstv\u00ed, filtry&#8220; tab_id=&#8220;1513153137048-5f8c31c5-30ea&#8220;][vc_column_text]<\/p>\n<table>\n<tbody>\n<tr>\n<td style=\"text-align: left;\" colspan=\"2\"><span style=\"color: #be0300;\"><strong>Kompletn\u00ed kukly<\/strong><\/span><\/td>\n<\/tr>\n<tr>\n<td style=\"text-align: left;\">Sv\u00e1\u0159e\u010dsk\u00e1 kukla CA-28 Euromaski, tmavost 1,7 + 8, v\u010detn\u011b rozvodu vzduchu<\/td>\n<td style=\"text-align: center;\">70 28 00<\/td>\n<\/tr>\n<tr style=\"height: 24px;\">\n<td style=\"width: 496px; height: 24px; text-align: left;\">Sv\u00e1\u0159e\u010dsk\u00e1 kukla CA-28 Euromaski, tmavost 1,7 + 10, v\u010detn\u011b rozvodu vzduchu<\/td>\n<td style=\"width: 95px; height: 24px; text-align: center;\">70 28 01<\/td>\n<\/tr>\n<tr style=\"height: 48px;\">\n<td style=\"width: 496px; height: 32px; text-align: left;\">Sv\u00e1\u0159e\u010dsk\u00e1 kukla CA-28 Euromaski, tmavost 3 + 8, v\u010detn\u011b rozvodu vzduchu<\/td>\n<td style=\"width: 95px; height: 32px; text-align: center;\">70 28 02<\/td>\n<\/tr>\n<tr>\n<td style=\"text-align: left;\">Sv\u00e1\u0159e\u010dsk\u00e1 kukla CA-28 Euromaski, tmavost 1,7 + 8, bez rozvodu vzduchu<\/td>\n<td style=\"text-align: center;\">40 28 00<\/td>\n<\/tr>\n<tr>\n<td style=\"text-align: left;\">Sv\u00e1\u0159e\u010dsk\u00e1 kukla CA-28 Euromaski, tmavost 1,7 + 10, bez rozvodu vzduchu<\/td>\n<td style=\"text-align: center;\">40 28 01<\/td>\n<\/tr>\n<tr>\n<td style=\"text-align: left;\">Sv\u00e1\u0159e\u010dsk\u00e1 kukla CA-28 Euromaski, tmavost 3 + 8, bez rozvodu vzduchu<\/td>\n<td style=\"text-align: center;\">40 28 02<\/td>\n<\/tr>\n<tr style=\"height: 24px;\">\n<td style=\"width: 602px; height: 24px; text-align: left;\" colspan=\"2\"><span style=\"color: #be0300;\"><strong>Spot\u0159ebn\u00ed d\u00edly, p\u0159\u00edslu\u0161enststv\u00ed<\/strong><\/span><\/td>\n<\/tr>\n<tr style=\"height: 24px;\">\n<td style=\"width: 496px; height: 24px; text-align: left;\">R\u00e1me\u010dek v\u00fdklopn\u00e9ho zorn\u00edku CA-28 Euromaski<\/td>\n<td style=\"width: 95px; height: 24px; text-align: center;\">4028 \u2013 201<\/td>\n<\/tr>\n<tr>\n<td style=\"width: 496px; text-align: left;\">Hlavn\u00ed zorn\u00edk CA-28 Euromaski \u2013 tmavost 1,7<\/td>\n<td style=\"width: 95px; text-align: center;\">4028 \u2013 202<\/td>\n<\/tr>\n<tr>\n<td style=\"width: 496px; text-align: left;\">Hlavn\u00ed zorn\u00edk CA-28 Euromaski \u2013 tmavost 3<\/td>\n<td style=\"width: 95px; text-align: center;\">4028 \u2013 203<\/td>\n<\/tr>\n<tr>\n<td style=\"width: 496px; text-align: left;\">Hlavn\u00ed zorn\u00edk CA-28 Euromaski \u2013 tmavost 5<\/td>\n<td style=\"width: 95px; text-align: center;\">4028 \u2013 204<\/td>\n<\/tr>\n<tr style=\"height: 24px;\">\n<td style=\"width: 496px; height: 24px; text-align: left;\">Mal\u00fd sv\u00e1\u0159e\u010dsk\u00fd zorn\u00edk CA-28 Euromaski \u2013 tmavost 5<\/td>\n<td style=\"width: 95px; height: 24px; text-align: center;\">4028 \u2013 216<\/td>\n<\/tr>\n<tr style=\"height: 24px;\">\n<td style=\"width: 496px; height: 24px; text-align: left;\">Mal\u00fd sv\u00e1\u0159e\u010dsk\u00fd zorn\u00edk CA-28 Euromaski \u2013 tmavost 8<\/td>\n<td style=\"width: 95px; height: 24px; text-align: center;\">4028 \u2013 205<\/td>\n<\/tr>\n<tr style=\"height: 24px;\">\n<td style=\"width: 496px; height: 24px; text-align: left;\">Mal\u00fd sv\u00e1\u0159e\u010dsk\u00fd zorn\u00edk CA-28 Euromaski \u2013 tmavost 9<\/td>\n<td style=\"width: 95px; height: 24px; text-align: center;\">4028 \u2013 224<\/td>\n<\/tr>\n<tr style=\"height: 24px;\">\n<td style=\"width: 496px; height: 24px; text-align: left;\">Mal\u00fd sv\u00e1\u0159e\u010dsk\u00fd zorn\u00edk CA-28 Euromaski \u2013 tmavost 10<\/td>\n<td style=\"width: 95px; height: 24px; text-align: center;\">4028 \u2013 206<\/td>\n<\/tr>\n<tr style=\"height: 24px;\">\n<td style=\"width: 496px; height: 24px; text-align: left;\">Mal\u00fd sv\u00e1\u0159e\u010dsk\u00fd zorn\u00edk CA-28 Euromaski \u2013 tmavost 11<\/td>\n<td style=\"width: 95px; height: 24px; text-align: center;\">4028 \u2013 225<\/td>\n<\/tr>\n<tr style=\"height: 24px;\">\n<td style=\"width: 496px; height: 24px; text-align: left;\">Mont\u00e1\u017en\u00ed \u0161rouby pro v\u00fdklopn\u00fd zorn\u00edk CA-28 Euromaski<\/td>\n<td style=\"width: 95px; height: 24px; text-align: center;\">4028 \u2013 207<\/td>\n<\/tr>\n<tr style=\"height: 24px;\">\n<td style=\"width: 496px; height: 24px; text-align: left;\">Zaji\u0161\u0165ovac\u00ed kol\u00edk pro v\u00fdklopn\u00fd zorn\u00edk CA-28 Euromaski<\/td>\n<td style=\"width: 95px; height: 24px; text-align: center;\">4028 \u2013 208<\/td>\n<\/tr>\n<tr style=\"height: 24px;\">\n<td style=\"width: 496px; height: 24px; text-align: left;\">Sada mont\u00e1\u017en\u00edch d\u00edl\u016f pro hlavov\u00fd k\u0159\u00ed\u017e CA-28<\/td>\n<td style=\"width: 95px; height: 24px; text-align: center;\">4028 \u2013 215<\/td>\n<\/tr>\n<tr style=\"height: 24px;\">\n<td style=\"width: 496px; height: 24px; text-align: left;\">Hlavn\u00ed zorn\u00edk CA-28 Euromaski \u2013 transparentn\u00ed<\/td>\n<td style=\"width: 95px; height: 24px; text-align: center;\">4028 \u2013 219<\/td>\n<\/tr>\n<tr style=\"height: 24px;\">\n<td style=\"width: 496px; height: 24px; text-align: left;\">Hlavn\u00ed zorn\u00edk CA-28 Euromaski \u2013 kou\u0159ov\u00fd<\/td>\n<td style=\"width: 95px; height: 24px; text-align: center;\">4028 \u2013 2191<\/td>\n<\/tr>\n<tr style=\"height: 24px;\">\n<td style=\"width: 496px; height: 24px; text-align: left;\">Zaji\u0161\u0165ovac\u00ed kol\u00edk pro hlavn\u00ed zorn\u00edk CA-28 Euromaski<\/td>\n<td style=\"width: 95px; height: 24px; text-align: center;\">4028 \u2013 209<\/td>\n<\/tr>\n<tr style=\"height: 24px;\">\n<td style=\"width: 496px; height: 24px; text-align: left;\">Velk\u00fd sv\u00e1\u0159e\u010dsk\u00fd zorn\u00edk CA-28 Euromaski \u2013 tmavost 8<\/td>\n<td style=\"width: 95px; height: 24px; text-align: center;\">4028 \u2013 2100<\/td>\n<\/tr>\n<tr style=\"height: 24px;\">\n<td style=\"width: 496px; height: 24px; text-align: left;\">Velk\u00fd sv\u00e1\u0159e\u010dsk\u00fd zorn\u00edk CA-28 Euromaski \u2013 tmavost 10<\/td>\n<td style=\"width: 95px; height: 24px; text-align: center;\">4028 \u2013 2200<\/td>\n<\/tr>\n<tr style=\"height: 24px;\">\n<td style=\"width: 496px; height: 24px; text-align: left;\">Velk\u00fd sv\u00e1\u0159e\u010dsk\u00fd zorn\u00edk CA-28 Euromaski \u2013 tmavost 12<\/td>\n<td style=\"width: 95px; height: 24px; text-align: center;\">4028 \u2013 2300<\/td>\n<\/tr>\n<tr style=\"height: 24px;\">\n<td style=\"width: 496px; height: 24px; text-align: left;\">Hlavov\u00fd k\u0159\u00ed\u017e CA-28 Euromaski<\/td>\n<td style=\"width: 95px; height: 24px; text-align: center;\">4028 \u2013 2171<\/td>\n<\/tr>\n<\/tbody>\n<\/table>\n<p>[\/vc_column_text][\/vc_tta_section][vc_tta_section i_icon_fontawesome=&#8220;fa fa-wrench&#8220; add_icon=&#8220;true&#8220; title=&#8220;Technick\u00e1 data&#8220; tab_id=&#8220;1513153797992-792040b0-82c9&#8243;][vc_column_text]<\/p>\n<table>\n<tbody>\n<tr>\n<td style=\"text-align: left;\" colspan=\"2\"><span style=\"color: #be0300;\"><strong>Technick\u00e9 parametry<\/strong><\/span><\/td>\n<\/tr>\n<tr>\n<td style=\"text-align: left;\">Hmotnost<\/td>\n<td style=\"text-align: center;\">560 g<\/td>\n<\/tr>\n<tr>\n<td style=\"text-align: left;\">Materi\u00e1l<\/td>\n<td style=\"text-align: center;\">skelet kukly \u2013 TPE<br \/>\nzorn\u00edk \u2013 polykarbon\u00e1t<\/td>\n<\/tr>\n<tr>\n<td style=\"text-align: left;\">P\u0159ipojovac\u00ed z\u00e1vit<\/td>\n<td style=\"text-align: center;\">CA40\u00d71\/7\u201c<\/td>\n<\/tr>\n<tr>\n<td style=\"text-align: left;\">Ochrann\u00fd faktor (NPF)<\/td>\n<td style=\"text-align: center;\">50<\/td>\n<\/tr>\n<tr>\n<td style=\"text-align: left;\">Certifikace<\/td>\n<td style=\"text-align: center;\">EN 12941 TH2, EN 14594 2A, EN 175 B, EN 166 B<\/td>\n<\/tr>\n<\/tbody>\n<\/table>\n<p>[\/vc_column_text][\/vc_tta_section][vc_tta_section i_icon_fontawesome=&#8220;fa fa-download&#8220; add_icon=&#8220;true&#8220; title=&#8220;Ke sta\u017een\u00ed&#8220; tab_id=&#8220;1513154098935-95c74e4f-fa1e&#8220;][vc_column_text]<strong><a href=\"https:\/\/www.clean-air.cz\/wp-content\/uploads\/2021\/01\/CNA039-R03-UM-Euromaski-CA-28-DIGI.pdf\" target=\"_blank\" rel=\"noopener noreferrer\">User manual CA-28 Euromaski welding helmet<\/a><\/strong><\/p>\n<p><strong><a href=\"https:\/\/www.clean-air.cz\/wp-content\/uploads\/2020\/01\/DA-033_-_702800_-_CA-28_Euromaski_-_EN.pdf\" target=\"_blank\" rel=\"noopener noreferrer\">Datasheet &#8211; DA-033-R02 &#8211; 70 28 00 &#8211; CA-28 Euromaski &#8211; EN<\/a><\/strong><\/p>\n<p><strong><a href=\"https:\/\/www.clean-air.cz\/wp-content\/uploads\/2020\/11\/PS-720201-1-R0-CA-2-Lite.pdf\">Declaration of confornity<\/a><a href=\"https:\/\/www.clean-air.cz\/wp-content\/uploads\/2024\/07\/PS-702800-1-R2-CA-28.pdf\">-702800-1-R2 CA-28<\/a><\/strong>[\/vc_column_text][\/vc_tta_section][vc_tta_section i_icon_fontawesome=&#8220;fa fa-picture-o&#8220; add_icon=&#8220;true&#8220; title=&#8220;Galerie&#8220; tab_id=&#8220;1515415801460-0c2258c9-4574&#8243;][vc_gallery type=&#8220;image_grid&#8220; images=&#8220;7631,7637,7642&#8243; img_size=&#8220;medium&#8220; css_animation=&#8220;fadeIn&#8220; css=&#8220;.vc_custom_1574675285935{padding-left: 280px !important;}&#8220;][\/vc_tta_section][\/vc_tta_tabs][\/vc_column][\/vc_row]<\/p>\n","protected":false},"excerpt":{"rendered":"<p>[vc_row][vc_column width=&#8220;1\/2&#8243;][vc_gallery interval=&#8220;0&#8243; images=&#8220;10553,10558,10563,10568&#8243; img_size=&#8220;large&#8220;][\/vc_column][vc_column width=&#8220;1\/2&#8243;][vc_column_text] CA-28 Euromaski p\u0159edstavuje ergonomick\u00e9 a lehk\u00e9 \u0159e\u0161en\u00ed pro v\u011bt\u0161inu sva\u0159ovac\u00edch proces\u016f. D\u00edky stabiln\u00edmu sklopn\u00e9mu sv\u00e1\u0159e\u010dsk\u00e9mu \u0161t\u00edtu poskytuje vynikaj\u00edc\u00ed ochranu pro brou\u0161en\u00ed, sva\u0159ov\u00e1n\u00ed a n\u00e1sledn\u00e9 \u010di\u0161t\u011bn\u00ed.. \u0160irok\u00fd zak\u0159iven\u00fd ochrann\u00fd zorn\u00edk zaji\u0161\u0165uje neru\u0161en\u00fd v\u00fdhled ve v\u0161ech sm\u011brech a spl\u0148uje po\u017eadavky dle EN 166 B. CA-28 Euromaski je navr\u017een pro pou\u017eit\u00ed s filtra\u010dn\u011b-ventila\u010dn\u00edmi jednotkami CleanAIR\u00ae nebo CleanAIR\u00ae syst\u00e9m\u016f pro tlakov\u00fd vzduch zaji\u0161\u0165uj\u00edc\u00ed ochranu d\u00fdchac\u00edch cest, obli\u010deje a<\/p>\n<p><a class=\"more-link\" href=\"https:\/\/www.clean-air.cz\/cs\/hlavove-dily\/svareci-kukly\/ca-28-euromaski\/\">Read More<\/a><\/p>\n","protected":false},"author":11,"featured_media":0,"parent":3369,"menu_order":0,"comment_status":"closed","ping_status":"closed","template":"","meta":{"footnotes":""},"_links":{"self":[{"href":"https:\/\/www.clean-air.cz\/cs\/wp-json\/wp\/v2\/pages\/3282"}],"collection":[{"href":"https:\/\/www.clean-air.cz\/cs\/wp-json\/wp\/v2\/pages"}],"about":[{"href":"https:\/\/www.clean-air.cz\/cs\/wp-json\/wp\/v2\/types\/page"}],"author":[{"embeddable":true,"href":"https:\/\/www.clean-air.cz\/cs\/wp-json\/wp\/v2\/users\/11"}],"replies":[{"embeddable":true,"href":"https:\/\/www.clean-air.cz\/cs\/wp-json\/wp\/v2\/comments?post=3282"}],"version-history":[{"count":0,"href":"https:\/\/www.clean-air.cz\/cs\/wp-json\/wp\/v2\/pages\/3282\/revisions"}],"up":[{"embeddable":true,"href":"https:\/\/www.clean-air.cz\/cs\/wp-json\/wp\/v2\/pages\/3369"}],"wp:attachment":[{"href":"https:\/\/www.clean-air.cz\/cs\/wp-json\/wp\/v2\/media?parent=3282"}],"curies":[{"name":"wp","href":"https:\/\/api.w.org\/{rel}","templated":true}]}}