{"id":3270,"date":"2018-11-13T16:26:22","date_gmt":"2018-11-13T15:26:22","guid":{"rendered":"https:\/\/www.clean-air.cz\/svarecska-kukla-ca-27-yoga\/"},"modified":"2024-05-03T14:51:24","modified_gmt":"2024-05-03T12:51:24","slug":"svarecska-kukla-ca-27-yoga","status":"publish","type":"page","link":"https:\/\/www.clean-air.cz\/cs\/hlavove-dily\/svareci-kukly\/svarecska-kukla-ca-27-yoga\/","title":{"rendered":"Sv\u00e1\u0159e\u010dsk\u00e1 kukla CA-27 YOGA"},"content":{"rendered":"<p>[vc_row][vc_column width=&#8220;1\/2&#8243;][vc_gallery interval=&#8220;0&#8243; images=&#8220;10532,10537,10542,10547&#8243; img_size=&#8220;full&#8220;][\/vc_column][vc_column width=&#8220;1\/2&#8243;][vc_column_text]<strong><span style=\"font-size: 14pt; color: #be0300;\">AerTEC \u2122 YOGA p\u0159edstavuje vysoce kvalitn\u00ed sva\u0159ovac\u00ed helmu za cenu, kterou si m\u016f\u017eete dovolit. Nov\u00fd koncept pou\u017e\u00edv\u00e1 lehk\u00fd, ale odoln\u00fd skelet v kombinaci s vysoce kvalitn\u00edm automatick\u00fdm sv\u00e1\u0159e\u010dsk\u00fdm filtrem AerTEC \u2122 X100 nebo AerTEC \u2122 X110 True Color.<\/span><\/strong><\/p>\n<p>Tato kukla je vhodn\u00e1 pro v\u011bt\u0161inu sva\u0159ovac\u00edch metod v\u010detn\u011b TIG, dokonce i p\u0159i velmi n\u00edzk\u00fdch sva\u0159ovac\u00edch proudech. V kombinaci s filtra\u010dn\u011b-ventila\u010dn\u00ed jednotkou nebo p\u0159etlakov\u00fdmi syst\u00e9my CleanAIR\u00ae poskytuje pokro\u010dilou \u00farove\u0148 ochrany proti nebezpe\u010dn\u00fdm kontaminant\u016fm ve velmi n\u00e1ro\u010dn\u00fdch sva\u0159ovac\u00edch prost\u0159ed\u00edch.[\/vc_column_text][\/vc_column][\/vc_row][vc_row][vc_column][vc_tta_tabs style=&#8220;modern&#8220; shape=&#8220;square&#8220; active_section=&#8220;1&#8243; no_fill_content_area=&#8220;true&#8220; title=&#8220;Detaily&#8220;][vc_tta_section i_icon_fontawesome=&#8220;fa fa-industry&#8220; add_icon=&#8220;true&#8220; title=&#8220;Oblast pou\u017eit\u00ed&#8220; tab_id=&#8220;1513150336358-68add988-e9ea&#8220;][vc_column_text]<span style=\"color: #be0300;\"><strong>Oblast pou\u017eit\u00ed<\/strong><\/span><\/p>\n<ul>\n<li>Vhodn\u00e9 pro v\u011bt\u0161inu metod sva\u0159ov\u00e1n\u00ed v\u010detn\u011b TIG, dokonce i p\u0159i velmi n\u00edzk\u00fdch sva\u0159ovac\u00edch proudech.<\/li>\n<\/ul>\n<p>[\/vc_column_text][\/vc_tta_section][vc_tta_section i_icon_fontawesome=&#8220;fa fa-thumbs-o-up&#8220; add_icon=&#8220;true&#8220; title=&#8220;V\u00fdhody&#8220; tab_id=&#8220;1513150336359-b7b65468-8021&#8243;][vc_column_text]<span style=\"color: #be0300;\"><strong>V\u00fdhody<\/strong><\/span><\/p>\n<ul>\n<li>V\u00fdhodn\u00fd pom\u011br cena \/ v\u00fdkon<\/li>\n<li>Vysoce kvalitn\u00ed samostm\u00edvac\u00ed filtr &#8211; optick\u00e1 kvalita 1\/1\/1\/2<\/li>\n<li>Technologie True Color ADF (AerTEC\u2122 X110 TC)<\/li>\n<li>Lehk\u00e1 a pohodln\u00e1<\/li>\n<li>Velk\u00e9 zorn\u00e9 pole 100 \u00d7 53 mm<\/li>\n<li>Plynule nastaviteln\u00e9 ztmaven\u00ed 9\u201313<\/li>\n<li>\u0160irok\u00fd rozsah nastaven\u00ed citlivosti senzoru<\/li>\n<li>Individu\u00e1ln\u00ed nastaven\u00ed zpo\u017ed\u011bn\u00ed<\/li>\n<li>Re\u017eim brou\u0161en\u00ed<\/li>\n<\/ul>\n<p>[\/vc_column_text][\/vc_tta_section][vc_tta_section i_icon_fontawesome=&#8220;fa fa-cog&#8220; add_icon=&#8220;true&#8220; title=&#8220;Komplety, p\u0159\u00edslu\u0161enstv\u00ed, filtry&#8220; tab_id=&#8220;1513153137048-5f8c31c5-30ea&#8220;][vc_column_text]<\/p>\n<table style=\"width: 103.68%; height: 432px;\">\n<tbody>\n<tr style=\"height: 24px;\">\n<td style=\"text-align: left; width: 103.495%; height: 24px;\" colspan=\"2\"><span style=\"color: #be0300;\"><strong>Kompletn\u00ed kukly<\/strong><\/span><\/td>\n<\/tr>\n<tr style=\"height: 24px;\">\n<td style=\"text-align: left; width: 86.7768%; height: 24px;\">Kukla CA-27 YOGA, v\u010detn\u011b rozvodu vzduchu a ADF AerTEC\u2122 X100 4\/9\u201313<\/td>\n<td style=\"text-align: center; width: 16.7178%; height: 24px;\">70 27 01<\/td>\n<\/tr>\n<tr style=\"height: 24px;\">\n<td style=\"text-align: left; width: 86.7768%; height: 24px;\">Kukla CA-27 YOGA, v\u010detn\u011b rozvodu vzduchu a ADF AerTEC\u2122 X110 True Colour 4\/9\u201313<\/td>\n<td style=\"text-align: center; width: 16.7178%; height: 24px;\">70 27 01TC<\/td>\n<\/tr>\n<tr style=\"height: 24px;\">\n<td style=\"text-align: left; width: 86.7768%; height: 24px;\">Kuklat CA-27 YOGA, v\u010detn\u011b rozvodu vzduchu, bez ADF<\/td>\n<td style=\"text-align: center; width: 16.7178%; height: 24px;\">70 27 97<\/td>\n<\/tr>\n<tr style=\"height: 48px;\">\n<td style=\"text-align: left; width: 86.7768%; height: 48px;\">Ready to weld package CA-27 YOGA ADF 9-13TC + CleanAIR\u00ae Basic v\u010detn\u011b komfortn\u00edho opasku, nab\u00edje\u010dky, akumul\u00e1toru, indik\u00e1toru pr\u016ftoku, lehk\u00e9 flexi hadice s konektorem QuickLOCK\u2122 a p\u0159epravn\u00ed ta\u0161ky<\/td>\n<td style=\"text-align: center; width: 16.7178%; height: 48px;\">81 27 01TC<\/td>\n<\/tr>\n<tr style=\"height: 48px;\">\n<td style=\"text-align: left; width: 86.7768%; height: 48px;\">Ready to weld package of CA-27 YOGA ADF 9-13 + CleanAIR\u00ae Basic v\u010detn\u011b komfortn\u00edho opasku, nab\u00edje\u010dky, akumul\u00e1toru, indik\u00e1toru pr\u016ftoku, lehk\u00e9 flexi hadice s konektorem QuickLOCK\u2122 a p\u0159epravn\u00ed ta\u0161ky<\/td>\n<td style=\"text-align: center; width: 16.7178%; height: 48px;\">81 27 01<\/td>\n<\/tr>\n<tr style=\"height: 24px;\">\n<td style=\"text-align: left; width: 103.495%; height: 24px;\" colspan=\"2\"><span style=\"color: #be0300;\"><strong>N\u00e1hradn\u00ed d\u00edly a p\u0159\u00edslu\u0161enstv\u00ed<\/strong><\/span><\/td>\n<\/tr>\n<tr style=\"height: 24px;\">\n<td style=\"text-align: left; width: 86.7768%; height: 24px;\">Ochrann\u00e1 f\u00f3lie &#8211; extern\u00ed CA-27 YOGA (114&#215;104 mm)<\/td>\n<td style=\"text-align: center; width: 16.7178%; height: 24px;\">*114\/104<\/td>\n<\/tr>\n<tr style=\"height: 24px;\">\n<td style=\"text-align: left; width: 86.7768%; height: 24px;\">Ochrann\u00e1 f\u00f3lie &#8211; intern\u00edr CA-27 YOGA (106&#215;58 mm)<\/td>\n<td style=\"text-align: center; width: 16.7178%; height: 24px;\">*106\/58<\/td>\n<\/tr>\n<tr style=\"height: 24px;\">\n<td style=\"text-align: left; width: 86.7768%; height: 24px;\">Kukla AerTEC\u00ae YOGA &#8211; bez rozvodu vzduchu, bez ADF<\/td>\n<td style=\"text-align: center; width: 16.7178%; height: 24px;\">40 27 97<\/td>\n<\/tr>\n<tr style=\"height: 24px;\">\n<td style=\"text-align: left; width: 86.7768%; height: 24px;\">Samostm\u00edvac\u00ed sv\u00e1\u0159e\u010dsk\u00fd filtr AerTEC\u2122 X100 4\/9\u201313<\/td>\n<td style=\"text-align: center; width: 16.7178%; height: 24px;\">40 51 00<\/td>\n<\/tr>\n<tr style=\"height: 24px;\">\n<td style=\"text-align: left; width: 86.7768%; height: 24px;\">Samostm\u00edvac\u00ed sv\u00e1\u0159e\u010dsk\u00fd filtr AerTEC\u2122 X110 true colour, 9-13<\/td>\n<td style=\"text-align: center; width: 16.7178%; height: 24px;\">40 51 10<\/td>\n<\/tr>\n<tr style=\"height: 24px;\">\n<td style=\"text-align: left; width: 86.7768%; height: 24px;\">P\u0159estavbov\u00fd kit &#8211; v\u010detn\u011b t\u011bsn\u00edc\u00ed rou\u0161ky a vzduchov\u00e9ho kan\u00e1lu<\/td>\n<td style=\"text-align: center; width: 16.7178%; height: 24px;\">44 00 85QL<\/td>\n<\/tr>\n<tr style=\"height: 24px;\">\n<td style=\"text-align: left; width: 86.7768%; height: 24px;\">T\u011bsn\u00edc\u00ed rou\u0161ka \u2013 univerz\u00e1ln\u00ed<\/td>\n<td style=\"text-align: center; width: 16.7178%; height: 24px;\">70 21 53<\/td>\n<\/tr>\n<tr style=\"height: 24px;\">\n<td style=\"text-align: left; width: 86.7768%; height: 24px;\">Hlavov\u00fd k\u0159\u00ed\u017e AerTEC\u2122 YOGA<\/td>\n<td style=\"text-align: center; width: 16.7178%; height: 24px;\">70 27 41<\/td>\n<\/tr>\n<tr style=\"height: 24px;\">\n<td style=\"text-align: left; width: 86.7768%; height: 24px;\">Kukla CA-27 YOGA &#8211; v\u010detn\u011b rozvodu vzduchu, bez ADF<\/td>\n<td style=\"text-align: center; width: 16.7178%; height: 24px;\">70 27 97<\/td>\n<\/tr>\n<\/tbody>\n<\/table>\n<p>&nbsp;<br \/>\n[\/vc_column_text][\/vc_tta_section][vc_tta_section i_icon_fontawesome=&#8220;fa fa-wrench&#8220; add_icon=&#8220;true&#8220; title=&#8220;Technick\u00e1 data&#8220; tab_id=&#8220;1513153797992-792040b0-82c9&#8243;][vc_column_text]<\/p>\n<table style=\"width: 100.171%; height: 168px;\">\n<tbody>\n<tr style=\"height: 24px;\">\n<td style=\"text-align: left; width: 585px; height: 24px;\" colspan=\"2\"><span style=\"color: #be0300;\"><strong>Technick\u00e1 data<\/strong><\/span><\/td>\n<\/tr>\n<tr style=\"height: 24px;\">\n<td style=\"text-align: left; width: 171px; height: 24px;\">V\u00e1ha<\/td>\n<td style=\"text-align: center; width: 414px; height: 24px;\">650 g<\/td>\n<\/tr>\n<tr style=\"height: 24px;\">\n<td style=\"text-align: left; width: 171px; height: 24px;\">Rozm\u011br (ADF)<\/td>\n<td style=\"text-align: center; width: 414px; height: 24px;\">110\u00d790 mm<\/td>\n<\/tr>\n<tr style=\"height: 24px;\">\n<td style=\"width: 171px; height: 24px;\">Zorn\u00e9 pole (ADF)<\/td>\n<td style=\"text-align: center; width: 414px; height: 24px;\">100\u00d753 mm<\/td>\n<\/tr>\n<tr style=\"height: 24px;\">\n<td style=\"text-align: left; width: 171px; height: 24px;\">P\u0159ipojen\u00ed hadice<\/td>\n<td style=\"text-align: center; width: 414px; height: 24px;\">QuickLOCK\u2122<\/td>\n<\/tr>\n<tr style=\"height: 24px;\">\n<td style=\"text-align: left; width: 171px; height: 24px;\">Ochrann\u00fd faktor (NPF)<\/td>\n<td style=\"text-align: center; width: 414px; height: 24px;\">50<\/td>\n<\/tr>\n<tr style=\"height: 24px;\">\n<td style=\"text-align: left; width: 171px; height: 24px;\">Certifikace<\/td>\n<td style=\"text-align: center; width: 414px; height: 24px;\">EN 12941 TH2, EN 14594 2A\/2B, EN 175 B, EN 379 1\/1\/1\/2<\/td>\n<\/tr>\n<\/tbody>\n<\/table>\n<p>[\/vc_column_text][\/vc_tta_section][vc_tta_section i_icon_fontawesome=&#8220;fa fa-download&#8220; add_icon=&#8220;true&#8220; title=&#8220;Ke sta\u017een\u00ed&#8220; tab_id=&#8220;1513154098935-95c74e4f-fa1e&#8220;][vc_column_text]<strong><a href=\"https:\/\/www.clean-air.cz\/wp-content\/uploads\/2024\/04\/User-manual_CNA-070-R06_CA-27-YOGA_DIGI.pdf\">User manual_CA-27 YOGA<\/a><\/strong><\/p>\n<p><strong><a href=\"https:\/\/www.clean-air.cz\/wp-content\/uploads\/2019\/11\/DA-073-40-27-01-AerTEC-YOGA-EN-2.pdf\" target=\"_blank\" rel=\"noopener noreferrer\">Datasheet &#8211; AerTEC YOGA &#8211; 40 27 01 &#8211; EN<\/a><\/strong><\/p>\n<p><strong><a href=\"https:\/\/www.clean-air.cz\/wp-content\/uploads\/2019\/11\/DA-066-70-27-01-CA-27-YOGA-EN-2.pdf\" target=\"_blank\" rel=\"noopener noreferrer\">Datasheet &#8211; AerTEC YOGA &#8211; 70 27 01 &#8211; EN<\/a><\/strong><\/p>\n<p><strong><a href=\"https:\/\/www.clean-air.cz\/wp-content\/uploads\/2024\/05\/PS-702700-1-R1-CA-27-CZ.pdf\">Prohl\u00e1\u0161en\u00ed o shod\u011b_PS-702700-1-R1 CA-27 CZ<\/a><\/strong>[\/vc_column_text][\/vc_tta_section][vc_tta_section i_icon_fontawesome=&#8220;fa fa-picture-o&#8220; add_icon=&#8220;true&#8220; title=&#8220;Galerie&#8220; tab_id=&#8220;1515415801460-0c2258c9-4574&#8243;][vc_gallery type=&#8220;image_grid&#8220; images=&#8220;7612,7622&#8243; img_size=&#8220;medium&#8220; css_animation=&#8220;fadeIn&#8220; css=&#8220;.vc_custom_1574767866511{padding-left: 280px !important;}&#8220; el_class=&#8220;ca-27_gallery&#8220;][\/vc_tta_section][\/vc_tta_tabs][\/vc_column][\/vc_row]<\/p>\n","protected":false},"excerpt":{"rendered":"<p>[vc_row][vc_column width=&#8220;1\/2&#8243;][vc_gallery interval=&#8220;0&#8243; images=&#8220;10532,10537,10542,10547&#8243; img_size=&#8220;full&#8220;][\/vc_column][vc_column width=&#8220;1\/2&#8243;][vc_column_text]AerTEC \u2122 YOGA p\u0159edstavuje vysoce kvalitn\u00ed sva\u0159ovac\u00ed helmu za cenu, kterou si m\u016f\u017eete dovolit. Nov\u00fd koncept pou\u017e\u00edv\u00e1 lehk\u00fd, ale odoln\u00fd skelet v kombinaci s vysoce kvalitn\u00edm automatick\u00fdm sv\u00e1\u0159e\u010dsk\u00fdm filtrem AerTEC \u2122 X100 nebo AerTEC \u2122 X110 True Color. Tato kukla je vhodn\u00e1 pro v\u011bt\u0161inu sva\u0159ovac\u00edch metod v\u010detn\u011b TIG, dokonce i p\u0159i velmi n\u00edzk\u00fdch sva\u0159ovac\u00edch proudech. V kombinaci s filtra\u010dn\u011b-ventila\u010dn\u00ed jednotkou nebo p\u0159etlakov\u00fdmi syst\u00e9my CleanAIR\u00ae poskytuje<\/p>\n<p><a class=\"more-link\" href=\"https:\/\/www.clean-air.cz\/cs\/hlavove-dily\/svareci-kukly\/svarecska-kukla-ca-27-yoga\/\">Read More<\/a><\/p>\n","protected":false},"author":11,"featured_media":0,"parent":3369,"menu_order":0,"comment_status":"closed","ping_status":"closed","template":"","meta":{"footnotes":""},"_links":{"self":[{"href":"https:\/\/www.clean-air.cz\/cs\/wp-json\/wp\/v2\/pages\/3270"}],"collection":[{"href":"https:\/\/www.clean-air.cz\/cs\/wp-json\/wp\/v2\/pages"}],"about":[{"href":"https:\/\/www.clean-air.cz\/cs\/wp-json\/wp\/v2\/types\/page"}],"author":[{"embeddable":true,"href":"https:\/\/www.clean-air.cz\/cs\/wp-json\/wp\/v2\/users\/11"}],"replies":[{"embeddable":true,"href":"https:\/\/www.clean-air.cz\/cs\/wp-json\/wp\/v2\/comments?post=3270"}],"version-history":[{"count":0,"href":"https:\/\/www.clean-air.cz\/cs\/wp-json\/wp\/v2\/pages\/3270\/revisions"}],"up":[{"embeddable":true,"href":"https:\/\/www.clean-air.cz\/cs\/wp-json\/wp\/v2\/pages\/3369"}],"wp:attachment":[{"href":"https:\/\/www.clean-air.cz\/cs\/wp-json\/wp\/v2\/media?parent=3270"}],"curies":[{"name":"wp","href":"https:\/\/api.w.org\/{rel}","templated":true}]}}