{"id":3266,"date":"2018-11-13T14:57:13","date_gmt":"2018-11-13T13:57:13","guid":{"rendered":"https:\/\/www.clean-air.cz\/hlavove-dily\/ochranna-prilba\/"},"modified":"2026-01-27T08:44:51","modified_gmt":"2026-01-27T07:44:51","slug":"ochranna-prilba","status":"publish","type":"page","link":"https:\/\/www.clean-air.cz\/cs\/hlavove-dily\/ochranna-prilba\/","title":{"rendered":"Ochrann\u00e9 p\u0159ilby"},"content":{"rendered":"<p>[vc_row css=&#8220;.vc_custom_1515063137650{background-color: #ffffff !important;}&#8220;][vc_column][vc_column_text]<\/p>\n<div class=\"wpb_text_column wpb_content_element \">\n<div class=\"wpb_wrapper\">\n<p><strong>Ochrann\u00e9 p\u0159ilby CleanAir<sup>\u00ae\u00a0<\/sup><\/strong>nab\u00edz\u00ed ochranu hlavy p\u0159i pr\u00e1ci v r\u016fzn\u00fdch pr\u016fmyslov\u00fdch prost\u0159ed\u00edch. V\u0161echny na\u0161e ochrann\u00e9 p\u0159ilby jsou vybaveny rozvodem vzduchu, kter\u00fd ve spojen\u00ed s\u00a0<a href=\"https:\/\/www.clean-air.cz\/cs\/system-osobni-ochrany-dychacich-cest\/\">filtra\u010dn\u011b ventila\u010dn\u00ed jednotkou<\/a> nab\u00eddne ochranu d\u00fdchac\u00edch cest.<\/p>\n<\/div>\n<\/div>\n<p>[\/vc_column_text][vc_tta_tour style=&#8220;modern&#8220; shape=&#8220;square&#8220; gap=&#8220;1&#8243; active_section=&#8220;1&#8243; no_fill_content_area=&#8220;true&#8220;][vc_tta_section title=&#8220;CA-40&#8243; tab_id=&#8220;1529910379656-a8bce081-0007&#8243;][vc_column_text]<br \/>\n<img loading=\"lazy\" decoding=\"async\" class=\"alignnone size-medium wp-image-14597\" src=\"https:\/\/www.clean-air.cz\/wp-content\/uploads\/2021\/12\/704100_CA-40-front-1-300x300.jpg\" alt=\"\" width=\"300\" height=\"300\" srcset=\"https:\/\/www.clean-air.cz\/wp-content\/uploads\/2021\/12\/704100_CA-40-front-1-300x300.jpg 300w, https:\/\/www.clean-air.cz\/wp-content\/uploads\/2021\/12\/704100_CA-40-front-1-1024x1024.jpg 1024w, https:\/\/www.clean-air.cz\/wp-content\/uploads\/2021\/12\/704100_CA-40-front-1-150x150.jpg 150w, https:\/\/www.clean-air.cz\/wp-content\/uploads\/2021\/12\/704100_CA-40-front-1-768x768.jpg 768w, https:\/\/www.clean-air.cz\/wp-content\/uploads\/2021\/12\/704100_CA-40-front-1-1536x1536.jpg 1536w, https:\/\/www.clean-air.cz\/wp-content\/uploads\/2021\/12\/704100_CA-40-front-1-800x800.jpg 800w, https:\/\/www.clean-air.cz\/wp-content\/uploads\/2021\/12\/704100_CA-40-front-1-250x250.jpg 250w, https:\/\/www.clean-air.cz\/wp-content\/uploads\/2021\/12\/704100_CA-40-front-1.jpg 1600w\" sizes=\"(max-width: 300px) 100vw, 300px\" \/><\/p>\n<h3>Ochrann\u00e1 p\u0159ilba CA-40GW s brusn\u00fdm a sv\u00e1\u0159e\u010dsk\u00fdm \u0161t\u00edtem<\/h3>\n<p>Kombinace brusn\u00e9ho, sv\u00e1\u0159e\u010dsk\u00e9ho \u0161t\u00edtu v kombinaci s bezpe\u010dnostn\u00ed p\u0159ilbou a integrovan\u00fdm syst\u00e9mem rozvodu vzduchu. Zaji\u0161\u0165uje ochranu hlavy, d\u00fdchac\u00edch cest, zraku, obli\u010deje a sluchu. Sv\u00e9 uplatn\u011bn\u00ed najde jako ochrana p\u0159i sva\u0159ov\u00e1n\u00ed v n\u00e1ro\u010dn\u00fdch pr\u016fmyslov\u00fdch podm\u00ednk\u00e1ch.<\/p>\n<p><strong>Oblast pou\u017eit\u00ed\u00a0<\/strong><\/p>\n<ul>\n<li>Vhodn\u00e1 pro v\u011bt\u0161inu sv\u00e1\u0159e\u010dsk\u00fdch metod v n\u00e1ro\u010dn\u00e9m pr\u016fmyslov\u00e9m prost\u0159ed\u00ed<\/li>\n<li>Automobilov\u00fd pr\u016fmysl, lod\u011bnice, stavebnictv\u00ed<\/li>\n<\/ul>\n<p><img loading=\"lazy\" decoding=\"async\" class=\"alignnone wp-image-753 \" src=\"https:\/\/www.clean-air.cz\/wp-content\/uploads\/2018\/06\/helma-120.png\" alt=\"\" width=\"55\" height=\"70\" \/>\u00a0<img loading=\"lazy\" decoding=\"async\" class=\"alignnone wp-image-755\" src=\"https:\/\/www.clean-air.cz\/wp-content\/uploads\/2018\/06\/sluchatka-120.png\" alt=\"\" width=\"72\" height=\"70\" \/>\u00a0<img loading=\"lazy\" decoding=\"async\" class=\"alignnone wp-image-756\" src=\"https:\/\/www.clean-air.cz\/wp-content\/uploads\/2018\/06\/stit-120.png\" alt=\"\" width=\"58\" height=\"70\" \/>\u00a0<img loading=\"lazy\" decoding=\"async\" class=\"alignnone wp-image-757\" src=\"https:\/\/www.clean-air.cz\/wp-content\/uploads\/2018\/06\/svarovaci-stit-120.png\" alt=\"\" width=\"58\" height=\"70\" \/>\u00a0<img loading=\"lazy\" decoding=\"async\" class=\"alignnone wp-image-754\" src=\"https:\/\/www.clean-air.cz\/wp-content\/uploads\/2018\/06\/plice-120.png\" alt=\"\" width=\"81\" height=\"70\" \/>[\/vc_column_text][vc_btn title=&#8220;V\u00edce informac\u00ed o produktu&#8220; shape=&#8220;square&#8220; color=&#8220;juicy-pink&#8220; i_icon_fontawesome=&#8220;fa fa-arrow-right&#8220; add_icon=&#8220;true&#8220; link=&#8220;url:https%3A%2F%2Fwww.clean-air.cz%2Fcs%2Fhlavove-dily%2Fsvareci-kukly%2Fochranna-prilba-ca-40-se-svarecskym-stitem%2F|title:Ochrann%C3%A1%20p%C5%99ilba%20CA-40G%20s%20brusn%C3%BDm%20%C5%A1t%C3%ADtem|&#8220;][\/vc_tta_section][vc_tta_section title=&#8220;CA-40G&#8220; tab_id=&#8220;1529908036190-23c5b3b8-518d&#8220;][vc_column_text]<\/p>\n<h3><img loading=\"lazy\" decoding=\"async\" class=\"size-medium wp-image-14424 alignnone\" src=\"https:\/\/www.clean-air.cz\/wp-content\/uploads\/2021\/12\/704100_CA-40G-iso-300x300.jpg\" alt=\"\" width=\"300\" height=\"300\" srcset=\"https:\/\/www.clean-air.cz\/wp-content\/uploads\/2021\/12\/704100_CA-40G-iso-300x300.jpg 300w, https:\/\/www.clean-air.cz\/wp-content\/uploads\/2021\/12\/704100_CA-40G-iso-1024x1024.jpg 1024w, https:\/\/www.clean-air.cz\/wp-content\/uploads\/2021\/12\/704100_CA-40G-iso-150x150.jpg 150w, https:\/\/www.clean-air.cz\/wp-content\/uploads\/2021\/12\/704100_CA-40G-iso-768x768.jpg 768w, https:\/\/www.clean-air.cz\/wp-content\/uploads\/2021\/12\/704100_CA-40G-iso-1536x1536.jpg 1536w, https:\/\/www.clean-air.cz\/wp-content\/uploads\/2021\/12\/704100_CA-40G-iso-800x800.jpg 800w, https:\/\/www.clean-air.cz\/wp-content\/uploads\/2021\/12\/704100_CA-40G-iso-250x250.jpg 250w, https:\/\/www.clean-air.cz\/wp-content\/uploads\/2021\/12\/704100_CA-40G-iso.jpg 1600w\" sizes=\"(max-width: 300px) 100vw, 300px\" \/><\/h3>\n<h3>Ochrann\u00e1 p\u0159ilba CA-40G s brusn\u00fdm \u0161t\u00edtem<\/h3>\n<p>Tato p\u0159ilba p\u0159edstavuje kombinaci brusn\u00e9ho \u0161t\u00edtu a ochrann\u00e9 p\u0159ilby s integrovan\u00fdm syst\u00e9mem rozvodu vzduchu. Zaji\u0161\u0165uje ochranu hlavy, d\u00fdchac\u00edch cest, zraku, obli\u010deje a sluchu. Sv\u00e9 uplatn\u011bn\u00ed najde jako ochrana p\u0159i sva\u0159ov\u00e1n\u00ed v n\u00e1ro\u010dn\u00fdch podm\u00ednk\u00e1ch.<\/p>\n<p><strong>Oblast pou\u017eit\u00ed<\/strong><br \/>\nVysoce n\u00e1ro\u010dn\u00e1 prost\u0159ed\u00ed &#8211; brou\u0161en\u00ed a dal\u0161\u00ed druhy povrchov\u00fdch dokon\u010dovac\u00edch operac\u00ed, Automobilov\u00fd pr\u016fmysl, lod\u011bnice, stavebnictv\u00ed<\/p>\n<p><img loading=\"lazy\" decoding=\"async\" class=\"alignnone wp-image-753 \" src=\"https:\/\/www.clean-air.cz\/wp-content\/uploads\/2018\/06\/helma-120.png\" alt=\"\" width=\"54\" height=\"70\" \/>\u00a0<img loading=\"lazy\" decoding=\"async\" class=\"alignnone wp-image-755\" src=\"https:\/\/www.clean-air.cz\/wp-content\/uploads\/2018\/06\/sluchatka-120.png\" alt=\"\" width=\"72\" height=\"70\" \/>\u00a0<img loading=\"lazy\" decoding=\"async\" class=\"alignnone wp-image-756 \" src=\"https:\/\/www.clean-air.cz\/wp-content\/uploads\/2018\/06\/stit-120.png\" alt=\"\" width=\"58\" height=\"70\" \/>\u00a0<img loading=\"lazy\" decoding=\"async\" class=\"alignnone wp-image-754\" src=\"https:\/\/www.clean-air.cz\/wp-content\/uploads\/2018\/06\/plice-120.png\" alt=\"\" width=\"81\" height=\"70\" \/>[\/vc_column_text][vc_btn title=&#8220;V\u00edce informac\u00ed o produktu&#8220; shape=&#8220;square&#8220; color=&#8220;juicy-pink&#8220; i_icon_fontawesome=&#8220;fa fa-arrow-right&#8220; add_icon=&#8220;true&#8220; link=&#8220;url:https%3A%2F%2Fwww.clean-air.cz%2Fcs%2Fhlavove-dily%2Fbrusne-stity%2Fochranna-prilba-ca-40g-s-brusnym-stitem%2F|title:Ochrann%C3%A1%20p%C5%99ilba%20CA-40G%20s%20brusn%C3%BDm%20%C5%A1t%C3%ADtem|&#8220;][\/vc_tta_section][vc_tta_section title=&#8220;CA-40GW&#8220; tab_id=&#8220;1529909274439-3f41cf2d-1696&#8243;][vc_column_text]<\/p>\n<h3><img loading=\"lazy\" decoding=\"async\" class=\"alignnone size-medium wp-image-14410\" src=\"https:\/\/www.clean-air.cz\/wp-content\/uploads\/2021\/12\/704201_CA-40GW_hluchatka-iso-up-300x300.jpg\" alt=\"\" width=\"300\" height=\"300\" srcset=\"https:\/\/www.clean-air.cz\/wp-content\/uploads\/2021\/12\/704201_CA-40GW_hluchatka-iso-up-300x300.jpg 300w, https:\/\/www.clean-air.cz\/wp-content\/uploads\/2021\/12\/704201_CA-40GW_hluchatka-iso-up-1024x1024.jpg 1024w, https:\/\/www.clean-air.cz\/wp-content\/uploads\/2021\/12\/704201_CA-40GW_hluchatka-iso-up-150x150.jpg 150w, https:\/\/www.clean-air.cz\/wp-content\/uploads\/2021\/12\/704201_CA-40GW_hluchatka-iso-up-768x768.jpg 768w, https:\/\/www.clean-air.cz\/wp-content\/uploads\/2021\/12\/704201_CA-40GW_hluchatka-iso-up-1536x1536.jpg 1536w, https:\/\/www.clean-air.cz\/wp-content\/uploads\/2021\/12\/704201_CA-40GW_hluchatka-iso-up-800x800.jpg 800w, https:\/\/www.clean-air.cz\/wp-content\/uploads\/2021\/12\/704201_CA-40GW_hluchatka-iso-up-250x250.jpg 250w, https:\/\/www.clean-air.cz\/wp-content\/uploads\/2021\/12\/704201_CA-40GW_hluchatka-iso-up.jpg 1600w\" sizes=\"(max-width: 300px) 100vw, 300px\" \/><\/h3>\n<h3>Ochrann\u00e1 p\u0159ilba CA-40GW s brusn\u00fdm a sv\u00e1re\u010dsk\u00fdm \u0161t\u00edtem<\/h3>\n<p>Kombinace brusn\u00e9ho a sv\u00e1\u0159e\u010dsk\u00e9ho \u0161t\u00edtu s bezpe\u010dnostn\u00ed p\u0159ilbou s integrovan\u00fdm syst\u00e9mem rozvodu vzduchu. Zaji\u0161\u0165uje ochranu hlavy, d\u00fdchac\u00edch cest, zraku, obli\u010deje a sluchu. Sv\u00e9 uplatn\u011bn\u00ed najde jako ochrana p\u0159i sva\u0159ov\u00e1n\u00ed v n\u00e1ro\u010dn\u00fdch<br \/>\npr\u016fmyslov\u00fdch podm\u00ednk\u00e1ch.<\/p>\n<p><strong>Oblast pou\u017eit\u00ed<\/strong><\/p>\n<ul>\n<li>Most demanding industrial environments \u2013\u00a0wherever it is necessary to perform preparatory work (clamping, positioning, transport) or where welding is immediately followed by further surface adjustments (grinding, cleaning, etc.)<\/li>\n<li>Automotive industry, shipbuilding, building construction<\/li>\n<\/ul>\n<p><img loading=\"lazy\" decoding=\"async\" class=\"alignnone wp-image-753 \" src=\"https:\/\/www.clean-air.cz\/wp-content\/uploads\/2018\/06\/helma-120.png\" alt=\"\" width=\"55\" height=\"70\" \/>\u00a0<img loading=\"lazy\" decoding=\"async\" class=\"alignnone wp-image-755\" src=\"https:\/\/www.clean-air.cz\/wp-content\/uploads\/2018\/06\/sluchatka-120.png\" alt=\"\" width=\"72\" height=\"70\" \/>\u00a0<img loading=\"lazy\" decoding=\"async\" class=\"alignnone wp-image-756\" src=\"https:\/\/www.clean-air.cz\/wp-content\/uploads\/2018\/06\/stit-120.png\" alt=\"\" width=\"58\" height=\"70\" \/>\u00a0<img loading=\"lazy\" decoding=\"async\" class=\"alignnone wp-image-757\" src=\"https:\/\/www.clean-air.cz\/wp-content\/uploads\/2018\/06\/svarovaci-stit-120.png\" alt=\"\" width=\"58\" height=\"70\" \/>\u00a0<img loading=\"lazy\" decoding=\"async\" class=\"alignnone wp-image-754\" src=\"https:\/\/www.clean-air.cz\/wp-content\/uploads\/2018\/06\/plice-120.png\" alt=\"\" width=\"81\" height=\"70\" \/>[\/vc_column_text][vc_btn title=&#8220;V\u00edce informac\u00ed o produktu&#8220; shape=&#8220;square&#8220; color=&#8220;juicy-pink&#8220; i_icon_fontawesome=&#8220;fa fa-arrow-right&#8220; add_icon=&#8220;true&#8220; link=&#8220;url:https%3A%2F%2Fwww.clean-air.cz%2Fcs%2Fhlavove-dily%2Fsvareci-kukly%2Fochranna-prilba-ca-40gw%2F|title:Ochrann%C3%A1%20p%C5%99ilba%20CA-40GW|&#8220;][\/vc_tta_section][vc_tta_section title=&#8220;CA-4&#8243; tab_id=&#8220;1528868639021-8778a5fb-a171&#8243;][vc_column_text]<br \/>\n<img loading=\"lazy\" decoding=\"async\" class=\"alignnone size-medium wp-image-18180\" src=\"https:\/\/www.clean-air.cz\/wp-content\/uploads\/2023\/01\/CA-4-iso_yellow-219x300.png\" alt=\"\" width=\"219\" height=\"300\" srcset=\"https:\/\/www.clean-air.cz\/wp-content\/uploads\/2023\/01\/CA-4-iso_yellow-219x300.png 219w, https:\/\/www.clean-air.cz\/wp-content\/uploads\/2023\/01\/CA-4-iso_yellow-748x1024.png 748w, https:\/\/www.clean-air.cz\/wp-content\/uploads\/2023\/01\/CA-4-iso_yellow-768x1051.png 768w, https:\/\/www.clean-air.cz\/wp-content\/uploads\/2023\/01\/CA-4-iso_yellow-1122x1536.png 1122w, https:\/\/www.clean-air.cz\/wp-content\/uploads\/2023\/01\/CA-4-iso_yellow-1497x2048.png 1497w, https:\/\/www.clean-air.cz\/wp-content\/uploads\/2023\/01\/CA-4-iso_yellow-800x1095.png 800w\" sizes=\"(max-width: 219px) 100vw, 219px\" \/><\/p>\n<h3>Ochrann\u00e1 p\u0159ilba CA-4<\/h3>\n<p>Ochrann\u00e1 p\u0159ilba CA-4 kombinuje\u00a0ochranu d\u00fdchac\u00edch org\u00e1n\u016f s ochranou hlavy, obli\u010deje a u\u0161\u00ed.\u00a0\u0160irok\u00fd, panoramatick\u00fd zorn\u00edk s \u00fapravou proti zaml\u017een\u00ed zaji\u0161\u0165uje dobrou prostorovou orientaci. P\u0159ilbu je mo\u017en\u00e9 vybavit dodate\u010dn\u00fdm vykl\u00e1p\u011bc\u00edm zorn\u00edkem z polykarbon\u00e1tu nebo acet\u00e1tu.<\/p>\n<p><strong>Oblast pou\u017eit\u00ed<\/strong><\/p>\n<ul>\n<li>Pra\u0161n\u00e9 provozy vy\u017eaduj\u00edc\u00ed ochranu hlavy bez nutnosti ochrany krku a ramen<\/li>\n<li>Pracovi\u0161t\u011b s n\u00edzk\u00fdmi po\u017eadavky na chemickou odolnost<\/li>\n<li>T\u011b\u017ek\u00e9 pr\u016fmyslov\u00e9 provozy &#8211; brou\u0161en\u00ed, \u00fapravy povrch\u016f<\/li>\n<li>Stavebnictv\u00ed<\/li>\n<\/ul>\n<p><img loading=\"lazy\" decoding=\"async\" class=\"alignnone wp-image-753 \" src=\"https:\/\/www.clean-air.cz\/wp-content\/uploads\/2018\/06\/helma-120.png\" alt=\"\" width=\"54\" height=\"70\" \/>\u00a0<img loading=\"lazy\" decoding=\"async\" class=\"alignnone wp-image-755 \" src=\"https:\/\/www.clean-air.cz\/wp-content\/uploads\/2018\/06\/sluchatka-120.png\" alt=\"\" width=\"72\" height=\"70\" \/>\u00a0<img loading=\"lazy\" decoding=\"async\" class=\"alignnone wp-image-756 \" src=\"https:\/\/www.clean-air.cz\/wp-content\/uploads\/2018\/06\/stit-120.png\" alt=\"\" width=\"58\" height=\"70\" \/>\u00a0<img loading=\"lazy\" decoding=\"async\" class=\"alignnone wp-image-754\" src=\"https:\/\/www.clean-air.cz\/wp-content\/uploads\/2018\/06\/plice-120.png\" alt=\"\" width=\"81\" height=\"70\" \/>[\/vc_column_text][vc_btn title=&#8220;V\u00edce informac\u00ed o produktu&#8220; shape=&#8220;square&#8220; color=&#8220;juicy-pink&#8220; i_icon_fontawesome=&#8220;fa fa-arrow-right&#8220; add_icon=&#8220;true&#8220; link=&#8220;url:https%3A%2F%2Fwww.clean-air.cz%2Fcs%2Fhlavove-dily%2Fochranne-prilby%2Fochranna-prilba-ca-4%2F|title:Ochrann%C3%A1%20p%C5%99ilba%20CA-4|&#8220;][\/vc_tta_section][\/vc_tta_tour][\/vc_column][\/vc_row][vc_row content_placement=&#8220;middle&#8220;][vc_column][vc_tta_accordion shape=&#8220;square&#8220; active_section=&#8220;&#8220;][vc_tta_section i_icon_fontawesome=&#8220;fa fa-info-circle&#8220; add_icon=&#8220;true&#8220; title=&#8220;Vysv\u011btlivky k ochrann\u00fdm symbol\u016fm &#8220; tab_id=&#8220;1515066157336-19bc9408-6024&#8243;][vc_column_text]<\/p>\n<p>&nbsp;<\/p>\n<table class=\" aligncenter\" style=\"height: 129px;\">\n<tbody>\n<tr style=\"height: 107px;\">\n<td style=\"text-align: center; height: 107px; width: 76.3636px;\"><a href=\"https:\/\/www.clean-air.cz\/wp-content\/uploads\/2017\/12\/helma.png\"><img loading=\"lazy\" decoding=\"async\" class=\"alignnone wp-image-3149\" src=\"https:\/\/www.clean-air.cz\/wp-content\/uploads\/2017\/12\/helma-229x300.png\" alt=\"\" width=\"76\" height=\"100\" \/><\/a><\/td>\n<td style=\"text-align: center; height: 107px; width: 83.6364px;\"><a href=\"https:\/\/www.clean-air.cz\/wp-content\/uploads\/2017\/12\/svarovaci-stit.png\"><img loading=\"lazy\" decoding=\"async\" class=\"alignnone wp-image-3153\" src=\"https:\/\/www.clean-air.cz\/wp-content\/uploads\/2017\/12\/svarovaci-stit-250x300.png\" alt=\"\" width=\"83\" height=\"100\" \/><\/a><\/td>\n<td style=\"text-align: center; height: 107px; width: 96.3636px;\"><a href=\"https:\/\/www.clean-air.cz\/wp-content\/uploads\/2017\/12\/stit.png\"><img loading=\"lazy\" decoding=\"async\" class=\"alignnone wp-image-3152\" src=\"https:\/\/www.clean-air.cz\/wp-content\/uploads\/2017\/12\/stit-250x300.png\" alt=\"\" width=\"83\" height=\"100\" \/><\/a><\/td>\n<td style=\"text-align: center; height: 107px; width: 104.545px;\"><a href=\"https:\/\/www.clean-air.cz\/wp-content\/uploads\/2017\/12\/sluchatka.png\"><img loading=\"lazy\" decoding=\"async\" class=\"alignnone wp-image-3151\" src=\"https:\/\/www.clean-air.cz\/wp-content\/uploads\/2017\/12\/sluchatka-300x290.png\" alt=\"\" width=\"104\" height=\"100\" \/><\/a><\/td>\n<td style=\"text-align: center; height: 107px; width: 115.455px;\"><a href=\"https:\/\/www.clean-air.cz\/wp-content\/uploads\/2017\/12\/plice.png\"><img loading=\"lazy\" decoding=\"async\" class=\"alignnone wp-image-3150\" src=\"https:\/\/www.clean-air.cz\/wp-content\/uploads\/2017\/12\/plice-300x261.png\" alt=\"\" width=\"115\" height=\"100\" \/><\/a><\/td>\n<\/tr>\n<tr style=\"height: 22px;\">\n<td style=\"text-align: center; height: 22px; width: 76.3636px;\"><span style=\"color: #000000;\">HLAVA<\/span><\/td>\n<td style=\"text-align: center; height: 22px; width: 83.6364px;\"><span style=\"color: #000000;\">SVA\u0158OV\u00c1N\u00cd<\/span><\/td>\n<td style=\"text-align: center; height: 22px; width: 96.3636px;\"><span style=\"color: #000000;\">ZRAK A OBLI\u010cEJ<\/span><\/td>\n<td style=\"text-align: center; height: 22px; width: 104.545px;\"><span style=\"color: #000000;\">SLUCH<\/span><\/td>\n<td style=\"text-align: center; height: 22px; width: 115.455px;\"><span style=\"color: #000000;\">D\u00ddCH\u00c1N\u00cd<\/span><\/td>\n<\/tr>\n<\/tbody>\n<\/table>\n<p>[\/vc_column_text][\/vc_tta_section][\/vc_tta_accordion][vc_separator color=&#8220;juicy_pink&#8220;][\/vc_column][\/vc_row][vc_row][vc_column][\/vc_column][\/vc_row]<\/p>\n","protected":false},"excerpt":{"rendered":"<p>[vc_row css=&#8220;.vc_custom_1515063137650{background-color: #ffffff !important;}&#8220;][vc_column][vc_column_text] Ochrann\u00e9 p\u0159ilby CleanAir\u00ae\u00a0nab\u00edz\u00ed ochranu hlavy p\u0159i pr\u00e1ci v r\u016fzn\u00fdch pr\u016fmyslov\u00fdch prost\u0159ed\u00edch. V\u0161echny na\u0161e ochrann\u00e9 p\u0159ilby jsou vybaveny rozvodem vzduchu, kter\u00fd ve spojen\u00ed s\u00a0filtra\u010dn\u011b ventila\u010dn\u00ed jednotkou nab\u00eddne ochranu d\u00fdchac\u00edch cest. [\/vc_column_text][vc_tta_tour style=&#8220;modern&#8220; shape=&#8220;square&#8220; gap=&#8220;1&#8243; active_section=&#8220;1&#8243; no_fill_content_area=&#8220;true&#8220;][vc_tta_section title=&#8220;CA-40&#8243; tab_id=&#8220;1529910379656-a8bce081-0007&#8243;][vc_column_text] Ochrann\u00e1 p\u0159ilba CA-40GW s brusn\u00fdm a sv\u00e1\u0159e\u010dsk\u00fdm \u0161t\u00edtem Kombinace brusn\u00e9ho, sv\u00e1\u0159e\u010dsk\u00e9ho \u0161t\u00edtu v kombinaci s bezpe\u010dnostn\u00ed p\u0159ilbou a integrovan\u00fdm syst\u00e9mem rozvodu vzduchu. Zaji\u0161\u0165uje ochranu hlavy, d\u00fdchac\u00edch cest, zraku, obli\u010deje<\/p>\n<p><a class=\"more-link\" href=\"https:\/\/www.clean-air.cz\/cs\/hlavove-dily\/ochranna-prilba\/\">Read More<\/a><\/p>\n","protected":false},"author":11,"featured_media":0,"parent":3248,"menu_order":0,"comment_status":"closed","ping_status":"closed","template":"","meta":{"footnotes":""},"_links":{"self":[{"href":"https:\/\/www.clean-air.cz\/cs\/wp-json\/wp\/v2\/pages\/3266"}],"collection":[{"href":"https:\/\/www.clean-air.cz\/cs\/wp-json\/wp\/v2\/pages"}],"about":[{"href":"https:\/\/www.clean-air.cz\/cs\/wp-json\/wp\/v2\/types\/page"}],"author":[{"embeddable":true,"href":"https:\/\/www.clean-air.cz\/cs\/wp-json\/wp\/v2\/users\/11"}],"replies":[{"embeddable":true,"href":"https:\/\/www.clean-air.cz\/cs\/wp-json\/wp\/v2\/comments?post=3266"}],"version-history":[{"count":0,"href":"https:\/\/www.clean-air.cz\/cs\/wp-json\/wp\/v2\/pages\/3266\/revisions"}],"up":[{"embeddable":true,"href":"https:\/\/www.clean-air.cz\/cs\/wp-json\/wp\/v2\/pages\/3248"}],"wp:attachment":[{"href":"https:\/\/www.clean-air.cz\/cs\/wp-json\/wp\/v2\/media?parent=3266"}],"curies":[{"name":"wp","href":"https:\/\/api.w.org\/{rel}","templated":true}]}}