{"id":3262,"date":"2018-11-12T16:28:43","date_gmt":"2018-11-12T15:28:43","guid":{"rendered":"https:\/\/www.clean-air.cz\/hlavove-dily\/brusne-stity\/ochranna-prilba-ca-40g-s-brusnym-stitem\/"},"modified":"2026-05-12T14:53:15","modified_gmt":"2026-05-12T12:53:15","slug":"ochranna-prilba-ca-40g-s-brusnym-stitem","status":"publish","type":"page","link":"https:\/\/www.clean-air.cz\/cs\/hlavove-dily\/brusne-stity\/ochranna-prilba-ca-40g-s-brusnym-stitem\/","title":{"rendered":"Ochrann\u00e1 p\u0159ilba CA-40G s brusn\u00fdm \u0161t\u00edtem"},"content":{"rendered":"<p>[vc_row][vc_column width=&#8220;1\/2&#8243;][vc_gallery interval=&#8220;3&#8243; images=&#8220;14425,14419,14431&#8243; img_size=&#8220;large&#8220;][\/vc_column][vc_column width=&#8220;1\/2&#8243;][vc_column_text]<strong><span style=\"font-size: 14pt; color: #be0300;\">Ochrann\u00e1 p\u0159ilba CA-40G s brusn\u00fdm \u0161t\u00edtem.<\/span><\/strong><\/p>\n<p>Zaji\u0161\u0165uje ochranu hlavy, d\u00fdchac\u00edch cest, o\u010d\u00ed, tv\u00e1\u0159e a sluchu p\u0159i brou\u0161en\u00ed ve velmi n\u00e1ro\u010dn\u00e9m prost\u0159ed\u00ed.[\/vc_column_text][vc_btn title=&#8220;Pod\u00edvejte se na celou \u0159adu brusn\u00fdch \u0161t\u00edt\u016f&#8220; shape=&#8220;square&#8220; color=&#8220;juicy-pink&#8220; size=&#8220;lg&#8220; align=&#8220;left&#8220; i_icon_fontawesome=&#8220;fa fa-info-circle&#8220; css_animation=&#8220;none&#8220; add_icon=&#8220;true&#8220; link=&#8220;url:https%3A%2F%2Fwww.clean-air.cz%2Fcs%2Fhlavove-dily%2Fbrusne-stity%2F|title:See%20our%20full%20range%20of%20light%20hoods%21|&#8220;][\/vc_column][\/vc_row][vc_row][vc_column][vc_tta_tabs style=&#8220;modern&#8220; shape=&#8220;square&#8220; active_section=&#8220;1&#8243; no_fill_content_area=&#8220;true&#8220; title=&#8220;Detaily&#8220;][vc_tta_section i_icon_fontawesome=&#8220;fa fa-industry&#8220; add_icon=&#8220;true&#8220; title=&#8220;Oblast pou\u017eit\u00ed&#8220; tab_id=&#8220;1513150336358-68add988-e9ea&#8220;][vc_column_text]<span style=\"color: #be0300;\"><strong>Oblast pou\u017eit\u00ed<\/strong><\/span><\/p>\n<ul>\n<li>Vysoce n\u00e1ro\u010dn\u00e1 prost\u0159ed\u00ed &#8211; brou\u0161en\u00ed a dal\u0161\u00ed druhy povrchov\u00fdch dokon\u010dovac\u00edch operac\u00ed,<\/li>\n<li>Automobilov\u00fd pr\u016fmysl, lod\u011bnice, stavebnictv\u00ed<\/li>\n<\/ul>\n<p>[\/vc_column_text][\/vc_tta_section][vc_tta_section i_icon_fontawesome=&#8220;fa fa-thumbs-o-up&#8220; add_icon=&#8220;true&#8220; title=&#8220;V\u00fdhody&#8220; tab_id=&#8220;1513150336359-b7b65468-8021&#8243;][vc_column_text]<span style=\"color: #be0300;\"><strong>V\u00fdhody<\/strong><\/span><\/p>\n<ul>\n<li>Ochrana tv\u00e1\u0159e, hlavy, u\u0161\u00ed a d\u00fdchac\u00edch cest<\/li>\n<li>Vyv\u00e1\u017een\u00fd, pohodln\u00fd<\/li>\n<li>Vysok\u00e1 mechanick\u00e1 odolnost<\/li>\n<li>\u0160irok\u00fd polykarbon\u00e1tov\u00fd zorn\u00edk<\/li>\n<\/ul>\n<p>[\/vc_column_text][\/vc_tta_section][vc_tta_section i_icon_fontawesome=&#8220;fa fa-cog&#8220; add_icon=&#8220;true&#8220; title=&#8220;Komplety, p\u0159\u00edslu\u0161enstv\u00ed, filtry&#8220; tab_id=&#8220;1513153137048-5f8c31c5-30ea&#8220;][vc_column_text]<\/p>\n<table>\n<tbody>\n<tr>\n<td style=\"text-align: left;\" colspan=\"2\"><span style=\"color: #be0300;\"><strong>Kompletn\u00ed kukly<\/strong><\/span><\/td>\n<\/tr>\n<tr>\n<td style=\"text-align: left;\">Bezpe\u010dnostn\u00ed p\u0159ilba CA-40G s brusn\u00fdm \u0161t\u00edtem<\/td>\n<td style=\"text-align: center;\">70 41 00<\/td>\n<\/tr>\n<tr>\n<td style=\"text-align: left;\" colspan=\"2\"><span style=\"color: #be0300;\"><strong>Spot\u0159ebn\u00ed d\u00edly, p\u0159\u00edslu\u0161enstv\u00ed<\/strong><\/span><\/td>\n<\/tr>\n<tr>\n<td style=\"text-align: left;\">N\u00e1hradn\u00ed brusn\u00fd \u0161t\u00edt CA-40G<\/td>\n<td style=\"text-align: center;\">70 41 02<\/td>\n<\/tr>\n<tr>\n<td style=\"text-align: left;\">T\u011bsn\u00edc\u00ed rou\u0161ka pro CA-40<\/td>\n<td style=\"text-align: center;\">70 40 60<\/td>\n<\/tr>\n<tr>\n<td style=\"text-align: left;\">Hlavov\u00fd k\u0159\u00ed\u017e pro CA-40<\/td>\n<td style=\"text-align: center;\">70 40 41x<\/td>\n<\/tr>\n<tr>\n<td style=\"text-align: left;\">Ochrana krku pro CA-40<\/td>\n<td style=\"text-align: center;\">70 40 65<\/td>\n<\/tr>\n<tr>\n<td style=\"text-align: left;\">Upev\u0148ovac\u00ed \u0161rouby samostm\u00edvac\u00edho filtru<\/td>\n<td style=\"text-align: center;\">70 40 43<\/td>\n<\/tr>\n<tr>\n<td style=\"text-align: left;\">\u010celov\u00e1 p\u00e1ska<\/td>\n<td style=\"text-align: center;\">70 40 44<\/td>\n<\/tr>\n<tr>\n<td style=\"text-align: left;\">Chr\u00e1ni\u010de sluchu \u010d. 8<\/td>\n<td style=\"text-align: center;\">70 40 40<\/td>\n<\/tr>\n<tr>\n<td style=\"text-align: left;\">Chr\u00e1ni\u010de sluchu \u010d. 10<\/td>\n<td style=\"text-align: center;\">70 40 41<\/td>\n<\/tr>\n<tr>\n<td style=\"text-align: left;\">Chr\u00e1ni\u010de sluchu \u010d..12<\/td>\n<td style=\"text-align: center;\">70 40 42<\/td>\n<\/tr>\n<tr>\n<td style=\"text-align: left;\">Ochrann\u00e1 folie pro brusn\u00fd \u0161t\u00edt (balen\u00ed 10 ks)<\/td>\n<td style=\"text-align: center;\">70 41 20<\/td>\n<\/tr>\n<tr>\n<td style=\"text-align: left;\">Lehk\u00e1 flexi hadice (QuickLOCK\u2122 &#8211; CA40x1\/7\u201c)<\/td>\n<td style=\"text-align: center;\">71 00 60<\/td>\n<\/tr>\n<\/tbody>\n<\/table>\n<p>[\/vc_column_text][\/vc_tta_section][vc_tta_section i_icon_fontawesome=&#8220;fa fa-wrench&#8220; add_icon=&#8220;true&#8220; title=&#8220;Technick\u00e1 data&#8220; tab_id=&#8220;1513153797992-792040b0-82c9&#8243;][vc_column_text]<\/p>\n<table>\n<tbody>\n<tr>\n<td style=\"text-align: left;\">Hmotnost<\/td>\n<td style=\"text-align: center;\">1 100 g<\/td>\n<\/tr>\n<tr>\n<td style=\"text-align: left;\">Rozm\u011bry<\/td>\n<td style=\"text-align: center;\">300 mm \/ 240 mm \/ 320 mm<\/td>\n<\/tr>\n<tr>\n<td style=\"text-align: left;\">Brusn\u00fd \u0161t\u00edt<\/td>\n<td style=\"text-align: center;\">polykarbon\u00e1tov\u00fd, 280\u00d7150 mm<\/td>\n<\/tr>\n<tr>\n<td style=\"text-align: left;\">Barva<\/td>\n<td style=\"text-align: center;\">modr\u00e1 metal\u00edza<\/td>\n<\/tr>\n<tr>\n<td style=\"text-align: left;\">Ochrann\u00fd faktor (NPF)<\/td>\n<td style=\"text-align: center;\">50<\/td>\n<\/tr>\n<tr>\n<td style=\"text-align: left;\">Certifikace<\/td>\n<td style=\"text-align: center;\">\n<div class=\"_n_p3\">\n<div class=\"conductorContent\" tabindex=\"-1\" role=\"presentation\">\n<div id=\"primaryContainer\" class=\"_n_e\">\n<div>\n<div class=\"conductorContent\" tabindex=\"-1\" role=\"presentation\">\n<div class=\"_n_T\">\n<div class=\"_n_X\" role=\"main\" aria-label=\"Po\u0161ta\">\n<div class=\"_n_X\">\n<div>\n<div class=\"_n_X\">\n<div class=\"_n_Y\">\n<div class=\"allowTextSelection\" role=\"document\">\n<div class=\"conductorContent\" role=\"presentation\">\n<div class=\"_rp_j\" tabindex=\"-1\">\n<div class=\"_rp_j allowTextSelection\">\n<div class=\"_rp_k allowTextSelection scrollContainer\" tabindex=\"-1\" role=\"region\" aria-label=\"Podokno pro \u010dten\u00ed\">\n<div>\n<div tabindex=\"-1\" role=\"list\" aria-label=\"Konverzace\">\n<div tabindex=\"-1\">\n<div tabindex=\"0\" aria-label=\"Obsah zpr\u00e1vy\">\n<div>\n<div class=\"_rp_f5\" tabindex=\"-1\" aria-label=\"Rozbalen\u00fd obsah zpr\u00e1vy\">\n<div class=\"_rp_R4 ms-border-color-neutralLight ShowReferenceAttachmentsLinks ShowConsesusSchedulingLink\" tabindex=\"-1\">\n<div class=\"_rp_45 _rp_35\">\n<div role=\"document\">\n<div id=\"Item.MessagePartBody\" class=\"_rp_T4\">\n<div id=\"Item.MessageUniqueBody\" class=\"_rp_U4 ms-font-weight-regular ms-font-color-neutralDark rpHighlightAllClass rpHighlightBodyClass\">\n<div>\n<div>\n<div>\n<div><span style=\"font-family: Calibri,sans-serif; font-size: small;\"><span style=\"color: #757575; font-family: Raleway; font-size: small;\">EN 12941 TH3, EN 14594 2A\/3B<\/span><\/span><span style=\"font-family: inherit; font-size: inherit;\">,<\/span><\/div>\n<\/div>\n<\/div>\n<\/div>\n<\/div>\n<\/div>\n<\/div>\n<\/div>\n<\/div>\n<\/div>\n<\/div>\n<\/div>\n<\/div>\n<\/div>\n<\/div>\n<\/div>\n<\/div>\n<\/div>\n<\/div>\n<\/div>\n<\/div>\n<\/div>\n<\/div>\n<\/div>\n<\/div>\n<\/div>\n<\/div>\n<\/div>\n<\/div>\n<\/div>\n<\/div>\n<p>EN 397, EN 166 A<\/td>\n<\/tr>\n<\/tbody>\n<\/table>\n<p>[\/vc_column_text][\/vc_tta_section][vc_tta_section i_icon_fontawesome=&#8220;fa fa-download&#8220; add_icon=&#8220;true&#8220; title=&#8220;Ke sta\u017een\u00ed&#8220; tab_id=&#8220;1513154098935-95c74e4f-fa1e&#8220;][vc_column_text]<a href=\"https:\/\/www.clean-air.cz\/wp-content\/uploads\/2023\/02\/User-manual_CNA-030-R07_CA-40-Safety-helmet_DIGI.pdf\">User manual_CNA-030-R07_CA-40 Safety helmet<\/a><\/p>\n<p><a href=\"https:\/\/www.clean-air.cz\/wp-content\/uploads\/2021\/12\/DA-008_-_704100_-_CA-40G_-_EN.pdf\" target=\"_blank\" rel=\"noopener\">Datasheet &#8211; 704100 &#8211; CA-40G &#8211; EN<\/a><\/p>\n<p><a href=\"https:\/\/www.clean-air.cz\/wp-content\/uploads\/2024\/09\/PS-704000-1-R6-CA-40.pdf\">Declaration of Confornity &#8211; PS-704000-1-R6 CA-40<\/a>[\/vc_column_text][\/vc_tta_section][vc_tta_section i_icon_fontawesome=&#8220;fa fa-picture-o&#8220; add_icon=&#8220;true&#8220; title=&#8220;Galerie&#8220; tab_id=&#8220;1515415801460-0c2258c9-4574&#8243;][vc_gallery type=&#8220;image_grid&#8220; images=&#8220;7940,7935,7945&#8243; img_size=&#8220;medium&#8220; css_animation=&#8220;fadeIn&#8220; css=&#8220;.vc_custom_1574947692089{padding-left: 280px !important;}&#8220; el_class=&#8220;ca-40_gallery&#8220;][\/vc_tta_section][\/vc_tta_tabs][\/vc_column][\/vc_row]<\/p>\n","protected":false},"excerpt":{"rendered":"<p>[vc_row][vc_column width=&#8220;1\/2&#8243;][vc_gallery interval=&#8220;3&#8243; images=&#8220;14425,14419,14431&#8243; img_size=&#8220;large&#8220;][\/vc_column][vc_column width=&#8220;1\/2&#8243;][vc_column_text]Ochrann\u00e1 p\u0159ilba CA-40G s brusn\u00fdm \u0161t\u00edtem. Zaji\u0161\u0165uje ochranu hlavy, d\u00fdchac\u00edch cest, o\u010d\u00ed, tv\u00e1\u0159e a sluchu p\u0159i brou\u0161en\u00ed ve velmi n\u00e1ro\u010dn\u00e9m prost\u0159ed\u00ed.[\/vc_column_text][vc_btn title=&#8220;Pod\u00edvejte se na celou \u0159adu brusn\u00fdch \u0161t\u00edt\u016f&#8220; shape=&#8220;square&#8220; color=&#8220;juicy-pink&#8220; size=&#8220;lg&#8220; align=&#8220;left&#8220; i_icon_fontawesome=&#8220;fa fa-info-circle&#8220; css_animation=&#8220;none&#8220; add_icon=&#8220;true&#8220; link=&#8220;url:https%3A%2F%2Fwww.clean-air.cz%2Fcs%2Fhlavove-dily%2Fbrusne-stity%2F|title:See%20our%20full%20range%20of%20light%20hoods%21|&#8220;][\/vc_column][\/vc_row][vc_row][vc_column][vc_tta_tabs style=&#8220;modern&#8220; shape=&#8220;square&#8220; active_section=&#8220;1&#8243; no_fill_content_area=&#8220;true&#8220; title=&#8220;Detaily&#8220;][vc_tta_section i_icon_fontawesome=&#8220;fa fa-industry&#8220; add_icon=&#8220;true&#8220; title=&#8220;Oblast pou\u017eit\u00ed&#8220; tab_id=&#8220;1513150336358-68add988-e9ea&#8220;][vc_column_text]Oblast pou\u017eit\u00ed Vysoce n\u00e1ro\u010dn\u00e1 prost\u0159ed\u00ed &#8211; brou\u0161en\u00ed a dal\u0161\u00ed druhy povrchov\u00fdch dokon\u010dovac\u00edch operac\u00ed, Automobilov\u00fd pr\u016fmysl, lod\u011bnice, stavebnictv\u00ed [\/vc_column_text][\/vc_tta_section][vc_tta_section<\/p>\n<p><a class=\"more-link\" href=\"https:\/\/www.clean-air.cz\/cs\/hlavove-dily\/brusne-stity\/ochranna-prilba-ca-40g-s-brusnym-stitem\/\">Read More<\/a><\/p>\n","protected":false},"author":11,"featured_media":0,"parent":3257,"menu_order":0,"comment_status":"closed","ping_status":"closed","template":"","meta":{"footnotes":""},"_links":{"self":[{"href":"https:\/\/www.clean-air.cz\/cs\/wp-json\/wp\/v2\/pages\/3262"}],"collection":[{"href":"https:\/\/www.clean-air.cz\/cs\/wp-json\/wp\/v2\/pages"}],"about":[{"href":"https:\/\/www.clean-air.cz\/cs\/wp-json\/wp\/v2\/types\/page"}],"author":[{"embeddable":true,"href":"https:\/\/www.clean-air.cz\/cs\/wp-json\/wp\/v2\/users\/11"}],"replies":[{"embeddable":true,"href":"https:\/\/www.clean-air.cz\/cs\/wp-json\/wp\/v2\/comments?post=3262"}],"version-history":[{"count":10,"href":"https:\/\/www.clean-air.cz\/cs\/wp-json\/wp\/v2\/pages\/3262\/revisions"}],"predecessor-version":[{"id":30808,"href":"https:\/\/www.clean-air.cz\/cs\/wp-json\/wp\/v2\/pages\/3262\/revisions\/30808"}],"up":[{"embeddable":true,"href":"https:\/\/www.clean-air.cz\/cs\/wp-json\/wp\/v2\/pages\/3257"}],"wp:attachment":[{"href":"https:\/\/www.clean-air.cz\/cs\/wp-json\/wp\/v2\/media?parent=3262"}],"curies":[{"name":"wp","href":"https:\/\/api.w.org\/{rel}","templated":true}]}}