{"id":3259,"date":"2018-11-12T16:13:15","date_gmt":"2018-11-12T15:13:15","guid":{"rendered":"https:\/\/www.clean-air.cz\/hlavove-dily\/brusne-stity\/ochranny-stit-ca-3\/"},"modified":"2026-01-27T08:39:37","modified_gmt":"2026-01-27T07:39:37","slug":"ochranny-stit-ca-3","status":"publish","type":"page","link":"https:\/\/www.clean-air.cz\/cs\/hlavove-dily\/brusne-stity\/ochranny-stit-ca-3\/","title":{"rendered":"Ochrann\u00fd \u0161t\u00edt CA &#8211; 3"},"content":{"rendered":"<p>[vc_row][vc_column width=&#8220;1\/2&#8243;][vc_gallery interval=&#8220;3&#8243; images=&#8220;22369&#8243; img_size=&#8220;large&#8220;][\/vc_column][vc_column width=&#8220;1\/2&#8243;][vc_column_text]<\/p>\n<h4><span style=\"color: #ba0300;\">Prodej ukon\u010den od 13. listopadu.<\/span><br \/>\nVe\u0161ker\u00fd spot\u0159ebn\u00ed materi\u00e1l a n\u00e1hradn\u00ed d\u00edly z\u016fstanou v prodeji do prosince 2026 nebo do odvol\u00e1n\u00ed.<\/h4>\n<p>[\/vc_column_text][vc_column_text]<strong><span style=\"font-size: 14pt; color: #be0300;\">Lehk\u00fd ochrann\u00fd \u0161t\u00edt se snadno vym\u011bniteln\u00fdm zorn\u00edkem z acet\u00e1tu zaji\u0161\u0165uje ochranu d\u00fdchac\u00edch cest a obli\u010deje proti rozst\u0159iku.<\/span><\/strong><\/p>\n<p>Nastaviteln\u00e1 p\u00e1ska zaji\u0161\u0165uje vynikaj\u00edc\u00ed komfort nositele.<\/p>\n<p><strong>Pozor!<\/strong> Tento typ zorn\u00edku nen\u00ed vhodn\u00fd pro brou\u0161en\u00ed. Poskytuje ochranu proti rozst\u0159iku kapaliny v souladu s normou EN 166.[\/vc_column_text][\/vc_column][\/vc_row][vc_row][vc_column][vc_tta_tabs style=&#8220;modern&#8220; shape=&#8220;square&#8220; active_section=&#8220;1&#8243; no_fill_content_area=&#8220;true&#8220; title=&#8220;Detaily&#8220;][vc_tta_section i_icon_fontawesome=&#8220;fa fa-industry&#8220; add_icon=&#8220;true&#8220; title=&#8220;Oblast pou\u017eit\u00ed&#8220; tab_id=&#8220;1513150336358-68add988-e9ea&#8220;][vc_column_text]<span style=\"color: #be0300;\"><strong>Oblast pou\u017eit\u00ed<\/strong><\/span><\/p>\n<p><strong>CA3 s acet\u00e1tov\u00fdm zorn\u00edkem<\/strong> nach\u00e1z\u00ed uplatn\u011bn\u00ed v mnoha odv\u011btv\u00edch, jako jsou prost\u0159ed\u00ed s vysok\u00fdmi po\u017eadavky na chemickou odolnost, chemick\u00fd pr\u016fmysl, laborato\u0159e a lakov\u00e1n\u00ed.<\/p>\n<p><strong>CA3 s polykarbon\u00e1tov\u00fdm zorn\u00edkem<\/strong> lze pou\u017e\u00edt v jak\u00e9mkoli pra\u0161n\u00e9m prost\u0159ed\u00ed bez nutnosti chr\u00e1nit krk a ramena. Je vhodn\u00fd pro brou\u0161en\u00ed, povrchov\u00e9 \u00fapravy, pro stavebnictv\u00ed i v t\u011b\u017ek\u00e9m pr\u016fmyslu.[\/vc_column_text][\/vc_tta_section][vc_tta_section i_icon_fontawesome=&#8220;fa fa-thumbs-o-up&#8220; add_icon=&#8220;true&#8220; title=&#8220;V\u00fdhody&#8220; tab_id=&#8220;1513150336359-b7b65468-8021&#8243;][vc_column_text]<\/p>\n<p><span style=\"color: #be0300;\"><strong>Funkce &amp; Benefity<br \/>\n<\/strong><\/span><\/p>\n<ul>\n<li>Lehk\u00fd a prostorn\u00fd zorn\u00edk<\/li>\n<li>\u0160irok\u00fd rozsah vid\u011bn\u00ed<\/li>\n<li>Vysok\u00e1 chemick\u00e1 odolnost<\/li>\n<li>Snadno vym\u011bniteln\u00fd zorn\u00edk<\/li>\n<li>Pohodln\u00fd a snadno nastaviteln\u00fd hlavov\u00fd k\u0159\u00ed\u017e<\/li>\n<li>M\u011bkk\u00e1 \u010delovka<\/li>\n<\/ul>\n<p>[\/vc_column_text][\/vc_tta_section][vc_tta_section i_icon_fontawesome=&#8220;fa fa-cog&#8220; add_icon=&#8220;true&#8220; title=&#8220;Komplety, p\u0159\u00edslu\u0161enstv\u00ed, filtry&#8220; tab_id=&#8220;1513153137048-5f8c31c5-30ea&#8220;][vc_column_text]<\/p>\n<table>\n<tbody>\n<tr>\n<td style=\"text-align: left;\" colspan=\"2\"><span style=\"color: #be0300;\"><strong>Kompletn\u00ed \u0161t\u00edt<\/strong><\/span><\/td>\n<\/tr>\n<tr>\n<td style=\"text-align: left;\">Ochrann\u00fd \u0161t\u00edt CA-3 (acet\u00e1tov\u00fd zorn\u00edk)<\/td>\n<td style=\"text-align: center;\">71 03 01<\/td>\n<\/tr>\n<tr>\n<td style=\"text-align: left;\" colspan=\"2\"><span style=\"color: #be0300;\"><strong>N\u00e1hradn\u00ed d\u00edly, p\u0159\u00edslu\u0161enstv\u00ed<\/strong><\/span><\/td>\n<\/tr>\n<tr>\n<td style=\"text-align: left;\">\u010celov\u00e1 p\u00e1ska CleanAIR\u00ae (10ks\/bal)<\/td>\n<td style=\"text-align: center;\">16 70 01\/10<\/td>\n<\/tr>\n<tr>\n<td style=\"text-align: left;\">Univerz\u00e1ln\u00ed rou\u0161ka &#8211; univerz\u00e1ln\u00ed<\/td>\n<td style=\"text-align: center;\">70 21 53<\/td>\n<\/tr>\n<tr>\n<td style=\"text-align: left;\">N\u00e1hradn\u00ed zorn\u00edk CA-3 acet\u00e1t<\/td>\n<td style=\"text-align: center;\">71 03 33<\/td>\n<\/tr>\n<tr>\n<td style=\"text-align: left;\">Grinding shield frame Bionic with headband (w\/o visor)<\/td>\n<td style=\"text-align: center;\">71 03 40<\/td>\n<\/tr>\n<tr>\n<td style=\"text-align: left;\">Lehk\u00e1 flexi hadice (QuickLOCK\u2122 &#8211; CA40x1\/7\u201c)<\/td>\n<td style=\"text-align: center;\">71 00 60<\/td>\n<\/tr>\n<\/tbody>\n<\/table>\n<p>[\/vc_column_text][\/vc_tta_section][vc_tta_section i_icon_fontawesome=&#8220;fa fa-wrench&#8220; add_icon=&#8220;true&#8220; title=&#8220;Technick\u00e1 data&#8220; tab_id=&#8220;1513153797992-792040b0-82c9&#8243;][vc_column_text]<\/p>\n<table style=\"width: 100%; height: 216px;\">\n<tbody>\n<tr style=\"height: 24px;\">\n<td style=\"text-align: left; height: 24px;\">Hmotnost<\/td>\n<td style=\"text-align: center; height: 24px;\">520 g<\/td>\n<\/tr>\n<tr style=\"height: 72px;\">\n<td style=\"text-align: left; height: 72px;\">Materi\u00e1l<\/td>\n<td style=\"text-align: center; height: 72px;\">t\u011blo \u0161t\u00edtu \u2013 polyamid<br \/>\nhlavov\u00fd k\u0159\u00ed\u017e \u2013 polyamid<br \/>\nzorn\u00edk \u2013 acet\u00e1t\/polykarbon\u00e1t<\/td>\n<\/tr>\n<tr style=\"height: 24px;\">\n<td style=\"text-align: left; height: 24px;\">Ochrann\u00fd faktor (NPF)<\/td>\n<td style=\"text-align: center; height: 24px;\">50<\/td>\n<\/tr>\n<tr style=\"height: 24px;\">\n<td style=\"text-align: left; height: 24px;\">P\u0159ipojen\u00ed hadice<\/td>\n<td style=\"text-align: center; height: 24px;\">QuickLOCK\u2122<\/td>\n<\/tr>\n<tr style=\"height: 72px;\">\n<td style=\"text-align: left; height: 72px;\">Certifikace<\/td>\n<td style=\"text-align: center; height: 72px;\">EN 12941 TH2<br \/>\nEN 14594 2A<br \/>\nEN 166 F T<\/td>\n<\/tr>\n<\/tbody>\n<\/table>\n<p>[\/vc_column_text][\/vc_tta_section][vc_tta_section i_icon_fontawesome=&#8220;fa fa-download&#8220; add_icon=&#8220;true&#8220; title=&#8220;Ke sta\u017een\u00ed&#8220; tab_id=&#8220;1513154098935-95c74e4f-fa1e&#8220;][vc_column_text]<a href=\"https:\/\/www.clean-air.cz\/wp-content\/uploads\/2022\/07\/User-manual-CNA-012-R06-CA-3_CA-4_CA-5-DIGI.pdf\">User manual &#8211; CNA-012-R06 &#8211; CA-3_CA-4_CA-5-DIGI<\/a><\/p>\n<p><a href=\"https:\/\/www.clean-air.cz\/wp-content\/uploads\/2022\/09\/DA-060_-_710300_-_Grinding_shield_CA-3_polycarbonate_-_EN.pdf\">DA-060_-_710300_-_Grinding_shield_CA-3_polycarbonate_-_EN<\/a><\/p>\n<p><a href=\"https:\/\/www.clean-air.cz\/wp-content\/uploads\/2020\/10\/DA-060_-_710300_-_Grinding_shield_CA-3_polycarbonate_-_FRA-1.pdf\">DA-060 &#8211; 710300 &#8211; Grinding shield CA-3 polycarbonate &#8211; FRA<\/a><\/p>\n<p><a href=\"https:\/\/www.clean-air.cz\/wp-content\/uploads\/2022\/09\/DA-061_-_710301_-_Grinding_shield_CA-3_acetate_-_EN.pdf\">DA-061_-_710301_-_Grinding_shield_CA-3_acetate_-_EN<\/a><\/p>\n<p><a href=\"https:\/\/www.clean-air.cz\/wp-content\/uploads\/2020\/10\/DA-061_-_710301_-_Grinding_shield_CA-3_acetate_-_FRA-1.pdf\" target=\"_blank\" rel=\"noopener noreferrer\">DA-061 &#8211; 710301 &#8211; Grinding shield CA-3 acetate &#8211; FRA<\/a><\/p>\n<p><a href=\"https:\/\/www.clean-air.cz\/wp-content\/uploads\/2025\/08\/PS-710300-1-R1-CA-3-CZ.doc\">Declaration of Confornity &#8211; PS-710300-1-R1 CA-3 CZ<\/a><\/p>\n<p><a href=\"https:\/\/www.clean-air.cz\/wp-content\/uploads\/2025\/08\/PS-710300-1-R1-CA-3.doc\">Declaration of Confornity &#8211; PS-710300-1-R1 CA-3 EN<\/a>[\/vc_column_text][\/vc_tta_section][vc_tta_section i_icon_fontawesome=&#8220;fa fa-picture-o&#8220; add_icon=&#8220;true&#8220; title=&#8220;Galerie&#8220; tab_id=&#8220;1515415801460-0c2258c9-4574&#8243;][vc_gallery type=&#8220;image_grid&#8220; images=&#8220;7743,7749,7754&#8243; img_size=&#8220;medium&#8220; css_animation=&#8220;fadeIn&#8220; css=&#8220;.vc_custom_1574684969307{padding-left: 280px !important;}&#8220; el_class=&#8220;ca-3_gallery&#8220;][\/vc_tta_section][\/vc_tta_tabs][\/vc_column][\/vc_row]<\/p>\n","protected":false},"excerpt":{"rendered":"<p>[vc_row][vc_column width=&#8220;1\/2&#8243;][vc_gallery interval=&#8220;3&#8243; images=&#8220;22369&#8243; img_size=&#8220;large&#8220;][\/vc_column][vc_column width=&#8220;1\/2&#8243;][vc_column_text] Prodej ukon\u010den od 13. listopadu. Ve\u0161ker\u00fd spot\u0159ebn\u00ed materi\u00e1l a n\u00e1hradn\u00ed d\u00edly z\u016fstanou v prodeji do prosince 2026 nebo do odvol\u00e1n\u00ed. [\/vc_column_text][vc_column_text]Lehk\u00fd ochrann\u00fd \u0161t\u00edt se snadno vym\u011bniteln\u00fdm zorn\u00edkem z acet\u00e1tu zaji\u0161\u0165uje ochranu d\u00fdchac\u00edch cest a obli\u010deje proti rozst\u0159iku. Nastaviteln\u00e1 p\u00e1ska zaji\u0161\u0165uje vynikaj\u00edc\u00ed komfort nositele. Pozor! Tento typ zorn\u00edku nen\u00ed vhodn\u00fd pro brou\u0161en\u00ed. Poskytuje ochranu proti rozst\u0159iku kapaliny v souladu s normou EN 166.[\/vc_column_text][\/vc_column][\/vc_row][vc_row][vc_column][vc_tta_tabs style=&#8220;modern&#8220; shape=&#8220;square&#8220;<\/p>\n<p><a class=\"more-link\" href=\"https:\/\/www.clean-air.cz\/cs\/hlavove-dily\/brusne-stity\/ochranny-stit-ca-3\/\">Read More<\/a><\/p>\n","protected":false},"author":11,"featured_media":0,"parent":3257,"menu_order":0,"comment_status":"closed","ping_status":"closed","template":"","meta":{"footnotes":""},"_links":{"self":[{"href":"https:\/\/www.clean-air.cz\/cs\/wp-json\/wp\/v2\/pages\/3259"}],"collection":[{"href":"https:\/\/www.clean-air.cz\/cs\/wp-json\/wp\/v2\/pages"}],"about":[{"href":"https:\/\/www.clean-air.cz\/cs\/wp-json\/wp\/v2\/types\/page"}],"author":[{"embeddable":true,"href":"https:\/\/www.clean-air.cz\/cs\/wp-json\/wp\/v2\/users\/11"}],"replies":[{"embeddable":true,"href":"https:\/\/www.clean-air.cz\/cs\/wp-json\/wp\/v2\/comments?post=3259"}],"version-history":[{"count":0,"href":"https:\/\/www.clean-air.cz\/cs\/wp-json\/wp\/v2\/pages\/3259\/revisions"}],"up":[{"embeddable":true,"href":"https:\/\/www.clean-air.cz\/cs\/wp-json\/wp\/v2\/pages\/3257"}],"wp:attachment":[{"href":"https:\/\/www.clean-air.cz\/cs\/wp-json\/wp\/v2\/media?parent=3259"}],"curies":[{"name":"wp","href":"https:\/\/api.w.org\/{rel}","templated":true}]}}