{"id":3257,"date":"2018-11-12T15:54:07","date_gmt":"2018-11-12T14:54:07","guid":{"rendered":"https:\/\/www.clean-air.cz\/hlavove-dily\/brusne-stity\/"},"modified":"2026-01-23T15:08:25","modified_gmt":"2026-01-23T14:08:25","slug":"brusne-stity","status":"publish","type":"page","link":"https:\/\/www.clean-air.cz\/cs\/hlavove-dily\/brusne-stity\/","title":{"rendered":"Brusn\u00e9 \u0161t\u00edty"},"content":{"rendered":"<p>[vc_row css=&#8220;.vc_custom_1515063137650{background-color: #ffffff !important;}&#8220;][vc_column][vc_column_text]Brusn\u00e9 \u0161t\u00edty CleanAIR\u00ae poskytuj\u00ed vynikaj\u00edc\u00ed ochranu obli\u010deje a d\u00fdchac\u00edch cest v kombinaci s PAPR nebo syst\u00e9my tlakov\u00e9ho vzduchu. Brusn\u00e9 \u0161t\u00edty jsou vhodn\u00e9 pro v\u0161echny druhy brou\u0161en\u00ed a povrchov\u00e9 \u00fapravy.[\/vc_column_text][vc_tta_tour style=&#8220;modern&#8220; shape=&#8220;square&#8220; gap=&#8220;1&#8243; active_section=&#8220;1&#8243; no_fill_content_area=&#8220;true&#8220;][vc_tta_section title=&#8220;Omnira air&#8220; tab_id=&#8220;1515061200914-4dd3150e-98ab&#8220;][vc_column_text]<\/p>\n<h3><img loading=\"lazy\" decoding=\"async\" class=\"alignnone size-medium wp-image-14998\" src=\"https:\/\/www.clean-air.cz\/wp-content\/uploads\/2022\/02\/Omnira-iso-1-300x300.jpg\" alt=\"\" width=\"300\" height=\"300\" srcset=\"https:\/\/www.clean-air.cz\/wp-content\/uploads\/2022\/02\/Omnira-iso-1-300x300.jpg 300w, https:\/\/www.clean-air.cz\/wp-content\/uploads\/2022\/02\/Omnira-iso-1-1024x1024.jpg 1024w, https:\/\/www.clean-air.cz\/wp-content\/uploads\/2022\/02\/Omnira-iso-1-150x150.jpg 150w, https:\/\/www.clean-air.cz\/wp-content\/uploads\/2022\/02\/Omnira-iso-1-768x768.jpg 768w, https:\/\/www.clean-air.cz\/wp-content\/uploads\/2022\/02\/Omnira-iso-1-1536x1536.jpg 1536w, https:\/\/www.clean-air.cz\/wp-content\/uploads\/2022\/02\/Omnira-iso-1-800x800.jpg 800w, https:\/\/www.clean-air.cz\/wp-content\/uploads\/2022\/02\/Omnira-iso-1-250x250.jpg 250w, https:\/\/www.clean-air.cz\/wp-content\/uploads\/2022\/02\/Omnira-iso-1.jpg 1600w\" sizes=\"(max-width: 300px) 100vw, 300px\" \/><\/h3>\n<h3>Brusn\u00fd \u0161t\u00edt Omnira air<\/h3>\n<p>Brusn\u00fd \u0161t\u00edt s integrovan\u00fdm rozvodem vzduchu pro nejvy\u0161\u0161\u00ed ochranu d\u00fdchac\u00edch cest, ochranu o\u010d\u00ed a obli\u010deje. Nab\u00edz\u00ed tak\u00e9 vysokou ochranu proti vysokorychlostn\u00edm \u010d\u00e1stic\u00edm. \u0160t\u00edt lze roz\u0161\u00ed\u0159it o sv\u00e1\u0159e\u010dsk\u00fd \u0161t\u00edt, \u010d\u00edm\u017e z\u00edsk\u00e1te plnohodnotnou sv\u00e1\u0159e\u010dskou v\u00fdklopnou helmu.<\/p>\n<p><strong>Oblast pou\u017eit\u00ed<\/strong><br \/>\n\u0160t\u00edt Omnira\u00a0 je vhodn\u00fd pro brou\u0161en\u00ed a povrchov\u00e9 \u00fapravy v t\u011b\u017ek\u00e9m pr\u016fmyslov\u00e9m prost\u0159ed\u00ed. V kombinaci s zorn\u00edkem DIN5 je vhodn\u00fd pro v\u0161echny operace \u0159ez\u00e1n\u00ed\/sva\u0159ov\u00e1n\u00ed SMAW, MIG \/ MAG, TIG a Plazma.[\/vc_column_text][vc_btn title=&#8220;V\u00edce informac\u00ed o produktu&#8220; shape=&#8220;square&#8220; color=&#8220;juicy-pink&#8220; i_icon_fontawesome=&#8220;fas fa-arrow-right&#8220; add_icon=&#8220;true&#8220; link=&#8220;url:https%3A%2F%2Fwww.clean-air.cz%2Fcs%2Fhlavove-dily%2Fbrusne-stity%2Fomnira-air%2F|title:Protective%20shield%20Omnira%20air|&#8220;][\/vc_tta_section][vc_tta_section title=&#8220;UniMask&#8220; tab_id=&#8220;1646403166451-67a40399-bdae&#8220;][vc_column_text]<img loading=\"lazy\" decoding=\"async\" class=\"alignnone wp-image-7344 size-medium\" src=\"https:\/\/www.clean-air.cz\/wp-content\/uploads\/2019\/11\/UniMask-iso-copy-275x300.jpg\" alt=\"\" width=\"275\" height=\"300\" \/><\/p>\n<h3>Ochrann\u00fd \u0161t\u00edt UniMask<\/h3>\n<p>Nejvy\u0161\u0161\u00ed \u00farove\u0148 ochrany d\u00fdch\u00e1n\u00ed se zlep\u0161enou regulac\u00ed vnit\u0159n\u00edho proud\u011bn\u00ed vzduchu a hled\u00ed s vynikaj\u00edc\u00edmi optick\u00fdmi a mechanick\u00fdmi vlastnostmi \u010din\u00ed z tohoto univerz\u00e1ln\u00edho \u0161t\u00edtu na obli\u010deji skute\u010dn\u00e9ho leadera ve sv\u00e9 t\u0159\u00edd\u011b. UniMask je lehk\u00fd (pouh\u00fdch 380 g) a nab\u00edz\u00ed vynikaj\u00edc\u00ed u\u017eivatelsk\u00fd komfort \u2013 vnit\u0159n\u00ed regulace proud\u011bn\u00ed vzduchu umo\u017e\u0148uje u\u017eivateli nastavit sm\u011br a intenzitu p\u0159iv\u00e1d\u011bn\u00e9ho vzduchu do obli\u010deje nebo p\u0159\u00edmo do d\u00fdchac\u00ed z\u00f3ny.[\/vc_column_text][vc_btn title=&#8220;V\u00edce informac\u00ed o produktu&#8220; shape=&#8220;square&#8220; color=&#8220;juicy-pink&#8220; i_icon_fontawesome=&#8220;fa fa-arrow-right&#8220; add_icon=&#8220;true&#8220; link=&#8220;url:https%3A%2F%2Fwww.clean-air.cz%2Fcs%2Fhlavove-dily%2Fochranne-prilby%2Funimask%2F|title:Brusn%C3%BD%20%C5%A1t%C3%ADt%20CA-3|&#8220;][\/vc_tta_section][vc_tta_section title=&#8220;AerTEC\u2122 SeeMAX &#8211; prodej ukon\u010den&#8220; tab_id=&#8220;1575621899668-5dcd9832-89da&#8220;][vc_column_text]<img loading=\"lazy\" decoding=\"async\" class=\"alignnone size-medium wp-image-8126\" src=\"https:\/\/www.clean-air.cz\/wp-content\/uploads\/2019\/12\/SeeMAX-iso-245x300.jpg\" alt=\"\" width=\"245\" height=\"300\" \/><\/p>\n<h3>Ochrann\u00fd \u0161t\u00edt AerTEC\u2122 SeeMAX<\/h3>\n<p>Neomezen\u00fd v\u00fdhled, ochrana d\u00fdch\u00e1n\u00ed s nastavitelnou distribuc\u00ed vzduchu d\u011blaj\u00ed ze SeeMAX jedine\u010dn\u00fd syst\u00e9m ochrany obli\u010deje a d\u00fdchac\u00edch cest s nejvy\u0161\u0161\u00ed \u00farovn\u00ed bezpe\u010dnosti. Snadno vym\u011bniteln\u00fd zorn\u00edk DIN5 roz\u0161i\u0159uje syst\u00e9m na perfektn\u00ed ochranu pro efektivn\u00ed plazmov\u00e9 \u0159ez\u00e1n\u00ed.[\/vc_column_text][vc_btn title=&#8220;V\u00edce informac\u00ed o produktu&#8220; shape=&#8220;square&#8220; color=&#8220;juicy-pink&#8220; i_icon_fontawesome=&#8220;fa fa-arrow-right&#8220; add_icon=&#8220;true&#8220; link=&#8220;url:https%3A%2F%2Fwww.clean-air.cz%2Fcs%2Fhlavove-dily%2Fbrusne-stity%2Faertec-seemax%2F|title:Brusn%C3%BD%20%C5%A1t%C3%ADt%20CA-3|&#8220;][\/vc_tta_section][vc_tta_section title=&#8220;CA-3 &#8211; prodej ukon\u010den&#8220; tab_id=&#8220;1575621733925-d3126c4b-de0e&#8220;][vc_column_text]<img loading=\"lazy\" decoding=\"async\" class=\"size-medium wp-image-285 alignnone\" src=\"https:\/\/www.clean-air.cz\/wp-content\/uploads\/2023\/10\/CA3_Discont_web.png\" alt=\"\" width=\"271\" height=\"300\" \/><\/p>\n<h3>Brusn\u00fd \u0161t\u00edt CA-3<\/h3>\n<h4><span style=\"color: #ba0300;\">Prodej ukon\u010den od 13. listopadu 2023.<\/span><br \/>\nVe\u0161ker\u00fd spot\u0159ebn\u00ed materi\u00e1l a n\u00e1hradn\u00ed d\u00edly z\u016fstanou v prodeji do prosince 2026 nebo do odvol\u00e1n\u00ed.<\/h4>\n<p>Lehk\u00fd ochrann\u00fd \u0161t\u00edt CA-3 s jednodu\u0161e vym\u011bniteln\u00fdm zorn\u00edkem poskytuje ochranu obli\u010deje a d\u00fdchac\u00edch cest p\u0159i brou\u0161en\u00ed.<br \/>\n<strong>Brusn\u00fd \u0161t\u00edt CA-3 s polykarbon\u00e1tov\u00fdm zorn\u00edkem\u00a0<\/strong>\u2013 jeho hlavn\u00ed v\u00fdhodou je\u00a0vysok\u00e1 mechanick\u00e1 odolnost, d\u00edky kter\u00e9 je \u0161t\u00edt vhodn\u00fd pro brou\u0161en\u00ed. Dle EN 166 chr\u00e1n\u00ed proti n\u00e1razu \u010d\u00e1stic se st\u0159edn\u00ed energi\u00ed.<\/p>\n<p><strong>Oblast pou\u017eit\u00ed<\/strong><br \/>\nPra\u0161n\u00e9 provozy bez nutnosti ochrany krku a ramen, pracovi\u0161t\u011b s po\u017eadavky na chemickou odolnost, brou\u0161en\u00ed a dal\u0161\u00ed druhy povrchov\u00fdch dokon\u010dovac\u00edch operac\u00ed, stavebnictv\u00ed.<\/p>\n<p><img loading=\"lazy\" decoding=\"async\" class=\"alignnone wp-image-53 \" src=\"https:\/\/www.clean-air.cz\/wp-content\/uploads\/2018\/06\/stit-120.png\" alt=\"\" width=\"58\" height=\"70\" \/>\u00a0<img loading=\"lazy\" decoding=\"async\" class=\"alignnone wp-image-51\" src=\"https:\/\/www.clean-air.cz\/wp-content\/uploads\/2018\/06\/plice-120.png\" alt=\"\" width=\"81\" height=\"70\" \/>[\/vc_column_text][vc_btn title=&#8220;V\u00edce informac\u00ed o produktu&#8220; shape=&#8220;square&#8220; color=&#8220;juicy-pink&#8220; i_icon_fontawesome=&#8220;fa fa-arrow-right&#8220; add_icon=&#8220;true&#8220; link=&#8220;url:https%3A%2F%2Fwww.clean-air.cz%2Fcs%2Fhlavove-dily%2Fbrusne-stity%2Fochranny-stit-ca-3%2F|title:Brusn%C3%BD%20%C5%A1t%C3%ADt%20CA-3|&#8220;][\/vc_tta_section][vc_tta_section title=&#8220;CA-40G&#8220; tab_id=&#8220;1515061200914-86b36351-21a4&#8243;][vc_column_text]<\/p>\n<h3><img loading=\"lazy\" decoding=\"async\" class=\"size-medium wp-image-14424 alignleft\" src=\"https:\/\/www.clean-air.cz\/wp-content\/uploads\/2021\/12\/704100_CA-40G-iso-300x300.jpg\" alt=\"\" width=\"300\" height=\"300\" srcset=\"https:\/\/www.clean-air.cz\/wp-content\/uploads\/2021\/12\/704100_CA-40G-iso-300x300.jpg 300w, https:\/\/www.clean-air.cz\/wp-content\/uploads\/2021\/12\/704100_CA-40G-iso-1024x1024.jpg 1024w, https:\/\/www.clean-air.cz\/wp-content\/uploads\/2021\/12\/704100_CA-40G-iso-150x150.jpg 150w, https:\/\/www.clean-air.cz\/wp-content\/uploads\/2021\/12\/704100_CA-40G-iso-768x768.jpg 768w, https:\/\/www.clean-air.cz\/wp-content\/uploads\/2021\/12\/704100_CA-40G-iso-1536x1536.jpg 1536w, https:\/\/www.clean-air.cz\/wp-content\/uploads\/2021\/12\/704100_CA-40G-iso-800x800.jpg 800w, https:\/\/www.clean-air.cz\/wp-content\/uploads\/2021\/12\/704100_CA-40G-iso-250x250.jpg 250w, https:\/\/www.clean-air.cz\/wp-content\/uploads\/2021\/12\/704100_CA-40G-iso.jpg 1600w\" sizes=\"(max-width: 300px) 100vw, 300px\" \/><\/h3>\n<h3>Ochrann\u00e1 p\u0159ilba CA-40G s brusn\u00fdm \u0161t\u00edtem<\/h3>\n<p>Tato p\u0159ilba p\u0159edstavuje kombinaci brusn\u00e9ho \u0161t\u00edtu a ochrann\u00e9 p\u0159ilby s integrovan\u00fdm syst\u00e9mem rozvodu vzduchu. Zaji\u0161\u0165uje ochranu hlavy, d\u00fdchac\u00edch cest, zraku, obli\u010deje a sluchu. Sv\u00e9 uplatn\u011bn\u00ed najde jako ochrana p\u0159i sva\u0159ov\u00e1n\u00ed v n\u00e1ro\u010dn\u00fdch podm\u00ednk\u00e1ch.<\/p>\n<p><strong>Oblast pou\u017eit\u00ed<\/strong><br \/>\nVysoce n\u00e1ro\u010dn\u00e1 prost\u0159ed\u00ed &#8211; brou\u0161en\u00ed a dal\u0161\u00ed druhy povrchov\u00fdch dokon\u010dovac\u00edch operac\u00ed, Automobilov\u00fd pr\u016fmysl, lod\u011bnice, stavebnictv\u00ed.<\/p>\n<p><img loading=\"lazy\" decoding=\"async\" class=\"alignnone wp-image-753 \" src=\"https:\/\/www.clean-air.cz\/wp-content\/uploads\/2018\/06\/helma-120.png\" alt=\"\" width=\"54\" height=\"70\" \/>\u00a0<img loading=\"lazy\" decoding=\"async\" class=\"alignnone wp-image-755 \" src=\"https:\/\/www.clean-air.cz\/wp-content\/uploads\/2018\/06\/sluchatka-120.png\" alt=\"\" width=\"72\" height=\"70\" \/> <img loading=\"lazy\" decoding=\"async\" class=\"alignnone wp-image-756\" src=\"https:\/\/www.clean-air.cz\/wp-content\/uploads\/2018\/06\/stit-120.png\" alt=\"\" width=\"58\" height=\"70\" \/>\u00a0<img loading=\"lazy\" decoding=\"async\" class=\"alignnone wp-image-754\" src=\"https:\/\/www.clean-air.cz\/wp-content\/uploads\/2018\/06\/plice-120.png\" alt=\"\" width=\"81\" height=\"70\" \/>[\/vc_column_text][vc_btn title=&#8220;V\u00edce informac\u00ed o produktu&#8220; shape=&#8220;square&#8220; color=&#8220;juicy-pink&#8220; i_icon_fontawesome=&#8220;fa fa-arrow-right&#8220; add_icon=&#8220;true&#8220; link=&#8220;url:https%3A%2F%2Fwww.clean-air.cz%2Fcs%2Fhlavove-dily%2Fbrusne-stity%2Fochranna-prilba-ca-40g-s-brusnym-stitem%2F|title:Ochrann%C3%A1%20p%C5%99ilba%20CA-40G%20s%20brusn%C3%BDm%20%C5%A1t%C3%ADtem|&#8220;][\/vc_tta_section][vc_tta_section title=&#8220;CA-40GW&#8220; tab_id=&#8220;1515061723345-c38eb4a5-fa2b&#8220;][vc_column_text]<\/p>\n<h3><img loading=\"lazy\" decoding=\"async\" class=\"alignnone size-medium wp-image-14410\" src=\"https:\/\/www.clean-air.cz\/wp-content\/uploads\/2021\/12\/704201_CA-40GW_hluchatka-iso-up-300x300.jpg\" alt=\"\" width=\"300\" height=\"300\" srcset=\"https:\/\/www.clean-air.cz\/wp-content\/uploads\/2021\/12\/704201_CA-40GW_hluchatka-iso-up-300x300.jpg 300w, https:\/\/www.clean-air.cz\/wp-content\/uploads\/2021\/12\/704201_CA-40GW_hluchatka-iso-up-1024x1024.jpg 1024w, https:\/\/www.clean-air.cz\/wp-content\/uploads\/2021\/12\/704201_CA-40GW_hluchatka-iso-up-150x150.jpg 150w, https:\/\/www.clean-air.cz\/wp-content\/uploads\/2021\/12\/704201_CA-40GW_hluchatka-iso-up-768x768.jpg 768w, https:\/\/www.clean-air.cz\/wp-content\/uploads\/2021\/12\/704201_CA-40GW_hluchatka-iso-up-1536x1536.jpg 1536w, https:\/\/www.clean-air.cz\/wp-content\/uploads\/2021\/12\/704201_CA-40GW_hluchatka-iso-up-800x800.jpg 800w, https:\/\/www.clean-air.cz\/wp-content\/uploads\/2021\/12\/704201_CA-40GW_hluchatka-iso-up-250x250.jpg 250w, https:\/\/www.clean-air.cz\/wp-content\/uploads\/2021\/12\/704201_CA-40GW_hluchatka-iso-up.jpg 1600w\" sizes=\"(max-width: 300px) 100vw, 300px\" \/><\/h3>\n<h3>Ochrann\u00e1 p\u0159ilba CA-40GW s brusn\u00fdm a sv\u00e1\u0159e\u010dsk\u00fdm \u0161t\u00edtem<\/h3>\n<p>Kombinace brusn\u00e9ho a sv\u00e1\u0159e\u010dsk\u00e9ho \u0161t\u00edtu spolu s bezpe\u010dnostn\u00ed p\u0159ilbou a integrovan\u00fdm syst\u00e9mem rozvodu vzduchu zaji\u0161\u0165uje ochranu hlavy, d\u00fdchac\u00edch cest, zraku, obli\u010deje a sluchu. Sv\u00e9 uplatn\u011bn\u00ed najde jako ochrana p\u0159i sva\u0159ov\u00e1n\u00ed v n\u00e1ro\u010dn\u00fdch pr\u016fmyslov\u00fdch podm\u00ednk\u00e1ch.<\/p>\n<p><strong>Oblast pou\u017eit\u00ed\u00a0<\/strong><\/p>\n<ul>\n<li>Vhodn\u00e1 pro v\u011bt\u0161inu sv\u00e1\u0159e\u010dsk\u00fdch metod v n\u00e1ro\u010dn\u00e9m pr\u016fmyslov\u00e9m prost\u0159ed\u00ed<\/li>\n<li>Automobilov\u00fd pr\u016fmysl, lod\u011bnice, stavebnictv\u00ed<\/li>\n<\/ul>\n<p><img loading=\"lazy\" decoding=\"async\" class=\"alignnone wp-image-753\" src=\"https:\/\/www.clean-air.cz\/wp-content\/uploads\/2018\/06\/helma-120.png\" alt=\"\" width=\"54\" height=\"70\" \/>\u00a0<img loading=\"lazy\" decoding=\"async\" class=\"alignnone wp-image-755\" src=\"https:\/\/www.clean-air.cz\/wp-content\/uploads\/2018\/06\/sluchatka-120.png\" alt=\"\" width=\"72\" height=\"70\" \/>\u00a0<img loading=\"lazy\" decoding=\"async\" class=\"alignnone wp-image-756 \" src=\"https:\/\/www.clean-air.cz\/wp-content\/uploads\/2018\/06\/stit-120.png\" alt=\"\" width=\"58\" height=\"70\" \/>\u00a0<img loading=\"lazy\" decoding=\"async\" class=\"alignnone wp-image-757\" src=\"https:\/\/www.clean-air.cz\/wp-content\/uploads\/2018\/06\/svarovaci-stit-120.png\" alt=\"\" width=\"58\" height=\"70\" \/>\u00a0<img loading=\"lazy\" decoding=\"async\" class=\"alignnone wp-image-754\" src=\"https:\/\/www.clean-air.cz\/wp-content\/uploads\/2018\/06\/plice-120.png\" alt=\"\" width=\"81\" height=\"70\" \/>[\/vc_column_text][vc_btn title=&#8220;V\u00edce informac\u00ed o produktu&#8220; shape=&#8220;square&#8220; color=&#8220;juicy-pink&#8220; i_icon_fontawesome=&#8220;fa fa-arrow-right&#8220; add_icon=&#8220;true&#8220; link=&#8220;url:https%3A%2F%2Fwww.clean-air.cz%2Fcs%2Fhlavove-dily%2Fsvareci-kukly%2Fochranna-prilba-ca-40gw%2F|title:Ochrann%C3%A1%20p%C5%99ilba%20CA-40GW%20s%20brusn%C3%BDm%20a%20sv%C3%A1%C5%99e%C4%8Dsk%C3%BDm%20%C5%A1t%C3%ADtem|&#8220;][\/vc_tta_section][\/vc_tta_tour][\/vc_column][\/vc_row][vc_row content_placement=&#8220;middle&#8220;][vc_column][vc_tta_accordion shape=&#8220;square&#8220; active_section=&#8220;&#8220;][vc_tta_section i_icon_fontawesome=&#8220;fa fa-info-circle&#8220; add_icon=&#8220;true&#8220; title=&#8220;Vysv\u011btlivky k ochrann\u00fdm symbol\u016fm&#8220; tab_id=&#8220;1515066157336-19bc9408-6024&#8243;][vc_column_text]<\/p>\n<table class=\" aligncenter\">\n<tbody>\n<tr>\n<td style=\"text-align: center;\"><a href=\"https:\/\/www.clean-air.cz\/wp-content\/uploads\/2017\/12\/helma.png\"><img loading=\"lazy\" decoding=\"async\" class=\"alignnone wp-image-3149\" src=\"https:\/\/www.clean-air.cz\/wp-content\/uploads\/2017\/12\/helma-229x300.png\" alt=\"\" width=\"76\" height=\"100\" \/><\/a><\/td>\n<td style=\"text-align: center;\"><a href=\"https:\/\/www.clean-air.cz\/wp-content\/uploads\/2017\/12\/svarovaci-stit.png\"><img loading=\"lazy\" decoding=\"async\" class=\"alignnone wp-image-3153\" src=\"https:\/\/www.clean-air.cz\/wp-content\/uploads\/2017\/12\/svarovaci-stit-250x300.png\" alt=\"\" width=\"83\" height=\"100\" \/><\/a><\/td>\n<td style=\"text-align: center;\"><a href=\"https:\/\/www.clean-air.cz\/wp-content\/uploads\/2017\/12\/stit.png\"><img loading=\"lazy\" decoding=\"async\" class=\"alignnone wp-image-3152\" src=\"https:\/\/www.clean-air.cz\/wp-content\/uploads\/2017\/12\/stit-250x300.png\" alt=\"\" width=\"83\" height=\"100\" \/><\/a><\/td>\n<td style=\"text-align: center;\"><a href=\"https:\/\/www.clean-air.cz\/wp-content\/uploads\/2017\/12\/sluchatka.png\"><img loading=\"lazy\" decoding=\"async\" class=\"alignnone wp-image-3151\" src=\"https:\/\/www.clean-air.cz\/wp-content\/uploads\/2017\/12\/sluchatka-300x290.png\" alt=\"\" width=\"104\" height=\"100\" \/><\/a><\/td>\n<td style=\"text-align: center;\"><a href=\"https:\/\/www.clean-air.cz\/wp-content\/uploads\/2017\/12\/plice.png\"><img loading=\"lazy\" decoding=\"async\" class=\"alignnone wp-image-3150\" src=\"https:\/\/www.clean-air.cz\/wp-content\/uploads\/2017\/12\/plice-300x261.png\" alt=\"\" width=\"115\" height=\"100\" \/><\/a><\/td>\n<\/tr>\n<tr>\n<td style=\"text-align: center;\"><span style=\"color: #000000;\">HEAD<\/span><\/td>\n<td style=\"text-align: center;\"><span style=\"color: #000000;\">WELDING<\/span><\/td>\n<td style=\"text-align: center;\"><span style=\"color: #000000;\">EYE AND FACE<\/span><\/td>\n<td style=\"text-align: center;\"><span style=\"color: #000000;\">HEARING<\/span><\/td>\n<td style=\"text-align: center;\"><span style=\"color: #000000;\">RESPIRATORY<\/span><\/td>\n<\/tr>\n<\/tbody>\n<\/table>\n<p>[\/vc_column_text][\/vc_tta_section][\/vc_tta_accordion][vc_separator color=&#8220;juicy_pink&#8220;][\/vc_column][\/vc_row][vc_row][vc_column][\/vc_column][\/vc_row]<\/p>\n","protected":false},"excerpt":{"rendered":"<p>[vc_row css=&#8220;.vc_custom_1515063137650{background-color: #ffffff !important;}&#8220;][vc_column][vc_column_text]Brusn\u00e9 \u0161t\u00edty CleanAIR\u00ae poskytuj\u00ed vynikaj\u00edc\u00ed ochranu obli\u010deje a d\u00fdchac\u00edch cest v kombinaci s PAPR nebo syst\u00e9my tlakov\u00e9ho vzduchu. Brusn\u00e9 \u0161t\u00edty jsou vhodn\u00e9 pro v\u0161echny druhy brou\u0161en\u00ed a povrchov\u00e9 \u00fapravy.[\/vc_column_text][vc_tta_tour style=&#8220;modern&#8220; shape=&#8220;square&#8220; gap=&#8220;1&#8243; active_section=&#8220;1&#8243; no_fill_content_area=&#8220;true&#8220;][vc_tta_section title=&#8220;Omnira air&#8220; tab_id=&#8220;1515061200914-4dd3150e-98ab&#8220;][vc_column_text] Brusn\u00fd \u0161t\u00edt Omnira air Brusn\u00fd \u0161t\u00edt s integrovan\u00fdm rozvodem vzduchu pro nejvy\u0161\u0161\u00ed ochranu d\u00fdchac\u00edch cest, ochranu o\u010d\u00ed a obli\u010deje. Nab\u00edz\u00ed tak\u00e9 vysokou ochranu proti vysokorychlostn\u00edm \u010d\u00e1stic\u00edm. \u0160t\u00edt lze roz\u0161\u00ed\u0159it o<\/p>\n<p><a class=\"more-link\" href=\"https:\/\/www.clean-air.cz\/cs\/hlavove-dily\/brusne-stity\/\">Read More<\/a><\/p>\n","protected":false},"author":11,"featured_media":0,"parent":3248,"menu_order":0,"comment_status":"closed","ping_status":"closed","template":"","meta":{"footnotes":""},"_links":{"self":[{"href":"https:\/\/www.clean-air.cz\/cs\/wp-json\/wp\/v2\/pages\/3257"}],"collection":[{"href":"https:\/\/www.clean-air.cz\/cs\/wp-json\/wp\/v2\/pages"}],"about":[{"href":"https:\/\/www.clean-air.cz\/cs\/wp-json\/wp\/v2\/types\/page"}],"author":[{"embeddable":true,"href":"https:\/\/www.clean-air.cz\/cs\/wp-json\/wp\/v2\/users\/11"}],"replies":[{"embeddable":true,"href":"https:\/\/www.clean-air.cz\/cs\/wp-json\/wp\/v2\/comments?post=3257"}],"version-history":[{"count":0,"href":"https:\/\/www.clean-air.cz\/cs\/wp-json\/wp\/v2\/pages\/3257\/revisions"}],"up":[{"embeddable":true,"href":"https:\/\/www.clean-air.cz\/cs\/wp-json\/wp\/v2\/pages\/3248"}],"wp:attachment":[{"href":"https:\/\/www.clean-air.cz\/cs\/wp-json\/wp\/v2\/media?parent=3257"}],"curies":[{"name":"wp","href":"https:\/\/api.w.org\/{rel}","templated":true}]}}