{"id":3248,"date":"2018-11-12T13:33:41","date_gmt":"2018-11-12T12:33:41","guid":{"rendered":"https:\/\/www.clean-air.cz\/hlavove-dily\/"},"modified":"2023-11-28T15:43:44","modified_gmt":"2023-11-28T14:43:44","slug":"hlavove-dily","status":"publish","type":"page","link":"https:\/\/www.clean-air.cz\/cs\/hlavove-dily\/","title":{"rendered":"Hlavov\u00e9 d\u00edly"},"content":{"rendered":"<p>[vc_row][vc_column][vc_column_text]Hlavov\u00e9 d\u00edly CleanAIR<sup>\u00ae<\/sup> nab\u00edzej\u00ed spolehlivou ochranu pro \u0159adu pr\u016fmyslov\u00fdch aplikac\u00ed, v\u010detn\u011b sva\u0159ov\u00e1n\u00ed, brou\u0161en\u00ed, lakov\u00e1n\u00ed, stavebnictv\u00ed, farmaceutick\u00e9ho a chemick\u00e9ho pr\u016fmyslu, potravin\u00e1\u0159stv\u00ed a zem\u011bd\u011blstv\u00ed. Na\u0161e hlavov\u00e9 d\u00edly jsou navr\u017eeny tak, aby spl\u0148ovaly nejvy\u0161\u0161\u00ed bezpe\u010dnostn\u00ed standardy a z\u00e1rove\u0148 zaji\u0161\u0165ovaly pohodl\u00ed a efektivitu na pracovi\u0161ti.[\/vc_column_text][\/vc_column][\/vc_row][vc_row][vc_column width=&#8220;1\/6&#8243;][vc_btn title=&#8220;SVA\u0158OVAC\u00cd HELMY&#8220; shape=&#8220;square&#8220; size=&#8220;sm&#8220; align=&#8220;center&#8220; button_block=&#8220;true&#8220; link=&#8220;url:https%3A%2F%2Fwww.clean-air.cz%2Fcs%2Fhlavove-dily%2Fsvareci-kukly%2F|title:Sva%C5%99ovac%C3%AD%20helmy|&#8220;][\/vc_column][vc_column width=&#8220;1\/6&#8243;][vc_btn title=&#8220;LEHK\u00c9 KUKLY&#8220; shape=&#8220;square&#8220; size=&#8220;sm&#8220; align=&#8220;center&#8220; button_block=&#8220;true&#8220; link=&#8220;url:https%3A%2F%2Fwww.clean-air.cz%2Fcs%2Fhlavove-dily%2Flehke-kukly%2F|title:Lehk%C3%A9%20kukly|&#8220;][\/vc_column][vc_column width=&#8220;1\/6&#8243;][vc_btn title=&#8220;OCHRANN\u00c9 \u0160T\u00cdTY&#8220; shape=&#8220;square&#8220; size=&#8220;sm&#8220; align=&#8220;center&#8220; button_block=&#8220;true&#8220; link=&#8220;url:https%3A%2F%2Fwww.clean-air.cz%2Fcs%2Fhlavove-dily%2Fochranne-prilby%2F|title:Ochrann%C3%A9%20%C5%A1t%C3%ADty|&#8220;][\/vc_column][vc_column width=&#8220;1\/6&#8243;][vc_btn title=&#8220;BRUSN\u00c9 \u0160T\u00cdTY&#8220; shape=&#8220;square&#8220; size=&#8220;sm&#8220; align=&#8220;center&#8220; button_block=&#8220;true&#8220; link=&#8220;url:https%3A%2F%2Fwww.clean-air.cz%2Fcs%2Fhlavove-dily%2Fbrusne-stity%2F|title:BRUSN%C3%89%20%C5%A0T%C3%8DTY|&#8220;][\/vc_column][vc_column width=&#8220;1\/6&#8243;][vc_btn title=&#8220;OCHRANN\u00c9 P\u0158ILBY&#8220; shape=&#8220;square&#8220; size=&#8220;sm&#8220; align=&#8220;center&#8220; button_block=&#8220;true&#8220; link=&#8220;url:https%3A%2F%2Fwww.clean-air.cz%2Fcs%2Fhlavove-dily%2Fochranna-prilba%2F|title:OCHRANN%C3%89%20P%C5%98ILBY|&#8220;][\/vc_column][vc_column width=&#8220;1\/6&#8243;][vc_btn title=&#8220;MASKY&#8220; size=&#8220;sm&#8220; align=&#8220;center&#8220; button_block=&#8220;true&#8220; link=&#8220;url:https%3A%2F%2Fwww.clean-air.cz%2Fcs%2Fmasky%2F|title:MASKY|&#8220;][\/vc_column][\/vc_row]<\/p>\n","protected":false},"excerpt":{"rendered":"<p>[vc_row][vc_column][vc_column_text]Hlavov\u00e9 d\u00edly CleanAIR\u00ae nab\u00edzej\u00ed spolehlivou ochranu pro \u0159adu pr\u016fmyslov\u00fdch aplikac\u00ed, v\u010detn\u011b sva\u0159ov\u00e1n\u00ed, brou\u0161en\u00ed, lakov\u00e1n\u00ed, stavebnictv\u00ed, farmaceutick\u00e9ho a chemick\u00e9ho pr\u016fmyslu, potravin\u00e1\u0159stv\u00ed a zem\u011bd\u011blstv\u00ed. Na\u0161e hlavov\u00e9 d\u00edly jsou navr\u017eeny tak, aby spl\u0148ovaly nejvy\u0161\u0161\u00ed bezpe\u010dnostn\u00ed standardy a z\u00e1rove\u0148 zaji\u0161\u0165ovaly pohodl\u00ed a efektivitu na pracovi\u0161ti.[\/vc_column_text][\/vc_column][\/vc_row][vc_row][vc_column width=&#8220;1\/6&#8243;][vc_btn title=&#8220;SVA\u0158OVAC\u00cd HELMY&#8220; shape=&#8220;square&#8220; size=&#8220;sm&#8220; align=&#8220;center&#8220; button_block=&#8220;true&#8220; link=&#8220;url:https%3A%2F%2Fwww.clean-air.cz%2Fcs%2Fhlavove-dily%2Fsvareci-kukly%2F|title:Sva%C5%99ovac%C3%AD%20helmy|&#8220;][\/vc_column][vc_column width=&#8220;1\/6&#8243;][vc_btn title=&#8220;LEHK\u00c9 KUKLY&#8220; shape=&#8220;square&#8220; size=&#8220;sm&#8220; align=&#8220;center&#8220; button_block=&#8220;true&#8220; link=&#8220;url:https%3A%2F%2Fwww.clean-air.cz%2Fcs%2Fhlavove-dily%2Flehke-kukly%2F|title:Lehk%C3%A9%20kukly|&#8220;][\/vc_column][vc_column width=&#8220;1\/6&#8243;][vc_btn title=&#8220;OCHRANN\u00c9 \u0160T\u00cdTY&#8220; shape=&#8220;square&#8220; size=&#8220;sm&#8220; align=&#8220;center&#8220; button_block=&#8220;true&#8220; link=&#8220;url:https%3A%2F%2Fwww.clean-air.cz%2Fcs%2Fhlavove-dily%2Fochranne-prilby%2F|title:Ochrann%C3%A9%20%C5%A1t%C3%ADty|&#8220;][\/vc_column][vc_column width=&#8220;1\/6&#8243;][vc_btn title=&#8220;BRUSN\u00c9 \u0160T\u00cdTY&#8220; shape=&#8220;square&#8220; size=&#8220;sm&#8220;<\/p>\n<p><a class=\"more-link\" href=\"https:\/\/www.clean-air.cz\/cs\/hlavove-dily\/\">Read More<\/a><\/p>\n","protected":false},"author":11,"featured_media":0,"parent":0,"menu_order":0,"comment_status":"closed","ping_status":"closed","template":"","meta":{"footnotes":""},"_links":{"self":[{"href":"https:\/\/www.clean-air.cz\/cs\/wp-json\/wp\/v2\/pages\/3248"}],"collection":[{"href":"https:\/\/www.clean-air.cz\/cs\/wp-json\/wp\/v2\/pages"}],"about":[{"href":"https:\/\/www.clean-air.cz\/cs\/wp-json\/wp\/v2\/types\/page"}],"author":[{"embeddable":true,"href":"https:\/\/www.clean-air.cz\/cs\/wp-json\/wp\/v2\/users\/11"}],"replies":[{"embeddable":true,"href":"https:\/\/www.clean-air.cz\/cs\/wp-json\/wp\/v2\/comments?post=3248"}],"version-history":[{"count":0,"href":"https:\/\/www.clean-air.cz\/cs\/wp-json\/wp\/v2\/pages\/3248\/revisions"}],"wp:attachment":[{"href":"https:\/\/www.clean-air.cz\/cs\/wp-json\/wp\/v2\/media?parent=3248"}],"curies":[{"name":"wp","href":"https:\/\/api.w.org\/{rel}","templated":true}]}}