{"id":3213,"date":"2018-11-06T16:33:22","date_gmt":"2018-11-06T15:33:22","guid":{"rendered":"https:\/\/www.clean-air.cz\/systemy-tlakoveho-vzduchu\/"},"modified":"2026-01-27T09:24:41","modified_gmt":"2026-01-27T08:24:41","slug":"systemy-tlakoveho-vzduchu","status":"publish","type":"page","link":"https:\/\/www.clean-air.cz\/cs\/systemy-tlakoveho-vzduchu\/","title":{"rendered":"Syst\u00e9my tlakov\u00e9ho vzduchu"},"content":{"rendered":"<p>[vc_row css=&#8220;.vc_custom_1515063137650{background-color: #ffffff !important;}&#8220;][vc_column][vc_column_text]Syst\u00e9my tlakov\u00e9ho vzduchu dok\u00e1\u017ee regulovat mno\u017estv\u00ed dod\u00e1van\u00e9ho vzduchu a udr\u017euje jeho st\u00e1lou \u00farove\u0148 nez\u00e1visle na zm\u011bn\u011b vstupn\u00edho tlaku. Oblast\u00ed pou\u017eit\u00ed je sva\u0159ov\u00e1n\u00ed, brou\u0161en\u00ed v\u00a0pra\u0161n\u00e9m prost\u0159ed\u00ed, stavebn\u00ed a potravin\u00e1\u0159sk\u00fd pr\u016fmysl.<\/p>\n<p>.[\/vc_column_text][vc_tta_tour style=&#8220;modern&#8220; shape=&#8220;square&#8220; gap=&#8220;1&#8243; active_section=&#8220;1&#8243; no_fill_content_area=&#8220;true&#8220;][vc_tta_section title=&#8220;CA Pressure&#8220; tab_id=&#8220;1515061200914-4dd3150e-98ab&#8220;][vc_column_text]<img loading=\"lazy\" decoding=\"async\" class=\"alignnone size-medium wp-image-604\" src=\"https:\/\/www.clean-air.cz\/wp-content\/uploads\/2018\/07\/Pressure_FM-front-copy-300x251.jpg\" alt=\"\" width=\"300\" height=\"251\" srcset=\"https:\/\/www.clean-air.cz\/wp-content\/uploads\/2018\/07\/Pressure_FM-front-copy-300x251.jpg 300w, https:\/\/www.clean-air.cz\/wp-content\/uploads\/2018\/07\/Pressure_FM-front-copy-768x641.jpg 768w, https:\/\/www.clean-air.cz\/wp-content\/uploads\/2018\/07\/Pressure_FM-front-copy-800x668.jpg 800w, https:\/\/www.clean-air.cz\/wp-content\/uploads\/2018\/07\/Pressure_FM-front-copy.jpg 958w\" sizes=\"(max-width: 300px) 100vw, 300px\" \/><\/p>\n<h3>CleanAIR\u00ae Pressure Flow\u00a0Master<\/h3>\n<p>m\u016f\u017ee regulovat mno\u017estv\u00ed vzduchu p\u0159ich\u00e1zej\u00edc\u00edho z centr\u00e1ln\u00edho rozvodu stla\u010den\u00e9ho vzduchu nebo kompresoru a udr\u017euje jej na konstantn\u00ed \u00farovni bez ohledu na zm\u011bny vstupn\u00edho tlaku.<\/p>\n<p><strong>Oblast pou\u017eit\u00ed<\/strong><br \/>\nAutomobilov\u00fd pr\u016fmysl \u2013 sva\u0159ov\u00e1n\u00ed, brou\u0161en\u00ed, \u00fapravy povrch\u016f, t\u011b\u017ek\u00e9 pr\u016fmyslov\u00e9 provozy, chemick\u00fd pr\u016fmysl, laborato\u0159e.[\/vc_column_text][vc_btn title=&#8220;V\u00edce informac\u00ed o produktu&#8220; shape=&#8220;square&#8220; color=&#8220;juicy-pink&#8220; link=&#8220;url:https%3A%2F%2Fwww.clean-air.cz%2Fcs%2Fsystemy-tlakoveho-vzduchu%2Fcleanair-pressure-flow-master%2F|title:CleanAIR%C2%AE%20Pressure%20Flow%20Master|&#8220;][\/vc_tta_section][vc_tta_section title=&#8220;Pressure&#8220; tab_id=&#8220;1530600637920-6289487d-4fd8&#8243;][vc_column_text]<img loading=\"lazy\" decoding=\"async\" class=\"wp-image-412 size-medium alignnone\" src=\"https:\/\/www.clean-air.cz\/wp-content\/uploads\/2018\/07\/Pressure-front-copy-300x253.jpg\" alt=\"CA Pressure\" width=\"300\" height=\"253\" \/><\/p>\n<h3>CleanAIR\u00ae Pressure<\/h3>\n<p><strong>CleanAIR\u00ae Pressure<\/strong>\u00a0je z\u00e1kladn\u00ed verze syst\u00e9mu tlakov\u00e9ho vzduchu, kter\u00fd reguluje mno\u017estv\u00ed dod\u00e1van\u00e9ho vzduchu a udr\u017euje jej na konstantn\u00ed \u00farovni bez ohledu na zm\u011bny vstupn\u00edho tlaku (vstupn\u00ed tlak mus\u00ed b\u00fdt mezi 0,4 \u2013 1 MPa).<\/p>\n<p><strong>Oblast pou\u017eit\u00ed<\/strong><br \/>\nSva\u0159ov\u00e1n\u00ed, brou\u0161en\u00ed, \u00fapravy povrch\u016f . Pra\u0161n\u00e9 pr\u016fmyslov\u00e9 prost\u0159ed\u00ed, automobilov\u00fd pr\u016fmysl, T\u011b\u017ek\u00e9 pr\u016fmyslov\u00e9 provozy, stavebnictv\u00ed a potravin\u00e1\u0159sk\u00fd pr\u016fmysl.[\/vc_column_text][vc_btn title=&#8220;V\u00edce informac\u00ed o produktu&#8220; shape=&#8220;square&#8220; color=&#8220;juicy-pink&#8220; link=&#8220;url:https%3A%2F%2Fwww.clean-air.cz%2Fcs%2Fsystemy-tlakoveho-vzduchu%2Fcleanair-pressure%2F|title:CleanAIR%C2%AE%20Pressure|&#8220;][\/vc_tta_section][vc_tta_section title=&#8220;CA Pressure for Mask&#8220; tab_id=&#8220;1530600800685-8b94347f-e66f&#8220;][vc_column_text]<img loading=\"lazy\" decoding=\"async\" class=\"wp-image-419 size-medium alignnone\" src=\"https:\/\/www.clean-air.cz\/wp-content\/uploads\/2018\/07\/Pressure_for_Mask_GX02-iso-copy-300x215.jpg\" alt=\"\" width=\"300\" height=\"215\" srcset=\"https:\/\/www.clean-air.cz\/wp-content\/uploads\/2018\/07\/Pressure_for_Mask_GX02-iso-copy-300x215.jpg 300w, https:\/\/www.clean-air.cz\/wp-content\/uploads\/2018\/07\/Pressure_for_Mask_GX02-iso-copy-768x550.jpg 768w, https:\/\/www.clean-air.cz\/wp-content\/uploads\/2018\/07\/Pressure_for_Mask_GX02-iso-copy-1024x733.jpg 1024w, https:\/\/www.clean-air.cz\/wp-content\/uploads\/2018\/07\/Pressure_for_Mask_GX02-iso-copy-800x572.jpg 800w, https:\/\/www.clean-air.cz\/wp-content\/uploads\/2018\/07\/Pressure_for_Mask_GX02-iso-copy.jpg 1118w\" sizes=\"(max-width: 300px) 100vw, 300px\" \/><\/p>\n<h3>CleanAIR\u00ae Pressure For Mask<\/h3>\n<p>V kombinaci s celoobli\u010dejovou maskou Shigematsu GX02 a filtrem P R SL s dv\u011bma z\u00e1vity poskytuje maska CleanAIR\u00ae Pressure For Mask nejvy\u0161\u0161\u00ed \u00farove\u0148 ochrany pro pr\u00e1ci ve zvl\u00e1\u0161t\u011b toxick\u00fdch prost\u0159ed\u00edch po dlouhou dobu.<\/p>\n<p><strong>Oblast pou\u017eit\u00ed<\/strong><br \/>\nPra\u0161n\u00e9 pr\u016fmyslov\u00e9 prost\u0159ed\u00ed, stavebnictv\u00ed, potravin\u00e1\u0159sk\u00fd pr\u016fmysl, uzav\u0159en\u00e9 n\u00e1dr\u017ee, tunely.[\/vc_column_text][vc_btn title=&#8220;V\u00edce informac\u00ed o produktu&#8220; shape=&#8220;square&#8220; color=&#8220;juicy-pink&#8220; link=&#8220;url:https%3A%2F%2Fwww.clean-air.cz%2Fcs%2Fsystemy-tlakoveho-vzduchu%2Fcleanair-pressure-for-mask%2F|title:CleanAIR%C2%AE%20Pressure%20For%20Mask|&#8220;][\/vc_tta_section][vc_tta_section title=&#8220;CA Conditioner&#8220; tab_id=&#8220;1530600919572-2cf0918f-0f74&#8243;][vc_column_text]<img loading=\"lazy\" decoding=\"async\" class=\"wp-image-423 size-medium alignnone\" src=\"https:\/\/www.clean-air.cz\/wp-content\/uploads\/2018\/07\/Pressure_Conditioner-iso-copy-222x300.jpg\" alt=\"\" width=\"222\" height=\"300\" srcset=\"https:\/\/www.clean-air.cz\/wp-content\/uploads\/2018\/07\/Pressure_Conditioner-iso-copy-222x300.jpg 222w, https:\/\/www.clean-air.cz\/wp-content\/uploads\/2018\/07\/Pressure_Conditioner-iso-copy.jpg 593w\" sizes=\"(max-width: 222px) 100vw, 222px\" \/><\/p>\n<h3>CleanAIR\u00ae Conditioner<\/h3>\n<p>Filtra\u010dn\u00ed stanice zaji\u0161\u0165uje dodate\u010dnou filtraci stla\u010den\u00e9ho vzduchu v\u0161ude tam, kde kvalita dod\u00e1van\u00e9ho vzduchu nedosahuje po\u017eadavk\u016f normy EN 12021. Vysokokapacitn\u00ed kombinovan\u00fd filtr uvnit\u0159 kondicion\u00e9ru odstra\u0148uje tuh\u00e9 \u010d\u00e1stice, olejovou mlhu a nep\u0159\u00edjemn\u00e9 z\u00e1pachy, kter\u00e9 mohou b\u00fdt p\u0159\u00edtomny v rozvodn\u00e9m syst\u00e9mu stla\u010den\u00e9ho vzduchu. Kondicion\u00e9r m\u016f\u017ee dodat dostate\u010dn\u00e9 mno\u017estv\u00ed filtrovan\u00e9ho vzduchu pro dva pracovn\u00edky najednou.<\/p>\n<p><strong>Oblast pou\u017eit\u00ed<\/strong><br \/>\nSva\u0159ov\u00e1n\u00ed, brou\u0161en\u00ed, \u00fapravy povrch\u016f. Pra\u0161n\u00e9 pr\u016fmyslov\u00e9 prost\u0159ed\u00ed, automobilov\u00fd pr\u016fmysl, t\u011b\u017ek\u00e9 pr\u016fmyslov\u00e9 provozy, stavebnictv\u00ed a potravin\u00e1\u0159sk\u00fd pr\u016fmysl.[\/vc_column_text][vc_btn title=&#8220;V\u00edce informac\u00ed o produktu&#8220; shape=&#8220;square&#8220; color=&#8220;juicy-pink&#8220; link=&#8220;url:https%3A%2F%2Fwww.clean-air.cz%2Fcs%2Fsystemy-tlakoveho-vzduchu%2Fcleanair-conditioner%2F|title:CleanAIR%C2%AE%20Conditioner|&#8220;][\/vc_tta_section][\/vc_tta_tour][\/vc_column][\/vc_row][vc_row content_placement=&#8220;middle&#8220;][vc_column][vc_separator color=&#8220;juicy_pink&#8220;][\/vc_column][\/vc_row][vc_row][vc_column][\/vc_column][\/vc_row]<\/p>\n","protected":false},"excerpt":{"rendered":"<p>[vc_row css=&#8220;.vc_custom_1515063137650{background-color: #ffffff !important;}&#8220;][vc_column][vc_column_text]Syst\u00e9my tlakov\u00e9ho vzduchu dok\u00e1\u017ee regulovat mno\u017estv\u00ed dod\u00e1van\u00e9ho vzduchu a udr\u017euje jeho st\u00e1lou \u00farove\u0148 nez\u00e1visle na zm\u011bn\u011b vstupn\u00edho tlaku. Oblast\u00ed pou\u017eit\u00ed je sva\u0159ov\u00e1n\u00ed, brou\u0161en\u00ed v\u00a0pra\u0161n\u00e9m prost\u0159ed\u00ed, stavebn\u00ed a potravin\u00e1\u0159sk\u00fd pr\u016fmysl. .[\/vc_column_text][vc_tta_tour style=&#8220;modern&#8220; shape=&#8220;square&#8220; gap=&#8220;1&#8243; active_section=&#8220;1&#8243; no_fill_content_area=&#8220;true&#8220;][vc_tta_section title=&#8220;CA Pressure&#8220; tab_id=&#8220;1515061200914-4dd3150e-98ab&#8220;][vc_column_text] CleanAIR\u00ae Pressure Flow\u00a0Master m\u016f\u017ee regulovat mno\u017estv\u00ed vzduchu p\u0159ich\u00e1zej\u00edc\u00edho z centr\u00e1ln\u00edho rozvodu stla\u010den\u00e9ho vzduchu nebo kompresoru a udr\u017euje jej na konstantn\u00ed \u00farovni bez ohledu na zm\u011bny vstupn\u00edho tlaku. Oblast pou\u017eit\u00ed<\/p>\n<p><a class=\"more-link\" href=\"https:\/\/www.clean-air.cz\/cs\/systemy-tlakoveho-vzduchu\/\">Read More<\/a><\/p>\n","protected":false},"author":11,"featured_media":0,"parent":0,"menu_order":0,"comment_status":"closed","ping_status":"closed","template":"","meta":{"footnotes":""},"_links":{"self":[{"href":"https:\/\/www.clean-air.cz\/cs\/wp-json\/wp\/v2\/pages\/3213"}],"collection":[{"href":"https:\/\/www.clean-air.cz\/cs\/wp-json\/wp\/v2\/pages"}],"about":[{"href":"https:\/\/www.clean-air.cz\/cs\/wp-json\/wp\/v2\/types\/page"}],"author":[{"embeddable":true,"href":"https:\/\/www.clean-air.cz\/cs\/wp-json\/wp\/v2\/users\/11"}],"replies":[{"embeddable":true,"href":"https:\/\/www.clean-air.cz\/cs\/wp-json\/wp\/v2\/comments?post=3213"}],"version-history":[{"count":0,"href":"https:\/\/www.clean-air.cz\/cs\/wp-json\/wp\/v2\/pages\/3213\/revisions"}],"wp:attachment":[{"href":"https:\/\/www.clean-air.cz\/cs\/wp-json\/wp\/v2\/media?parent=3213"}],"curies":[{"name":"wp","href":"https:\/\/api.w.org\/{rel}","templated":true}]}}