{"id":3206,"date":"2018-11-06T16:13:31","date_gmt":"2018-11-06T15:13:31","guid":{"rendered":"https:\/\/www.clean-air.cz\/o-firme-cleanair\/zarucni-podminky\/"},"modified":"2020-09-02T09:25:08","modified_gmt":"2020-09-02T07:25:08","slug":"zarucni-podminky","status":"publish","type":"page","link":"https:\/\/www.clean-air.cz\/cs\/o-firme-cleanair\/zarucni-podminky\/","title":{"rendered":"Z\u00e1ru\u010dn\u00ed podm\u00ednky"},"content":{"rendered":"<p>[vc_row][vc_column][vc_column_text]<\/p>\n<h2><strong>MALINA &#8211; Safety\u00a0Z\u00e1ru\u010dn\u00ed podm\u00ednky<\/strong><\/h2>\n<p>MALINA &#8211; Safety garantuje, \u017ee na\u0161e v\u00fdrobky jsou bez vad materi\u00e1lu a zpracov\u00e1n\u00ed p\u0159i norm\u00e1ln\u00edm pou\u017e\u00edv\u00e1n\u00ed a \u00fadr\u017eb\u011b po dobu z\u00e1ru\u010dn\u00ed, kter\u00e1 je n\u00ed\u017ee uvedena.<\/p>\n<p>Z\u00e1ruka se nevztahuje na b\u011b\u017en\u00e9 opot\u0159eben\u00ed nebo po\u0161kozen\u00ed zp\u016fsoben\u00e9 abnorm\u00e1ln\u00edm pou\u017eit\u00edm, nespr\u00e1vn\u00fdm pou\u017eit\u00edm, zneu\u017eit\u00edm, zanedb\u00e1n\u00edm \u010di nehodou, p\u0159\u00edrodn\u00ed katastrofou, jakoukoli neopr\u00e1vn\u011bnou demont\u00e1\u017e\u00ed, opravou nebo \u00fapravou.<\/p>\n<p>MALINA &#8211; Safety nen\u00ed zodpov\u011bdn\u00e1 za \u017e\u00e1dn\u00e9 nep\u0159\u00edm\u00e9 \u0161kody, jako je ztr\u00e1ta zisku, odst\u00e1vku pr\u00e1ce atd.<\/p>\n<p>V\u00fdrobky mus\u00ed b\u00fdt pou\u017e\u00edv\u00e1ny v souladu s p\u0159\u00edslu\u0161n\u00fdmi pokyny v\u00fdrobce. Z\u00e1ruka m\u016f\u017ee b\u00fdt \u00fasp\u011b\u0161n\u011b n\u00e1rokov\u00e1na pouze za p\u0159edpokladu, \u017ee byly dodr\u017eeny pokyny uveden\u00e9 v p\u0159\u00edslu\u0161n\u00e9 u\u017eivatelsk\u00e9 p\u0159\u00edru\u010dce a v\u00fdrobek byl \u0159\u00e1dn\u011b udr\u017eov\u00e1n.<\/p>\n<h2>Doba z\u00e1ruky<\/h2>\n<p>Na v\u0161echny v\u00fdrobky MALINA &#8211; Safety (krom\u011b bateri\u00ed) je standardn\u00ed z\u00e1ruka po dobu 12 m\u011bs\u00edc\u016f od data odesl\u00e1n\u00ed ze skladu spole\u010dnosti MALINA &#8211; Safety, do vr\u00e1cen\u00ed zbo\u017e\u00ed\u00a0 zp\u011bt do spole\u010dnosti MALINA &#8211; Safety.<\/p>\n<p>Na baterie je z\u00e1ruka 6 m\u011bs\u00edc\u016f od data odesl\u00e1n\u00ed ze skladu spole\u010dnosti MALINA &#8211; Safety, do vr\u00e1cen\u00ed zbo\u017e\u00ed zp\u011bt do MALINA &#8211; Safety.<\/p>\n<h2><strong>N\u00e1rok na z\u00e1ruku<\/strong><\/h2>\n<p>Pro uplatn\u011bn\u00ed reklamace je nutn\u00e9 odeslat vadn\u00fd v\u00fdrobek v\u00fdrobci s reklama\u010dn\u00edm protokolem, kter\u00fd obsahuje popis poruchy.<\/p>\n<h3>Postup a po\u017eadavky<\/h3>\n<p>Reklama\u010dn\u00ed protokol se vypl\u0148uje okam\u017eit\u011b po objeven\u00ed z\u00e1vady. Datum p\u0159ijet\u00ed reklamace v MALINA &#8211; Safety bude zaznamen\u00e1no jako datum vr\u00e1cen\u00ed zbo\u017e\u00ed za \u00fa\u010delem p\u0159ehledn\u00e9 evidence doby z\u00e1ruky.<\/p>\n<p>N\u00e1rok na reklamaci bude vyhodnocen po p\u0159evzet\u00ed vadn\u00e9ho produktu ve spole\u010dnost MALINA &#8211; Safety.<\/p>\n<p>V\u00fdrobek dodan\u00fd do firmy mus\u00ed b\u00fdt \u0159\u00e1dn\u011b zabalen, aby se zabr\u00e1nilo po\u0161kozen\u00ed p\u0159i p\u0159eprav\u011b a po\u0161tovn\u00e9 je p\u0159edem uhrazeno na n\u00e1klady kupuj\u00edc\u00edho.<\/p>\n<p>Bal\u00edk MUS\u00cd obsahovat \u00fapln\u00fd\u00a0reklama\u010dn\u00ed protokol, kter\u00fd obsahuje popis poruchy.<\/p>\n<p>MALINA &#8211; Safety\u00a0oprav\u00ed nebo nahrad\u00ed jakoukoli vadnou \u010d\u00e1st sv\u00e9ho v\u00fdrobku, kter\u00e1 se uk\u00e1zala b\u00fdt p\u0159edm\u011btem reklamace do 30 dn\u016f od obdr\u017een\u00ed v\u00fdrobku do na\u0161eho z\u00e1vodu v Jablonci.<\/p>\n<p>Nen\u00ed-li p\u0159ilo\u017een reklama\u010dn\u00ed protokol, reklamace se nepova\u017euje za ofici\u00e1ln\u00ed a m\u016f\u017ee b\u00fdt vr\u00e1cena zp\u011bt z\u00e1kazn\u00edkovi.<\/p>\n<p>&nbsp;<\/p>\n<p><a href=\"http:\/\/www.malina-safety.com\/wp-content\/files\/Malina-Safety%20warranty%20statement-R1.pdf\" target=\"_blank\" rel=\"noopener noreferrer\"><strong>Download PDF<\/strong><\/a>[\/vc_column_text][\/vc_column][\/vc_row]<\/p>\n","protected":false},"excerpt":{"rendered":"<p>[vc_row][vc_column][vc_column_text] MALINA &#8211; Safety\u00a0Z\u00e1ru\u010dn\u00ed podm\u00ednky MALINA &#8211; Safety garantuje, \u017ee na\u0161e v\u00fdrobky jsou bez vad materi\u00e1lu a zpracov\u00e1n\u00ed p\u0159i norm\u00e1ln\u00edm pou\u017e\u00edv\u00e1n\u00ed a \u00fadr\u017eb\u011b po dobu z\u00e1ru\u010dn\u00ed, kter\u00e1 je n\u00ed\u017ee uvedena. Z\u00e1ruka se nevztahuje na b\u011b\u017en\u00e9 opot\u0159eben\u00ed nebo po\u0161kozen\u00ed zp\u016fsoben\u00e9 abnorm\u00e1ln\u00edm pou\u017eit\u00edm, nespr\u00e1vn\u00fdm pou\u017eit\u00edm, zneu\u017eit\u00edm, zanedb\u00e1n\u00edm \u010di nehodou, p\u0159\u00edrodn\u00ed katastrofou, jakoukoli neopr\u00e1vn\u011bnou demont\u00e1\u017e\u00ed, opravou nebo \u00fapravou. MALINA &#8211; Safety nen\u00ed zodpov\u011bdn\u00e1 za \u017e\u00e1dn\u00e9 nep\u0159\u00edm\u00e9 \u0161kody, jako je ztr\u00e1ta zisku, odst\u00e1vku pr\u00e1ce<\/p>\n<p><a class=\"more-link\" href=\"https:\/\/www.clean-air.cz\/cs\/o-firme-cleanair\/zarucni-podminky\/\">Read More<\/a><\/p>\n","protected":false},"author":11,"featured_media":0,"parent":2654,"menu_order":0,"comment_status":"closed","ping_status":"closed","template":"","meta":{"footnotes":""},"_links":{"self":[{"href":"https:\/\/www.clean-air.cz\/cs\/wp-json\/wp\/v2\/pages\/3206"}],"collection":[{"href":"https:\/\/www.clean-air.cz\/cs\/wp-json\/wp\/v2\/pages"}],"about":[{"href":"https:\/\/www.clean-air.cz\/cs\/wp-json\/wp\/v2\/types\/page"}],"author":[{"embeddable":true,"href":"https:\/\/www.clean-air.cz\/cs\/wp-json\/wp\/v2\/users\/11"}],"replies":[{"embeddable":true,"href":"https:\/\/www.clean-air.cz\/cs\/wp-json\/wp\/v2\/comments?post=3206"}],"version-history":[{"count":0,"href":"https:\/\/www.clean-air.cz\/cs\/wp-json\/wp\/v2\/pages\/3206\/revisions"}],"up":[{"embeddable":true,"href":"https:\/\/www.clean-air.cz\/cs\/wp-json\/wp\/v2\/pages\/2654"}],"wp:attachment":[{"href":"https:\/\/www.clean-air.cz\/cs\/wp-json\/wp\/v2\/media?parent=3206"}],"curies":[{"name":"wp","href":"https:\/\/api.w.org\/{rel}","templated":true}]}}