{"id":3197,"date":"2018-11-05T16:58:18","date_gmt":"2018-11-05T15:58:18","guid":{"rendered":"https:\/\/www.clean-air.cz\/filtry\/"},"modified":"2022-01-05T12:05:12","modified_gmt":"2022-01-05T11:05:12","slug":"filtry","status":"publish","type":"page","link":"https:\/\/www.clean-air.cz\/cs\/filtry\/","title":{"rendered":"Filtry"},"content":{"rendered":"<p>[vc_row][vc_column][vc_column_text]Ucelen\u00fd v\u00fdrobn\u00ed program kanystrov\u00fdch filtr\u016f\u00a0CleanAIR<sup>\u00ae\u00a0 <\/sup>\u00a0nab\u00edz\u00ed u\u017eivatel\u016fm \u0161irok\u00e9 mo\u017enosti v\u00fdb\u011bru filtr\u016f pro v\u011bt\u0161inu pr\u016fmyslov\u00fdch aplikac\u00ed, farmaceutick\u00fd pr\u016fmysl, laborato\u0159e i zem\u011bd\u011blstv\u00ed. Filtry jsou dod\u00e1v\u00e1ny se standardn\u00edm p\u0159ipojovac\u00edm z\u00e1vitem EN 148-1.<\/p>\n<p>Pokud pot\u0159ebuje pomoc p\u0159i v\u00fdb\u011bru spr\u00e1vn\u00e9ho filtru proti \u0161kodliv\u00fdm l\u00e1tk\u00e1m, pros\u00edm pou\u017eijte n\u00e1\u0161 Filter Guide<strong>\u00a0(v sekci Ke sta\u017een\u00ed).<\/strong>[\/vc_column_text][vc_column_text][\/vc_column_text][\/vc_column][\/vc_row][vc_row][vc_column][vc_column_text]<strong>Filtry proti \u010d\u00e1stic\u00edm<\/strong><br \/>\nZachycuj\u00ed \u0161irok\u00e9 spektrum pevn\u00fdch \u010d\u00e1stic ve form\u011b kapaln\u00fdch i\u00a0pevn\u00fdch aerosol\u016f jako je prach, d\u00fdm, kou\u0159, vl\u00e1kna, bakterie, viry a\u00a0radioaktivn\u00ed \u010d\u00e1stice. Certifikace: EN 143, EN 12941, EN 12942<br \/>\n<strong>Protiplynov\u00fd filtr<\/strong><br \/>\nPoskytuj\u00ed ochranu p\u0159ed \u0161kodlivinami ve form\u011b plyn\u016f a\u00a0par EN 14387, EN 12941, EN 12942<br \/>\n<strong>Kombinovan\u00e9 filtry<\/strong><br \/>\nPoskytuj\u00ed ochranu p\u0159ed kombinac\u00ed \u0161kodlivin ve form\u011b plyn\u016f, par i\u00a0pevn\u00fdch \u010d\u00e1stic. EN 14387, EN 12941, EN 12942<\/p>\n<h2>TYPY PROTIPLYNOV\u00ddCH FILTR\u016e \u2013 P\u0158\u00cdKLADY POU\u017dIT\u00cd<\/h2>\n<p><strong>Typ: A \u2022 Barevn\u00e9 zna\u010den\u00ed: <img loading=\"lazy\" decoding=\"async\" class=\"alignnone size-full wp-image-483\" src=\"\/wp-content\/uploads\/2018\/07\/A.png\" alt=\"\" width=\"24\" height=\"18\" \/><br \/>\n<\/strong>Oblast pou\u017eit\u00ed: organick\u00e9 plyny a p\u00e1ry s bodem varu vy\u0161\u0161\u00edm ne\u017e 65 \u00b0C Hlavn\u00ed skupinou t\u011bchto l\u00e1tek jsou uhlovod\u00edky (nap\u0159: toluen, benzen, xylen, styren, cyklohexan, trichlorethylen, tetrachlormetan), organick\u00e1 rozpou\u0161t\u011bdla a \u0159edidla (benz\u00edn, petrolej, nafta, miner\u00e1ln\u00ed terpent\u00fdn, etylenglykol, metylisobutylketon, isobutanol a dal\u0161\u00ed.)<\/p>\n<p><strong>Typ: AX \u2022 Barevn\u00e9 zna\u010den\u00ed: <img loading=\"lazy\" decoding=\"async\" class=\"alignnone size-full wp-image-2751\" src=\"\/wp-content\/uploads\/2018\/07\/A.png\" alt=\"\" width=\"24\" height=\"18\" \/><\/strong><br \/>\nOblast pou\u017eit\u00ed: organick\u00e9 plyny a p\u00e1ry s bodem varu ni\u017e\u0161\u00edm ne\u017e 65 \u00b0C Mezi tyto l\u00e1tky s n\u00edzk\u00fdm bodem varu pat\u0159\u00ed nap\u0159. aceton, acetaldehyd, akrylaldehyd, butan, butadien, dietyleter, dichloreter, dichlormetan, etylenoxid, metanol, trichlormetan, vinylchlorid<\/p>\n<p><strong>Typ: B \u2022 Barevn\u00e9 zna\u010den\u00ed: <img loading=\"lazy\" decoding=\"async\" class=\"alignnone size-full wp-image-2752\" src=\"\/wp-content\/uploads\/2018\/07\/B.png\" alt=\"\" width=\"24\" height=\"18\" \/><\/strong><br \/>\nOblast pou\u017eit\u00ed: anorganick\u00e9 plyny a p\u00e1ry jako nap\u0159\u00edklad flu\u00f3r, chl\u00f3r, sirovod\u00edk, kyanovod\u00edk, bromovod\u00edk, chlorovod\u00edk nebo peroxid vod\u00edku.<\/p>\n<p><strong>Typ: E \u2022 Barevn\u00e9 zna\u010den\u00ed: <img loading=\"lazy\" decoding=\"async\" class=\"alignnone size-full wp-image-2753\" src=\"\/wp-content\/uploads\/2018\/07\/E.png\" alt=\"\" width=\"24\" height=\"18\" \/><\/strong><br \/>\nOblast pou\u017eit\u00ed: kysel\u00e9 plyny a p\u00e1ry (nap\u0159. oxid si\u0159i\u010dit\u00fd, kyselina s\u00edrov\u00e1, kyselina chlorovod\u00edkov\u00e1, kyselina mraven\u010d\u00ed, fluorovod\u00edk.<\/p>\n<p><strong>Typ: K \u2022 Barevn\u00e9 zna\u010den\u00ed:\u00a0<img loading=\"lazy\" decoding=\"async\" class=\"alignnone size-full wp-image-2754\" src=\"https:\/\/www.clean-air.cz\/wp-content\/uploads\/2012\/02\/K.png\" alt=\"\" width=\"24\" height=\"18\" \/><\/strong><br \/>\nOblast pou\u017eit\u00ed: amoniak a organick\u00e9 aminy (nap\u0159. metylamin, etylamin, dimetylamin).<\/p>\n<p><strong>Typ: Hg-PSL \u2022 Barevn\u00e9 zna\u010den\u00ed:\u00a0<img loading=\"lazy\" decoding=\"async\" class=\"alignnone size-full wp-image-2755\" src=\"\/wp-content\/uploads\/2018\/07\/Hg-PSL.png\" alt=\"\" width=\"24\" height=\"18\" \/><\/strong><br \/>\nOblast pou\u017eit\u00ed: V\u00fdpary rtuti a jej\u00ed slou\u010deniny (v\u017edy dod\u00e1v\u00e1n jako kombinovan\u00fd filtr s filtrem proti \u010d\u00e1stic\u00edm P3)<\/p>\n<h2>\u010c\u00e1sticov\u00e9 filtry<\/h2>\n<p><strong>Typ: <\/strong>P3<strong> \u2022 Barevn\u00e9 zna\u010den\u00ed: <img loading=\"lazy\" decoding=\"async\" class=\"alignnone size-full wp-image-2756\" src=\"\/wp-content\/uploads\/2018\/07\/P.png\" alt=\"\" width=\"24\" height=\"18\" \/><span style=\"background-color: #ffffff;\">\u00a0 \u00a0 \u00a0 <\/span><\/strong><br \/>\n<strong>Rozm\u011bry<\/strong>: pr\u016fm\u011br \/ v\u00fd\u0161ka : 110 mm \/ 50 mm; <strong>Hmotnost<\/strong>: 90 g<br \/>\n<strong>Objedn\u00e1vac\u00ed \u010d\u00edslo<\/strong>: 50 00 48<\/p>\n<p><strong>Type:\u00a0<\/strong>P3 lite<strong> \u2022 Barevn\u00e9 zna\u010den\u00ed:\u00a0<img loading=\"lazy\" decoding=\"async\" class=\"alignnone size-full wp-image-2756\" src=\"\/wp-content\/uploads\/2018\/07\/P.png\" alt=\"\" width=\"24\" height=\"18\" \/><span style=\"background-color: #ffffff;\">\u00a0 \u00a0 \u00a0<\/span><\/strong><br \/>\n<strong>Rozm\u011bry<\/strong>: pr\u016fm\u011br \/ v\u00fd\u0161ka: 110 mm \/ 50 mm; <strong>Hmotnost<\/strong>: 86g<br \/>\n<strong>Objedn\u00e1vac\u00ed \u010d\u00edslo<\/strong>: 50 40 48\/6 , 50 40 48\/50<\/p>\n<p><strong>Type:\u00a0<\/strong>P3 ZERO lite se dv\u011bma z\u00e1vity RD40\u00d71\/7\u201c<strong> \u2022 Barevn\u00e9 zna\u010den\u00ed:\u00a0<img loading=\"lazy\" decoding=\"async\" class=\"alignnone size-full wp-image-2756\" src=\"\/wp-content\/uploads\/2018\/07\/P.png\" alt=\"\" width=\"24\" height=\"18\" \/><span style=\"background-color: #ffffff;\">\u00a0 \u00a0 \u00a0<\/span><\/strong><br \/>\n<strong>Dimensions<\/strong>: pr\u016fm\u011br \/ v\u00fd\u0161ka: 110 mm \/ 65 mm; <strong>Hmotnost<\/strong>: XX g<br \/>\n<strong>Rozm\u011bry<\/strong>: Vstup RD40\u00d71\/7\u201c, V\u00fdstup RD40\u00d71\/7\u201c (vnit\u0159n\u00ed z\u00e1vit)<br \/>\n<strong>Oblast pou\u017eit\u00ed<\/strong>: pevn\u00e9 \u010d\u00e1stice ve form\u011b kapaln\u00fdch i pevn\u00fdch aerosol\u016f (prach, vl\u00e1kna, toxick\u00e9 i netoxick\u00e9 d\u00fdmy, bakterie, viry, radioaktivn\u00ed \u010d\u00e1stice)<br \/>\n<strong>Objedn\u00e1vac\u00ed \u010d\u00edslo<\/strong>: 50 42 49\/5<\/p>\n<p><strong>Type:\u00a0<\/strong>Filter P R SL, for CleanAIR Asbest<strong> \u2022 Barevn\u00e9 zna\u010den\u00ed:\u00a0<img loading=\"lazy\" decoding=\"async\" class=\"alignnone size-full wp-image-2756\" src=\"\/wp-content\/uploads\/2018\/07\/P.png\" alt=\"\" width=\"24\" height=\"18\" \/><span style=\"background-color: #ffffff;\">\u00a0 \u00a0 \u00a0<\/span><\/strong><br \/>\n<strong>Rozm\u011bry<\/strong>: pr\u016fm\u011br \/ v\u00fd\u0161ka: 110 mm \/ 50 mm; <strong>Hmotnost<\/strong>: 101 g<br \/>\n<strong>Objedn\u00e1vac\u00ed \u010d\u00edslo<\/strong>: 56 00 10\/5 , 56 00 10\/50<\/p>\n<h2>PROTIPLYNOV\u00c9 FILTRY<\/h2>\n<p><strong>Typ<\/strong>: A2 \u2022 <strong>Barevn\u00e9 zna\u010den\u00ed: <img loading=\"lazy\" decoding=\"async\" class=\"alignnone size-full wp-image-2751\" src=\"\/wp-content\/uploads\/2018\/07\/A.png\" alt=\"\" width=\"24\" height=\"18\" \/><\/strong><br \/>\n<strong>Rozm\u011bry<\/strong>: pr\u016fm\u011br \/ v\u00fd\u0161ka: 110 mm \/ 78 mm; <strong>Hmotnost<\/strong>: 265 g<br \/>\n<strong>Oblast pou\u017eit\u00ed<\/strong>: organick\u00e9 plyny a p\u00e1ry s bodem varu vy\u0161\u0161\u00edm ne\u017e 65 \u00b0C<br \/>\n<strong>Objedn\u00e1vac\u00ed \u010d\u00edslo<\/strong>: 50 01 56\/3<\/p>\n<p><strong>Typ<\/strong>: B2 \u2022<strong> Barevn\u00e9 zna\u010den\u00ed: <img loading=\"lazy\" decoding=\"async\" class=\"alignnone size-full wp-image-2752\" src=\"\/wp-content\/uploads\/2018\/07\/B.png\" alt=\"\" width=\"24\" height=\"18\" \/><\/strong><br \/>\n<strong>Rozm\u011bry<\/strong>: pr\u016fm\u011br \/ v\u00fd\u0161ka: 110 mm \/ 78 mm; Hmotnost: 400 g<br \/>\n<strong>Oblast pou\u017eit\u00ed<\/strong>: anorganick\u00e9 plyny a p\u00e1ry<br \/>\n<strong>Objedn\u00e1vac\u00ed \u010d\u00edslo<\/strong>: 50 01 61\/3<\/p>\n<p><strong>Typ<\/strong>: K2 \u2022 <strong>Barevn\u00e9 zna\u010den\u00ed:\u00a0<img loading=\"lazy\" decoding=\"async\" class=\"alignnone size-full wp-image-2754\" src=\"\/wp-content\/uploads\/2018\/07\/K.png\" alt=\"\" width=\"24\" height=\"18\" \/><\/strong><br \/>\n<strong>Rozm\u011bry<\/strong>: pr\u016fm\u011br \/ v\u00fd\u0161ka: 110 mm \/ 78 mm; Hmotnost: 265 g<br \/>\n<strong>Oblast pou\u017eit\u00ed<\/strong>: amoniak a organick\u00e9 aminy<br \/>\n<strong>Objedn\u00e1vac\u00ed \u010d\u00edslo<\/strong>: 50 01 59\/3<\/p>\n<p><strong>Typ<\/strong>: A2B2 \u2022<strong> Barevn\u00e9 zna\u010den\u00ed:\u00a0<img loading=\"lazy\" decoding=\"async\" class=\"alignnone size-full wp-image-2757\" src=\"\/wp-content\/uploads\/2018\/07\/AB.png\" alt=\"\" width=\"51\" height=\"18\" \/><\/strong><br \/>\n<strong>Rozm\u011bry<\/strong>: pr\u016fm\u011br \/ v\u00fd\u0161ka: 110 mm \/ 78 mm; Hmotnost: 400 g<br \/>\n<strong>Oblast pou\u017eit\u00ed<\/strong>: organick\u00e9 plyny a p\u00e1ry s bodem varu vy\u0161\u0161\u00edm ne\u017e 65 \u00b0C a anorganick\u00e9 plyny a p\u00e1ry<br \/>\n<strong>Objedn\u00e1vac\u00ed \u010d\u00edslo<\/strong>: 50 01 58\/3<\/p>\n<p><strong>Typ<\/strong>: A2B2E2 \u2022 <strong>Barevn\u00e9 zna\u010den\u00ed: <img loading=\"lazy\" decoding=\"async\" class=\"alignnone size-full wp-image-2758\" src=\"\/wp-content\/uploads\/2018\/07\/ABE.png\" alt=\"\" width=\"78\" height=\"18\" \/><\/strong><br \/>\n<strong>Rozm\u011bry<\/strong>: pr\u016fm\u011br \/ v\u00fd\u0161ka: 110 mm \/ 78 mm; Hmotnost: 400 g<br \/>\n<strong>Oblast pou\u017eit\u00ed<\/strong>: organick\u00e9 plyny a p\u00e1ry s bodem varu vy\u0161\u0161\u00edm<br \/>\nne\u017e 65 \u00b0C, anorganick\u00e9 plyny a p\u00e1ry, kysel\u00e9 plyny a p\u00e1ry<br \/>\n<strong>Objedn\u00e1vac\u00ed \u010d\u00edslo<\/strong>: 50 01 63\/3<\/p>\n<p><strong>Typ<\/strong>: A2B2E2K2 \u2022 <strong>Barevn\u00e9 zna\u010den\u00ed: <img loading=\"lazy\" decoding=\"async\" class=\"alignnone size-full wp-image-2759\" src=\"\/wp-content\/uploads\/2018\/07\/ABEK.png\" alt=\"\" width=\"105\" height=\"18\" \/><\/strong><br \/>\n<strong>Rozm\u011bry<\/strong>: pr\u016fm\u011br \/ v\u00fd\u0161ka: 110 mm \/ 78 mm; Hmotnost: 400 g<br \/>\n<strong>Oblast pou\u017eit\u00ed<\/strong>: organick\u00e9 plyny a p\u00e1ry s bodem varu vy\u0161\u0161\u00edm ne\u017e 65 \u00b0C, anorganick\u00e9 plyny a p\u00e1ry, kysel\u00e9 plyny a p\u00e1ry, amoniak a organick\u00e9 aminy<br \/>\n<strong>Objedn\u00e1vac\u00ed \u010d\u00edslo<\/strong>: 50 01 69\/3<\/p>\n<h2>KOMBINOVAN\u00c9 FILTRY<\/h2>\n<p><strong>Typ<\/strong>: A2P3 \u2022 Barevn\u00e9 zna\u010den\u00ed: <img loading=\"lazy\" decoding=\"async\" class=\"alignnone size-full wp-image-2765\" src=\"\/wp-content\/uploads\/2018\/07\/AP.png\" alt=\"\" width=\"51\" height=\"18\" \/><br \/>\n<strong>Rozm\u011bry<\/strong>: pr\u016fm\u011br \/ v\u00fd\u0161ka: 110 mm \/ 95 mm, Hmotnost: 325 g<br \/>\n<strong>Oblast pou\u017eit\u00ed<\/strong>: organick\u00e9 plyny a p\u00e1ry s bodem<br \/>\nvaru vy\u0161\u0161\u00edm ne\u017e 65 \u00b0C, pevn\u00e9 \u010d\u00e1stice<br \/>\n<strong>Objedn\u00e1vac\u00ed \u010d\u00edslo<\/strong>: \u00a050 01 57\/3 , 50 01 57\/30<\/p>\n<p><strong>Typ<\/strong>: A1P3 \u2013 filtr s n\u00edzkou sorp\u010dn\u00ed kapacitou \u2013 t\u0159\u00edda 1<br \/>\nFiltr nen\u00ed vhodn\u00fd pro pou\u017eit\u00ed p\u0159i vysok\u00fdch koncentrac\u00edch \u0161kodliv\u00fdch plyn\u016f \u2022<strong> Barevn\u00e9 zna\u010den\u00ed: <img loading=\"lazy\" decoding=\"async\" class=\"alignnone size-full wp-image-2765\" src=\"\/wp-content\/uploads\/2018\/07\/AP.png\" alt=\"\" width=\"51\" height=\"18\" \/><\/strong><br \/>\n<strong>Rozm\u011bry<\/strong>: pr\u016fm\u011br \/ v\u00fd\u0161ka: 110 mm \/ 95 mm, Hmotnost: 295 g<br \/>\n<strong>Oblast pou\u017eit\u00ed<\/strong>: organick\u00e9 plyny a p\u00e1ry s bodem<br \/>\nvaru vy\u0161\u0161\u00edm ne\u017e 65 \u00b0C, pevn\u00e9 \u010d\u00e1stice<br \/>\n<strong>Objedn\u00e1vac\u00ed \u010d\u00edslo<\/strong>: 50 03 57\/3<\/p>\n<p><strong>Typ<\/strong>: A3AXP3 \u2013 filtr s vysokou sorp\u010dn\u00ed kapacitou \u2013 t\u0159\u00edda 3 \u2022<strong> Barevn\u00e9 zna\u010den\u00ed: <img loading=\"lazy\" decoding=\"async\" class=\"alignnone size-full wp-image-2765\" src=\"\/wp-content\/uploads\/2018\/07\/AP.png\" alt=\"\" width=\"51\" height=\"18\" \/><\/strong><br \/>\n<strong>Rozm\u011bry<\/strong>: pr\u016fm\u011br \/ v\u00fd\u0161ka: 110 mm \/ 158 mm, Hmotnost: 635 g<br \/>\n<strong>Oblast pou\u017eit\u00ed<\/strong>: organick\u00e9 plyny a p\u00e1ry s bodem varu ni\u017e\u0161\u00edm ne\u017e 65 \u00b0C, pevn\u00e9 \u010d\u00e1stice<br \/>\n<strong>Objedn\u00e1vac\u00ed \u010d\u00edslo<\/strong>: 50 01 70<\/p>\n<p><strong>Typ:<\/strong> B2P3 \u2022 <strong>Barevn\u00e9 zna\u010den\u00ed: <img loading=\"lazy\" decoding=\"async\" class=\"alignnone size-full wp-image-2766\" src=\"\/wp-content\/uploads\/2018\/07\/BP.png\" alt=\"\" width=\"51\" height=\"18\" \/><\/strong><br \/>\n<strong>Rozm\u011bry<\/strong>: pr\u016fm\u011br \/ v\u00fd\u0161ka : 110 mm \/ 95 mm, Hmotnost: 400 g<br \/>\n<strong>Oblast pou\u017eit\u00ed<\/strong>: anorganick\u00e9 plyny a p\u00e1ry, pevn\u00e9 \u010d\u00e1stice<br \/>\n<strong>Objedn\u00e1vac\u00ed \u010d\u00edslo<\/strong>: 50 01 62\/3<\/p>\n<p><strong>Typ<\/strong>: K2P3 \u2022 <strong>Barevn\u00e9 zna\u010den\u00ed: <img loading=\"lazy\" decoding=\"async\" class=\"alignnone size-full wp-image-2767\" src=\"\/wp-content\/uploads\/2018\/07\/KP.png\" alt=\"\" width=\"51\" height=\"18\" \/><\/strong><br \/>\n<strong>Rozm\u011bry<\/strong>: pr\u016fm\u011br \/ v\u00fd\u0161ka: 110 mm \/ 95 mm, Hmotnost: 400 g<br \/>\n<strong>Oblast pou\u017eit\u00ed<\/strong>: amoniak a organick\u00e9 aminy, pevn\u00e9 \u010d\u00e1stice<br \/>\n<strong>Objedn\u00e1vac\u00ed \u010d\u00edslo<\/strong>: 50 01 60\/3<\/p>\n<p><strong>Typ<\/strong>: A2B2P3 \u2022<strong> Barevn\u00e9 zna\u010den\u00ed: <img loading=\"lazy\" decoding=\"async\" class=\"alignnone size-full wp-image-2768\" src=\"\/wp-content\/uploads\/2018\/07\/ABP.png\" alt=\"\" width=\"78\" height=\"18\" \/><br \/>\n<\/strong><strong>Rozm\u011bry<\/strong>: pr\u016fm\u011br \/ v\u00fd\u0161ka: 110 mm \/ 95 mm, Hmotnost: 425 g<br \/>\n<strong>Oblast pou\u017eit\u00ed<\/strong>: organick\u00e9 plyny a p\u00e1ry s bodem varu vy\u0161\u0161\u00edm<br \/>\nne\u017e 65 \u00b0C a anorganick\u00e9 plyny a p\u00e1ry, pevn\u00e9 \u010d\u00e1stice<br \/>\n<strong>Objedn\u00e1vac\u00ed \u010d\u00edslo<\/strong>: 50 01 67\/3<\/p>\n<p><strong>Typ<\/strong>: A2B2E2P3 \u2022 <strong>Barevn\u00e9 zna\u010den\u00ed: <img loading=\"lazy\" decoding=\"async\" class=\"alignnone size-full wp-image-2769\" src=\"\/wp-content\/uploads\/2018\/07\/ABEP.png\" alt=\"\" width=\"105\" height=\"18\" \/><\/strong><br \/>\n<strong>Rozm\u011bry<\/strong>: pr\u016fm\u011br \/ v\u00fd\u0161ka: 110 mm \/ 95 mm, Hmotnost: 400 g<br \/>\n<strong>Oblast pou\u017eit\u00ed<\/strong>: organick\u00e9 plyny a p\u00e1ry s bodem varu vy\u0161\u0161\u00edm ne\u017e<br \/>\n65 \u00b0C, anorganick\u00e9 plyny a p\u00e1ry, kysel\u00e9 plyny a p\u00e1ry, pevn\u00e9 \u010d\u00e1stice<br \/>\n<strong>Objedn\u00e1vac\u00ed \u010d\u00edslo<\/strong>: 50 01 64\/3<\/p>\n<p><strong>Typ<\/strong>: A1B1E1P3 \u2013 filtr s n\u00edzkou sorp\u010dn\u00ed kapacitou \u2013 t\u0159\u00edda 1<br \/>\nFiltr nen\u00ed vhodn\u00fd pro pou\u017eit\u00ed p\u0159i vysok\u00fdch koncentrac\u00edch \u0161kodliv\u00fdch plyn\u016f \u2022 <strong>Barevn\u00e9 zna\u010den\u00ed: <img loading=\"lazy\" decoding=\"async\" class=\"alignnone size-full wp-image-2769\" src=\"\/wp-content\/uploads\/2018\/07\/ABEP.png\" alt=\"\" width=\"105\" height=\"18\" \/><\/strong><br \/>\n<strong>Rozm\u011bry<\/strong>: pr\u016fm\u011br \/ v\u00fd\u0161ka: 110 mm \/ 95 mm, Hmotnost: 280 g<br \/>\n<strong>Oblast pou\u017eit\u00ed<\/strong>: organick\u00e9 plyny a p\u00e1ry s bodem varu vy\u0161\u0161\u00edm ne\u017e<br \/>\n65 \u00b0C, anorganick\u00e9 plyny a p\u00e1ry, kysel\u00e9 plyny a p\u00e1ry, pevn\u00e9 \u010d\u00e1stice<br \/>\n<strong>Objedn\u00e1vac\u00ed \u010d\u00edslo<\/strong>: 50 03 64\/3<\/p>\n<p><strong>Typ<\/strong>: A2B2E2K2P3 \u2022 <strong>Barevn\u00e9 zna\u010den\u00ed:\u00a0<img loading=\"lazy\" decoding=\"async\" class=\"alignnone size-full wp-image-2770\" src=\"\/wp-content\/uploads\/2018\/07\/ABEKP.png\" alt=\"\" width=\"132\" height=\"18\" \/><\/strong><br \/>\n<strong>Rozm\u011bry<\/strong>: pr\u016fm\u011br \/ v\u00fd\u0161ka: 110 mm \/ 95 mm, Hmotnost: 400 g<br \/>\n<strong>Oblast pou\u017eit\u00ed<\/strong>: organick\u00e9 plyny a p\u00e1ry s bodem varu vy\u0161\u0161\u00edm ne\u017e 65 \u00b0C, anorganick\u00e9 plyny a p\u00e1ry, kysel\u00e9 plyny a p\u00e1ry, amoniak a organick\u00e9 aminy, pevn\u00e9 \u010d\u00e1stice<br \/>\n<strong>Objedn\u00e1vac\u00ed \u010d\u00edslo<\/strong>: 50 01 68\/3 , 50 01 68\/30<\/p>\n<p><strong>Typ<\/strong>: A2B2E2K2P3 ZERO, with two threads RD40x1\/7&#8243; \u2022 <strong>Barevn\u00e9 zna\u010den\u00ed<\/strong><strong>:\u00a0<img loading=\"lazy\" decoding=\"async\" class=\"alignnone size-full wp-image-2770\" src=\"\/wp-content\/uploads\/2018\/07\/ABEKP.png\" alt=\"\" width=\"132\" height=\"18\" \/><\/strong><br \/>\n<strong>Rozm\u011bry<\/strong>: pr\u016fm\u011br \/ v\u00fd\u0161ka: 110 mm \/ 9111 mm, Hmotnost: 410 g<br \/>\n<strong>Oblast pou\u017eit\u00ed<\/strong>: organick\u00e9 plyny a p\u00e1ry s bodem varu vy\u0161\u0161\u00edm ne\u017e 65 \u00b0C, anorganick\u00e9 plyny a p\u00e1ry, kysel\u00e9 plyny a p\u00e1ry, amoniak a organick\u00e9 aminy, pevn\u00e9 \u010d\u00e1stice<br \/>\n<strong>Objedn\u00e1vac\u00ed \u010d\u00edslo<\/strong>: 50 02 68\/3<\/p>\n<p><strong>Typ<\/strong>: A2B2E2K2HgP3 \u2022 <strong>Barevn\u00e9 zna\u010den\u00ed: <img loading=\"lazy\" decoding=\"async\" class=\"alignnone size-full wp-image-2771\" src=\"\/wp-content\/uploads\/2018\/07\/ABEKHgP.png\" alt=\"\" width=\"159\" height=\"18\" \/><\/strong><br \/>\n<strong>Rozm\u011bry<\/strong>: pr\u016fm\u011br \/ v\u00fd\u0161ka: 110 mm \/ 95 mm, Hmotnost: 425 g<br \/>\n<strong>Oblast pou\u017eit\u00ed<\/strong>: organick\u00e9 plyny a p\u00e1ry s bodem varu vy\u0161\u0161\u00edm ne\u017e 65 \u00b0C, anorganick\u00e9 plyny a p\u00e1ry, kysel\u00e9 plyny a p\u00e1ry, amoniak a organick\u00e9 aminy, v\u00fdpary rtuti, pevn\u00e9 \u010d\u00e1stice.<br \/>\n<strong>Objedn\u00e1vac\u00ed \u010d\u00edslo<\/strong>: 50 01 66\/3<\/p>\n<p><strong>Typ<\/strong>: NBC &#8211; A2B2E2K2P3, with two threads RD40x1\/7&#8243; \u2022 <strong>Barevn\u00e9 zna\u010den\u00ed<\/strong><strong>:\u00a0<img loading=\"lazy\" decoding=\"async\" class=\"alignnone size-full wp-image-2771\" src=\"\/wp-content\/uploads\/2018\/07\/ABEKHgP.png\" alt=\"\" width=\"159\" height=\"18\" \/><\/strong><br \/>\n<strong>Rozm\u011bry<\/strong>: pr\u016fm\u011br \/ v\u00fd\u0161ka: 110 mm \/ 95 mm, Weight: 385 g<br \/>\n<strong>Oblast pou\u017eit\u00ed<\/strong>: organick\u00e9 plyny a p\u00e1ry s bodem varu vy\u0161\u0161\u00edm ne\u017e 65 \u00b0C, anorganick\u00e9 plyny a p\u00e1ry, kysel\u00e9 plyny a p\u00e1ry, amoniak a organick\u00e9 aminy, v\u00fdpary rtuti, pevn\u00e9 \u010d\u00e1stice.<br \/>\n<strong>Objedn\u00e1vac\u00ed \u010d\u00edslo<\/strong>: 50 02 65X\/3<\/p>\n<p><strong>Typ<\/strong>: NBC &#8211; A2B2E2K2P3 \u2022 <strong>Barevn\u00e9 zna\u010den\u00ed<\/strong><strong>:\u00a0<img loading=\"lazy\" decoding=\"async\" class=\"alignnone size-full wp-image-2771\" src=\"\/wp-content\/uploads\/2018\/07\/ABEKHgP.png\" alt=\"\" width=\"159\" height=\"18\" \/><\/strong><br \/>\n<strong>Rozm\u011bry<\/strong>: pr\u016fm\u011br \/ v\u00fd\u0161ka: 110 mm \/ 95 mm, Weight: XXX g<br \/>\n<strong>Oblast pou\u017eit\u00ed<\/strong>: organick\u00e9 plyny a p\u00e1ry s bodem varu vy\u0161\u0161\u00edm ne\u017e 65 \u00b0C, anorganick\u00e9 plyny a p\u00e1ry, kysel\u00e9 plyny a p\u00e1ry, amoniak a organick\u00e9 aminy, v\u00fdpary rtuti, pevn\u00e9 \u010d\u00e1stice.<br \/>\n<strong>Objedn\u00e1vac\u00ed \u010d\u00edslo<\/strong>: 50 01 65X\/3<\/p>\n<p><strong>D\u016fle\u017eit\u00e1 pozn\u00e1mka: <\/strong><\/p>\n<p><strong>Kanystrov\u00e9 filtry nejsou kompatibiln\u00ed s FVJ jednotkami<a href=\"https:\/\/www.clean-air.cz\/cs\/system-osobni-ochrany-dychacich-cest\/cleanair-aergo\/\"> CleanAIR<span style=\"color: #000000; font-family: 'Conv_Purista Medium', Tahoma, Arial, Helvetica, sans-serif; font-size: 13px; font-style: normal; font-variant-ligatures: normal; font-variant-caps: normal; font-weight: 400; letter-spacing: normal; orphans: 2; text-align: left; text-indent: 0px; text-transform: none; white-space: normal; widows: 2; word-spacing: 0px; -webkit-text-stroke-width: 0px; background-color: #ffffff; text-decoration-style: initial; text-decoration-color: initial; display: inline !important; float: none;\">\u00ae<\/span> AerGO<span style=\"color: #000000; font-family: 'Conv_Purista Medium', Tahoma, Arial, Helvetica, sans-serif; font-size: 13px; font-style: normal; font-variant-ligatures: normal; font-variant-caps: normal; font-weight: 400; letter-spacing: normal; orphans: 2; text-align: left; text-indent: 0px; text-transform: none; white-space: normal; widows: 2; word-spacing: 0px; -webkit-text-stroke-width: 0px; background-color: #ffffff; text-decoration-style: initial; text-decoration-color: initial; display: inline !important; float: none;\">\u00ae<\/span><\/a> a\u00a0<a href=\"https:\/\/www.clean-air.cz\/cs\/system-osobni-ochrany-dychacich-cest\/cleanair-basic-evo\/\">CleanAIR<span style=\"color: #000000; font-family: 'Conv_Purista Medium', Tahoma, Arial, Helvetica, sans-serif; font-size: 13px; font-style: normal; font-variant-ligatures: normal; font-variant-caps: normal; font-weight: 400; letter-spacing: normal; orphans: 2; text-align: left; text-indent: 0px; text-transform: none; white-space: normal; widows: 2; word-spacing: 0px; -webkit-text-stroke-width: 0px; background-color: #ffffff; text-decoration-style: initial; text-decoration-color: initial; display: inline !important; float: none;\">\u00ae<\/span> Basic<\/a> &#8211; v\u00edce informac\u00ed naleznete na str\u00e1nk\u00e1ch produktu.<\/strong>[\/vc_column_text][\/vc_column][\/vc_row]<\/p>\n","protected":false},"excerpt":{"rendered":"<p>[vc_row][vc_column][vc_column_text]Ucelen\u00fd v\u00fdrobn\u00ed program kanystrov\u00fdch filtr\u016f\u00a0CleanAIR\u00ae\u00a0 \u00a0nab\u00edz\u00ed u\u017eivatel\u016fm \u0161irok\u00e9 mo\u017enosti v\u00fdb\u011bru filtr\u016f pro v\u011bt\u0161inu pr\u016fmyslov\u00fdch aplikac\u00ed, farmaceutick\u00fd pr\u016fmysl, laborato\u0159e i zem\u011bd\u011blstv\u00ed. Filtry jsou dod\u00e1v\u00e1ny se standardn\u00edm p\u0159ipojovac\u00edm z\u00e1vitem EN 148-1. Pokud pot\u0159ebuje pomoc p\u0159i v\u00fdb\u011bru spr\u00e1vn\u00e9ho filtru proti \u0161kodliv\u00fdm l\u00e1tk\u00e1m, pros\u00edm pou\u017eijte n\u00e1\u0161 Filter Guide\u00a0(v sekci Ke sta\u017een\u00ed).[\/vc_column_text][vc_column_text][\/vc_column_text][\/vc_column][\/vc_row][vc_row][vc_column][vc_column_text]Filtry proti \u010d\u00e1stic\u00edm Zachycuj\u00ed \u0161irok\u00e9 spektrum pevn\u00fdch \u010d\u00e1stic ve form\u011b kapaln\u00fdch i\u00a0pevn\u00fdch aerosol\u016f jako je prach, d\u00fdm, kou\u0159, vl\u00e1kna, bakterie, viry a\u00a0radioaktivn\u00ed \u010d\u00e1stice. Certifikace:<\/p>\n<p><a class=\"more-link\" href=\"https:\/\/www.clean-air.cz\/cs\/filtry\/\">Read More<\/a><\/p>\n","protected":false},"author":11,"featured_media":0,"parent":0,"menu_order":0,"comment_status":"closed","ping_status":"closed","template":"","meta":{"footnotes":""},"_links":{"self":[{"href":"https:\/\/www.clean-air.cz\/cs\/wp-json\/wp\/v2\/pages\/3197"}],"collection":[{"href":"https:\/\/www.clean-air.cz\/cs\/wp-json\/wp\/v2\/pages"}],"about":[{"href":"https:\/\/www.clean-air.cz\/cs\/wp-json\/wp\/v2\/types\/page"}],"author":[{"embeddable":true,"href":"https:\/\/www.clean-air.cz\/cs\/wp-json\/wp\/v2\/users\/11"}],"replies":[{"embeddable":true,"href":"https:\/\/www.clean-air.cz\/cs\/wp-json\/wp\/v2\/comments?post=3197"}],"version-history":[{"count":0,"href":"https:\/\/www.clean-air.cz\/cs\/wp-json\/wp\/v2\/pages\/3197\/revisions"}],"wp:attachment":[{"href":"https:\/\/www.clean-air.cz\/cs\/wp-json\/wp\/v2\/media?parent=3197"}],"curies":[{"name":"wp","href":"https:\/\/api.w.org\/{rel}","templated":true}]}}