{"id":2931,"date":"2018-10-30T16:28:08","date_gmt":"2018-10-30T15:28:08","guid":{"rendered":"https:\/\/www.clean-air.cz\/ochranne-prilby\/ochranna-prilba-ca-4\/"},"modified":"2023-01-18T10:01:26","modified_gmt":"2023-01-18T09:01:26","slug":"ochranna-prilba-ca-4","status":"publish","type":"page","link":"https:\/\/www.clean-air.cz\/cs\/hlavove-dily\/ochranne-prilby\/ochranna-prilba-ca-4\/","title":{"rendered":"Ochrann\u00e1 p\u0159ilba CA-4"},"content":{"rendered":"<p>[vc_row][vc_column width=&#8220;1\/2&#8243;][vc_gallery interval=&#8220;3&#8243; images=&#8220;18175,18181,18187,18193&#8243; img_size=&#8220;large&#8220;][\/vc_column][vc_column width=&#8220;1\/2&#8243;][vc_column_text]<strong><span style=\"font-size: 14pt; color: #be0300;\">Bezpe\u010dnostn\u00ed p\u0159ilba CA-4 kombinuje ochranu d\u00fdchac\u00edch org\u00e1n\u016f s ochranou hlavy, obli\u010deje a u\u0161\u00ed.<\/span><\/strong><\/p>\n<p>\u0160irok\u00fd, panoramatick\u00fd zorn\u00edk s \u00fapravou proti zaml\u017een\u00ed zaji\u0161\u0165uje dobrou prostorovou orientaci. P\u0159ilbu je mo\u017en\u00e9 vybavit dodate\u010dn\u00fdm vykl\u00e1p\u011bc\u00edm zorn\u00edkem z polykarbon\u00e1tu nebo acet\u00e1tu.[\/vc_column_text][vc_btn title=&#8220;Prohl\u00e9dn\u011bte si celou \u0159adu ochrann\u00fdch p\u0159ileb!&#8220; shape=&#8220;square&#8220; color=&#8220;juicy-pink&#8220; size=&#8220;lg&#8220; align=&#8220;left&#8220; i_icon_fontawesome=&#8220;fa fa-info-circle&#8220; css_animation=&#8220;none&#8220; add_icon=&#8220;true&#8220; link=&#8220;url:https%3A%2F%2Fwww.clean-air.cz%2Fcs%2Fhlavove-dily%2Fochranne-prilby%2F|title:Pod%C3%ADvejte%20se%20na%20celou%20%C5%99adu%20lehk%C3%BDch%20kukel%21|&#8220;][\/vc_column][\/vc_row][vc_row][vc_column][vc_tta_tabs style=&#8220;modern&#8220; shape=&#8220;square&#8220; active_section=&#8220;1&#8243; no_fill_content_area=&#8220;true&#8220; title=&#8220;Detaily&#8220;][vc_tta_section i_icon_fontawesome=&#8220;fa fa-industry&#8220; add_icon=&#8220;true&#8220; title=&#8220;Oblast pou\u017eit\u00ed&#8220; tab_id=&#8220;1513150336358-68add988-e9ea&#8220;][vc_column_text]<span style=\"color: #be0300;\"><strong>Oblasti pou\u017eit\u00ed<\/strong><\/span><\/p>\n<p>Pra\u0161n\u00e9 provozy vy\u017eaduj\u00edc\u00ed ochranu hlavy bez nutnosti ochrany krku a ramen jako nap\u0159\u00edklad stavebnictv\u00ed[\/vc_column_text][\/vc_tta_section][vc_tta_section i_icon_fontawesome=&#8220;fa fa-thumbs-o-up&#8220; add_icon=&#8220;true&#8220; title=&#8220;V\u00fdhody&#8220; tab_id=&#8220;1513150336359-b7b65468-8021&#8243;][vc_column_text]<span style=\"color: #be0300;\"><strong>Funkce a v\u00fdhody<br \/>\n<\/strong><\/span><\/p>\n<ul>\n<li>\u0161irok\u00e9 zorn\u00e9 pole<\/li>\n<li>\u00a0vrstva proti zml\u017een\u00ed<\/li>\n<li>komfortn\u00ed nastaviteln\u00fd hlavov\u00fd k\u0159\u00ed\u017e<\/li>\n<\/ul>\n<p>[\/vc_column_text][\/vc_tta_section][vc_tta_section i_icon_fontawesome=&#8220;fa fa-cog&#8220; add_icon=&#8220;true&#8220; title=&#8220;Komplety, p\u0159\u00edslu\u0161enstv\u00ed, filtry&#8220; tab_id=&#8220;1513153137048-5f8c31c5-30ea&#8220;][vc_column_text]<\/p>\n<table>\n<tbody>\n<tr>\n<td style=\"text-align: left;\" colspan=\"2\"><span style=\"color: #be0300;\"><strong>Kompletn\u00ed p\u0159ilby<\/strong><\/span><\/td>\n<\/tr>\n<tr>\n<td style=\"text-align: left;\">Ochrann\u00e1 helma CA-4<\/td>\n<td style=\"text-align: center;\">71 04 01B<\/td>\n<\/tr>\n<tr>\n<td style=\"text-align: left;\">Ochrann\u00e1 helma CA-4 s dlouhou k\u00e1p\u00ed<\/td>\n<td style=\"text-align: center;\">71 04 00V<\/td>\n<\/tr>\n<tr>\n<td style=\"text-align: left;\" colspan=\"2\"><\/td>\n<\/tr>\n<tr>\n<td style=\"text-align: left;\" colspan=\"2\"><span style=\"color: #be0300;\"><strong>N\u00e1hradn\u00ed d\u00edly, p\u0159\u00edslu\u0161enstv\u00ed<\/strong><\/span><\/td>\n<\/tr>\n<tr>\n<td style=\"text-align: left;\">\u010celov\u00e1 p\u00e1ska CleanAIR\u00ae (set 10 ks)<\/td>\n<td style=\"text-align: center;\">16 70 01\/10<\/td>\n<\/tr>\n<tr>\n<td style=\"text-align: left;\">Ochrann\u00e1 f\u00f3lie (set 10 ks)<\/td>\n<td style=\"text-align: center;\">70 01 20\/10<\/td>\n<\/tr>\n<tr>\n<td style=\"text-align: left;\">Dr\u017e\u00e1k p\u0159\u00eddavn\u00e9ho zorn\u00edku<\/td>\n<td style=\"text-align: center;\">70 04 37<\/td>\n<\/tr>\n<tr>\n<td style=\"text-align: left;\">\u0160t\u00edt pro ochrannou p\u0159ilbu CA-4 polykarbon\u00e1tov\u00fd<\/td>\n<td style=\"text-align: center;\">70 04 42<\/td>\n<\/tr>\n<tr>\n<td style=\"text-align: left;\">Obli\u010dejov\u00e1 rou\u0161ka v\u010detn\u011b zorn\u00edku<\/td>\n<td style=\"text-align: center;\">71 04 61B<\/td>\n<\/tr>\n<tr>\n<td style=\"text-align: left;\">Chr\u00e1ni\u010de sluchu pro p\u0159ilbu CA-4<\/td>\n<td style=\"text-align: center;\">70 04 40.2<\/td>\n<\/tr>\n<\/tbody>\n<\/table>\n<p>[\/vc_column_text][\/vc_tta_section][vc_tta_section i_icon_fontawesome=&#8220;fa fa-wrench&#8220; add_icon=&#8220;true&#8220; title=&#8220;Technick\u00e1 data&#8220; tab_id=&#8220;1513153797992-792040b0-82c9&#8243;][vc_column_text]<\/p>\n<table>\n<tbody>\n<tr>\n<td style=\"text-align: left;\">Hmotnost<\/td>\n<td style=\"text-align: left;\">850 g<\/td>\n<\/tr>\n<tr>\n<td style=\"text-align: left;\">Materi\u00e1l<\/td>\n<td style=\"text-align: left;\">p\u0159ilba &#8211; polyetylen<br \/>\nvnit\u0159n\u00ed zorn\u00edk &#8211; propion\u00e1t celul\u00f3zy<br \/>\np\u0159\u00eddavn\u00fd zorn\u00edk &#8211; acet\u00e1t\/polykarbon\u00e1t<br \/>\nhlavov\u00fd k\u0159\u00ed\u017e &#8211; textilie<br \/>\nk\u00e1p\u011b &#8211; polyester s PVC vrstvou<\/td>\n<\/tr>\n<tr>\n<td style=\"text-align: left;\">\u00e9ochrann\u00fd faktor (NPF)<\/td>\n<td style=\"text-align: left;\">50<\/td>\n<\/tr>\n<tr>\n<td style=\"text-align: left;\">Konektor hadice<\/td>\n<td style=\"text-align: left;\">QuickLOCK\u2122<\/td>\n<\/tr>\n<tr>\n<td style=\"text-align: left;\">Certifikace<\/td>\n<td style=\"text-align: left;\">EN 12941 TH2<br \/>\nEN 14594 3A<br \/>\nEN 166 1B<br \/>\nEN 397<\/td>\n<\/tr>\n<\/tbody>\n<\/table>\n<p>[\/vc_column_text][\/vc_tta_section][vc_tta_section i_icon_fontawesome=&#8220;fa fa-download&#8220; add_icon=&#8220;true&#8220; title=&#8220;Ke sta\u017een\u00ed&#8220; tab_id=&#8220;1513154098935-95c74e4f-fa1e&#8220;][vc_column_text]<a href=\"https:\/\/www.clean-air.cz\/wp-content\/uploads\/2022\/07\/User-manual-CNA-012-R06-CA-3_CA-4_CA-5-DIGI.pdf\" target=\"_blank\" rel=\"noopener\">User manual &#8211; CNA-012-R06 &#8211; CA-3_CA-4_CA-5-DIGI<\/a><\/p>\n<p><a href=\"https:\/\/www.clean-air.cz\/wp-content\/uploads\/2023\/01\/DA-062_-_710401Y_-_CA-4_-_EN.pdf\">DA-062_-_710401Y_-_CA-4_-_EN<\/a><\/p>\n<p><a href=\"https:\/\/www.clean-air.cz\/wp-content\/uploads\/2021\/09\/PS-710400-1-R1-CA-4.pdf\" target=\"_blank\" rel=\"noopener\">PS-710400-1-R1 CA-4<\/a>[\/vc_column_text][\/vc_tta_section][vc_tta_section i_icon_fontawesome=&#8220;fa fa-picture-o&#8220; add_icon=&#8220;true&#8220; title=&#8220;Galerie&#8220; tab_id=&#8220;1515415801460-0c2258c9-4574&#8243;][vc_gallery type=&#8220;image_grid&#8220; images=&#8220;18193,18187,18181,18175&#8243; img_size=&#8220;medium&#8220; css_animation=&#8220;fadeIn&#8220; css=&#8220;.vc_custom_1673983349498{padding-left: 280px !important;}&#8220; el_class=&#8220;ca-4_gallery&#8220;][\/vc_tta_section][\/vc_tta_tabs][\/vc_column][\/vc_row]<\/p>\n","protected":false},"excerpt":{"rendered":"<p>[vc_row][vc_column width=&#8220;1\/2&#8243;][vc_gallery interval=&#8220;3&#8243; images=&#8220;18175,18181,18187,18193&#8243; img_size=&#8220;large&#8220;][\/vc_column][vc_column width=&#8220;1\/2&#8243;][vc_column_text]Bezpe\u010dnostn\u00ed p\u0159ilba CA-4 kombinuje ochranu d\u00fdchac\u00edch org\u00e1n\u016f s ochranou hlavy, obli\u010deje a u\u0161\u00ed. \u0160irok\u00fd, panoramatick\u00fd zorn\u00edk s \u00fapravou proti zaml\u017een\u00ed zaji\u0161\u0165uje dobrou prostorovou orientaci. P\u0159ilbu je mo\u017en\u00e9 vybavit dodate\u010dn\u00fdm vykl\u00e1p\u011bc\u00edm zorn\u00edkem z polykarbon\u00e1tu nebo acet\u00e1tu.[\/vc_column_text][vc_btn title=&#8220;Prohl\u00e9dn\u011bte si celou \u0159adu ochrann\u00fdch p\u0159ileb!&#8220; shape=&#8220;square&#8220; color=&#8220;juicy-pink&#8220; size=&#8220;lg&#8220; align=&#8220;left&#8220; i_icon_fontawesome=&#8220;fa fa-info-circle&#8220; css_animation=&#8220;none&#8220; add_icon=&#8220;true&#8220; link=&#8220;url:https%3A%2F%2Fwww.clean-air.cz%2Fcs%2Fhlavove-dily%2Fochranne-prilby%2F|title:Pod%C3%ADvejte%20se%20na%20celou%20%C5%99adu%20lehk%C3%BDch%20kukel%21|&#8220;][\/vc_column][\/vc_row][vc_row][vc_column][vc_tta_tabs style=&#8220;modern&#8220; shape=&#8220;square&#8220; active_section=&#8220;1&#8243; no_fill_content_area=&#8220;true&#8220; title=&#8220;Detaily&#8220;][vc_tta_section i_icon_fontawesome=&#8220;fa fa-industry&#8220; add_icon=&#8220;true&#8220; title=&#8220;Oblast pou\u017eit\u00ed&#8220; tab_id=&#8220;1513150336358-68add988-e9ea&#8220;][vc_column_text]Oblasti pou\u017eit\u00ed Pra\u0161n\u00e9 provozy vy\u017eaduj\u00edc\u00ed<\/p>\n<p><a class=\"more-link\" href=\"https:\/\/www.clean-air.cz\/cs\/hlavove-dily\/ochranne-prilby\/ochranna-prilba-ca-4\/\">Read More<\/a><\/p>\n","protected":false},"author":11,"featured_media":0,"parent":2917,"menu_order":0,"comment_status":"closed","ping_status":"closed","template":"","meta":{"footnotes":""},"_links":{"self":[{"href":"https:\/\/www.clean-air.cz\/cs\/wp-json\/wp\/v2\/pages\/2931"}],"collection":[{"href":"https:\/\/www.clean-air.cz\/cs\/wp-json\/wp\/v2\/pages"}],"about":[{"href":"https:\/\/www.clean-air.cz\/cs\/wp-json\/wp\/v2\/types\/page"}],"author":[{"embeddable":true,"href":"https:\/\/www.clean-air.cz\/cs\/wp-json\/wp\/v2\/users\/11"}],"replies":[{"embeddable":true,"href":"https:\/\/www.clean-air.cz\/cs\/wp-json\/wp\/v2\/comments?post=2931"}],"version-history":[{"count":0,"href":"https:\/\/www.clean-air.cz\/cs\/wp-json\/wp\/v2\/pages\/2931\/revisions"}],"up":[{"embeddable":true,"href":"https:\/\/www.clean-air.cz\/cs\/wp-json\/wp\/v2\/pages\/2917"}],"wp:attachment":[{"href":"https:\/\/www.clean-air.cz\/cs\/wp-json\/wp\/v2\/media?parent=2931"}],"curies":[{"name":"wp","href":"https:\/\/api.w.org\/{rel}","templated":true}]}}