{"id":2917,"date":"2018-10-29T17:02:36","date_gmt":"2018-10-29T16:02:36","guid":{"rendered":"https:\/\/www.clean-air.cz\/ochranne-prilby\/"},"modified":"2023-11-14T08:17:48","modified_gmt":"2023-11-14T07:17:48","slug":"ochranne-prilby","status":"publish","type":"page","link":"https:\/\/www.clean-air.cz\/cs\/hlavove-dily\/ochranne-prilby\/","title":{"rendered":"Ochrann\u00e9 \u0161t\u00edty"},"content":{"rendered":"<p>[vc_row css=&#8220;.vc_custom_1515063137650{background-color: #ffffff !important;}&#8220;][vc_column][vc_column_text]<\/p>\n<div class=\"wpb_text_column wpb_content_element \">\n<div class=\"wpb_wrapper\">\n<p><strong>Ochrann\u00e9 \u0161t\u00edty CleanAir<\/strong><sup><strong>\u00ae<\/strong>\u00a0<\/sup>poskytuj\u00ed ochranu obli\u010deje a d\u00fdchac\u00edch cest ve spojen\u00ed s\u00a0<a href=\"https:\/\/www.clean-air.cz\/cs\/system-osobni-ochrany-dychacich-cest\/\">filtra\u010dn\u011b ventila\u010dn\u00ed jednotkou<\/a>. Ochrann\u00fd je vhodn\u00fd pro pou\u017eit\u00ed nap\u0159\u00edklad p\u0159i lakov\u00e1n\u00ed, \u00faprav\u011b povrch\u016f, v chemick\u00e9m \u010di farmaceutick\u00e9m pr\u016fmyslu.<\/p>\n<\/div>\n<\/div>\n<p>[\/vc_column_text][vc_tta_tour style=&#8220;modern&#8220; shape=&#8220;square&#8220; gap=&#8220;1&#8243; active_section=&#8220;1&#8243; no_fill_content_area=&#8220;true&#8220;][vc_tta_section title=&#8220;UniMask&#8220; tab_id=&#8220;1515061200914-4dd3150e-98ab&#8220;][vc_column_text]<img loading=\"lazy\" decoding=\"async\" class=\"alignnone wp-image-7344 size-medium\" src=\"https:\/\/www.clean-air.cz\/wp-content\/uploads\/2019\/11\/UniMask-iso-copy-275x300.jpg\" alt=\"\" width=\"275\" height=\"300\" \/><\/p>\n<h3>UniMask<\/h3>\n<p>Lehk\u00fd univerz\u00e1ln\u00ed ochrann\u00fd \u0161t\u00edt nab\u00edz\u00ed vysok\u00fd komfort a maxim\u00e1ln\u00ed ochranu.<\/p>\n<p><strong>Oblast pou\u017eit\u00ed<\/strong><\/p>\n<p>UniMask je vhodn\u00e9 pou\u017e\u00edt p\u0159i r\u016fzn\u00fdch typech brou\u0161en\u00ed a dal\u0161\u00edch \u00faprav\u00e1ch povrch\u016f. Ochrann\u00fd \u0161t\u00edt je vhodn\u00fd pro u\u017eit\u00ed ve stavebnictv\u00ed, automobilov\u00e9m pr\u016fmyslu, konstrukci lod\u00ed a v prost\u0159ed\u00ed s n\u00edzk\u00fdmi po\u017eadavky chemick\u00e9 odolnosti, typicky v chemick\u00e9m a farmaceutick\u00e9m pr\u016fmyslu \u010di v laborato\u0159\u00edch.<\/p>\n<p><img loading=\"lazy\" decoding=\"async\" class=\"alignnone wp-image-53 \" src=\"https:\/\/www.clean-air.cz\/wp-content\/uploads\/2018\/06\/stit-120.png\" alt=\"\" width=\"58\" height=\"70\" \/>\u00a0<img loading=\"lazy\" decoding=\"async\" class=\"alignnone wp-image-51\" src=\"https:\/\/www.clean-air.cz\/wp-content\/uploads\/2018\/06\/plice-120.png\" alt=\"\" width=\"81\" height=\"70\" \/>[\/vc_column_text][vc_btn title=&#8220;V\u00edce informac\u00ed o produktu&#8220; shape=&#8220;square&#8220; color=&#8220;juicy-pink&#8220; i_type=&#8220;openiconic&#8220; i_icon_openiconic=&#8220;vc-oi vc-oi-right&#8220; add_icon=&#8220;true&#8220; link=&#8220;url:https%3A%2F%2Fwww.clean-air.cz%2Fcs%2Fhlavove-dily%2Fochranne-prilby%2Funimask%2F|title:Ochrann%C3%BD%20%C5%A1t%C3%ADt%20UniMask|&#8220;][\/vc_tta_section][vc_tta_section title=&#8220;Omnira air&#8220; tab_id=&#8220;1653985310895-5ad5d004-2351&#8243;][vc_column_text]<\/p>\n<h3><img loading=\"lazy\" decoding=\"async\" class=\"size-medium wp-image-14998 alignnone\" src=\"https:\/\/www.clean-air.cz\/wp-content\/uploads\/2022\/02\/Omnira-iso-1-300x300.jpg\" alt=\"\" width=\"300\" height=\"300\" srcset=\"https:\/\/www.clean-air.cz\/wp-content\/uploads\/2022\/02\/Omnira-iso-1-300x300.jpg 300w, https:\/\/www.clean-air.cz\/wp-content\/uploads\/2022\/02\/Omnira-iso-1-1024x1024.jpg 1024w, https:\/\/www.clean-air.cz\/wp-content\/uploads\/2022\/02\/Omnira-iso-1-150x150.jpg 150w, https:\/\/www.clean-air.cz\/wp-content\/uploads\/2022\/02\/Omnira-iso-1-768x768.jpg 768w, https:\/\/www.clean-air.cz\/wp-content\/uploads\/2022\/02\/Omnira-iso-1-1536x1536.jpg 1536w, https:\/\/www.clean-air.cz\/wp-content\/uploads\/2022\/02\/Omnira-iso-1-800x800.jpg 800w, https:\/\/www.clean-air.cz\/wp-content\/uploads\/2022\/02\/Omnira-iso-1-250x250.jpg 250w, https:\/\/www.clean-air.cz\/wp-content\/uploads\/2022\/02\/Omnira-iso-1.jpg 1600w\" sizes=\"(max-width: 300px) 100vw, 300px\" \/><\/h3>\n<h3>Brusn\u00fd \u0161t\u00edt Omnira air<\/h3>\n<p>Brusn\u00fd \u0161t\u00edt s integrovan\u00fdm rozvodem vzduchu pro nejvy\u0161\u0161\u00ed ochranu d\u00fdchac\u00edch cest, ochranu o\u010d\u00ed a obli\u010deje. Nab\u00edz\u00ed tak\u00e9 vysokou ochranu proti vysokorychlostn\u00edm \u010d\u00e1stic\u00edm. \u0160t\u00edt lze roz\u0161\u00ed\u0159it o sv\u00e1\u0159e\u010dsk\u00fd \u0161t\u00edt, \u010d\u00edm\u017e z\u00edsk\u00e1te plnohodnotnou sv\u00e1\u0159e\u010dskou v\u00fdklopnou helmu.<\/p>\n<p><strong>Oblast pou\u017eit\u00ed<\/strong><br \/>\n\u0160t\u00edt Omnira\u00a0 je vhodn\u00fd pro brou\u0161en\u00ed a povrchov\u00e9 \u00fapravy v t\u011b\u017ek\u00e9m pr\u016fmyslov\u00e9m prost\u0159ed\u00ed. V kombinaci s zorn\u00edkem DIN5 je vhodn\u00fd pro v\u0161echny operace \u0159ez\u00e1n\u00ed\/sva\u0159ov\u00e1n\u00ed SMAW, MIG \/ MAG, TIG a Plazma.<\/p>\n<p><img loading=\"lazy\" decoding=\"async\" class=\"alignnone wp-image-53 \" src=\"https:\/\/www.clean-air.cz\/wp-content\/uploads\/2018\/06\/stit-120.png\" alt=\"\" width=\"58\" height=\"70\" \/>\u00a0<img loading=\"lazy\" decoding=\"async\" class=\"alignnone wp-image-51\" src=\"https:\/\/www.clean-air.cz\/wp-content\/uploads\/2018\/06\/plice-120.png\" alt=\"\" width=\"81\" height=\"70\" \/>[\/vc_column_text][vc_btn title=&#8220;V\u00edce informac\u00ed o produktu&#8220; shape=&#8220;square&#8220; color=&#8220;juicy-pink&#8220; i_type=&#8220;openiconic&#8220; i_icon_openiconic=&#8220;vc-oi vc-oi-right&#8220; add_icon=&#8220;true&#8220; link=&#8220;url:https%3A%2F%2Fwww.clean-air.cz%2Fcs%2Fhlavove-dily%2Fbrusne-stity%2Fomnira-air%2F|title:Brusn%C3%BD%20%C5%A1t%C3%ADt%20Omnira%20air|&#8220;][\/vc_tta_section][vc_tta_section title=&#8220;CA-3 (acet\u00e1tov\u00fd zorn\u00edk)&#8220; tab_id=&#8220;1573116035413-f516cf5c-fc3c&#8220;][vc_column_text]<img loading=\"lazy\" decoding=\"async\" class=\"alignnone size-medium wp-image-7743\" src=\"https:\/\/www.clean-air.cz\/wp-content\/uploads\/2023\/10\/CA3_Discont_web.png\" alt=\"\" width=\"236\" height=\"300\" \/><\/p>\n<h3>Brusn\u00fd \u0161t\u00edt CA-3<\/h3>\n<p><span style=\"color: #be0300;\"><strong>Prodej ukon\u010den od 13. listopadu 2023.<\/strong><\/span><br \/>\nVe\u0161ker\u00fd spot\u0159ebn\u00ed materi\u00e1l a n\u00e1hradn\u00ed d\u00edly z\u016fstanou v prodeji do prosince 2026 nebo do odvol\u00e1n\u00ed.<\/p>\n<p>Lehk\u00fd ochrann\u00fd \u0161t\u00edt CA-3 s jednodu\u0161e vym\u011bniteln\u00fdm zorn\u00edkem poskytuje ochranu obli\u010deje a d\u00fdchac\u00edch cest p\u0159i brou\u0161en\u00ed.<br \/>\n<strong>Brusn\u00fd \u0161t\u00edt CA-3 s polykarbon\u00e1tov\u00fdm zorn\u00edkem\u00a0<\/strong>\u2013 jeho hlavn\u00ed v\u00fdhodou je\u00a0vysok\u00e1 mechanick\u00e1 odolnost, d\u00edky kter\u00e9 je \u0161t\u00edt vhodn\u00fd pro brou\u0161en\u00ed. Dle EN 166 chr\u00e1n\u00ed proti n\u00e1razu \u010d\u00e1stic se st\u0159edn\u00ed energi\u00ed.<\/p>\n<p><strong>Oblast pou\u017eit\u00ed<\/strong><br \/>\nPra\u0161n\u00e9 provozy bez nutnosti ochrany krku a ramen, pracovi\u0161t\u011b s po\u017eadavky na chemickou odolnost, brou\u0161en\u00ed a dal\u0161\u00ed druhy povrchov\u00fdch dokon\u010dovac\u00edch operac\u00ed, stavebnictv\u00ed.<\/p>\n<p><img loading=\"lazy\" decoding=\"async\" class=\"alignnone wp-image-53 \" src=\"https:\/\/www.clean-air.cz\/wp-content\/uploads\/2018\/06\/stit-120.png\" alt=\"\" width=\"58\" height=\"70\" \/>\u00a0<img loading=\"lazy\" decoding=\"async\" class=\"alignnone wp-image-51\" src=\"https:\/\/www.clean-air.cz\/wp-content\/uploads\/2018\/06\/plice-120.png\" alt=\"\" width=\"81\" height=\"70\" \/>[\/vc_column_text][vc_btn title=&#8220;V\u00edce informac\u00ed o produktu&#8220; shape=&#8220;square&#8220; color=&#8220;juicy-pink&#8220; i_icon_fontawesome=&#8220;fa fa-arrow-right&#8220; add_icon=&#8220;true&#8220; link=&#8220;url:https%3A%2F%2Fwww.clean-air.cz%2Fcs%2Fhlavove-dily%2Fbrusne-stity%2Fochranny-stit-ca-3%2F|title:Ochrann%C3%BD%20%C5%A1t%C3%ADt%20CA-3|&#8220;][\/vc_tta_section][vc_tta_section title=&#8220;CA-4 (acet\u00e1tov\u00fd zorn\u00edk)&#8220; tab_id=&#8220;1515061200914-86b36351-21a4&#8243;][vc_column_text]<img loading=\"lazy\" decoding=\"async\" class=\"alignnone size-medium wp-image-7717\" src=\"https:\/\/www.clean-air.cz\/wp-content\/uploads\/2019\/11\/CA-4-iso-copy-219x300.jpg\" alt=\"\" width=\"219\" height=\"300\" \/><\/p>\n<h3>Safety helmet CA-4 (acetate)<\/h3>\n<p>Ochrann\u00e1 p\u0159ilba CA-4 pro\u00a0<a href=\"https:\/\/www.clean-air.cz\/cs\/system-osobni-ochrany-dychacich-cest\/\">filtra\u010dn\u011b ventila\u010dn\u00ed jednotky<\/a>. Kombinuje ochranu d\u00fdchac\u00edch cest, hlavy, obli\u010deje a sluchu. \u0160irok\u00fd, panoramatick\u00fd zorn\u00edk s \u00fapravou proti zaml\u017een\u00ed zaji\u0161\u0165uje dobrou prostorovou orientaci.<\/p>\n<p><strong>Areas of application<\/strong><\/p>\n<p>Pra\u0161n\u00e9 provozy vy\u017eaduj\u00edc\u00ed ochranu hlavy bez nutnosti ochrany krku a ramen, pracovi\u0161t\u011b s n\u00edzk\u00fdmi po\u017eadavky na chemickou odolnost.<\/p>\n<p><img loading=\"lazy\" decoding=\"async\" class=\"alignnone wp-image-50 \" src=\"https:\/\/www.clean-air.cz\/wp-content\/uploads\/2018\/06\/helma-120.png\" alt=\"\" width=\"54\" height=\"70\" \/>\u00a0<img loading=\"lazy\" decoding=\"async\" class=\"alignnone wp-image-52 \" src=\"https:\/\/www.clean-air.cz\/wp-content\/uploads\/2018\/06\/sluchatka-120.png\" alt=\"\" width=\"72\" height=\"70\" \/><img loading=\"lazy\" decoding=\"async\" class=\"alignnone wp-image-53\" src=\"https:\/\/www.clean-air.cz\/wp-content\/uploads\/2018\/06\/stit-120.png\" alt=\"\" width=\"58\" height=\"70\" \/>\u00a0<img loading=\"lazy\" decoding=\"async\" class=\"alignnone wp-image-51\" src=\"https:\/\/www.clean-air.cz\/wp-content\/uploads\/2018\/06\/plice-120.png\" alt=\"\" width=\"80\" height=\"70\" \/>[\/vc_column_text][vc_btn title=&#8220;V\u00edce informac\u00ed o produktu&#8220; shape=&#8220;square&#8220; color=&#8220;juicy-pink&#8220; i_icon_fontawesome=&#8220;fa fa-arrow-right&#8220; add_icon=&#8220;true&#8220; link=&#8220;url:https%3A%2F%2Fwww.clean-air.cz%2Fcs%2Fhlavove-dily%2Fochranne-prilby%2Fochranna-prilba-ca-4%2F|title:Ochrann%C3%A1%20p%C5%99ilba%20CA-4|&#8220;][\/vc_tta_section][\/vc_tta_tour][\/vc_column][\/vc_row][vc_row content_placement=&#8220;middle&#8220;][vc_column][vc_tta_accordion shape=&#8220;square&#8220; active_section=&#8220;&#8220;][vc_tta_section i_icon_fontawesome=&#8220;fa fa-info-circle&#8220; add_icon=&#8220;true&#8220; title=&#8220;Vysv\u011btlivky k ochrann\u00fdm symbol\u016fm &#8220; tab_id=&#8220;1515066157336-19bc9408-6024&#8243;][vc_column_text]<\/p>\n<table class=\" aligncenter\">\n<tbody>\n<tr>\n<td style=\"text-align: center;\"><a href=\"https:\/\/www.clean-air.cz\/wp-content\/uploads\/2017\/12\/helma.png\"><img loading=\"lazy\" decoding=\"async\" class=\"alignnone wp-image-3149\" src=\"https:\/\/www.clean-air.cz\/wp-content\/uploads\/2017\/12\/helma-229x300.png\" alt=\"\" width=\"76\" height=\"100\" \/><\/a><\/td>\n<td style=\"text-align: center;\"><a href=\"https:\/\/www.clean-air.cz\/wp-content\/uploads\/2017\/12\/svarovaci-stit.png\"><img loading=\"lazy\" decoding=\"async\" class=\"alignnone wp-image-3153\" src=\"https:\/\/www.clean-air.cz\/wp-content\/uploads\/2017\/12\/svarovaci-stit-250x300.png\" alt=\"\" width=\"83\" height=\"100\" \/><\/a><\/td>\n<td style=\"text-align: center;\"><a href=\"https:\/\/www.clean-air.cz\/wp-content\/uploads\/2017\/12\/stit.png\"><img loading=\"lazy\" decoding=\"async\" class=\"alignnone wp-image-3152\" src=\"https:\/\/www.clean-air.cz\/wp-content\/uploads\/2017\/12\/stit-250x300.png\" alt=\"\" width=\"83\" height=\"100\" \/><\/a><\/td>\n<td style=\"text-align: center;\"><a href=\"https:\/\/www.clean-air.cz\/wp-content\/uploads\/2017\/12\/sluchatka.png\"><img loading=\"lazy\" decoding=\"async\" class=\"alignnone wp-image-3151\" src=\"https:\/\/www.clean-air.cz\/wp-content\/uploads\/2017\/12\/sluchatka-300x290.png\" alt=\"\" width=\"104\" height=\"100\" \/><\/a><\/td>\n<td style=\"text-align: center;\"><a href=\"https:\/\/www.clean-air.cz\/wp-content\/uploads\/2017\/12\/plice.png\"><img loading=\"lazy\" decoding=\"async\" class=\"alignnone wp-image-3150\" src=\"https:\/\/www.clean-air.cz\/wp-content\/uploads\/2017\/12\/plice-300x261.png\" alt=\"\" width=\"115\" height=\"100\" \/><\/a><\/td>\n<\/tr>\n<tr>\n<td style=\"text-align: center;\"><span style=\"color: #000000;\">HLAVA<\/span><\/td>\n<td style=\"text-align: center;\"><span style=\"color: #000000;\">SVA\u0158OV\u00c1N\u00cd<\/span><\/td>\n<td style=\"text-align: center;\"><span style=\"color: #000000;\">ZRAK A OBLI\u010cEJ<\/span><\/td>\n<td style=\"text-align: center;\"><span style=\"color: #000000;\">SLUCH<\/span><\/td>\n<td style=\"text-align: center;\"><span style=\"color: #000000;\">D\u00ddCHAC\u00cd CESTY<\/span><\/td>\n<\/tr>\n<\/tbody>\n<\/table>\n<p>[\/vc_column_text][\/vc_tta_section][\/vc_tta_accordion][vc_separator color=&#8220;juicy_pink&#8220;][\/vc_column][\/vc_row][vc_row][vc_column][\/vc_column][\/vc_row]<\/p>\n","protected":false},"excerpt":{"rendered":"<p>[vc_row css=&#8220;.vc_custom_1515063137650{background-color: #ffffff !important;}&#8220;][vc_column][vc_column_text] Ochrann\u00e9 \u0161t\u00edty CleanAir\u00ae\u00a0poskytuj\u00ed ochranu obli\u010deje a d\u00fdchac\u00edch cest ve spojen\u00ed s\u00a0filtra\u010dn\u011b ventila\u010dn\u00ed jednotkou. Ochrann\u00fd je vhodn\u00fd pro pou\u017eit\u00ed nap\u0159\u00edklad p\u0159i lakov\u00e1n\u00ed, \u00faprav\u011b povrch\u016f, v chemick\u00e9m \u010di farmaceutick\u00e9m pr\u016fmyslu. [\/vc_column_text][vc_tta_tour style=&#8220;modern&#8220; shape=&#8220;square&#8220; gap=&#8220;1&#8243; active_section=&#8220;1&#8243; no_fill_content_area=&#8220;true&#8220;][vc_tta_section title=&#8220;UniMask&#8220; tab_id=&#8220;1515061200914-4dd3150e-98ab&#8220;][vc_column_text] UniMask Lehk\u00fd univerz\u00e1ln\u00ed ochrann\u00fd \u0161t\u00edt nab\u00edz\u00ed vysok\u00fd komfort a maxim\u00e1ln\u00ed ochranu. Oblast pou\u017eit\u00ed UniMask je vhodn\u00e9 pou\u017e\u00edt p\u0159i r\u016fzn\u00fdch typech brou\u0161en\u00ed a dal\u0161\u00edch \u00faprav\u00e1ch povrch\u016f. Ochrann\u00fd \u0161t\u00edt je vhodn\u00fd pro<\/p>\n<p><a class=\"more-link\" href=\"https:\/\/www.clean-air.cz\/cs\/hlavove-dily\/ochranne-prilby\/\">Read More<\/a><\/p>\n","protected":false},"author":11,"featured_media":0,"parent":3248,"menu_order":0,"comment_status":"closed","ping_status":"closed","template":"","meta":{"footnotes":""},"_links":{"self":[{"href":"https:\/\/www.clean-air.cz\/cs\/wp-json\/wp\/v2\/pages\/2917"}],"collection":[{"href":"https:\/\/www.clean-air.cz\/cs\/wp-json\/wp\/v2\/pages"}],"about":[{"href":"https:\/\/www.clean-air.cz\/cs\/wp-json\/wp\/v2\/types\/page"}],"author":[{"embeddable":true,"href":"https:\/\/www.clean-air.cz\/cs\/wp-json\/wp\/v2\/users\/11"}],"replies":[{"embeddable":true,"href":"https:\/\/www.clean-air.cz\/cs\/wp-json\/wp\/v2\/comments?post=2917"}],"version-history":[{"count":0,"href":"https:\/\/www.clean-air.cz\/cs\/wp-json\/wp\/v2\/pages\/2917\/revisions"}],"up":[{"embeddable":true,"href":"https:\/\/www.clean-air.cz\/cs\/wp-json\/wp\/v2\/pages\/3248"}],"wp:attachment":[{"href":"https:\/\/www.clean-air.cz\/cs\/wp-json\/wp\/v2\/media?parent=2917"}],"curies":[{"name":"wp","href":"https:\/\/api.w.org\/{rel}","templated":true}]}}