{"id":2902,"date":"2018-10-29T16:45:46","date_gmt":"2018-10-29T15:45:46","guid":{"rendered":"https:\/\/www.clean-air.cz\/masky\/shigematsu-gx02\/"},"modified":"2026-01-27T08:46:03","modified_gmt":"2026-01-27T07:46:03","slug":"shigematsu-gx02","status":"publish","type":"page","link":"https:\/\/www.clean-air.cz\/cs\/hlavove-dily\/masky\/shigematsu-gx02\/","title":{"rendered":"Shigematsu GX02"},"content":{"rendered":"<p>[vc_row][vc_column width=&#8220;1\/2&#8243;][vc_gallery interval=&#8220;3&#8243; images=&#8220;513&#8243; img_size=&#8220;large&#8220;][\/vc_column][vc_column width=&#8220;1\/2&#8243;][vc_column_text]<\/p>\n<p><strong><span style=\"font-size: 14pt; color: #be0300;\">Ergonomick\u00e1 celoobli\u010dejov\u00e1 maska pro nejvy\u0161\u0161\u00ed ochranu<\/span><\/strong><\/p>\n<p>Celoobli\u010dejov\u00e1 maska Shigematsu GX02 nab\u00edz\u00ed tu nejvy\u0161\u0161\u00ed \u00farove\u0148 ochrany ve vysoce kontaminovan\u00e9m prost\u0159ed\u00ed. Masku je mo\u017en\u00e9 pou\u017e\u00edt se \u0161irokou \u0161k\u00e1lou standardn\u00edch kanistrov\u00fdch filtr\u016f a s filtra\u010dn\u011b-ventila\u010dn\u00edmi jednotkami CleanAIR\u00ae. Maska je vyrobena z vysoce kvalitn\u00edho silikonu, kter\u00fd zaru\u010duje vysokou chemickou odolnost a dlouhou \u017eivotnost. Dvojit\u00e1 t\u011bsn\u00edc\u00ed linie udr\u017euje maxim\u00e1ln\u00ed t\u011bsnost p\u0159i zachov\u00e1n\u00ed vysok\u00e9ho komfortu. Dva v\u00fddechov\u00e9 ventily sni\u017euj\u00ed d\u00fdchac\u00ed odpor a udr\u017euj\u00ed masku chladnou a suchou. \u0160estibodov\u00fd up\u00ednac\u00ed syst\u00e9m zaji\u0161\u0165uje bezpe\u010dn\u00e9 a snadn\u00e9 upnut\u00ed. \u0160irok\u00fd panoramatick\u00fd zorn\u00edk nab\u00edz\u00ed maxim\u00e1ln\u00ed zorn\u00e9 pole. Zorn\u00edk je vybaven vrstvou proti po\u0161kr\u00e1b\u00e1n\u00ed, kter\u00e1 poskytuje vysokou mechanickou ochranu, tu lze zv\u00fd\u0161it p\u0159id\u00e1n\u00edm ochrann\u00e9 f\u00f3lie. Zorn\u00edk je vym\u011bniteln\u00fd. Maska je vybavena pr\u016fzvu\u010dnou membr\u00e1nou usnad\u0148uj\u00edc\u00ed komunikaci.<\/p>\n<p>[\/vc_column_text][vc_btn title=&#8220;Pod\u00edvejte se na celou \u0159adu masek!&#8220; shape=&#8220;square&#8220; color=&#8220;juicy-pink&#8220; size=&#8220;lg&#8220; align=&#8220;left&#8220; i_icon_fontawesome=&#8220;fa fa-info-circle&#8220; css_animation=&#8220;none&#8220; add_icon=&#8220;true&#8220; link=&#8220;url:https%3A%2F%2Fwww.clean-air.cz%2Fcs%2Fhlavove-dily%2Fmasky%2F|title:Pod%C3%ADvejte%20se%20na%20celou%20%C5%99adu%20lehk%C3%BDch%20kukel%21|&#8220;][\/vc_column][\/vc_row][vc_row][vc_column][vc_tta_tabs style=&#8220;modern&#8220; shape=&#8220;square&#8220; active_section=&#8220;1&#8243; no_fill_content_area=&#8220;true&#8220; title=&#8220;Detaily&#8220;][vc_tta_section i_icon_fontawesome=&#8220;fa fa-industry&#8220; add_icon=&#8220;true&#8220; title=&#8220;Oblast pou\u017eit\u00ed&#8220; tab_id=&#8220;1513150336358-68add988-e9ea&#8220;][vc_column_text]<\/p>\n<p><span style=\"color: #be0300;\"><strong>Oblast pou\u017eit\u00ed<\/strong><\/span><\/p>\n<p>Maska je vhodn\u00e1 pro pou\u017eit\u00ed v prost\u0159ed\u00ed s vysokou chemickou \u010di biologickou kontaminac\u00ed a spl\u0148uje nejvy\u0161\u0161\u00ed po\u017eadavky na ochranu d\u00fdch\u00e1n\u00ed. Krom chemick\u00e9ho pr\u016fmyslu m\u016f\u017ee b\u00fdt vyu\u017eita ve farmaceutick\u00e9m pr\u016fmyslu, laborato\u0159\u00edch, lakovn\u00e1ch a p\u0159i sana\u010dn\u00edch prac\u00edch.<\/p>\n<p>[\/vc_column_text][\/vc_tta_section][vc_tta_section i_icon_fontawesome=&#8220;fa fa-thumbs-o-up&#8220; add_icon=&#8220;true&#8220; title=&#8220;V\u00fdhody&#8220; tab_id=&#8220;1513150336359-b7b65468-8021&#8243;][vc_column_text]<\/p>\n<p><span style=\"color: #be0300;\"><strong>Funkce a v\u00fdhody<\/strong><\/span><\/p>\n<ul>\n<li>Dvojit\u00e1 t\u011bsn\u00edc\u00ed linie pro maxim\u00e1ln\u00ed ochranu a komfort<\/li>\n<li>Vysok\u00e1 chemick\u00e1 odolnost<\/li>\n<li>Vym\u011bniteln\u00fd \u0161irok\u00fd panoramatick\u00fd zorn\u00edk<\/li>\n<li>Povrchov\u00e1 \u00faprava zvy\u0161uj\u00edc\u00ed odolnost proti po\u0161kr\u00e1b\u00e1n\u00ed<\/li>\n<li>\u0160estibodov\u00fd n\u00e1hlavn\u00ed up\u00ednac\u00ed syst\u00e9m<\/li>\n<li>Dva v\u00fddechov\u00e9 ventily zaru\u010duj\u00ed men\u0161\u00ed odpor p\u0159i d\u00fdch\u00e1n\u00ed<\/li>\n<li>Pr\u016fzvu\u010dn\u00e1 membr\u00e1na<\/li>\n<li>Dostupn\u00e1 ochrann\u00e1 f\u00f3lie zorn\u00edku<\/li>\n<\/ul>\n<p>[\/vc_column_text][\/vc_tta_section][vc_tta_section i_icon_fontawesome=&#8220;fa fa-cog&#8220; add_icon=&#8220;true&#8220; title=&#8220;Komplety, p\u0159\u00edslu\u0161enstv\u00ed, filtry&#8220; tab_id=&#8220;1513153137048-5f8c31c5-30ea&#8220;][vc_column_text]<\/p>\n<table style=\"width: 100%; height: 242px;\">\n<tbody>\n<tr style=\"height: 22px;\">\n<td style=\"text-align: left; height: 22px;\" colspan=\"2\"><span style=\"color: #be0300;\"><strong>Kompletn\u00ed sady<\/strong><\/span><\/td>\n<\/tr>\n<tr style=\"height: 22px;\">\n<td style=\"text-align: left; height: 22px;\">Celoobli\u010dejov\u00e1 maska GX02, velikost S<\/td>\n<td style=\"text-align: left; height: 22px;\">71 06 00S<\/td>\n<\/tr>\n<tr style=\"height: 22px;\">\n<td style=\"text-align: left; height: 22px;\">Celoobli\u010dejov\u00e1 maska GX02, velikost M<\/td>\n<td style=\"text-align: left; height: 22px;\">71 06 00M<\/td>\n<\/tr>\n<tr style=\"height: 22px;\">\n<td style=\"text-align: left; height: 22px;\">Celoobli\u010dejov\u00e1 maska GX02, velikost L<\/td>\n<td style=\"text-align: left; height: 22px;\">71 06 00L<\/td>\n<\/tr>\n<tr style=\"height: 22px;\">\n<td style=\"text-align: left; height: 22px;\" colspan=\"2\"><span style=\"color: #be0300;\"><strong>N\u00e1hradn\u00ed d\u00edly, p\u0159\u00edslu\u0161enstv\u00ed<\/strong><\/span><\/td>\n<\/tr>\n<tr style=\"height: 22px;\">\n<td style=\"text-align: left; height: 22px;\">Hlavov\u00fd k\u0159\u00ed\u017e<\/td>\n<td style=\"text-align: left; height: 22px;\">71 06 80<\/td>\n<\/tr>\n<tr style=\"height: 22px;\">\n<td style=\"text-align: left; height: 22px;\">Vnit\u0159n\u00ed maska v\u010detn\u011b vnit\u0159n\u00edch ventil\u016f GX02 (P\u0159idejte S\/M\/L m\u00edsto*)<\/td>\n<td style=\"text-align: left; height: 22px;\">71 06 90*<\/td>\n<\/tr>\n<tr style=\"height: 22px;\">\n<td style=\"text-align: left; height: 22px;\">Sada nadechovac\u00edch ventil\u016f pro masku GX02 (balen\u00ed 5-ti ks)<\/td>\n<td style=\"text-align: left; height: 22px;\">71 06 95<\/td>\n<\/tr>\n<tr style=\"height: 22px;\">\n<td style=\"text-align: left; height: 22px;\">Sada vydechovac\u00edch ventil\u016f pro masku GX02 (balen\u00ed 5-ti ks)<\/td>\n<td style=\"text-align: left; height: 22px;\">71 06 96<\/td>\n<\/tr>\n<tr style=\"height: 22px;\">\n<td style=\"text-align: left; height: 22px;\">Ochrana zorn\u00edku pro GX02<\/td>\n<td style=\"text-align: left; height: 22px;\">71 06 20<\/td>\n<\/tr>\n<tr style=\"height: 22px;\">\n<td style=\"text-align: left; height: 22px;\">P\u0159edn\u00ed kryt masky GX02<\/td>\n<td style=\"text-align: left; height: 22px;\">71 06 97<\/td>\n<\/tr>\n<\/tbody>\n<\/table>\n<table>\n<tbody>\n<tr style=\"height: 22px;\">\n<td style=\"text-align: left; height: 22px;\" colspan=\"2\"><strong style=\"color: #be0300;\">Shigematsu GX02 &#8211; kompatibiln\u00ed filtry<\/strong><\/td>\n<\/tr>\n<tr style=\"height: 22px;\">\n<td style=\"text-align: left; height: 22px;\" colspan=\"2\">Kompatibiln\u00ed se v\u0161emi filtry proti\u010d\u00e1sticov\u00fdmi, protiplynov\u00fdmi a kombinovan\u00fdmi CleanAIR\u00ae se z\u00e1vitem<br \/>\nRD40\u00d71\/7\u201c<\/td>\n<\/tr>\n<\/tbody>\n<\/table>\n<p>[\/vc_column_text][\/vc_tta_section][vc_tta_section i_icon_fontawesome=&#8220;fa fa-wrench&#8220; add_icon=&#8220;true&#8220; title=&#8220;Technick\u00e1 data&#8220; tab_id=&#8220;1513153797992-792040b0-82c9&#8243;][vc_column_text]<\/p>\n<table>\n<tbody>\n<tr>\n<td style=\"text-align: left;\">Hmotnost<\/td>\n<td style=\"text-align: center;\">660 g (velikost S)<br \/>\n673 g (velikostM)<br \/>\n700 g (velikostL)<\/td>\n<\/tr>\n<tr>\n<td style=\"text-align: left;\">Dostupn\u00e9 velikosti<\/td>\n<td style=\"text-align: center;\">S, M, L<\/td>\n<\/tr>\n<tr>\n<td style=\"text-align: left;\">Materi\u00e1l<\/td>\n<td style=\"text-align: center;\">materi\u00e1l t\u011bla masky \u2013 silikonov\u00e1 guma<br \/>\nzorn\u00edk \u2013 polykarbon\u00e1t<br \/>\nhlavov\u00fd postroj \u2013 p\u0159\u00edrodn\u00ed guma<\/td>\n<\/tr>\n<tr>\n<td style=\"text-align: left;\">Ochrann\u00fd faktor (NPF)<\/td>\n<td style=\"text-align: center;\">2000<\/td>\n<\/tr>\n<tr>\n<td style=\"text-align: left;\">Konektor hadice\/filtru<\/td>\n<td style=\"text-align: center;\">RD40\u00d71\/7\u201c<\/td>\n<\/tr>\n<tr>\n<td style=\"text-align: left;\">Certifikace<\/td>\n<td style=\"text-align: center;\">EN 12942 TM3<br \/>\nEN 136 CL3<\/td>\n<\/tr>\n<\/tbody>\n<\/table>\n<p>[\/vc_column_text][\/vc_tta_section][vc_tta_section i_icon_fontawesome=&#8220;fa fa-download&#8220; add_icon=&#8220;true&#8220; title=&#8220;Ke sta\u017een\u00ed&#8220; tab_id=&#8220;1513154098935-95c74e4f-fa1e&#8220;][vc_column_text]<a href=\"https:\/\/www.clean-air.cz\/wp-content\/uploads\/2023\/11\/User-manual_CNA-038-R07_Shigematsu-GX02_DIGI.pdf\" target=\"_blank\" rel=\"noopener\">User manual &#8211; Shigematsu GX02<\/a><\/p>\n<p><a href=\"https:\/\/www.clean-air.cz\/wp-content\/uploads\/2021\/03\/DA-045_-_710600_-_Shigematsu_GX02_-_EN.pdf\" target=\"_blank\" rel=\"noopener\">Datasheet &#8211; 710600 &#8211; Shigematsu GX02 &#8211; EN<\/a><\/p>\n<p><a href=\"https:\/\/www.clean-air.cz\/wp-content\/uploads\/2023\/08\/PS-710600-1-R3-Shigematsu-GX02.pdf\">PS-710600-1-R3 Shigematsu GX02 EN<\/a>[\/vc_column_text][\/vc_tta_section][vc_tta_section i_icon_fontawesome=&#8220;fa fa-picture-o&#8220; add_icon=&#8220;true&#8220; title=&#8220;Galerie&#8220; tab_id=&#8220;1515415801460-0c2258c9-4574&#8243;][vc_gallery type=&#8220;image_grid&#8220; images=&#8220;513&#8243; img_size=&#8220;medium&#8220; css_animation=&#8220;fadeIn&#8220; css=&#8220;.vc_custom_1530248979166{padding-left: 280px !important;}&#8220;][\/vc_tta_section][\/vc_tta_tabs][\/vc_column][\/vc_row][vc_row][vc_column][vc_separator][\/vc_column][\/vc_row][vc_row][vc_column][vc_separator color=&#8220;juicy_pink&#8220;][\/vc_column][\/vc_row]<\/p>\n","protected":false},"excerpt":{"rendered":"<p>[vc_row][vc_column width=&#8220;1\/2&#8243;][vc_gallery interval=&#8220;3&#8243; images=&#8220;513&#8243; img_size=&#8220;large&#8220;][\/vc_column][vc_column width=&#8220;1\/2&#8243;][vc_column_text] Ergonomick\u00e1 celoobli\u010dejov\u00e1 maska pro nejvy\u0161\u0161\u00ed ochranu Celoobli\u010dejov\u00e1 maska Shigematsu GX02 nab\u00edz\u00ed tu nejvy\u0161\u0161\u00ed \u00farove\u0148 ochrany ve vysoce kontaminovan\u00e9m prost\u0159ed\u00ed. Masku je mo\u017en\u00e9 pou\u017e\u00edt se \u0161irokou \u0161k\u00e1lou standardn\u00edch kanistrov\u00fdch filtr\u016f a s filtra\u010dn\u011b-ventila\u010dn\u00edmi jednotkami CleanAIR\u00ae. Maska je vyrobena z vysoce kvalitn\u00edho silikonu, kter\u00fd zaru\u010duje vysokou chemickou odolnost a dlouhou \u017eivotnost. Dvojit\u00e1 t\u011bsn\u00edc\u00ed linie udr\u017euje maxim\u00e1ln\u00ed t\u011bsnost p\u0159i zachov\u00e1n\u00ed vysok\u00e9ho komfortu. Dva v\u00fddechov\u00e9 ventily sni\u017euj\u00ed d\u00fdchac\u00ed<\/p>\n<p><a class=\"more-link\" href=\"https:\/\/www.clean-air.cz\/cs\/hlavove-dily\/masky\/shigematsu-gx02\/\">Read More<\/a><\/p>\n","protected":false},"author":11,"featured_media":0,"parent":2862,"menu_order":0,"comment_status":"closed","ping_status":"closed","template":"","meta":{"footnotes":""},"_links":{"self":[{"href":"https:\/\/www.clean-air.cz\/cs\/wp-json\/wp\/v2\/pages\/2902"}],"collection":[{"href":"https:\/\/www.clean-air.cz\/cs\/wp-json\/wp\/v2\/pages"}],"about":[{"href":"https:\/\/www.clean-air.cz\/cs\/wp-json\/wp\/v2\/types\/page"}],"author":[{"embeddable":true,"href":"https:\/\/www.clean-air.cz\/cs\/wp-json\/wp\/v2\/users\/11"}],"replies":[{"embeddable":true,"href":"https:\/\/www.clean-air.cz\/cs\/wp-json\/wp\/v2\/comments?post=2902"}],"version-history":[{"count":0,"href":"https:\/\/www.clean-air.cz\/cs\/wp-json\/wp\/v2\/pages\/2902\/revisions"}],"up":[{"embeddable":true,"href":"https:\/\/www.clean-air.cz\/cs\/wp-json\/wp\/v2\/pages\/2862"}],"wp:attachment":[{"href":"https:\/\/www.clean-air.cz\/cs\/wp-json\/wp\/v2\/media?parent=2902"}],"curies":[{"name":"wp","href":"https:\/\/api.w.org\/{rel}","templated":true}]}}