{"id":2887,"date":"2018-10-29T16:21:50","date_gmt":"2018-10-29T15:21:50","guid":{"rendered":"https:\/\/www.clean-air.cz\/masky\/shigematsu-cf02\/"},"modified":"2026-01-27T08:47:16","modified_gmt":"2026-01-27T07:47:16","slug":"shigematsu-cf02","status":"publish","type":"page","link":"https:\/\/www.clean-air.cz\/cs\/hlavove-dily\/masky\/shigematsu-cf02\/","title":{"rendered":"Shigematsu CF02"},"content":{"rendered":"<p>[vc_row][vc_column width=&#8220;1\/2&#8243;][vc_gallery interval=&#8220;3&#8243; images=&#8220;519&#8243; img_size=&#8220;large&#8220;][\/vc_column][vc_column width=&#8220;1\/2&#8243;][vc_column_text]<\/p>\n<p><strong><span style=\"font-size: 14pt; color: #be0300;\">Lehk\u00e1 celoobli\u010dejov\u00e1 maska se \u0161irok\u00fdm zorn\u00edkem<\/span><\/strong><\/p>\n<p>CF02 je lehk\u00e1 celoobli\u010dejov\u00e1 maska vhodn\u00e1 pro n\u00e1ro\u010dn\u00e9 chemick\u00e9 podm\u00ednky. Maska m\u016f\u017ee b\u00fdt vyu\u017eita v kombinaci se standardn\u00edmi kanistrov\u00fdmi filtry a filtra\u010dn\u011b-ventila\u010dn\u00edmi<br \/>\njednotkami CleanAIR\u00ae. Sf\u00e9rick\u00fd zorn\u00edk je um\u00edst\u011bn bl\u00edzko u\u017eivatelov\u00fdch o\u010d\u00ed a poskytuje skv\u011bl\u00fd rozhled. Zorn\u00edk je vybaven vrstvou proti po\u0161kr\u00e1b\u00e1n\u00ed a poskytuje vysokou mechanickou<br \/>\nodolnost, kterou lze zv\u00fd\u0161it ochrannou f\u00f3li\u00ed. T\u011blo je vyroben\u00e9 z vysoce kvalitn\u00edho materi\u00e1lu (Styrene TPE), kter\u00fd zaru\u010duje vysokou chemickou odolnost a dlouhou \u017eivotnost. \u0160estibodov\u00fd<br \/>\nn\u00e1hlavn\u00ed up\u00ednac\u00ed syst\u00e9m zaru\u010duje bezpe\u010dn\u00e9 a jednoduch\u00e9 upnut\u00ed. Povrch masky je nep\u0159ilnav\u00fd a nezachyt\u00e1v\u00e1 vlasy.<\/p>\n<p>[\/vc_column_text][vc_btn title=&#8220;Pod\u00edvejte se na celou \u0159adu masek!&#8220; shape=&#8220;square&#8220; color=&#8220;juicy-pink&#8220; size=&#8220;lg&#8220; align=&#8220;left&#8220; i_icon_fontawesome=&#8220;fa fa-info-circle&#8220; css_animation=&#8220;none&#8220; add_icon=&#8220;true&#8220; link=&#8220;url:https%3A%2F%2Fwww.clean-air.cz%2Fcs%2Fhlavove-dily%2Fmasky%2F|title:Pod%C3%ADvejte%20se%20na%20celou%20%C5%99adu%20lehk%C3%BDch%20kukel%21|&#8220;][\/vc_column][\/vc_row][vc_row][vc_column][vc_tta_tabs style=&#8220;modern&#8220; shape=&#8220;square&#8220; active_section=&#8220;1&#8243; no_fill_content_area=&#8220;true&#8220; title=&#8220;Detaily&#8220;][vc_tta_section i_icon_fontawesome=&#8220;fa fa-industry&#8220; add_icon=&#8220;true&#8220; title=&#8220;Oblast pou\u017eit\u00ed&#8220; tab_id=&#8220;1513150336358-68add988-e9ea&#8220;][vc_column_text]<\/p>\n<p><span style=\"color: #be0300;\"><strong>Oblast pou\u017eit\u00ed<\/strong><\/span><\/p>\n<p>Maska je vhodn\u00e1 pro pou\u017eit\u00ed p\u0159i vysok\u00e9 chemick\u00e9 \u010di biologick\u00e9 kontaminaci a spl\u0148uje nejvy\u0161\u0161\u00ed standardy pro ochranu d\u00fdch\u00e1n\u00ed. Mimo n\u00e1ro\u010dn\u00fd chemick\u00fd pr\u016fmysl lze masku pou\u017e\u00edt tak\u00e9 ve farmaceutick\u00e9m pr\u016fmyslu, laborato\u0159\u00edch, lakovn\u00e1ch a p\u0159i sana\u010dn\u00edch prac\u00edch.<\/p>\n<p>[\/vc_column_text][\/vc_tta_section][vc_tta_section i_icon_fontawesome=&#8220;fa fa-thumbs-o-up&#8220; add_icon=&#8220;true&#8220; title=&#8220;V\u00fdhody&#8220; tab_id=&#8220;1513150336359-b7b65468-8021&#8243;][vc_column_text]<\/p>\n<p><span style=\"color: #be0300;\"><strong>Funkce a v\u00fdhody<\/strong><\/span><\/p>\n<ul>\n<li>N\u00edzk\u00e1 hmotnost \u2013 435 g<\/li>\n<li>Vysok\u00e1 chemick\u00e1 odolnost<\/li>\n<li>Sf\u00e9rick\u00fd zorn\u00edk<\/li>\n<li>\u0160estibodov\u00fd up\u00ednac\u00ed syst\u00e9m<\/li>\n<li>Lze pou\u017e\u00edt s celou \u0159adou kanistrov\u00fdch filtr\u016f<\/li>\n<li>Dva v\u00fddechov\u00e9 ventily &#8211; n\u00edzk\u00fd odpor p\u0159i d\u00fdch\u00e1n\u00ed<\/li>\n<li>Dostupn\u00e1 ochrann\u00e1 f\u00f3lie<\/li>\n<\/ul>\n<p>[\/vc_column_text][\/vc_tta_section][vc_tta_section i_icon_fontawesome=&#8220;fa fa-cog&#8220; add_icon=&#8220;true&#8220; title=&#8220;Komplety, p\u0159\u00edslu\u0161enstv\u00ed, filtry&#8220; tab_id=&#8220;1513153137048-5f8c31c5-30ea&#8220;][vc_column_text]<\/p>\n<table>\n<tbody>\n<tr>\n<td style=\"text-align: left;\" colspan=\"2\"><span style=\"color: #be0300;\"><strong>Kompletn\u00ed sety<\/strong><\/span><\/td>\n<\/tr>\n<tr>\n<td style=\"text-align: left;\">Celoobli\u010dejov\u00e1 maska CF02, velikost M<\/td>\n<td style=\"text-align: center;\">72 06 00M<\/td>\n<\/tr>\n<tr>\n<td style=\"text-align: left;\">Celoobli\u010dejov\u00e1 maska CF02, velikost L<\/td>\n<td style=\"text-align: center;\">72 06 00L<\/td>\n<\/tr>\n<tr>\n<td style=\"text-align: left;\" colspan=\"2\"><span style=\"color: #be0300;\"><strong>Spare parts, accessories<\/strong><\/span><\/td>\n<\/tr>\n<tr>\n<td style=\"text-align: left;\">Sada vydechovac\u00edch ventil\u016f CF02 (membr\u00e1na 5ks + kryt ventilu 1ks)<\/td>\n<td style=\"text-align: center;\">72 06 96<\/td>\n<\/tr>\n<tr>\n<td style=\"text-align: left;\">Sada nadechovac\u00edch membr\u00e1n CF02 (balen\u00ed 5-ti ks)<\/td>\n<td style=\"text-align: center;\">72 06 95<\/td>\n<\/tr>\n<tr>\n<td style=\"text-align: left;\">Vnit\u0159n\u00ed maska pro CF02 velikost \u201eM\u201c<\/td>\n<td style=\"text-align: center;\">72 06 90M<\/td>\n<\/tr>\n<tr>\n<td style=\"text-align: left;\">Vnit\u0159n\u00ed maska pro CF02 velikost \u201eL\u201c<\/td>\n<td style=\"text-align: center;\">72 06 90L<\/td>\n<\/tr>\n<tr>\n<td style=\"text-align: left;\">Ochrana zorn\u00edku pro CF02<\/td>\n<td style=\"text-align: center;\">72 06 20<\/td>\n<\/tr>\n<tr>\n<td style=\"text-align: left;\">Hlavov\u00fd k\u0159\u00ed\u017e<\/td>\n<td style=\"text-align: center;\">72 06 80<\/td>\n<\/tr>\n<tr>\n<td style=\"text-align: left;\" colspan=\"2\"><span style=\"color: #be0300;\"><strong>Shigematsu CF02 &#8211; kompatibiln\u00ed filtry<\/strong><\/span><\/td>\n<\/tr>\n<tr>\n<td style=\"text-align: left;\" colspan=\"2\">Kompatibiln\u00ed se v\u0161emi \u010d\u00e1sticov\u00fdmi, plynov\u00fdmi a kombinovan\u00fdmi filtry CleanAIR\u00ae se z\u00e1vitem RD40\u00d71\/7\u201c.<\/td>\n<\/tr>\n<\/tbody>\n<\/table>\n<p>[\/vc_column_text][\/vc_tta_section][vc_tta_section i_icon_fontawesome=&#8220;fa fa-wrench&#8220; add_icon=&#8220;true&#8220; title=&#8220;Technick\u00e1 data&#8220; tab_id=&#8220;1513153797992-792040b0-82c9&#8243;][vc_column_text]<\/p>\n<table>\n<tbody>\n<tr>\n<td style=\"text-align: left;\">Hmosnost<\/td>\n<td style=\"text-align: center;\">435 g<\/td>\n<\/tr>\n<tr>\n<td style=\"text-align: left;\">Dostupn\u00e9 velikosti<\/td>\n<td style=\"text-align: center;\">M, L<\/td>\n<\/tr>\n<tr>\n<td style=\"text-align: left;\">Materi\u00e1l<\/td>\n<td style=\"text-align: center;\">t\u011blo masky \u2013 termoplastick\u00fd elastomer TPE<br \/>\nzorn\u00edk \u2013 polykarbon\u00e1t<br \/>\nhlavov\u00fd postroj \u2013 polybutylen tereftal\u00e1t TPU<\/td>\n<\/tr>\n<tr>\n<td style=\"text-align: left;\">Ochrann\u00fd faktor (NPF)<\/td>\n<td style=\"text-align: center;\">2 000<\/td>\n<\/tr>\n<tr>\n<td style=\"text-align: left;\">Konektor hadice\/filtru<\/td>\n<td style=\"text-align: center;\">RD40\u00d71\/7\u201c<\/td>\n<\/tr>\n<tr>\n<td style=\"text-align: left;\">Certifikace<\/td>\n<td style=\"text-align: center;\">EN 12942 TM3<br \/>\nEN 136 CL3<\/td>\n<\/tr>\n<\/tbody>\n<\/table>\n<p>[\/vc_column_text][\/vc_tta_section][vc_tta_section i_icon_fontawesome=&#8220;fa fa-download&#8220; add_icon=&#8220;true&#8220; title=&#8220;Ke sta\u017een\u00ed&#8220; tab_id=&#8220;1513154098935-95c74e4f-fa1e&#8220;][vc_column_text]<a href=\"https:\/\/www.clean-air.cz\/wp-content\/uploads\/2024\/07\/User-manual-CNA-041-R06-Shigematsu-CF02-72-06-00_DIGI.pdf\">User manual &#8211; Shigematsu CF02 &#8211; 72 06 00_DIGI<\/a><\/p>\n<p><a href=\"https:\/\/www.clean-air.cz\/wp-content\/uploads\/2024\/01\/DA-044_720600_Shigematsu_CF02_EN.pdf\">Datasheet \u2013 DA-044_720600_Shigematsu_CF02_EN<\/a><\/p>\n<p><a href=\"https:\/\/www.clean-air.cz\/wp-content\/uploads\/2024\/10\/PS-720600-1-R3-Shigematsu-CF02.pdf\">Declaration of Confornity &#8211; PS-720600-1-R3 Shigematsu CF02<\/a>[\/vc_column_text][\/vc_tta_section][vc_tta_section i_icon_fontawesome=&#8220;fa fa-picture-o&#8220; add_icon=&#8220;true&#8220; title=&#8220;Galerie&#8220; tab_id=&#8220;1515415801460-0c2258c9-4574&#8243;][vc_gallery type=&#8220;image_grid&#8220; images=&#8220;519&#8243; img_size=&#8220;medium&#8220; css_animation=&#8220;fadeIn&#8220; css=&#8220;.vc_custom_1530251840783{padding-left: 280px !important;}&#8220;][\/vc_tta_section][\/vc_tta_tabs][\/vc_column][\/vc_row][vc_row][vc_column][vc_separator color=&#8220;juicy_pink&#8220;][\/vc_column][\/vc_row]<\/p>\n","protected":false},"excerpt":{"rendered":"<p>[vc_row][vc_column width=&#8220;1\/2&#8243;][vc_gallery interval=&#8220;3&#8243; images=&#8220;519&#8243; img_size=&#8220;large&#8220;][\/vc_column][vc_column width=&#8220;1\/2&#8243;][vc_column_text] Lehk\u00e1 celoobli\u010dejov\u00e1 maska se \u0161irok\u00fdm zorn\u00edkem CF02 je lehk\u00e1 celoobli\u010dejov\u00e1 maska vhodn\u00e1 pro n\u00e1ro\u010dn\u00e9 chemick\u00e9 podm\u00ednky. Maska m\u016f\u017ee b\u00fdt vyu\u017eita v kombinaci se standardn\u00edmi kanistrov\u00fdmi filtry a filtra\u010dn\u011b-ventila\u010dn\u00edmi jednotkami CleanAIR\u00ae. Sf\u00e9rick\u00fd zorn\u00edk je um\u00edst\u011bn bl\u00edzko u\u017eivatelov\u00fdch o\u010d\u00ed a poskytuje skv\u011bl\u00fd rozhled. Zorn\u00edk je vybaven vrstvou proti po\u0161kr\u00e1b\u00e1n\u00ed a poskytuje vysokou mechanickou odolnost, kterou lze zv\u00fd\u0161it ochrannou f\u00f3li\u00ed. T\u011blo je vyroben\u00e9 z vysoce kvalitn\u00edho materi\u00e1lu<\/p>\n<p><a class=\"more-link\" href=\"https:\/\/www.clean-air.cz\/cs\/hlavove-dily\/masky\/shigematsu-cf02\/\">Read More<\/a><\/p>\n","protected":false},"author":11,"featured_media":0,"parent":2862,"menu_order":0,"comment_status":"closed","ping_status":"closed","template":"","meta":{"footnotes":""},"_links":{"self":[{"href":"https:\/\/www.clean-air.cz\/cs\/wp-json\/wp\/v2\/pages\/2887"}],"collection":[{"href":"https:\/\/www.clean-air.cz\/cs\/wp-json\/wp\/v2\/pages"}],"about":[{"href":"https:\/\/www.clean-air.cz\/cs\/wp-json\/wp\/v2\/types\/page"}],"author":[{"embeddable":true,"href":"https:\/\/www.clean-air.cz\/cs\/wp-json\/wp\/v2\/users\/11"}],"replies":[{"embeddable":true,"href":"https:\/\/www.clean-air.cz\/cs\/wp-json\/wp\/v2\/comments?post=2887"}],"version-history":[{"count":0,"href":"https:\/\/www.clean-air.cz\/cs\/wp-json\/wp\/v2\/pages\/2887\/revisions"}],"up":[{"embeddable":true,"href":"https:\/\/www.clean-air.cz\/cs\/wp-json\/wp\/v2\/pages\/2862"}],"wp:attachment":[{"href":"https:\/\/www.clean-air.cz\/cs\/wp-json\/wp\/v2\/media?parent=2887"}],"curies":[{"name":"wp","href":"https:\/\/api.w.org\/{rel}","templated":true}]}}