{"id":2864,"date":"2018-10-29T15:33:32","date_gmt":"2018-10-29T14:33:32","guid":{"rendered":"https:\/\/www.clean-air.cz\/masky\/polomaska-ca-5\/"},"modified":"2026-01-27T09:14:15","modified_gmt":"2026-01-27T08:14:15","slug":"polomaska-ca-5","status":"publish","type":"page","link":"https:\/\/www.clean-air.cz\/cs\/hlavove-dily\/masky\/polomaska-ca-5\/","title":{"rendered":"Polomaska CA-5"},"content":{"rendered":"<p>[vc_row][vc_column width=&#8220;1\/2&#8243;][vc_gallery interval=&#8220;3&#8243; images=&#8220;527&#8243; img_size=&#8220;large&#8220;][\/vc_column][vc_column width=&#8220;1\/2&#8243;][vc_column_text]<strong><span style=\"font-size: 14pt; color: #be0300;\">Univerz\u00e1ln\u00ed jednofiltrov\u00e1 polomaska<\/span><\/strong><\/p>\n<p>Tato univerz\u00e1ln\u00ed filtra\u010dn\u00ed polomaska s p\u0159ipojovac\u00edm z\u00e1vitem RD40 \u00d7 1\/7 &#8222;podle EN 148-1 je vyrobena z odoln\u00e9ho termoplastick\u00e9ho elastomeru a m\u00e1 \u010dty\u0159bodovou hlavovou p\u00e1sku, kter\u00e1 zaji\u0161\u0165uje pohodln\u00e9 a bezpe\u010dn\u00e9 nasazen\u00ed. Jeho p\u0159ipojovac\u00ed z\u00e1vit 40 mm lze pou\u017e\u00edt s certifikovan\u00fdmi kanystrov\u00fdmi filtry v\u00e1\u017e\u00edc\u00edmi m\u00e9n\u011b ne\u017e 300 g, nebo s FVJ CleanAIR\u00ae.[\/vc_column_text][vc_btn title=&#8220;Pod\u00edvejte se na celou \u0159adu masek!&#8220; shape=&#8220;square&#8220; color=&#8220;juicy-pink&#8220; size=&#8220;lg&#8220; align=&#8220;left&#8220; i_icon_fontawesome=&#8220;fa fa-info-circle&#8220; css_animation=&#8220;none&#8220; add_icon=&#8220;true&#8220; link=&#8220;url:https%3A%2F%2Fwww.clean-air.cz%2Fcs%2Fhlavove-dily%2Fmasky%2F|title:Pod%C3%ADvejte%20se%20na%20celou%20%C5%99adu%20lehk%C3%BDch%20kukel%21|&#8220;][\/vc_column][\/vc_row][vc_row][vc_column][vc_tta_tabs style=&#8220;modern&#8220; shape=&#8220;square&#8220; active_section=&#8220;1&#8243; no_fill_content_area=&#8220;true&#8220; title=&#8220;Detaily&#8220;][vc_tta_section i_icon_fontawesome=&#8220;fa fa-industry&#8220; add_icon=&#8220;true&#8220; title=&#8220;Oblast pou\u017eit\u00ed&#8220; tab_id=&#8220;1513150336358-68add988-e9ea&#8220;][vc_column_text]<span style=\"color: #be0300;\"><strong>Oblast pou\u017eit\u00ed<\/strong><\/span><\/p>\n<ul>\n<li>Lehk\u00e9 pr\u016fmyslov\u00e9 provozy<\/li>\n<li>Stavebnictv\u00ed<\/li>\n<li>Zem\u011bd\u011blstv\u00ed<\/li>\n<\/ul>\n<p>[\/vc_column_text][\/vc_tta_section][vc_tta_section i_icon_fontawesome=&#8220;fa fa-thumbs-o-up&#8220; add_icon=&#8220;true&#8220; title=&#8220;V\u00fdhody&#8220; tab_id=&#8220;1513150336359-b7b65468-8021&#8243;][vc_column_text]<span style=\"color: #be0300;\"><strong>V\u00fdhody<\/strong><\/span><\/p>\n<ul>\n<li>N\u00edzk\u00e1 hmotnost, vysok\u00fd komfort<\/li>\n<li>Univerz\u00e1ln\u00ed velikost<\/li>\n<li>Standardn\u00ed p\u0159ipojen\u00ed dle EN 148-1<\/li>\n<\/ul>\n<p>[\/vc_column_text][\/vc_tta_section][vc_tta_section i_icon_fontawesome=&#8220;fa fa-cog&#8220; add_icon=&#8220;true&#8220; title=&#8220;Komplety, p\u0159\u00edslu\u0161enstv\u00ed, filtry&#8220; tab_id=&#8220;1513153137048-5f8c31c5-30ea&#8220;][vc_column_text]<\/p>\n<table>\n<tbody>\n<tr>\n<td style=\"text-align: left;\" colspan=\"2\"><span style=\"color: #be0300;\"><strong>Kompletn\u00ed sady<\/strong><\/span><\/td>\n<\/tr>\n<tr>\n<td style=\"text-align: left;\">Polomaska CA-5<\/td>\n<td style=\"text-align: center;\">70 05 00<\/td>\n<\/tr>\n<tr>\n<td style=\"text-align: left;\" colspan=\"2\"><span style=\"color: #be0300;\"><strong>Spot\u0159ebn\u00ed d\u00edly, p\u0159\u00edslu\u0161enstv\u00ed<\/strong><\/span><\/td>\n<\/tr>\n<tr>\n<td style=\"text-align: left;\">N\u00e1hlavn\u00ed up\u00ednac\u00ed syst\u00e9m<\/td>\n<td style=\"text-align: center;\">70 05 03<\/td>\n<\/tr>\n<tr>\n<td style=\"text-align: left;\">Vdechovac\u00ed syst\u00e9m<\/td>\n<td style=\"text-align: center;\">70 05 07<\/td>\n<\/tr>\n<tr>\n<td style=\"text-align: left;\">Vydechovac\u00ed syst\u00e9m<\/td>\n<td style=\"text-align: center;\">70 05 08<\/td>\n<\/tr>\n<\/tbody>\n<\/table>\n<p>[\/vc_column_text][\/vc_tta_section][vc_tta_section i_icon_fontawesome=&#8220;fa fa-wrench&#8220; add_icon=&#8220;true&#8220; title=&#8220;Technick\u00e1 data&#8220; tab_id=&#8220;1513153797992-792040b0-82c9&#8243;][vc_column_text]<\/p>\n<table>\n<tbody>\n<tr>\n<td style=\"text-align: left;\">Hmotnost<\/td>\n<td style=\"text-align: center;\">115 g<\/td>\n<\/tr>\n<tr>\n<td style=\"text-align: left;\">Velikost<\/td>\n<td style=\"text-align: center;\">univerz\u00e1ln\u00ed<\/td>\n<\/tr>\n<tr>\n<td style=\"text-align: left;\">Materi\u00e1l<\/td>\n<td style=\"text-align: center;\">TPE<\/td>\n<\/tr>\n<tr>\n<td style=\"text-align: left;\">P\u0159ipojovac\u00ed z\u00e1vit<\/td>\n<td style=\"text-align: center;\">RD40\u00d71\/7\u201c<\/td>\n<\/tr>\n<tr>\n<td style=\"text-align: left;\">Ochrann\u00fd faktor (NPF)<\/td>\n<td style=\"text-align: center;\">200<\/td>\n<\/tr>\n<tr>\n<td style=\"text-align: left;\">Certifikace<\/td>\n<td style=\"text-align: center;\">EN 140, EN 12942 TM2<\/td>\n<\/tr>\n<\/tbody>\n<\/table>\n<p>[\/vc_column_text][\/vc_tta_section][vc_tta_section i_icon_fontawesome=&#8220;fa fa-download&#8220; add_icon=&#8220;true&#8220; title=&#8220;Ke sta\u017een\u00ed&#8220; tab_id=&#8220;1513154098935-95c74e4f-fa1e&#8220;][vc_column_text]<strong><a href=\"https:\/\/www.clean-air.cz\/wp-content\/uploads\/2018\/08\/NA-037-R1-Headpieces-multi-3.pdf\" target=\"_blank\" rel=\"noopener\">NA-037-R1 Headpieces multi<\/a><\/strong><\/p>\n<p><strong><a href=\"https:\/\/www.clean-air.cz\/wp-content\/uploads\/2018\/09\/PS-700500-1-R0-CA-5.pdf\" target=\"_blank\" rel=\"noopener\">PS-700500-1-R0 CA-5<\/a><\/strong>[\/vc_column_text][\/vc_tta_section][vc_tta_section i_icon_fontawesome=&#8220;fa fa-picture-o&#8220; add_icon=&#8220;true&#8220; title=&#8220;Galerie&#8220; tab_id=&#8220;1515415801460-0c2258c9-4574&#8243;][vc_gallery type=&#8220;image_grid&#8220; images=&#8220;527&#8243; img_size=&#8220;medium&#8220; css_animation=&#8220;fadeIn&#8220; css=&#8220;.vc_custom_1530253586793{padding-left: 280px !important;}&#8220;][\/vc_tta_section][\/vc_tta_tabs][\/vc_column][\/vc_row][vc_row][vc_column][vc_separator][\/vc_column][\/vc_row][vc_row full_width=&#8220;stretch_row&#8220; content_placement=&#8220;middle&#8220;][vc_column][vc_images_carousel images=&#8220;573,823&#8243; img_size=&#8220;large&#8220; onclick=&#8220;custom_link&#8220; slides_per_view=&#8220;4&#8243; autoplay=&#8220;yes&#8220; wrap=&#8220;yes&#8220; title=&#8220;Sortiment kompatibiln\u00edch FVJ&#8220; custom_links=&#8220;#E-8_JUZEJUM4JTVFJTlBJTI3JTFBJTk3dyVGRiVGRCVDOCU1RSU5QSUyNyUxQSU5N2clRkY=&#8220; css=&#8220;.vc_custom_1535358728198{padding-left: 0px !important;}&#8220;][\/vc_column][\/vc_row][vc_row][vc_column][vc_separator color=&#8220;juicy_pink&#8220;][\/vc_column][\/vc_row]<\/p>\n","protected":false},"excerpt":{"rendered":"<p>[vc_row][vc_column width=&#8220;1\/2&#8243;][vc_gallery interval=&#8220;3&#8243; images=&#8220;527&#8243; img_size=&#8220;large&#8220;][\/vc_column][vc_column width=&#8220;1\/2&#8243;][vc_column_text]Univerz\u00e1ln\u00ed jednofiltrov\u00e1 polomaska Tato univerz\u00e1ln\u00ed filtra\u010dn\u00ed polomaska s p\u0159ipojovac\u00edm z\u00e1vitem RD40 \u00d7 1\/7 &#8222;podle EN 148-1 je vyrobena z odoln\u00e9ho termoplastick\u00e9ho elastomeru a m\u00e1 \u010dty\u0159bodovou hlavovou p\u00e1sku, kter\u00e1 zaji\u0161\u0165uje pohodln\u00e9 a bezpe\u010dn\u00e9 nasazen\u00ed. Jeho p\u0159ipojovac\u00ed z\u00e1vit 40 mm lze pou\u017e\u00edt s certifikovan\u00fdmi kanystrov\u00fdmi filtry v\u00e1\u017e\u00edc\u00edmi m\u00e9n\u011b ne\u017e 300 g, nebo s FVJ CleanAIR\u00ae.[\/vc_column_text][vc_btn title=&#8220;Pod\u00edvejte se na celou \u0159adu masek!&#8220; shape=&#8220;square&#8220; color=&#8220;juicy-pink&#8220; size=&#8220;lg&#8220; align=&#8220;left&#8220; i_icon_fontawesome=&#8220;fa fa-info-circle&#8220;<\/p>\n<p><a class=\"more-link\" href=\"https:\/\/www.clean-air.cz\/cs\/hlavove-dily\/masky\/polomaska-ca-5\/\">Read More<\/a><\/p>\n","protected":false},"author":11,"featured_media":0,"parent":2862,"menu_order":0,"comment_status":"closed","ping_status":"closed","template":"","meta":{"footnotes":""},"_links":{"self":[{"href":"https:\/\/www.clean-air.cz\/cs\/wp-json\/wp\/v2\/pages\/2864"}],"collection":[{"href":"https:\/\/www.clean-air.cz\/cs\/wp-json\/wp\/v2\/pages"}],"about":[{"href":"https:\/\/www.clean-air.cz\/cs\/wp-json\/wp\/v2\/types\/page"}],"author":[{"embeddable":true,"href":"https:\/\/www.clean-air.cz\/cs\/wp-json\/wp\/v2\/users\/11"}],"replies":[{"embeddable":true,"href":"https:\/\/www.clean-air.cz\/cs\/wp-json\/wp\/v2\/comments?post=2864"}],"version-history":[{"count":0,"href":"https:\/\/www.clean-air.cz\/cs\/wp-json\/wp\/v2\/pages\/2864\/revisions"}],"up":[{"embeddable":true,"href":"https:\/\/www.clean-air.cz\/cs\/wp-json\/wp\/v2\/pages\/2862"}],"wp:attachment":[{"href":"https:\/\/www.clean-air.cz\/cs\/wp-json\/wp\/v2\/media?parent=2864"}],"curies":[{"name":"wp","href":"https:\/\/api.w.org\/{rel}","templated":true}]}}