{"id":2862,"date":"2018-10-29T15:11:00","date_gmt":"2018-10-29T14:11:00","guid":{"rendered":"https:\/\/www.clean-air.cz\/masky\/"},"modified":"2020-09-02T14:22:54","modified_gmt":"2020-09-02T12:22:54","slug":"masky","status":"publish","type":"page","link":"https:\/\/www.clean-air.cz\/cs\/hlavove-dily\/masky\/","title":{"rendered":"Masky a polomasky"},"content":{"rendered":"<p>[vc_row css=&#8220;.vc_custom_1515063137650{background-color: #ffffff !important;}&#8220;][vc_column][vc_column_text]<\/p>\n<div class=\"wpb_text_column wpb_content_element \">\n<div class=\"wpb_wrapper\">\n<p>Celoobli\u010dejov\u00e9 masky a polomasky nab\u00edz\u00ed prvot\u0159\u00eddn\u00ed ochranu d\u00fdchac\u00edch cest v kombinaci se \u0161irokou \u0161k\u00e1lou\u00a0<a href=\"https:\/\/www.clean-air.cz\/cs\/filtry\/\">filtr\u016f<\/a>\u00a0\u010di\u00a0<a href=\"https:\/\/www.clean-air.cz\/cs\/system-osobni-ochrany-dychacich-cest\/\">filtra\u010dn\u011b-ventila\u010dn\u00ed jednotkou<\/a>.<\/p>\n<\/div>\n<\/div>\n<p>[\/vc_column_text][vc_tta_tour style=&#8220;modern&#8220; shape=&#8220;square&#8220; gap=&#8220;1&#8243; active_section=&#8220;1&#8243; no_fill_content_area=&#8220;true&#8220;][vc_tta_section title=&#8220;Celoobli\u010dejov\u00e9 masky GX02&#8243; tab_id=&#8220;1515061200914-4dd3150e-98ab&#8220;][vc_column_text]<\/p>\n<p><img loading=\"lazy\" decoding=\"async\" class=\"wp-image-322 size-medium alignnone\" src=\"https:\/\/www.clean-air.cz\/wp-content\/uploads\/2018\/06\/GX02-iso-copy-300x294.jpg\" alt=\"\" width=\"300\" height=\"294\" srcset=\"https:\/\/www.clean-air.cz\/wp-content\/uploads\/2018\/06\/GX02-iso-copy-300x294.jpg 300w, https:\/\/www.clean-air.cz\/wp-content\/uploads\/2018\/06\/GX02-iso-copy-768x754.jpg 768w, https:\/\/www.clean-air.cz\/wp-content\/uploads\/2018\/06\/GX02-iso-copy-800x785.jpg 800w, https:\/\/www.clean-air.cz\/wp-content\/uploads\/2018\/06\/GX02-iso-copy.jpg 815w\" sizes=\"(max-width: 300px) 100vw, 300px\" \/><\/p>\n<h3>Celoobli\u010dejov\u00e9 maska Shigematsu GX02<\/h3>\n<p>Lehk\u00e1 maska se sf\u00e9rick\u00fdm zorn\u00edkem vyj\u00edme\u010dn\u00e9 kvality. Tento design vylu\u010duje zkreslen\u00ed a poskytuje jasn\u00fd a \u0161irok\u00fd v\u00fdhled. Maska je vyrobena z vysoce kvalitn\u00edho styrenu TPE, kter\u00fd zaru\u010duje vysokou odolnost a dlouhou \u017eivotnost. Je vybavena standardn\u00edm p\u0159ipojovac\u00edm z\u00e1vitem RD40x1 \/ 7 \u201epodle normy EN 148-1 a umo\u017e\u0148uje tak vyu\u017eit\u00ed \u0161irok\u00e9 \u0161k\u00e1ly\u00a0<a href=\"https:\/\/www.clean-air.cz\/cs\/filtry\/\">filtr\u016f<\/a>\u00a0a\u00a0<a href=\"https:\/\/www.clean-air.cz\/cs\/system-osobni-ochrany-dychacich-cest\/\">filtra\u010dn\u011b \u2013 ventila\u010dn\u00edch jednotek CleanAIR\u00ae<\/a>.<\/p>\n<p><strong>Oblast pou\u017eit\u00ed<\/strong><\/p>\n<p>Chemick\u00fd pr\u016fmysl, laborato\u0159e, stavebnictv\u00ed, sana\u010dn\u00ed pr\u00e1ce<\/p>\n<p><img loading=\"lazy\" decoding=\"async\" class=\"alignnone wp-image-53 \" src=\"https:\/\/www.clean-air.cz\/wp-content\/uploads\/2018\/06\/stit-120.png\" alt=\"\" width=\"58\" height=\"70\" \/>\u00a0<img loading=\"lazy\" decoding=\"async\" class=\"alignnone wp-image-51\" src=\"https:\/\/www.clean-air.cz\/wp-content\/uploads\/2018\/06\/plice-120.png\" alt=\"\" width=\"81\" height=\"70\" \/><\/p>\n<p>[\/vc_column_text][vc_btn title=&#8220;V\u00edce informac\u00ed o produktu&#8220; shape=&#8220;square&#8220; color=&#8220;juicy-pink&#8220; i_icon_fontawesome=&#8220;fa fa-arrow-right&#8220; add_icon=&#8220;true&#8220; link=&#8220;url:https%3A%2F%2Fwww.clean-air.cz%2Fcs%2Fhlavove-dily%2Fmasky%2Fshigematsu-gx02%2F|title:Shigematsu%20GX02|&#8220;][\/vc_tta_section][vc_tta_section title=&#8220;Celoobli\u010dejov\u00e1 maska CF02&#8243; tab_id=&#8220;1515061200914-86b36351-21a4&#8243;][vc_column_text]<\/p>\n<p><img loading=\"lazy\" decoding=\"async\" class=\"wp-image-327 size-medium alignnone\" src=\"https:\/\/www.clean-air.cz\/wp-content\/uploads\/2018\/06\/CF02-iso-copy-256x300.jpg\" alt=\"\" width=\"256\" height=\"300\" srcset=\"https:\/\/www.clean-air.cz\/wp-content\/uploads\/2018\/06\/CF02-iso-copy-256x300.jpg 256w, https:\/\/www.clean-air.cz\/wp-content\/uploads\/2018\/06\/CF02-iso-copy.jpg 682w\" sizes=\"(max-width: 256px) 100vw, 256px\" \/><\/p>\n<h3>Celoobli\u010dejov\u00e1 maska Shigematsu CF02<\/h3>\n<p>Lehk\u00e1 maska se sf\u00e9rick\u00fdm zorn\u00edkem vyj\u00edme\u010dn\u00e9 kvality. Tento design vylu\u010duje zkreslen\u00ed a poskytuje jasn\u00fd a \u0161irok\u00fd v\u00fdhled. Maska je vyrobena z vysoce kvalitn\u00edho styrenu TPE, kter\u00fd zaru\u010duje vysokou odolnost a dlouhou \u017eivotnost. Je vybavena standardn\u00edm p\u0159ipojovac\u00edm z\u00e1vitem RD40x1 \/ 7\u201c podle normy EN 148-1 a umo\u017e\u0148uje tak vyu\u017eit\u00ed \u0161irok\u00e9 \u0161k\u00e1ly\u00a0<a href=\"https:\/\/www.clean-air.cz\/cs\/filtry\/\">filtr\u016f<\/a>\u00a0a\u00a0<a href=\"https:\/\/www.clean-air.cz\/cs\/system-osobni-ochrany-dychacich-cest\/\">filtra\u010dn\u011b \u2013 ventila\u010dn\u00edch jednotek CleanAIR\u00ae<\/a>.<\/p>\n<p><strong>Oblast pou\u017eit\u00ed<\/strong><\/p>\n<p>Chemick\u00fd pr\u016fmysl, laborato\u0159e, stavebnictv\u00ed, sana\u010dn\u00ed pr\u00e1ce<\/p>\n<p><img loading=\"lazy\" decoding=\"async\" class=\"alignnone wp-image-53\" src=\"https:\/\/www.clean-air.cz\/wp-content\/uploads\/2018\/06\/stit-120.png\" alt=\"\" width=\"58\" height=\"70\" \/>\u00a0<img loading=\"lazy\" decoding=\"async\" class=\"alignnone wp-image-51\" src=\"https:\/\/www.clean-air.cz\/wp-content\/uploads\/2018\/06\/plice-120.png\" alt=\"\" width=\"81\" height=\"70\" \/><\/p>\n<p>[\/vc_column_text][vc_btn title=&#8220;V\u00edce informac\u00ed o produktu&#8220; shape=&#8220;square&#8220; color=&#8220;juicy-pink&#8220; i_icon_fontawesome=&#8220;fa fa-arrow-right&#8220; add_icon=&#8220;true&#8220; link=&#8220;url:https%3A%2F%2Fwww.clean-air.cz%2Fcs%2Fhlavove-dily%2Fmasky%2Fshigematsu-cf02%2F|title:Shigematsu%20CF02|&#8220;][\/vc_tta_section][vc_tta_section title=&#8220;Polomaska CA-5&#8243; tab_id=&#8220;1515061723345-c38eb4a5-fa2b&#8220;][vc_column_text]<img loading=\"lazy\" decoding=\"async\" class=\"wp-image-334 size-medium alignnone\" src=\"https:\/\/www.clean-air.cz\/wp-content\/uploads\/2018\/06\/700500-Halfmask-CA-5-289x300.jpg\" alt=\"\" width=\"289\" height=\"300\" srcset=\"https:\/\/www.clean-air.cz\/wp-content\/uploads\/2018\/06\/700500-Halfmask-CA-5-289x300.jpg 289w, https:\/\/www.clean-air.cz\/wp-content\/uploads\/2018\/06\/700500-Halfmask-CA-5-50x52.jpg 50w, https:\/\/www.clean-air.cz\/wp-content\/uploads\/2018\/06\/700500-Halfmask-CA-5.jpg 674w\" sizes=\"(max-width: 289px) 100vw, 289px\" \/><\/p>\n<h3>Polomaska CA-5<\/h3>\n<p>Tato univerz\u00e1ln\u00ed filtra\u010dn\u00ed polomaska s p\u0159ipojovac\u00edm z\u00e1vitem RD40 \u00d7 1\/7 \u201epodle EN 148-1 je vyrobena z odoln\u00e9ho termoplastick\u00e9ho elastomeru a m\u00e1 \u010dty\u0159bodovou hlavovou p\u00e1sku, kter\u00e1 zaji\u0161\u0165uje pohodln\u00e9 a bezpe\u010dn\u00e9 nasazen\u00ed. Jeho p\u0159ipojovac\u00ed z\u00e1vit 40 mm lze pou\u017e\u00edt s certifikovan\u00fdmi\u00a0<a href=\"https:\/\/www.clean-air.cz\/cs\/filtry\/\">kanystrov\u00fdmi filtry<\/a>\u00a0v\u00e1\u017e\u00edc\u00edmi m\u00e9n\u011b ne\u017e 300 g, nebo s\u00a0<a href=\"https:\/\/www.clean-air.cz\/cs\/system-osobni-ochrany-dychacich-cest\/\">filtra\u010dn\u011b \u2013 ventila\u010dn\u00edmi jednotkami CleanAIR<sup>\u00ae<\/sup><\/a>.<\/p>\n<p><strong>Oblast pou\u017eit\u00ed<\/strong><br \/>\nLehk\u00e9 pr\u016fmyslov\u00e9 provozy, stavebnictv\u00ed, zem\u011bd\u011blstv\u00ed<\/p>\n<p><img loading=\"lazy\" decoding=\"async\" class=\"alignnone wp-image-51\" src=\"https:\/\/www.clean-air.cz\/wp-content\/uploads\/2018\/06\/plice-120.png\" alt=\"\" width=\"81\" height=\"70\" \/>[\/vc_column_text][vc_btn title=&#8220;V\u00edce informac\u00ed o produktu&#8220; shape=&#8220;square&#8220; color=&#8220;juicy-pink&#8220; i_icon_fontawesome=&#8220;fa fa-arrow-right&#8220; add_icon=&#8220;true&#8220; link=&#8220;url:https%3A%2F%2Fwww.clean-air.cz%2Fcs%2Fhlavove-dily%2Fmasky%2Fpolomaska-ca-5%2F|title:Polomaska%20CA-5|&#8220;][\/vc_tta_section][\/vc_tta_tour][\/vc_column][\/vc_row][vc_row content_placement=&#8220;middle&#8220;][vc_column][vc_tta_accordion shape=&#8220;square&#8220; active_section=&#8220;&#8220;][vc_tta_section i_icon_fontawesome=&#8220;fa fa-info-circle&#8220; add_icon=&#8220;true&#8220; title=&#8220;Vysv\u011btlivky k ochrann\u00fdm symbol\u016fm &#8220; tab_id=&#8220;1515066157336-19bc9408-6024&#8243;][vc_column_text]<\/p>\n<table class=\" aligncenter\">\n<tbody>\n<tr>\n<td style=\"text-align: center;\"><a href=\"https:\/\/www.clean-air.cz\/wp-content\/uploads\/2017\/12\/helma.png\"><img loading=\"lazy\" decoding=\"async\" class=\"alignnone wp-image-3149\" src=\"https:\/\/www.clean-air.cz\/wp-content\/uploads\/2017\/12\/helma-229x300.png\" alt=\"\" width=\"76\" height=\"100\" \/><\/a><\/td>\n<td style=\"text-align: center;\"><a href=\"https:\/\/www.clean-air.cz\/wp-content\/uploads\/2017\/12\/svarovaci-stit.png\"><img loading=\"lazy\" decoding=\"async\" class=\"alignnone wp-image-3153\" src=\"https:\/\/www.clean-air.cz\/wp-content\/uploads\/2017\/12\/svarovaci-stit-250x300.png\" alt=\"\" width=\"83\" height=\"100\" \/><\/a><\/td>\n<td style=\"text-align: center;\"><a href=\"https:\/\/www.clean-air.cz\/wp-content\/uploads\/2017\/12\/stit.png\"><img loading=\"lazy\" decoding=\"async\" class=\"alignnone wp-image-3152\" src=\"https:\/\/www.clean-air.cz\/wp-content\/uploads\/2017\/12\/stit-250x300.png\" alt=\"\" width=\"83\" height=\"100\" \/><\/a><\/td>\n<td style=\"text-align: center;\"><a href=\"https:\/\/www.clean-air.cz\/wp-content\/uploads\/2017\/12\/sluchatka.png\"><img loading=\"lazy\" decoding=\"async\" class=\"alignnone wp-image-3151\" src=\"https:\/\/www.clean-air.cz\/wp-content\/uploads\/2017\/12\/sluchatka-300x290.png\" alt=\"\" width=\"104\" height=\"100\" \/><\/a><\/td>\n<td style=\"text-align: center;\"><a href=\"https:\/\/www.clean-air.cz\/wp-content\/uploads\/2017\/12\/plice.png\"><img loading=\"lazy\" decoding=\"async\" class=\"alignnone wp-image-3150\" src=\"https:\/\/www.clean-air.cz\/wp-content\/uploads\/2017\/12\/plice-300x261.png\" alt=\"\" width=\"115\" height=\"100\" \/><\/a><\/td>\n<\/tr>\n<tr>\n<td style=\"text-align: center;\"><span style=\"color: #000000;\">HLAVA<\/span><\/td>\n<td style=\"text-align: center;\"><span style=\"color: #000000;\">SVA\u0158OV\u00c1N\u00cd<\/span><\/td>\n<td style=\"text-align: center;\"><span style=\"color: #000000;\">ZRAK A OBLI\u010cEJ<\/span><\/td>\n<td style=\"text-align: center;\"><span style=\"color: #000000;\">SLUCH<\/span><\/td>\n<td style=\"text-align: center;\"><span style=\"color: #000000;\">D\u00ddCHAC\u00cd CESTY<\/span><\/td>\n<\/tr>\n<\/tbody>\n<\/table>\n<p>[\/vc_column_text][\/vc_tta_section][\/vc_tta_accordion][vc_separator color=&#8220;juicy_pink&#8220;][\/vc_column][\/vc_row][vc_row][vc_column][\/vc_column][\/vc_row]<\/p>\n","protected":false},"excerpt":{"rendered":"<p>[vc_row css=&#8220;.vc_custom_1515063137650{background-color: #ffffff !important;}&#8220;][vc_column][vc_column_text] Celoobli\u010dejov\u00e9 masky a polomasky nab\u00edz\u00ed prvot\u0159\u00eddn\u00ed ochranu d\u00fdchac\u00edch cest v kombinaci se \u0161irokou \u0161k\u00e1lou\u00a0filtr\u016f\u00a0\u010di\u00a0filtra\u010dn\u011b-ventila\u010dn\u00ed jednotkou. [\/vc_column_text][vc_tta_tour style=&#8220;modern&#8220; shape=&#8220;square&#8220; gap=&#8220;1&#8243; active_section=&#8220;1&#8243; no_fill_content_area=&#8220;true&#8220;][vc_tta_section title=&#8220;Celoobli\u010dejov\u00e9 masky GX02&#8243; tab_id=&#8220;1515061200914-4dd3150e-98ab&#8220;][vc_column_text] Celoobli\u010dejov\u00e9 maska Shigematsu GX02 Lehk\u00e1 maska se sf\u00e9rick\u00fdm zorn\u00edkem vyj\u00edme\u010dn\u00e9 kvality. Tento design vylu\u010duje zkreslen\u00ed a poskytuje jasn\u00fd a \u0161irok\u00fd v\u00fdhled. Maska je vyrobena z vysoce kvalitn\u00edho styrenu TPE, kter\u00fd zaru\u010duje vysokou odolnost a dlouhou \u017eivotnost. Je vybavena standardn\u00edm p\u0159ipojovac\u00edm z\u00e1vitem<\/p>\n<p><a class=\"more-link\" href=\"https:\/\/www.clean-air.cz\/cs\/hlavove-dily\/masky\/\">Read More<\/a><\/p>\n","protected":false},"author":11,"featured_media":0,"parent":3248,"menu_order":0,"comment_status":"closed","ping_status":"closed","template":"","meta":{"footnotes":""},"_links":{"self":[{"href":"https:\/\/www.clean-air.cz\/cs\/wp-json\/wp\/v2\/pages\/2862"}],"collection":[{"href":"https:\/\/www.clean-air.cz\/cs\/wp-json\/wp\/v2\/pages"}],"about":[{"href":"https:\/\/www.clean-air.cz\/cs\/wp-json\/wp\/v2\/types\/page"}],"author":[{"embeddable":true,"href":"https:\/\/www.clean-air.cz\/cs\/wp-json\/wp\/v2\/users\/11"}],"replies":[{"embeddable":true,"href":"https:\/\/www.clean-air.cz\/cs\/wp-json\/wp\/v2\/comments?post=2862"}],"version-history":[{"count":0,"href":"https:\/\/www.clean-air.cz\/cs\/wp-json\/wp\/v2\/pages\/2862\/revisions"}],"up":[{"embeddable":true,"href":"https:\/\/www.clean-air.cz\/cs\/wp-json\/wp\/v2\/pages\/3248"}],"wp:attachment":[{"href":"https:\/\/www.clean-air.cz\/cs\/wp-json\/wp\/v2\/media?parent=2862"}],"curies":[{"name":"wp","href":"https:\/\/api.w.org\/{rel}","templated":true}]}}