{"id":2837,"date":"2018-10-29T14:38:46","date_gmt":"2018-10-29T13:38:46","guid":{"rendered":"https:\/\/www.clean-air.cz\/lehke-kukly\/kratka-kukla-ca-10\/"},"modified":"2026-01-27T08:20:26","modified_gmt":"2026-01-27T07:20:26","slug":"univerzalni-kukla-ca-10","status":"publish","type":"page","link":"https:\/\/www.clean-air.cz\/cs\/hlavove-dily\/lehke-kukly\/univerzalni-kukla-ca-10\/","title":{"rendered":"Univerz\u00e1ln\u00ed kukla CA-10\/G"},"content":{"rendered":"<p>[vc_row][vc_column width=&#8220;1\/2&#8243;][vc_gallery interval=&#8220;0&#8243; images=&#8220;10397,10402,10407,10412,17780,17773&#8243; img_size=&#8220;large&#8220;][\/vc_column][vc_column width=&#8220;1\/2&#8243;][vc_column_text]<\/p>\n<p><strong><span style=\"font-size: 14pt; color: #be0300;\">Vynikaj\u00edc\u00ed ochrana d\u00fdch\u00e1n\u00ed s vysokou chemickou odolnost\u00ed<\/span><\/strong><\/p>\n<p>Tato chemicky odoln\u00e1 kukla zaji\u0161\u0165uje ochranu d\u00fdchac\u00edch cest a ochranu hlavy, krku a ramen v nejn\u00e1ro\u010dn\u011bj\u0161\u00edm chemick\u00e9m prost\u0159ed\u00ed. V kombinaci s PAPR nebo p\u0159etlakov\u00fdmi syst\u00e9my CleanAIR\u00ae dosahuje nejvy\u0161\u0161\u00ed \u00farovn\u011b ochrany d\u00fdch\u00e1n\u00ed. Kapuce m\u00e1 zv\u00fd\u0161enou odolnost a m\u016f\u017ee b\u00fdt dekontaminov\u00e1na d\u00edky lehk\u00e9 laminovan\u00e9 tkanin\u011b s podlepen\u00fdmi \u0161vy. Je velmi lehk\u00e1 a pohodln\u00e1 d\u00edky vnit\u0159n\u00ed antiseptick\u00e9 l\u00e1tce, kter\u00e1 pohlcuje pot a sou\u010dasn\u011b vytv\u00e1\u0159\u00ed dal\u0161\u00ed t\u011bsn\u011bn\u00ed. D\u00edky nastaviteln\u00e9mu hlavov\u00e9mu k\u0159\u00ed\u017ei a pohodln\u00e9 t\u011bsn\u00edc\u00ed p\u00e1sce dokonale padne na r\u016fzn\u00e9 typy hlav. Vzd\u00e1lenost pr\u016fzoru lze individu\u00e1ln\u011b nastavit, stejn\u011b jako obvod hlavy. \u0160irok\u00fd panoramatick\u00fd zorn\u00edk s antifog vrstvou zaji\u0161\u0165uje neru\u0161en\u00fd v\u00fdhled a poskytuje z\u00e1kladn\u00ed mechanickou ochranu.<\/p>\n<p>[\/vc_column_text][\/vc_column][\/vc_row][vc_row][vc_column][vc_tta_tabs style=&#8220;modern&#8220; shape=&#8220;square&#8220; active_section=&#8220;1&#8243; no_fill_content_area=&#8220;true&#8220; title=&#8220;Detaily&#8220;][vc_tta_section i_icon_fontawesome=&#8220;fa fa-industry&#8220; add_icon=&#8220;true&#8220; title=&#8220;Oblast pou\u017eit\u00ed&#8220; tab_id=&#8220;1513150336358-68add988-e9ea&#8220;][vc_column_text]<\/p>\n<p><span style=\"color: #be0300;\"><strong>Oblast pou\u017eit\u00ed<\/strong><\/span><\/p>\n<p>Kuklu lze pou\u017e\u00edt ve v\u0161ech prost\u0159ed\u00edch vy\u017eaduj\u00edc\u00edch vysokou odolnost a chemickou odolnost. Je vhodn\u00e1 pro lakov\u00e1n\u00ed i pro pou\u017eit\u00ed v laborato\u0159\u00edch a farmaceutick\u00e9m nebo chemick\u00e9m pr\u016fmyslu.<\/p>\n<p>[\/vc_column_text][\/vc_tta_section][vc_tta_section i_icon_fontawesome=&#8220;fa fa-thumbs-o-up&#8220; add_icon=&#8220;true&#8220; title=&#8220;V\u00fdhody&#8220; tab_id=&#8220;1513150336359-b7b65468-8021&#8243;][vc_column_text]<\/p>\n<p><span style=\"color: #be0300;\"><strong>V\u00fdhody<\/strong><\/span><\/p>\n<ul>\n<li>Vynikaj\u00edc\u00ed ochrana d\u00fdch\u00e1n\u00ed<\/li>\n<li>Odoln\u00e1 a dekontaminovateln\u00e1<\/li>\n<li>Vnit\u0159n\u00ed antiseptick\u00e1 textilie, kter\u00e1 pohlcuje pot a poskytuje dal\u0161\u00ed ut\u011bsn\u011bn\u00ed<\/li>\n<li>\u0160irok\u00fd v\u00fdhled s vrstvou proti zaml\u017een\u00ed<\/li>\n<li>Nastaviteln\u00fd hlavov\u00fd k\u0159\u00ed\u017e \u2013 nastaviteln\u00fd obvod hlavy a vzd\u00e1lenost zorn\u00edku<\/li>\n<li>P\u0159\u00edjemn\u00e9 no\u0161en\u00ed d\u00edky prostorn\u00e9mu st\u0159ihu a lehk\u00e9mu trvanliv\u00e9mu materi\u00e1lu<\/li>\n<li>Poskytuje maxim\u00e1ln\u00ed ochranu o\u010d\u00ed dle EN 166<\/li>\n<li>Praktick\u00fd reflexn\u00ed p\u00e1sek na horn\u00ed stran\u011b kukly<\/li>\n<\/ul>\n<p>[\/vc_column_text][\/vc_tta_section][vc_tta_section i_icon_fontawesome=&#8220;fa fa-cog&#8220; add_icon=&#8220;true&#8220; title=&#8220;Komplety, p\u0159\u00edslu\u0161enstv\u00ed, filtry&#8220; tab_id=&#8220;1513153137048-5f8c31c5-30ea&#8220;][vc_column_text]<\/p>\n<table>\n<tbody>\n<tr>\n<td style=\"text-align: left;\" colspan=\"2\"><span style=\"color: #be0300;\"><strong>Kompletn\u00ed kukly<\/strong><\/span><\/td>\n<\/tr>\n<tr>\n<td style=\"text-align: left;\">Dlouh\u00e1 kukla CA-10, chemicky odoln\u00e1<\/td>\n<td style=\"text-align: left;\">72 10 02<\/td>\n<\/tr>\n<tr>\n<td style=\"text-align: left;\" colspan=\"2\"><span style=\"color: #be0300;\"><strong>N\u00e1hradn\u00ed d\u00edly a p\u0159\u00edslu\u0161enstv\u00ed<\/strong><\/span><\/td>\n<\/tr>\n<tr>\n<td>Ochrann\u00e1 f\u00f3lie \u2013 10 ks<\/td>\n<td>70 01 20\/10<\/td>\n<\/tr>\n<tr>\n<td>\u010celov\u00e1 p\u00e1ska CleanAIR\u00ae, set 5ks<\/td>\n<td>16 70 03\/5<\/td>\n<\/tr>\n<tr>\n<td>Hlavov\u00fd k\u0159\u00ed\u017e pro lehk\u00e9 kukly CleanAIR\u00ae, nastaviteln\u00fd<\/td>\n<td>72 00 01<\/td>\n<\/tr>\n<\/tbody>\n<\/table>\n<p>[\/vc_column_text][\/vc_tta_section][vc_tta_section i_icon_fontawesome=&#8220;fa fa-wrench&#8220; add_icon=&#8220;true&#8220; title=&#8220;Technick\u00e1 data&#8220; tab_id=&#8220;1513153797992-792040b0-82c9&#8243;][vc_column_text]<\/p>\n<table>\n<tbody>\n<tr>\n<td style=\"text-align: left;\"><span style=\"color: #be0300;\"><strong>V\u00e1ha<\/strong><\/span><\/td>\n<td style=\"text-align: center;\">220 g<\/td>\n<\/tr>\n<tr>\n<td style=\"text-align: left;\"><span style=\"color: #be0300;\"><strong>Materi\u00e1l<\/strong><\/span><\/td>\n<td style=\"text-align: center;\">kukla \u2013 polyethylene laminated<br \/>\nzorn\u00edk &#8211; cellulose propionate<\/td>\n<\/tr>\n<tr>\n<td style=\"text-align: left;\"><span style=\"color: #be0300;\"><strong>Barva<\/strong><\/span><\/td>\n<td style=\"text-align: center;\">\u017elut\u00e1<\/td>\n<\/tr>\n<tr>\n<td style=\"text-align: left;\"><span style=\"color: #be0300;\"><strong>Ochrann\u00fd faktor (NPF)<\/strong><\/span><\/td>\n<td style=\"text-align: center;\">500<\/td>\n<\/tr>\n<tr>\n<td style=\"text-align: left;\"><span style=\"color: #be0300;\"><strong>P\u0159ipojen\u00ed hadice<\/strong><\/span><\/td>\n<td style=\"text-align: center;\">QuickLOCK\u2122<\/td>\n<\/tr>\n<tr>\n<td style=\"text-align: left;\"><span style=\"color: #be0300;\"><strong>Certifikace<\/strong><\/span><\/td>\n<td style=\"text-align: center;\">EN 12941 TH3<br \/>\nEN 14594 3A<br \/>\nEN 166 1 S F<\/td>\n<\/tr>\n<\/tbody>\n<\/table>\n<p>&nbsp;<br \/>\n[\/vc_column_text][\/vc_tta_section][vc_tta_section i_icon_fontawesome=&#8220;fa fa-download&#8220; add_icon=&#8220;true&#8220; title=&#8220;Ke sta\u017een\u00ed&#8220; tab_id=&#8220;1513154098935-95c74e4f-fa1e&#8220;][vc_column_text]<a href=\"https:\/\/www.clean-air.cz\/wp-content\/uploads\/2026\/01\/GR-CNA076-R10-User-Manual-Light-Hoods-DIGI.pdf\">User Manual &#8211; Light Hoods DIGI<\/a><\/p>\n<p><a href=\"https:\/\/www.clean-air.cz\/wp-content\/uploads\/2024\/10\/DA-030_-_721002_-_CA-10_-_EN.pdf\">DA-030_-_721002_-_CA-10_-_EN<\/a><\/p>\n<p><a href=\"https:\/\/www.clean-air.cz\/wp-content\/uploads\/2024\/10\/DA-099_-_721002G_-_CA-10G_CZ.pdf\">DA-099_-_721002G_-_CA-10G_CZ<\/a><\/p>\n<p><a href=\"https:\/\/www.clean-air.cz\/wp-content\/uploads\/2024\/12\/PS-721000-1-R5-CA-10.pdf\">Declaration of Conformity PS-721000-1-R5 CA-10<\/a>[\/vc_column_text][\/vc_tta_section][vc_tta_section i_icon_fontawesome=&#8220;fa fa-picture-o&#8220; add_icon=&#8220;true&#8220; title=&#8220;Galerie&#8220; tab_id=&#8220;1515415801460-0c2258c9-4574&#8243;][vc_gallery type=&#8220;image_grid&#8220; images=&#8220;8551,8660,8655&#8243; img_size=&#8220;medium&#8220; css_animation=&#8220;fadeIn&#8220; css=&#8220;.vc_custom_1580733937473{padding-left: 280px !important;}&#8220;][\/vc_tta_section][\/vc_tta_tabs][\/vc_column][\/vc_row]<\/p>\n","protected":false},"excerpt":{"rendered":"<p>[vc_row][vc_column width=&#8220;1\/2&#8243;][vc_gallery interval=&#8220;0&#8243; images=&#8220;10397,10402,10407,10412,17780,17773&#8243; img_size=&#8220;large&#8220;][\/vc_column][vc_column width=&#8220;1\/2&#8243;][vc_column_text] Vynikaj\u00edc\u00ed ochrana d\u00fdch\u00e1n\u00ed s vysokou chemickou odolnost\u00ed Tato chemicky odoln\u00e1 kukla zaji\u0161\u0165uje ochranu d\u00fdchac\u00edch cest a ochranu hlavy, krku a ramen v nejn\u00e1ro\u010dn\u011bj\u0161\u00edm chemick\u00e9m prost\u0159ed\u00ed. V kombinaci s PAPR nebo p\u0159etlakov\u00fdmi syst\u00e9my CleanAIR\u00ae dosahuje nejvy\u0161\u0161\u00ed \u00farovn\u011b ochrany d\u00fdch\u00e1n\u00ed. Kapuce m\u00e1 zv\u00fd\u0161enou odolnost a m\u016f\u017ee b\u00fdt dekontaminov\u00e1na d\u00edky lehk\u00e9 laminovan\u00e9 tkanin\u011b s podlepen\u00fdmi \u0161vy. Je velmi lehk\u00e1 a pohodln\u00e1 d\u00edky vnit\u0159n\u00ed antiseptick\u00e9 l\u00e1tce, kter\u00e1 pohlcuje<\/p>\n<p><a class=\"more-link\" href=\"https:\/\/www.clean-air.cz\/cs\/hlavove-dily\/lehke-kukly\/univerzalni-kukla-ca-10\/\">Read More<\/a><\/p>\n","protected":false},"author":11,"featured_media":0,"parent":2825,"menu_order":0,"comment_status":"closed","ping_status":"closed","template":"","meta":{"footnotes":""},"_links":{"self":[{"href":"https:\/\/www.clean-air.cz\/cs\/wp-json\/wp\/v2\/pages\/2837"}],"collection":[{"href":"https:\/\/www.clean-air.cz\/cs\/wp-json\/wp\/v2\/pages"}],"about":[{"href":"https:\/\/www.clean-air.cz\/cs\/wp-json\/wp\/v2\/types\/page"}],"author":[{"embeddable":true,"href":"https:\/\/www.clean-air.cz\/cs\/wp-json\/wp\/v2\/users\/11"}],"replies":[{"embeddable":true,"href":"https:\/\/www.clean-air.cz\/cs\/wp-json\/wp\/v2\/comments?post=2837"}],"version-history":[{"count":0,"href":"https:\/\/www.clean-air.cz\/cs\/wp-json\/wp\/v2\/pages\/2837\/revisions"}],"up":[{"embeddable":true,"href":"https:\/\/www.clean-air.cz\/cs\/wp-json\/wp\/v2\/pages\/2825"}],"wp:attachment":[{"href":"https:\/\/www.clean-air.cz\/cs\/wp-json\/wp\/v2\/media?parent=2837"}],"curies":[{"name":"wp","href":"https:\/\/api.w.org\/{rel}","templated":true}]}}