{"id":2736,"date":"2018-10-26T15:04:36","date_gmt":"2018-10-26T13:04:36","guid":{"rendered":"https:\/\/www.clean-air.cz\/cleanair-filtracne-ventilacni-jednotky\/"},"modified":"2025-10-30T11:17:23","modified_gmt":"2025-10-30T10:17:23","slug":"cleanair-filtracne-ventilacni-jednotky","status":"publish","type":"page","link":"https:\/\/www.clean-air.cz\/cs\/","title":{"rendered":"CleanAIR &#8211; syst\u00e9my pro ochranu d\u00fdchac\u00edch cest"},"content":{"rendered":"<p>[vc_row full_width=&#8220;stretch_row&#8220; css=&#8220;.vc_custom_1541165119459{padding-bottom: 0px !important;background-color: #ffffff !important;background-position: center !important;background-repeat: no-repeat !important;background-size: cover !important;}&#8220;][vc_column width=&#8220;1\/3&#8243; css=&#8220;.vc_custom_1515676975015{background-color: #ffffff !important;background-position: center !important;background-repeat: no-repeat !important;background-size: cover !important;}&#8220;][vc_hoverbox image=&#8220;17564&#8243; primary_title=&#8220;Sva\u0159ov\u00e1n\u00ed a V\u00fdroba&#8220; primary_title_font_container=&#8220;color:%23ffffff&#8220; hover_title=&#8220;Sva\u0159ov\u00e1n\u00ed a V\u00fdroba&#8220; hover_title_font_container=&#8220;color:%23ffffff&#8220; shape=&#8220;square&#8220; hover_background_color=&#8220;custom&#8220; hover_btn_title=&#8220;\u010ct\u011bte v\u00edc&#8220; hover_btn_style=&#8220;custom&#8220; hover_btn_custom_background=&#8220;#c00d0d&#8220; hover_btn_custom_text=&#8220;#ffffff&#8220; hover_btn_shape=&#8220;square&#8220; use_custom_fonts_primary_title=&#8220;true&#8220; use_custom_fonts_hover_title=&#8220;true&#8220; hover_add_button=&#8220;true&#8220; primary_title_link=&#8220;url:https%3A%2F%2Fwww.clean-air.cz%2Fcs%2Fsvarovani-a-vyroba%2F|&#8220; hover_btn_link=&#8220;url:https%3A%2F%2Fwww.clean-air.cz%2Fcs%2Fsvarovani-a-vyroba%2F|&#8220; hover_custom_background=&#8220;rgba(41,63,134,0.95)&#8220; hover_title_link=&#8220;url:https%3A%2F%2Fwww.clean-air.cz%2Fcs%2Fsvarovani-a-vyroba%2F|&#8220;]<\/p>\n<div class=\"frontboxeshover\">Objevte v\u00fdhody <strong>syst\u00e9mu ochrany d\u00fdchac\u00edch cest<\/strong> CleanAIR\u00ae pro profesion\u00e1ly pracuj\u00edc\u00ed v nejn\u00e1ro\u010dn\u011bj\u0161\u00edch podm\u00ednk\u00e1ch. Pokud pracujete v lodn\u00edm <strong>pr\u016fmyslu<\/strong>, <strong>na staveni\u0161ti<\/strong>, ve v\u00fdrobn\u00edm z\u00e1vod\u011b, nebo jako <strong>sv\u00e1\u0159e\u010d<\/strong> na mo\u0159i, ur\u010dit\u011b ocen\u00edte \u0161irokou \u0161k\u00e1lu a vysokou kvalitu v\u00fdrobk\u016f zna\u010dky CleanAIR\u00ae.<\/div>\n<p>[\/vc_hoverbox][\/vc_column][vc_column width=&#8220;1\/3&#8243;][vc_hoverbox image=&#8220;2959&#8243; primary_title=&#8220;Chemick\u00fd pr\u016fmysl, farmacie&#8220; primary_title_font_container=&#8220;color:%23ffffff&#8220; hover_title=&#8220;Chemick\u00fd pr\u016fmysl, farmacie&#8220; hover_title_font_container=&#8220;color:%23ffffff&#8220; shape=&#8220;square&#8220; hover_background_color=&#8220;custom&#8220; hover_btn_title=&#8220;\u010ct\u011bte v\u00edc&#8220; hover_btn_style=&#8220;custom&#8220; hover_btn_custom_background=&#8220;#c00d0d&#8220; hover_btn_custom_text=&#8220;#ffffff&#8220; hover_btn_shape=&#8220;square&#8220; use_custom_fonts_primary_title=&#8220;true&#8220; use_custom_fonts_hover_title=&#8220;true&#8220; hover_add_button=&#8220;true&#8220; primary_title_link=&#8220;url:https%3A%2F%2Fwww.clean-air.cz%2Fcs%2Fchemicky-a-farmaceuticky-prumysl%2F|title:Chemick%C3%BD%20pr%C5%AFmysl%2C%20farmacie|&#8220; hover_btn_link=&#8220;url:https%3A%2F%2Fwww.clean-air.cz%2Fcs%2Fchemicky-a-farmaceuticky-prumysl%2F|title:Chemick%C3%BD%20pr%C5%AFmysl%2C%20farmacie|&#8220; hover_custom_background=&#8220;rgba(220,145,27,0.95)&#8220; hover_title_link=&#8220;url:https%3A%2F%2Fwww.clean-air.cz%2Fcs%2Fchemicky-a-farmaceuticky-prumysl%2F|title:Chemick%C3%BD%20pr%C5%AFmysl%2C%20farmacie|&#8220;]<\/p>\n<div class=\"frontboxeshover\">Objevte v\u00fdhody <strong>syst\u00e9mu ochrany d\u00fdchac\u00edch cest<\/strong> CleanAIR\u00ae pro profesion\u00e1ly pracuj\u00edc\u00ed v nejn\u00e1ro\u010dn\u011bj\u0161\u00edch podm\u00ednk\u00e1ch. Pokud pracujete v lodn\u00edm <strong>pr\u016fmyslu<\/strong>, <strong>na staveni\u0161ti<\/strong>, ve v\u00fdrobn\u00edm z\u00e1vod\u011b, nebo jako <strong>sv\u00e1\u0159e\u010d<\/strong> na mo\u0159i, ur\u010dit\u011b ocen\u00edte \u0161irokou \u0161k\u00e1lu a vysokou kvalitu v\u00fdrobk\u016f zna\u010dky CleanAIR\u00ae.<\/div>\n<p>[\/vc_hoverbox][\/vc_column][vc_column width=&#8220;1\/3&#8243;][vc_hoverbox image=&#8220;2971&#8243; primary_title=&#8220;Sanace azbestu&#8220; primary_title_font_container=&#8220;color:%23ffffff&#8220; hover_title=&#8220;Sanace azbestu&#8220; hover_title_font_container=&#8220;color:%23ffffff&#8220; shape=&#8220;square&#8220; hover_background_color=&#8220;custom&#8220; hover_btn_title=&#8220;\u010ct\u011bte v\u00edc&#8220; hover_btn_style=&#8220;custom&#8220; hover_btn_custom_background=&#8220;#a41515&#8243; hover_btn_custom_text=&#8220;#ffffff&#8220; hover_btn_shape=&#8220;square&#8220; use_custom_fonts_primary_title=&#8220;true&#8220; use_custom_fonts_hover_title=&#8220;true&#8220; hover_add_button=&#8220;true&#8220; primary_title_link=&#8220;url:https%3A%2F%2Fwww.clean-air.cz%2Fcs%2Fodstranovani-azbestu%2F|&#8220; hover_btn_link=&#8220;url:https%3A%2F%2Fwww.clean-air.cz%2Fcs%2Fodstranovani-azbestu%2F|&#8220; hover_custom_background=&#8220;#494949&#8243; hover_title_link=&#8220;url:https%3A%2F%2Fwww.clean-air.cz%2Fcs%2Fodstranovani-azbestu%2F|&#8220;]<\/p>\n<div class=\"frontboxeshover\">CleanAIR\u00ae je syst\u00e9m osobn\u00ed ochrany d\u00fdchac\u00edch cest, zalo\u017een\u00fd na principu p\u0159etlaku filtrovan\u00e9ho vzduchu v d\u00fdchac\u00ed z\u00f3n\u011b. Filtra\u010dn\u00ed jednotka um\u00edst\u011bn\u00e1 na opasku u\u017eivatele filtruje vzduch nas\u00e1van\u00fd z okoln\u00edho prost\u0159ed\u00ed, kter\u00fd je pak vzduchovou hadic\u00ed dod\u00e1v\u00e1n do ochrann\u00e9 kukly nebo masky. Vznikl\u00fd p\u0159etlak zabra\u0148uje vniknut\u00ed \u0161kodlivin do d\u00fdchac\u00ed z\u00f3ny. Tento m\u00edrn\u00fd p\u0159etlak z\u00e1rove\u0148 zaji\u0161\u0165uje vysok\u00fd u\u017eivatelsk\u00fd komfort&#8230;<\/div>\n<p>[\/vc_hoverbox][\/vc_column][\/vc_row][vc_row full_width=&#8220;stretch_row&#8220;][vc_column width=&#8220;1\/4&#8243;][vc_column_text]<a href=\"https:\/\/www.clean-air.cz\/wp-content\/uploads\/2025\/05\/CleanAIR-Katalog_2025-CZ_DIGI.pdf\"><img loading=\"lazy\" decoding=\"async\" class=\"alignnone size-medium wp-image-25492\" src=\"https:\/\/www.clean-air.cz\/wp-content\/uploads\/2025\/05\/Catalogue_Clean-AIR_2023-EN-mockup-300x210.jpg\" alt=\"\" width=\"300\" height=\"210\" srcset=\"https:\/\/www.clean-air.cz\/wp-content\/uploads\/2025\/05\/Catalogue_Clean-AIR_2023-EN-mockup-300x210.jpg 300w, https:\/\/www.clean-air.cz\/wp-content\/uploads\/2025\/05\/Catalogue_Clean-AIR_2023-EN-mockup-1024x718.jpg 1024w, https:\/\/www.clean-air.cz\/wp-content\/uploads\/2025\/05\/Catalogue_Clean-AIR_2023-EN-mockup-768x538.jpg 768w, https:\/\/www.clean-air.cz\/wp-content\/uploads\/2025\/05\/Catalogue_Clean-AIR_2023-EN-mockup-1536x1076.jpg 1536w, https:\/\/www.clean-air.cz\/wp-content\/uploads\/2025\/05\/Catalogue_Clean-AIR_2023-EN-mockup-2048x1435.jpg 2048w, https:\/\/www.clean-air.cz\/wp-content\/uploads\/2025\/05\/Catalogue_Clean-AIR_2023-EN-mockup-800x561.jpg 800w\" sizes=\"(max-width: 300px) 100vw, 300px\" \/><\/a>[\/vc_column_text][\/vc_column][vc_column width=&#8220;3\/4&#8243;][vc_column_text]<span style=\"font-size: 24pt; color: #ff0000;\"><strong>Nov\u00fd katalog CleanAIR<\/strong>\u00a0<\/span><\/p>\n<p><span style=\"color: #000080; font-size: 18pt;\"><strong><a style=\"color: #000080;\" href=\"https:\/\/www.clean-air.cz\/wp-content\/uploads\/2025\/05\/CleanAIR-Katalog_2025-CZ_DIGI.pdf\">ST\u00c1HNOUT ZDE<\/a><\/strong><\/span>[\/vc_column_text][\/vc_column][\/vc_row][vc_row full_width=&#8220;stretch_row&#8220;][vc_column]<div class=\"tv_color_box col-padding dark ohidden\" style=\"background-color:#a41515; margin-left:-15px; margin-right:-15px;\"><div><h3 class=\"uppercase\" style=\"font-size: 24px; font-weight:600; margin-top:0;\">\u0158\u00edzen\u00ed kvality<\/h3><p style=\"line-height: 1.8;\">Spole\u010dnost MALINA \u2013 Safety s.r.o. m\u00e1 certifikovan\u00fd syst\u00e9m managementu kvality dle ISO 9001:2008 a AQAP 2110.<\/p><a href=\"https:\/\/www.clean-air.cz\/about-cleanair\/quality-certificates\/\" class=\"button button-border button-light button-rounded uppercase nomargin\">\u010ct\u011bte v\u00edc<\/a><i class=\"fa fa-users bgicon\"><\/i><\/div><\/div>[\/vc_column][\/vc_row]<\/p>\n","protected":false},"excerpt":{"rendered":"<p>[vc_row full_width=&#8220;stretch_row&#8220; css=&#8220;.vc_custom_1541165119459{padding-bottom: 0px !important;background-color: #ffffff !important;background-position: center !important;background-repeat: no-repeat !important;background-size: cover !important;}&#8220;][vc_column width=&#8220;1\/3&#8243; css=&#8220;.vc_custom_1515676975015{background-color: #ffffff !important;background-position: center !important;background-repeat: no-repeat !important;background-size: cover !important;}&#8220;][vc_hoverbox image=&#8220;17564&#8243; primary_title=&#8220;Sva\u0159ov\u00e1n\u00ed a V\u00fdroba&#8220; primary_title_font_container=&#8220;color:%23ffffff&#8220; hover_title=&#8220;Sva\u0159ov\u00e1n\u00ed a V\u00fdroba&#8220; hover_title_font_container=&#8220;color:%23ffffff&#8220; shape=&#8220;square&#8220; hover_background_color=&#8220;custom&#8220; hover_btn_title=&#8220;\u010ct\u011bte v\u00edc&#8220; hover_btn_style=&#8220;custom&#8220; hover_btn_custom_background=&#8220;#c00d0d&#8220; hover_btn_custom_text=&#8220;#ffffff&#8220; hover_btn_shape=&#8220;square&#8220; use_custom_fonts_primary_title=&#8220;true&#8220; use_custom_fonts_hover_title=&#8220;true&#8220; hover_add_button=&#8220;true&#8220; primary_title_link=&#8220;url:https%3A%2F%2Fwww.clean-air.cz%2Fcs%2Fsvarovani-a-vyroba%2F|&#8220; hover_btn_link=&#8220;url:https%3A%2F%2Fwww.clean-air.cz%2Fcs%2Fsvarovani-a-vyroba%2F|&#8220; hover_custom_background=&#8220;rgba(41,63,134,0.95)&#8220; hover_title_link=&#8220;url:https%3A%2F%2Fwww.clean-air.cz%2Fcs%2Fsvarovani-a-vyroba%2F|&#8220;] Objevte v\u00fdhody syst\u00e9mu ochrany d\u00fdchac\u00edch cest CleanAIR\u00ae pro profesion\u00e1ly pracuj\u00edc\u00ed v nejn\u00e1ro\u010dn\u011bj\u0161\u00edch podm\u00ednk\u00e1ch. Pokud pracujete v lodn\u00edm pr\u016fmyslu, na staveni\u0161ti, ve v\u00fdrobn\u00edm z\u00e1vod\u011b,<\/p>\n<p><a class=\"more-link\" href=\"https:\/\/www.clean-air.cz\/cs\/\">Read More<\/a><\/p>\n","protected":false},"author":11,"featured_media":0,"parent":0,"menu_order":0,"comment_status":"closed","ping_status":"open","template":"","meta":{"footnotes":""},"_links":{"self":[{"href":"https:\/\/www.clean-air.cz\/cs\/wp-json\/wp\/v2\/pages\/2736"}],"collection":[{"href":"https:\/\/www.clean-air.cz\/cs\/wp-json\/wp\/v2\/pages"}],"about":[{"href":"https:\/\/www.clean-air.cz\/cs\/wp-json\/wp\/v2\/types\/page"}],"author":[{"embeddable":true,"href":"https:\/\/www.clean-air.cz\/cs\/wp-json\/wp\/v2\/users\/11"}],"replies":[{"embeddable":true,"href":"https:\/\/www.clean-air.cz\/cs\/wp-json\/wp\/v2\/comments?post=2736"}],"version-history":[{"count":0,"href":"https:\/\/www.clean-air.cz\/cs\/wp-json\/wp\/v2\/pages\/2736\/revisions"}],"wp:attachment":[{"href":"https:\/\/www.clean-air.cz\/cs\/wp-json\/wp\/v2\/media?parent=2736"}],"curies":[{"name":"wp","href":"https:\/\/api.w.org\/{rel}","templated":true}]}}