{"id":27252,"date":"2025-08-14T11:59:42","date_gmt":"2025-08-14T09:59:42","guid":{"rendered":"https:\/\/www.clean-air.cz\/hlavove-dily\/masky\/cm-6p-cm-6mp\/"},"modified":"2026-01-27T09:12:35","modified_gmt":"2026-01-27T08:12:35","slug":"cm-6p-cm-6mp","status":"publish","type":"page","link":"https:\/\/www.clean-air.cz\/cs\/hlavove-dily\/masky\/cm-6p-cm-6mp\/","title":{"rendered":"CM-6P\/CM-6MP"},"content":{"rendered":"<p>[vc_row][vc_column width=&#8220;1\/2&#8243;][vc_gallery interval=&#8220;3&#8243; images=&#8220;25461,25390,25402&#8243; img_size=&#8220;large&#8220;][\/vc_column][vc_column width=&#8220;1\/2&#8243;][vc_column_text]<\/p>\n<p data-start=\"0\" data-end=\"57\"><span style=\"font-size: 14pt; color: rgb(255, 0, 0);\" data-mce-style=\"font-size: 14pt; color: #ff0000;\"><strong>Spolehliv\u00e1 ochrana d\u00fdchac\u00edch cest pro n\u00e1ro\u010dn\u00e9 prost\u0159ed\u00ed<\/strong><\/span><\/p>\n<p data-start=\"59\" data-end=\"674\" data-is-last-node=\"\" data-is-only-node=\"\">Ochrann\u00e1 maska CM-6 v kombinaci s kompatibiln\u00edm filtrem nebo s filtroventila\u010dn\u00ed jednotkou CleanAir\u00ae poskytuje komplexn\u00ed ochranu o\u010d\u00ed, obli\u010deje a d\u00fdchac\u00edch cest. Je navr\u017eena pro ochranu u\u017eivatele p\u0159ed toxick\u00fdmi pr\u016fmyslov\u00fdmi chemik\u00e1liemi (TIC), bojov\u00fdmi chemick\u00fdmi l\u00e1tkami (CWA), radioaktivn\u00edmi \u010d\u00e1sticemi, aerosoly, bakteriemi a viry. Tato vysoce v\u00fdkonn\u00e1 celoobli\u010dejov\u00e1 maska je ur\u010dena pro kritick\u00e9 aplikace a zaji\u0161\u0165uje bezpe\u010dn\u00e9 a pohodln\u00e9 no\u0161en\u00ed s vynikaj\u00edc\u00edm zorn\u00fdm polem. A\u0165 u\u017e se pou\u017e\u00edv\u00e1 samostatn\u011b s filtry, nebo v kombinaci s filtra\u010dn\u00ed jednotkou, CM-6 poskytuje spolehlivou ochranu v prost\u0159ed\u00ed s vysok\u00fdm rizikem.<\/p>\n<p>[\/vc_column_text][vc_btn title=&#8220;Pod\u00edvejte se na celou \u0159adu masek!&#8220; shape=&#8220;square&#8220; color=&#8220;juicy-pink&#8220; size=&#8220;lg&#8220; align=&#8220;left&#8220; i_icon_fontawesome=&#8220;fa fa-info-circle&#8220; css_animation=&#8220;none&#8220; add_icon=&#8220;true&#8220; link=&#8220;url:https%3A%2F%2Fwww.clean-air.cz%2Fcs%2Fhlavove-dily%2Fmasky%2F|title:Pod%C3%ADvejte%20se%20na%20celou%20%C5%99adu%20lehk%C3%BDch%20kukel%21|&#8220;][\/vc_column][\/vc_row][vc_row][vc_column][vc_tta_tabs style=&#8220;modern&#8220; shape=&#8220;square&#8220; active_section=&#8220;1&#8243; no_fill_content_area=&#8220;true&#8220; title=&#8220;Detaily&#8220;][vc_tta_section i_icon_fontawesome=&#8220;fa fa-industry&#8220; add_icon=&#8220;true&#8220; title=&#8220;Oblast pou\u017eit\u00ed&#8220; tab_id=&#8220;1513150336358-68add988-e9ea&#8220;][vc_column_text]<\/p>\n<p data-start=\"0\" data-end=\"21\"><span style=\"font-size: 14pt; color: rgb(255, 0, 0);\" data-mce-style=\"font-size: 14pt; color: #ff0000;\"><strong data-start=\"0\" data-end=\"19\">Oblasti pou\u017eit\u00ed<\/strong><\/span><\/p>\n<p data-start=\"23\" data-end=\"164\" data-is-last-node=\"\" data-is-only-node=\"\">CBRN pr\u016fmysl (chemick\u00fd, biologick\u00fd, radia\u010dn\u00ed a jadern\u00fd), zdravotni\u010dt\u00ed pracovn\u00edci, z\u00e1chrann\u00e9 t\u00fdmy, hasi\u010di, policejn\u00ed jednotky, civiln\u00ed ochrana<\/p>\n<p>[\/vc_column_text][\/vc_tta_section][vc_tta_section i_icon_fontawesome=&#8220;fa fa-thumbs-o-up&#8220; add_icon=&#8220;true&#8220; title=&#8220;V\u00fdhody&#8220; tab_id=&#8220;1513150336359-b7b65468-8021&#8243;][vc_column_text]<\/p>\n<p data-start=\"0\" data-end=\"25\"><span style=\"font-size: 14pt; color: rgb(255, 0, 0);\" data-mce-style=\"font-size: 14pt; color: #ff0000;\"><strong data-start=\"0\" data-end=\"23\">Vlastnosti a v\u00fdhody<\/strong><\/span><\/p>\n<ul data-start=\"27\" data-end=\"736\" data-is-last-node=\"\" data-is-only-node=\"\">\n<li data-start=\"27\" data-end=\"190\">\n<p data-start=\"29\" data-end=\"190\"><strong data-start=\"29\" data-end=\"50\">Komplexn\u00ed ochrana<\/strong> \u2013 Chr\u00e1n\u00ed o\u010di, obli\u010dej a d\u00fdchac\u00ed cesty p\u0159ed toxick\u00fdmi chemik\u00e1liemi, bojov\u00fdmi chemick\u00fdmi l\u00e1tkami, radioaktivn\u00edm prachem, bakteriemi a viry.<\/p>\n<\/li>\n<li data-start=\"191\" data-end=\"346\">\n<p data-start=\"193\" data-end=\"346\"><strong data-start=\"193\" data-end=\"216\">Univerz\u00e1ln\u00ed pou\u017eit\u00ed<\/strong> \u2013 Kompatibiln\u00ed s filtry CleanAir\u00ae nebo filtroventila\u010dn\u00edmi jednotkami pro flexibiln\u00ed ochranu v r\u016fzn\u00fdch nebezpe\u010dn\u00fdch prost\u0159ed\u00edch.<\/p>\n<\/li>\n<li data-start=\"347\" data-end=\"465\">\n<p data-start=\"349\" data-end=\"465\"><strong data-start=\"349\" data-end=\"377\">Integrovan\u00fd pitn\u00fd syst\u00e9m<\/strong> \u2013 Umo\u017e\u0148uje bezpe\u010dn\u00e9 dopl\u0148ov\u00e1n\u00ed tekutin p\u0159i dlouhodob\u00e9m pou\u017e\u00edv\u00e1n\u00ed bez omezen\u00ed ochrany.<\/p>\n<\/li>\n<li data-start=\"466\" data-end=\"615\">\n<p data-start=\"468\" data-end=\"615\"><strong data-start=\"468\" data-end=\"506\">Vysok\u00fd komfort a perfektn\u00ed usazen\u00ed<\/strong> \u2013 Ergonomick\u00fd design s nastaviteln\u00fdmi popruhy zaji\u0161\u0165uje bezpe\u010dn\u00e9 a pohodln\u00e9 no\u0161en\u00ed i p\u0159i dlouhodob\u00e9 pr\u00e1ci.<\/p>\n<\/li>\n<li data-start=\"616\" data-end=\"736\" data-is-last-node=\"\">\n<p data-start=\"618\" data-end=\"736\" data-is-last-node=\"\"><strong data-start=\"618\" data-end=\"639\">\u0160irok\u00e9 zorn\u00e9 pole<\/strong> \u2013 Velk\u00fd pr\u016fzor poskytuje vynikaj\u00edc\u00ed viditelnost bez zkreslen\u00ed a zlep\u0161uje orientaci v prostoru.<\/p>\n<\/li>\n<\/ul>\n<p>[\/vc_column_text][\/vc_tta_section][vc_tta_section i_icon_fontawesome=&#8220;&#8220; add_icon=&#8220;true&#8220; title=&#8220;Product codes, accessories, filters&#8220; tab_id=&#8220;1513153137048-5f8c31c5-30ea&#8220;][vc_column_text]<\/p>\n<table style=\"width: 99.68%; height: 66px;\" data-mce-style=\"width: 99.68%; height: 66px;\" class=\"mce-item-table\">\n<tbody>\n<tr style=\"height: 22px;\" data-mce-style=\"height: 22px;\">\n<td style=\"text-align: left; height: 22px; width: 50.4013%;\" data-mce-style=\"text-align: left; height: 22px; width: 50.4013%;\"><span style=\"color: #be0300;\" data-mce-style=\"color: #be0300;\"><strong>Product name<\/strong><\/span><\/td>\n<td style=\"text-align: left; width: 49.4382%;\" data-mce-style=\"text-align: left; width: 49.4382%;\"><span style=\"color: #be0300;\" data-mce-style=\"color: #be0300;\"><strong>&nbsp;Product codes<\/strong><\/span><\/td>\n<\/tr>\n<tr style=\"height: 22px;\" data-mce-style=\"height: 22px;\">\n<td style=\"text-align: left; height: 22px; width: 50.4013%;\" data-mce-style=\"text-align: left; height: 22px; width: 50.4013%;\">Full face mask CM-6P, 6-point, TPE<\/td>\n<td style=\"text-align: left; height: 22px; width: 49.4382%;\" data-mce-style=\"text-align: left; height: 22px; width: 49.4382%;\">740600.05<\/td>\n<\/tr>\n<tr style=\"height: 22px;\" data-mce-style=\"height: 22px;\">\n<td style=\"text-align: left; height: 22px; width: 50.4013%;\" data-mce-style=\"text-align: left; height: 22px; width: 50.4013%;\">Full face mask CM-6MP, 6-point, fluid intake, TPE<\/td>\n<td style=\"text-align: left; height: 22px; width: 49.4382%;\" data-mce-style=\"text-align: left; height: 22px; width: 49.4382%;\">740600.15<\/td>\n<\/tr>\n<\/tbody>\n<\/table>\n<p><\/p>\n<table style=\"border-collapse: collapse; width: 100%;\" data-mce-style=\"border-collapse: collapse; width: 100%;\" class=\"mce-item-table\">\n<tbody>\n<tr>\n<td style=\"width: 49.92%;\" data-mce-style=\"width: 49.92%;\"><span style=\"color: #be0300;\" data-mce-style=\"color: #be0300;\"><strong>Compatible powered air purifying respirators<\/strong><\/span><\/td>\n<td style=\"width: 49.92%;\" data-mce-style=\"width: 49.92%;\"><span style=\"color: #be0300;\" data-mce-style=\"color: #be0300;\"><strong>Standard \/ Class<\/strong><\/span><\/td>\n<\/tr>\n<tr>\n<td style=\"width: 49.92%;\" data-mce-style=\"width: 49.92%;\">CleanAIR\u00ae Chemical 2F Plus<\/td>\n<td style=\"width: 49.92%;\" data-mce-style=\"width: 49.92%;\">TM3<\/td>\n<\/tr>\n<\/tbody>\n<\/table>\n<p><\/p>\n<table style=\"border-collapse: collapse; width: 100%;\" data-mce-style=\"border-collapse: collapse; width: 100%;\" class=\"mce-item-table\">\n<tbody>\n<tr>\n<td style=\"width: 49.92%;\" data-mce-style=\"width: 49.92%;\"><span style=\"color: #be0300;\" data-mce-style=\"color: #be0300;\"><strong>Compatible accessories and spare parts<\/strong><\/span><\/td>\n<td style=\"width: 49.92%;\" data-mce-style=\"width: 49.92%;\"><span style=\"color: #be0300;\" data-mce-style=\"color: #be0300;\"><strong>Product codes<\/strong><\/span><\/td>\n<\/tr>\n<tr>\n<td style=\"width: 49.92%;\" data-mce-style=\"width: 49.92%;\">Light flexi hose CA40x1\/7\u201c- CA40x1\/7\u201c &#8211; straight connector<\/td>\n<td style=\"width: 49.92%;\" data-mce-style=\"width: 49.92%;\">700060<\/td>\n<\/tr>\n<tr>\n<td style=\"width: 49.92%;\" data-mce-style=\"width: 49.92%;\">Rubber hose CA40x1\/7\u201c- CA40x1\/7\u201c &#8211; straight connector<\/td>\n<td style=\"width: 49.92%;\" data-mce-style=\"width: 49.92%;\">700086CA<\/td>\n<\/tr>\n<tr>\n<td style=\"width: 49.92%;\" data-mce-style=\"width: 49.92%;\">Inhalation valve cover CM-6<\/td>\n<td style=\"width: 49.92%;\" data-mce-style=\"width: 49.92%;\">740611<\/td>\n<\/tr>\n<tr>\n<td style=\"width: 49.92%;\" data-mce-style=\"width: 49.92%;\">Exhalation valve cover CM-6<\/td>\n<td style=\"width: 49.92%;\" data-mce-style=\"width: 49.92%;\">740612<\/td>\n<\/tr>\n<tr>\n<td style=\"width: 49.92%;\" data-mce-style=\"width: 49.92%;\">Exhalation valve CM-6, pack of 10 pcs<\/td>\n<td style=\"width: 49.92%;\" data-mce-style=\"width: 49.92%;\">740613\/10<\/td>\n<\/tr>\n<tr>\n<td style=\"width: 49.92%;\" data-mce-style=\"width: 49.92%;\">Inhalation valve CM-6, pack of 10 pcs<\/td>\n<td style=\"width: 49.92%;\" data-mce-style=\"width: 49.92%;\">740614\/10<\/td>\n<\/tr>\n<tr>\n<td style=\"width: 49.92%;\" data-mce-style=\"width: 49.92%;\">Head harness CM-6<\/td>\n<td style=\"width: 49.92%;\" data-mce-style=\"width: 49.92%;\">740615<\/td>\n<\/tr>\n<tr>\n<td style=\"width: 49.92%;\" data-mce-style=\"width: 49.92%;\">Bottle for fluid intake CM-6<\/td>\n<td style=\"width: 49.92%;\" data-mce-style=\"width: 49.92%;\">740616<\/td>\n<\/tr>\n<\/tbody>\n<\/table>\n<p>[\/vc_column_text][\/vc_tta_section][vc_tta_section i_icon_fontawesome=&#8220;fa fa-wrench&#8220; add_icon=&#8220;true&#8220; title=&#8220;Technick\u00e1 data&#8220; tab_id=&#8220;1513153797992-792040b0-82c9&#8243;][vc_column_text]<\/p>\n<table class=\"mce-item-table\" style=\"width: 100%; height: 288px;\" data-mce-style=\"width: 100%; height: 288px;\">\n<tbody>\n<tr style=\"height: 24px;\">\n<td style=\"text-align: left; height: 24px; width: 22.8669%;\">Hmotnost<\/td>\n<td style=\"text-align: left; height: 24px; width: 76.9625%;\">560 g<\/td>\n<\/tr>\n<tr style=\"height: 144px;\">\n<td style=\"text-align: left; height: 144px; width: 22.8669%;\">Materi\u00e1l<\/td>\n<td style=\"text-align: left; height: 144px; width: 76.9625%;\">M\u011bkk\u00e1 \u010d\u00e1st masky \u2013 brombutylov\u00e1 guma, nedr\u00e1\u017ediv\u00e1<br data-start=\"48\" data-end=\"51\">Vnit\u0159n\u00ed maska (nosn\u00ed l\u00edcnice) \u2013 p\u0159\u00edrodn\u00ed guma \/ TPE \/ silikon, nedr\u00e1\u017ediv\u00e1<br data-start=\"124\" data-end=\"127\">Pr\u016fzor \u2013 polykarbon\u00e1t (PC)<br data-start=\"153\" data-end=\"156\">R\u00e1m pr\u016fzoru \u2013 polyamid (PA 6)<br data-start=\"185\" data-end=\"188\">T\u011blo hlasov\u00e9 vlo\u017eky \u2013 polyoxymetylen (POM)<br data-start=\"230\" data-end=\"233\">\u0160estibodov\u00fd hlavov\u00fd k\u0159\u00ed\u017e s plastov\u00fdmi p\u0159ezkami \u2013 pry\u017eotextil<\/td>\n<\/tr>\n<tr style=\"height: 24px;\">\n<td style=\"text-align: left; height: 24px; width: 22.8669%;\">Vstup<\/td>\n<td style=\"text-align: left; height: 24px; width: 76.9625%;\">Rd 40 x 1\/7\u201c acc. ( EN 148-1) STANAG<\/td>\n<\/tr>\n<tr style=\"height: 48px;\">\n<td style=\"text-align: left; height: 48px; width: 22.8669%;\">Podm\u00ednky skladov\u00e1n\u00ed<br data-start=\"23\" data-end=\"26\">Provozn\u00ed podm\u00ednky<\/td>\n<td style=\"text-align: left; height: 48px; width: 76.9625%;\">0 \u00b0C a\u017e +50 \u00b0C, max. vlhkost 80 % RH, vyhnout se dlouhodob\u00e9mu vystaven\u00ed UV z\u00e1\u0159en\u00ed<br data-start=\"81\" data-end=\"84\">\u201330 \u00b0C a\u017e +70 \u00b0C, vlhkost 20\u201380 % RH<\/td>\n<\/tr>\n<tr style=\"height: 48px;\">\n<td style=\"text-align: left; height: 48px; width: 22.8669%;\">Certifik\u00e1ty<\/td>\n<td style=\"text-align: left; height: 48px; width: 76.9625%;\">EN 148 &#8211; 1<br \/>EN 136 CL3<\/td>\n<\/tr>\n<\/tbody>\n<\/table>\n<p>[\/vc_column_text][\/vc_tta_section][vc_tta_section i_icon_fontawesome=&#8220;fa fa-download&#8220; add_icon=&#8220;true&#8220; title=&#8220;Ke sta\u017een\u00ed&#8220; tab_id=&#8220;1513154098935-95c74e4f-fa1e&#8220;][vc_column_text]<\/p>\n<p><a href=\"https:\/\/www.clean-air.cz\/wp-content\/uploads\/2024\/07\/DA-125_704603_Full-face-mask-CM-6P_MP-EN.pdf\" data-mce-href=\"https:\/\/www.clean-air.cz\/wp-content\/uploads\/2024\/07\/DA-125_704603_Full-face-mask-CM-6P_MP-EN.pdf\"><strong>Datasheet<\/strong>_DA-125_704603_Full face mask CM-6P_MP-EN<\/a><\/p>\n<p><a href=\"https:\/\/www.clean-air.cz\/wp-content\/uploads\/2025\/08\/GR-CNA139-R00-User-Manual-CM06P-CM06MP-DIGI.pdf\" data-mce-href=\"https:\/\/www.clean-air.cz\/wp-content\/uploads\/2025\/08\/GR-CNA139-R00-User-Manual-CM06P-CM06MP-DIGI.pdf\"><strong>User Manual<\/strong> &#8211; CM06P CM06MP DIGI<\/a><\/p>\n<p><a href=\"https:\/\/www.clean-air.cz\/wp-content\/uploads\/2025\/08\/GR-CNA142-R00-User-Manual-Protective-Hood-with-Sealing-Gasket-for-CM-6-Mask.pdf\" data-mce-href=\"https:\/\/www.clean-air.cz\/wp-content\/uploads\/2025\/08\/GR-CNA142-R00-User-Manual-Protective-Hood-with-Sealing-Gasket-for-CM-6-Mask.pdf\"><strong>User Manual<\/strong> &#8211; Protective Hood with Sealing Gasket for CM-6 Mask<\/a><\/p>\n<p>[\/vc_column_text][\/vc_tta_section][vc_tta_section i_icon_fontawesome=&#8220;fa fa-picture-o&#8220; add_icon=&#8220;true&#8220; title=&#8220;Galerie&#8220; tab_id=&#8220;1515415801460-0c2258c9-4574&#8243;][vc_gallery type=&#8220;image_grid&#8220; images=&#8220;25398,25390,25402,25424,25428,25432&#8243; img_size=&#8220;medium&#8220; css_animation=&#8220;fadeIn&#8220; css=&#8220;.vc_custom_1746529123501{padding-left: 280px !important;}&#8220;][\/vc_tta_section][\/vc_tta_tabs][\/vc_column][\/vc_row][vc_row][vc_column]<\/p>\n<p>[vc_separator]<\/p>\n<p>[\/vc_column][\/vc_row][vc_row][vc_column]<\/p>\n<p>[vc_separator color=&#8220;juicy_pink&#8220;]<\/p>\n<p>[\/vc_column][\/vc_row]<\/p>\n","protected":false},"excerpt":{"rendered":"<p>[vc_row][vc_column width=&#8220;1\/2&#8243;][vc_gallery interval=&#8220;3&#8243; images=&#8220;25461,25390,25402&#8243; img_size=&#8220;large&#8220;][\/vc_column][vc_column width=&#8220;1\/2&#8243;][vc_column_text] Spolehliv\u00e1 ochrana d\u00fdchac\u00edch cest pro n\u00e1ro\u010dn\u00e9 prost\u0159ed\u00ed Ochrann\u00e1 maska CM-6 v kombinaci s kompatibiln\u00edm filtrem nebo s filtroventila\u010dn\u00ed jednotkou CleanAir\u00ae poskytuje komplexn\u00ed ochranu o\u010d\u00ed, obli\u010deje a d\u00fdchac\u00edch cest. Je navr\u017eena pro ochranu u\u017eivatele p\u0159ed toxick\u00fdmi pr\u016fmyslov\u00fdmi chemik\u00e1liemi (TIC), bojov\u00fdmi chemick\u00fdmi l\u00e1tkami (CWA), radioaktivn\u00edmi \u010d\u00e1sticemi, aerosoly, bakteriemi a viry. Tato vysoce v\u00fdkonn\u00e1 celoobli\u010dejov\u00e1 maska je ur\u010dena pro kritick\u00e9 aplikace a zaji\u0161\u0165uje bezpe\u010dn\u00e9 a pohodln\u00e9 no\u0161en\u00ed<\/p>\n<p><a class=\"more-link\" href=\"https:\/\/www.clean-air.cz\/cs\/hlavove-dily\/masky\/cm-6p-cm-6mp\/\">Read More<\/a><\/p>\n","protected":false},"author":11,"featured_media":0,"parent":2862,"menu_order":0,"comment_status":"closed","ping_status":"closed","template":"","meta":{"footnotes":""},"_links":{"self":[{"href":"https:\/\/www.clean-air.cz\/cs\/wp-json\/wp\/v2\/pages\/27252"}],"collection":[{"href":"https:\/\/www.clean-air.cz\/cs\/wp-json\/wp\/v2\/pages"}],"about":[{"href":"https:\/\/www.clean-air.cz\/cs\/wp-json\/wp\/v2\/types\/page"}],"author":[{"embeddable":true,"href":"https:\/\/www.clean-air.cz\/cs\/wp-json\/wp\/v2\/users\/11"}],"replies":[{"embeddable":true,"href":"https:\/\/www.clean-air.cz\/cs\/wp-json\/wp\/v2\/comments?post=27252"}],"version-history":[{"count":0,"href":"https:\/\/www.clean-air.cz\/cs\/wp-json\/wp\/v2\/pages\/27252\/revisions"}],"up":[{"embeddable":true,"href":"https:\/\/www.clean-air.cz\/cs\/wp-json\/wp\/v2\/pages\/2862"}],"wp:attachment":[{"href":"https:\/\/www.clean-air.cz\/cs\/wp-json\/wp\/v2\/media?parent=27252"}],"curies":[{"name":"wp","href":"https:\/\/api.w.org\/{rel}","templated":true}]}}