{"id":2721,"date":"2018-10-25T16:06:02","date_gmt":"2018-10-25T14:06:02","guid":{"rendered":"https:\/\/www.clean-air.cz\/odstranovani-azbestu\/"},"modified":"2020-08-13T13:22:29","modified_gmt":"2020-08-13T11:22:29","slug":"odstranovani-azbestu","status":"publish","type":"page","link":"https:\/\/www.clean-air.cz\/cs\/odstranovani-azbestu\/","title":{"rendered":"Sanace azbestu"},"content":{"rendered":"<p>[vc_row css=&#8220;.vc_custom_1515063137650{background-color: #ffffff !important;}&#8220;][vc_column][vc_column_text]Prohl\u00e9dn\u011bte si nab\u00eddku na\u0161ich <a href=\"https:\/\/www.clean-air.cz\/cs\/system-osobni-ochrany-dychacich-cest\/\">filtra\u010dn\u011b-ventila\u010dn\u00edch jednotek<\/a> vhodn\u00fdch pro sanaci asbestu, ve spojen\u00ed s <a href=\"https:\/\/www.clean-air.cz\/cs\/hlavove-dily\/masky\/\">celoobli\u010dejovou maskou<\/a> Shigematsu a <a href=\"https:\/\/www.clean-air.cz\/cs\/cleanair-ultimate\/\">CleanAIR<sup>\u00ae<\/sup> Ultimate<\/a>.[\/vc_column_text][vc_column_text]<\/p>\n<h2>Filtra\u010dn\u011b-ventila\u010dn\u00ed jednotky<\/h2>\n<p>[\/vc_column_text][vc_tta_tour style=&#8220;modern&#8220; shape=&#8220;square&#8220; gap=&#8220;1&#8243; active_section=&#8220;1&#8243; no_fill_content_area=&#8220;true&#8220;][vc_tta_section title=&#8220;Chemical 2F Asbest&#8220; tab_id=&#8220;1515061200914-4dd3150e-98ab&#8220;][vc_column_text]<img loading=\"lazy\" decoding=\"async\" class=\"wp-image-3296 size-medium alignnone\" src=\"https:\/\/www.clean-air.cz\/wp-content\/uploads\/2018\/11\/GX02-Shigematsu-Chemical-2F-s-decontamin-300x178.jpg\" alt=\"\" width=\"300\" height=\"178\" srcset=\"https:\/\/www.clean-air.cz\/wp-content\/uploads\/2018\/11\/GX02-Shigematsu-Chemical-2F-s-decontamin-300x178.jpg 300w, https:\/\/www.clean-air.cz\/wp-content\/uploads\/2018\/11\/GX02-Shigematsu-Chemical-2F-s-decontamin-768x455.jpg 768w, https:\/\/www.clean-air.cz\/wp-content\/uploads\/2018\/11\/GX02-Shigematsu-Chemical-2F-s-decontamin.jpg 800w\" sizes=\"(max-width: 300px) 100vw, 300px\" \/><\/p>\n<h3>CleanAIR\u00ae Chemical 2F Asbest<\/h3>\n<p>Filtra\u010dn\u011b-ventila\u010dn\u00ed jednotka Chemical 2F Asbest je navr\u017eena pro ochranu d\u00fdch\u00e1n\u00ed v prost\u0159ed\u00ed kontaminovan\u00e9m asbestem.[\/vc_column_text][vc_btn title=&#8220;V\u00edce informac\u00ed o produktu&#8220; shape=&#8220;square&#8220; color=&#8220;juicy-pink&#8220; i_icon_fontawesome=&#8220;fa fa-arrow-right&#8220; add_icon=&#8220;true&#8220; link=&#8220;url:https%3A%2F%2Fwww.clean-air.cz%2Fcs%2Fsystem-osobni-ochrany-dychacich-cest%2Fcleanair-chemical-2f-asbest%2F|title:CleanAIR%C2%AE%20Chemical%202F%20Asbest|&#8220;][\/vc_tta_section][vc_tta_section title=&#8220;Azbest&#8220; tab_id=&#8220;1539613039583-da66067e-75b0&#8243;][vc_column_text]<img loading=\"lazy\" decoding=\"async\" class=\"wp-image-598 size-medium alignnone\" src=\"https:\/\/www.clean-air.cz\/wp-content\/uploads\/2018\/06\/ca-asbest-264x300.jpg\" alt=\"\" width=\"264\" height=\"300\" \/><\/p>\n<h3>CleanAIR\u00ae Asbest<\/h3>\n<p>Mimo\u0159\u00e1dn\u011b lehk\u00e1 a kompaktn\u00ed filtra\u010dn\u011b &#8211; ventila\u010dn\u00ed jednotka \u00fa\u010deln\u011b konstruovan\u00e1 pro aktivn\u00ed ochranu d\u00fdchac\u00edch cest a obli\u010deje p\u0159i sanaci materi\u00e1l\u016f obsahuj\u00edc\u00ed azbest.<\/p>\n<p>Syst\u00e9m je k dispozici s dv\u011bma r\u016fzn\u00fdmi maskami. \u2013 Shigematsu GX02 a CF02.[\/vc_column_text][vc_btn title=&#8220;V\u00edce informac\u00ed o produktu&#8220; shape=&#8220;square&#8220; color=&#8220;juicy-pink&#8220; i_icon_fontawesome=&#8220;fa fa-arrow-right&#8220; add_icon=&#8220;true&#8220; link=&#8220;url:https%3A%2F%2Fwww.clean-air.cz%2Fcs%2Fsystem-osobni-ochrany-dychacich-cest%2Fcleanair-asbest%2F|title:CleanAIR%C2%AE%20Asbest|&#8220;][\/vc_tta_section][\/vc_tta_tour][\/vc_column][\/vc_row][vc_row css=&#8220;.vc_custom_1515063137650{background-color: #ffffff !important;}&#8220;][vc_column][vc_column_text]<\/p>\n<h2>P\u0159etlakov\u00fd oblek CleanAIR\u00ae Ultimate<\/h2>\n<p>[\/vc_column_text][vc_tta_tour style=&#8220;modern&#8220; shape=&#8220;square&#8220; gap=&#8220;1&#8243; active_section=&#8220;1&#8243; no_fill_content_area=&#8220;true&#8220;][vc_tta_section title=&#8220;CleanAIR\u00ae Ultimate&#8220; tab_id=&#8220;1533293507786-db44970d-05b6&#8243;][vc_column_text]<img loading=\"lazy\" decoding=\"async\" class=\"wp-image-4395 size-full alignnone\" src=\"https:\/\/www.clean-air.cz\/wp-content\/uploads\/2019\/02\/3complet-3.jpg\" alt=\"\" width=\"600\" height=\"319\" \/><\/p>\n<h3>CleanAIR\u00ae Ultimate<\/h3>\n<p>P\u0159etlakov\u00fd oblek CleanAIR\u00ae Ultimate je navr\u017een pro pou\u017eit\u00ed s CleanAIR\u00ae Ultimate GX a filtra\u010dn\u011b-ventila\u010dn\u00ed jednotkou CleanAIR\u00ae Chemical 2F Plus.[\/vc_column_text][vc_btn title=&#8220;V\u00edce informac\u00ed o produktu&#8220; shape=&#8220;square&#8220; color=&#8220;juicy-pink&#8220; i_icon_fontawesome=&#8220;fa fa-arrow-right&#8220; add_icon=&#8220;true&#8220; link=&#8220;url:https%3A%2F%2Fwww.clean-air.cz%2Fcs%2Fcleanair-ultimate%2F|title:Shigematsu%20GX02|&#8220;][\/vc_tta_section][\/vc_tta_tour][\/vc_column][\/vc_row][vc_row css=&#8220;.vc_custom_1515063137650{background-color: #ffffff !important;}&#8220;][vc_column][vc_column_text]<\/p>\n<h2>Celoobli\u010dejov\u00e9 masky, polomasky<\/h2>\n<p>[\/vc_column_text][vc_tta_tour style=&#8220;modern&#8220; shape=&#8220;square&#8220; gap=&#8220;1&#8243; active_section=&#8220;1&#8243; no_fill_content_area=&#8220;true&#8220;][vc_tta_section title=&#8220;Shigematsu GX02&#8243; tab_id=&#8220;1560752020082-d1fd40b4-4609&#8243;][vc_column_text]<img loading=\"lazy\" decoding=\"async\" class=\"wp-image-327 size-medium alignnone\" src=\"https:\/\/www.clean-air.cz\/wp-content\/uploads\/2018\/06\/CF02-iso-copy-256x300.jpg\" alt=\"\" width=\"256\" height=\"300\" srcset=\"https:\/\/www.clean-air.cz\/wp-content\/uploads\/2018\/06\/CF02-iso-copy-256x300.jpg 256w, https:\/\/www.clean-air.cz\/wp-content\/uploads\/2018\/06\/CF02-iso-copy.jpg 682w\" sizes=\"(max-width: 256px) 100vw, 256px\" \/><\/p>\n<h3>Celoobli\u010dejov\u00e1 maska Shigematsu CF02<\/h3>\n<p>Jedn\u00e1 se o novou, lehkou masku se sf\u00e9rick\u00fdm zorn\u00edkem vyj\u00edme\u010dn\u00e9 kvality. Tento design vylu\u010duje zkreslen\u00ed a poskytuje jasn\u00fd a \u0161irok\u00fd v\u00fdhled. Maska je vyrobena z vysoce kvalitn\u00edho styrenu TPE, kter\u00fd zaru\u010duje vysokou odolnost a dlouhou \u017eivotnost. Je vybavena standardn\u00edm p\u0159ipojovac\u00edm z\u00e1vitem RD40x1 \/ 7 &#8222;podle normy EN 148-1 a umo\u017e\u0148uje tak vyu\u017eit\u00ed \u0161irok\u00e9 \u0161k\u00e1ly filtr\u016f a filtra\u010dn\u011b &#8211; ventila\u010dn\u00edch jednotek CleanAIR\u00ae.[\/vc_column_text][vc_btn title=&#8220;V\u00edce informac\u00ed o produktu&#8220; shape=&#8220;square&#8220; color=&#8220;juicy-pink&#8220; i_icon_fontawesome=&#8220;fa fa-arrow-right&#8220; add_icon=&#8220;true&#8220; link=&#8220;url:https%3A%2F%2Fwww.clean-air.cz%2Fcs%2Fhlavove-dily%2Fmasky%2Fshigematsu-gx02%2F|title:Shigematsu%20GX02|&#8220;][\/vc_tta_section][vc_tta_section title=&#8220;Shigematsu CF02&#8243; tab_id=&#8220;1560752020084-4f4dd0a6-5e91&#8243;][vc_column_text]<img loading=\"lazy\" decoding=\"async\" class=\"wp-image-327 size-medium alignnone\" src=\"https:\/\/www.clean-air.cz\/wp-content\/uploads\/2018\/06\/CF02-iso-copy-256x300.jpg\" alt=\"\" width=\"256\" height=\"300\" srcset=\"https:\/\/www.clean-air.cz\/wp-content\/uploads\/2018\/06\/CF02-iso-copy-256x300.jpg 256w, https:\/\/www.clean-air.cz\/wp-content\/uploads\/2018\/06\/CF02-iso-copy.jpg 682w\" sizes=\"(max-width: 256px) 100vw, 256px\" \/><\/p>\n<h3>Full face mask Shigematsu CF02<\/h3>\n<p>It is a new lightweight mask with a superior\u00a0spherical visor. This design feature eliminates distortion and provides a clear and broad field of vision. The mask is made of high-quality Styrene TPE which guarantees high resistance and a long operation life. The mask is fitted with a standard connection thread RD40x1\/7\u201c according to EN 148-1 and thus enables using a wide range of canister filters and powered air purifying systems CleanAIR\u00ae.[\/vc_column_text][vc_btn title=&#8220;V\u00edce informac\u00ed o produktu&#8220; shape=&#8220;square&#8220; color=&#8220;juicy-pink&#8220; i_icon_fontawesome=&#8220;fa fa-arrow-right&#8220; add_icon=&#8220;true&#8220; link=&#8220;url:https%3A%2F%2Fwww.clean-air.cz%2Fcs%2Fhlavove-dily%2Fmasky%2Fshigematsu-cf02%2F|title:Shigematsu%20CF02|&#8220;][\/vc_tta_section][vc_tta_section title=&#8220;Half mask CA-5&#8243; tab_id=&#8220;1560752020085-df0ec4ea-3a39&#8243;][vc_column_text]<img loading=\"lazy\" decoding=\"async\" class=\"wp-image-524 size-medium alignnone\" src=\"https:\/\/www.clean-air.cz\/wp-content\/uploads\/2018\/06\/700500-Halfmask-CA-5-289x300.jpg\" alt=\"\" width=\"289\" height=\"300\" srcset=\"https:\/\/www.clean-air.cz\/wp-content\/uploads\/2018\/06\/700500-Halfmask-CA-5-289x300.jpg 289w, https:\/\/www.clean-air.cz\/wp-content\/uploads\/2018\/06\/700500-Halfmask-CA-5-50x52.jpg 50w, https:\/\/www.clean-air.cz\/wp-content\/uploads\/2018\/06\/700500-Halfmask-CA-5.jpg 674w\" sizes=\"(max-width: 289px) 100vw, 289px\" \/><\/p>\n<h3>Polomaska CA-5<\/h3>\n<p>Tato univerz\u00e1ln\u00ed filtra\u010dn\u00ed polomaska s p\u0159ipojovac\u00edm z\u00e1vitem RD40 \u00d7 1\/7 &#8222;podle EN 148-1 je vyrobena z odoln\u00e9ho termoplastick\u00e9ho elastomeru a m\u00e1 \u010dty\u0159bodovou hlavovou p\u00e1sku, kter\u00e1 zaji\u0161\u0165uje pohodln\u00e9 a bezpe\u010dn\u00e9 nasazen\u00ed. Jeho p\u0159ipojovac\u00ed z\u00e1vit 40 mm lze pou\u017e\u00edt s certifikovan\u00fdmi kanystrov\u00fdmi filtry v\u00e1\u017e\u00edc\u00edmi m\u00e9n\u011b ne\u017e 300 g, nebo s FVJ CleanAIR\u00ae.[\/vc_column_text][vc_btn title=&#8220;V\u00edce informac\u00ed o produktu&#8220; shape=&#8220;square&#8220; color=&#8220;juicy-pink&#8220; i_icon_fontawesome=&#8220;fa fa-arrow-right&#8220; add_icon=&#8220;true&#8220; link=&#8220;url:https%3A%2F%2Fwww.clean-air.cz%2Fcs%2Fhlavove-dily%2Fmasky%2Fpolomaska-ca-5%2F|title:Half%20mask%20CA-5|&#8220;][\/vc_tta_section][\/vc_tta_tour][\/vc_column][\/vc_row][vc_row content_placement=&#8220;middle&#8220;][vc_column][vc_separator color=&#8220;juicy_pink&#8220;][\/vc_column][\/vc_row][vc_row][vc_column][\/vc_column][\/vc_row]<\/p>\n","protected":false},"excerpt":{"rendered":"<p>[vc_row css=&#8220;.vc_custom_1515063137650{background-color: #ffffff !important;}&#8220;][vc_column][vc_column_text]Prohl\u00e9dn\u011bte si nab\u00eddku na\u0161ich filtra\u010dn\u011b-ventila\u010dn\u00edch jednotek vhodn\u00fdch pro sanaci asbestu, ve spojen\u00ed s celoobli\u010dejovou maskou Shigematsu a CleanAIR\u00ae Ultimate.[\/vc_column_text][vc_column_text] Filtra\u010dn\u011b-ventila\u010dn\u00ed jednotky [\/vc_column_text][vc_tta_tour style=&#8220;modern&#8220; shape=&#8220;square&#8220; gap=&#8220;1&#8243; active_section=&#8220;1&#8243; no_fill_content_area=&#8220;true&#8220;][vc_tta_section title=&#8220;Chemical 2F Asbest&#8220; tab_id=&#8220;1515061200914-4dd3150e-98ab&#8220;][vc_column_text] CleanAIR\u00ae Chemical 2F Asbest Filtra\u010dn\u011b-ventila\u010dn\u00ed jednotka Chemical 2F Asbest je navr\u017eena pro ochranu d\u00fdch\u00e1n\u00ed v prost\u0159ed\u00ed kontaminovan\u00e9m asbestem.[\/vc_column_text][vc_btn title=&#8220;V\u00edce informac\u00ed o produktu&#8220; shape=&#8220;square&#8220; color=&#8220;juicy-pink&#8220; i_icon_fontawesome=&#8220;fa fa-arrow-right&#8220; add_icon=&#8220;true&#8220; link=&#8220;url:https%3A%2F%2Fwww.clean-air.cz%2Fcs%2Fsystem-osobni-ochrany-dychacich-cest%2Fcleanair-chemical-2f-asbest%2F|title:CleanAIR%C2%AE%20Chemical%202F%20Asbest|&#8220;][\/vc_tta_section][vc_tta_section title=&#8220;Azbest&#8220; tab_id=&#8220;1539613039583-da66067e-75b0&#8243;][vc_column_text] CleanAIR\u00ae Asbest Mimo\u0159\u00e1dn\u011b lehk\u00e1 a kompaktn\u00ed<\/p>\n<p><a class=\"more-link\" href=\"https:\/\/www.clean-air.cz\/cs\/odstranovani-azbestu\/\">Read More<\/a><\/p>\n","protected":false},"author":11,"featured_media":0,"parent":0,"menu_order":0,"comment_status":"closed","ping_status":"closed","template":"","meta":{"footnotes":""},"_links":{"self":[{"href":"https:\/\/www.clean-air.cz\/cs\/wp-json\/wp\/v2\/pages\/2721"}],"collection":[{"href":"https:\/\/www.clean-air.cz\/cs\/wp-json\/wp\/v2\/pages"}],"about":[{"href":"https:\/\/www.clean-air.cz\/cs\/wp-json\/wp\/v2\/types\/page"}],"author":[{"embeddable":true,"href":"https:\/\/www.clean-air.cz\/cs\/wp-json\/wp\/v2\/users\/11"}],"replies":[{"embeddable":true,"href":"https:\/\/www.clean-air.cz\/cs\/wp-json\/wp\/v2\/comments?post=2721"}],"version-history":[{"count":0,"href":"https:\/\/www.clean-air.cz\/cs\/wp-json\/wp\/v2\/pages\/2721\/revisions"}],"wp:attachment":[{"href":"https:\/\/www.clean-air.cz\/cs\/wp-json\/wp\/v2\/media?parent=2721"}],"curies":[{"name":"wp","href":"https:\/\/api.w.org\/{rel}","templated":true}]}}