{"id":2703,"date":"2018-10-25T15:04:56","date_gmt":"2018-10-25T13:04:56","guid":{"rendered":"https:\/\/www.clean-air.cz\/cleanair-pressure-for-mask\/"},"modified":"2022-07-26T13:05:53","modified_gmt":"2022-07-26T11:05:53","slug":"cleanair-pressure-for-mask","status":"publish","type":"page","link":"https:\/\/www.clean-air.cz\/cs\/systemy-tlakoveho-vzduchu\/cleanair-pressure-for-mask\/","title":{"rendered":"CleanAIR\u00ae Pressure For Mask"},"content":{"rendered":"<p>[vc_row][vc_column width=&#8220;1\/2&#8243;][vc_gallery interval=&#8220;3&#8243; images=&#8220;629&#8243; img_size=&#8220;large&#8220;][\/vc_column][vc_column width=&#8220;1\/2&#8243;][vc_column_text]<strong><span style=\"font-size: 14pt; color: #be0300;\"><sup>The CleanAIR\u00ae Pressure for Mask je pohodln\u00fd, v\u0161estrann\u00fd a vysoce \u00fa\u010dinn\u00fd syst\u00e9m tlakov\u00e9ho vzuchu pro pou\u017eit\u00ed s maskou Shigematsu GX02.\u00a0Unik\u00e1tn\u00ed filtr dovoluje u\u017eivateli d\u00fdchat i p\u0159i n\u00e1hl\u00e9m v\u00fdpadku stla\u010den\u00e9ho vzduchu a je tak d\u00e1le chr\u00e1n\u011bn\u00fd \u010d\u00e1sticov\u00fdm i\u00a0 kombinovan\u00fdm filtrem.<\/sup><\/span><\/strong><\/p>\n<p>Syst\u00e9m umo\u017e\u0148uje u\u017eivateli nastavit pr\u016ftok vzduchu od 170 l \/ min do 250 l \/ min a udr\u017euje jej v konstantn\u00ed \u00farovni bez ohledu na zm\u011bny vstupn\u00edho tlaku. Krom\u011b regulace pr\u016ftoku vzduchu je syst\u00e9m vybaven varovnou p\u00ed\u0161\u0165alkou. Varuje u\u017eivatele, pokud poklesne vstupn\u00ed tlak pod spodn\u00ed hranici provozn\u00edho tlaku (350 kPa).<br \/>\nCleanAIR\u00ae Pressure for Mask byl\u00a0 navr\u017een speci\u00e1ln\u011b pro dlouhou dobu pou\u017eit\u00ed, nebo pro pracovi\u0161t\u011b, kde jsou kontaminanty obzvl\u00e1\u0161t toxick\u00e9 a jsou \u0161patn\u011b identifikovateln\u00e9.Poskytuje maxim\u00e1ln\u00ed ochrann\u00fd faktor 2000 podle EN 14594: 05 (T\u0158\u00cdDA 4B).[\/vc_column_text][vc_btn title=&#8220;Pod\u00edvejte se na celou \u0159adu tlakov\u00fdch syst\u00e9m\u016f!&#8220; shape=&#8220;square&#8220; color=&#8220;juicy-pink&#8220; size=&#8220;lg&#8220; align=&#8220;left&#8220; i_icon_fontawesome=&#8220;fa fa-info-circle&#8220; css_animation=&#8220;none&#8220; add_icon=&#8220;true&#8220; link=&#8220;url:https%3A%2F%2Fwww.clean-air.cz%2Fcs%2Fsystemy-tlakoveho-vzduchu%2F|title:Pod%C3%ADvejte%20se%20na%20celou%20%C5%99adu%20lehk%C3%BDch%20kukel%21|&#8220;][\/vc_column][\/vc_row][vc_row][vc_column][vc_tta_tabs style=&#8220;modern&#8220; shape=&#8220;square&#8220; active_section=&#8220;1&#8243; no_fill_content_area=&#8220;true&#8220; title=&#8220;Detaily&#8220;][vc_tta_section i_icon_fontawesome=&#8220;fa fa-industry&#8220; add_icon=&#8220;true&#8220; title=&#8220;Oblast pou\u017eit\u00ed&#8220; tab_id=&#8220;1513150336358-68add988-e9ea&#8220;][vc_column_text]<span style=\"color: #be0300;\"><strong>Oblasti pou\u017eit\u00ed<\/strong><\/span><\/p>\n<p>Dlouh\u00e1 doba provozu v pr\u016fmyslov\u00e9m prost\u0159ed\u00ed s vysoce toxick\u00fdmi kontaminanty, stavby,<br \/>\npotravin\u00e1\u0159sk\u00fd pr\u016fmysl, uzav\u0159en\u00e9 n\u00e1dr\u017ee, tunely.[\/vc_column_text][\/vc_tta_section][vc_tta_section i_icon_fontawesome=&#8220;fa fa-thumbs-o-up&#8220; add_icon=&#8220;true&#8220; title=&#8220;V\u00fdhody&#8220; tab_id=&#8220;1513150336359-b7b65468-8021&#8243;][vc_column_text]<span style=\"color: #be0300;\"><strong>Funkce a v\u00fdhody<\/strong><\/span><\/p>\n<ul>\n<li>Lehk\u00fd a pohodln\u00fd<\/li>\n<li>Vysok\u00fd pr\u016ftok 160\u2013250 l\/min<\/li>\n<li>Vysok\u00fd nomin\u00e1ln\u00ed ochrann\u00fd faktor NPF 2000<\/li>\n<li>Z\u00e1lo\u017en\u00ed filtra\u010dn\u00ed syst\u00e9m<\/li>\n<li>Kompatibiln\u00ed s \u010d\u00e1sticov\u00fdmi i kombinovan\u00fdmi filtry<\/li>\n<li>Dekontaminovateln\u00fd pod sprchou<\/li>\n<li>Varovn\u00e1 signalizace n\u00edzk\u00e9ho tlaku<\/li>\n<\/ul>\n<p>[\/vc_column_text][\/vc_tta_section][vc_tta_section i_icon_fontawesome=&#8220;fa fa-cog&#8220; add_icon=&#8220;true&#8220; title=&#8220;Komplety, p\u0159\u00edslu\u0161enstv\u00ed, filtry&#8220; tab_id=&#8220;1513153137048-5f8c31c5-30ea&#8220;][vc_column_text]<\/p>\n<table style=\"width: 100%; height: 384px;\">\n<tbody>\n<tr style=\"height: 24px;\">\n<td style=\"text-align: left; height: 24px;\" colspan=\"2\"><span style=\"color: #be0300;\"><strong>Popis produktu<\/strong><\/span><\/td>\n<\/tr>\n<tr style=\"height: 24px;\">\n<td style=\"text-align: left; height: 24px;\">Pressure for Mask v\u010d. P3 filtru a komfortn\u00edho opasku<\/td>\n<td style=\"text-align: center; height: 24px;\">65 00 00PC<\/td>\n<\/tr>\n<tr style=\"height: 24px;\">\n<td style=\"text-align: left; height: 24px;\">Pressure for Mask v\u010d. P3 filtru a dekontaminovateln\u00e9ho opasku<\/td>\n<td style=\"text-align: center; height: 24px;\">65 00 00PD<\/td>\n<\/tr>\n<tr style=\"height: 24px;\">\n<td style=\"text-align: left; height: 24px;\" colspan=\"2\"><span style=\"color: #be0300;\"><strong>N\u00e1hradn\u00ed d\u00edly, p\u0159\u00edslu\u0161enstv\u00ed<\/strong><\/span><\/td>\n<\/tr>\n<tr style=\"height: 24px;\">\n<td style=\"text-align: left; height: 24px;\">Filtr P3, 2x z\u00e1vit RD40x1\/7\u201c<\/td>\n<td style=\"text-align: center; height: 24px;\">50 02 49<\/td>\n<\/tr>\n<tr style=\"height: 24px;\">\n<td style=\"text-align: left; height: 24px;\">Filtr A2B2E2K2P3, se dv\u011bma z\u00e1vity RD40x1\/7\u201c<\/td>\n<td style=\"text-align: center; height: 24px;\">50 02 68<\/td>\n<\/tr>\n<tr style=\"height: 24px;\">\n<td style=\"text-align: left; height: 24px;\">Standardn\u00ed tlakov\u00e1 hadice pro CA Pressure \u2013 10 m<\/td>\n<td style=\"text-align: center; height: 24px;\">61 00 30<\/td>\n<\/tr>\n<tr style=\"height: 24px;\">\n<td style=\"text-align: left; height: 24px;\">Antistatick\u00e1 hadice pro CA Pressure \u2013 10 m<\/td>\n<td style=\"text-align: center; height: 24px;\">61 00 31<\/td>\n<\/tr>\n<tr style=\"height: 24px;\">\n<td style=\"text-align: left; height: 24px;\">Standardn\u00ed tlakov\u00e1 hadice pro CA Pressure \u2013 10 m<\/td>\n<td style=\"text-align: center; height: 24px;\">61 00 30<\/td>\n<\/tr>\n<tr style=\"height: 24px;\">\n<td style=\"text-align: left; height: 24px;\">Antistatick\u00e1 hadice pro CA Pressure \u2013 10 m<\/td>\n<td style=\"text-align: center; height: 24px;\">61 00 31<\/td>\n<\/tr>\n<tr style=\"height: 24px;\">\n<td style=\"text-align: left; height: 24px;\">Standardn\u00ed tlakov\u00e1 hadice pro CA Pressure \u2013 50 m<\/td>\n<td style=\"text-align: center; height: 24px;\">61 00 39<\/td>\n<\/tr>\n<tr style=\"height: 24px;\">\n<td style=\"text-align: left; height: 24px;\">Antistatick\u00e1 hadice pro CA Pressure \u2013 10 m<\/td>\n<td style=\"text-align: center; height: 24px;\">61 00 33<\/td>\n<\/tr>\n<tr style=\"height: 24px;\">\n<td style=\"text-align: left; height: 24px;\">Antistatick\u00e1 hadice pro CA Pressure \u2013 50 m<\/td>\n<td style=\"text-align: center; height: 24px;\">61 00 34<\/td>\n<\/tr>\n<tr style=\"height: 24px;\">\n<td style=\"text-align: left; height: 24px;\">Spir\u00e1lov\u00e1 tlakov\u00e1 hadice pro CA Pressure \u2013 10 m<\/td>\n<td style=\"text-align: center; height: 24px;\">61 00 46<\/td>\n<\/tr>\n<tr style=\"height: 24px;\">\n<td style=\"text-align: left; height: 24px;\">Lehk\u00e1 hadice flexi CA40x1\/7\u201c &#8211; CA40x1\/7\u201c<\/td>\n<td style=\"text-align: center; height: 24px;\">70 00 60<\/td>\n<\/tr>\n<tr style=\"height: 24px;\">\n<td style=\"text-align: left; height: 24px;\">Hadice pry\u017eov\u00e1 CA40x1\/7\u201c &#8211; CA40x1\/7\u201c<\/td>\n<td style=\"text-align: center; height: 24px;\">70 00 86CA<\/td>\n<\/tr>\n<\/tbody>\n<\/table>\n<p>[\/vc_column_text][\/vc_tta_section][vc_tta_section i_icon_fontawesome=&#8220;fa fa-wrench&#8220; add_icon=&#8220;true&#8220; title=&#8220;Technick\u00e1 data&#8220; tab_id=&#8220;1513153797992-792040b0-82c9&#8243;][vc_column_text]<\/p>\n<table>\n<tbody>\n<tr>\n<td style=\"text-align: left;\">Pr\u016ftok vzduchu<\/td>\n<td style=\"text-align: center;\">170\u2013250 l\/min<\/td>\n<\/tr>\n<tr>\n<td style=\"text-align: left;\">Vstupn\u00ed tlak<\/td>\n<td style=\"text-align: center;\">400\u20131 000 kPa<\/td>\n<\/tr>\n<tr>\n<td style=\"text-align: left;\">Hmotnost<\/td>\n<td style=\"text-align: center;\">280 g (bez hadice a filtru)<\/td>\n<\/tr>\n<tr>\n<td style=\"text-align: left;\">Vstupn\u00ed konektor<\/td>\n<td style=\"text-align: center;\">kompaktn\u00ed s RECTUS 25,26 a CEJN 320<\/td>\n<\/tr>\n<tr>\n<td style=\"text-align: left;\">V\u00fdstupn\u00ed konektor<\/td>\n<td style=\"text-align: center;\">MINI DIN 5 \u2013 kompaktn\u00ed s RECTUS 21 serie<\/td>\n<\/tr>\n<tr>\n<td style=\"text-align: left;\">Certifikace<\/td>\n<td style=\"text-align: center;\">EN 14594, t\u0159\u00edda 4B<\/td>\n<\/tr>\n<\/tbody>\n<\/table>\n<p>[\/vc_column_text][\/vc_tta_section][vc_tta_section i_icon_fontawesome=&#8220;fa fa-download&#8220; add_icon=&#8220;true&#8220; title=&#8220;Ke sta\u017een\u00ed&#8220; tab_id=&#8220;1513154098935-95c74e4f-fa1e&#8220;][vc_column_text]<a href=\"https:\/\/www.clean-air.cz\/wp-content\/uploads\/2018\/07\/Datasheet-DA-038-R01-65-00-00PA-CA-Pressure-For-Mask-EN.pdf\" target=\"_blank\" rel=\"noopener noreferrer\">Datasheet &#8211; DA-038-R01 &#8211; 65 00 00PA &#8211; CA Pressure For Mask &#8211; EN<\/a><\/p>\n<p><a href=\"https:\/\/www.clean-air.cz\/wp-content\/uploads\/2022\/07\/User-manual-CNA-010-R10-UM-Pressure-Flow-Master-and-Conditioner-DIGI.pdf\" target=\"_blank\" rel=\"noopener\">User manual &#8211; CNA-010-R10 &#8211; UM &#8211; Pressure Flow Master and Conditioner-DIGI<\/a><\/p>\n<p><a href=\"https:\/\/www.clean-air.cz\/wp-content\/uploads\/2018\/09\/PS-650000-1-R0-Presure-for-Mask.pdf\" target=\"_blank\" rel=\"noopener noreferrer\">PS-650000-1-R0 Presure for Mask<\/a>[\/vc_column_text][\/vc_tta_section][vc_tta_section i_icon_fontawesome=&#8220;fa fa-picture-o&#8220; add_icon=&#8220;true&#8220; title=&#8220;Galerie&#8220; tab_id=&#8220;1515415801460-0c2258c9-4574&#8243;][vc_gallery type=&#8220;image_grid&#8220; images=&#8220;418,420,629&#8243; img_size=&#8220;medium&#8220; css_animation=&#8220;fadeIn&#8220; css=&#8220;.vc_custom_1530598732526{padding-left: 280px !important;}&#8220;][\/vc_tta_section][\/vc_tta_tabs][\/vc_column][\/vc_row]<\/p>\n","protected":false},"excerpt":{"rendered":"<p>[vc_row][vc_column width=&#8220;1\/2&#8243;][vc_gallery interval=&#8220;3&#8243; images=&#8220;629&#8243; img_size=&#8220;large&#8220;][\/vc_column][vc_column width=&#8220;1\/2&#8243;][vc_column_text]The CleanAIR\u00ae Pressure for Mask je pohodln\u00fd, v\u0161estrann\u00fd a vysoce \u00fa\u010dinn\u00fd syst\u00e9m tlakov\u00e9ho vzuchu pro pou\u017eit\u00ed s maskou Shigematsu GX02.\u00a0Unik\u00e1tn\u00ed filtr dovoluje u\u017eivateli d\u00fdchat i p\u0159i n\u00e1hl\u00e9m v\u00fdpadku stla\u010den\u00e9ho vzduchu a je tak d\u00e1le chr\u00e1n\u011bn\u00fd \u010d\u00e1sticov\u00fdm i\u00a0 kombinovan\u00fdm filtrem. Syst\u00e9m umo\u017e\u0148uje u\u017eivateli nastavit pr\u016ftok vzduchu od 170 l \/ min do 250 l \/ min a udr\u017euje jej v konstantn\u00ed \u00farovni bez ohledu na zm\u011bny<\/p>\n<p><a class=\"more-link\" href=\"https:\/\/www.clean-air.cz\/cs\/systemy-tlakoveho-vzduchu\/cleanair-pressure-for-mask\/\">Read More<\/a><\/p>\n","protected":false},"author":11,"featured_media":0,"parent":3213,"menu_order":0,"comment_status":"closed","ping_status":"closed","template":"","meta":{"footnotes":""},"_links":{"self":[{"href":"https:\/\/www.clean-air.cz\/cs\/wp-json\/wp\/v2\/pages\/2703"}],"collection":[{"href":"https:\/\/www.clean-air.cz\/cs\/wp-json\/wp\/v2\/pages"}],"about":[{"href":"https:\/\/www.clean-air.cz\/cs\/wp-json\/wp\/v2\/types\/page"}],"author":[{"embeddable":true,"href":"https:\/\/www.clean-air.cz\/cs\/wp-json\/wp\/v2\/users\/11"}],"replies":[{"embeddable":true,"href":"https:\/\/www.clean-air.cz\/cs\/wp-json\/wp\/v2\/comments?post=2703"}],"version-history":[{"count":0,"href":"https:\/\/www.clean-air.cz\/cs\/wp-json\/wp\/v2\/pages\/2703\/revisions"}],"up":[{"embeddable":true,"href":"https:\/\/www.clean-air.cz\/cs\/wp-json\/wp\/v2\/pages\/3213"}],"wp:attachment":[{"href":"https:\/\/www.clean-air.cz\/cs\/wp-json\/wp\/v2\/media?parent=2703"}],"curies":[{"name":"wp","href":"https:\/\/api.w.org\/{rel}","templated":true}]}}