{"id":2693,"date":"2018-10-25T14:07:47","date_gmt":"2018-10-25T12:07:47","guid":{"rendered":"https:\/\/www.clean-air.cz\/cleanair-pressure-flow-master\/"},"modified":"2026-01-30T12:59:35","modified_gmt":"2026-01-30T11:59:35","slug":"cleanair-pressure-flow-master","status":"publish","type":"page","link":"https:\/\/www.clean-air.cz\/cs\/systemy-tlakoveho-vzduchu\/cleanair-pressure-flow-master\/","title":{"rendered":"CleanAIR\u00ae Pressure Flow Master"},"content":{"rendered":"<p>[vc_row][vc_column width=&#8220;1\/2&#8243;][vc_gallery interval=&#8220;3&#8243; images=&#8220;857&#8243; img_size=&#8220;large&#8220;][\/vc_column][vc_column width=&#8220;1\/2&#8243;][vc_column_text]<strong><span style=\"font-size: 14pt; color: #be0300;\">\u0158e\u0161en\u00ed pro syst\u00e9my tlakov\u00e9ho vzduchu<\/span><\/strong><\/p>\n<p>Syst\u00e9m CleanAIR\u00ae Pressure Flow Master je \u0159e\u0161en\u00ed pro syst\u00e9my tlakov\u00e9ho vzduchu s konstantn\u00edm pr\u016ftokem vhodn\u00e9 pro dlouhodobou pr\u00e1ci v nejt\u011b\u017e\u0161\u00edch pr\u016fmyslov\u00fdch prost\u0159ed\u00edch. Regul\u00e1tor na jednotce m\u016f\u017ee upravit mno\u017estv\u00ed vzduchu p\u0159ich\u00e1zej\u00edc\u00edho z centr\u00e1ln\u00edho syst\u00e9mu distribuce stla\u010den\u00e9ho vzduchu nebo kompresoru a udr\u017euje jej na konstantn\u00ed \u00farovni bez ohledu na zm\u011bny vstupn\u00edho tlaku.[\/vc_column_text][vc_btn title=&#8220;Pod\u00edvejte se na celou \u0159adu tlakov\u00fdch syst\u00e9m\u016f!&#8220; shape=&#8220;square&#8220; color=&#8220;juicy-pink&#8220; size=&#8220;lg&#8220; align=&#8220;left&#8220; i_icon_fontawesome=&#8220;fa fa-info-circle&#8220; css_animation=&#8220;none&#8220; add_icon=&#8220;true&#8220; link=&#8220;url:https%3A%2F%2Fwww.clean-air.cz%2Fcs%2Fsystemy-tlakoveho-vzduchu%2F|title:Pod%C3%ADvejte%20se%20na%20celou%20%C5%99adu%20lehk%C3%BDch%20kukel%21|&#8220;][\/vc_column][\/vc_row][vc_row][vc_column][vc_tta_tabs style=&#8220;modern&#8220; shape=&#8220;square&#8220; active_section=&#8220;1&#8243; no_fill_content_area=&#8220;true&#8220; title=&#8220;Detaily&#8220;][vc_tta_section i_icon_fontawesome=&#8220;fa fa-industry&#8220; add_icon=&#8220;true&#8220; title=&#8220;Oblast pou\u017eit\u00ed&#8220; tab_id=&#8220;1513150336358-68add988-e9ea&#8220;][vc_column_text]<span style=\"color: #be0300;\"><strong>Oblast pou\u017eit\u00ed<\/strong><\/span><\/p>\n<ul>\n<li>Vhodn\u00fd do t\u011b\u017ek\u00e9ho pr\u016fmyslov\u00e9ho prost\u0159ed\u00ed, laborato\u0159\u00ed a do chemick\u00e9ho pr\u016fmyslu<\/li>\n<\/ul>\n<p>[\/vc_column_text][\/vc_tta_section][vc_tta_section i_icon_fontawesome=&#8220;fa fa-thumbs-o-up&#8220; add_icon=&#8220;true&#8220; title=&#8220;V\u00fdhody&#8220; tab_id=&#8220;1513150336359-b7b65468-8021&#8243;][vc_column_text]<span style=\"color: #be0300;\"><strong>V\u00fdhody<\/strong><\/span><\/p>\n<ul>\n<li>N\u00edzk\u00e1 hmotnost<\/li>\n<li>Ekonomick\u00fd provoz<\/li>\n<li>Vysok\u00e9 pr\u016ftoky vzduchu<\/li>\n<li>V\u00fdstra\u017en\u00fd syst\u00e9m p\u0159i poklesu tlaku<\/li>\n<li>Mo\u017enost filtrace p\u0159iv\u00e1d\u011bn\u00e9ho vzduchu pomoc\u00ed CleanAIR\u00ae Conditioner<\/li>\n<li>Kompatibiln\u00ed se \u0161irokou \u0159adou kukel CleanAIR\u00ae<\/li>\n<\/ul>\n<p>[\/vc_column_text][\/vc_tta_section][vc_tta_section i_icon_fontawesome=&#8220;fa fa-cog&#8220; add_icon=&#8220;true&#8220; title=&#8220;Komplety, p\u0159\u00edslu\u0161enstv\u00ed, filtry&#8220; tab_id=&#8220;1513153137048-5f8c31c5-30ea&#8220;][vc_column_text]<\/p>\n<table>\n<tbody>\n<tr>\n<td style=\"text-align: left;\" colspan=\"2\"><span style=\"color: #be0300;\"><strong>Kompletn\u00ed sety<\/strong><\/span><\/td>\n<\/tr>\n<tr>\n<td style=\"text-align: left;\">CleanAIR\u00ae Flow Master v\u010detn\u011b komfortn\u00edho opasku<\/td>\n<td style=\"text-align: center;\">67 00 00<\/td>\n<\/tr>\n<tr>\n<td style=\"text-align: left;\" colspan=\"2\"><span style=\"color: #be0300;\"><strong>N\u00e1hradn\u00ed d\u00edly, p\u0159\u00edslu\u0161enstv\u00ed<\/strong><\/span><\/td>\n<\/tr>\n<tr>\n<td style=\"text-align: left;\">CleanAIR\u00ae Pressure Conditioner v\u010detn\u011b stojanu<\/td>\n<td style=\"text-align: center;\">61 00 50<\/td>\n<\/tr>\n<tr>\n<td style=\"text-align: left;\">Standard hadice 10 m pro CA Pressure<\/td>\n<td style=\"text-align: center;\">61 00 30<\/td>\n<\/tr>\n<tr>\n<td style=\"text-align: left;\">Standard hadice 25 m pro CA Pressure<\/td>\n<td style=\"text-align: center;\">61 00 38<\/td>\n<\/tr>\n<tr>\n<td style=\"text-align: left;\">Standard hadice 50 m pro CA Pressure<\/td>\n<td style=\"text-align: center;\">61 00 39<\/td>\n<\/tr>\n<tr>\n<td style=\"text-align: left;\">Antistatick\u00e1 hadice 10 m pro CA Pressure<\/td>\n<td style=\"text-align: center;\">61 00 31<\/td>\n<\/tr>\n<tr>\n<td style=\"text-align: left;\">Antistatick\u00e1 hadice 25 m pro CA Pressure<\/td>\n<td style=\"text-align: center;\">61 00 33<\/td>\n<\/tr>\n<tr>\n<td style=\"text-align: left;\">Antistatick\u00e1 hadice 50 m pro CA Pressure<\/td>\n<td style=\"text-align: center;\">61 00 34<\/td>\n<\/tr>\n<tr>\n<td style=\"text-align: left;\">Spir\u00e1ln\u00ed hadice 10 m pro CA Pressure, mechanicky odoln\u00e1<\/td>\n<td style=\"text-align: center;\">61 00 46<\/td>\n<\/tr>\n<tr>\n<td style=\"text-align: left;\">Tlumi\u010d hluku<\/td>\n<td style=\"text-align: center;\">63 00 10<\/td>\n<\/tr>\n<tr>\n<td style=\"text-align: left;\">Opasek pro CleanAIR\u00ae Pressure<\/td>\n<td style=\"text-align: center;\">70 00 95<\/td>\n<\/tr>\n<tr>\n<td style=\"text-align: left;\">Lehk\u00e1 flexi hadice QuickLOCK\u2122 &#8211; CA40x1\/7\u201c<\/td>\n<td style=\"text-align: center;\">71 00 60<\/td>\n<\/tr>\n<tr>\n<td style=\"text-align: left;\">Gumov\u00e1 hadice QuickLOCK\u2122 \u2013 CA40\u00d71\/7\u201c<\/td>\n<td style=\"text-align: center;\">71 00 86<\/td>\n<\/tr>\n<tr>\n<td style=\"text-align: left;\">Komfortn\u00ed polstrovan\u00fd opasek<\/td>\n<td style=\"text-align: center;\">71 00 93<\/td>\n<\/tr>\n<tr>\n<td style=\"text-align: left;\">Komfortn\u00ed ko\u017een\u00fd opasek<\/td>\n<td style=\"text-align: center;\">72 00 93<\/td>\n<\/tr>\n<\/tbody>\n<\/table>\n<p>&nbsp;<br \/>\n[\/vc_column_text][\/vc_tta_section][vc_tta_section i_icon_fontawesome=&#8220;fa fa-wrench&#8220; add_icon=&#8220;true&#8220; title=&#8220;Technick\u00e1 data&#8220; tab_id=&#8220;1513153797992-792040b0-82c9&#8243;][vc_column_text]<\/p>\n<table>\n<tbody>\n<tr>\n<td style=\"text-align: left;\">Pr\u016ftok vzduchu<\/td>\n<td style=\"text-align: center;\">160\u2013250 l\/min<\/td>\n<\/tr>\n<tr>\n<td style=\"text-align: left;\">Vstupn\u00ed tlak<\/td>\n<td style=\"text-align: center;\">400\u20131 000 kPa<\/td>\n<\/tr>\n<tr>\n<td style=\"text-align: left;\">Hmotnost<\/td>\n<td style=\"text-align: center;\">280 g<\/td>\n<\/tr>\n<tr>\n<td style=\"text-align: left;\">Vstupn\u00ed konektor<\/td>\n<td style=\"text-align: center;\">kompatibiln\u00ed s RECTUS 25, 26 a CEJN 320<\/td>\n<\/tr>\n<tr>\n<td style=\"text-align: left;\">V\u00fdstupn\u00ed konektor<\/td>\n<td style=\"text-align: center;\">CA40\u00d71\/7\u201c<\/td>\n<\/tr>\n<tr>\n<td style=\"text-align: left;\">Certifikace<\/td>\n<td style=\"text-align: center;\">EN 14594, t\u0159\u00edda 3B<\/td>\n<\/tr>\n<\/tbody>\n<\/table>\n<p>&nbsp;<br \/>\n[\/vc_column_text][\/vc_tta_section][vc_tta_section i_icon_fontawesome=&#8220;fa fa-download&#8220; add_icon=&#8220;true&#8220; title=&#8220;Ke sta\u017een\u00ed&#8220; tab_id=&#8220;1513154098935-95c74e4f-fa1e&#8220;][vc_column_text]<a href=\"https:\/\/www.clean-air.cz\/wp-content\/uploads\/2026\/01\/GR-CNA010-R14-User-Manual-Pressure-Flow-Master-and-Conditioner-DIGI.pdf\">User Manual &#8211; Pressure Flow Master and Conditioner DIGI<\/a><\/p>\n<p><a href=\"https:\/\/www.clean-air.cz\/wp-content\/uploads\/2022\/03\/DA-011_-_670000_-_Pressure_Flow_Master_-_EN.pdf\" target=\"_blank\" rel=\"noopener\">Datasheet_-_670000_-_Pressure_Flow_Master_-_EN<\/a><\/p>\n<p><a href=\"https:\/\/www.clean-air.cz\/wp-content\/uploads\/2021\/12\/PS-670000-1-R1-Presure-Flow-Master.pdf\" target=\"_blank\" rel=\"noopener\">Declaration of Conformity &#8211; Presure Flow Master<\/a>[\/vc_column_text][\/vc_tta_section][vc_tta_section i_icon_fontawesome=&#8220;fa fa-picture-o&#8220; add_icon=&#8220;true&#8220; title=&#8220;Galerie&#8220; tab_id=&#8220;1515415801460-0c2258c9-4574&#8243;][vc_gallery type=&#8220;image_grid&#8220; images=&#8220;857&#8243; img_size=&#8220;medium&#8220; css_animation=&#8220;fadeIn&#8220; css=&#8220;.vc_custom_1553762539937{padding-left: 280px !important;}&#8220;][\/vc_tta_section][\/vc_tta_tabs][\/vc_column][\/vc_row]<\/p>\n","protected":false},"excerpt":{"rendered":"<p>[vc_row][vc_column width=&#8220;1\/2&#8243;][vc_gallery interval=&#8220;3&#8243; images=&#8220;857&#8243; img_size=&#8220;large&#8220;][\/vc_column][vc_column width=&#8220;1\/2&#8243;][vc_column_text]\u0158e\u0161en\u00ed pro syst\u00e9my tlakov\u00e9ho vzduchu Syst\u00e9m CleanAIR\u00ae Pressure Flow Master je \u0159e\u0161en\u00ed pro syst\u00e9my tlakov\u00e9ho vzduchu s konstantn\u00edm pr\u016ftokem vhodn\u00e9 pro dlouhodobou pr\u00e1ci v nejt\u011b\u017e\u0161\u00edch pr\u016fmyslov\u00fdch prost\u0159ed\u00edch. Regul\u00e1tor na jednotce m\u016f\u017ee upravit mno\u017estv\u00ed vzduchu p\u0159ich\u00e1zej\u00edc\u00edho z centr\u00e1ln\u00edho syst\u00e9mu distribuce stla\u010den\u00e9ho vzduchu nebo kompresoru a udr\u017euje jej na konstantn\u00ed \u00farovni bez ohledu na zm\u011bny vstupn\u00edho tlaku.[\/vc_column_text][vc_btn title=&#8220;Pod\u00edvejte se na celou \u0159adu tlakov\u00fdch syst\u00e9m\u016f!&#8220; shape=&#8220;square&#8220; color=&#8220;juicy-pink&#8220; size=&#8220;lg&#8220;<\/p>\n<p><a class=\"more-link\" href=\"https:\/\/www.clean-air.cz\/cs\/systemy-tlakoveho-vzduchu\/cleanair-pressure-flow-master\/\">Read More<\/a><\/p>\n","protected":false},"author":11,"featured_media":0,"parent":3213,"menu_order":0,"comment_status":"closed","ping_status":"closed","template":"","meta":{"footnotes":""},"_links":{"self":[{"href":"https:\/\/www.clean-air.cz\/cs\/wp-json\/wp\/v2\/pages\/2693"}],"collection":[{"href":"https:\/\/www.clean-air.cz\/cs\/wp-json\/wp\/v2\/pages"}],"about":[{"href":"https:\/\/www.clean-air.cz\/cs\/wp-json\/wp\/v2\/types\/page"}],"author":[{"embeddable":true,"href":"https:\/\/www.clean-air.cz\/cs\/wp-json\/wp\/v2\/users\/11"}],"replies":[{"embeddable":true,"href":"https:\/\/www.clean-air.cz\/cs\/wp-json\/wp\/v2\/comments?post=2693"}],"version-history":[{"count":0,"href":"https:\/\/www.clean-air.cz\/cs\/wp-json\/wp\/v2\/pages\/2693\/revisions"}],"up":[{"embeddable":true,"href":"https:\/\/www.clean-air.cz\/cs\/wp-json\/wp\/v2\/pages\/3213"}],"wp:attachment":[{"href":"https:\/\/www.clean-air.cz\/cs\/wp-json\/wp\/v2\/media?parent=2693"}],"curies":[{"name":"wp","href":"https:\/\/api.w.org\/{rel}","templated":true}]}}