{"id":2677,"date":"2018-10-25T09:48:45","date_gmt":"2018-10-25T07:48:45","guid":{"rendered":"https:\/\/www.clean-air.cz\/cleanair-pressure\/"},"modified":"2023-08-29T10:37:43","modified_gmt":"2023-08-29T08:37:43","slug":"cleanair-pressure","status":"publish","type":"page","link":"https:\/\/www.clean-air.cz\/cs\/systemy-tlakoveho-vzduchu\/cleanair-pressure\/","title":{"rendered":"CleanAIR\u00ae Pressure"},"content":{"rendered":"<p>[vc_row][vc_column width=&#8220;1\/2&#8243;][vc_gallery interval=&#8220;3&#8243; images=&#8220;21064&#8243; img_size=&#8220;large&#8220;][\/vc_column][vc_column width=&#8220;1\/2&#8243;][vc_column_text]<strong><span style=\"font-size: 14pt; color: #be0300;\"><sup>CleanAIR\u00ae Pressure<\/sup><\/span><\/strong><\/p>\n<p>Z\u00e1kladn\u00ed verze CleanAIR\u00ae Pressure reguluje mno\u017estv\u00ed dod\u00e1van\u00e9ho vzduchu a udr\u017euje jej na konstantn\u00ed \u00farovni bez ohledu na zm\u011bny vstupn\u00edho tlaku.[\/vc_column_text][vc_btn title=&#8220;Pod\u00edvejte se na celou \u0159adu tlakov\u00fdch syst\u00e9m\u016f!&#8220; shape=&#8220;square&#8220; color=&#8220;juicy-pink&#8220; size=&#8220;lg&#8220; align=&#8220;left&#8220; i_icon_fontawesome=&#8220;fa fa-info-circle&#8220; css_animation=&#8220;none&#8220; add_icon=&#8220;true&#8220; link=&#8220;url:https%3A%2F%2Fwww.clean-air.cz%2Fcs%2Fsystemy-tlakoveho-vzduchu%2F|title:Pod%C3%ADvejte%20se%20na%20celou%20%C5%99adu%20lehk%C3%BDch%20kukel%21|&#8220;][\/vc_column][\/vc_row][vc_row][vc_column][vc_tta_tabs style=&#8220;modern&#8220; shape=&#8220;square&#8220; active_section=&#8220;1&#8243; no_fill_content_area=&#8220;true&#8220; title=&#8220;Detaily&#8220;][vc_tta_section i_icon_fontawesome=&#8220;fa fa-industry&#8220; add_icon=&#8220;true&#8220; title=&#8220;Oblast pou\u017eit\u00ed&#8220; tab_id=&#8220;1513150336358-68add988-e9ea&#8220;][vc_column_text]<span style=\"color: #be0300;\"><strong>Oblast pou\u017eit\u00ed <\/strong><\/span><\/p>\n<ul>\n<li>Automobilov\u00fd pr\u016fmysl &#8211; sva\u0159ov\u00e1n\u00ed, brou\u0161en\u00ed, \u00fapravy povrch\u016f<\/li>\n<li>T\u011b\u017ek\u00e9 pr\u016fmyslov\u00e9 provozy<\/li>\n<li>Chemick\u00e9 provozy<\/li>\n<li>Laborato\u0159e<\/li>\n<\/ul>\n<p>[\/vc_column_text][\/vc_tta_section][vc_tta_section i_icon_fontawesome=&#8220;fa fa-thumbs-o-up&#8220; add_icon=&#8220;true&#8220; title=&#8220;V\u00fdhody&#8220; tab_id=&#8220;1513150336359-b7b65468-8021&#8243;][vc_column_text]<span style=\"color: #be0300;\"><strong>V\u00fdhody<\/strong><\/span><\/p>\n<ul>\n<li>N\u00edzk\u00e1 hmotnost<\/li>\n<li>Ekonomick\u00fd provoz<\/li>\n<li>Vysok\u00e9 pr\u016ftoky vzduchu<\/li>\n<\/ul>\n<p>[\/vc_column_text][\/vc_tta_section][vc_tta_section i_icon_fontawesome=&#8220;fa fa-cog&#8220; add_icon=&#8220;true&#8220; title=&#8220;Komplety, p\u0159\u00edslu\u0161enstv\u00ed, filtry&#8220; tab_id=&#8220;1513153137048-5f8c31c5-30ea&#8220;][vc_column_text]<\/p>\n<table>\n<tbody>\n<tr>\n<td style=\"text-align: left;\" colspan=\"2\"><span style=\"color: #be0300;\"><strong>Kompletn\u00ed sady<\/strong><\/span><\/td>\n<\/tr>\n<tr>\n<td style=\"text-align: left;\">CleanAIR\u00ae Pressure s p\u0159\u00edslu\u0161enstv\u00edm (opasek, kontroln\u00ed pr\u016ftokom\u011br)<\/td>\n<td style=\"text-align: center;\">63 00 00<\/td>\n<\/tr>\n<tr>\n<td style=\"text-align: left;\">CleanAIR\u00ae\u00a0 Conditioner se stojanem<\/td>\n<td style=\"text-align: center;\">61 00 50<\/td>\n<\/tr>\n<tr>\n<td style=\"text-align: left;\" colspan=\"2\"><span style=\"color: #be0300;\"><strong>Spot\u0159ebn\u00ed d\u00edly, p\u0159\u00edslu\u0161enstv\u00ed <\/strong><\/span><\/td>\n<\/tr>\n<tr>\n<td style=\"text-align: left;\">Hadice lehk\u00e1 flexi QuickLOCK\u2122 &#8211; CA40x1\/7\u201c<\/td>\n<td style=\"text-align: center;\">71 00 60<\/td>\n<\/tr>\n<tr>\n<td style=\"text-align: left;\">Hadice pry\u017eov\u00e1 QuickLOCK\u2122 \u2013 CA40\u00d71\/7\u201c<\/td>\n<td style=\"text-align: center;\">71 00 86<\/td>\n<\/tr>\n<tr>\n<td style=\"text-align: left;\">Opasek pro CA Pressure<\/td>\n<td style=\"text-align: center;\">70 00 95<\/td>\n<\/tr>\n<tr>\n<td style=\"text-align: left;\">Komfortn\u00ed polstrovan\u00fd opasek<\/td>\n<td style=\"text-align: center;\">71 00 93<\/td>\n<\/tr>\n<tr>\n<td style=\"text-align: left;\">Komfortn\u00ed ko\u017een\u00fd opasek<\/td>\n<td style=\"text-align: center;\">72 00 93<\/td>\n<\/tr>\n<tr>\n<td style=\"text-align: left;\">Tlumi\u010d hluku<\/td>\n<td style=\"text-align: center;\">63 00 10<\/td>\n<\/tr>\n<tr>\n<td style=\"text-align: left;\">Tlakov\u00e1 hadice standardn\u00ed 10 m<\/td>\n<td style=\"text-align: center;\">61 00 30<\/td>\n<\/tr>\n<tr>\n<td style=\"text-align: left;\">Tlakov\u00e1 hadice antistatick\u00e1 10 m<\/td>\n<td style=\"text-align: center;\">61 00 31<\/td>\n<\/tr>\n<tr>\n<td style=\"text-align: left;\">Tlakov\u00e1 hadice spir\u00e1lov\u00e1 6,5\u00d710 mm, d\u00e9lka 10 m<\/td>\n<td style=\"text-align: center;\">61 00 46<\/td>\n<\/tr>\n<\/tbody>\n<\/table>\n<p>[\/vc_column_text][\/vc_tta_section][vc_tta_section i_icon_fontawesome=&#8220;fa fa-wrench&#8220; add_icon=&#8220;true&#8220; title=&#8220;Technick\u00e1 data&#8220; tab_id=&#8220;1513153797992-792040b0-82c9&#8243;][vc_column_text]<\/p>\n<table>\n<tbody>\n<tr>\n<td style=\"text-align: left;\">Pr\u016ftok vzduchu<\/td>\n<td style=\"text-align: center;\">160\u2013400 l\/min<\/td>\n<\/tr>\n<tr>\n<td style=\"text-align: left;\">Vstupn\u00ed tlak<\/td>\n<td style=\"text-align: center;\">300\u20131 000 kPa<\/td>\n<\/tr>\n<tr>\n<td style=\"text-align: left;\">Hmotnost<\/td>\n<td style=\"text-align: center;\">250 g<\/td>\n<\/tr>\n<tr>\n<td style=\"text-align: left;\">Hlu\u010dnost<\/td>\n<td style=\"text-align: center;\">max. 61 dB<\/td>\n<\/tr>\n<tr>\n<td style=\"text-align: left;\">Rozm\u011bry<\/td>\n<td style=\"text-align: center;\">235 mm \/ 126 mm \/ 65 mm<\/td>\n<\/tr>\n<tr>\n<td style=\"text-align: left;\">Vstupn\u00ed konektor<\/td>\n<td style=\"text-align: center;\">kompatibiln\u00ed s RECTUS 25, 26 a CEJN 320<\/td>\n<\/tr>\n<tr>\n<td style=\"text-align: left;\">V\u00fdstupn\u00ed konektor<\/td>\n<td style=\"text-align: center;\">CA40\u00d71\/7\u201c<\/td>\n<\/tr>\n<tr>\n<td style=\"text-align: left;\">Certifikace<\/td>\n<td style=\"text-align: center;\">EN 14594, t\u0159\u00edda 3B<\/td>\n<\/tr>\n<\/tbody>\n<\/table>\n<p>[\/vc_column_text][\/vc_tta_section][vc_tta_section i_icon_fontawesome=&#8220;fa fa-download&#8220; add_icon=&#8220;true&#8220; title=&#8220;Ke sta\u017een\u00ed&#8220; tab_id=&#8220;1513154098935-95c74e4f-fa1e&#8220;][vc_column_text]<a href=\"https:\/\/www.clean-air.cz\/wp-content\/uploads\/2022\/07\/User-manual-CNA-010-R10-UM-Pressure-Flow-Master-and-Conditioner-DIGI.pdf\" target=\"_blank\" rel=\"noopener\">User manual &#8211; CNA-010-R10 &#8211; UM &#8211; Pressure Flow Master and Conditioner-DIGI<\/a><\/p>\n<p><a href=\"https:\/\/www.clean-air.cz\/wp-content\/uploads\/2022\/05\/DA-013_-_630000_-_Pressure_-_EN.pdf\" target=\"_blank\" rel=\"noopener\">Datasheet DA-013 &#8211; 630000 &#8211; Pressure &#8211; EN<\/a><\/p>\n<p><a href=\"https:\/\/www.clean-air.cz\/wp-content\/uploads\/2019\/07\/PS-630000-1-R1-Presure.pdf\" target=\"_blank\" rel=\"noopener noreferrer\">Declaration of Conformity &#8211; 630000-1-R1 Presure<\/a>[\/vc_column_text][\/vc_tta_section][vc_tta_section i_icon_fontawesome=&#8220;fa fa-picture-o&#8220; add_icon=&#8220;true&#8220; title=&#8220;Galerie&#8220; tab_id=&#8220;1515415801460-0c2258c9-4574&#8243;][vc_gallery type=&#8220;image_grid&#8220; images=&#8220;613&#8243; img_size=&#8220;medium&#8220; css_animation=&#8220;fadeIn&#8220; css=&#8220;.vc_custom_1553765128940{padding-left: 280px !important;}&#8220;][\/vc_tta_section][\/vc_tta_tabs][\/vc_column][\/vc_row]<\/p>\n","protected":false},"excerpt":{"rendered":"<p>[vc_row][vc_column width=&#8220;1\/2&#8243;][vc_gallery interval=&#8220;3&#8243; images=&#8220;21064&#8243; img_size=&#8220;large&#8220;][\/vc_column][vc_column width=&#8220;1\/2&#8243;][vc_column_text]CleanAIR\u00ae Pressure Z\u00e1kladn\u00ed verze CleanAIR\u00ae Pressure reguluje mno\u017estv\u00ed dod\u00e1van\u00e9ho vzduchu a udr\u017euje jej na konstantn\u00ed \u00farovni bez ohledu na zm\u011bny vstupn\u00edho tlaku.[\/vc_column_text][vc_btn title=&#8220;Pod\u00edvejte se na celou \u0159adu tlakov\u00fdch syst\u00e9m\u016f!&#8220; shape=&#8220;square&#8220; color=&#8220;juicy-pink&#8220; size=&#8220;lg&#8220; align=&#8220;left&#8220; i_icon_fontawesome=&#8220;fa fa-info-circle&#8220; css_animation=&#8220;none&#8220; add_icon=&#8220;true&#8220; link=&#8220;url:https%3A%2F%2Fwww.clean-air.cz%2Fcs%2Fsystemy-tlakoveho-vzduchu%2F|title:Pod%C3%ADvejte%20se%20na%20celou%20%C5%99adu%20lehk%C3%BDch%20kukel%21|&#8220;][\/vc_column][\/vc_row][vc_row][vc_column][vc_tta_tabs style=&#8220;modern&#8220; shape=&#8220;square&#8220; active_section=&#8220;1&#8243; no_fill_content_area=&#8220;true&#8220; title=&#8220;Detaily&#8220;][vc_tta_section i_icon_fontawesome=&#8220;fa fa-industry&#8220; add_icon=&#8220;true&#8220; title=&#8220;Oblast pou\u017eit\u00ed&#8220; tab_id=&#8220;1513150336358-68add988-e9ea&#8220;][vc_column_text]Oblast pou\u017eit\u00ed Automobilov\u00fd pr\u016fmysl &#8211; sva\u0159ov\u00e1n\u00ed, brou\u0161en\u00ed, \u00fapravy povrch\u016f T\u011b\u017ek\u00e9 pr\u016fmyslov\u00e9 provozy Chemick\u00e9 provozy Laborato\u0159e [\/vc_column_text][\/vc_tta_section][vc_tta_section i_icon_fontawesome=&#8220;fa<\/p>\n<p><a class=\"more-link\" href=\"https:\/\/www.clean-air.cz\/cs\/systemy-tlakoveho-vzduchu\/cleanair-pressure\/\">Read More<\/a><\/p>\n","protected":false},"author":11,"featured_media":0,"parent":3213,"menu_order":0,"comment_status":"closed","ping_status":"closed","template":"","meta":{"footnotes":""},"_links":{"self":[{"href":"https:\/\/www.clean-air.cz\/cs\/wp-json\/wp\/v2\/pages\/2677"}],"collection":[{"href":"https:\/\/www.clean-air.cz\/cs\/wp-json\/wp\/v2\/pages"}],"about":[{"href":"https:\/\/www.clean-air.cz\/cs\/wp-json\/wp\/v2\/types\/page"}],"author":[{"embeddable":true,"href":"https:\/\/www.clean-air.cz\/cs\/wp-json\/wp\/v2\/users\/11"}],"replies":[{"embeddable":true,"href":"https:\/\/www.clean-air.cz\/cs\/wp-json\/wp\/v2\/comments?post=2677"}],"version-history":[{"count":0,"href":"https:\/\/www.clean-air.cz\/cs\/wp-json\/wp\/v2\/pages\/2677\/revisions"}],"up":[{"embeddable":true,"href":"https:\/\/www.clean-air.cz\/cs\/wp-json\/wp\/v2\/pages\/3213"}],"wp:attachment":[{"href":"https:\/\/www.clean-air.cz\/cs\/wp-json\/wp\/v2\/media?parent=2677"}],"curies":[{"name":"wp","href":"https:\/\/api.w.org\/{rel}","templated":true}]}}