{"id":2659,"date":"2018-10-24T16:41:51","date_gmt":"2018-10-24T14:41:51","guid":{"rendered":"https:\/\/www.clean-air.cz\/cleanair-conditioner\/"},"modified":"2026-01-27T09:26:10","modified_gmt":"2026-01-27T08:26:10","slug":"cleanair-conditioner","status":"publish","type":"page","link":"https:\/\/www.clean-air.cz\/cs\/systemy-tlakoveho-vzduchu\/cleanair-conditioner\/","title":{"rendered":"CleanAIR\u00ae Conditioner"},"content":{"rendered":"<p>[vc_row][vc_column width=&#8220;1\/2&#8243;][vc_gallery interval=&#8220;3&#8243; images=&#8220;639&#8243; img_size=&#8220;large&#8220;][\/vc_column][vc_column width=&#8220;1\/2&#8243;][vc_column_text]<strong><span style=\"font-size: 14pt; color: #be0300;\"><sup>Ide\u00e1ln\u00ed \u0159e\u0161en\u00ed pro pracovi\u0161t\u011b s mo\u017enost\u00ed napojen\u00ed na centr\u00e1ln\u00ed rozvod stla\u010den\u00e9ho vzduchu, nebo kompresoru.\u00a0<\/sup><\/span><\/strong><\/p>\n<p>Filtra\u010dn\u00ed stanice zaji\u0161\u0165uje dodate\u010dnou filtraci stla\u010den\u00e9ho vzduchu v\u0161ude tam, kde kvalita dod\u00e1van\u00e9ho vzduchu nedosahuje po\u017eadavk\u016f normy EN 12021. Vysokokapacitn\u00ed kombinovan\u00fd filtr uvnit\u0159 kondicion\u00e9ru odstra\u0148uje tuh\u00e9 \u010d\u00e1stice, olejovou mlhu a nep\u0159\u00edjemn\u00e9 z\u00e1pachy, kter\u00e9 mohou b\u00fdt p\u0159\u00edtomny v rozvodn\u00e9m syst\u00e9mu stla\u010den\u00e9ho vzduchu. Kondicion\u00e9r m\u016f\u017ee dodat dostate\u010dn\u00e9 mno\u017estv\u00ed filtrovan\u00e9ho vzduchu pro dva pracovn\u00edky najednou.[\/vc_column_text][vc_btn title=&#8220;Pod\u00edvejte se na celou \u0159adu tlakov\u00fdch syst\u00e9m\u016f!&#8220; shape=&#8220;square&#8220; color=&#8220;juicy-pink&#8220; size=&#8220;lg&#8220; align=&#8220;left&#8220; i_icon_fontawesome=&#8220;fa fa-info-circle&#8220; css_animation=&#8220;none&#8220; add_icon=&#8220;true&#8220; link=&#8220;url:https%3A%2F%2Fwww.clean-air.cz%2Fcs%2Fsystemy-tlakoveho-vzduchu%2F|title:Pod%C3%ADvejte%20se%20na%20celou%20%C5%99adu%20lehk%C3%BDch%20kukel%21|&#8220;][\/vc_column][\/vc_row][vc_row][vc_column][vc_tta_tabs style=&#8220;modern&#8220; shape=&#8220;square&#8220; active_section=&#8220;1&#8243; no_fill_content_area=&#8220;true&#8220; title=&#8220;Detaily&#8220;][vc_tta_section i_icon_fontawesome=&#8220;fa fa-industry&#8220; add_icon=&#8220;true&#8220; title=&#8220;Oblast pou\u017eit\u00ed&#8220; tab_id=&#8220;1513150336358-68add988-e9ea&#8220;][vc_column_text]<span style=\"color: #be0300;\"><strong>Oblast pou\u017eit\u00ed<\/strong><\/span><\/p>\n<ul>\n<li>Automobilov\u00fd pr\u016fmysl &#8211; sva\u0159ov\u00e1n\u00ed, brou\u0161en\u00ed, povrchov\u00e9 \u00fapravy<\/li>\n<li>T\u011b\u017ek\u00e9 pr\u016fmyslov\u00e9 prost\u0159ed\u00ed<\/li>\n<li>Chemick\u00fd pr\u016fmysl<\/li>\n<li>Laborato\u0159e<\/li>\n<\/ul>\n<p>[\/vc_column_text][\/vc_tta_section][vc_tta_section i_icon_fontawesome=&#8220;fa fa-thumbs-o-up&#8220; add_icon=&#8220;true&#8220; title=&#8220;V\u00fdhody&#8220; tab_id=&#8220;1513150336359-b7b65468-8021&#8243;][vc_column_text]<span style=\"color: #be0300;\"><strong>V\u00fdhody<\/strong><\/span><\/p>\n<ul>\n<li>N\u00edzk\u00e1 hmotnost<\/li>\n<li>Ekonomick\u00fd provoz<\/li>\n<li>Vysok\u00e9 pr\u016ftoky vzduchu<\/li>\n<\/ul>\n<p>[\/vc_column_text][\/vc_tta_section][vc_tta_section i_icon_fontawesome=&#8220;fa fa-cog&#8220; add_icon=&#8220;true&#8220; title=&#8220;Komplety, p\u0159\u00edslu\u0161enstv\u00ed, filtry&#8220; tab_id=&#8220;1513153137048-5f8c31c5-30ea&#8220;][vc_column_text]<\/p>\n<table>\n<tbody>\n<tr>\n<td style=\"text-align: left;\" colspan=\"2\"><span style=\"color: #be0300;\"><strong>Kompletn\u00ed sety<\/strong><\/span><\/td>\n<\/tr>\n<tr>\n<td style=\"text-align: left;\">CleanAIR\u00ae Pressure Conditioner se stoj\u00e1nkem<\/td>\n<td style=\"text-align: center;\">61 00 50<\/td>\n<\/tr>\n<tr>\n<td style=\"text-align: left;\">CleanAIR\u00ae Pressure v\u010detn\u011b p\u0159\u00edslu\u0161enstv\u00ed (opasek a indik\u00e1tor pr\u016ftoku vzduchu)<\/td>\n<td style=\"text-align: center;\">67 00 00<\/td>\n<\/tr>\n<tr>\n<td style=\"text-align: left;\">CleanAIR\u00ae Pressure v\u010detn\u011b p\u0159\u00edslu\u0161enstv\u00ed (opasek a indik\u00e1tor pr\u016ftoku vzduchu)<\/td>\n<td style=\"text-align: center;\">63 00 00<\/td>\n<\/tr>\n<tr>\n<td style=\"text-align: left;\" colspan=\"2\"><span style=\"color: #be0300;\"><strong>N\u00e1hradn\u00ed d\u00edly, p\u0159\u00edslu\u0161enstv\u00ed<\/strong><\/span><\/td>\n<\/tr>\n<tr>\n<td style=\"text-align: left;\">CleanAIR\u00ae Pressure Conditioner se stoj\u00e1nkem<\/td>\n<td style=\"text-align: center;\">61 00 50<\/td>\n<\/tr>\n<tr>\n<td style=\"text-align: left;\">CleanAIR\u00ae Pressure Conditioner t\u011bsn\u011bn\u00ed O-krou\u017eek 139&#215;3 mm<\/td>\n<td style=\"text-align: center;\">61 00 24<\/td>\n<\/tr>\n<tr>\n<td style=\"text-align: left;\">CleanAIR\u00ae Pressure Conditioner t\u011bsn\u011bn\u00e9 O-krou\u017eek 30&#215;4 mm<\/td>\n<td style=\"text-align: center;\">61 00 30<\/td>\n<\/tr>\n<tr>\n<td style=\"text-align: left;\">Standardn\u00ed hadice 10 m pro CleanAIR<sup>\u00ae\u00a0<\/sup>Pressure<\/td>\n<td style=\"text-align: center;\">61 00 30<\/td>\n<\/tr>\n<tr>\n<td style=\"text-align: left;\">Standardn\u00ed hadice 25 m pro CleanAIR<sup>\u00ae\u00a0<\/sup>Pressure<\/td>\n<td style=\"text-align: center;\">61 00 38<\/td>\n<\/tr>\n<tr>\n<td style=\"text-align: left;\">Standardn\u00ed hadice 50 m pro\u00a0CleanAIR<sup>\u00ae\u00a0<\/sup>Pressure<\/td>\n<td style=\"text-align: center;\">61 00 39<\/td>\n<\/tr>\n<tr>\n<td style=\"text-align: left;\">Antistatick\u00e1 hadice 10 m pro\u00a0CleanAIR<sup>\u00ae\u00a0<\/sup>Pressure<\/td>\n<td style=\"text-align: center;\">61 00 31<\/td>\n<\/tr>\n<tr>\n<td style=\"text-align: left;\">Antistatick\u00e1 hadice 25 m pro\u00a0CleanAIR<sup>\u00ae\u00a0<\/sup>Pressure<\/td>\n<td style=\"text-align: center;\">61 00 33<\/td>\n<\/tr>\n<tr>\n<td style=\"text-align: left;\">Antistatick\u00e1 hadice 50 m pro\u00a0CleanAIR<sup>\u00ae\u00a0<\/sup>Pressure<\/td>\n<td style=\"text-align: center;\">61 00 34<\/td>\n<\/tr>\n<tr>\n<td style=\"text-align: left;\">Spir\u00e1lov\u00e1 hadice 10 m for CleanAIR<sup>\u00ae <\/sup>Pressure, mechanicky odoln\u00e1<\/td>\n<td style=\"text-align: center;\">61 00 46<\/td>\n<\/tr>\n<tr>\n<td style=\"text-align: left;\">Filtr pro CleanAIR\u00ae Pressure Conditioner<\/td>\n<td style=\"text-align: center;\">61 00 10<\/td>\n<\/tr>\n<\/tbody>\n<\/table>\n<p>[\/vc_column_text][\/vc_tta_section][vc_tta_section i_icon_fontawesome=&#8220;fa fa-wrench&#8220; add_icon=&#8220;true&#8220; title=&#8220;Technick\u00e1 data&#8220; tab_id=&#8220;1513153797992-792040b0-82c9&#8243;][vc_column_text]<\/p>\n<table>\n<tbody>\n<tr>\n<td style=\"text-align: left;\">Hmotnost<\/td>\n<td style=\"text-align: center;\">6,80 kg<\/td>\n<\/tr>\n<tr>\n<td style=\"text-align: left;\">Rozm\u011bry<\/td>\n<td style=\"text-align: center;\">240 \/ 380 \/ 220 mm<\/td>\n<\/tr>\n<tr>\n<td style=\"text-align: left;\">Vstupn\u00ed tlak<\/td>\n<td style=\"text-align: center;\">300 \u2013 1 000 kPa<\/td>\n<\/tr>\n<tr>\n<td style=\"text-align: left;\">Konektor<\/td>\n<td style=\"text-align: center;\">kompaktn\u00ed s RECTUS 25, 26 a CEJN 320<br \/>\n1\u00d7 vstup, 2\u00d7 v\u00fdstup<\/td>\n<\/tr>\n<\/tbody>\n<\/table>\n<p>[\/vc_column_text][\/vc_tta_section][vc_tta_section i_icon_fontawesome=&#8220;fa fa-download&#8220; add_icon=&#8220;true&#8220; title=&#8220;Ke sta\u017een\u00ed&#8220; tab_id=&#8220;1513154098935-95c74e4f-fa1e&#8220;][vc_column_text]<a href=\"https:\/\/www.clean-air.cz\/wp-content\/uploads\/2022\/07\/User-manual-CNA-010-R10-UM-Pressure-Flow-Master-and-Conditioner-DIGI.pdf\">User manual &#8211; CNA-010-R10 &#8211; UM &#8211; Pressure Flow Master and Conditioner-DIGI<\/a><\/p>\n<p><a href=\"https:\/\/www.clean-air.cz\/wp-content\/uploads\/2018\/07\/Datasheet-DA-029-R02-61-00-50-CA-Pressure-Conditioner-EN.pdf\">Datasheet &#8211; DA-029-R02 &#8211; 61 00 50 &#8211; CA Pressure Conditioner &#8211; EN<\/a><\/p>\n<p><a href=\"https:\/\/www.clean-air.cz\/wp-content\/uploads\/2022\/07\/PS-610000-1-R2-Conditioner.pdf\" target=\"_blank\" rel=\"noopener\">Declaration of Conformity- 610000-1-R2<\/a>[\/vc_column_text][\/vc_tta_section][vc_tta_section i_icon_fontawesome=&#8220;fa fa-picture-o&#8220; add_icon=&#8220;true&#8220; title=&#8220;Galerie&#8220; tab_id=&#8220;1515415801460-0c2258c9-4574&#8243;][vc_gallery type=&#8220;image_grid&#8220; images=&#8220;425,639,424&#8243; img_size=&#8220;medium&#8220; css_animation=&#8220;fadeIn&#8220; css=&#8220;.vc_custom_1530599309487{padding-left: 280px !important;}&#8220;][\/vc_tta_section][\/vc_tta_tabs][\/vc_column][\/vc_row]<\/p>\n","protected":false},"excerpt":{"rendered":"<p>[vc_row][vc_column width=&#8220;1\/2&#8243;][vc_gallery interval=&#8220;3&#8243; images=&#8220;639&#8243; img_size=&#8220;large&#8220;][\/vc_column][vc_column width=&#8220;1\/2&#8243;][vc_column_text]Ide\u00e1ln\u00ed \u0159e\u0161en\u00ed pro pracovi\u0161t\u011b s mo\u017enost\u00ed napojen\u00ed na centr\u00e1ln\u00ed rozvod stla\u010den\u00e9ho vzduchu, nebo kompresoru.\u00a0 Filtra\u010dn\u00ed stanice zaji\u0161\u0165uje dodate\u010dnou filtraci stla\u010den\u00e9ho vzduchu v\u0161ude tam, kde kvalita dod\u00e1van\u00e9ho vzduchu nedosahuje po\u017eadavk\u016f normy EN 12021. Vysokokapacitn\u00ed kombinovan\u00fd filtr uvnit\u0159 kondicion\u00e9ru odstra\u0148uje tuh\u00e9 \u010d\u00e1stice, olejovou mlhu a nep\u0159\u00edjemn\u00e9 z\u00e1pachy, kter\u00e9 mohou b\u00fdt p\u0159\u00edtomny v rozvodn\u00e9m syst\u00e9mu stla\u010den\u00e9ho vzduchu. Kondicion\u00e9r m\u016f\u017ee dodat dostate\u010dn\u00e9 mno\u017estv\u00ed filtrovan\u00e9ho vzduchu pro dva pracovn\u00edky najednou.[\/vc_column_text][vc_btn<\/p>\n<p><a class=\"more-link\" href=\"https:\/\/www.clean-air.cz\/cs\/systemy-tlakoveho-vzduchu\/cleanair-conditioner\/\">Read More<\/a><\/p>\n","protected":false},"author":11,"featured_media":0,"parent":3213,"menu_order":0,"comment_status":"closed","ping_status":"closed","template":"","meta":{"footnotes":""},"_links":{"self":[{"href":"https:\/\/www.clean-air.cz\/cs\/wp-json\/wp\/v2\/pages\/2659"}],"collection":[{"href":"https:\/\/www.clean-air.cz\/cs\/wp-json\/wp\/v2\/pages"}],"about":[{"href":"https:\/\/www.clean-air.cz\/cs\/wp-json\/wp\/v2\/types\/page"}],"author":[{"embeddable":true,"href":"https:\/\/www.clean-air.cz\/cs\/wp-json\/wp\/v2\/users\/11"}],"replies":[{"embeddable":true,"href":"https:\/\/www.clean-air.cz\/cs\/wp-json\/wp\/v2\/comments?post=2659"}],"version-history":[{"count":0,"href":"https:\/\/www.clean-air.cz\/cs\/wp-json\/wp\/v2\/pages\/2659\/revisions"}],"up":[{"embeddable":true,"href":"https:\/\/www.clean-air.cz\/cs\/wp-json\/wp\/v2\/pages\/3213"}],"wp:attachment":[{"href":"https:\/\/www.clean-air.cz\/cs\/wp-json\/wp\/v2\/media?parent=2659"}],"curies":[{"name":"wp","href":"https:\/\/api.w.org\/{rel}","templated":true}]}}