{"id":2654,"date":"2018-10-23T22:34:29","date_gmt":"2018-10-23T20:34:29","guid":{"rendered":"https:\/\/www.clean-air.cz\/o-firme-cleanair\/"},"modified":"2021-02-11T08:40:43","modified_gmt":"2021-02-11T07:40:43","slug":"o-firme-cleanair","status":"publish","type":"page","link":"https:\/\/www.clean-air.cz\/cs\/o-firme-cleanair\/","title":{"rendered":"O firm\u011b CleanAIR\u00ae"},"content":{"rendered":"<p>[vc_row][vc_column][vc_column_text]<br \/>\nNa\u0161e spole\u010dnost je zam\u011b\u0159ena na n\u00e1vrh, v\u00fdvoj a v\u00fdrobu filtrra\u010dn\u011b-ventila\u010dn\u00edch syst\u00e9m\u016f CleanAIR\u00ae pro ochranu d\u00fdchac\u00edch cest v r\u016fzn\u00fdch pr\u016fmyslov\u00fdch prost\u0159ed\u00edch. Firmu zalo\u017eil pan Ctirad Malina v roce 1990 jako velkoobchodn\u00ed spole\u010dnost se sv\u00e1\u0159ec\u00edm zbo\u017e\u00edm. V roce 1995 jsme vyvinuli prvn\u00ed filtra\u010dn\u011b-ventila\u010dn\u00ed jednotku, kter\u00e1 byla v roce 1996 schv\u00e1lena pro Evropsk\u00fd trh.\u00a0Neust\u00e1le rozv\u00edj\u00edme portfolio produkt\u016f a roz\u0161i\u0159ujeme celosv\u011btovou distribu\u010dn\u00ed s\u00ed\u0165.<\/p>\n<h2>ISO 9001:2015 and AQAP 2110<\/h2>\n<p>Na\u0161\u00edm dlouhodob\u00fdm c\u00edlem je poskytnout na\u0161im z\u00e1kazn\u00edk\u016fm vysoce kvalitn\u00ed produkt v oblasti ochrany d\u00fdchac\u00edch cest.\u00a0Proto\u017ee vysoce kvalitn\u00ed v\u00fdrobky jsou na\u0161\u00ed prioritou, zavedli jsme syst\u00e9m \u0159\u00edzen\u00ed jakosti ISO 9001: 2008 a AQAP 2110 &#8211; vojensk\u00fd standard NATO.\u00a0V roce 2010 jsme z\u00edskali ocen\u011bn\u00ed Expoprotection Paris Innovation Trophy za jednotku Chemical 2F,\u00a0v roce 2018 jsme tot\u00e9\u017e ocen\u011bn\u00ed z\u00edskali za ochrann\u00fd oblek s filtra\u010dn\u011b-ventila\u010dn\u00ed jednotkou Ultimate GX.<\/p>\n<p><img loading=\"lazy\" decoding=\"async\" class=\"alignnone size-medium wp-image-1481\" src=\"https:\/\/www.clean-air.cz\/wp-content\/uploads\/2018\/09\/21_copy_small-300x200.jpg\" alt=\"\" width=\"300\" height=\"200\" srcset=\"https:\/\/www.clean-air.cz\/wp-content\/uploads\/2018\/09\/21_copy_small-300x200.jpg 300w, https:\/\/www.clean-air.cz\/wp-content\/uploads\/2018\/09\/21_copy_small.jpg 750w\" sizes=\"(max-width: 300px) 100vw, 300px\" \/><br \/>\n[\/vc_column_text][\/vc_column][\/vc_row]<\/p>\n","protected":false},"excerpt":{"rendered":"<p>[vc_row][vc_column][vc_column_text] Na\u0161e spole\u010dnost je zam\u011b\u0159ena na n\u00e1vrh, v\u00fdvoj a v\u00fdrobu filtrra\u010dn\u011b-ventila\u010dn\u00edch syst\u00e9m\u016f CleanAIR\u00ae pro ochranu d\u00fdchac\u00edch cest v r\u016fzn\u00fdch pr\u016fmyslov\u00fdch prost\u0159ed\u00edch. Firmu zalo\u017eil pan Ctirad Malina v roce 1990 jako velkoobchodn\u00ed spole\u010dnost se sv\u00e1\u0159ec\u00edm zbo\u017e\u00edm. V roce 1995 jsme vyvinuli prvn\u00ed filtra\u010dn\u011b-ventila\u010dn\u00ed jednotku, kter\u00e1 byla v roce 1996 schv\u00e1lena pro Evropsk\u00fd trh.\u00a0Neust\u00e1le rozv\u00edj\u00edme portfolio produkt\u016f a roz\u0161i\u0159ujeme celosv\u011btovou distribu\u010dn\u00ed s\u00ed\u0165. ISO 9001:2015 and AQAP 2110 Na\u0161\u00edm dlouhodob\u00fdm c\u00edlem je poskytnout<\/p>\n<p><a class=\"more-link\" href=\"https:\/\/www.clean-air.cz\/cs\/o-firme-cleanair\/\">Read More<\/a><\/p>\n","protected":false},"author":11,"featured_media":0,"parent":0,"menu_order":0,"comment_status":"closed","ping_status":"closed","template":"","meta":{"footnotes":""},"_links":{"self":[{"href":"https:\/\/www.clean-air.cz\/cs\/wp-json\/wp\/v2\/pages\/2654"}],"collection":[{"href":"https:\/\/www.clean-air.cz\/cs\/wp-json\/wp\/v2\/pages"}],"about":[{"href":"https:\/\/www.clean-air.cz\/cs\/wp-json\/wp\/v2\/types\/page"}],"author":[{"embeddable":true,"href":"https:\/\/www.clean-air.cz\/cs\/wp-json\/wp\/v2\/users\/11"}],"replies":[{"embeddable":true,"href":"https:\/\/www.clean-air.cz\/cs\/wp-json\/wp\/v2\/comments?post=2654"}],"version-history":[{"count":0,"href":"https:\/\/www.clean-air.cz\/cs\/wp-json\/wp\/v2\/pages\/2654\/revisions"}],"wp:attachment":[{"href":"https:\/\/www.clean-air.cz\/cs\/wp-json\/wp\/v2\/media?parent=2654"}],"curies":[{"name":"wp","href":"https:\/\/api.w.org\/{rel}","templated":true}]}}