{"id":2646,"date":"2018-10-18T01:14:13","date_gmt":"2018-10-17T23:14:13","guid":{"rendered":"https:\/\/www.clean-air.cz\/normy-a-legislativa\/"},"modified":"2019-04-09T07:35:40","modified_gmt":"2019-04-09T05:35:40","slug":"normy-a-legislativa","status":"publish","type":"page","link":"https:\/\/www.clean-air.cz\/cs\/o-firme-cleanair\/normy-a-legislativa\/","title":{"rendered":"Normy a legislativa"},"content":{"rendered":"<p>[vc_row][vc_column][vc_column_text]<strong>EN 12941\/A2\u00a0<\/strong>Tato evropsk\u00e1 norma stanovuje minim\u00e1ln\u00ed po\u017eadavky na filtra\u010dn\u00ed prost\u0159edky s\u00a0pomocnou ventilac\u00ed p\u0159ipojen\u00e9 k\u00a0p\u0159ilb\u011b nebo kukle v\u00a0kombinaci s\u00a0filtry proti \u010d\u00e1stic\u00edm, protiplynov\u00fdmi a\u00a0kombinovan\u00fdmi filtry. Nevztahuje se na za\u0159\u00edzen\u00ed ur\u010den\u00e1 k\u00a0pou\u017eit\u00ed v\u00a0p\u0159\u00edpadech, kde je, nebo by mohl b\u00fdt sn\u00ed\u017een\u00fd obsah kysl\u00edku v\u00a0ovzdu\u0161\u00ed (m\u00e9n\u011b ne\u017e 17 objemov\u00fdch procent kysl\u00edku). Rovn\u011b\u017e se nevztahuje na d\u00fdchac\u00ed za\u0159\u00edzen\u00ed ur\u010den\u00e1 pro \u00fanikov\u00e9 \u00fa\u010dely.<\/p>\n<p><strong>EN 12942\/A2\u00a0<\/strong>Tato evropsk\u00e1 norma stanovuje minim\u00e1ln\u00ed po\u017eadavky na filtra\u010dn\u00ed prost\u0159edky s\u00a0pomocnou ventilac\u00ed p\u0159ipojen\u00e9 k\u00a0celoobli\u010dejov\u00e9 masce, polomasce nebo \u010dtvrtmasce v\u00a0kombinaci s\u00a0filtry proti \u010d\u00e1stic\u00edm, protiplynov\u00fdmi a\u00a0kombinovan\u00fdmi filtry. Nevztahuje se na za\u0159\u00edzen\u00ed ur\u010den\u00e1 k\u00a0pou\u017eit\u00ed v\u00a0p\u0159\u00edpadech, kde je nebo by mohl b\u00fdt sn\u00ed\u017een\u00fd obsah kysl\u00edku v\u00a0ovzdu\u0161\u00ed (m\u00e9n\u011b ne\u017e 17 objemov\u00fdch procent kysl\u00edku). Rovn\u011b\u017e se nevztahuje na d\u00fdchac\u00ed za\u0159\u00edzen\u00ed ur\u010den\u00e1 pro \u00fanikov\u00e9 \u00fa\u010dely. Syst\u00e9m mus\u00ed chr\u00e1nit u\u017eivatele, i kdy\u017e je filtra\u010dn\u011b- ventila\u010dn\u00ed jednotka vypnut\u00e1 (PAPR).<\/p>\n<p><strong>EN 14594:2005\u00a0<\/strong>Tato evropsk\u00e1 norma stanovuje minim\u00e1ln\u00ed po\u017eadavky na d\u00fdchac\u00ed p\u0159\u00edstroje pro tlakov\u00fd vzduch se st\u00e1l\u00fdm pr\u016ftokem v\u00a0kombinaci s\u00a0kuklou nebo maskou.<\/p>\n<p><strong>P\u0159\u00edpustn\u00fd expozi\u010dn\u00ed limit (PEL)\u00a0<\/strong>P\u0159\u00edpustn\u00fd expozi\u010dn\u00ed limit (PEL) chemick\u00e9 l\u00e1tky nebo prachu je celosm\u011bnov\u00fd \u010dasov\u011b v\u00e1\u017een\u00fd pr\u016fm\u011br koncentrac\u00ed plyn\u016f, par nebo aerosol\u016f v\u00a0pracovn\u00edm ovzdu\u0161\u00ed, jim\u017e m\u016f\u017ee b\u00fdt vystaven zam\u011bstnanec v\u00a0osmihodinov\u00e9 nebo krat\u0161\u00ed sm\u011bn\u011b t\u00fddenn\u00ed pracovn\u00ed doby, ani\u017e by u\u00a0n\u011bho do\u0161lo (i\u00a0p\u0159i celo\u017eivotn\u00ed expozici) k\u00a0po\u0161kozen\u00ed zdrav\u00ed. Do t\u00e9to \u00farovn\u011b koncentrace \u0161kodlivin nemus\u00ed u\u017eivatel pou\u017e\u00edvat prost\u0159edky ochrany d\u00fdchac\u00edch cest. Obecn\u011b lze \u0159\u00edci, \u017ee \u010d\u00edm je PEL ur\u010dit\u00e9 \u0161kodliviny ni\u017e\u0161\u00ed, t\u00edm je \u0161kodlivina v\u00edce toxick\u00e1.<\/p>\n<p>&nbsp;<\/p>\n<p>[\/vc_column_text][\/vc_column][\/vc_row]<\/p>\n","protected":false},"excerpt":{"rendered":"<p>[vc_row][vc_column][vc_column_text]EN 12941\/A2\u00a0Tato evropsk\u00e1 norma stanovuje minim\u00e1ln\u00ed po\u017eadavky na filtra\u010dn\u00ed prost\u0159edky s\u00a0pomocnou ventilac\u00ed p\u0159ipojen\u00e9 k\u00a0p\u0159ilb\u011b nebo kukle v\u00a0kombinaci s\u00a0filtry proti \u010d\u00e1stic\u00edm, protiplynov\u00fdmi a\u00a0kombinovan\u00fdmi filtry. Nevztahuje se na za\u0159\u00edzen\u00ed ur\u010den\u00e1 k\u00a0pou\u017eit\u00ed v\u00a0p\u0159\u00edpadech, kde je, nebo by mohl b\u00fdt sn\u00ed\u017een\u00fd obsah kysl\u00edku v\u00a0ovzdu\u0161\u00ed (m\u00e9n\u011b ne\u017e 17 objemov\u00fdch procent kysl\u00edku). Rovn\u011b\u017e se nevztahuje na d\u00fdchac\u00ed za\u0159\u00edzen\u00ed ur\u010den\u00e1 pro \u00fanikov\u00e9 \u00fa\u010dely. EN 12942\/A2\u00a0Tato evropsk\u00e1 norma stanovuje minim\u00e1ln\u00ed po\u017eadavky na filtra\u010dn\u00ed prost\u0159edky s\u00a0pomocnou ventilac\u00ed p\u0159ipojen\u00e9 k\u00a0celoobli\u010dejov\u00e9<\/p>\n<p><a class=\"more-link\" href=\"https:\/\/www.clean-air.cz\/cs\/o-firme-cleanair\/normy-a-legislativa\/\">Read More<\/a><\/p>\n","protected":false},"author":11,"featured_media":0,"parent":2654,"menu_order":0,"comment_status":"closed","ping_status":"closed","template":"","meta":{"footnotes":""},"_links":{"self":[{"href":"https:\/\/www.clean-air.cz\/cs\/wp-json\/wp\/v2\/pages\/2646"}],"collection":[{"href":"https:\/\/www.clean-air.cz\/cs\/wp-json\/wp\/v2\/pages"}],"about":[{"href":"https:\/\/www.clean-air.cz\/cs\/wp-json\/wp\/v2\/types\/page"}],"author":[{"embeddable":true,"href":"https:\/\/www.clean-air.cz\/cs\/wp-json\/wp\/v2\/users\/11"}],"replies":[{"embeddable":true,"href":"https:\/\/www.clean-air.cz\/cs\/wp-json\/wp\/v2\/comments?post=2646"}],"version-history":[{"count":0,"href":"https:\/\/www.clean-air.cz\/cs\/wp-json\/wp\/v2\/pages\/2646\/revisions"}],"up":[{"embeddable":true,"href":"https:\/\/www.clean-air.cz\/cs\/wp-json\/wp\/v2\/pages\/2654"}],"wp:attachment":[{"href":"https:\/\/www.clean-air.cz\/cs\/wp-json\/wp\/v2\/media?parent=2646"}],"curies":[{"name":"wp","href":"https:\/\/api.w.org\/{rel}","templated":true}]}}