{"id":22734,"date":"2023-11-28T14:16:36","date_gmt":"2023-11-28T13:16:36","guid":{"rendered":"https:\/\/www.clean-air.cz\/hlavove-dily\/lehke-kukly\/ca-1-lite-ca-2-lite\/"},"modified":"2026-01-27T08:17:05","modified_gmt":"2026-01-27T07:17:05","slug":"ca-1-lite-ca-2-lite","status":"publish","type":"page","link":"https:\/\/www.clean-air.cz\/cs\/hlavove-dily\/lehke-kukly\/ca-1-lite-ca-2-lite\/","title":{"rendered":"CA-1 Lite, CA-2 Lite"},"content":{"rendered":"<p>[vc_row][vc_column width=&#8220;1\/2&#8243;][vc_gallery interval=&#8220;0&#8243; images=&#8220;19468,19474,19480,19486,19492,19498&#8243; img_size=&#8220;large&#8220;][\/vc_column][vc_column width=&#8220;1\/2&#8243;][vc_column_text]<\/p>\n<h2><span style=\"color: #be0300;\"><strong>CA-1 Lite \/ CA-2 Lite<\/strong><\/span><\/h2>\n<p><strong>Bez\u00fadr\u017ebov\u00e9 lehk\u00e9 kukly v\u00e1m u\u0161et\u0159\u00ed \u010das p\u0159i \u010di\u0161t\u011bn\u00ed a poskytuj\u00ed nekompromisn\u00ed ochranu\u00a0 d\u00fdchac\u00edch cest.<\/strong><\/p>\n<p>Vyrobeno z lehk\u00e9ho mikropor\u00e9zn\u00edho polypropylenu s velk\u00fdm zorn\u00edkem. Extra lehk\u00e1 ochrann\u00e1 kukla, kter\u00e1 t\u011b\u017e\u00ed z prostorn\u00e9ho st\u0159ihu a individu\u00e1ln\u011b<br \/>\nnastaviteln\u00e9ho hlavov\u00e9ho k\u0159\u00ed\u017ee.[\/vc_column_text][\/vc_column][\/vc_row][vc_row][vc_column][vc_tta_tabs style=&#8220;modern&#8220; shape=&#8220;square&#8220; active_section=&#8220;1&#8243; no_fill_content_area=&#8220;true&#8220; title=&#8220;Detaily&#8220;][vc_tta_section i_icon_fontawesome=&#8220;fa fa-industry&#8220; add_icon=&#8220;true&#8220; title=&#8220;Oblast pou\u017eit\u00ed&#8220; tab_id=&#8220;1513150336358-68add988-e9ea&#8220;][vc_column_text]<span style=\"color: #be0300;\"><strong>Oblast pou\u017eit\u00ed<\/strong><\/span><\/p>\n<p>Zdravotnictv\u00ed a l\u00e9ka\u0159sk\u00e9 odv\u011btv\u00ed, farmaceutick\u00fd pr\u016fmysl, zpracov\u00e1n\u00ed potravin a n\u00e1poj\u016f, v\u00fdroba[\/vc_column_text][\/vc_tta_section][vc_tta_section i_icon_fontawesome=&#8220;fa fa-thumbs-o-up&#8220; add_icon=&#8220;true&#8220; title=&#8220;Vlastnosti a V\u00fdhody&#8220; tab_id=&#8220;1513150336359-b7b65468-8021&#8243;][vc_column_text]<span style=\"color: #be0300;\"><strong>Vlastnosti a v\u00fdhody<\/strong><\/span><\/p>\n<ul>\n<li>\u0160pi\u010dkov\u00e1 ochrana d\u00fdch\u00e1n\u00ed<\/li>\n<li>\u0160irok\u00fd zorn\u00edk pro neru\u0161en\u00fd v\u00fdhled s vrstvou proti zaml\u017eov\u00e1n\u00ed<\/li>\n<li>Hlavov\u00fd k\u0159\u00ed\u017e s mo\u017enost\u00ed individu\u00e1ln\u00edho nastaven\u00ed<\/li>\n<li>P\u0159\u00edjemn\u00e9 na no\u0161en\u00ed d\u00edky prostorn\u00e9mu st\u0159ihu a lehk\u00e9mu odoln\u00e9mu materi\u00e1lu<\/li>\n<li>Z\u00e1kladn\u00ed mechanick\u00e1 ochrana zraku<\/li>\n<li>Praktick\u00fd reflexn\u00ed \u0161t\u00edtek v horn\u00ed \u010d\u00e1sti<\/li>\n<li>K dispozici t\u00e9\u017e del\u0161\u00ed varianta se zakryt\u00edm krku CA-2 Lite<\/li>\n<li>N\u00edzk\u00e9 n\u00e1klady na jednor\u00e1zov\u00e9 pou\u017eit\u00ed<\/li>\n<\/ul>\n<p>[\/vc_column_text][\/vc_tta_section][vc_tta_section i_icon_fontawesome=&#8220;fa fa-cog&#8220; add_icon=&#8220;true&#8220; title=&#8220;Komplety, p\u0159\u00edslu\u0161enstv\u00ed, filtry&#8220; tab_id=&#8220;1513153137048-5f8c31c5-30ea&#8220;][vc_column_text]<\/p>\n<table style=\"width: 100%; height: 336px;\">\n<tbody>\n<tr style=\"height: 24px;\">\n<td style=\"width: 99.84%; height: 24px;\" colspan=\"2\"><span style=\"color: #be0300;\"><strong>Complete hoods<\/strong><\/span><\/td>\n<\/tr>\n<tr style=\"height: 24px;\">\n<td style=\"width: 76.96%; height: 24px;\">Short hood CA-1 Lite<\/td>\n<td style=\"width: 22.88%; height: 24px;\">720101<\/td>\n<\/tr>\n<tr style=\"height: 24px;\">\n<td style=\"width: 76.96%; height: 24px;\">Long hood CA-2 Lite<\/td>\n<td style=\"width: 22.88%; height: 24px;\">720201<\/td>\n<\/tr>\n<tr style=\"height: 24px;\">\n<td style=\"width: 76.96%; height: 24px;\">Sweatband for light hoods pack of 5 pcs<\/td>\n<td style=\"width: 22.88%; height: 24px;\">16 70 03\/5<\/td>\n<\/tr>\n<tr style=\"height: 24px;\">\n<td style=\"width: 76.96%; height: 24px;\">Protection foil \u2013 10 pcs<\/td>\n<td style=\"width: 22.88%; height: 24px;\">70 01 20\/10<\/td>\n<\/tr>\n<tr style=\"height: 24px;\">\n<td style=\"width: 76.96%; height: 24px;\">Headgear for light hoods CleanAIR\u00ae, adjustable<\/td>\n<td style=\"width: 22.88%; height: 24px;\">72 00 01<\/td>\n<\/tr>\n<\/tbody>\n<\/table>\n<p>[\/vc_column_text][\/vc_tta_section][vc_tta_section i_icon_fontawesome=&#8220;fa fa-wrench&#8220; add_icon=&#8220;true&#8220; title=&#8220;Technick\u00e1 data&#8220; tab_id=&#8220;1513153797992-792040b0-82c9&#8243;][vc_column_text]<\/p>\n<table style=\"width: 100%; height: 192px;\">\n<tbody>\n<tr style=\"height: 24px;\">\n<td style=\"text-align: left; height: 24px;\"><span style=\"color: #be0300;\"><strong>Hmotnost<\/strong><\/span><\/td>\n<td style=\"text-align: center; height: 24px;\">76 g (CA-1 Lite) \/ 107 g (CA-2 Lite)<\/td>\n<\/tr>\n<tr style=\"height: 48px;\">\n<td style=\"text-align: left; height: 48px;\"><span style=\"color: #be0300;\"><strong>Materi\u00e1l<\/strong><\/span><\/td>\n<td style=\"text-align: center; height: 48px;\">kukla \u2013 mikropor\u00e9zn\u00ed polypropylen<br \/>\nzorn\u00edk \u2013 polyethylentereftal\u00e1t (PET)<\/td>\n<\/tr>\n<tr style=\"height: 24px;\">\n<td style=\"text-align: left; height: 24px;\"><span style=\"color: #be0300;\"><strong>Barva<\/strong><\/span><\/td>\n<td style=\"text-align: center; height: 24px;\">b\u00edl\u00e1<\/td>\n<\/tr>\n<tr style=\"height: 24px;\">\n<td style=\"text-align: left; height: 24px;\"><span style=\"color: #be0300;\"><strong>Ochrann\u00fd faktor (NPF)<\/strong><\/span><\/td>\n<td style=\"text-align: center; height: 24px;\">500<\/td>\n<\/tr>\n<tr style=\"height: 24px;\">\n<td style=\"text-align: left; height: 24px;\"><span style=\"color: #be0300;\"><strong>Konektor hadice<\/strong><\/span><\/td>\n<td style=\"text-align: center; height: 24px;\">QuickLOCK\u2122<\/td>\n<\/tr>\n<tr style=\"height: 48px;\">\n<td style=\"text-align: left; height: 48px;\"><span style=\"color: #be0300;\"><strong>Certifikace<\/strong><\/span><\/td>\n<td style=\"text-align: center; height: 48px;\">EN 12941 TH3<br \/>\nEN 14594 3A<\/td>\n<\/tr>\n<\/tbody>\n<\/table>\n<p>[\/vc_column_text][\/vc_tta_section][vc_tta_section i_icon_fontawesome=&#8220;fa fa-download&#8220; add_icon=&#8220;true&#8220; title=&#8220;Ke sta\u017een\u00ed&#8220; tab_id=&#8220;1513154098935-95c74e4f-fa1e&#8220;][vc_column_text]<a href=\"https:\/\/www.clean-air.cz\/wp-content\/uploads\/2026\/01\/GR-CNA076-R10-User-Manual-Light-Hoods-DIGI.pdf\">User Manual &#8211; Light Hoods DIGI<\/a><\/p>\n<p><a href=\"https:\/\/www.clean-air.cz\/wp-content\/uploads\/2021\/04\/DA-001_-_720101_-_CA-1_Lite_-_EN.pdf\" target=\"_blank\" rel=\"noopener\">Datasheet &#8211; 720101 &#8211; CA-1 Lite &#8211; EN<\/a><\/p>\n<p><a href=\"https:\/\/www.clean-air.cz\/wp-content\/uploads\/2024\/10\/DA-095_-_720201_-_CA-2_Lite_-_EN.pdf\">Datasheet_-_720201_-_CA-2_Lite_-_EN<\/a><\/p>\n<p><a href=\"https:\/\/www.clean-air.cz\/wp-content\/uploads\/2025\/11\/PS-720201-1-R2-CA-2-Lite.pdf\">PS-720201-1-R2 CA-2 Lite<\/a>[\/vc_column_text][\/vc_tta_section][vc_tta_section i_icon_fontawesome=&#8220;fa fa-picture-o&#8220; add_icon=&#8220;true&#8220; title=&#8220;Galerie&#8220; tab_id=&#8220;1515415801460-0c2258c9-4574&#8243;][vc_gallery type=&#8220;image_grid&#8220; images=&#8220;19468,19474,19480,19486,19492,19498&#8243; img_size=&#8220;medium&#8220; css_animation=&#8220;fadeIn&#8220; css=&#8220;.vc_custom_1677758582557{padding-left: 280px !important;}&#8220;][\/vc_tta_section][\/vc_tta_tabs][\/vc_column][\/vc_row]<\/p>\n","protected":false},"excerpt":{"rendered":"<p>[vc_row][vc_column width=&#8220;1\/2&#8243;][vc_gallery interval=&#8220;0&#8243; images=&#8220;19468,19474,19480,19486,19492,19498&#8243; img_size=&#8220;large&#8220;][\/vc_column][vc_column width=&#8220;1\/2&#8243;][vc_column_text] CA-1 Lite \/ CA-2 Lite Bez\u00fadr\u017ebov\u00e9 lehk\u00e9 kukly v\u00e1m u\u0161et\u0159\u00ed \u010das p\u0159i \u010di\u0161t\u011bn\u00ed a poskytuj\u00ed nekompromisn\u00ed ochranu\u00a0 d\u00fdchac\u00edch cest. Vyrobeno z lehk\u00e9ho mikropor\u00e9zn\u00edho polypropylenu s velk\u00fdm zorn\u00edkem. Extra lehk\u00e1 ochrann\u00e1 kukla, kter\u00e1 t\u011b\u017e\u00ed z prostorn\u00e9ho st\u0159ihu a individu\u00e1ln\u011b nastaviteln\u00e9ho hlavov\u00e9ho k\u0159\u00ed\u017ee.[\/vc_column_text][\/vc_column][\/vc_row][vc_row][vc_column][vc_tta_tabs style=&#8220;modern&#8220; shape=&#8220;square&#8220; active_section=&#8220;1&#8243; no_fill_content_area=&#8220;true&#8220; title=&#8220;Detaily&#8220;][vc_tta_section i_icon_fontawesome=&#8220;fa fa-industry&#8220; add_icon=&#8220;true&#8220; title=&#8220;Oblast pou\u017eit\u00ed&#8220; tab_id=&#8220;1513150336358-68add988-e9ea&#8220;][vc_column_text]Oblast pou\u017eit\u00ed Zdravotnictv\u00ed a l\u00e9ka\u0159sk\u00e9 odv\u011btv\u00ed, farmaceutick\u00fd pr\u016fmysl, zpracov\u00e1n\u00ed potravin a n\u00e1poj\u016f, v\u00fdroba[\/vc_column_text][\/vc_tta_section][vc_tta_section<\/p>\n<p><a class=\"more-link\" href=\"https:\/\/www.clean-air.cz\/cs\/hlavove-dily\/lehke-kukly\/ca-1-lite-ca-2-lite\/\">Read More<\/a><\/p>\n","protected":false},"author":11,"featured_media":0,"parent":2825,"menu_order":0,"comment_status":"closed","ping_status":"closed","template":"","meta":{"footnotes":""},"_links":{"self":[{"href":"https:\/\/www.clean-air.cz\/cs\/wp-json\/wp\/v2\/pages\/22734"}],"collection":[{"href":"https:\/\/www.clean-air.cz\/cs\/wp-json\/wp\/v2\/pages"}],"about":[{"href":"https:\/\/www.clean-air.cz\/cs\/wp-json\/wp\/v2\/types\/page"}],"author":[{"embeddable":true,"href":"https:\/\/www.clean-air.cz\/cs\/wp-json\/wp\/v2\/users\/11"}],"replies":[{"embeddable":true,"href":"https:\/\/www.clean-air.cz\/cs\/wp-json\/wp\/v2\/comments?post=22734"}],"version-history":[{"count":0,"href":"https:\/\/www.clean-air.cz\/cs\/wp-json\/wp\/v2\/pages\/22734\/revisions"}],"up":[{"embeddable":true,"href":"https:\/\/www.clean-air.cz\/cs\/wp-json\/wp\/v2\/pages\/2825"}],"wp:attachment":[{"href":"https:\/\/www.clean-air.cz\/cs\/wp-json\/wp\/v2\/media?parent=22734"}],"curies":[{"name":"wp","href":"https:\/\/api.w.org\/{rel}","templated":true}]}}