{"id":20922,"date":"2023-08-24T11:11:56","date_gmt":"2023-08-24T09:11:56","guid":{"rendered":"https:\/\/www.clean-air.cz\/panoramate-lite\/"},"modified":"2026-01-27T09:27:18","modified_gmt":"2026-01-27T08:27:18","slug":"panoramate-lite","status":"publish","type":"page","link":"https:\/\/www.clean-air.cz\/cs\/panoramate-lite\/","title":{"rendered":"Panoramate lite"},"content":{"rendered":"<p>[vc_row][vc_column width=&#8220;1\/2&#8243;][vc_gallery interval=&#8220;0&#8243; images=&#8220;18348,18342,18336,18390,18384,18354,18372,18366&#8243; img_size=&#8220;large&#8220;][\/vc_column][vc_column width=&#8220;1\/2&#8243;][vc_column_text]<strong><span style=\"font-size: 14pt; color: #be0300;\">V\u00ddJIME\u010cN\u00c1 CELOT\u011aLOV\u00c1 OCHRANA D\u00ddCHAC\u00cdCH CEST<\/span><\/strong><\/p>\n<p>V\u00fdjime\u010dn\u00e1 celoobli\u010dejov\u00e1 ochrana d\u00fdchac\u00edch cest pro vysoce kontaminovan\u00e9 pro t\u0159ed\u00ed.<br \/>\nNavr\u017eeno pro pou\u017eit\u00ed s filtra\u010dn\u011b-ventila\u010dn\u00ed jednotkou CleanAIR\u00ae Chemical 2F. Maxim\u00e1ln\u00ed<br \/>\nodolnost, n\u00edzk\u00e1 hmotnost, vynikaj\u00edc\u00ed zorn\u00e9 pole a svoboda d\u00fdch\u00e1n\u00ed zaru\u010duj\u00ed mimo\u0159\u00e1dn\u00fd<br \/>\nu\u017eivatelsk\u00fd komfort.[\/vc_column_text][\/vc_column][\/vc_row][vc_row][vc_column width=&#8220;1\/4&#8243;][vc_column_text]<strong><span style=\"font-size: 14pt; color: #be0300;\">Jak oblek funguje?\u00a0<\/span><\/strong><\/p>\n<p><span style=\"font-size: 10pt;\">Filtrovan\u00fd vzduch je vh\u00e1n\u011bn p\u0159\u00edmo do obleku, p\u0159i\u010dem\u017e p\u0159ebytek vzduchu a vydechovan\u00fd vzduch vytv\u00e1\u0159\u00ed p\u0159etlak. Filtra\u010dn\u011b-ventila\u010dn\u00ed jednotka v\u010detn\u011b filtr\u016f z\u016fst\u00e1v\u00e1 skryta uvnit\u0159 obleku. Spojen\u00ed mezi oblekem a filtry je tvo\u0159eno speci\u00e1ln\u00edmi od\u011bvn\u00edmi pr\u016fchodkami. Toto konstruk\u010dn\u00ed \u0159e\u0161en\u00ed umo\u017e\u0148uje nep\u0159etr\u017eitou ochranu d\u00fdchac\u00edch cest i b\u011bhem procedury dekontaminace a svl\u00e9k\u00e1n\u00ed obleku.<\/span><\/p>\n<p style=\"text-align: center;\"><img loading=\"lazy\" decoding=\"async\" class=\"size-medium wp-image-18371 aligncenter\" src=\"https:\/\/www.clean-air.cz\/wp-content\/uploads\/2023\/01\/923550_Panoramate-3550-Lite-detail2-300x300.jpg\" alt=\"\" width=\"300\" height=\"300\" srcset=\"https:\/\/www.clean-air.cz\/wp-content\/uploads\/2023\/01\/923550_Panoramate-3550-Lite-detail2-300x300.jpg 300w, https:\/\/www.clean-air.cz\/wp-content\/uploads\/2023\/01\/923550_Panoramate-3550-Lite-detail2-1024x1024.jpg 1024w, https:\/\/www.clean-air.cz\/wp-content\/uploads\/2023\/01\/923550_Panoramate-3550-Lite-detail2-150x150.jpg 150w, https:\/\/www.clean-air.cz\/wp-content\/uploads\/2023\/01\/923550_Panoramate-3550-Lite-detail2-768x768.jpg 768w, https:\/\/www.clean-air.cz\/wp-content\/uploads\/2023\/01\/923550_Panoramate-3550-Lite-detail2-1536x1536.jpg 1536w, https:\/\/www.clean-air.cz\/wp-content\/uploads\/2023\/01\/923550_Panoramate-3550-Lite-detail2-800x800.jpg 800w, https:\/\/www.clean-air.cz\/wp-content\/uploads\/2023\/01\/923550_Panoramate-3550-Lite-detail2-250x250.jpg 250w, https:\/\/www.clean-air.cz\/wp-content\/uploads\/2023\/01\/923550_Panoramate-3550-Lite-detail2.jpg 1600w\" sizes=\"(max-width: 300px) 100vw, 300px\" \/><\/p>\n<p>[\/vc_column_text][\/vc_column][vc_column parallax=&#8220;content-moving-fade&#8220; width=&#8220;3\/4&#8243;][vc_column_text css=&#8220;.vc_custom_1674213240518{border-radius: 5px !important;}&#8220;]<\/p>\n<p style=\"text-align: center;\"><strong><span style=\"font-size: 14pt; color: #be0300;\">Dv\u011b varianty produktu\u00a0<\/span><\/strong><\/p>\n<table style=\"border-style: none;\">\n<tbody>\n<tr>\n<td><img loading=\"lazy\" decoding=\"async\" class=\"size-medium wp-image-18416 aligncenter\" src=\"https:\/\/www.clean-air.cz\/wp-content\/uploads\/2023\/01\/923550_Panoramate-3550-Lite-front-half-207x300.jpg\" alt=\"\" width=\"207\" height=\"300\" srcset=\"https:\/\/www.clean-air.cz\/wp-content\/uploads\/2023\/01\/923550_Panoramate-3550-Lite-front-half-207x300.jpg 207w, https:\/\/www.clean-air.cz\/wp-content\/uploads\/2023\/01\/923550_Panoramate-3550-Lite-front-half.jpg 702w\" sizes=\"(max-width: 207px) 100vw, 207px\" \/><\/td>\n<td><img loading=\"lazy\" decoding=\"async\" class=\"size-medium wp-image-18422 aligncenter\" src=\"https:\/\/www.clean-air.cz\/wp-content\/uploads\/2023\/01\/922550_Panoramate-2550-Lite-front-half-227x300.jpg\" alt=\"\" width=\"227\" height=\"300\" srcset=\"https:\/\/www.clean-air.cz\/wp-content\/uploads\/2023\/01\/922550_Panoramate-2550-Lite-front-half-227x300.jpg 227w, https:\/\/www.clean-air.cz\/wp-content\/uploads\/2023\/01\/922550_Panoramate-2550-Lite-front-half.jpg 747w\" sizes=\"(max-width: 227px) 100vw, 227px\" \/><\/td>\n<\/tr>\n<tr>\n<td><span style=\"font-size: 10pt;\"><strong><span style=\"color: #be0300;\">Panoramate 3550 Lite<\/span><\/strong><\/span><br \/>\n<span style=\"font-size: 10pt; color: #be0300;\">(\u017elut\u00fd)<\/span><\/td>\n<td><span style=\"font-size: 10pt;\"><strong><span style=\"color: #be0300;\">Panoramate 2550 Lite\u00a0<\/span><\/strong><\/span><br \/>\n<span style=\"font-size: 10pt; color: #be0300;\">(b\u00edl\u00fd)<\/span><\/td>\n<\/tr>\n<tr>\n<td><span style=\"font-size: 10pt;\">Oblek je vyroben z antistatick\u00e9ho materi\u00e1lu CPM\u00ae a poskytuje optim\u00e1ln\u00ed ochranu proti pevn\u00fdm a kapaln\u00fdm aerosol\u016fm a kapaln\u00fdm chemik\u00e1li\u00edm pod tlakem do 2 bar\u016f, v\u010detn\u011b<br \/>\nradioaktivn\u00ed a biologick\u00e9 kontaminace.<\/span><\/td>\n<td><span style=\"font-size: 10pt;\">Oblek je vyroben z antistatick\u00e9ho materi\u00e1lu CMF\u00ae a poskytuje optim\u00e1ln\u00ed ochranu proti pevn\u00fdm a kapaln\u00fdm aerosol\u016fm v\u010detn\u011b radioaktivn\u00ed a biologick\u00e9 kontaminace.<\/span><span style=\"font-size: 10pt;\">\u00a0 \u00a0 \u00a0 \u00a0 \u00a0 \u00a0 \u00a0 \u00a0 \u00a0 \u00a0 \u00a0 \u00a0 \u00a0 \u00a0 \u00a0 \u00a0 \u00a0 \u00a0 \u00a0 \u00a0 \u00a0 \u00a0<\/span><\/td>\n<\/tr>\n<\/tbody>\n<\/table>\n<p>[\/vc_column_text][\/vc_column][\/vc_row][vc_row equal_height=&#8220;yes&#8220; content_placement=&#8220;top&#8220;][vc_column width=&#8220;1\/4&#8243;][vc_single_image image=&#8220;18408&#8243; img_size=&#8220;full&#8220;][\/vc_column][vc_column width=&#8220;3\/4&#8243;][vc_column_text]<strong><span style=\"font-size: 14pt; color: #be0300;\"><span style=\"vertical-align: inherit;\">Vlastnosti obleku Panora<span style=\"color: #be0300;\">m<\/span>ate 2550\/3550 Lite<\/span><\/span><\/strong><\/p>\n<p><strong><span style=\"color: #be0300;\">NEOMEZEN\u00dd V\u00ddHLED<\/span><\/strong> \u2013 Panoramatick\u00fd zorn\u00edk zaji\u0161\u0165uje \u0161irok\u00e9 zorn\u00e9 pole.<br \/>\n<strong><span style=\"color: #be0300;\">BEZPE\u010cNOST<\/span><\/strong> \u2013 Nouzov\u00e1 trhac\u00ed \u0161\u0148\u016fra.<br \/>\n<strong><span style=\"color: #be0300;\">SNADN\u00c9 OBL\u00c9K\u00c1N\u00cd A SVL\u00c9K\u00c1N\u00cd<\/span><\/strong> \u2013 P\u0159edn\u00ed p\u0159\u00ed\u010dn\u00fd vstupn\u00ed otvor se zipem. Kryc\u00ed l\u00e9ga na dvojit\u00fd zip.<br \/>\n<strong><span style=\"color: #be0300;\">VOLN\u00dd POHYB<\/span><\/strong> \u2013 Elastick\u00e9 \u017eebrov\u00e1n\u00ed v pase a na hrudi pro lep\u0161\u00ed pohyblivost.<br \/>\n<strong><span style=\"color: #be0300;\">VZDUCHOT\u011aSN\u00dd<\/span><\/strong> \u2013 Pln\u011b podlepen\u00e9 \u0161vy.PEVN\u00c9 SPOJEN\u00cdDvojit\u00e9 elastick\u00e9 man\u017eety.<br \/>\n<strong><span style=\"color: #be0300;\">V\u00ddDECHOV\u00dd VENTIL<\/span><\/strong> \u2013 Udr\u017euje optim\u00e1ln\u00ed tlak v obleku pro snadn\u00fd pohyb.<br \/>\n<strong><span style=\"color: #be0300;\">T\u011aSN\u00c9 SPOJEN\u00cd<\/span><\/strong> \u2013 Ukon\u010den\u00ed s integrovanou vnit\u0159n\u00ed pono\u017ekou p\u0159es boty.<br \/>\n<strong><span style=\"color: #be0300;\">BEZPE\u010cN\u00c9 SPOJEN\u00cd<\/span><\/strong> \u2013 Snadn\u00e9 a bezpe\u010dn\u00e9 spojen\u00ed kombin\u00e9zy a filtra\u010dn\u011b-ventila\u010dn\u00ed jednotky d\u00edky speci\u00e1ln\u00edm pr\u016fchodk\u00e1m.<\/p>\n<p>&nbsp;[\/vc_column_text][\/vc_column][\/vc_row][vc_row][vc_column][vc_tta_tabs style=&#8220;modern&#8220; shape=&#8220;square&#8220; active_section=&#8220;1&#8243; no_fill_content_area=&#8220;true&#8220; title=&#8220;Detaily&#8220;][vc_tta_section i_icon_fontawesome=&#8220;fa fa-industry&#8220; add_icon=&#8220;true&#8220; title=&#8220;Oblast pou\u017eit\u00ed&#8220; tab_id=&#8220;1513150336358-68add988-e9ea&#8220;][vc_column_text]<span style=\"color: #be0300;\"><strong>Areas of application<\/strong><\/span><\/p>\n<p>\u2022 Prvosledov\u00e9 z\u00e1chrann\u00e9 t\u00fdmy<br \/>\n\u2022 Virov\u00e1 a biologick\u00e1 ochrana<br \/>\n\u2022 Sana\u010dn\u00ed operace<br \/>\n\u2022 Jadern\u00fd pr\u016fmysl<br \/>\n\u2022 Laborato\u0159e<br \/>\n\u2022 Farmaceutick\u00fd pr\u016fmysl<\/p>\n<p>&nbsp;<\/p>\n<p>&nbsp;<\/p>\n<p>[\/vc_column_text][\/vc_tta_section][vc_tta_section i_icon_fontawesome=&#8220;fa fa-thumbs-o-up&#8220; add_icon=&#8220;true&#8220; title=&#8220;V\u00fdhody&#8220; tab_id=&#8220;1513150336359-b7b65468-8021&#8243;][vc_column_text]<span style=\"color: #be0300;\"><strong>Vlastnosti &amp; V\u00fdhody<\/strong><\/span><\/p>\n<ul>\n<li>Panoramatick\u00fd zorn\u00edk zaji\u0161\u0165uje \u0161irok\u00e9 zorn\u00e9 pole<\/li>\n<li>Nouzov\u00e1 trhac\u00ed \u0161\u0148\u016fra<\/li>\n<li>P\u0159edn\u00ed p\u0159\u00ed\u010dn\u00fd vstupn\u00ed otvor se zipem. Klapka na dvojit\u00fd zip<\/li>\n<li>Elastick\u00e9 \u017eebrov\u00e1n\u00ed v pase a na hrudi pro lep\u0161\u00ed pohyblivost<\/li>\n<li>Pln\u011b podlepen\u00e9 \u0161vy<\/li>\n<li>Udr\u017euje optim\u00e1ln\u00ed tlak v obleku pro pln\u00fd rozsah pohybu<\/li>\n<li>Snadn\u00e9 a bezpe\u010dn\u00e9 spojen\u00ed kombin\u00e9zy a filtra\u010dn\u011b-ventila\u010dn\u00ed jednotky d\u00edky speci\u00e1ln\u00edm od\u011bvn\u00edm pr\u016fchodk\u00e1m<\/li>\n<\/ul>\n<p>[\/vc_column_text][\/vc_tta_section][vc_tta_section i_icon_fontawesome=&#8220;fa fa-cog&#8220; add_icon=&#8220;true&#8220; title=&#8220;Komplety, p\u0159\u00edslu\u0161enstv\u00ed, filtry&#8220; tab_id=&#8220;1513153137048-5f8c31c5-30ea&#8220;][vc_column_text]<\/p>\n<table style=\"width: 96.4775%; height: 120px;\">\n<tbody>\n<tr style=\"height: 24px;\">\n<td style=\"text-align: left; width: 104.759%; height: 24px;\" colspan=\"2\"><span style=\"color: #be0300;\"><strong>Protective coverall<\/strong><\/span><\/td>\n<\/tr>\n<tr style=\"height: 24px;\">\n<td style=\"text-align: left; width: 76.5402%; height: 24px;\">CleanAIR\u00ae Panoramate 2550 Lite ochrann\u00fd oblek, velikost S, M, L, XL<\/td>\n<td style=\"width: 28.2189%; height: 24px; text-align: left;\">92 25 50*<\/td>\n<\/tr>\n<tr style=\"height: 24px;\">\n<td style=\"text-align: left; width: 76.5402%; height: 24px;\">Panoramate 3550 Lite ochrann\u00fd oblek, velikost S, M, L, XL<\/td>\n<td style=\"width: 28.2189%; height: 24px; text-align: left;\">92 35 50*<\/td>\n<\/tr>\n<tr style=\"height: 24px;\">\n<td style=\"text-align: left; width: 104.759%; height: 24px;\" colspan=\"2\">* P\u00edsmena na pozici * definuj\u00ed velikost kombin\u00e9zy<\/td>\n<\/tr>\n<\/tbody>\n<\/table>\n<table style=\"width: 96.4788%;\">\n<tbody>\n<tr style=\"height: 24px;\">\n<td style=\"text-align: left; width: 105.074%; height: 24px;\" colspan=\"2\"><span style=\"color: #be0300;\"><strong>N\u00e1hradn\u00ed d\u00edly \/ p\u0159\u00edslu\u0161enstv\u00ed<\/strong><\/span><\/td>\n<\/tr>\n<tr style=\"height: 24px;\">\n<td style=\"text-align: left; width: 76.821%; height: 24px;\">CleanAIR\u00ae Chemical 2F &#8211; s komfortn\u00edm opaskem, akumul\u00e1torem, nab\u00edje\u010dkou a indik\u00e1torem pr\u016ftoku<\/td>\n<td style=\"width: 28.2531%; height: 24px; text-align: left;\">51 00 00 FCA<\/td>\n<\/tr>\n<tr style=\"height: 24px;\">\n<td style=\"text-align: left; width: 76.821%; height: 24px;\">CleanAIR\u00ae Chemical 2F \u2013 s dekont. PVC opaskem, akumul\u00e1torem, nab\u00edje\u010dkou a indik\u00e1torem pr\u016ftoku<\/td>\n<td style=\"width: 28.2531%; height: 24px; text-align: left;\">51 00 00 FDA<\/td>\n<\/tr>\n<tr style=\"height: 24px;\">\n<td style=\"text-align: left; width: 76.821%; height: 24px;\">QuickLOCK\u2122 Light flexi hadice<\/td>\n<td style=\"width: 28.2531%; height: 24px; text-align: left;\">71 00 60<\/td>\n<\/tr>\n<tr>\n<td style=\"text-align: left; width: 76.821%;\">Pr\u016fchodka na od\u011bv<\/td>\n<td style=\"width: 28.2531%; text-align: left;\">70 00 55<\/td>\n<\/tr>\n<tr>\n<td style=\"text-align: left; width: 76.821%;\">Filtr ZERO, dvouz\u00e1vitov\u00fd RD40x1\/7\u201d, balen\u00ed 5<\/td>\n<td style=\"width: 28.2531%; text-align: left;\">50 02 49\/5<\/td>\n<\/tr>\n<tr>\n<td style=\"text-align: left; width: 76.821%;\">Filtr A2P3 ZERO, dvouz\u00e1vitov\u00fd RD40x1\/7\u201d, balen\u00ed 3<\/td>\n<td style=\"width: 28.2531%; text-align: left;\">50 02 57\/3<\/td>\n<\/tr>\n<tr>\n<td style=\"text-align: left; width: 76.821%;\">Filtr NBC &#8211; A2B2E2K2P3, dvouz\u00e1vitov\u00fd RD40x1\/7\u201d, balen\u00ed 3<\/td>\n<td style=\"width: 28.2531%; text-align: left;\">50 02 65X\/3<\/td>\n<\/tr>\n<tr>\n<td style=\"text-align: left; width: 76.821%;\">Filtr A2B2E2K2P3 ZERO, dvouz\u00e1vitov\u00fd RD40x1\/7\u201d, balen\u00ed 3<\/td>\n<td style=\"width: 28.2531%; text-align: left;\">50 02 68\/3<\/td>\n<\/tr>\n<\/tbody>\n<\/table>\n<p>[\/vc_column_text][\/vc_tta_section][vc_tta_section i_icon_fontawesome=&#8220;fa fa-wrench&#8220; add_icon=&#8220;true&#8220; title=&#8220;Technick\u00e1 data&#8220; tab_id=&#8220;1513153797992-792040b0-82c9&#8243;][vc_column_text]<\/p>\n<table style=\"border-collapse: collapse; width: 100%;\">\n<tbody>\n<tr>\n<td style=\"width: 33.3333%;\"><\/td>\n<td style=\"width: 33.3333%;\"><strong>Panoramate 2550 Lite<\/strong><\/td>\n<td style=\"width: 33.3333%;\"><strong>Panoramate 3550 Lite<\/strong><\/td>\n<\/tr>\n<tr>\n<td style=\"width: 33.3333%;\">Norma<\/td>\n<td style=\"width: 33.3333%;\">T\u0159\u00edda EN<\/td>\n<td style=\"width: 33.3333%;\">T\u0159\u00edda EN<\/td>\n<\/tr>\n<tr>\n<td style=\"width: 33.3333%;\">EN 12941+A1:2009<\/td>\n<td style=\"width: 33.3333%;\">TH3<\/td>\n<td style=\"width: 33.3333%;\">TH3<\/td>\n<\/tr>\n<tr>\n<td style=\"width: 33.3333%;\">EN 1073-1:2019<\/td>\n<td style=\"width: 33.3333%;\">T\u0159\u00edda 3<\/td>\n<td style=\"width: 33.3333%;\">T\u0159\u00edda 3<\/td>\n<\/tr>\n<tr>\n<td style=\"width: 33.3333%;\">EN 14605+A1-1:2009<\/td>\n<td style=\"width: 33.3333%;\">Typ 4<\/td>\n<td style=\"width: 33.3333%;\">Typ 3 a 4<\/td>\n<\/tr>\n<tr>\n<td style=\"width: 33.3333%;\">EN ISO 13982-1:2004<\/td>\n<td style=\"width: 33.3333%;\">Typ 5<\/td>\n<td style=\"width: 33.3333%;\">Typ 5<\/td>\n<\/tr>\n<tr>\n<td style=\"width: 33.3333%;\">EN 13034+A1:2009<\/td>\n<td style=\"width: 33.3333%;\">Typ 6<\/td>\n<td style=\"width: 33.3333%;\">Typ 6<\/td>\n<\/tr>\n<tr>\n<td style=\"width: 33.3333%;\">EN 14126:2004<\/td>\n<td style=\"width: 33.3333%;\">4-B, 5-B, 6-B<\/td>\n<td style=\"width: 33.3333%;\">3-B, 4-B, 5-B, 6-B<\/td>\n<\/tr>\n<\/tbody>\n<\/table>\n<p>[\/vc_column_text][\/vc_tta_section][vc_tta_section i_icon_fontawesome=&#8220;fa fa-download&#8220; add_icon=&#8220;true&#8220; title=&#8220;Ke sta\u017een\u00ed&#8220; tab_id=&#8220;1513154098935-95c74e4f-fa1e&#8220;][vc_column_text]<a href=\"https:\/\/www.clean-air.cz\/wp-content\/uploads\/2023\/09\/User-manual-CNA-123-R00-Panoramate-lite-Protective-Coverall_840x592_DIGI.pdf\">2022_Panoramate_Lite_Brochure (EN)<\/a><\/p>\n<p><a href=\"https:\/\/www.clean-air.cz\/wp-content\/uploads\/2023\/09\/User-manual-CNA-123-R00-Panoramate-lite-Protective-Coverall_840x592_DIGI.pdf\">Panoramate Lite &#8211; User-manual<\/a><\/p>\n<p><a href=\"https:\/\/www.clean-air.cz\/wp-content\/uploads\/2025\/05\/DA-116_-_922550923550_-_Panoramate-Lite-_EN.pdf\">Datasheet_-_Panoramate-Lite-_EN<\/a><\/p>\n<p><a href=\"https:\/\/www.clean-air.cz\/wp-content\/uploads\/2023\/06\/PS-922550-1-R0-Panoramate-2550-lite.pdf\">Declaration of Conformity Panoramate 2550 lite<\/a><\/p>\n<p><a href=\"https:\/\/www.clean-air.cz\/wp-content\/uploads\/2023\/06\/PS-923550-1-R0-Panoramate-3550-lite.pdf\">Declaration of Conformity Panoramate 3550 lite<\/a>[\/vc_column_text][\/vc_tta_section][vc_tta_section i_icon_fontawesome=&#8220;fa fa-picture-o&#8220; add_icon=&#8220;true&#8220; title=&#8220;Galerie&#8220; tab_id=&#8220;1515415801460-0c2258c9-4574&#8243;][vc_gallery type=&#8220;image_grid&#8220; images=&#8220;18390,18384,18378,18372,18360,18354,18348,18342,18336,18366&#8243; img_size=&#8220;medium&#8220; css_animation=&#8220;fadeIn&#8220; css=&#8220;.vc_custom_1674139294896{padding-left: 280px !important;}&#8220;][\/vc_tta_section][\/vc_tta_tabs][\/vc_column][\/vc_row]<\/p>\n","protected":false},"excerpt":{"rendered":"<p>[vc_row][vc_column width=&#8220;1\/2&#8243;][vc_gallery interval=&#8220;0&#8243; images=&#8220;18348,18342,18336,18390,18384,18354,18372,18366&#8243; img_size=&#8220;large&#8220;][\/vc_column][vc_column width=&#8220;1\/2&#8243;][vc_column_text]V\u00ddJIME\u010cN\u00c1 CELOT\u011aLOV\u00c1 OCHRANA D\u00ddCHAC\u00cdCH CEST V\u00fdjime\u010dn\u00e1 celoobli\u010dejov\u00e1 ochrana d\u00fdchac\u00edch cest pro vysoce kontaminovan\u00e9 pro t\u0159ed\u00ed. Navr\u017eeno pro pou\u017eit\u00ed s filtra\u010dn\u011b-ventila\u010dn\u00ed jednotkou CleanAIR\u00ae Chemical 2F. Maxim\u00e1ln\u00ed odolnost, n\u00edzk\u00e1 hmotnost, vynikaj\u00edc\u00ed zorn\u00e9 pole a svoboda d\u00fdch\u00e1n\u00ed zaru\u010duj\u00ed mimo\u0159\u00e1dn\u00fd u\u017eivatelsk\u00fd komfort.[\/vc_column_text][\/vc_column][\/vc_row][vc_row][vc_column width=&#8220;1\/4&#8243;][vc_column_text]Jak oblek funguje?\u00a0 Filtrovan\u00fd vzduch je vh\u00e1n\u011bn p\u0159\u00edmo do obleku, p\u0159i\u010dem\u017e p\u0159ebytek vzduchu a vydechovan\u00fd vzduch vytv\u00e1\u0159\u00ed p\u0159etlak. Filtra\u010dn\u011b-ventila\u010dn\u00ed jednotka v\u010detn\u011b filtr\u016f z\u016fst\u00e1v\u00e1 skryta uvnit\u0159 obleku. Spojen\u00ed<\/p>\n<p><a class=\"more-link\" href=\"https:\/\/www.clean-air.cz\/cs\/panoramate-lite\/\">Read More<\/a><\/p>\n","protected":false},"author":11,"featured_media":0,"parent":0,"menu_order":0,"comment_status":"closed","ping_status":"closed","template":"","meta":{"footnotes":""},"_links":{"self":[{"href":"https:\/\/www.clean-air.cz\/cs\/wp-json\/wp\/v2\/pages\/20922"}],"collection":[{"href":"https:\/\/www.clean-air.cz\/cs\/wp-json\/wp\/v2\/pages"}],"about":[{"href":"https:\/\/www.clean-air.cz\/cs\/wp-json\/wp\/v2\/types\/page"}],"author":[{"embeddable":true,"href":"https:\/\/www.clean-air.cz\/cs\/wp-json\/wp\/v2\/users\/11"}],"replies":[{"embeddable":true,"href":"https:\/\/www.clean-air.cz\/cs\/wp-json\/wp\/v2\/comments?post=20922"}],"version-history":[{"count":0,"href":"https:\/\/www.clean-air.cz\/cs\/wp-json\/wp\/v2\/pages\/20922\/revisions"}],"wp:attachment":[{"href":"https:\/\/www.clean-air.cz\/cs\/wp-json\/wp\/v2\/media?parent=20922"}],"curies":[{"name":"wp","href":"https:\/\/api.w.org\/{rel}","templated":true}]}}