{"id":17576,"date":"2022-12-20T13:42:51","date_gmt":"2022-12-20T12:42:51","guid":{"rendered":"https:\/\/www.clean-air.cz\/sety\/ready-2-weld-set-aertec-optomax-basic\/"},"modified":"2022-12-20T13:42:53","modified_gmt":"2022-12-20T12:42:53","slug":"ready-2-weld-set-aertec-optomax-basic","status":"publish","type":"page","link":"https:\/\/www.clean-air.cz\/cs\/sety\/ready-2-weld-set-aertec-optomax-basic\/","title":{"rendered":"Ready 2 Weld set AerTEC\u2122 OptoMax + Basic"},"content":{"rendered":"<p>[vc_row][vc_column width=&#8220;1\/2&#8243;][vc_gallery interval=&#8220;0&#8243; images=&#8220;9899&#8243; img_size=&#8220;large&#8220;][\/vc_column][vc_column width=&#8220;1\/2&#8243;][vc_column_text]<strong><span style=\"font-size: 14pt; color: #be0300;\">Za\u017eijte skv\u011bl\u00fd v\u00fdhled b\u011bhem sva\u0159ov\u00e1n\u00ed<\/span><\/strong><\/p>\n<p>Pln\u011b automatick\u00e9 nastaven\u00ed \u00farovn\u011b tmavosti pro jak\u00e9koli sva\u0159ov\u00e1n\u00ed v rozsahu 5-13. Pohled v p\u0159irozen\u00fdch barv\u00e1ch v cel\u00e9m rozsahu ochrany a ultra-HD kvalita ve t\u0159\u00edd\u00e1ch 1\/1\/1\/1. Integrovan\u00fd syst\u00e9m distribuce vzduchu dod\u00e1v\u00e1 vzduch p\u0159\u00edmo do d\u00fdchac\u00ed z\u00f3ny.[\/vc_column_text][\/vc_column][\/vc_row][vc_row][vc_column css=&#8220;.vc_custom_1591949571789{margin-top: -100px !important;}&#8220;][vc_column_text]<span style=\"font-size: 18pt;\">Co naleznete v krabici<\/span>[\/vc_column_text][\/vc_column][vc_column width=&#8220;1\/3&#8243;][vc_column_text]<strong><span style=\"font-size: 14pt; color: #be0300;\">AerTEC\u2122 OptoMAX Air<\/span><\/strong><\/p>\n<p>Sv\u00e1\u0159e\u010dsk\u00e1 kukla se samostm\u00edvac\u00ed sv\u00e1\u0159e\u010dskou kazetou a syst\u00e9mem rozvodu vzduchu.<\/p>\n<p style=\"text-align: center;\"><img loading=\"lazy\" decoding=\"async\" class=\"alignnone size-medium wp-image-7811\" src=\"https:\/\/www.clean-air.cz\/wp-content\/uploads\/2019\/11\/OptoMAX-iso-copy-237x300.jpg\" alt=\"\" width=\"237\" height=\"300\" \/><\/p>\n<p>[\/vc_column_text][vc_btn title=&#8220;Zobrazit produkt&#8220; shape=&#8220;square&#8220; color=&#8220;danger&#8220; align=&#8220;center&#8220; link=&#8220;url:https%3A%2F%2Fwww.clean-air.cz%2Fcs%2Fhlavove-dily%2Fsvareci-kukly%2Faertec-optomax%2F|title:Zobrazit%20produkt|&#8220;][\/vc_column][vc_column width=&#8220;1\/3&#8243;][vc_column_text]<strong><span style=\"font-size: 14pt; color: #be0300;\">CleanAIR<sup>\u00ae<\/sup> Basic<\/span><\/strong><\/p>\n<p>Filtra\u010dn\u011b-ventila\u010dn\u00ed jednotka s \u010d\u00e1sticov\u00fdm filtrem a Li-ion akumul\u00e1torem.<\/p>\n<p><img loading=\"lazy\" decoding=\"async\" class=\"size-medium wp-image-809 aligncenter\" src=\"https:\/\/www.clean-air.cz\/wp-content\/uploads\/2018\/06\/EVO_shadow-iso-copy-300x300.jpg\" alt=\"\" width=\"300\" height=\"300\" srcset=\"https:\/\/www.clean-air.cz\/wp-content\/uploads\/2018\/06\/EVO_shadow-iso-copy-300x300.jpg 300w, https:\/\/www.clean-air.cz\/wp-content\/uploads\/2018\/06\/EVO_shadow-iso-copy-150x150.jpg 150w, https:\/\/www.clean-air.cz\/wp-content\/uploads\/2018\/06\/EVO_shadow-iso-copy-768x768.jpg 768w, https:\/\/www.clean-air.cz\/wp-content\/uploads\/2018\/06\/EVO_shadow-iso-copy.jpg 800w, https:\/\/www.clean-air.cz\/wp-content\/uploads\/2018\/06\/EVO_shadow-iso-copy-250x250.jpg 250w\" sizes=\"(max-width: 300px) 100vw, 300px\" \/>[\/vc_column_text][vc_btn title=&#8220;Zobrazit produkt&#8220; shape=&#8220;square&#8220; color=&#8220;danger&#8220; align=&#8220;center&#8220; link=&#8220;url:https%3A%2F%2Fwww.clean-air.cz%2Fcs%2Fsystem-osobni-ochrany-dychacich-cest%2Fcleanair-basic%2F|title:Zobrazit%20produkt|&#8220;][\/vc_column][vc_column width=&#8220;1\/3&#8243;][vc_column_text]<span style=\"color: #be0300;\"><span style=\"font-size: 18.6667px;\"><b>P\u0159\u00edslu\u0161enstv\u00ed<\/b><\/span><\/span><\/p>\n<p>Hadice QuickLOCK\u2122, transportn\u00ed ta\u0161ka, nab\u00edje\u010dka, komfortn\u00ed opasek, MIG\/MAG rukavice.<\/p>\n<p><img loading=\"lazy\" decoding=\"async\" class=\"size-medium wp-image-9911 aligncenter\" src=\"https:\/\/www.clean-air.cz\/wp-content\/uploads\/2020\/06\/CleanAIR_duffel_bag_and_gloves-1-300x300.jpg\" alt=\"\" width=\"300\" height=\"300\" srcset=\"https:\/\/www.clean-air.cz\/wp-content\/uploads\/2020\/06\/CleanAIR_duffel_bag_and_gloves-1-300x300.jpg 300w, https:\/\/www.clean-air.cz\/wp-content\/uploads\/2020\/06\/CleanAIR_duffel_bag_and_gloves-1-150x150.jpg 150w, https:\/\/www.clean-air.cz\/wp-content\/uploads\/2020\/06\/CleanAIR_duffel_bag_and_gloves-1-768x768.jpg 768w, https:\/\/www.clean-air.cz\/wp-content\/uploads\/2020\/06\/CleanAIR_duffel_bag_and_gloves-1-250x250.jpg 250w, https:\/\/www.clean-air.cz\/wp-content\/uploads\/2020\/06\/CleanAIR_duffel_bag_and_gloves-1.jpg 800w\" sizes=\"(max-width: 300px) 100vw, 300px\" \/>[\/vc_column_text][\/vc_column][\/vc_row]<\/p>\n","protected":false},"excerpt":{"rendered":"<p>[vc_row][vc_column width=&#8220;1\/2&#8243;][vc_gallery interval=&#8220;0&#8243; images=&#8220;9899&#8243; img_size=&#8220;large&#8220;][\/vc_column][vc_column width=&#8220;1\/2&#8243;][vc_column_text]Za\u017eijte skv\u011bl\u00fd v\u00fdhled b\u011bhem sva\u0159ov\u00e1n\u00ed Pln\u011b automatick\u00e9 nastaven\u00ed \u00farovn\u011b tmavosti pro jak\u00e9koli sva\u0159ov\u00e1n\u00ed v rozsahu 5-13. Pohled v p\u0159irozen\u00fdch barv\u00e1ch v cel\u00e9m rozsahu ochrany a ultra-HD kvalita ve t\u0159\u00edd\u00e1ch 1\/1\/1\/1. Integrovan\u00fd syst\u00e9m distribuce vzduchu dod\u00e1v\u00e1 vzduch p\u0159\u00edmo do d\u00fdchac\u00ed z\u00f3ny.[\/vc_column_text][\/vc_column][\/vc_row][vc_row][vc_column css=&#8220;.vc_custom_1591949571789{margin-top: -100px !important;}&#8220;][vc_column_text]Co naleznete v krabici[\/vc_column_text][\/vc_column][vc_column width=&#8220;1\/3&#8243;][vc_column_text]AerTEC\u2122 OptoMAX Air Sv\u00e1\u0159e\u010dsk\u00e1 kukla se samostm\u00edvac\u00ed sv\u00e1\u0159e\u010dskou kazetou a syst\u00e9mem rozvodu vzduchu. [\/vc_column_text][vc_btn title=&#8220;Zobrazit produkt&#8220; shape=&#8220;square&#8220; color=&#8220;danger&#8220; align=&#8220;center&#8220;<\/p>\n<p><a class=\"more-link\" href=\"https:\/\/www.clean-air.cz\/cs\/sety\/ready-2-weld-set-aertec-optomax-basic\/\">Read More<\/a><\/p>\n","protected":false},"author":11,"featured_media":0,"parent":10122,"menu_order":0,"comment_status":"closed","ping_status":"closed","template":"","meta":{"footnotes":""},"_links":{"self":[{"href":"https:\/\/www.clean-air.cz\/cs\/wp-json\/wp\/v2\/pages\/17576"}],"collection":[{"href":"https:\/\/www.clean-air.cz\/cs\/wp-json\/wp\/v2\/pages"}],"about":[{"href":"https:\/\/www.clean-air.cz\/cs\/wp-json\/wp\/v2\/types\/page"}],"author":[{"embeddable":true,"href":"https:\/\/www.clean-air.cz\/cs\/wp-json\/wp\/v2\/users\/11"}],"replies":[{"embeddable":true,"href":"https:\/\/www.clean-air.cz\/cs\/wp-json\/wp\/v2\/comments?post=17576"}],"version-history":[{"count":0,"href":"https:\/\/www.clean-air.cz\/cs\/wp-json\/wp\/v2\/pages\/17576\/revisions"}],"up":[{"embeddable":true,"href":"https:\/\/www.clean-air.cz\/cs\/wp-json\/wp\/v2\/pages\/10122"}],"wp:attachment":[{"href":"https:\/\/www.clean-air.cz\/cs\/wp-json\/wp\/v2\/media?parent=17576"}],"curies":[{"name":"wp","href":"https:\/\/api.w.org\/{rel}","templated":true}]}}