{"id":15913,"date":"2022-04-25T14:34:18","date_gmt":"2022-04-25T12:34:18","guid":{"rendered":"https:\/\/www.clean-air.cz\/ready-2-work-sets\/ready-2-work-set-unimask-aergo\/"},"modified":"2023-01-31T19:43:40","modified_gmt":"2023-01-31T18:43:40","slug":"ready-2-work-set-unimask-aergo","status":"publish","type":"page","link":"https:\/\/www.clean-air.cz\/cs\/ready-2-work-sets\/ready-2-work-set-unimask-aergo\/","title":{"rendered":"Ready 2 Work set UniMask\u00ae &#038; AerGO\u00ae"},"content":{"rendered":"<p>[vc_row][vc_column width=&#8220;1\/2&#8243;][vc_gallery interval=&#8220;0&#8243; images=&#8220;15598&#8243; img_size=&#8220;large&#8220;][\/vc_column][vc_column width=&#8220;1\/2&#8243;][vc_column_text]<strong><span style=\"font-size: 14pt; color: #be0300;\">Nejsnaz\u0161\u00ed cesta k ochran\u011b d\u00fdchac\u00edch cest<\/span><\/strong><\/p>\n<p><strong>Ready 2 Work set obsahuje v\u0161e co pot\u0159ebujete pro pr\u00e1ci v praktick\u00e9m balen\u00ed.<\/strong><\/p>\n<p>Set obsahuje lehk\u00fd univerz\u00e1ln\u00ed \u0161t\u00edt UniMask se zlep\u0161enou regulac\u00ed vnit\u0159n\u00edho proud\u011bn\u00ed vzduchu a s hled\u00edm s vynikaj\u00edc\u00edmi optick\u00fdmi a mechanick\u00fdmi vlastnostmi, d\u00e1le na\u0161i nejuniverz\u00e1ln\u011bj\u0161\u00ed filtra\u010dn\u011b-ventila\u010dn\u00ed jednotku AerGO\u00ae\u00a0 s vestav\u011bn\u00fdm barometrick\u00fdm senzorem a ve\u0161ker\u00e9 nezbytn\u00e9 p\u0159\u00edslu\u0161enstv\u00ed. Cel\u00fd set je ulo\u017een v praktick\u00e9 transportn\u00ed ta\u0161ce CleanAIR.<\/p>\n<table style=\"border-collapse: collapse; width: 100%;\">\n<tbody>\n<tr>\n<td style=\"width: 50%; height: 26px;\"><span style=\"font-size: 10pt;\">Ready 2 Work set AerGO &amp; UniMask\u00ae (TORICK\u00dd ZORN\u00cdK)<\/span><\/td>\n<td style=\"width: 13.0053%; height: 26px;\"><span style=\"font-size: 10pt;\">300300.01<\/span><\/td>\n<\/tr>\n<tr style=\"height: 26px;\">\n<td style=\"width: 50%; height: 26px;\"><span style=\"font-size: 10pt;\">Ready 2 Work set AerGO &amp; UniMask\u00ae CR1 PC (V\u00c1LCOV\u00dd ZORN\u00cdK)<\/span><\/td>\n<td style=\"width: 13.0053%; height: 26px;\"><span style=\"font-size: 10pt;\">300300.11<\/span><\/td>\n<\/tr>\n<\/tbody>\n<\/table>\n<p>&nbsp;<br \/>\n[\/vc_column_text][\/vc_column][\/vc_row][vc_row][vc_column css=&#8220;.vc_custom_1591947369886{margin-top: -100px !important;}&#8220;][vc_column_text]<span style=\"font-size: 18pt;\">Co naleznete v balen\u00ed<\/span>[\/vc_column_text][\/vc_column][\/vc_row][vc_row][vc_column width=&#8220;1\/3&#8243;][vc_column_text css=&#8220;.vc_custom_1651129641651{margin-bottom: 30px !important;}&#8220;]<\/p>\n<h1 class=\"entry-title\"><span style=\"color: #993300; font-size: 14pt;\"><strong>CleanAIR<sup>\u00ae<\/sup> UniMask<\/strong><\/span><\/h1>\n<p>Lehk\u00fd univerz\u00e1ln\u00ed ochrann\u00fd \u0161t\u00edt poskytuj\u00edc\u00ed nejvy\u0161\u0161\u00ed pohodl\u00ed a bezpe\u010dnost.<\/p>\n<p><img loading=\"lazy\" decoding=\"async\" class=\"alignnone size-medium wp-image-10611\" style=\"font-size: 1rem;\" src=\"https:\/\/www.clean-air.cz\/wp-content\/uploads\/2020\/06\/UniMask-front-copy-947x1024-2-300x285.jpg\" alt=\"\" width=\"300\" height=\"285\" srcset=\"https:\/\/www.clean-air.cz\/wp-content\/uploads\/2020\/06\/UniMask-front-copy-947x1024-2-300x285.jpg 300w, https:\/\/www.clean-air.cz\/wp-content\/uploads\/2020\/06\/UniMask-front-copy-947x1024-2.jpg 662w\" sizes=\"(max-width: 300px) 100vw, 300px\" \/>[\/vc_column_text][vc_btn title=&#8220;Zobrazit produkt&#8220; shape=&#8220;square&#8220; color=&#8220;danger&#8220; align=&#8220;center&#8220; link=&#8220;url:https%3A%2F%2Fwww.clean-air.cz%2Fcs%2Fhlavove-dily%2Fochranne-prilby%2Funimask%2F|title:Zobrazit%20produkt|&#8220;][\/vc_column][vc_column width=&#8220;1\/3&#8243;][vc_column_text]<strong><span style=\"font-size: 14pt; color: #be0300;\">CleanAIR<sup>\u00ae<\/sup> AerGo <\/span><\/strong><\/p>\n<p>Filtra\u010dn\u011b-ventila\u010dn\u00ed jednotku s \u010d\u00e1sticov\u00fdmi filtry a Li-ion akumul\u00e1torem.<\/p>\n<p><img loading=\"lazy\" decoding=\"async\" class=\"alignnone size-medium wp-image-9928 aligncenter\" src=\"https:\/\/www.clean-air.cz\/wp-content\/uploads\/2020\/06\/CleanAIR_AerGO_PAPR_unit-300x300.jpg\" alt=\"CleanAIR AerGo respirator\" width=\"300\" height=\"300\" srcset=\"https:\/\/www.clean-air.cz\/wp-content\/uploads\/2020\/06\/CleanAIR_AerGO_PAPR_unit-300x300.jpg 300w, https:\/\/www.clean-air.cz\/wp-content\/uploads\/2020\/06\/CleanAIR_AerGO_PAPR_unit-150x150.jpg 150w, https:\/\/www.clean-air.cz\/wp-content\/uploads\/2020\/06\/CleanAIR_AerGO_PAPR_unit-768x768.jpg 768w, https:\/\/www.clean-air.cz\/wp-content\/uploads\/2020\/06\/CleanAIR_AerGO_PAPR_unit-250x250.jpg 250w, https:\/\/www.clean-air.cz\/wp-content\/uploads\/2020\/06\/CleanAIR_AerGO_PAPR_unit.jpg 800w\" sizes=\"(max-width: 300px) 100vw, 300px\" \/>[\/vc_column_text][vc_btn title=&#8220;Zobrazit produkt&#8220; shape=&#8220;square&#8220; color=&#8220;danger&#8220; align=&#8220;center&#8220; link=&#8220;url:https%3A%2F%2Fwww.clean-air.cz%2Fcs%2Fsystem-osobni-ochrany-dychacich-cest%2Fcleanair-aergo%2F|title:Zobrazit%20produkt|&#8220;][\/vc_column][vc_column width=&#8220;1\/3&#8243;][vc_column_text]<strong><span style=\"font-size: 14pt; color: #be0300;\">P\u0159\u00edslu\u0161enstv\u00ed <\/span><\/strong><\/p>\n<p>Hadici QuickLOCK\u2122, akumul\u00e1tor, nab\u00edje\u010dku, v\u0161e zabaleno v praktick\u00e9 transportn\u00ed ta\u0161ce CleanAIR\u00ae.<\/p>\n<p><img loading=\"lazy\" decoding=\"async\" class=\"alignnone size-medium wp-image-15530\" src=\"https:\/\/www.clean-air.cz\/wp-content\/uploads\/2022\/04\/CleanAIR_bag-iso-300x261.jpg\" alt=\"\" width=\"300\" height=\"261\" srcset=\"https:\/\/www.clean-air.cz\/wp-content\/uploads\/2022\/04\/CleanAIR_bag-iso-300x261.jpg 300w, https:\/\/www.clean-air.cz\/wp-content\/uploads\/2022\/04\/CleanAIR_bag-iso.jpg 624w\" sizes=\"(max-width: 300px) 100vw, 300px\" \/>[\/vc_column_text][\/vc_column][\/vc_row]<\/p>\n","protected":false},"excerpt":{"rendered":"<p>[vc_row][vc_column width=&#8220;1\/2&#8243;][vc_gallery interval=&#8220;0&#8243; images=&#8220;15598&#8243; img_size=&#8220;large&#8220;][\/vc_column][vc_column width=&#8220;1\/2&#8243;][vc_column_text]Nejsnaz\u0161\u00ed cesta k ochran\u011b d\u00fdchac\u00edch cest Ready 2 Work set obsahuje v\u0161e co pot\u0159ebujete pro pr\u00e1ci v praktick\u00e9m balen\u00ed. Set obsahuje lehk\u00fd univerz\u00e1ln\u00ed \u0161t\u00edt UniMask se zlep\u0161enou regulac\u00ed vnit\u0159n\u00edho proud\u011bn\u00ed vzduchu a s hled\u00edm s vynikaj\u00edc\u00edmi optick\u00fdmi a mechanick\u00fdmi vlastnostmi, d\u00e1le na\u0161i nejuniverz\u00e1ln\u011bj\u0161\u00ed filtra\u010dn\u011b-ventila\u010dn\u00ed jednotku AerGO\u00ae\u00a0 s vestav\u011bn\u00fdm barometrick\u00fdm senzorem a ve\u0161ker\u00e9 nezbytn\u00e9 p\u0159\u00edslu\u0161enstv\u00ed. Cel\u00fd set je ulo\u017een v praktick\u00e9 transportn\u00ed ta\u0161ce CleanAIR. Ready 2<\/p>\n<p><a class=\"more-link\" href=\"https:\/\/www.clean-air.cz\/cs\/ready-2-work-sets\/ready-2-work-set-unimask-aergo\/\">Read More<\/a><\/p>\n","protected":false},"author":11,"featured_media":0,"parent":15796,"menu_order":0,"comment_status":"closed","ping_status":"closed","template":"","meta":{"footnotes":""},"_links":{"self":[{"href":"https:\/\/www.clean-air.cz\/cs\/wp-json\/wp\/v2\/pages\/15913"}],"collection":[{"href":"https:\/\/www.clean-air.cz\/cs\/wp-json\/wp\/v2\/pages"}],"about":[{"href":"https:\/\/www.clean-air.cz\/cs\/wp-json\/wp\/v2\/types\/page"}],"author":[{"embeddable":true,"href":"https:\/\/www.clean-air.cz\/cs\/wp-json\/wp\/v2\/users\/11"}],"replies":[{"embeddable":true,"href":"https:\/\/www.clean-air.cz\/cs\/wp-json\/wp\/v2\/comments?post=15913"}],"version-history":[{"count":0,"href":"https:\/\/www.clean-air.cz\/cs\/wp-json\/wp\/v2\/pages\/15913\/revisions"}],"up":[{"embeddable":true,"href":"https:\/\/www.clean-air.cz\/cs\/wp-json\/wp\/v2\/pages\/15796"}],"wp:attachment":[{"href":"https:\/\/www.clean-air.cz\/cs\/wp-json\/wp\/v2\/media?parent=15913"}],"curies":[{"name":"wp","href":"https:\/\/api.w.org\/{rel}","templated":true}]}}