{"id":15909,"date":"2022-04-25T14:13:12","date_gmt":"2022-04-25T12:13:12","guid":{"rendered":"https:\/\/www.clean-air.cz\/ready-2-work-sets\/ready-2-work-set-omnira-air-basic\/"},"modified":"2022-04-25T14:13:14","modified_gmt":"2022-04-25T12:13:14","slug":"ready-2-work-set-omnira-air-basic","status":"publish","type":"page","link":"https:\/\/www.clean-air.cz\/cs\/ready-2-work-sets\/ready-2-work-set-omnira-air-basic\/","title":{"rendered":"Ready 2 Work set Omnira air &#038; Basic"},"content":{"rendered":"<p>[vc_row][vc_column width=&#8220;1\/2&#8243;][vc_gallery interval=&#8220;0&#8243; images=&#8220;15589&#8243; img_size=&#8220;large&#8220;][\/vc_column][vc_column width=&#8220;1\/2&#8243;][vc_column_text]<strong><span style=\"font-size: 14pt; color: #be0300;\">O<\/span><\/strong><\/p>\n<p><strong>Jedno \u0159e\u0161en\u00ed pro mnoho aplikac\u00ed<\/strong><\/p>\n<p>Ready 2 Work set obsahuje v\u0161e co pot\u0159ebujete pro pr\u00e1ci v praktick\u00e9m balen\u00ed.<\/p>\n<p>Set obsahuje brusn\u00fd \u0161t\u00edt Omnira air s inovativn\u00edm integrovan\u00fdm rozvodem vzduchu, poskytuj\u00edc\u00ed nejvy\u0161\u0161\u00ed ochranu d\u00fdchac\u00edch cest, \u00a0na\u0161i spolehliv\u011b prov\u011b\u0159enou filtra\u010dn\u011b-ventila\u010dn\u00ed jednotku Basic a ve\u0161ker\u00e9 nezbytn\u00e9 p\u0159\u00edslu\u0161enstv\u00ed. Cel\u00fd set je ulo\u017een v praktick\u00e9 transportn\u00ed ta\u0161ce CleanAIR.[\/vc_column_text][\/vc_column][\/vc_row][vc_row][vc_column css=&#8220;.vc_custom_1591947369886{margin-top: -100px !important;}&#8220;][vc_column_text]<span style=\"font-size: 18pt;\">Co naleznete v balen\u00ed<\/span>[\/vc_column_text][\/vc_column][\/vc_row][vc_row][vc_column width=&#8220;1\/3&#8243;][vc_column_text css=&#8220;.vc_custom_1649320132145{margin-bottom: 30px !important;}&#8220;]<\/p>\n<h1 class=\"entry-title\"><span style=\"color: #993300; font-size: 14pt;\"><strong>CleanAIR<sup>\u00ae<\/sup> Omnira air<\/strong><\/span><\/h1>\n<p>Brusn\u00fd \u0161t\u00edt Omnira air s inovativn\u00edm integrovan\u00fdm rozvodem vzduchu, poskytuj\u00edc\u00ed nejvy\u0161\u0161\u00ed ochranu d\u00fdchac\u00edch cest, o\u010d\u00ed a cel\u00e9ho obli\u010deje.<\/p>\n<p><img loading=\"lazy\" decoding=\"async\" class=\"alignnone size-medium wp-image-14999\" src=\"https:\/\/www.clean-air.cz\/wp-content\/uploads\/2022\/02\/Omnira-iso-1-300x300.jpg\" alt=\"\" width=\"300\" height=\"300\" srcset=\"https:\/\/www.clean-air.cz\/wp-content\/uploads\/2022\/02\/Omnira-iso-1-300x300.jpg 300w, https:\/\/www.clean-air.cz\/wp-content\/uploads\/2022\/02\/Omnira-iso-1-1024x1024.jpg 1024w, https:\/\/www.clean-air.cz\/wp-content\/uploads\/2022\/02\/Omnira-iso-1-150x150.jpg 150w, https:\/\/www.clean-air.cz\/wp-content\/uploads\/2022\/02\/Omnira-iso-1-768x768.jpg 768w, https:\/\/www.clean-air.cz\/wp-content\/uploads\/2022\/02\/Omnira-iso-1-1536x1536.jpg 1536w, https:\/\/www.clean-air.cz\/wp-content\/uploads\/2022\/02\/Omnira-iso-1-800x800.jpg 800w, https:\/\/www.clean-air.cz\/wp-content\/uploads\/2022\/02\/Omnira-iso-1-250x250.jpg 250w, https:\/\/www.clean-air.cz\/wp-content\/uploads\/2022\/02\/Omnira-iso-1.jpg 1600w\" sizes=\"(max-width: 300px) 100vw, 300px\" \/>[\/vc_column_text][vc_btn title=&#8220;Zobrazit produkt&#8220; shape=&#8220;square&#8220; color=&#8220;danger&#8220; align=&#8220;left&#8220; link=&#8220;url:https%3A%2F%2Fwww.clean-air.cz%2Fcs%2Fhlavove-dily%2Fbrusne-stity%2Faertec-seemax%2F|title:Zobrazit%20produkt|&#8220;][\/vc_column][vc_column width=&#8220;1\/3&#8243;][vc_column_text]<strong><span style=\"font-size: 14pt; color: #be0300;\">CleanAIR<sup>\u00ae<\/sup> Basic<\/span><\/strong><\/p>\n<p>Filtra\u010dn\u011b-ventila\u010dn\u00ed jednotku s \u010d\u00e1sticov\u00fdmi filtry a Li-ion akumul\u00e1torem.<\/p>\n<p><img loading=\"lazy\" decoding=\"async\" class=\"alignnone size-medium wp-image-10774\" src=\"https:\/\/www.clean-air.cz\/wp-content\/uploads\/2020\/06\/Basic_without_belt-iso-copy-300x262.jpg\" alt=\"\" width=\"300\" height=\"262\" srcset=\"https:\/\/www.clean-air.cz\/wp-content\/uploads\/2020\/06\/Basic_without_belt-iso-copy-300x262.jpg 300w, https:\/\/www.clean-air.cz\/wp-content\/uploads\/2020\/06\/Basic_without_belt-iso-copy.jpg 595w\" sizes=\"(max-width: 300px) 100vw, 300px\" \/>[\/vc_column_text][vc_btn title=&#8220;Zobrazit produkt&#8220; shape=&#8220;square&#8220; color=&#8220;danger&#8220; align=&#8220;center&#8220; link=&#8220;url:https%3A%2F%2Fwww.clean-air.cz%2Fcs%2Fsystem-osobni-ochrany-dychacich-cest%2Fcleanair-aergo%2F|title:Zobrazit%20produkt|&#8220;][\/vc_column][vc_column width=&#8220;1\/3&#8243;][vc_column_text]<strong><span style=\"font-size: 14pt; color: #be0300;\">P\u0159\u00edslu\u0161enstv\u00ed<\/span><\/strong><\/p>\n<p>Hadici QuickLOCK\u2122, akumul\u00e1tor, nab\u00edje\u010dku, v\u0161e zabaleno v praktick\u00e9 transportn\u00ed ta\u0161ce CleanAIR\u00ae.<\/p>\n<p><img loading=\"lazy\" decoding=\"async\" class=\"alignnone size-medium wp-image-15530\" src=\"https:\/\/www.clean-air.cz\/wp-content\/uploads\/2022\/04\/CleanAIR_bag-iso-300x261.jpg\" alt=\"\" width=\"300\" height=\"261\" srcset=\"https:\/\/www.clean-air.cz\/wp-content\/uploads\/2022\/04\/CleanAIR_bag-iso-300x261.jpg 300w, https:\/\/www.clean-air.cz\/wp-content\/uploads\/2022\/04\/CleanAIR_bag-iso.jpg 624w\" sizes=\"(max-width: 300px) 100vw, 300px\" \/>[\/vc_column_text][\/vc_column][\/vc_row]<\/p>\n","protected":false},"excerpt":{"rendered":"<p>[vc_row][vc_column width=&#8220;1\/2&#8243;][vc_gallery interval=&#8220;0&#8243; images=&#8220;15589&#8243; img_size=&#8220;large&#8220;][\/vc_column][vc_column width=&#8220;1\/2&#8243;][vc_column_text]O Jedno \u0159e\u0161en\u00ed pro mnoho aplikac\u00ed Ready 2 Work set obsahuje v\u0161e co pot\u0159ebujete pro pr\u00e1ci v praktick\u00e9m balen\u00ed. Set obsahuje brusn\u00fd \u0161t\u00edt Omnira air s inovativn\u00edm integrovan\u00fdm rozvodem vzduchu, poskytuj\u00edc\u00ed nejvy\u0161\u0161\u00ed ochranu d\u00fdchac\u00edch cest, \u00a0na\u0161i spolehliv\u011b prov\u011b\u0159enou filtra\u010dn\u011b-ventila\u010dn\u00ed jednotku Basic a ve\u0161ker\u00e9 nezbytn\u00e9 p\u0159\u00edslu\u0161enstv\u00ed. Cel\u00fd set je ulo\u017een v praktick\u00e9 transportn\u00ed ta\u0161ce CleanAIR.[\/vc_column_text][\/vc_column][\/vc_row][vc_row][vc_column css=&#8220;.vc_custom_1591947369886{margin-top: -100px !important;}&#8220;][vc_column_text]Co naleznete v balen\u00ed[\/vc_column_text][\/vc_column][\/vc_row][vc_row][vc_column width=&#8220;1\/3&#8243;][vc_column_text css=&#8220;.vc_custom_1649320132145{margin-bottom: 30px !important;}&#8220;] CleanAIR\u00ae<\/p>\n<p><a class=\"more-link\" href=\"https:\/\/www.clean-air.cz\/cs\/ready-2-work-sets\/ready-2-work-set-omnira-air-basic\/\">Read More<\/a><\/p>\n","protected":false},"author":11,"featured_media":0,"parent":15796,"menu_order":0,"comment_status":"closed","ping_status":"closed","template":"","meta":{"footnotes":""},"_links":{"self":[{"href":"https:\/\/www.clean-air.cz\/cs\/wp-json\/wp\/v2\/pages\/15909"}],"collection":[{"href":"https:\/\/www.clean-air.cz\/cs\/wp-json\/wp\/v2\/pages"}],"about":[{"href":"https:\/\/www.clean-air.cz\/cs\/wp-json\/wp\/v2\/types\/page"}],"author":[{"embeddable":true,"href":"https:\/\/www.clean-air.cz\/cs\/wp-json\/wp\/v2\/users\/11"}],"replies":[{"embeddable":true,"href":"https:\/\/www.clean-air.cz\/cs\/wp-json\/wp\/v2\/comments?post=15909"}],"version-history":[{"count":0,"href":"https:\/\/www.clean-air.cz\/cs\/wp-json\/wp\/v2\/pages\/15909\/revisions"}],"up":[{"embeddable":true,"href":"https:\/\/www.clean-air.cz\/cs\/wp-json\/wp\/v2\/pages\/15796"}],"wp:attachment":[{"href":"https:\/\/www.clean-air.cz\/cs\/wp-json\/wp\/v2\/media?parent=15909"}],"curies":[{"name":"wp","href":"https:\/\/api.w.org\/{rel}","templated":true}]}}